{"id":337483,"date":"2022-06-28T12:44:19","date_gmt":"2022-06-28T11:44:19","guid":{"rendered":"https:\/\/www.purejewels.com\/?post_type=product&#038;p=337483"},"modified":"2026-03-31T09:56:05","modified_gmt":"2026-03-31T08:56:05","slug":"22kt-gold-antik-finish-anhanger","status":"publish","type":"product","link":"https:\/\/www.purejewels.com\/de\/product\/22kt-gold-antique-finish-pendant\/","title":{"rendered":"22ct Gold Verschlungene Floral Antike Anh\u00e4nger Halskette"},"content":{"rendered":"<p><strong>Designkonzept<\/strong><\/p>\n<p>Inspiriert von der Sch\u00f6nheit der Natur und dem Reichtum traditioneller Handwerkskunst, steht im Mittelpunkt dieser Anh\u00e4nger-Halskette ein mehrschichtiges Blumenmotiv, das Wachstum, Anmut und zeitlose Weiblichkeit symbolisiert. Die filigrane Anordnung der Bl\u00fctenbl\u00e4tter sorgt f\u00fcr Tiefe und Bewegung, w\u00e4hrend das Antik-Finish den Vintage-Charakter unterstreicht und an den Charme von Schmuckst\u00fccken erinnert, die \u00fcber Generationen hinweg weitergegeben wurden. Das Design verbindet Geschichten und Symbolik und macht es nicht nur zu einem Schmuckst\u00fcck, sondern zu einem bedeutungsvollen Ausdruck des Erbes.<\/p>\n<p><strong>Handwerkliches K\u00f6nnen<\/strong><\/p>\n<p>Dieser fachm\u00e4nnisch aus strahlendem 22-kar\u00e4tigem Gold gefertigte Anh\u00e4nger spiegelt das Engagement von PureJewels f\u00fcr die Bewahrung traditioneller Techniken wider. Jedes Bl\u00fctenblatt ist sorgf\u00e4ltig mit feinen Details modelliert, wodurch ein strukturierter, dimensionaler Effekt entsteht, der das Licht wunderbar einf\u00e4ngt und streut. Das Antik-Finish wurde sorgf\u00e4ltig aufgetragen, um die komplizierten Muster zu betonen und ihnen Tiefe und eine weiche, gealterte Eleganz zu verleihen. Zusammen mit einer filigranen Kette ist die Leuchte auf Langlebigkeit und Komfort ausgelegt, damit sie so best\u00e4ndig bleibt wie ihr Design.<\/p>\n<p><strong>Styling-Ideen<\/strong><\/p>\n<p>Dieser auff\u00e4llige Anh\u00e4nger eignet sich ideal f\u00fcr festliche Anl\u00e4sse, Hochzeiten und kulturelle Feiern, bei denen seine filigranen Details besonders gut zur Geltung kommen. Sie kann als alleinstehendes Herzst\u00fcck zu traditioneller Kleidung getragen werden oder mit erg\u00e4nzenden Goldschmuckst\u00fccken kombiniert werden. <a href=\"https:\/\/www.purejewels.com\/de\/product-category\/22ct-gold-jewellery\/gold-chains\/\">Ketten<\/a> f\u00fcr einen modernen, gestylten Look. Kombinieren Sie es mit passenden Blumenohrringen oder Armreifen, um ein stimmiges Ensemble zu kreieren, oder lassen Sie es als Einzelst\u00fcck stehen, das Individualit\u00e4t und zeitlose Eleganz widerspiegelt.<\/p>","protected":false},"excerpt":{"rendered":"<p>Diese florale Halskette aus 22-kar\u00e4tigem Gold ist ein Statement f\u00fcr die Eleganz des Erbes. Sie zeichnet sich durch komplizierte Details und ein antikes Finish aus, das zeitlose Sch\u00f6nheit und Kunstfertigkeit einf\u00e4ngt.<\/p>\n<ul>\n<li>Metall, 22ct Gold (92,6% reines Gold)<\/li>\n<li>Gewicht. 7.73 gms<\/li>\n<li>SKU. 54919<\/li>\n<li>Kette ist nicht im Preis enthalten<\/li>\n<li>Alle unsere Produkte sind vom London Assay Office gestempelt.<\/li>\n<li>Alle unsere Gold-Anh\u00e4nger kommt mit Geschenk-Box<\/li>\n<li>Lieferung inbegriffen<\/li>\n<li>Kontaktieren Sie uns \/ chatten Sie mit uns, um unsere Kollektion von indischen Goldanh\u00e4ngern zu sehen<\/li>\n<\/ul>","protected":false},"featured_media":337484,"comment_status":"closed","ping_status":"closed","template":"","meta":{"_eb_attr":"","_crsspst_to_jayantr4sg-hostcom":false},"product_brand":[],"product_cat":[1791,1559,1770,1229,1255,1767,1656,1573,1574],"product_tag":[],"class_list":{"0":"post-337483","1":"product","2":"type-product","3":"status-publish","4":"has-post-thumbnail","6":"product_cat-anniversary-gifts","7":"product_cat-birthday-gifts","8":"product_cat-fancy-pendants","9":"product_cat-22ct-gold-jewellery","10":"product_cat-gold-pendants","11":"product_cat-ladies-pendants","12":"product_cat-rosettes-collections","13":"product_cat-wedding-gifts","14":"product_cat-womens-jewellery","16":"first","17":"instock","18":"taxable","19":"shipping-taxable","20":"purchasable","21":"product-type-simple","22":"add-to-wishlist-before_image"},"yoast_head":"<!-- This site is optimized with the Yoast SEO plugin v27.3 - https:\/\/yoast.com\/product\/yoast-seo-wordpress\/ -->\n<title>22ct Gold Intricate Antique Pendant Necklace | Traditional Jewellery<\/title>\n<meta name=\"description\" content=\"Discover a 22ct gold intricate floral pendant necklace with antique detailing. A handcrafted statement piece inspired by heritage design, perfect for special occasions.\" \/>\n<meta name=\"robots\" content=\"index, follow, max-snippet:-1, max-image-preview:large, max-video-preview:-1\" \/>\n<link rel=\"canonical\" href=\"https:\/\/www.purejewels.com\/de\/produkt-2\/22kt-gold-antik-finish-anhanger\/\" \/>\n<meta property=\"og:locale\" content=\"de_DE\" \/>\n<meta property=\"og:type\" content=\"article\" \/>\n<meta property=\"og:title\" content=\"22ct Gold Intricate Antique Pendant Necklace | Traditional Jewellery\" \/>\n<meta property=\"og:description\" content=\"Discover a 22ct gold intricate floral pendant necklace with antique detailing. A handcrafted statement piece inspired by heritage design, perfect for special occasions.\" \/>\n<meta property=\"og:url\" content=\"https:\/\/www.purejewels.com\/de\/produkt-2\/22kt-gold-antik-finish-anhanger\/\" \/>\n<meta property=\"og:site_name\" content=\"PureJewels UK\" \/>\n<meta property=\"article:modified_time\" content=\"2026-03-31T08:56:05+00:00\" \/>\n<meta property=\"og:image\" content=\"https:\/\/static.purejewels.com\/wp-content\/uploads\/2022\/06\/33701-768x768-1.jpg\" \/>\n\t<meta property=\"og:image:width\" content=\"768\" \/>\n\t<meta property=\"og:image:height\" content=\"768\" \/>\n\t<meta property=\"og:image:type\" content=\"image\/jpeg\" \/>\n<meta name=\"twitter:card\" content=\"summary_large_image\" \/>\n<meta name=\"twitter:label1\" content=\"Gesch\u00e4tzte Lesezeit\" \/>\n\t<meta name=\"twitter:data1\" content=\"2\u00a0Minuten\" \/>\n<script type=\"application\/ld+json\" class=\"yoast-schema-graph\">{\"@context\":\"https:\\\/\\\/schema.org\",\"@graph\":[{\"@type\":[\"WebPage\",\"ItemPage\"],\"@id\":\"https:\\\/\\\/www.purejewels.com\\\/product\\\/22kt-gold-antique-finish-pendant\\\/\",\"url\":\"https:\\\/\\\/www.purejewels.com\\\/product\\\/22kt-gold-antique-finish-pendant\\\/\",\"name\":\"22ct Gold Intricate Antique Pendant Necklace | Traditional Jewellery\",\"isPartOf\":{\"@id\":\"https:\\\/\\\/www.purejewels.com\\\/#website\"},\"primaryImageOfPage\":{\"@id\":\"https:\\\/\\\/www.purejewels.com\\\/product\\\/22kt-gold-antique-finish-pendant\\\/#primaryimage\"},\"image\":{\"@id\":\"https:\\\/\\\/www.purejewels.com\\\/product\\\/22kt-gold-antique-finish-pendant\\\/#primaryimage\"},\"thumbnailUrl\":\"https:\\\/\\\/static.purejewels.com\\\/wp-content\\\/uploads\\\/2022\\\/06\\\/33701-768x768-1.jpg\",\"datePublished\":\"2022-06-28T11:44:19+00:00\",\"dateModified\":\"2026-03-31T08:56:05+00:00\",\"description\":\"Discover a 22ct gold intricate floral pendant necklace with antique detailing. A handcrafted statement piece inspired by heritage design, perfect for special occasions.\",\"breadcrumb\":{\"@id\":\"https:\\\/\\\/www.purejewels.com\\\/product\\\/22kt-gold-antique-finish-pendant\\\/#breadcrumb\"},\"inLanguage\":\"de\",\"potentialAction\":[{\"@type\":\"ReadAction\",\"target\":[\"https:\\\/\\\/www.purejewels.com\\\/product\\\/22kt-gold-antique-finish-pendant\\\/\"]}]},{\"@type\":\"ImageObject\",\"inLanguage\":\"de\",\"@id\":\"https:\\\/\\\/www.purejewels.com\\\/product\\\/22kt-gold-antique-finish-pendant\\\/#primaryimage\",\"url\":\"https:\\\/\\\/static.purejewels.com\\\/wp-content\\\/uploads\\\/2022\\\/06\\\/33701-768x768-1.jpg\",\"contentUrl\":\"https:\\\/\\\/static.purejewels.com\\\/wp-content\\\/uploads\\\/2022\\\/06\\\/33701-768x768-1.jpg\",\"width\":768,\"height\":768},{\"@type\":\"BreadcrumbList\",\"@id\":\"https:\\\/\\\/www.purejewels.com\\\/product\\\/22kt-gold-antique-finish-pendant\\\/#breadcrumb\",\"itemListElement\":[{\"@type\":\"ListItem\",\"position\":1,\"name\":\"Home\",\"item\":\"https:\\\/\\\/www.purejewels.com\\\/\"},{\"@type\":\"ListItem\",\"position\":2,\"name\":\"Shop\",\"item\":\"https:\\\/\\\/www.purejewels.com\\\/shop\\\/\"},{\"@type\":\"ListItem\",\"position\":3,\"name\":\"22ct Gold Intricate Floral Antique Pendant Necklace\"}]},{\"@type\":\"WebSite\",\"@id\":\"https:\\\/\\\/www.purejewels.com\\\/#website\",\"url\":\"https:\\\/\\\/www.purejewels.com\\\/\",\"name\":\"PureJewels UK\",\"description\":\"Share the Love\",\"publisher\":{\"@id\":\"https:\\\/\\\/www.purejewels.com\\\/#organization\"},\"potentialAction\":[{\"@type\":\"SearchAction\",\"target\":{\"@type\":\"EntryPoint\",\"urlTemplate\":\"https:\\\/\\\/www.purejewels.com\\\/?s={search_term_string}\"},\"query-input\":{\"@type\":\"PropertyValueSpecification\",\"valueRequired\":true,\"valueName\":\"search_term_string\"}}],\"inLanguage\":\"de\"},{\"@type\":\"Organization\",\"@id\":\"https:\\\/\\\/www.purejewels.com\\\/#organization\",\"name\":\"PureJewels UK\",\"url\":\"https:\\\/\\\/www.purejewels.com\\\/\",\"logo\":{\"@type\":\"ImageObject\",\"inLanguage\":\"de\",\"@id\":\"https:\\\/\\\/www.purejewels.com\\\/#\\\/schema\\\/logo\\\/image\\\/\",\"url\":\"https:\\\/\\\/static.purejewels.com\\\/wp-content\\\/uploads\\\/2020\\\/11\\\/Logo-PJ-New-1.png\",\"contentUrl\":\"https:\\\/\\\/static.purejewels.com\\\/wp-content\\\/uploads\\\/2020\\\/11\\\/Logo-PJ-New-1.png\",\"width\":150,\"height\":80,\"caption\":\"PureJewels UK\"},\"image\":{\"@id\":\"https:\\\/\\\/www.purejewels.com\\\/#\\\/schema\\\/logo\\\/image\\\/\"}}]}<\/script>\n<!-- \/ Yoast SEO plugin. -->","yoast_head_json":{"title":"22ct Gold Verwickelte Antike Anh\u00e4nger Halskette | Traditioneller Schmuck","description":"Entdecken Sie eine verschlungene, florale Halskette aus 22 Karat Gold mit antiken Details. Ein handgefertigtes Statement-St\u00fcck, inspiriert von traditionellem Design, perfekt f\u00fcr besondere Anl\u00e4sse.","robots":{"index":"index","follow":"follow","max-snippet":"max-snippet:-1","max-image-preview":"max-image-preview:large","max-video-preview":"max-video-preview:-1"},"canonical":"https:\/\/www.purejewels.com\/de\/produkt-2\/22kt-gold-antik-finish-anhanger\/","og_locale":"de_DE","og_type":"article","og_title":"22ct Gold Intricate Antique Pendant Necklace | Traditional Jewellery","og_description":"Discover a 22ct gold intricate floral pendant necklace with antique detailing. A handcrafted statement piece inspired by heritage design, perfect for special occasions.","og_url":"https:\/\/www.purejewels.com\/de\/produkt-2\/22kt-gold-antik-finish-anhanger\/","og_site_name":"PureJewels UK","article_modified_time":"2026-03-31T08:56:05+00:00","og_image":[{"width":768,"height":768,"url":"https:\/\/static.purejewels.com\/wp-content\/uploads\/2022\/06\/33701-768x768-1.jpg","type":"image\/jpeg"}],"twitter_card":"summary_large_image","twitter_misc":{"Gesch\u00e4tzte Lesezeit":"2\u00a0Minuten"},"schema":{"@context":"https:\/\/schema.org","@graph":[{"@type":["WebPage","ItemPage"],"@id":"https:\/\/www.purejewels.com\/product\/22kt-gold-antique-finish-pendant\/","url":"https:\/\/www.purejewels.com\/product\/22kt-gold-antique-finish-pendant\/","name":"22ct Gold Verwickelte Antike Anh\u00e4nger Halskette | Traditioneller Schmuck","isPartOf":{"@id":"https:\/\/www.purejewels.com\/#website"},"primaryImageOfPage":{"@id":"https:\/\/www.purejewels.com\/product\/22kt-gold-antique-finish-pendant\/#primaryimage"},"image":{"@id":"https:\/\/www.purejewels.com\/product\/22kt-gold-antique-finish-pendant\/#primaryimage"},"thumbnailUrl":"https:\/\/static.purejewels.com\/wp-content\/uploads\/2022\/06\/33701-768x768-1.jpg","datePublished":"2022-06-28T11:44:19+00:00","dateModified":"2026-03-31T08:56:05+00:00","description":"Entdecken Sie eine verschlungene, florale Halskette aus 22 Karat Gold mit antiken Details. Ein handgefertigtes Statement-St\u00fcck, inspiriert von traditionellem Design, perfekt f\u00fcr besondere Anl\u00e4sse.","breadcrumb":{"@id":"https:\/\/www.purejewels.com\/product\/22kt-gold-antique-finish-pendant\/#breadcrumb"},"inLanguage":"de","potentialAction":[{"@type":"ReadAction","target":["https:\/\/www.purejewels.com\/product\/22kt-gold-antique-finish-pendant\/"]}]},{"@type":"ImageObject","inLanguage":"de","@id":"https:\/\/www.purejewels.com\/product\/22kt-gold-antique-finish-pendant\/#primaryimage","url":"https:\/\/static.purejewels.com\/wp-content\/uploads\/2022\/06\/33701-768x768-1.jpg","contentUrl":"https:\/\/static.purejewels.com\/wp-content\/uploads\/2022\/06\/33701-768x768-1.jpg","width":768,"height":768},{"@type":"BreadcrumbList","@id":"https:\/\/www.purejewels.com\/product\/22kt-gold-antique-finish-pendant\/#breadcrumb","itemListElement":[{"@type":"ListItem","position":1,"name":"Home","item":"https:\/\/www.purejewels.com\/"},{"@type":"ListItem","position":2,"name":"Shop","item":"https:\/\/www.purejewels.com\/shop\/"},{"@type":"ListItem","position":3,"name":"22ct Gold Intricate Floral Antique Pendant Necklace"}]},{"@type":"WebSite","@id":"https:\/\/www.purejewels.com\/#website","url":"https:\/\/www.purejewels.com\/","name":"PureJewels UK","description":"Teile die Liebe","publisher":{"@id":"https:\/\/www.purejewels.com\/#organization"},"potentialAction":[{"@type":"SearchAction","target":{"@type":"EntryPoint","urlTemplate":"https:\/\/www.purejewels.com\/?s={search_term_string}"},"query-input":{"@type":"PropertyValueSpecification","valueRequired":true,"valueName":"search_term_string"}}],"inLanguage":"de"},{"@type":"Organization","@id":"https:\/\/www.purejewels.com\/#organization","name":"PureJewels UK","url":"https:\/\/www.purejewels.com\/","logo":{"@type":"ImageObject","inLanguage":"de","@id":"https:\/\/www.purejewels.com\/#\/schema\/logo\/image\/","url":"https:\/\/static.purejewels.com\/wp-content\/uploads\/2020\/11\/Logo-PJ-New-1.png","contentUrl":"https:\/\/static.purejewels.com\/wp-content\/uploads\/2020\/11\/Logo-PJ-New-1.png","width":150,"height":80,"caption":"PureJewels UK"},"image":{"@id":"https:\/\/www.purejewels.com\/#\/schema\/logo\/image\/"}}]}},"_links":{"self":[{"href":"https:\/\/www.purejewels.com\/de\/wp-json\/wp\/v2\/product\/337483","targetHints":{"allow":["GET"]}}],"collection":[{"href":"https:\/\/www.purejewels.com\/de\/wp-json\/wp\/v2\/product"}],"about":[{"href":"https:\/\/www.purejewels.com\/de\/wp-json\/wp\/v2\/types\/product"}],"replies":[{"embeddable":true,"href":"https:\/\/www.purejewels.com\/de\/wp-json\/wp\/v2\/comments?post=337483"}],"version-history":[{"count":3,"href":"https:\/\/www.purejewels.com\/de\/wp-json\/wp\/v2\/product\/337483\/revisions"}],"predecessor-version":[{"id":427905,"href":"https:\/\/www.purejewels.com\/de\/wp-json\/wp\/v2\/product\/337483\/revisions\/427905"}],"wp:featuredmedia":[{"embeddable":true,"href":"https:\/\/www.purejewels.com\/de\/wp-json\/wp\/v2\/media\/337484"}],"wp:attachment":[{"href":"https:\/\/www.purejewels.com\/de\/wp-json\/wp\/v2\/media?parent=337483"}],"wp:term":[{"taxonomy":"product_brand","embeddable":true,"href":"https:\/\/www.purejewels.com\/de\/wp-json\/wp\/v2\/product_brand?post=337483"},{"taxonomy":"product_cat","embeddable":true,"href":"https:\/\/www.purejewels.com\/de\/wp-json\/wp\/v2\/product_cat?post=337483"},{"taxonomy":"product_tag","embeddable":true,"href":"https:\/\/www.purejewels.com\/de\/wp-json\/wp\/v2\/product_tag?post=337483"}],"curies":[{"name":"wp","href":"https:\/\/api.w.org\/{rel}","templated":true}]}}