{"id":337533,"date":"2022-06-27T05:37:41","date_gmt":"2022-06-27T04:37:41","guid":{"rendered":"https:\/\/www.purejewels.com\/?post_type=product&#038;p=337533"},"modified":"2026-01-10T16:14:53","modified_gmt":"2026-01-10T16:14:53","slug":"22kt-echtes-gold-verziert-kada-42946","status":"publish","type":"product","link":"https:\/\/www.purejewels.com\/de\/product\/22kt-real-gold-ornate-kada-42946\/","title":{"rendered":"22kt Echtgold Ornate Kada | Jali Sammlung | 2.4"},"content":{"rendered":"<p><span data-sheets-root=\"1\">G\u00f6nnen Sie sich die luxuri\u00f6se Sch\u00f6nheit dieser verschn\u00f6rkelten Kada aus 22kt Echtgold aus unserer Jali Kollektion. Dieses exquisite St\u00fcck wurde f\u00fcr die moderne Frau entworfen, die die zeitlose Eleganz von Echtgoldschmuck zu sch\u00e4tzen wei\u00df. Die filigrane Arbeit auf dieser Kada verleiht einen Hauch von Raffinesse und Charme und macht sie zum perfekten Accessoire f\u00fcr besondere Anl\u00e4sse oder den Alltag.<\/p>\n<p>Diese mit Pr\u00e4zision und Liebe zum Detail gefertigte, schwergewichtige Kada ist ein echtes Statement, das jedes Outfit aufwertet. Das f\u00fcr diesen Armreif verwendete 22-kar\u00e4tige Gold ist vom London Assay Office gepunzt, was seine Echtheit und Qualit\u00e4t garantiert.<\/p>\n<p>Ganz gleich, ob Sie auf der Suche nach einem Brautschmuck oder einem Geschenk f\u00fcr eine geliebte Person sind, dieser verschn\u00f6rkelte Armreif wird Sie sicher beeindrucken. Jeder Armreif wird in einer Pr\u00e4sentationsschachtel geliefert und kann so verschenkt oder aufbewahrt werden.<\/p>\n<p>Verpassen Sie nicht die Gelegenheit, mit unserer verzierten Kada aus echtem Gold ein St\u00fcck Luxus zu besitzen. Bestellen Sie jetzt und genie\u00dfen Sie kostenlose Lieferung, sichere Online-Zahlungen und eine 30-Tage-Geld-zur\u00fcck-Garantie.<\/span><\/p>","protected":false},"excerpt":{"rendered":"<table class=\"sh_desc\">\n<tbody>\n<tr>\n<td>Art des Armreifs<\/td>\n<td>Brautmode Kada<\/td>\n<\/tr>\n<tr>\n<td>SKU<\/td>\n<td>42946<\/td>\n<\/tr>\n<tr>\n<td>Gewicht<\/td>\n<td>23,7 Gms<\/td>\n<\/tr>\n<tr>\n<td>Metall<\/td>\n<td>22ct Gold<\/td>\n<\/tr>\n<tr>\n<td>Armreif Gr\u00f6\u00dfe<\/td>\n<td>2.4 (Weitere Gr\u00f6\u00dfen bitte anfragen)<\/td>\n<\/tr>\n<tr>\n<td>Wahrzeichen<\/td>\n<td>22ct Gold gestempelt von London Assay Office<\/td>\n<\/tr>\n<tr>\n<td>Entgelte<\/td>\n<td>Lieferung und Mehrwertsteuer inbegriffen<\/td>\n<\/tr>\n<tr>\n<td>Verpackung<\/td>\n<td>Mit Pr\u00e4sentationsbox<\/td>\n<\/tr>\n<tr>\n<td>Mehr Informationen<\/td>\n<td>\n<ul>\n<li>Hinweis: Der hier angegebene Preis gilt f\u00fcr einen einzelnen Armreif.<\/li>\n<li>Live-Chat mit uns f\u00fcr Verf\u00fcgbarkeit und mehr Bilder<\/li>\n<\/ul>\n<\/td>\n<\/tr>\n<\/tbody>\n<\/table>","protected":false},"featured_media":337534,"comment_status":"closed","ping_status":"closed","template":"","meta":{"_eb_attr":"","_crsspst_to_jayantr4sg-hostcom":true},"product_brand":[],"product_cat":[236,1233,252,1573],"product_tag":[5310,5292,1521],"class_list":{"0":"post-337533","1":"product","2":"type-product","3":"status-publish","4":"has-post-thumbnail","6":"product_cat-collections","7":"product_cat-gold-bangles","8":"product_cat-jali-collections","9":"product_cat-wedding-gifts","10":"product_tag-22k-gold-bangles","11":"product_tag-22k-gold-filigree-bangle","12":"product_tag-kada","14":"first","15":"outofstock","16":"taxable","17":"shipping-taxable","18":"product-type-simple","19":"add-to-wishlist-before_image"},"yoast_head":"<!-- This site is optimized with the Yoast SEO plugin v27.3 - https:\/\/yoast.com\/product\/yoast-seo-wordpress\/ -->\n<title>22kt Real Gold Ornate Kada for Women Online | PureJewels<\/title>\n<meta name=\"description\" content=\"Explore our Bridal Wear Bangles Designs. Buy this 22kt beautiful gold kada in London. A classical Style that gives a classic look.\" \/>\n<meta name=\"robots\" content=\"index, follow, max-snippet:-1, max-image-preview:large, max-video-preview:-1\" \/>\n<link rel=\"canonical\" href=\"https:\/\/www.purejewels.com\/de\/produkt-2\/22kt-echtes-gold-verziert-kada-42946\/\" \/>\n<meta property=\"og:locale\" content=\"de_DE\" \/>\n<meta property=\"og:type\" content=\"article\" \/>\n<meta property=\"og:title\" content=\"22kt Real Gold Ornate Kada for Women Online | PureJewels\" \/>\n<meta property=\"og:description\" content=\"Explore our Bridal Wear Bangles Designs. Buy this 22kt beautiful gold kada in London. A classical Style that gives a classic look.\" \/>\n<meta property=\"og:url\" content=\"https:\/\/www.purejewels.com\/de\/produkt-2\/22kt-echtes-gold-verziert-kada-42946\/\" \/>\n<meta property=\"og:site_name\" content=\"PureJewels UK\" \/>\n<meta property=\"article:modified_time\" content=\"2026-01-10T16:14:53+00:00\" \/>\n<meta property=\"og:image\" content=\"https:\/\/www.purejewels.com\/wp-content\/uploads\/2022\/06\/42946-42947-1.jpg\" \/>\n\t<meta property=\"og:image:width\" content=\"1000\" \/>\n\t<meta property=\"og:image:height\" content=\"1000\" \/>\n\t<meta property=\"og:image:type\" content=\"image\/jpeg\" \/>\n<meta name=\"twitter:card\" content=\"summary_large_image\" \/>\n<meta name=\"twitter:label1\" content=\"Gesch\u00e4tzte Lesezeit\" \/>\n\t<meta name=\"twitter:data1\" content=\"1\u00a0Minute\" \/>\n<script type=\"application\/ld+json\" class=\"yoast-schema-graph\">{\"@context\":\"https:\\\/\\\/schema.org\",\"@graph\":[{\"@type\":[\"WebPage\",\"ItemPage\"],\"@id\":\"https:\\\/\\\/www.purejewels.com\\\/product\\\/22kt-real-gold-ornate-kada-42946\\\/\",\"url\":\"https:\\\/\\\/www.purejewels.com\\\/product\\\/22kt-real-gold-ornate-kada-42946\\\/\",\"name\":\"22kt Real Gold Ornate Kada for Women Online | PureJewels\",\"isPartOf\":{\"@id\":\"https:\\\/\\\/www.purejewels.com\\\/#website\"},\"primaryImageOfPage\":{\"@id\":\"https:\\\/\\\/www.purejewels.com\\\/product\\\/22kt-real-gold-ornate-kada-42946\\\/#primaryimage\"},\"image\":{\"@id\":\"https:\\\/\\\/www.purejewels.com\\\/product\\\/22kt-real-gold-ornate-kada-42946\\\/#primaryimage\"},\"thumbnailUrl\":\"https:\\\/\\\/static.purejewels.com\\\/wp-content\\\/uploads\\\/2022\\\/06\\\/42946-42947-1.jpg\",\"datePublished\":\"2022-06-27T04:37:41+00:00\",\"dateModified\":\"2026-01-10T16:14:53+00:00\",\"description\":\"Explore our Bridal Wear Bangles Designs. Buy this 22kt beautiful gold kada in London. A classical Style that gives a classic look.\",\"breadcrumb\":{\"@id\":\"https:\\\/\\\/www.purejewels.com\\\/product\\\/22kt-real-gold-ornate-kada-42946\\\/#breadcrumb\"},\"inLanguage\":\"de\",\"potentialAction\":[{\"@type\":\"ReadAction\",\"target\":[\"https:\\\/\\\/www.purejewels.com\\\/product\\\/22kt-real-gold-ornate-kada-42946\\\/\"]}]},{\"@type\":\"ImageObject\",\"inLanguage\":\"de\",\"@id\":\"https:\\\/\\\/www.purejewels.com\\\/product\\\/22kt-real-gold-ornate-kada-42946\\\/#primaryimage\",\"url\":\"https:\\\/\\\/static.purejewels.com\\\/wp-content\\\/uploads\\\/2022\\\/06\\\/42946-42947-1.jpg\",\"contentUrl\":\"https:\\\/\\\/static.purejewels.com\\\/wp-content\\\/uploads\\\/2022\\\/06\\\/42946-42947-1.jpg\",\"width\":1000,\"height\":1000,\"caption\":\"22kt Real Gold Ornate Kada\"},{\"@type\":\"BreadcrumbList\",\"@id\":\"https:\\\/\\\/www.purejewels.com\\\/product\\\/22kt-real-gold-ornate-kada-42946\\\/#breadcrumb\",\"itemListElement\":[{\"@type\":\"ListItem\",\"position\":1,\"name\":\"Home\",\"item\":\"https:\\\/\\\/www.purejewels.com\\\/\"},{\"@type\":\"ListItem\",\"position\":2,\"name\":\"Shop\",\"item\":\"https:\\\/\\\/www.purejewels.com\\\/shop\\\/\"},{\"@type\":\"ListItem\",\"position\":3,\"name\":\"22kt Real Gold Ornate Kada | Jali Collection | 2.4\"}]},{\"@type\":\"WebSite\",\"@id\":\"https:\\\/\\\/www.purejewels.com\\\/#website\",\"url\":\"https:\\\/\\\/www.purejewels.com\\\/\",\"name\":\"PureJewels UK\",\"description\":\"Share the Love\",\"publisher\":{\"@id\":\"https:\\\/\\\/www.purejewels.com\\\/#organization\"},\"potentialAction\":[{\"@type\":\"SearchAction\",\"target\":{\"@type\":\"EntryPoint\",\"urlTemplate\":\"https:\\\/\\\/www.purejewels.com\\\/?s={search_term_string}\"},\"query-input\":{\"@type\":\"PropertyValueSpecification\",\"valueRequired\":true,\"valueName\":\"search_term_string\"}}],\"inLanguage\":\"de\"},{\"@type\":\"Organization\",\"@id\":\"https:\\\/\\\/www.purejewels.com\\\/#organization\",\"name\":\"PureJewels UK\",\"url\":\"https:\\\/\\\/www.purejewels.com\\\/\",\"logo\":{\"@type\":\"ImageObject\",\"inLanguage\":\"de\",\"@id\":\"https:\\\/\\\/www.purejewels.com\\\/#\\\/schema\\\/logo\\\/image\\\/\",\"url\":\"https:\\\/\\\/static.purejewels.com\\\/wp-content\\\/uploads\\\/2020\\\/11\\\/Logo-PJ-New-1.png\",\"contentUrl\":\"https:\\\/\\\/static.purejewels.com\\\/wp-content\\\/uploads\\\/2020\\\/11\\\/Logo-PJ-New-1.png\",\"width\":150,\"height\":80,\"caption\":\"PureJewels UK\"},\"image\":{\"@id\":\"https:\\\/\\\/www.purejewels.com\\\/#\\\/schema\\\/logo\\\/image\\\/\"}}]}<\/script>\n<!-- \/ Yoast SEO plugin. -->","yoast_head_json":{"title":"22kt Echtgold Ornate Kada f\u00fcr Frauen Online | PureJewels","description":"Entdecken Sie unsere Bridal Wear Bangles Designs. Kaufen Sie diese 22kt sch\u00f6ne Gold Kada in London. Ein klassischer Stil, der ein klassisches Aussehen gibt.","robots":{"index":"index","follow":"follow","max-snippet":"max-snippet:-1","max-image-preview":"max-image-preview:large","max-video-preview":"max-video-preview:-1"},"canonical":"https:\/\/www.purejewels.com\/de\/produkt-2\/22kt-echtes-gold-verziert-kada-42946\/","og_locale":"de_DE","og_type":"article","og_title":"22kt Real Gold Ornate Kada for Women Online | PureJewels","og_description":"Explore our Bridal Wear Bangles Designs. Buy this 22kt beautiful gold kada in London. A classical Style that gives a classic look.","og_url":"https:\/\/www.purejewels.com\/de\/produkt-2\/22kt-echtes-gold-verziert-kada-42946\/","og_site_name":"PureJewels UK","article_modified_time":"2026-01-10T16:14:53+00:00","og_image":[{"width":1000,"height":1000,"url":"https:\/\/www.purejewels.com\/wp-content\/uploads\/2022\/06\/42946-42947-1.jpg","type":"image\/jpeg"}],"twitter_card":"summary_large_image","twitter_misc":{"Gesch\u00e4tzte Lesezeit":"1\u00a0Minute"},"schema":{"@context":"https:\/\/schema.org","@graph":[{"@type":["WebPage","ItemPage"],"@id":"https:\/\/www.purejewels.com\/product\/22kt-real-gold-ornate-kada-42946\/","url":"https:\/\/www.purejewels.com\/product\/22kt-real-gold-ornate-kada-42946\/","name":"22kt Echtgold Ornate Kada f\u00fcr Frauen Online | PureJewels","isPartOf":{"@id":"https:\/\/www.purejewels.com\/#website"},"primaryImageOfPage":{"@id":"https:\/\/www.purejewels.com\/product\/22kt-real-gold-ornate-kada-42946\/#primaryimage"},"image":{"@id":"https:\/\/www.purejewels.com\/product\/22kt-real-gold-ornate-kada-42946\/#primaryimage"},"thumbnailUrl":"https:\/\/static.purejewels.com\/wp-content\/uploads\/2022\/06\/42946-42947-1.jpg","datePublished":"2022-06-27T04:37:41+00:00","dateModified":"2026-01-10T16:14:53+00:00","description":"Entdecken Sie unsere Bridal Wear Bangles Designs. Kaufen Sie diese 22kt sch\u00f6ne Gold Kada in London. Ein klassischer Stil, der ein klassisches Aussehen gibt.","breadcrumb":{"@id":"https:\/\/www.purejewels.com\/product\/22kt-real-gold-ornate-kada-42946\/#breadcrumb"},"inLanguage":"de","potentialAction":[{"@type":"ReadAction","target":["https:\/\/www.purejewels.com\/product\/22kt-real-gold-ornate-kada-42946\/"]}]},{"@type":"ImageObject","inLanguage":"de","@id":"https:\/\/www.purejewels.com\/product\/22kt-real-gold-ornate-kada-42946\/#primaryimage","url":"https:\/\/static.purejewels.com\/wp-content\/uploads\/2022\/06\/42946-42947-1.jpg","contentUrl":"https:\/\/static.purejewels.com\/wp-content\/uploads\/2022\/06\/42946-42947-1.jpg","width":1000,"height":1000,"caption":"22kt Real Gold Ornate Kada"},{"@type":"BreadcrumbList","@id":"https:\/\/www.purejewels.com\/product\/22kt-real-gold-ornate-kada-42946\/#breadcrumb","itemListElement":[{"@type":"ListItem","position":1,"name":"Home","item":"https:\/\/www.purejewels.com\/"},{"@type":"ListItem","position":2,"name":"Shop","item":"https:\/\/www.purejewels.com\/shop\/"},{"@type":"ListItem","position":3,"name":"22kt Real Gold Ornate Kada | Jali Collection | 2.4"}]},{"@type":"WebSite","@id":"https:\/\/www.purejewels.com\/#website","url":"https:\/\/www.purejewels.com\/","name":"PureJewels UK","description":"Teile die Liebe","publisher":{"@id":"https:\/\/www.purejewels.com\/#organization"},"potentialAction":[{"@type":"SearchAction","target":{"@type":"EntryPoint","urlTemplate":"https:\/\/www.purejewels.com\/?s={search_term_string}"},"query-input":{"@type":"PropertyValueSpecification","valueRequired":true,"valueName":"search_term_string"}}],"inLanguage":"de"},{"@type":"Organization","@id":"https:\/\/www.purejewels.com\/#organization","name":"PureJewels UK","url":"https:\/\/www.purejewels.com\/","logo":{"@type":"ImageObject","inLanguage":"de","@id":"https:\/\/www.purejewels.com\/#\/schema\/logo\/image\/","url":"https:\/\/static.purejewels.com\/wp-content\/uploads\/2020\/11\/Logo-PJ-New-1.png","contentUrl":"https:\/\/static.purejewels.com\/wp-content\/uploads\/2020\/11\/Logo-PJ-New-1.png","width":150,"height":80,"caption":"PureJewels UK"},"image":{"@id":"https:\/\/www.purejewels.com\/#\/schema\/logo\/image\/"}}]}},"_links":{"self":[{"href":"https:\/\/www.purejewels.com\/de\/wp-json\/wp\/v2\/product\/337533","targetHints":{"allow":["GET"]}}],"collection":[{"href":"https:\/\/www.purejewels.com\/de\/wp-json\/wp\/v2\/product"}],"about":[{"href":"https:\/\/www.purejewels.com\/de\/wp-json\/wp\/v2\/types\/product"}],"replies":[{"embeddable":true,"href":"https:\/\/www.purejewels.com\/de\/wp-json\/wp\/v2\/comments?post=337533"}],"version-history":[{"count":3,"href":"https:\/\/www.purejewels.com\/de\/wp-json\/wp\/v2\/product\/337533\/revisions"}],"predecessor-version":[{"id":420066,"href":"https:\/\/www.purejewels.com\/de\/wp-json\/wp\/v2\/product\/337533\/revisions\/420066"}],"wp:featuredmedia":[{"embeddable":true,"href":"https:\/\/www.purejewels.com\/de\/wp-json\/wp\/v2\/media\/337534"}],"wp:attachment":[{"href":"https:\/\/www.purejewels.com\/de\/wp-json\/wp\/v2\/media?parent=337533"}],"wp:term":[{"taxonomy":"product_brand","embeddable":true,"href":"https:\/\/www.purejewels.com\/de\/wp-json\/wp\/v2\/product_brand?post=337533"},{"taxonomy":"product_cat","embeddable":true,"href":"https:\/\/www.purejewels.com\/de\/wp-json\/wp\/v2\/product_cat?post=337533"},{"taxonomy":"product_tag","embeddable":true,"href":"https:\/\/www.purejewels.com\/de\/wp-json\/wp\/v2\/product_tag?post=337533"}],"curies":[{"name":"wp","href":"https:\/\/api.w.org\/{rel}","templated":true}]}}