{"id":337597,"date":"2022-06-28T09:50:44","date_gmt":"2022-06-28T08:50:44","guid":{"rendered":"https:\/\/www.purejewels.com\/?post_type=product&#038;p=337597"},"modified":"2026-01-10T16:14:54","modified_gmt":"2026-01-10T16:14:54","slug":"goldarmreif-aus-22-karat-42956","status":"publish","type":"product","link":"https:\/\/www.purejewels.com\/de\/product\/gold-bangle-in-22carat-42956\/","title":{"rendered":"Goldarmreif aus 22 Karat | Jali Kollektion | 2,5 | Schwergewicht"},"content":{"rendered":"<p>SKU 42956<\/p>","protected":false},"excerpt":{"rendered":"<p>&nbsp;<\/p>\n<table class=\"sh_desc\" style=\"width: 100%;\">\n<tbody>\n<tr>\n<td style=\"width: 28.2759%;\">Art des Armreifs<\/td>\n<td style=\"width: 71.5517%;\">Daily Wear Armreif<\/td>\n<\/tr>\n<tr>\n<td style=\"width: 28.2759%;\">SKU<\/td>\n<td style=\"width: 71.5517%;\">42956<\/td>\n<\/tr>\n<tr>\n<td style=\"width: 28.2759%;\">Gewicht<\/td>\n<td style=\"width: 71.5517%;\">19,3 Gms<\/td>\n<\/tr>\n<tr>\n<td style=\"width: 28.2759%;\">Metall<\/td>\n<td style=\"width: 71.5517%;\">22ct Gold<\/td>\n<\/tr>\n<tr>\n<td style=\"width: 28.2759%;\">Armreif Gr\u00f6\u00dfe<\/td>\n<td style=\"width: 71.5517%;\">2.5 (Weitere Gr\u00f6\u00dfen bitte anfragen)<\/td>\n<\/tr>\n<tr>\n<td style=\"width: 28.2759%;\">Wahrzeichen<\/td>\n<td style=\"width: 71.5517%;\">22ct Gold gestempelt von London Assay Office<\/td>\n<\/tr>\n<tr>\n<td style=\"width: 28.2759%;\">Entgelte<\/td>\n<td style=\"width: 71.5517%;\">Lieferung und Mehrwertsteuer inbegriffen<\/td>\n<\/tr>\n<tr>\n<td style=\"width: 28.2759%;\">Verpackung<\/td>\n<td style=\"width: 71.5517%;\">Mit Pr\u00e4sentationsbox<\/td>\n<\/tr>\n<tr>\n<td style=\"width: 28.2759%;\">Mehr Informationen<\/td>\n<td style=\"width: 71.5517%;\">\n<ul>\n<li>Hinweis: Der hier angegebene Preis gilt f\u00fcr einen einzelnen Armreif.<\/li>\n<li>Live-Chat mit uns f\u00fcr Verf\u00fcgbarkeit und mehr Bilder<\/li>\n<\/ul>\n<\/td>\n<\/tr>\n<\/tbody>\n<\/table>","protected":false},"featured_media":337618,"comment_status":"closed","ping_status":"closed","template":"","meta":{"_eb_attr":"","_crsspst_to_jayantr4sg-hostcom":true},"product_brand":[],"product_cat":[1791,236,5270,1233,1229,252,1657,1573,1574],"product_tag":[5310,5292,1514],"class_list":{"0":"post-337597","1":"product","2":"type-product","3":"status-publish","4":"has-post-thumbnail","6":"product_cat-anniversary-gifts","7":"product_cat-collections","8":"product_cat-daily-wear-bangles","9":"product_cat-gold-bangles","10":"product_cat-22ct-gold-jewellery","11":"product_cat-jali-collections","12":"product_cat-single-bangle","13":"product_cat-wedding-gifts","14":"product_cat-womens-jewellery","15":"product_tag-22k-gold-bangles","16":"product_tag-22k-gold-filigree-bangle","17":"product_tag-bangles","19":"first","20":"outofstock","21":"taxable","22":"shipping-taxable","23":"product-type-simple","24":"add-to-wishlist-before_image"},"yoast_head":"<!-- This site is optimized with the Yoast SEO plugin v27.3 - https:\/\/yoast.com\/product\/yoast-seo-wordpress\/ -->\n<title>Gold Bangle in 22ct | Dailywear Bangle | PureJewels<\/title>\n<meta name=\"description\" content=\"Find more 22carat Gold Bangles for Women to adorn and style their everyday selves with, on our website. Or you can visit our store at UK.\" \/>\n<meta name=\"robots\" content=\"index, follow, max-snippet:-1, max-image-preview:large, max-video-preview:-1\" \/>\n<link rel=\"canonical\" href=\"https:\/\/www.purejewels.com\/de\/produkt-2\/goldarmreif-aus-22-karat-42956\/\" \/>\n<meta property=\"og:locale\" content=\"de_DE\" \/>\n<meta property=\"og:type\" content=\"article\" \/>\n<meta property=\"og:title\" content=\"Gold Bangle in 22ct | Dailywear Bangle | PureJewels\" \/>\n<meta property=\"og:description\" content=\"Find more 22carat Gold Bangles for Women to adorn and style their everyday selves with, on our website. Or you can visit our store at UK.\" \/>\n<meta property=\"og:url\" content=\"https:\/\/www.purejewels.com\/de\/produkt-2\/goldarmreif-aus-22-karat-42956\/\" \/>\n<meta property=\"og:site_name\" content=\"PureJewels UK\" \/>\n<meta property=\"article:modified_time\" content=\"2026-01-10T16:14:54+00:00\" \/>\n<meta property=\"og:image\" content=\"https:\/\/www.purejewels.com\/wp-content\/uploads\/2022\/06\/42956-2-1.jpg\" \/>\n\t<meta property=\"og:image:width\" content=\"1000\" \/>\n\t<meta property=\"og:image:height\" content=\"1000\" \/>\n\t<meta property=\"og:image:type\" content=\"image\/jpeg\" \/>\n<meta name=\"twitter:card\" content=\"summary_large_image\" \/>\n<meta name=\"twitter:label1\" content=\"Gesch\u00e4tzte Lesezeit\" \/>\n\t<meta name=\"twitter:data1\" content=\"1\u00a0Minute\" \/>\n<script type=\"application\/ld+json\" class=\"yoast-schema-graph\">{\"@context\":\"https:\\\/\\\/schema.org\",\"@graph\":[{\"@type\":[\"WebPage\",\"ItemPage\"],\"@id\":\"https:\\\/\\\/www.purejewels.com\\\/product\\\/gold-bangle-in-22carat-42956\\\/\",\"url\":\"https:\\\/\\\/www.purejewels.com\\\/product\\\/gold-bangle-in-22carat-42956\\\/\",\"name\":\"Gold Bangle in 22ct | Dailywear Bangle | PureJewels\",\"isPartOf\":{\"@id\":\"https:\\\/\\\/www.purejewels.com\\\/#website\"},\"primaryImageOfPage\":{\"@id\":\"https:\\\/\\\/www.purejewels.com\\\/product\\\/gold-bangle-in-22carat-42956\\\/#primaryimage\"},\"image\":{\"@id\":\"https:\\\/\\\/www.purejewels.com\\\/product\\\/gold-bangle-in-22carat-42956\\\/#primaryimage\"},\"thumbnailUrl\":\"https:\\\/\\\/static.purejewels.com\\\/wp-content\\\/uploads\\\/2022\\\/06\\\/42956-2-1.jpg\",\"datePublished\":\"2022-06-28T08:50:44+00:00\",\"dateModified\":\"2026-01-10T16:14:54+00:00\",\"description\":\"Find more 22carat Gold Bangles for Women to adorn and style their everyday selves with, on our website. Or you can visit our store at UK.\",\"breadcrumb\":{\"@id\":\"https:\\\/\\\/www.purejewels.com\\\/product\\\/gold-bangle-in-22carat-42956\\\/#breadcrumb\"},\"inLanguage\":\"de\",\"potentialAction\":[{\"@type\":\"ReadAction\",\"target\":[\"https:\\\/\\\/www.purejewels.com\\\/product\\\/gold-bangle-in-22carat-42956\\\/\"]}]},{\"@type\":\"ImageObject\",\"inLanguage\":\"de\",\"@id\":\"https:\\\/\\\/www.purejewels.com\\\/product\\\/gold-bangle-in-22carat-42956\\\/#primaryimage\",\"url\":\"https:\\\/\\\/static.purejewels.com\\\/wp-content\\\/uploads\\\/2022\\\/06\\\/42956-2-1.jpg\",\"contentUrl\":\"https:\\\/\\\/static.purejewels.com\\\/wp-content\\\/uploads\\\/2022\\\/06\\\/42956-2-1.jpg\",\"width\":1000,\"height\":1000,\"caption\":\"22ct Gold Ladies Bangle\"},{\"@type\":\"BreadcrumbList\",\"@id\":\"https:\\\/\\\/www.purejewels.com\\\/product\\\/gold-bangle-in-22carat-42956\\\/#breadcrumb\",\"itemListElement\":[{\"@type\":\"ListItem\",\"position\":1,\"name\":\"Home\",\"item\":\"https:\\\/\\\/www.purejewels.com\\\/\"},{\"@type\":\"ListItem\",\"position\":2,\"name\":\"Shop\",\"item\":\"https:\\\/\\\/www.purejewels.com\\\/shop\\\/\"},{\"@type\":\"ListItem\",\"position\":3,\"name\":\"Gold Bangle in 22carat | Jali Collection | 2.5 | Heavyweight\"}]},{\"@type\":\"WebSite\",\"@id\":\"https:\\\/\\\/www.purejewels.com\\\/#website\",\"url\":\"https:\\\/\\\/www.purejewels.com\\\/\",\"name\":\"PureJewels UK\",\"description\":\"Share the Love\",\"publisher\":{\"@id\":\"https:\\\/\\\/www.purejewels.com\\\/#organization\"},\"potentialAction\":[{\"@type\":\"SearchAction\",\"target\":{\"@type\":\"EntryPoint\",\"urlTemplate\":\"https:\\\/\\\/www.purejewels.com\\\/?s={search_term_string}\"},\"query-input\":{\"@type\":\"PropertyValueSpecification\",\"valueRequired\":true,\"valueName\":\"search_term_string\"}}],\"inLanguage\":\"de\"},{\"@type\":\"Organization\",\"@id\":\"https:\\\/\\\/www.purejewels.com\\\/#organization\",\"name\":\"PureJewels UK\",\"url\":\"https:\\\/\\\/www.purejewels.com\\\/\",\"logo\":{\"@type\":\"ImageObject\",\"inLanguage\":\"de\",\"@id\":\"https:\\\/\\\/www.purejewels.com\\\/#\\\/schema\\\/logo\\\/image\\\/\",\"url\":\"https:\\\/\\\/static.purejewels.com\\\/wp-content\\\/uploads\\\/2020\\\/11\\\/Logo-PJ-New-1.png\",\"contentUrl\":\"https:\\\/\\\/static.purejewels.com\\\/wp-content\\\/uploads\\\/2020\\\/11\\\/Logo-PJ-New-1.png\",\"width\":150,\"height\":80,\"caption\":\"PureJewels UK\"},\"image\":{\"@id\":\"https:\\\/\\\/www.purejewels.com\\\/#\\\/schema\\\/logo\\\/image\\\/\"}}]}<\/script>\n<!-- \/ Yoast SEO plugin. -->","yoast_head_json":{"title":"Gold Armreif in 22ct | Dailywear Armreif | PureJewels","description":"Finden Sie mehr 22 Karat Gold Armreifen f\u00fcr Frauen zu schm\u00fccken und Stil ihre t\u00e4glichen selbst mit, auf unserer Website. Oder Sie k\u00f6nnen unser Gesch\u00e4ft in UK besuchen.","robots":{"index":"index","follow":"follow","max-snippet":"max-snippet:-1","max-image-preview":"max-image-preview:large","max-video-preview":"max-video-preview:-1"},"canonical":"https:\/\/www.purejewels.com\/de\/produkt-2\/goldarmreif-aus-22-karat-42956\/","og_locale":"de_DE","og_type":"article","og_title":"Gold Bangle in 22ct | Dailywear Bangle | PureJewels","og_description":"Find more 22carat Gold Bangles for Women to adorn and style their everyday selves with, on our website. Or you can visit our store at UK.","og_url":"https:\/\/www.purejewels.com\/de\/produkt-2\/goldarmreif-aus-22-karat-42956\/","og_site_name":"PureJewels UK","article_modified_time":"2026-01-10T16:14:54+00:00","og_image":[{"width":1000,"height":1000,"url":"https:\/\/www.purejewels.com\/wp-content\/uploads\/2022\/06\/42956-2-1.jpg","type":"image\/jpeg"}],"twitter_card":"summary_large_image","twitter_misc":{"Gesch\u00e4tzte Lesezeit":"1\u00a0Minute"},"schema":{"@context":"https:\/\/schema.org","@graph":[{"@type":["WebPage","ItemPage"],"@id":"https:\/\/www.purejewels.com\/product\/gold-bangle-in-22carat-42956\/","url":"https:\/\/www.purejewels.com\/product\/gold-bangle-in-22carat-42956\/","name":"Gold Armreif in 22ct | Dailywear Armreif | PureJewels","isPartOf":{"@id":"https:\/\/www.purejewels.com\/#website"},"primaryImageOfPage":{"@id":"https:\/\/www.purejewels.com\/product\/gold-bangle-in-22carat-42956\/#primaryimage"},"image":{"@id":"https:\/\/www.purejewels.com\/product\/gold-bangle-in-22carat-42956\/#primaryimage"},"thumbnailUrl":"https:\/\/static.purejewels.com\/wp-content\/uploads\/2022\/06\/42956-2-1.jpg","datePublished":"2022-06-28T08:50:44+00:00","dateModified":"2026-01-10T16:14:54+00:00","description":"Finden Sie mehr 22 Karat Gold Armreifen f\u00fcr Frauen zu schm\u00fccken und Stil ihre t\u00e4glichen selbst mit, auf unserer Website. Oder Sie k\u00f6nnen unser Gesch\u00e4ft in UK besuchen.","breadcrumb":{"@id":"https:\/\/www.purejewels.com\/product\/gold-bangle-in-22carat-42956\/#breadcrumb"},"inLanguage":"de","potentialAction":[{"@type":"ReadAction","target":["https:\/\/www.purejewels.com\/product\/gold-bangle-in-22carat-42956\/"]}]},{"@type":"ImageObject","inLanguage":"de","@id":"https:\/\/www.purejewels.com\/product\/gold-bangle-in-22carat-42956\/#primaryimage","url":"https:\/\/static.purejewels.com\/wp-content\/uploads\/2022\/06\/42956-2-1.jpg","contentUrl":"https:\/\/static.purejewels.com\/wp-content\/uploads\/2022\/06\/42956-2-1.jpg","width":1000,"height":1000,"caption":"22ct Gold Ladies Bangle"},{"@type":"BreadcrumbList","@id":"https:\/\/www.purejewels.com\/product\/gold-bangle-in-22carat-42956\/#breadcrumb","itemListElement":[{"@type":"ListItem","position":1,"name":"Home","item":"https:\/\/www.purejewels.com\/"},{"@type":"ListItem","position":2,"name":"Shop","item":"https:\/\/www.purejewels.com\/shop\/"},{"@type":"ListItem","position":3,"name":"Gold Bangle in 22carat | Jali Collection | 2.5 | Heavyweight"}]},{"@type":"WebSite","@id":"https:\/\/www.purejewels.com\/#website","url":"https:\/\/www.purejewels.com\/","name":"PureJewels UK","description":"Teile die Liebe","publisher":{"@id":"https:\/\/www.purejewels.com\/#organization"},"potentialAction":[{"@type":"SearchAction","target":{"@type":"EntryPoint","urlTemplate":"https:\/\/www.purejewels.com\/?s={search_term_string}"},"query-input":{"@type":"PropertyValueSpecification","valueRequired":true,"valueName":"search_term_string"}}],"inLanguage":"de"},{"@type":"Organization","@id":"https:\/\/www.purejewels.com\/#organization","name":"PureJewels UK","url":"https:\/\/www.purejewels.com\/","logo":{"@type":"ImageObject","inLanguage":"de","@id":"https:\/\/www.purejewels.com\/#\/schema\/logo\/image\/","url":"https:\/\/static.purejewels.com\/wp-content\/uploads\/2020\/11\/Logo-PJ-New-1.png","contentUrl":"https:\/\/static.purejewels.com\/wp-content\/uploads\/2020\/11\/Logo-PJ-New-1.png","width":150,"height":80,"caption":"PureJewels UK"},"image":{"@id":"https:\/\/www.purejewels.com\/#\/schema\/logo\/image\/"}}]}},"_links":{"self":[{"href":"https:\/\/www.purejewels.com\/de\/wp-json\/wp\/v2\/product\/337597","targetHints":{"allow":["GET"]}}],"collection":[{"href":"https:\/\/www.purejewels.com\/de\/wp-json\/wp\/v2\/product"}],"about":[{"href":"https:\/\/www.purejewels.com\/de\/wp-json\/wp\/v2\/types\/product"}],"replies":[{"embeddable":true,"href":"https:\/\/www.purejewels.com\/de\/wp-json\/wp\/v2\/comments?post=337597"}],"version-history":[{"count":1,"href":"https:\/\/www.purejewels.com\/de\/wp-json\/wp\/v2\/product\/337597\/revisions"}],"predecessor-version":[{"id":385682,"href":"https:\/\/www.purejewels.com\/de\/wp-json\/wp\/v2\/product\/337597\/revisions\/385682"}],"wp:featuredmedia":[{"embeddable":true,"href":"https:\/\/www.purejewels.com\/de\/wp-json\/wp\/v2\/media\/337618"}],"wp:attachment":[{"href":"https:\/\/www.purejewels.com\/de\/wp-json\/wp\/v2\/media?parent=337597"}],"wp:term":[{"taxonomy":"product_brand","embeddable":true,"href":"https:\/\/www.purejewels.com\/de\/wp-json\/wp\/v2\/product_brand?post=337597"},{"taxonomy":"product_cat","embeddable":true,"href":"https:\/\/www.purejewels.com\/de\/wp-json\/wp\/v2\/product_cat?post=337597"},{"taxonomy":"product_tag","embeddable":true,"href":"https:\/\/www.purejewels.com\/de\/wp-json\/wp\/v2\/product_tag?post=337597"}],"curies":[{"name":"wp","href":"https:\/\/api.w.org\/{rel}","templated":true}]}}