{"id":337677,"date":"2022-05-29T12:03:14","date_gmt":"2022-05-29T11:03:14","guid":{"rendered":"https:\/\/www.purejewels.com\/?post_type=product&#038;p=337677"},"modified":"2026-01-08T07:32:15","modified_gmt":"2026-01-08T07:32:15","slug":"22-karat-goldanhanger-mit-namensgravur-41692","status":"publish","type":"product","link":"https:\/\/www.purejewels.com\/de\/product\/22ct-gold-pendant-with-name-engraved-41692\/","title":{"rendered":"22ct Gold Fancy Herz-Anh\u00e4nger f\u00fcr Frauen"},"content":{"rendered":"<p>Zelebrieren Sie Liebe und Eleganz mit diesem Herzanh\u00e4nger aus 22 Karat Gold, einem zeitlosen Schmuckst\u00fcck, das f\u00fcr hervorragende Handwerkskunst und exquisites Design steht. In sorgf\u00e4ltiger Handarbeit gefertigt, verf\u00fcgt jeder Anh\u00e4nger \u00fcber eine glatte, polierte Oberfl\u00e4che mit komplizierten Details, die seinen visuellen Reiz verst\u00e4rken.<\/p>\n<p>Das herzf\u00f6rmige Design symbolisiert Liebe, W\u00e4rme und Zuneigung und ist somit ein ideales Geschenk f\u00fcr einen besonderen Menschen oder eine wertvolle Erg\u00e4nzung Ihrer Schmucksammlung. Sein klassischer und zugleich moderner Stil sorgt f\u00fcr Vielseitigkeit, sodass er sowohl traditionelle als auch moderne Outfits m\u00fchelos erg\u00e4nzt.<\/p>\n<p>Der aus hochwertigem 22-kar\u00e4tigem Gold gefertigte Anh\u00e4nger verspricht Langlebigkeit, dauerhaften Glanz und ein luxuri\u00f6ses Finish. Der Anh\u00e4nger ist so konzipiert, dass er an jeder Kette anmutig sitzt und das Dekollet\u00e9 der Tr\u00e4gerin mit subtiler Raffinesse akzentuiert. Ob zu Feierlichkeiten, im Alltag oder als Geschenk, dieser Anh\u00e4nger zeugt von durchdachter Kunstfertigkeit und feiner Liebe zum Detail.<\/p>","protected":false},"excerpt":{"rendered":"<p>Ein wundersch\u00f6n gearbeiteter Herzanh\u00e4nger aus 22 Karat Gold, der Eleganz und Charme ausstrahlt. Perfekt f\u00fcr das t\u00e4gliche Tragen oder besondere Anl\u00e4sse.<\/p>\n<ul>\n<li>22ct Gold Herz-Anh\u00e4nger <\/li>\n<li>Geeignet f\u00fcr Alltagskleidung<\/li>\n<li>Wt. 3.3 gms<\/li>\n<li>SKU. 41692<\/li>\n<li>Kette nicht im Preis enthalten<\/li>\n<li>Unsere 22ct Gold Glow Kollektion ansehen<\/li>\n<li>Alle Preise inklusive Mehrwertsteuer<\/li>\n<li>Alle unsere Produkte sind von London gestempelt\u00a0<span id=\"urn:enhancement-7d2af146\" class=\"textannotation\">Pr\u00fcfstelle<\/span><\/li>\n<li>Alle Sets werden mit Pr\u00e4sentationsbox geliefert<\/li>\n<li>Kostenlose Lieferung in ganz Europa\u00a0<span id=\"urn:enhancement-bbb162f2\" class=\"textannotation\">UK<\/span><\/li>\n<li>Kontaktieren Sie uns \/ chatten Sie mit uns und entdecken Sie unser\u00a0<span id=\"urn:enhancement-32269751\" class=\"textannotation\">Gold<\/span>\u00a0Anh\u00e4nger Halskette Indische Kollektion<\/li>\n<\/ul>","protected":false},"featured_media":337678,"comment_status":"closed","ping_status":"closed","template":"","meta":{"_eb_attr":"","_crsspst_to_jayantr4sg-hostcom":false},"product_brand":[],"product_cat":[1770,1255,1767,1768],"product_tag":[],"class_list":{"0":"post-337677","1":"product","2":"type-product","3":"status-publish","4":"has-post-thumbnail","6":"product_cat-fancy-pendants","7":"product_cat-gold-pendants","8":"product_cat-ladies-pendants","9":"product_cat-mens-pendants","11":"first","12":"outofstock","13":"taxable","14":"shipping-taxable","15":"product-type-simple","16":"add-to-wishlist-before_image"},"yoast_head":"<!-- This site is optimized with the Yoast SEO plugin v27.3 - https:\/\/yoast.com\/product\/yoast-seo-wordpress\/ -->\n<title>22ct Gold Heart Pendant \u2013 Elegant Design &amp; Fine Craftsmanship<\/title>\n<meta name=\"description\" content=\"Shop this exquisite 22ct Gold Heart Pendant, crafted with precision and style. Perfect for gifting or personal adornment, combining timeless design with superior craftsmanship.\" \/>\n<meta name=\"robots\" content=\"index, follow, max-snippet:-1, max-image-preview:large, max-video-preview:-1\" \/>\n<link rel=\"canonical\" href=\"https:\/\/www.purejewels.com\/de\/produkt-2\/22-karat-goldanhanger-mit-namensgravur-41692\/\" \/>\n<meta property=\"og:locale\" content=\"de_DE\" \/>\n<meta property=\"og:type\" content=\"article\" \/>\n<meta property=\"og:title\" content=\"22ct Gold Heart Pendant \u2013 Elegant Design &amp; Fine Craftsmanship\" \/>\n<meta property=\"og:description\" content=\"Shop this exquisite 22ct Gold Heart Pendant, crafted with precision and style. Perfect for gifting or personal adornment, combining timeless design with superior craftsmanship.\" \/>\n<meta property=\"og:url\" content=\"https:\/\/www.purejewels.com\/de\/produkt-2\/22-karat-goldanhanger-mit-namensgravur-41692\/\" \/>\n<meta property=\"og:site_name\" content=\"PureJewels UK\" \/>\n<meta property=\"article:modified_time\" content=\"2026-01-08T07:32:15+00:00\" \/>\n<meta property=\"og:image\" content=\"https:\/\/static.purejewels.com\/wp-content\/uploads\/2022\/06\/41744-3.jpg\" \/>\n\t<meta property=\"og:image:width\" content=\"1000\" \/>\n\t<meta property=\"og:image:height\" content=\"1000\" \/>\n\t<meta property=\"og:image:type\" content=\"image\/jpeg\" \/>\n<meta name=\"twitter:card\" content=\"summary_large_image\" \/>\n<meta name=\"twitter:label1\" content=\"Gesch\u00e4tzte Lesezeit\" \/>\n\t<meta name=\"twitter:data1\" content=\"1\u00a0Minute\" \/>\n<script type=\"application\/ld+json\" class=\"yoast-schema-graph\">{\"@context\":\"https:\\\/\\\/schema.org\",\"@graph\":[{\"@type\":[\"WebPage\",\"ItemPage\"],\"@id\":\"https:\\\/\\\/www.purejewels.com\\\/product\\\/22ct-gold-pendant-with-name-engraved-41692\\\/\",\"url\":\"https:\\\/\\\/www.purejewels.com\\\/product\\\/22ct-gold-pendant-with-name-engraved-41692\\\/\",\"name\":\"22ct Gold Heart Pendant \u2013 Elegant Design & Fine Craftsmanship\",\"isPartOf\":{\"@id\":\"https:\\\/\\\/www.purejewels.com\\\/#website\"},\"primaryImageOfPage\":{\"@id\":\"https:\\\/\\\/www.purejewels.com\\\/product\\\/22ct-gold-pendant-with-name-engraved-41692\\\/#primaryimage\"},\"image\":{\"@id\":\"https:\\\/\\\/www.purejewels.com\\\/product\\\/22ct-gold-pendant-with-name-engraved-41692\\\/#primaryimage\"},\"thumbnailUrl\":\"https:\\\/\\\/static.purejewels.com\\\/wp-content\\\/uploads\\\/2022\\\/06\\\/41744-3.jpg\",\"datePublished\":\"2022-05-29T11:03:14+00:00\",\"dateModified\":\"2026-01-08T07:32:15+00:00\",\"description\":\"Shop this exquisite 22ct Gold Heart Pendant, crafted with precision and style. Perfect for gifting or personal adornment, combining timeless design with superior craftsmanship.\",\"breadcrumb\":{\"@id\":\"https:\\\/\\\/www.purejewels.com\\\/product\\\/22ct-gold-pendant-with-name-engraved-41692\\\/#breadcrumb\"},\"inLanguage\":\"de\",\"potentialAction\":[{\"@type\":\"ReadAction\",\"target\":[\"https:\\\/\\\/www.purejewels.com\\\/product\\\/22ct-gold-pendant-with-name-engraved-41692\\\/\"]}]},{\"@type\":\"ImageObject\",\"inLanguage\":\"de\",\"@id\":\"https:\\\/\\\/www.purejewels.com\\\/product\\\/22ct-gold-pendant-with-name-engraved-41692\\\/#primaryimage\",\"url\":\"https:\\\/\\\/static.purejewels.com\\\/wp-content\\\/uploads\\\/2022\\\/06\\\/41744-3.jpg\",\"contentUrl\":\"https:\\\/\\\/static.purejewels.com\\\/wp-content\\\/uploads\\\/2022\\\/06\\\/41744-3.jpg\",\"width\":1000,\"height\":1000},{\"@type\":\"BreadcrumbList\",\"@id\":\"https:\\\/\\\/www.purejewels.com\\\/product\\\/22ct-gold-pendant-with-name-engraved-41692\\\/#breadcrumb\",\"itemListElement\":[{\"@type\":\"ListItem\",\"position\":1,\"name\":\"Home\",\"item\":\"https:\\\/\\\/www.purejewels.com\\\/\"},{\"@type\":\"ListItem\",\"position\":2,\"name\":\"Shop\",\"item\":\"https:\\\/\\\/www.purejewels.com\\\/shop\\\/\"},{\"@type\":\"ListItem\",\"position\":3,\"name\":\"22ct Gold Fancy Heart Pendant for Women\"}]},{\"@type\":\"WebSite\",\"@id\":\"https:\\\/\\\/www.purejewels.com\\\/#website\",\"url\":\"https:\\\/\\\/www.purejewels.com\\\/\",\"name\":\"PureJewels UK\",\"description\":\"Share the Love\",\"publisher\":{\"@id\":\"https:\\\/\\\/www.purejewels.com\\\/#organization\"},\"potentialAction\":[{\"@type\":\"SearchAction\",\"target\":{\"@type\":\"EntryPoint\",\"urlTemplate\":\"https:\\\/\\\/www.purejewels.com\\\/?s={search_term_string}\"},\"query-input\":{\"@type\":\"PropertyValueSpecification\",\"valueRequired\":true,\"valueName\":\"search_term_string\"}}],\"inLanguage\":\"de\"},{\"@type\":\"Organization\",\"@id\":\"https:\\\/\\\/www.purejewels.com\\\/#organization\",\"name\":\"PureJewels UK\",\"url\":\"https:\\\/\\\/www.purejewels.com\\\/\",\"logo\":{\"@type\":\"ImageObject\",\"inLanguage\":\"de\",\"@id\":\"https:\\\/\\\/www.purejewels.com\\\/#\\\/schema\\\/logo\\\/image\\\/\",\"url\":\"https:\\\/\\\/static.purejewels.com\\\/wp-content\\\/uploads\\\/2020\\\/11\\\/Logo-PJ-New-1.png\",\"contentUrl\":\"https:\\\/\\\/static.purejewels.com\\\/wp-content\\\/uploads\\\/2020\\\/11\\\/Logo-PJ-New-1.png\",\"width\":150,\"height\":80,\"caption\":\"PureJewels UK\"},\"image\":{\"@id\":\"https:\\\/\\\/www.purejewels.com\\\/#\\\/schema\\\/logo\\\/image\\\/\"}}]}<\/script>\n<!-- \/ Yoast SEO plugin. -->","yoast_head_json":{"title":"22ct Gold Herz-Anh\u00e4nger - Elegantes Design &amp; feine Handwerkskunst","description":"Kaufen Sie diesen exquisiten Herzanh\u00e4nger aus 22 Karat Gold, der mit Pr\u00e4zision und Stil gefertigt wurde. Perfekt zum Verschenken oder zur pers\u00f6nlichen Versch\u00f6nerung. Er verbindet zeitloses Design mit h\u00f6chster Handwerkskunst.","robots":{"index":"index","follow":"follow","max-snippet":"max-snippet:-1","max-image-preview":"max-image-preview:large","max-video-preview":"max-video-preview:-1"},"canonical":"https:\/\/www.purejewels.com\/de\/produkt-2\/22-karat-goldanhanger-mit-namensgravur-41692\/","og_locale":"de_DE","og_type":"article","og_title":"22ct Gold Heart Pendant \u2013 Elegant Design & Fine Craftsmanship","og_description":"Shop this exquisite 22ct Gold Heart Pendant, crafted with precision and style. Perfect for gifting or personal adornment, combining timeless design with superior craftsmanship.","og_url":"https:\/\/www.purejewels.com\/de\/produkt-2\/22-karat-goldanhanger-mit-namensgravur-41692\/","og_site_name":"PureJewels UK","article_modified_time":"2026-01-08T07:32:15+00:00","og_image":[{"width":1000,"height":1000,"url":"https:\/\/static.purejewels.com\/wp-content\/uploads\/2022\/06\/41744-3.jpg","type":"image\/jpeg"}],"twitter_card":"summary_large_image","twitter_misc":{"Gesch\u00e4tzte Lesezeit":"1\u00a0Minute"},"schema":{"@context":"https:\/\/schema.org","@graph":[{"@type":["WebPage","ItemPage"],"@id":"https:\/\/www.purejewels.com\/product\/22ct-gold-pendant-with-name-engraved-41692\/","url":"https:\/\/www.purejewels.com\/product\/22ct-gold-pendant-with-name-engraved-41692\/","name":"22ct Gold Herz-Anh\u00e4nger - Elegantes Design &amp; feine Handwerkskunst","isPartOf":{"@id":"https:\/\/www.purejewels.com\/#website"},"primaryImageOfPage":{"@id":"https:\/\/www.purejewels.com\/product\/22ct-gold-pendant-with-name-engraved-41692\/#primaryimage"},"image":{"@id":"https:\/\/www.purejewels.com\/product\/22ct-gold-pendant-with-name-engraved-41692\/#primaryimage"},"thumbnailUrl":"https:\/\/static.purejewels.com\/wp-content\/uploads\/2022\/06\/41744-3.jpg","datePublished":"2022-05-29T11:03:14+00:00","dateModified":"2026-01-08T07:32:15+00:00","description":"Kaufen Sie diesen exquisiten Herzanh\u00e4nger aus 22 Karat Gold, der mit Pr\u00e4zision und Stil gefertigt wurde. Perfekt zum Verschenken oder zur pers\u00f6nlichen Versch\u00f6nerung. Er verbindet zeitloses Design mit h\u00f6chster Handwerkskunst.","breadcrumb":{"@id":"https:\/\/www.purejewels.com\/product\/22ct-gold-pendant-with-name-engraved-41692\/#breadcrumb"},"inLanguage":"de","potentialAction":[{"@type":"ReadAction","target":["https:\/\/www.purejewels.com\/product\/22ct-gold-pendant-with-name-engraved-41692\/"]}]},{"@type":"ImageObject","inLanguage":"de","@id":"https:\/\/www.purejewels.com\/product\/22ct-gold-pendant-with-name-engraved-41692\/#primaryimage","url":"https:\/\/static.purejewels.com\/wp-content\/uploads\/2022\/06\/41744-3.jpg","contentUrl":"https:\/\/static.purejewels.com\/wp-content\/uploads\/2022\/06\/41744-3.jpg","width":1000,"height":1000},{"@type":"BreadcrumbList","@id":"https:\/\/www.purejewels.com\/product\/22ct-gold-pendant-with-name-engraved-41692\/#breadcrumb","itemListElement":[{"@type":"ListItem","position":1,"name":"Home","item":"https:\/\/www.purejewels.com\/"},{"@type":"ListItem","position":2,"name":"Shop","item":"https:\/\/www.purejewels.com\/shop\/"},{"@type":"ListItem","position":3,"name":"22ct Gold Fancy Heart Pendant for Women"}]},{"@type":"WebSite","@id":"https:\/\/www.purejewels.com\/#website","url":"https:\/\/www.purejewels.com\/","name":"PureJewels UK","description":"Teile die Liebe","publisher":{"@id":"https:\/\/www.purejewels.com\/#organization"},"potentialAction":[{"@type":"SearchAction","target":{"@type":"EntryPoint","urlTemplate":"https:\/\/www.purejewels.com\/?s={search_term_string}"},"query-input":{"@type":"PropertyValueSpecification","valueRequired":true,"valueName":"search_term_string"}}],"inLanguage":"de"},{"@type":"Organization","@id":"https:\/\/www.purejewels.com\/#organization","name":"PureJewels UK","url":"https:\/\/www.purejewels.com\/","logo":{"@type":"ImageObject","inLanguage":"de","@id":"https:\/\/www.purejewels.com\/#\/schema\/logo\/image\/","url":"https:\/\/static.purejewels.com\/wp-content\/uploads\/2020\/11\/Logo-PJ-New-1.png","contentUrl":"https:\/\/static.purejewels.com\/wp-content\/uploads\/2020\/11\/Logo-PJ-New-1.png","width":150,"height":80,"caption":"PureJewels UK"},"image":{"@id":"https:\/\/www.purejewels.com\/#\/schema\/logo\/image\/"}}]}},"_links":{"self":[{"href":"https:\/\/www.purejewels.com\/de\/wp-json\/wp\/v2\/product\/337677","targetHints":{"allow":["GET"]}}],"collection":[{"href":"https:\/\/www.purejewels.com\/de\/wp-json\/wp\/v2\/product"}],"about":[{"href":"https:\/\/www.purejewels.com\/de\/wp-json\/wp\/v2\/types\/product"}],"replies":[{"embeddable":true,"href":"https:\/\/www.purejewels.com\/de\/wp-json\/wp\/v2\/comments?post=337677"}],"version-history":[{"count":1,"href":"https:\/\/www.purejewels.com\/de\/wp-json\/wp\/v2\/product\/337677\/revisions"}],"predecessor-version":[{"id":424326,"href":"https:\/\/www.purejewels.com\/de\/wp-json\/wp\/v2\/product\/337677\/revisions\/424326"}],"wp:featuredmedia":[{"embeddable":true,"href":"https:\/\/www.purejewels.com\/de\/wp-json\/wp\/v2\/media\/337678"}],"wp:attachment":[{"href":"https:\/\/www.purejewels.com\/de\/wp-json\/wp\/v2\/media?parent=337677"}],"wp:term":[{"taxonomy":"product_brand","embeddable":true,"href":"https:\/\/www.purejewels.com\/de\/wp-json\/wp\/v2\/product_brand?post=337677"},{"taxonomy":"product_cat","embeddable":true,"href":"https:\/\/www.purejewels.com\/de\/wp-json\/wp\/v2\/product_cat?post=337677"},{"taxonomy":"product_tag","embeddable":true,"href":"https:\/\/www.purejewels.com\/de\/wp-json\/wp\/v2\/product_tag?post=337677"}],"curies":[{"name":"wp","href":"https:\/\/api.w.org\/{rel}","templated":true}]}}