{"id":337690,"date":"2022-06-30T05:10:40","date_gmt":"2022-06-30T04:10:40","guid":{"rendered":"https:\/\/www.purejewels.com\/?post_type=product&#038;p=337690"},"modified":"2026-01-06T09:45:14","modified_gmt":"2026-01-06T09:45:14","slug":"damen-goldarmband-45949","status":"publish","type":"product","link":"https:\/\/www.purejewels.com\/de\/product\/womens-gold-bracelet-45949\/","title":{"rendered":"Armband mit strukturiertem Blattmotiv aus 22 Karat Gold"},"content":{"rendered":"<p><strong>Designkonzept<\/strong><\/p>\n<p>Inspiriert von der m\u00fchelosen Eleganz der Natur, zieren dieses Armband blattf\u00f6rmige Motive, die f\u00fcr Wachstum, Weiblichkeit und Erneuerung stehen. Die strukturierte Oberfl\u00e4che jedes Blattes sorgt f\u00fcr Tiefe und Schimmer und f\u00e4ngt das Licht aus jedem Winkel ein. Es verbindet traditionelles Design mit modernem, minimalistischem Charme und ist somit zeitlos und vielseitig.<\/p>\n<p><strong>Handwerkliches K\u00f6nnen<\/strong><\/p>\n<p>Das aus 22 Karat Gold handgefertigte Armband spiegelt das K\u00f6nnen und die Pr\u00e4zision traditioneller Goldschmiede wider. Jedes Blattglied wird einzeln gegossen und von Hand strukturiert, wodurch es ein raffiniertes Finish und ein unverwechselbares Muster erh\u00e4lt. Die nahtlose Verbindung zwischen den Elementen sorgt f\u00fcr Flexibilit\u00e4t und Komfort, w\u00e4hrend der robuste Verschluss Langlebigkeit f\u00fcr den t\u00e4glichen Gebrauch bietet.<\/p>\n<p><strong>Styling-Ideen<\/strong><\/p>\n<ul>\n<li>Alltagselegance: Tragen Sie es solo mit einer Uhr oder goldenen Ohrsteckern f\u00fcr einen eleganten B\u00fcro-Look.<\/li>\n<li>Luxus in mehreren Schichten: Kombinieren Sie es mit Armreifen oder anderen Goldarmb\u00e4ndern f\u00fcr einen edlen, festlichen Look.<\/li>\n<li>Besondere Anl\u00e4sse: Passt wunderbar zu traditionellen Kleidungsst\u00fccken wie Saris, Salwar-Anz\u00fcgen oder Lehengas.<\/li>\n<li>Geschenktipp: Perfekt als aufmerksamkeitsvolles Geschenk f\u00fcr Geburtstage, Jahrestage oder kulturelle Meilensteine.<\/li>\n<\/ul>","protected":false},"excerpt":{"rendered":"<p>Ein zartes Armband aus 22 Karat Gold mit aufwendig gestalteten Blattmotiven. Durch sein geringes Gewicht und seine klassische L\u00e4nge von 18 cm eignet es sich ideal f\u00fcr den eleganten Alltag oder als liebevolles Geschenk.<\/p>\n<ul>\n<li>22ct Gold Armband<\/li>\n<li>Wt. <b>\u00a03.8<\/b>\u00a0gms<\/li>\n<li>L\u00e4nge. 7 Zoll<\/li>\n<li>SKU. 45949<\/li>\n<li>Alle Preise inklusive Mehrwertsteuer<\/li>\n<li>Alle unsere Produkte sind durch das London Assay Office gestempelt.<\/li>\n<li>Mit Pr\u00e4sentationsbox<\/li>\n<li>Lieferung inbegriffen<\/li>\n<li>Kontaktieren Sie uns \/ chatten Sie mit uns f\u00fcr ein Video des Produkts<\/li>\n<li>Mehr Goldarmb\u00e4nder erkunden<\/li>\n<\/ul>","protected":false},"featured_media":359249,"comment_status":"closed","ping_status":"closed","template":"","meta":{"_eb_attr":"","_crsspst_to_jayantr4sg-hostcom":false},"product_brand":[],"product_cat":[1791,1559,1793,1324,1627,1229,5344,1575,1574,5349],"product_tag":[],"class_list":{"0":"post-337690","1":"product","2":"type-product","3":"status-publish","4":"has-post-thumbnail","6":"product_cat-anniversary-gifts","7":"product_cat-birthday-gifts","8":"product_cat-diwali-gifts","9":"product_cat-gold-bracelet","10":"product_cat-ladies-bracelet","11":"product_cat-22ct-gold-jewellery","12":"product_cat-jewellery-under-750","13":"product_cat-teenage-jewellery","14":"product_cat-womens-jewellery","15":"product_cat-yellow-gold-jewellery","17":"first","18":"outofstock","19":"taxable","20":"shipping-taxable","21":"product-type-simple","22":"add-to-wishlist-before_image"},"yoast_head":"<!-- This site is optimized with the Yoast SEO plugin v27.6 - https:\/\/yoast.com\/product\/yoast-seo-wordpress\/ -->\n<title>Textured Leaf Motif 22ct Gold Bracelet | PureJewels UK<\/title>\n<meta name=\"description\" content=\"Inspired by nature\u2019s delicate forms, this 22ct gold bracelet features intricately textured leaf motifs, handcrafted to evoke timeless charm and heritage.\" \/>\n<meta name=\"robots\" content=\"index, follow, max-snippet:-1, max-image-preview:large, max-video-preview:-1\" \/>\n<link rel=\"canonical\" href=\"https:\/\/www.purejewels.com\/de\/produkt-2\/damen-goldarmband-45949\/\" \/>\n<meta property=\"og:locale\" content=\"de_DE\" \/>\n<meta property=\"og:type\" content=\"article\" \/>\n<meta property=\"og:title\" content=\"Textured Leaf Motif 22ct Gold Bracelet | PureJewels UK\" \/>\n<meta property=\"og:description\" content=\"Inspired by nature\u2019s delicate forms, this 22ct gold bracelet features intricately textured leaf motifs, handcrafted to evoke timeless charm and heritage.\" \/>\n<meta property=\"og:url\" content=\"https:\/\/www.purejewels.com\/de\/produkt-2\/damen-goldarmband-45949\/\" \/>\n<meta property=\"og:site_name\" content=\"PureJewels UK\" \/>\n<meta property=\"article:modified_time\" content=\"2026-01-06T09:45:14+00:00\" \/>\n<meta property=\"og:image\" content=\"https:\/\/static.purejewels.com\/wp-content\/uploads\/2022\/06\/45949.png\" \/>\n\t<meta property=\"og:image:width\" content=\"1000\" \/>\n\t<meta property=\"og:image:height\" content=\"1000\" \/>\n\t<meta property=\"og:image:type\" content=\"image\/png\" \/>\n<meta name=\"twitter:card\" content=\"summary_large_image\" \/>\n<meta name=\"twitter:label1\" content=\"Gesch\u00e4tzte Lesezeit\" \/>\n\t<meta name=\"twitter:data1\" content=\"1\u00a0Minute\" \/>\n<script type=\"application\/ld+json\" class=\"yoast-schema-graph\">{\"@context\":\"https:\\\/\\\/schema.org\",\"@graph\":[{\"@type\":[\"WebPage\",\"ItemPage\"],\"@id\":\"https:\\\/\\\/www.purejewels.com\\\/product\\\/womens-gold-bracelet-45949\\\/\",\"url\":\"https:\\\/\\\/www.purejewels.com\\\/product\\\/womens-gold-bracelet-45949\\\/\",\"name\":\"Textured Leaf Motif 22ct Gold Bracelet | PureJewels UK\",\"isPartOf\":{\"@id\":\"https:\\\/\\\/www.purejewels.com\\\/#website\"},\"primaryImageOfPage\":{\"@id\":\"https:\\\/\\\/www.purejewels.com\\\/product\\\/womens-gold-bracelet-45949\\\/#primaryimage\"},\"image\":{\"@id\":\"https:\\\/\\\/www.purejewels.com\\\/product\\\/womens-gold-bracelet-45949\\\/#primaryimage\"},\"thumbnailUrl\":\"https:\\\/\\\/static.purejewels.com\\\/wp-content\\\/uploads\\\/2022\\\/06\\\/45949.png\",\"datePublished\":\"2022-06-30T04:10:40+00:00\",\"dateModified\":\"2026-01-06T09:45:14+00:00\",\"description\":\"Inspired by nature\u2019s delicate forms, this 22ct gold bracelet features intricately textured leaf motifs, handcrafted to evoke timeless charm and heritage.\",\"breadcrumb\":{\"@id\":\"https:\\\/\\\/www.purejewels.com\\\/product\\\/womens-gold-bracelet-45949\\\/#breadcrumb\"},\"inLanguage\":\"de\",\"potentialAction\":[{\"@type\":\"ReadAction\",\"target\":[\"https:\\\/\\\/www.purejewels.com\\\/product\\\/womens-gold-bracelet-45949\\\/\"]}]},{\"@type\":\"ImageObject\",\"inLanguage\":\"de\",\"@id\":\"https:\\\/\\\/www.purejewels.com\\\/product\\\/womens-gold-bracelet-45949\\\/#primaryimage\",\"url\":\"https:\\\/\\\/static.purejewels.com\\\/wp-content\\\/uploads\\\/2022\\\/06\\\/45949.png\",\"contentUrl\":\"https:\\\/\\\/static.purejewels.com\\\/wp-content\\\/uploads\\\/2022\\\/06\\\/45949.png\",\"width\":1000,\"height\":1000,\"caption\":\"22ct Gold Bracelet\"},{\"@type\":\"BreadcrumbList\",\"@id\":\"https:\\\/\\\/www.purejewels.com\\\/product\\\/womens-gold-bracelet-45949\\\/#breadcrumb\",\"itemListElement\":[{\"@type\":\"ListItem\",\"position\":1,\"name\":\"Home\",\"item\":\"https:\\\/\\\/www.purejewels.com\\\/\"},{\"@type\":\"ListItem\",\"position\":2,\"name\":\"Shop\",\"item\":\"https:\\\/\\\/www.purejewels.com\\\/shop\\\/\"},{\"@type\":\"ListItem\",\"position\":3,\"name\":\"Textured Leaf Motif 22ct Gold Bracelet\"}]},{\"@type\":\"WebSite\",\"@id\":\"https:\\\/\\\/www.purejewels.com\\\/#website\",\"url\":\"https:\\\/\\\/www.purejewels.com\\\/\",\"name\":\"PureJewels UK\",\"description\":\"Share the Love\",\"publisher\":{\"@id\":\"https:\\\/\\\/www.purejewels.com\\\/#organization\"},\"potentialAction\":[{\"@type\":\"SearchAction\",\"target\":{\"@type\":\"EntryPoint\",\"urlTemplate\":\"https:\\\/\\\/www.purejewels.com\\\/?s={search_term_string}\"},\"query-input\":{\"@type\":\"PropertyValueSpecification\",\"valueRequired\":true,\"valueName\":\"search_term_string\"}}],\"inLanguage\":\"de\"},{\"@type\":\"Organization\",\"@id\":\"https:\\\/\\\/www.purejewels.com\\\/#organization\",\"name\":\"PureJewels UK\",\"url\":\"https:\\\/\\\/www.purejewels.com\\\/\",\"logo\":{\"@type\":\"ImageObject\",\"inLanguage\":\"de\",\"@id\":\"https:\\\/\\\/www.purejewels.com\\\/#\\\/schema\\\/logo\\\/image\\\/\",\"url\":\"https:\\\/\\\/static.purejewels.com\\\/wp-content\\\/uploads\\\/2020\\\/11\\\/Logo-PJ-New-1.png\",\"contentUrl\":\"https:\\\/\\\/static.purejewels.com\\\/wp-content\\\/uploads\\\/2020\\\/11\\\/Logo-PJ-New-1.png\",\"width\":150,\"height\":80,\"caption\":\"PureJewels UK\"},\"image\":{\"@id\":\"https:\\\/\\\/www.purejewels.com\\\/#\\\/schema\\\/logo\\\/image\\\/\"}}]}<\/script>\n<!-- \/ Yoast SEO plugin. -->","yoast_head_json":{"title":"Armband mit strukturiertem Blattmotiv aus 22 Karat Gold | PureJewels UK","description":"Inspiriert von den zarten Formen der Natur, besticht dieses Armband aus 22 Karat Gold durch aufwendig gearbeitete Blattmotive, die ihm einen zeitlosen Charme und Tradition verleihen.","robots":{"index":"index","follow":"follow","max-snippet":"max-snippet:-1","max-image-preview":"max-image-preview:large","max-video-preview":"max-video-preview:-1"},"canonical":"https:\/\/www.purejewels.com\/de\/produkt-2\/damen-goldarmband-45949\/","og_locale":"de_DE","og_type":"article","og_title":"Textured Leaf Motif 22ct Gold Bracelet | PureJewels UK","og_description":"Inspired by nature\u2019s delicate forms, this 22ct gold bracelet features intricately textured leaf motifs, handcrafted to evoke timeless charm and heritage.","og_url":"https:\/\/www.purejewels.com\/de\/produkt-2\/damen-goldarmband-45949\/","og_site_name":"PureJewels UK","article_modified_time":"2026-01-06T09:45:14+00:00","og_image":[{"width":1000,"height":1000,"url":"https:\/\/static.purejewels.com\/wp-content\/uploads\/2022\/06\/45949.png","type":"image\/png"}],"twitter_card":"summary_large_image","twitter_misc":{"Gesch\u00e4tzte Lesezeit":"1\u00a0Minute"},"schema":{"@context":"https:\/\/schema.org","@graph":[{"@type":["WebPage","ItemPage"],"@id":"https:\/\/www.purejewels.com\/product\/womens-gold-bracelet-45949\/","url":"https:\/\/www.purejewels.com\/product\/womens-gold-bracelet-45949\/","name":"Armband mit strukturiertem Blattmotiv aus 22 Karat Gold | PureJewels UK","isPartOf":{"@id":"https:\/\/www.purejewels.com\/#website"},"primaryImageOfPage":{"@id":"https:\/\/www.purejewels.com\/product\/womens-gold-bracelet-45949\/#primaryimage"},"image":{"@id":"https:\/\/www.purejewels.com\/product\/womens-gold-bracelet-45949\/#primaryimage"},"thumbnailUrl":"https:\/\/static.purejewels.com\/wp-content\/uploads\/2022\/06\/45949.png","datePublished":"2022-06-30T04:10:40+00:00","dateModified":"2026-01-06T09:45:14+00:00","description":"Inspiriert von den zarten Formen der Natur, besticht dieses Armband aus 22 Karat Gold durch aufwendig gearbeitete Blattmotive, die ihm einen zeitlosen Charme und Tradition verleihen.","breadcrumb":{"@id":"https:\/\/www.purejewels.com\/product\/womens-gold-bracelet-45949\/#breadcrumb"},"inLanguage":"de","potentialAction":[{"@type":"ReadAction","target":["https:\/\/www.purejewels.com\/product\/womens-gold-bracelet-45949\/"]}]},{"@type":"ImageObject","inLanguage":"de","@id":"https:\/\/www.purejewels.com\/product\/womens-gold-bracelet-45949\/#primaryimage","url":"https:\/\/static.purejewels.com\/wp-content\/uploads\/2022\/06\/45949.png","contentUrl":"https:\/\/static.purejewels.com\/wp-content\/uploads\/2022\/06\/45949.png","width":1000,"height":1000,"caption":"22ct Gold Bracelet"},{"@type":"BreadcrumbList","@id":"https:\/\/www.purejewels.com\/product\/womens-gold-bracelet-45949\/#breadcrumb","itemListElement":[{"@type":"ListItem","position":1,"name":"Home","item":"https:\/\/www.purejewels.com\/"},{"@type":"ListItem","position":2,"name":"Shop","item":"https:\/\/www.purejewels.com\/shop\/"},{"@type":"ListItem","position":3,"name":"Textured Leaf Motif 22ct Gold Bracelet"}]},{"@type":"WebSite","@id":"https:\/\/www.purejewels.com\/#website","url":"https:\/\/www.purejewels.com\/","name":"PureJewels UK","description":"Teile die Liebe","publisher":{"@id":"https:\/\/www.purejewels.com\/#organization"},"potentialAction":[{"@type":"SearchAction","target":{"@type":"EntryPoint","urlTemplate":"https:\/\/www.purejewels.com\/?s={search_term_string}"},"query-input":{"@type":"PropertyValueSpecification","valueRequired":true,"valueName":"search_term_string"}}],"inLanguage":"de"},{"@type":"Organization","@id":"https:\/\/www.purejewels.com\/#organization","name":"PureJewels UK","url":"https:\/\/www.purejewels.com\/","logo":{"@type":"ImageObject","inLanguage":"de","@id":"https:\/\/www.purejewels.com\/#\/schema\/logo\/image\/","url":"https:\/\/static.purejewels.com\/wp-content\/uploads\/2020\/11\/Logo-PJ-New-1.png","contentUrl":"https:\/\/static.purejewels.com\/wp-content\/uploads\/2020\/11\/Logo-PJ-New-1.png","width":150,"height":80,"caption":"PureJewels UK"},"image":{"@id":"https:\/\/www.purejewels.com\/#\/schema\/logo\/image\/"}}]}},"_links":{"self":[{"href":"https:\/\/www.purejewels.com\/de\/wp-json\/wp\/v2\/product\/337690","targetHints":{"allow":["GET"]}}],"collection":[{"href":"https:\/\/www.purejewels.com\/de\/wp-json\/wp\/v2\/product"}],"about":[{"href":"https:\/\/www.purejewels.com\/de\/wp-json\/wp\/v2\/types\/product"}],"replies":[{"embeddable":true,"href":"https:\/\/www.purejewels.com\/de\/wp-json\/wp\/v2\/comments?post=337690"}],"version-history":[{"count":3,"href":"https:\/\/www.purejewels.com\/de\/wp-json\/wp\/v2\/product\/337690\/revisions"}],"predecessor-version":[{"id":422870,"href":"https:\/\/www.purejewels.com\/de\/wp-json\/wp\/v2\/product\/337690\/revisions\/422870"}],"wp:featuredmedia":[{"embeddable":true,"href":"https:\/\/www.purejewels.com\/de\/wp-json\/wp\/v2\/media\/359249"}],"wp:attachment":[{"href":"https:\/\/www.purejewels.com\/de\/wp-json\/wp\/v2\/media?parent=337690"}],"wp:term":[{"taxonomy":"product_brand","embeddable":true,"href":"https:\/\/www.purejewels.com\/de\/wp-json\/wp\/v2\/product_brand?post=337690"},{"taxonomy":"product_cat","embeddable":true,"href":"https:\/\/www.purejewels.com\/de\/wp-json\/wp\/v2\/product_cat?post=337690"},{"taxonomy":"product_tag","embeddable":true,"href":"https:\/\/www.purejewels.com\/de\/wp-json\/wp\/v2\/product_tag?post=337690"}],"curies":[{"name":"wp","href":"https:\/\/api.w.org\/{rel}","templated":true}]}}