{"id":337751,"date":"2022-07-01T07:17:50","date_gmt":"2022-07-01T06:17:50","guid":{"rendered":"https:\/\/www.purejewels.com\/?post_type=product&#038;p=337751"},"modified":"2026-05-04T05:59:26","modified_gmt":"2026-05-04T04:59:26","slug":"22ct-gold-partei-tragen-armreif-rosetten-sammlung-2-5-schwergewicht-50662","status":"publish","type":"product","link":"https:\/\/www.purejewels.com\/de\/product\/22ct-gold-party-wear-bangle-rosettes-collection-2-5-heavyweight-50662\/","title":{"rendered":"22ct Gold Party Wear Armreif | Rosette Kollektion | Gr\u00f6\u00dfe 2.4"},"content":{"rendered":"<p data-start=\"329\" data-end=\"933\"><strong data-start=\"329\" data-end=\"367\">Designkonzept<\/strong><br data-start=\"367\" data-end=\"370\" \/>Inspiriert von der Idee, dass Ihre Geschichte ein Mosaik aus Momenten ist, ist dieser Armreif Teil unserer Rosette Collection, in der sich jedes Motiv wie eine bl\u00fchende Blume entfaltet. Das zentrale Rosettenelement ist der Anker des Designs und symbolisiert Feiern, Wachstum und die Sch\u00f6nheit der Lebensreise. Die flie\u00dfenden, von Blumen und Paisley inspirierten Formen, die es umgeben, spiegeln die Natur in Bewegung wider - sanft, organisch und mit leiser Kraft. Dieses Zusammenspiel von Symmetrie und Flie\u00dfen spiegelt die Philosophie von PureJewels wider, die Tradition zu ehren und gleichzeitig moderne Ausdrucksformen zu f\u00f6rdern.<\/p>\n<p data-start=\"935\" data-end=\"1475\"><strong data-start=\"935\" data-end=\"971\">Handwerkliches K\u00f6nnen\u00a0<\/strong><br data-start=\"971\" data-end=\"974\" \/>Dieser aus reichem 22-kar\u00e4tigem Gold gefertigte Armreif ist ein Zeugnis meisterhafter Die Stamp-Kunst - hier trifft Pr\u00e4zision auf handgefertigte Details. Jedes Motiv wurde sorgf\u00e4ltig geformt, um Tiefe und Textur zu erzeugen, w\u00e4hrend das innere Gitter f\u00fcr ein leichtes, angenehmes Tragegef\u00fchl sorgt, ohne die Festigkeit zu beeintr\u00e4chtigen. Die skulpturalen Reliefs, die feine K\u00f6rnung und die polierten Glanzlichter lassen in jeder Kurve die Hand des Kunsthandwerkers erkennen - eine Technik, die \u00fcber Generationen hinweg weitergegeben wurde.<\/p>\n<p data-start=\"1477\" data-end=\"1922\"><strong data-start=\"1477\" data-end=\"1516\">Styling-Ideen<\/strong><br data-start=\"1516\" data-end=\"1519\" \/>Dieser Armreif ist ein eigenst\u00e4ndiges Statement und l\u00e4sst sich sowohl mit traditionellen als auch mit modernen Ensembles kombinieren. Tragen Sie ihn allein f\u00fcr einen raffinierten, selbstbewussten Look bei Feierlichkeiten oder kombinieren Sie ihn mit schlankeren goldenen Armreifen f\u00fcr einen reicheren, ausdrucksvolleren Stapel. Sein warmer Goldton passt zu Brautkleidern, festlicher Kleidung und sogar zu einem dezenten Abendlook - ein vielseitiges Erbst\u00fcck f\u00fcr moderne Anl\u00e4sse.<\/p>","protected":false},"excerpt":{"rendered":"<table class=\"sh_desc\">\n<tbody>\n<tr>\n<td>Art des Armreifs<\/td>\n<td>Brautmode Kada<\/td>\n<\/tr>\n<tr>\n<td>SKU<\/td>\n<td>54646, 54645<\/td>\n<\/tr>\n<tr>\n<td>Gewicht<\/td>\n<td>24,58 Gramm<\/td>\n<\/tr>\n<tr>\n<td>Metall<\/td>\n<td>22ct Gold<\/td>\n<\/tr>\n<tr>\n<td>Armreif Gr\u00f6\u00dfe<\/td>\n<td>2.4 (Weitere Gr\u00f6\u00dfen bitte anfragen)<\/td>\n<\/tr>\n<tr>\n<td>KatalogID<\/td>\n<td>R1038<\/td>\n<\/tr>\n<tr>\n<td>Sammlung<\/td>\n<td><strong>Kollektion Rosetten<\/strong><\/td>\n<\/tr>\n<tr>\n<td>Wahrzeichen<\/td>\n<td>22ct Gold gestempelt von London Assay Office<\/td>\n<\/tr>\n<tr>\n<td>Entgelte<\/td>\n<td>Lieferung und Mehrwertsteuer inbegriffen<\/td>\n<\/tr>\n<tr>\n<td>Verpackung<\/td>\n<td>Mit Pr\u00e4sentationsbox<\/td>\n<\/tr>\n<tr>\n<td>Mehr Informationen<\/td>\n<td>\n<ul>\n<li>Hinweis: Live-Chat mit uns f\u00fcr die Verf\u00fcgbarkeit und mehr Bilder<\/li>\n<\/ul>\n<\/td>\n<\/tr>\n<\/tbody>\n<\/table>\n<p>&nbsp;<\/p>","protected":false},"featured_media":429281,"comment_status":"closed","ping_status":"closed","template":"","meta":{"_eb_attr":"","_crsspst_to_jayantr4sg-hostcom":false},"product_brand":[],"product_cat":[1659,5270,5370,1233,1229,5271,5273,1656,1573,1574],"product_tag":[],"class_list":{"0":"post-337751","1":"product","2":"type-product","3":"status-publish","4":"has-post-thumbnail","6":"product_cat-bridal-and-party-wear-gold-kada-bangle","7":"product_cat-daily-wear-bangles","8":"product_cat-ethnic-jewellery","9":"product_cat-gold-bangles","10":"product_cat-22ct-gold-jewellery","11":"product_cat-occasion-wear-bangles","12":"product_cat-22ct-gold-poncha-bracelet","13":"product_cat-rosettes-collections","14":"product_cat-wedding-gifts","15":"product_cat-womens-jewellery","17":"first","18":"instock","19":"taxable","20":"shipping-taxable","21":"purchasable","22":"product-type-simple","23":"add-to-wishlist-before_image"},"yoast_head":"<!-- This site is optimized with the Yoast SEO plugin v27.5 - https:\/\/yoast.com\/product\/yoast-seo-wordpress\/ -->\n<title>22ct Gold Party Wear Bangle | Rosettes Collection | Heavyweight<\/title>\n<meta name=\"description\" content=\"Order online 22ct gold party wear bangle from Rosettes Collection. This heavyweight bangle is perfect for any special occasion and is sure to turn heads.\" \/>\n<meta name=\"robots\" content=\"index, follow, max-snippet:-1, max-image-preview:large, max-video-preview:-1\" \/>\n<link rel=\"canonical\" href=\"https:\/\/www.purejewels.com\/de\/produkt-2\/22ct-gold-partei-tragen-armreif-rosetten-sammlung-2-5-schwergewicht-50662\/\" \/>\n<meta property=\"og:locale\" content=\"de_DE\" \/>\n<meta property=\"og:type\" content=\"article\" \/>\n<meta property=\"og:title\" content=\"22ct Gold Party Wear Bangle | Rosettes Collection | Heavyweight\" \/>\n<meta property=\"og:description\" content=\"Order online 22ct gold party wear bangle from Rosettes Collection. This heavyweight bangle is perfect for any special occasion and is sure to turn heads.\" \/>\n<meta property=\"og:url\" content=\"https:\/\/www.purejewels.com\/de\/produkt-2\/22ct-gold-partei-tragen-armreif-rosetten-sammlung-2-5-schwergewicht-50662\/\" \/>\n<meta property=\"og:site_name\" content=\"PureJewels UK\" \/>\n<meta property=\"article:modified_time\" content=\"2026-05-04T04:59:26+00:00\" \/>\n<meta property=\"og:image\" content=\"https:\/\/static.purejewels.com\/wp-content\/uploads\/2022\/07\/jwbnkdrs033s4-open-clasp.jpg\" \/>\n\t<meta property=\"og:image:width\" content=\"1000\" \/>\n\t<meta property=\"og:image:height\" content=\"1000\" \/>\n\t<meta property=\"og:image:type\" content=\"image\/jpeg\" \/>\n<meta name=\"twitter:card\" content=\"summary_large_image\" \/>\n<meta name=\"twitter:label1\" content=\"Gesch\u00e4tzte Lesezeit\" \/>\n\t<meta name=\"twitter:data1\" content=\"2\u00a0Minuten\" \/>\n<script type=\"application\/ld+json\" class=\"yoast-schema-graph\">{\"@context\":\"https:\\\/\\\/schema.org\",\"@graph\":[{\"@type\":[\"WebPage\",\"ItemPage\"],\"@id\":\"https:\\\/\\\/www.purejewels.com\\\/product\\\/22ct-gold-party-wear-bangle-rosettes-collection-2-5-heavyweight-50662\\\/\",\"url\":\"https:\\\/\\\/www.purejewels.com\\\/product\\\/22ct-gold-party-wear-bangle-rosettes-collection-2-5-heavyweight-50662\\\/\",\"name\":\"22ct Gold Party Wear Bangle | Rosettes Collection | Heavyweight\",\"isPartOf\":{\"@id\":\"https:\\\/\\\/www.purejewels.com\\\/#website\"},\"primaryImageOfPage\":{\"@id\":\"https:\\\/\\\/www.purejewels.com\\\/product\\\/22ct-gold-party-wear-bangle-rosettes-collection-2-5-heavyweight-50662\\\/#primaryimage\"},\"image\":{\"@id\":\"https:\\\/\\\/www.purejewels.com\\\/product\\\/22ct-gold-party-wear-bangle-rosettes-collection-2-5-heavyweight-50662\\\/#primaryimage\"},\"thumbnailUrl\":\"https:\\\/\\\/static.purejewels.com\\\/wp-content\\\/uploads\\\/2022\\\/07\\\/jwbnkdrs033s4-open-clasp.jpg\",\"datePublished\":\"2022-07-01T06:17:50+00:00\",\"dateModified\":\"2026-05-04T04:59:26+00:00\",\"description\":\"Order online 22ct gold party wear bangle from Rosettes Collection. This heavyweight bangle is perfect for any special occasion and is sure to turn heads.\",\"breadcrumb\":{\"@id\":\"https:\\\/\\\/www.purejewels.com\\\/product\\\/22ct-gold-party-wear-bangle-rosettes-collection-2-5-heavyweight-50662\\\/#breadcrumb\"},\"inLanguage\":\"de\",\"potentialAction\":[{\"@type\":\"ReadAction\",\"target\":[\"https:\\\/\\\/www.purejewels.com\\\/product\\\/22ct-gold-party-wear-bangle-rosettes-collection-2-5-heavyweight-50662\\\/\"]}]},{\"@type\":\"ImageObject\",\"inLanguage\":\"de\",\"@id\":\"https:\\\/\\\/www.purejewels.com\\\/product\\\/22ct-gold-party-wear-bangle-rosettes-collection-2-5-heavyweight-50662\\\/#primaryimage\",\"url\":\"https:\\\/\\\/static.purejewels.com\\\/wp-content\\\/uploads\\\/2022\\\/07\\\/jwbnkdrs033s4-open-clasp.jpg\",\"contentUrl\":\"https:\\\/\\\/static.purejewels.com\\\/wp-content\\\/uploads\\\/2022\\\/07\\\/jwbnkdrs033s4-open-clasp.jpg\",\"width\":1000,\"height\":1000},{\"@type\":\"BreadcrumbList\",\"@id\":\"https:\\\/\\\/www.purejewels.com\\\/product\\\/22ct-gold-party-wear-bangle-rosettes-collection-2-5-heavyweight-50662\\\/#breadcrumb\",\"itemListElement\":[{\"@type\":\"ListItem\",\"position\":1,\"name\":\"Home\",\"item\":\"https:\\\/\\\/www.purejewels.com\\\/\"},{\"@type\":\"ListItem\",\"position\":2,\"name\":\"Shop\",\"item\":\"https:\\\/\\\/www.purejewels.com\\\/shop\\\/\"},{\"@type\":\"ListItem\",\"position\":3,\"name\":\"22ct Gold Party Wear Bangle | Rosette Collection | Size 2.4\"}]},{\"@type\":\"WebSite\",\"@id\":\"https:\\\/\\\/www.purejewels.com\\\/#website\",\"url\":\"https:\\\/\\\/www.purejewels.com\\\/\",\"name\":\"PureJewels UK\",\"description\":\"Share the Love\",\"publisher\":{\"@id\":\"https:\\\/\\\/www.purejewels.com\\\/#organization\"},\"potentialAction\":[{\"@type\":\"SearchAction\",\"target\":{\"@type\":\"EntryPoint\",\"urlTemplate\":\"https:\\\/\\\/www.purejewels.com\\\/?s={search_term_string}\"},\"query-input\":{\"@type\":\"PropertyValueSpecification\",\"valueRequired\":true,\"valueName\":\"search_term_string\"}}],\"inLanguage\":\"de\"},{\"@type\":\"Organization\",\"@id\":\"https:\\\/\\\/www.purejewels.com\\\/#organization\",\"name\":\"PureJewels UK\",\"url\":\"https:\\\/\\\/www.purejewels.com\\\/\",\"logo\":{\"@type\":\"ImageObject\",\"inLanguage\":\"de\",\"@id\":\"https:\\\/\\\/www.purejewels.com\\\/#\\\/schema\\\/logo\\\/image\\\/\",\"url\":\"https:\\\/\\\/static.purejewels.com\\\/wp-content\\\/uploads\\\/2020\\\/11\\\/Logo-PJ-New-1.png\",\"contentUrl\":\"https:\\\/\\\/static.purejewels.com\\\/wp-content\\\/uploads\\\/2020\\\/11\\\/Logo-PJ-New-1.png\",\"width\":150,\"height\":80,\"caption\":\"PureJewels UK\"},\"image\":{\"@id\":\"https:\\\/\\\/www.purejewels.com\\\/#\\\/schema\\\/logo\\\/image\\\/\"}}]}<\/script>\n<!-- \/ Yoast SEO plugin. -->","yoast_head_json":{"title":"22ct Gold Party Wear Armreif | Rosetten Kollektion | Schwergewicht","description":"Bestellen Sie online einen Armreif aus 22 Karat Gold von Rosettes Collection. Dieser schwergewichtige Armreif ist perfekt f\u00fcr jeden besonderen Anlass und zieht garantiert alle Blicke auf sich.","robots":{"index":"index","follow":"follow","max-snippet":"max-snippet:-1","max-image-preview":"max-image-preview:large","max-video-preview":"max-video-preview:-1"},"canonical":"https:\/\/www.purejewels.com\/de\/produkt-2\/22ct-gold-partei-tragen-armreif-rosetten-sammlung-2-5-schwergewicht-50662\/","og_locale":"de_DE","og_type":"article","og_title":"22ct Gold Party Wear Bangle | Rosettes Collection | Heavyweight","og_description":"Order online 22ct gold party wear bangle from Rosettes Collection. This heavyweight bangle is perfect for any special occasion and is sure to turn heads.","og_url":"https:\/\/www.purejewels.com\/de\/produkt-2\/22ct-gold-partei-tragen-armreif-rosetten-sammlung-2-5-schwergewicht-50662\/","og_site_name":"PureJewels UK","article_modified_time":"2026-05-04T04:59:26+00:00","og_image":[{"width":1000,"height":1000,"url":"https:\/\/static.purejewels.com\/wp-content\/uploads\/2022\/07\/jwbnkdrs033s4-open-clasp.jpg","type":"image\/jpeg"}],"twitter_card":"summary_large_image","twitter_misc":{"Gesch\u00e4tzte Lesezeit":"2\u00a0Minuten"},"schema":{"@context":"https:\/\/schema.org","@graph":[{"@type":["WebPage","ItemPage"],"@id":"https:\/\/www.purejewels.com\/product\/22ct-gold-party-wear-bangle-rosettes-collection-2-5-heavyweight-50662\/","url":"https:\/\/www.purejewels.com\/product\/22ct-gold-party-wear-bangle-rosettes-collection-2-5-heavyweight-50662\/","name":"22ct Gold Party Wear Armreif | Rosetten Kollektion | Schwergewicht","isPartOf":{"@id":"https:\/\/www.purejewels.com\/#website"},"primaryImageOfPage":{"@id":"https:\/\/www.purejewels.com\/product\/22ct-gold-party-wear-bangle-rosettes-collection-2-5-heavyweight-50662\/#primaryimage"},"image":{"@id":"https:\/\/www.purejewels.com\/product\/22ct-gold-party-wear-bangle-rosettes-collection-2-5-heavyweight-50662\/#primaryimage"},"thumbnailUrl":"https:\/\/static.purejewels.com\/wp-content\/uploads\/2022\/07\/jwbnkdrs033s4-open-clasp.jpg","datePublished":"2022-07-01T06:17:50+00:00","dateModified":"2026-05-04T04:59:26+00:00","description":"Bestellen Sie online einen Armreif aus 22 Karat Gold von Rosettes Collection. Dieser schwergewichtige Armreif ist perfekt f\u00fcr jeden besonderen Anlass und zieht garantiert alle Blicke auf sich.","breadcrumb":{"@id":"https:\/\/www.purejewels.com\/product\/22ct-gold-party-wear-bangle-rosettes-collection-2-5-heavyweight-50662\/#breadcrumb"},"inLanguage":"de","potentialAction":[{"@type":"ReadAction","target":["https:\/\/www.purejewels.com\/product\/22ct-gold-party-wear-bangle-rosettes-collection-2-5-heavyweight-50662\/"]}]},{"@type":"ImageObject","inLanguage":"de","@id":"https:\/\/www.purejewels.com\/product\/22ct-gold-party-wear-bangle-rosettes-collection-2-5-heavyweight-50662\/#primaryimage","url":"https:\/\/static.purejewels.com\/wp-content\/uploads\/2022\/07\/jwbnkdrs033s4-open-clasp.jpg","contentUrl":"https:\/\/static.purejewels.com\/wp-content\/uploads\/2022\/07\/jwbnkdrs033s4-open-clasp.jpg","width":1000,"height":1000},{"@type":"BreadcrumbList","@id":"https:\/\/www.purejewels.com\/product\/22ct-gold-party-wear-bangle-rosettes-collection-2-5-heavyweight-50662\/#breadcrumb","itemListElement":[{"@type":"ListItem","position":1,"name":"Home","item":"https:\/\/www.purejewels.com\/"},{"@type":"ListItem","position":2,"name":"Shop","item":"https:\/\/www.purejewels.com\/shop\/"},{"@type":"ListItem","position":3,"name":"22ct Gold Party Wear Bangle | Rosette Collection | Size 2.4"}]},{"@type":"WebSite","@id":"https:\/\/www.purejewels.com\/#website","url":"https:\/\/www.purejewels.com\/","name":"PureJewels UK","description":"Teile die Liebe","publisher":{"@id":"https:\/\/www.purejewels.com\/#organization"},"potentialAction":[{"@type":"SearchAction","target":{"@type":"EntryPoint","urlTemplate":"https:\/\/www.purejewels.com\/?s={search_term_string}"},"query-input":{"@type":"PropertyValueSpecification","valueRequired":true,"valueName":"search_term_string"}}],"inLanguage":"de"},{"@type":"Organization","@id":"https:\/\/www.purejewels.com\/#organization","name":"PureJewels UK","url":"https:\/\/www.purejewels.com\/","logo":{"@type":"ImageObject","inLanguage":"de","@id":"https:\/\/www.purejewels.com\/#\/schema\/logo\/image\/","url":"https:\/\/static.purejewels.com\/wp-content\/uploads\/2020\/11\/Logo-PJ-New-1.png","contentUrl":"https:\/\/static.purejewels.com\/wp-content\/uploads\/2020\/11\/Logo-PJ-New-1.png","width":150,"height":80,"caption":"PureJewels UK"},"image":{"@id":"https:\/\/www.purejewels.com\/#\/schema\/logo\/image\/"}}]}},"_links":{"self":[{"href":"https:\/\/www.purejewels.com\/de\/wp-json\/wp\/v2\/product\/337751","targetHints":{"allow":["GET"]}}],"collection":[{"href":"https:\/\/www.purejewels.com\/de\/wp-json\/wp\/v2\/product"}],"about":[{"href":"https:\/\/www.purejewels.com\/de\/wp-json\/wp\/v2\/types\/product"}],"replies":[{"embeddable":true,"href":"https:\/\/www.purejewels.com\/de\/wp-json\/wp\/v2\/comments?post=337751"}],"version-history":[{"count":3,"href":"https:\/\/www.purejewels.com\/de\/wp-json\/wp\/v2\/product\/337751\/revisions"}],"predecessor-version":[{"id":429285,"href":"https:\/\/www.purejewels.com\/de\/wp-json\/wp\/v2\/product\/337751\/revisions\/429285"}],"wp:featuredmedia":[{"embeddable":true,"href":"https:\/\/www.purejewels.com\/de\/wp-json\/wp\/v2\/media\/429281"}],"wp:attachment":[{"href":"https:\/\/www.purejewels.com\/de\/wp-json\/wp\/v2\/media?parent=337751"}],"wp:term":[{"taxonomy":"product_brand","embeddable":true,"href":"https:\/\/www.purejewels.com\/de\/wp-json\/wp\/v2\/product_brand?post=337751"},{"taxonomy":"product_cat","embeddable":true,"href":"https:\/\/www.purejewels.com\/de\/wp-json\/wp\/v2\/product_cat?post=337751"},{"taxonomy":"product_tag","embeddable":true,"href":"https:\/\/www.purejewels.com\/de\/wp-json\/wp\/v2\/product_tag?post=337751"}],"curies":[{"name":"wp","href":"https:\/\/api.w.org\/{rel}","templated":true}]}}