{"id":337768,"date":"2024-07-17T08:45:19","date_gmt":"2024-07-17T07:45:19","guid":{"rendered":"https:\/\/www.purejewels.com\/?post_type=product&#038;p=337768"},"modified":"2026-03-04T07:56:40","modified_gmt":"2026-03-04T07:56:40","slug":"22ct-gold-armreif-fur-damen-rosetten-sammlung-2-4-mittelschwer-41589","status":"publish","type":"product","link":"https:\/\/www.purejewels.com\/de\/product\/22ct-gold-bangle-for-ladies-rosettes-collection-2-4-mediumweight-41589\/","title":{"rendered":"22ct Gelbgold Brautarmreif | Rosetten Kollektion"},"content":{"rendered":"<p data-start=\"394\" data-end=\"730\">Zelebrieren Sie die zeitlose Anmut des Erbes mit diesem bezaubernden <strong data-start=\"456\" data-end=\"490\"><a href=\"https:\/\/www.purejewels.com\/de\/a-guide-to-die-stamping\/\">Kollektion Rosette<\/a> Braut-Kada<\/strong>meisterhaft handgefertigt in <strong data-start=\"519\" data-end=\"540\">22ct Sonnenaufgang Gold<\/strong>. Dieser Armreif wurde f\u00fcr die moderne Frau entworfen, die Traditionen sch\u00e4tzt, und zeigt die raffinierten Motive unserer <strong data-start=\"644\" data-end=\"666\">Kollektion Rosette<\/strong>und w\u00fcrdigt die poetischen Formen der Natur und die Reisen, die sie inspirieren.<\/p>\n<p data-start=\"732\" data-end=\"1086\">Liebevoll geschmiedet nach dem alten <strong data-start=\"766\" data-end=\"792\">Stanztechnik<\/strong>Jedes Detail wird mit Pr\u00e4zision aufgedruckt, um Langlebigkeit und Besonderheit zu gew\u00e4hrleisten. Dieser handgefertigte Armreif ist <strong data-start=\"901\" data-end=\"925\">ideal f\u00fcr den t\u00e4glichen Gebrauch<\/strong>und bietet sowohl Eleganz als auch Widerstandsf\u00e4higkeit. Sollte das Leben es mit Abnutzung oder Biegen markieren, wissen, dass es ist <strong data-start=\"1024\" data-end=\"1044\">voll reparaturf\u00e4hig<\/strong>und bewahrt ihr Erbe f\u00fcr die kommenden Jahre.<\/p>\n<p data-start=\"1088\" data-end=\"1227\">Als Symbol f\u00fcr best\u00e4ndige Handwerkskunst und kulturelle Sch\u00f6nheit ist diese Kada eine strahlende Wahl f\u00fcr Brautanl\u00e4sse und allt\u00e4gliches Geschichtenerz\u00e4hlen gleicherma\u00dfen.<\/p>\n<p>Bereichs-ID: JWBNSMRS002<br \/>\nSKU: 47405, 47406<\/p>","protected":false},"excerpt":{"rendered":"<p>Diese Armreifen aus 22-kar\u00e4tigem Gold aus der Rosettes-Kollektion zeichnen sich durch filigrane Blumenmuster aus, die die Meilensteine des Lebens feiern. Ihre kunstvollen Details verbinden den Charme des Erbes mit einer strahlenden, femininen Eleganz.<\/p>\n<p><strong>Art der Armspange:<\/strong> T\u00e4gliche Abnutzung<br \/>\n<strong>SKU:<\/strong> 47405, 47406, 54651, 54653<br \/>\n<strong>Gewicht:<\/strong> 13,77 Gramm<br \/>\n<strong>Metall:<\/strong> 22ct Gold<br \/>\n<strong>Armreif Gr\u00f6\u00dfe:<\/strong> 2.6(Andere Gr\u00f6\u00dfen auf Anfrage erh\u00e4ltlich)<br \/>\n<strong>KatalogID:<\/strong> R1022<br \/>\n<strong>Wahrzeichen:<\/strong> Britisches G\u00fctesiegel<br \/>\n<strong>Anklagen:<\/strong> Lieferung und Mehrwertsteuer inbegriffen<\/p>\n<ul>\n<li>Hinweis: Der hier angegebene Preis gilt f\u00fcr eine einzelne Kada<\/li>\n<li>Live-Chat mit uns f\u00fcr Verf\u00fcgbarkeit und mehr Bilder<\/li>\n<\/ul>","protected":false},"featured_media":337761,"comment_status":"closed","ping_status":"closed","template":"","meta":{"_eb_attr":"","_crsspst_to_jayantr4sg-hostcom":false},"product_brand":[],"product_cat":[5270,1233,5271,5273,1656],"product_tag":[],"class_list":{"0":"post-337768","1":"product","2":"type-product","3":"status-publish","4":"has-post-thumbnail","6":"product_cat-daily-wear-bangles","7":"product_cat-gold-bangles","8":"product_cat-occasion-wear-bangles","9":"product_cat-22ct-gold-poncha-bracelet","10":"product_cat-rosettes-collections","12":"first","13":"instock","14":"taxable","15":"shipping-taxable","16":"purchasable","17":"product-type-simple","18":"add-to-wishlist-before_image"},"yoast_head":"<!-- This site is optimized with the Yoast SEO plugin v27.6 - https:\/\/yoast.com\/product\/yoast-seo-wordpress\/ -->\n<title>Handmade gold bangle in 22ct gold| Indian classic bangles in UK<\/title>\n<meta name=\"description\" content=\"Discover our handcrafted 22ct Gold Kada for daily wear, British hallmarked, and made using ancient die-stamping techniques. Available in multiple sizes.\" \/>\n<meta name=\"robots\" content=\"index, follow, max-snippet:-1, max-image-preview:large, max-video-preview:-1\" \/>\n<link rel=\"canonical\" href=\"https:\/\/www.purejewels.com\/de\/produkt-2\/22ct-gold-armreif-fur-damen-rosetten-sammlung-2-4-mittelschwer-41589\/\" \/>\n<meta property=\"og:locale\" content=\"de_DE\" \/>\n<meta property=\"og:type\" content=\"article\" \/>\n<meta property=\"og:title\" content=\"Handmade gold bangle in 22ct gold| Indian classic bangles in UK\" \/>\n<meta property=\"og:description\" content=\"Discover our handcrafted 22ct Gold Kada for daily wear, British hallmarked, and made using ancient die-stamping techniques. Available in multiple sizes.\" \/>\n<meta property=\"og:url\" content=\"https:\/\/www.purejewels.com\/de\/produkt-2\/22ct-gold-armreif-fur-damen-rosetten-sammlung-2-4-mittelschwer-41589\/\" \/>\n<meta property=\"og:site_name\" content=\"PureJewels UK\" \/>\n<meta property=\"article:modified_time\" content=\"2026-03-04T07:56:40+00:00\" \/>\n<meta property=\"og:image\" content=\"https:\/\/static.purejewels.com\/wp-content\/uploads\/2022\/07\/41588-41587-41590-41586-41589-1.jpg\" \/>\n\t<meta property=\"og:image:width\" content=\"1000\" \/>\n\t<meta property=\"og:image:height\" content=\"1000\" \/>\n\t<meta property=\"og:image:type\" content=\"image\/jpeg\" \/>\n<meta name=\"twitter:card\" content=\"summary_large_image\" \/>\n<meta name=\"twitter:label1\" content=\"Gesch\u00e4tzte Lesezeit\" \/>\n\t<meta name=\"twitter:data1\" content=\"1\u00a0Minute\" \/>\n<script type=\"application\/ld+json\" class=\"yoast-schema-graph\">{\"@context\":\"https:\\\/\\\/schema.org\",\"@graph\":[{\"@type\":[\"WebPage\",\"ItemPage\"],\"@id\":\"https:\\\/\\\/www.purejewels.com\\\/product\\\/22ct-gold-bangle-for-ladies-rosettes-collection-2-4-mediumweight-41589\\\/\",\"url\":\"https:\\\/\\\/www.purejewels.com\\\/product\\\/22ct-gold-bangle-for-ladies-rosettes-collection-2-4-mediumweight-41589\\\/\",\"name\":\"Handmade gold bangle in 22ct gold| Indian classic bangles in UK\",\"isPartOf\":{\"@id\":\"https:\\\/\\\/www.purejewels.com\\\/#website\"},\"primaryImageOfPage\":{\"@id\":\"https:\\\/\\\/www.purejewels.com\\\/product\\\/22ct-gold-bangle-for-ladies-rosettes-collection-2-4-mediumweight-41589\\\/#primaryimage\"},\"image\":{\"@id\":\"https:\\\/\\\/www.purejewels.com\\\/product\\\/22ct-gold-bangle-for-ladies-rosettes-collection-2-4-mediumweight-41589\\\/#primaryimage\"},\"thumbnailUrl\":\"https:\\\/\\\/static.purejewels.com\\\/wp-content\\\/uploads\\\/2022\\\/07\\\/41588-41587-41590-41586-41589-1.jpg\",\"datePublished\":\"2024-07-17T07:45:19+00:00\",\"dateModified\":\"2026-03-04T07:56:40+00:00\",\"description\":\"Discover our handcrafted 22ct Gold Kada for daily wear, British hallmarked, and made using ancient die-stamping techniques. Available in multiple sizes.\",\"breadcrumb\":{\"@id\":\"https:\\\/\\\/www.purejewels.com\\\/product\\\/22ct-gold-bangle-for-ladies-rosettes-collection-2-4-mediumweight-41589\\\/#breadcrumb\"},\"inLanguage\":\"de\",\"potentialAction\":[{\"@type\":\"ReadAction\",\"target\":[\"https:\\\/\\\/www.purejewels.com\\\/product\\\/22ct-gold-bangle-for-ladies-rosettes-collection-2-4-mediumweight-41589\\\/\"]}]},{\"@type\":\"ImageObject\",\"inLanguage\":\"de\",\"@id\":\"https:\\\/\\\/www.purejewels.com\\\/product\\\/22ct-gold-bangle-for-ladies-rosettes-collection-2-4-mediumweight-41589\\\/#primaryimage\",\"url\":\"https:\\\/\\\/static.purejewels.com\\\/wp-content\\\/uploads\\\/2022\\\/07\\\/41588-41587-41590-41586-41589-1.jpg\",\"contentUrl\":\"https:\\\/\\\/static.purejewels.com\\\/wp-content\\\/uploads\\\/2022\\\/07\\\/41588-41587-41590-41586-41589-1.jpg\",\"width\":1000,\"height\":1000},{\"@type\":\"BreadcrumbList\",\"@id\":\"https:\\\/\\\/www.purejewels.com\\\/product\\\/22ct-gold-bangle-for-ladies-rosettes-collection-2-4-mediumweight-41589\\\/#breadcrumb\",\"itemListElement\":[{\"@type\":\"ListItem\",\"position\":1,\"name\":\"Home\",\"item\":\"https:\\\/\\\/www.purejewels.com\\\/\"},{\"@type\":\"ListItem\",\"position\":2,\"name\":\"Shop\",\"item\":\"https:\\\/\\\/www.purejewels.com\\\/shop\\\/\"},{\"@type\":\"ListItem\",\"position\":3,\"name\":\"22ct Yellow Gold Bridal Bangle | Rosettes Collection\"}]},{\"@type\":\"WebSite\",\"@id\":\"https:\\\/\\\/www.purejewels.com\\\/#website\",\"url\":\"https:\\\/\\\/www.purejewels.com\\\/\",\"name\":\"PureJewels UK\",\"description\":\"Share the Love\",\"publisher\":{\"@id\":\"https:\\\/\\\/www.purejewels.com\\\/#organization\"},\"potentialAction\":[{\"@type\":\"SearchAction\",\"target\":{\"@type\":\"EntryPoint\",\"urlTemplate\":\"https:\\\/\\\/www.purejewels.com\\\/?s={search_term_string}\"},\"query-input\":{\"@type\":\"PropertyValueSpecification\",\"valueRequired\":true,\"valueName\":\"search_term_string\"}}],\"inLanguage\":\"de\"},{\"@type\":\"Organization\",\"@id\":\"https:\\\/\\\/www.purejewels.com\\\/#organization\",\"name\":\"PureJewels UK\",\"url\":\"https:\\\/\\\/www.purejewels.com\\\/\",\"logo\":{\"@type\":\"ImageObject\",\"inLanguage\":\"de\",\"@id\":\"https:\\\/\\\/www.purejewels.com\\\/#\\\/schema\\\/logo\\\/image\\\/\",\"url\":\"https:\\\/\\\/static.purejewels.com\\\/wp-content\\\/uploads\\\/2020\\\/11\\\/Logo-PJ-New-1.png\",\"contentUrl\":\"https:\\\/\\\/static.purejewels.com\\\/wp-content\\\/uploads\\\/2020\\\/11\\\/Logo-PJ-New-1.png\",\"width\":150,\"height\":80,\"caption\":\"PureJewels UK\"},\"image\":{\"@id\":\"https:\\\/\\\/www.purejewels.com\\\/#\\\/schema\\\/logo\\\/image\\\/\"}}]}<\/script>\n<!-- \/ Yoast SEO plugin. -->","yoast_head_json":{"title":"Handgefertigter Goldarmreif aus 22 Karat Gold| Indischer klassischer Armreif in UK","description":"Entdecken Sie unsere handgefertigten Kada aus 22 Karat Gold f\u00fcr den t\u00e4glichen Gebrauch, die in Gro\u00dfbritannien gepunzt sind und mit alten Pr\u00e4getechniken hergestellt werden. Erh\u00e4ltlich in verschiedenen Gr\u00f6\u00dfen.","robots":{"index":"index","follow":"follow","max-snippet":"max-snippet:-1","max-image-preview":"max-image-preview:large","max-video-preview":"max-video-preview:-1"},"canonical":"https:\/\/www.purejewels.com\/de\/produkt-2\/22ct-gold-armreif-fur-damen-rosetten-sammlung-2-4-mittelschwer-41589\/","og_locale":"de_DE","og_type":"article","og_title":"Handmade gold bangle in 22ct gold| Indian classic bangles in UK","og_description":"Discover our handcrafted 22ct Gold Kada for daily wear, British hallmarked, and made using ancient die-stamping techniques. Available in multiple sizes.","og_url":"https:\/\/www.purejewels.com\/de\/produkt-2\/22ct-gold-armreif-fur-damen-rosetten-sammlung-2-4-mittelschwer-41589\/","og_site_name":"PureJewels UK","article_modified_time":"2026-03-04T07:56:40+00:00","og_image":[{"width":1000,"height":1000,"url":"https:\/\/static.purejewels.com\/wp-content\/uploads\/2022\/07\/41588-41587-41590-41586-41589-1.jpg","type":"image\/jpeg"}],"twitter_card":"summary_large_image","twitter_misc":{"Gesch\u00e4tzte Lesezeit":"1\u00a0Minute"},"schema":{"@context":"https:\/\/schema.org","@graph":[{"@type":["WebPage","ItemPage"],"@id":"https:\/\/www.purejewels.com\/product\/22ct-gold-bangle-for-ladies-rosettes-collection-2-4-mediumweight-41589\/","url":"https:\/\/www.purejewels.com\/product\/22ct-gold-bangle-for-ladies-rosettes-collection-2-4-mediumweight-41589\/","name":"Handgefertigter Goldarmreif aus 22 Karat Gold| Indischer klassischer Armreif in UK","isPartOf":{"@id":"https:\/\/www.purejewels.com\/#website"},"primaryImageOfPage":{"@id":"https:\/\/www.purejewels.com\/product\/22ct-gold-bangle-for-ladies-rosettes-collection-2-4-mediumweight-41589\/#primaryimage"},"image":{"@id":"https:\/\/www.purejewels.com\/product\/22ct-gold-bangle-for-ladies-rosettes-collection-2-4-mediumweight-41589\/#primaryimage"},"thumbnailUrl":"https:\/\/static.purejewels.com\/wp-content\/uploads\/2022\/07\/41588-41587-41590-41586-41589-1.jpg","datePublished":"2024-07-17T07:45:19+00:00","dateModified":"2026-03-04T07:56:40+00:00","description":"Entdecken Sie unsere handgefertigten Kada aus 22 Karat Gold f\u00fcr den t\u00e4glichen Gebrauch, die in Gro\u00dfbritannien gepunzt sind und mit alten Pr\u00e4getechniken hergestellt werden. Erh\u00e4ltlich in verschiedenen Gr\u00f6\u00dfen.","breadcrumb":{"@id":"https:\/\/www.purejewels.com\/product\/22ct-gold-bangle-for-ladies-rosettes-collection-2-4-mediumweight-41589\/#breadcrumb"},"inLanguage":"de","potentialAction":[{"@type":"ReadAction","target":["https:\/\/www.purejewels.com\/product\/22ct-gold-bangle-for-ladies-rosettes-collection-2-4-mediumweight-41589\/"]}]},{"@type":"ImageObject","inLanguage":"de","@id":"https:\/\/www.purejewels.com\/product\/22ct-gold-bangle-for-ladies-rosettes-collection-2-4-mediumweight-41589\/#primaryimage","url":"https:\/\/static.purejewels.com\/wp-content\/uploads\/2022\/07\/41588-41587-41590-41586-41589-1.jpg","contentUrl":"https:\/\/static.purejewels.com\/wp-content\/uploads\/2022\/07\/41588-41587-41590-41586-41589-1.jpg","width":1000,"height":1000},{"@type":"BreadcrumbList","@id":"https:\/\/www.purejewels.com\/product\/22ct-gold-bangle-for-ladies-rosettes-collection-2-4-mediumweight-41589\/#breadcrumb","itemListElement":[{"@type":"ListItem","position":1,"name":"Home","item":"https:\/\/www.purejewels.com\/"},{"@type":"ListItem","position":2,"name":"Shop","item":"https:\/\/www.purejewels.com\/shop\/"},{"@type":"ListItem","position":3,"name":"22ct Yellow Gold Bridal Bangle | Rosettes Collection"}]},{"@type":"WebSite","@id":"https:\/\/www.purejewels.com\/#website","url":"https:\/\/www.purejewels.com\/","name":"PureJewels UK","description":"Teile die Liebe","publisher":{"@id":"https:\/\/www.purejewels.com\/#organization"},"potentialAction":[{"@type":"SearchAction","target":{"@type":"EntryPoint","urlTemplate":"https:\/\/www.purejewels.com\/?s={search_term_string}"},"query-input":{"@type":"PropertyValueSpecification","valueRequired":true,"valueName":"search_term_string"}}],"inLanguage":"de"},{"@type":"Organization","@id":"https:\/\/www.purejewels.com\/#organization","name":"PureJewels UK","url":"https:\/\/www.purejewels.com\/","logo":{"@type":"ImageObject","inLanguage":"de","@id":"https:\/\/www.purejewels.com\/#\/schema\/logo\/image\/","url":"https:\/\/static.purejewels.com\/wp-content\/uploads\/2020\/11\/Logo-PJ-New-1.png","contentUrl":"https:\/\/static.purejewels.com\/wp-content\/uploads\/2020\/11\/Logo-PJ-New-1.png","width":150,"height":80,"caption":"PureJewels UK"},"image":{"@id":"https:\/\/www.purejewels.com\/#\/schema\/logo\/image\/"}}]}},"_links":{"self":[{"href":"https:\/\/www.purejewels.com\/de\/wp-json\/wp\/v2\/product\/337768","targetHints":{"allow":["GET"]}}],"collection":[{"href":"https:\/\/www.purejewels.com\/de\/wp-json\/wp\/v2\/product"}],"about":[{"href":"https:\/\/www.purejewels.com\/de\/wp-json\/wp\/v2\/types\/product"}],"replies":[{"embeddable":true,"href":"https:\/\/www.purejewels.com\/de\/wp-json\/wp\/v2\/comments?post=337768"}],"version-history":[{"count":6,"href":"https:\/\/www.purejewels.com\/de\/wp-json\/wp\/v2\/product\/337768\/revisions"}],"predecessor-version":[{"id":427220,"href":"https:\/\/www.purejewels.com\/de\/wp-json\/wp\/v2\/product\/337768\/revisions\/427220"}],"wp:featuredmedia":[{"embeddable":true,"href":"https:\/\/www.purejewels.com\/de\/wp-json\/wp\/v2\/media\/337761"}],"wp:attachment":[{"href":"https:\/\/www.purejewels.com\/de\/wp-json\/wp\/v2\/media?parent=337768"}],"wp:term":[{"taxonomy":"product_brand","embeddable":true,"href":"https:\/\/www.purejewels.com\/de\/wp-json\/wp\/v2\/product_brand?post=337768"},{"taxonomy":"product_cat","embeddable":true,"href":"https:\/\/www.purejewels.com\/de\/wp-json\/wp\/v2\/product_cat?post=337768"},{"taxonomy":"product_tag","embeddable":true,"href":"https:\/\/www.purejewels.com\/de\/wp-json\/wp\/v2\/product_tag?post=337768"}],"curies":[{"name":"wp","href":"https:\/\/api.w.org\/{rel}","templated":true}]}}