{"id":337863,"date":"2022-07-05T08:40:38","date_gmt":"2022-07-05T07:40:38","guid":{"rendered":"https:\/\/www.purejewels.com\/?post_type=product&#038;p=337863"},"modified":"2026-01-06T08:09:09","modified_gmt":"2026-01-06T08:09:09","slug":"22ct-gold-stilvoller-anhanger-fur-damen-rhodiniert-41825","status":"publish","type":"product","link":"https:\/\/www.purejewels.com\/de\/product\/22ct-gold-stylish-pendant-for-ladies-rhodium-finish-41825\/","title":{"rendered":"22ct Gold Stilvoller Anh\u00e4nger f\u00fcr Damen | Rose Gold"},"content":{"rendered":"<ul>\n<li>Wt. 3.4 gms<\/li>\n<li>SKU. 41825<\/li>\n<\/ul>","protected":false},"excerpt":{"rendered":"<ul>\n<li>22ct Gold Stilvoller Anh\u00e4nger f\u00fcr Damen | Rose Gold<\/li>\n<li>\u00a0Rose Gold Finish<\/li>\n<li>Wt. 3.4 gms<\/li>\n<li>SKU. 41825<\/li>\n<li>Alle unsere Produkte sind vom London Assay Office gestempelt.<\/li>\n<li>Mit Pr\u00e4sentationsbox<\/li>\n<li>Lieferung inbegriffen<\/li>\n<li>Alle Preise inklusive Mehrwertsteuer<\/li>\n<li>Live-Chat mit uns f\u00fcr die Verf\u00fcgbarkeit und mehr Bilder von Anh\u00e4ngern derzeit auf Lager<\/li>\n<\/ul>","protected":false},"featured_media":337864,"comment_status":"closed","ping_status":"closed","template":"","meta":{"_eb_attr":"","_crsspst_to_jayantr4sg-hostcom":false},"product_brand":[],"product_cat":[1791,1559,1770,1255,1767],"product_tag":[],"class_list":{"0":"post-337863","1":"product","2":"type-product","3":"status-publish","4":"has-post-thumbnail","6":"product_cat-anniversary-gifts","7":"product_cat-birthday-gifts","8":"product_cat-fancy-pendants","9":"product_cat-gold-pendants","10":"product_cat-ladies-pendants","12":"first","13":"outofstock","14":"taxable","15":"shipping-taxable","16":"product-type-simple","17":"add-to-wishlist-before_image"},"yoast_head":"<!-- This site is optimized with the Yoast SEO plugin v27.3 - https:\/\/yoast.com\/product\/yoast-seo-wordpress\/ -->\n<title>22ct Gold Rose Gold Stylish Pendant for Ladies | Purejewels.com<\/title>\n<meta name=\"robots\" content=\"index, follow, max-snippet:-1, max-image-preview:large, max-video-preview:-1\" \/>\n<link rel=\"canonical\" href=\"https:\/\/www.purejewels.com\/de\/produkt-2\/22ct-gold-stilvoller-anhanger-fur-damen-rhodiniert-41825\/\" \/>\n<meta property=\"og:locale\" content=\"de_DE\" \/>\n<meta property=\"og:type\" content=\"article\" \/>\n<meta property=\"og:title\" content=\"22ct Gold Rose Gold Stylish Pendant for Ladies | Purejewels.com\" \/>\n<meta property=\"og:description\" content=\"22ct Gold Stylish Pendant for Ladies | Rose Gold  \u00a0Rose Gold Finish  Wt. 3.4 gms  SKU. 41825  All our products are hallmarked by London Assay Office  Comes With Presentation Box  Delivery Included  All prices include VAT  Live chat with us for availability and more images of\u00a0 Pendants currently in stock\" \/>\n<meta property=\"og:url\" content=\"https:\/\/www.purejewels.com\/de\/produkt-2\/22ct-gold-stilvoller-anhanger-fur-damen-rhodiniert-41825\/\" \/>\n<meta property=\"og:site_name\" content=\"PureJewels UK\" \/>\n<meta property=\"article:modified_time\" content=\"2026-01-06T08:09:09+00:00\" \/>\n<meta property=\"og:image\" content=\"https:\/\/www.purejewels.com\/wp-content\/uploads\/2022\/07\/2022-02-05-15-15-01-BRadius8Smoothing4.jpg\" \/>\n\t<meta property=\"og:image:width\" content=\"1000\" \/>\n\t<meta property=\"og:image:height\" content=\"1000\" \/>\n\t<meta property=\"og:image:type\" content=\"image\/jpeg\" \/>\n<meta name=\"twitter:card\" content=\"summary_large_image\" \/>\n<meta name=\"twitter:label1\" content=\"Gesch\u00e4tzte Lesezeit\" \/>\n\t<meta name=\"twitter:data1\" content=\"1\u00a0Minute\" \/>\n<script type=\"application\/ld+json\" class=\"yoast-schema-graph\">{\"@context\":\"https:\\\/\\\/schema.org\",\"@graph\":[{\"@type\":[\"WebPage\",\"ItemPage\"],\"@id\":\"https:\\\/\\\/www.purejewels.com\\\/product\\\/22ct-gold-stylish-pendant-for-ladies-rhodium-finish-41825\\\/\",\"url\":\"https:\\\/\\\/www.purejewels.com\\\/product\\\/22ct-gold-stylish-pendant-for-ladies-rhodium-finish-41825\\\/\",\"name\":\"22ct Gold Rose Gold Stylish Pendant for Ladies | Purejewels.com\",\"isPartOf\":{\"@id\":\"https:\\\/\\\/www.purejewels.com\\\/#website\"},\"primaryImageOfPage\":{\"@id\":\"https:\\\/\\\/www.purejewels.com\\\/product\\\/22ct-gold-stylish-pendant-for-ladies-rhodium-finish-41825\\\/#primaryimage\"},\"image\":{\"@id\":\"https:\\\/\\\/www.purejewels.com\\\/product\\\/22ct-gold-stylish-pendant-for-ladies-rhodium-finish-41825\\\/#primaryimage\"},\"thumbnailUrl\":\"https:\\\/\\\/static.purejewels.com\\\/wp-content\\\/uploads\\\/2022\\\/07\\\/2022-02-05-15-15-01-BRadius8Smoothing4.jpg\",\"datePublished\":\"2022-07-05T07:40:38+00:00\",\"dateModified\":\"2026-01-06T08:09:09+00:00\",\"breadcrumb\":{\"@id\":\"https:\\\/\\\/www.purejewels.com\\\/product\\\/22ct-gold-stylish-pendant-for-ladies-rhodium-finish-41825\\\/#breadcrumb\"},\"inLanguage\":\"de\",\"potentialAction\":[{\"@type\":\"ReadAction\",\"target\":[\"https:\\\/\\\/www.purejewels.com\\\/product\\\/22ct-gold-stylish-pendant-for-ladies-rhodium-finish-41825\\\/\"]}]},{\"@type\":\"ImageObject\",\"inLanguage\":\"de\",\"@id\":\"https:\\\/\\\/www.purejewels.com\\\/product\\\/22ct-gold-stylish-pendant-for-ladies-rhodium-finish-41825\\\/#primaryimage\",\"url\":\"https:\\\/\\\/static.purejewels.com\\\/wp-content\\\/uploads\\\/2022\\\/07\\\/2022-02-05-15-15-01-BRadius8Smoothing4.jpg\",\"contentUrl\":\"https:\\\/\\\/static.purejewels.com\\\/wp-content\\\/uploads\\\/2022\\\/07\\\/2022-02-05-15-15-01-BRadius8Smoothing4.jpg\",\"width\":1000,\"height\":1000,\"caption\":\"22ct Gold Stylish Pendant for Ladies | Rose Gold\"},{\"@type\":\"BreadcrumbList\",\"@id\":\"https:\\\/\\\/www.purejewels.com\\\/product\\\/22ct-gold-stylish-pendant-for-ladies-rhodium-finish-41825\\\/#breadcrumb\",\"itemListElement\":[{\"@type\":\"ListItem\",\"position\":1,\"name\":\"Home\",\"item\":\"https:\\\/\\\/www.purejewels.com\\\/\"},{\"@type\":\"ListItem\",\"position\":2,\"name\":\"Shop\",\"item\":\"https:\\\/\\\/www.purejewels.com\\\/shop\\\/\"},{\"@type\":\"ListItem\",\"position\":3,\"name\":\"22ct Gold Stylish Pendant for Ladies | Rose Gold\"}]},{\"@type\":\"WebSite\",\"@id\":\"https:\\\/\\\/www.purejewels.com\\\/#website\",\"url\":\"https:\\\/\\\/www.purejewels.com\\\/\",\"name\":\"PureJewels UK\",\"description\":\"Share the Love\",\"publisher\":{\"@id\":\"https:\\\/\\\/www.purejewels.com\\\/#organization\"},\"potentialAction\":[{\"@type\":\"SearchAction\",\"target\":{\"@type\":\"EntryPoint\",\"urlTemplate\":\"https:\\\/\\\/www.purejewels.com\\\/?s={search_term_string}\"},\"query-input\":{\"@type\":\"PropertyValueSpecification\",\"valueRequired\":true,\"valueName\":\"search_term_string\"}}],\"inLanguage\":\"de\"},{\"@type\":\"Organization\",\"@id\":\"https:\\\/\\\/www.purejewels.com\\\/#organization\",\"name\":\"PureJewels UK\",\"url\":\"https:\\\/\\\/www.purejewels.com\\\/\",\"logo\":{\"@type\":\"ImageObject\",\"inLanguage\":\"de\",\"@id\":\"https:\\\/\\\/www.purejewels.com\\\/#\\\/schema\\\/logo\\\/image\\\/\",\"url\":\"https:\\\/\\\/static.purejewels.com\\\/wp-content\\\/uploads\\\/2020\\\/11\\\/Logo-PJ-New-1.png\",\"contentUrl\":\"https:\\\/\\\/static.purejewels.com\\\/wp-content\\\/uploads\\\/2020\\\/11\\\/Logo-PJ-New-1.png\",\"width\":150,\"height\":80,\"caption\":\"PureJewels UK\"},\"image\":{\"@id\":\"https:\\\/\\\/www.purejewels.com\\\/#\\\/schema\\\/logo\\\/image\\\/\"}}]}<\/script>\n<!-- \/ Yoast SEO plugin. -->","yoast_head_json":{"title":"22ct Gold Rose Gold Stilvoller Anh\u00e4nger f\u00fcr Damen | Purejewels.com","robots":{"index":"index","follow":"follow","max-snippet":"max-snippet:-1","max-image-preview":"max-image-preview:large","max-video-preview":"max-video-preview:-1"},"canonical":"https:\/\/www.purejewels.com\/de\/produkt-2\/22ct-gold-stilvoller-anhanger-fur-damen-rhodiniert-41825\/","og_locale":"de_DE","og_type":"article","og_title":"22ct Gold Rose Gold Stylish Pendant for Ladies | Purejewels.com","og_description":"22ct Gold Stylish Pendant for Ladies | Rose Gold  \u00a0Rose Gold Finish  Wt. 3.4 gms  SKU. 41825  All our products are hallmarked by London Assay Office  Comes With Presentation Box  Delivery Included  All prices include VAT  Live chat with us for availability and more images of\u00a0 Pendants currently in stock","og_url":"https:\/\/www.purejewels.com\/de\/produkt-2\/22ct-gold-stilvoller-anhanger-fur-damen-rhodiniert-41825\/","og_site_name":"PureJewels UK","article_modified_time":"2026-01-06T08:09:09+00:00","og_image":[{"width":1000,"height":1000,"url":"https:\/\/www.purejewels.com\/wp-content\/uploads\/2022\/07\/2022-02-05-15-15-01-BRadius8Smoothing4.jpg","type":"image\/jpeg"}],"twitter_card":"summary_large_image","twitter_misc":{"Gesch\u00e4tzte Lesezeit":"1\u00a0Minute"},"schema":{"@context":"https:\/\/schema.org","@graph":[{"@type":["WebPage","ItemPage"],"@id":"https:\/\/www.purejewels.com\/product\/22ct-gold-stylish-pendant-for-ladies-rhodium-finish-41825\/","url":"https:\/\/www.purejewels.com\/product\/22ct-gold-stylish-pendant-for-ladies-rhodium-finish-41825\/","name":"22ct Gold Rose Gold Stilvoller Anh\u00e4nger f\u00fcr Damen | Purejewels.com","isPartOf":{"@id":"https:\/\/www.purejewels.com\/#website"},"primaryImageOfPage":{"@id":"https:\/\/www.purejewels.com\/product\/22ct-gold-stylish-pendant-for-ladies-rhodium-finish-41825\/#primaryimage"},"image":{"@id":"https:\/\/www.purejewels.com\/product\/22ct-gold-stylish-pendant-for-ladies-rhodium-finish-41825\/#primaryimage"},"thumbnailUrl":"https:\/\/static.purejewels.com\/wp-content\/uploads\/2022\/07\/2022-02-05-15-15-01-BRadius8Smoothing4.jpg","datePublished":"2022-07-05T07:40:38+00:00","dateModified":"2026-01-06T08:09:09+00:00","breadcrumb":{"@id":"https:\/\/www.purejewels.com\/product\/22ct-gold-stylish-pendant-for-ladies-rhodium-finish-41825\/#breadcrumb"},"inLanguage":"de","potentialAction":[{"@type":"ReadAction","target":["https:\/\/www.purejewels.com\/product\/22ct-gold-stylish-pendant-for-ladies-rhodium-finish-41825\/"]}]},{"@type":"ImageObject","inLanguage":"de","@id":"https:\/\/www.purejewels.com\/product\/22ct-gold-stylish-pendant-for-ladies-rhodium-finish-41825\/#primaryimage","url":"https:\/\/static.purejewels.com\/wp-content\/uploads\/2022\/07\/2022-02-05-15-15-01-BRadius8Smoothing4.jpg","contentUrl":"https:\/\/static.purejewels.com\/wp-content\/uploads\/2022\/07\/2022-02-05-15-15-01-BRadius8Smoothing4.jpg","width":1000,"height":1000,"caption":"22ct Gold Stylish Pendant for Ladies | Rose Gold"},{"@type":"BreadcrumbList","@id":"https:\/\/www.purejewels.com\/product\/22ct-gold-stylish-pendant-for-ladies-rhodium-finish-41825\/#breadcrumb","itemListElement":[{"@type":"ListItem","position":1,"name":"Home","item":"https:\/\/www.purejewels.com\/"},{"@type":"ListItem","position":2,"name":"Shop","item":"https:\/\/www.purejewels.com\/shop\/"},{"@type":"ListItem","position":3,"name":"22ct Gold Stylish Pendant for Ladies | Rose Gold"}]},{"@type":"WebSite","@id":"https:\/\/www.purejewels.com\/#website","url":"https:\/\/www.purejewels.com\/","name":"PureJewels UK","description":"Teile die Liebe","publisher":{"@id":"https:\/\/www.purejewels.com\/#organization"},"potentialAction":[{"@type":"SearchAction","target":{"@type":"EntryPoint","urlTemplate":"https:\/\/www.purejewels.com\/?s={search_term_string}"},"query-input":{"@type":"PropertyValueSpecification","valueRequired":true,"valueName":"search_term_string"}}],"inLanguage":"de"},{"@type":"Organization","@id":"https:\/\/www.purejewels.com\/#organization","name":"PureJewels UK","url":"https:\/\/www.purejewels.com\/","logo":{"@type":"ImageObject","inLanguage":"de","@id":"https:\/\/www.purejewels.com\/#\/schema\/logo\/image\/","url":"https:\/\/static.purejewels.com\/wp-content\/uploads\/2020\/11\/Logo-PJ-New-1.png","contentUrl":"https:\/\/static.purejewels.com\/wp-content\/uploads\/2020\/11\/Logo-PJ-New-1.png","width":150,"height":80,"caption":"PureJewels UK"},"image":{"@id":"https:\/\/www.purejewels.com\/#\/schema\/logo\/image\/"}}]}},"_links":{"self":[{"href":"https:\/\/www.purejewels.com\/de\/wp-json\/wp\/v2\/product\/337863","targetHints":{"allow":["GET"]}}],"collection":[{"href":"https:\/\/www.purejewels.com\/de\/wp-json\/wp\/v2\/product"}],"about":[{"href":"https:\/\/www.purejewels.com\/de\/wp-json\/wp\/v2\/types\/product"}],"replies":[{"embeddable":true,"href":"https:\/\/www.purejewels.com\/de\/wp-json\/wp\/v2\/comments?post=337863"}],"version-history":[{"count":0,"href":"https:\/\/www.purejewels.com\/de\/wp-json\/wp\/v2\/product\/337863\/revisions"}],"wp:featuredmedia":[{"embeddable":true,"href":"https:\/\/www.purejewels.com\/de\/wp-json\/wp\/v2\/media\/337864"}],"wp:attachment":[{"href":"https:\/\/www.purejewels.com\/de\/wp-json\/wp\/v2\/media?parent=337863"}],"wp:term":[{"taxonomy":"product_brand","embeddable":true,"href":"https:\/\/www.purejewels.com\/de\/wp-json\/wp\/v2\/product_brand?post=337863"},{"taxonomy":"product_cat","embeddable":true,"href":"https:\/\/www.purejewels.com\/de\/wp-json\/wp\/v2\/product_cat?post=337863"},{"taxonomy":"product_tag","embeddable":true,"href":"https:\/\/www.purejewels.com\/de\/wp-json\/wp\/v2\/product_tag?post=337863"}],"curies":[{"name":"wp","href":"https:\/\/api.w.org\/{rel}","templated":true}]}}