{"id":338291,"date":"2022-08-23T07:46:20","date_gmt":"2022-08-23T06:46:20","guid":{"rendered":"https:\/\/www.purejewels.com\/?post_type=product&#038;p=338291"},"modified":"2026-01-06T10:00:20","modified_gmt":"2026-01-06T10:00:20","slug":"22ct-gold-fancy-damen-armbander-7-5-zoll-glow-sammlung-47632","status":"publish","type":"product","link":"https:\/\/www.purejewels.com\/de\/product\/22ct-gold-fancy-ladies-bracelets-7-5-inches-glow-collection-47632\/","title":{"rendered":"22ct Gold Fancy Damen Armb\u00e4nder | 7,5 Zoll | Glow Collection"},"content":{"rendered":"<ul>\n<li>SKU 47632<\/li>\n<li><b>Bereichs-ID\u00a0<\/b>JWBRBGGC009<\/li>\n<\/ul>","protected":false},"excerpt":{"rendered":"<ul>\n<li>22ct Gold Damenarmband<\/li>\n<li>Wt. <b>\u00a02.8<\/b>\u00a0gms<\/li>\n<li>L\u00e4nge. 7,5 Zoll<\/li>\n<li>SKU. 47632<\/li>\n<li>Alle Preise inklusive Mehrwertsteuer<\/li>\n<li>Alle unsere Produkte sind durch das London Assay Office gestempelt.<\/li>\n<li>Mit Pr\u00e4sentationsbox<\/li>\n<li>Lieferung inbegriffen<\/li>\n<li>Kontaktieren Sie uns \/ chatten Sie mit uns f\u00fcr ein Video des Produkts<\/li>\n<li>Mehr Goldarmb\u00e4nder erkunden<\/li>\n<\/ul>","protected":false},"featured_media":359223,"comment_status":"closed","ping_status":"closed","template":"","meta":{"_eb_attr":"","_crsspst_to_jayantr4sg-hostcom":false},"product_brand":[],"product_cat":[1791,5441,1559,5676,3628,1324,1627,1229,1575,1574,5349],"product_tag":[],"class_list":{"0":"post-338291","1":"product","2":"type-product","3":"status-publish","4":"has-post-thumbnail","6":"product_cat-anniversary-gifts","7":"product_cat-gold-bead-bracelets","8":"product_cat-birthday-gifts","9":"product_cat-chain-bracelets-for-ladies","10":"product_cat-glow-collections","11":"product_cat-gold-bracelet","12":"product_cat-ladies-bracelet","13":"product_cat-22ct-gold-jewellery","14":"product_cat-teenage-jewellery","15":"product_cat-womens-jewellery","16":"product_cat-yellow-gold-jewellery","18":"first","19":"outofstock","20":"taxable","21":"shipping-taxable","22":"product-type-simple","23":"add-to-wishlist-before_image"},"yoast_head":"<!-- This site is optimized with the Yoast SEO plugin v27.5 - https:\/\/yoast.com\/product\/yoast-seo-wordpress\/ -->\n<title>22ct Gold Bracelet with Beads | 7.5 Inches | PureJewels<\/title>\n<meta name=\"description\" content=\"Gold Bracelets in UK | Gold Bracelet with Beads is perfect for any occasion | Shop beaded bracelets at PureJewels.com\" \/>\n<meta name=\"robots\" content=\"index, follow, max-snippet:-1, max-image-preview:large, max-video-preview:-1\" \/>\n<link rel=\"canonical\" href=\"https:\/\/www.purejewels.com\/de\/produkt-2\/22ct-gold-fancy-damen-armbander-7-5-zoll-glow-sammlung-47632\/\" \/>\n<meta property=\"og:locale\" content=\"de_DE\" \/>\n<meta property=\"og:type\" content=\"article\" \/>\n<meta property=\"og:title\" content=\"22ct Gold Bracelet with Beads | 7.5 Inches | PureJewels\" \/>\n<meta property=\"og:description\" content=\"Gold Bracelets in UK | Gold Bracelet with Beads is perfect for any occasion | Shop beaded bracelets at PureJewels.com\" \/>\n<meta property=\"og:url\" content=\"https:\/\/www.purejewels.com\/de\/produkt-2\/22ct-gold-fancy-damen-armbander-7-5-zoll-glow-sammlung-47632\/\" \/>\n<meta property=\"og:site_name\" content=\"PureJewels UK\" \/>\n<meta property=\"article:modified_time\" content=\"2026-01-06T10:00:20+00:00\" \/>\n<meta property=\"og:image\" content=\"https:\/\/www.purejewels.com\/wp-content\/uploads\/2022\/08\/47632.png\" \/>\n\t<meta property=\"og:image:width\" content=\"1000\" \/>\n\t<meta property=\"og:image:height\" content=\"1000\" \/>\n\t<meta property=\"og:image:type\" content=\"image\/png\" \/>\n<meta name=\"twitter:card\" content=\"summary_large_image\" \/>\n<meta name=\"twitter:label1\" content=\"Gesch\u00e4tzte Lesezeit\" \/>\n\t<meta name=\"twitter:data1\" content=\"1\u00a0Minute\" \/>\n<script type=\"application\/ld+json\" class=\"yoast-schema-graph\">{\"@context\":\"https:\\\/\\\/schema.org\",\"@graph\":[{\"@type\":[\"WebPage\",\"ItemPage\"],\"@id\":\"https:\\\/\\\/www.purejewels.com\\\/product\\\/22ct-gold-fancy-ladies-bracelets-7-5-inches-glow-collection-47632\\\/\",\"url\":\"https:\\\/\\\/www.purejewels.com\\\/product\\\/22ct-gold-fancy-ladies-bracelets-7-5-inches-glow-collection-47632\\\/\",\"name\":\"22ct Gold Bracelet with Beads | 7.5 Inches | PureJewels\",\"isPartOf\":{\"@id\":\"https:\\\/\\\/www.purejewels.com\\\/#website\"},\"primaryImageOfPage\":{\"@id\":\"https:\\\/\\\/www.purejewels.com\\\/product\\\/22ct-gold-fancy-ladies-bracelets-7-5-inches-glow-collection-47632\\\/#primaryimage\"},\"image\":{\"@id\":\"https:\\\/\\\/www.purejewels.com\\\/product\\\/22ct-gold-fancy-ladies-bracelets-7-5-inches-glow-collection-47632\\\/#primaryimage\"},\"thumbnailUrl\":\"https:\\\/\\\/static.purejewels.com\\\/wp-content\\\/uploads\\\/2022\\\/08\\\/47632.png\",\"datePublished\":\"2022-08-23T06:46:20+00:00\",\"dateModified\":\"2026-01-06T10:00:20+00:00\",\"description\":\"Gold Bracelets in UK | Gold Bracelet with Beads is perfect for any occasion | Shop beaded bracelets at PureJewels.com\",\"breadcrumb\":{\"@id\":\"https:\\\/\\\/www.purejewels.com\\\/product\\\/22ct-gold-fancy-ladies-bracelets-7-5-inches-glow-collection-47632\\\/#breadcrumb\"},\"inLanguage\":\"de\",\"potentialAction\":[{\"@type\":\"ReadAction\",\"target\":[\"https:\\\/\\\/www.purejewels.com\\\/product\\\/22ct-gold-fancy-ladies-bracelets-7-5-inches-glow-collection-47632\\\/\"]}]},{\"@type\":\"ImageObject\",\"inLanguage\":\"de\",\"@id\":\"https:\\\/\\\/www.purejewels.com\\\/product\\\/22ct-gold-fancy-ladies-bracelets-7-5-inches-glow-collection-47632\\\/#primaryimage\",\"url\":\"https:\\\/\\\/static.purejewels.com\\\/wp-content\\\/uploads\\\/2022\\\/08\\\/47632.png\",\"contentUrl\":\"https:\\\/\\\/static.purejewels.com\\\/wp-content\\\/uploads\\\/2022\\\/08\\\/47632.png\",\"width\":1000,\"height\":1000,\"caption\":\"22ct Gold Bracelet\"},{\"@type\":\"BreadcrumbList\",\"@id\":\"https:\\\/\\\/www.purejewels.com\\\/product\\\/22ct-gold-fancy-ladies-bracelets-7-5-inches-glow-collection-47632\\\/#breadcrumb\",\"itemListElement\":[{\"@type\":\"ListItem\",\"position\":1,\"name\":\"Home\",\"item\":\"https:\\\/\\\/www.purejewels.com\\\/\"},{\"@type\":\"ListItem\",\"position\":2,\"name\":\"Shop\",\"item\":\"https:\\\/\\\/www.purejewels.com\\\/shop\\\/\"},{\"@type\":\"ListItem\",\"position\":3,\"name\":\"22ct Gold Fancy Ladies Bracelets | 7.5 Inches | Glow Collection\"}]},{\"@type\":\"WebSite\",\"@id\":\"https:\\\/\\\/www.purejewels.com\\\/#website\",\"url\":\"https:\\\/\\\/www.purejewels.com\\\/\",\"name\":\"PureJewels UK\",\"description\":\"Share the Love\",\"publisher\":{\"@id\":\"https:\\\/\\\/www.purejewels.com\\\/#organization\"},\"potentialAction\":[{\"@type\":\"SearchAction\",\"target\":{\"@type\":\"EntryPoint\",\"urlTemplate\":\"https:\\\/\\\/www.purejewels.com\\\/?s={search_term_string}\"},\"query-input\":{\"@type\":\"PropertyValueSpecification\",\"valueRequired\":true,\"valueName\":\"search_term_string\"}}],\"inLanguage\":\"de\"},{\"@type\":\"Organization\",\"@id\":\"https:\\\/\\\/www.purejewels.com\\\/#organization\",\"name\":\"PureJewels UK\",\"url\":\"https:\\\/\\\/www.purejewels.com\\\/\",\"logo\":{\"@type\":\"ImageObject\",\"inLanguage\":\"de\",\"@id\":\"https:\\\/\\\/www.purejewels.com\\\/#\\\/schema\\\/logo\\\/image\\\/\",\"url\":\"https:\\\/\\\/static.purejewels.com\\\/wp-content\\\/uploads\\\/2020\\\/11\\\/Logo-PJ-New-1.png\",\"contentUrl\":\"https:\\\/\\\/static.purejewels.com\\\/wp-content\\\/uploads\\\/2020\\\/11\\\/Logo-PJ-New-1.png\",\"width\":150,\"height\":80,\"caption\":\"PureJewels UK\"},\"image\":{\"@id\":\"https:\\\/\\\/www.purejewels.com\\\/#\\\/schema\\\/logo\\\/image\\\/\"}}]}<\/script>\n<!-- \/ Yoast SEO plugin. -->","yoast_head_json":{"title":"22ct Gold-Armband mit Perlen | 7,5 Zoll | PureJewels","description":"Gold Armb\u00e4nder in UK | Gold Armband mit Perlen ist perfekt f\u00fcr jeden Anlass | Shop Perlen Armb\u00e4nder bei PureJewels.com","robots":{"index":"index","follow":"follow","max-snippet":"max-snippet:-1","max-image-preview":"max-image-preview:large","max-video-preview":"max-video-preview:-1"},"canonical":"https:\/\/www.purejewels.com\/de\/produkt-2\/22ct-gold-fancy-damen-armbander-7-5-zoll-glow-sammlung-47632\/","og_locale":"de_DE","og_type":"article","og_title":"22ct Gold Bracelet with Beads | 7.5 Inches | PureJewels","og_description":"Gold Bracelets in UK | Gold Bracelet with Beads is perfect for any occasion | Shop beaded bracelets at PureJewels.com","og_url":"https:\/\/www.purejewels.com\/de\/produkt-2\/22ct-gold-fancy-damen-armbander-7-5-zoll-glow-sammlung-47632\/","og_site_name":"PureJewels UK","article_modified_time":"2026-01-06T10:00:20+00:00","og_image":[{"width":1000,"height":1000,"url":"https:\/\/www.purejewels.com\/wp-content\/uploads\/2022\/08\/47632.png","type":"image\/png"}],"twitter_card":"summary_large_image","twitter_misc":{"Gesch\u00e4tzte Lesezeit":"1\u00a0Minute"},"schema":{"@context":"https:\/\/schema.org","@graph":[{"@type":["WebPage","ItemPage"],"@id":"https:\/\/www.purejewels.com\/product\/22ct-gold-fancy-ladies-bracelets-7-5-inches-glow-collection-47632\/","url":"https:\/\/www.purejewels.com\/product\/22ct-gold-fancy-ladies-bracelets-7-5-inches-glow-collection-47632\/","name":"22ct Gold-Armband mit Perlen | 7,5 Zoll | PureJewels","isPartOf":{"@id":"https:\/\/www.purejewels.com\/#website"},"primaryImageOfPage":{"@id":"https:\/\/www.purejewels.com\/product\/22ct-gold-fancy-ladies-bracelets-7-5-inches-glow-collection-47632\/#primaryimage"},"image":{"@id":"https:\/\/www.purejewels.com\/product\/22ct-gold-fancy-ladies-bracelets-7-5-inches-glow-collection-47632\/#primaryimage"},"thumbnailUrl":"https:\/\/static.purejewels.com\/wp-content\/uploads\/2022\/08\/47632.png","datePublished":"2022-08-23T06:46:20+00:00","dateModified":"2026-01-06T10:00:20+00:00","description":"Gold Armb\u00e4nder in UK | Gold Armband mit Perlen ist perfekt f\u00fcr jeden Anlass | Shop Perlen Armb\u00e4nder bei PureJewels.com","breadcrumb":{"@id":"https:\/\/www.purejewels.com\/product\/22ct-gold-fancy-ladies-bracelets-7-5-inches-glow-collection-47632\/#breadcrumb"},"inLanguage":"de","potentialAction":[{"@type":"ReadAction","target":["https:\/\/www.purejewels.com\/product\/22ct-gold-fancy-ladies-bracelets-7-5-inches-glow-collection-47632\/"]}]},{"@type":"ImageObject","inLanguage":"de","@id":"https:\/\/www.purejewels.com\/product\/22ct-gold-fancy-ladies-bracelets-7-5-inches-glow-collection-47632\/#primaryimage","url":"https:\/\/static.purejewels.com\/wp-content\/uploads\/2022\/08\/47632.png","contentUrl":"https:\/\/static.purejewels.com\/wp-content\/uploads\/2022\/08\/47632.png","width":1000,"height":1000,"caption":"22ct Gold Bracelet"},{"@type":"BreadcrumbList","@id":"https:\/\/www.purejewels.com\/product\/22ct-gold-fancy-ladies-bracelets-7-5-inches-glow-collection-47632\/#breadcrumb","itemListElement":[{"@type":"ListItem","position":1,"name":"Home","item":"https:\/\/www.purejewels.com\/"},{"@type":"ListItem","position":2,"name":"Shop","item":"https:\/\/www.purejewels.com\/shop\/"},{"@type":"ListItem","position":3,"name":"22ct Gold Fancy Ladies Bracelets | 7.5 Inches | Glow Collection"}]},{"@type":"WebSite","@id":"https:\/\/www.purejewels.com\/#website","url":"https:\/\/www.purejewels.com\/","name":"PureJewels UK","description":"Teile die Liebe","publisher":{"@id":"https:\/\/www.purejewels.com\/#organization"},"potentialAction":[{"@type":"SearchAction","target":{"@type":"EntryPoint","urlTemplate":"https:\/\/www.purejewels.com\/?s={search_term_string}"},"query-input":{"@type":"PropertyValueSpecification","valueRequired":true,"valueName":"search_term_string"}}],"inLanguage":"de"},{"@type":"Organization","@id":"https:\/\/www.purejewels.com\/#organization","name":"PureJewels UK","url":"https:\/\/www.purejewels.com\/","logo":{"@type":"ImageObject","inLanguage":"de","@id":"https:\/\/www.purejewels.com\/#\/schema\/logo\/image\/","url":"https:\/\/static.purejewels.com\/wp-content\/uploads\/2020\/11\/Logo-PJ-New-1.png","contentUrl":"https:\/\/static.purejewels.com\/wp-content\/uploads\/2020\/11\/Logo-PJ-New-1.png","width":150,"height":80,"caption":"PureJewels UK"},"image":{"@id":"https:\/\/www.purejewels.com\/#\/schema\/logo\/image\/"}}]}},"_links":{"self":[{"href":"https:\/\/www.purejewels.com\/de\/wp-json\/wp\/v2\/product\/338291","targetHints":{"allow":["GET"]}}],"collection":[{"href":"https:\/\/www.purejewels.com\/de\/wp-json\/wp\/v2\/product"}],"about":[{"href":"https:\/\/www.purejewels.com\/de\/wp-json\/wp\/v2\/types\/product"}],"replies":[{"embeddable":true,"href":"https:\/\/www.purejewels.com\/de\/wp-json\/wp\/v2\/comments?post=338291"}],"version-history":[{"count":3,"href":"https:\/\/www.purejewels.com\/de\/wp-json\/wp\/v2\/product\/338291\/revisions"}],"predecessor-version":[{"id":373667,"href":"https:\/\/www.purejewels.com\/de\/wp-json\/wp\/v2\/product\/338291\/revisions\/373667"}],"wp:featuredmedia":[{"embeddable":true,"href":"https:\/\/www.purejewels.com\/de\/wp-json\/wp\/v2\/media\/359223"}],"wp:attachment":[{"href":"https:\/\/www.purejewels.com\/de\/wp-json\/wp\/v2\/media?parent=338291"}],"wp:term":[{"taxonomy":"product_brand","embeddable":true,"href":"https:\/\/www.purejewels.com\/de\/wp-json\/wp\/v2\/product_brand?post=338291"},{"taxonomy":"product_cat","embeddable":true,"href":"https:\/\/www.purejewels.com\/de\/wp-json\/wp\/v2\/product_cat?post=338291"},{"taxonomy":"product_tag","embeddable":true,"href":"https:\/\/www.purejewels.com\/de\/wp-json\/wp\/v2\/product_tag?post=338291"}],"curies":[{"name":"wp","href":"https:\/\/api.w.org\/{rel}","templated":true}]}}