{"id":338330,"date":"2022-08-25T11:38:50","date_gmt":"2022-08-25T10:38:50","guid":{"rendered":"https:\/\/www.purejewels.com\/?post_type=product&#038;p=338330"},"modified":"2026-02-04T05:44:28","modified_gmt":"2026-02-04T05:44:28","slug":"22ct-gold-antik-finish-damen-ringe-grose-p-rosetten-sammlung-43366","status":"publish","type":"product","link":"https:\/\/www.purejewels.com\/de\/product\/22ct-gold-antique-finish-ladies-rings-size-p-rosettes-collection-43366\/","title":{"rendered":"22ct Gold Rosetten Blumen Ringe | 7mm"},"content":{"rendered":"<p>Einf\u00fchrung in die <a href=\"https:\/\/www.purejewels.com\/de\/product\/22ct-gold-jali-filigree-ring-jali-collection-31926\/\">22ct<\/a> Gelb <a href=\"https:\/\/www.purejewels.com\/de\/product\/22-carat-gold-ring-size-o-46768\/\">Goldring<\/a> aus unserer Rosetten-Kollektion, ein exquisites St\u00fcck, das zeitlose Eleganz und antiken Charme ausstrahlt. Dieser bemerkenswerte Goldring ist in traditioneller Handarbeit gefertigt. <a href=\"https:\/\/www.purejewels.com\/de\/a-guide-to-die-stamping\/\">Stahlstich<\/a> Technik, ein Zeugnis f\u00fcr die sorgf\u00e4ltige Handwerkskunst und das Erbe der Schmuckherstellung.<\/p>\n<p>Die <a href=\"https:\/\/www.purejewels.com\/de\/armari-collection\/\">antikes Finish<\/a> verleiht diesem Ring einen einzigartigen Charakter und macht ihn zu einem echten Hingucker in jeder Schmucksammlung. Das reiche 22-kar\u00e4tige Gelbgold strahlt einen warmen, luxuri\u00f6sen Glanz aus und sorgt daf\u00fcr, dass dieser Ring Aufmerksamkeit und Bewunderung erregt.<\/p>\n<p>Ganz gleich, ob Sie auf der Suche nach einem auff\u00e4lligen Schmuckst\u00fcck f\u00fcr einen besonderen Anlass oder einem bedeutungsvollen Geschenk f\u00fcr einen geliebten Menschen sind, der 22-kar\u00e4tige Gelbgoldring aus unserer Rosetten-Kollektion ist eine ideale Wahl. Erleben Sie die perfekte Mischung aus klassischem Design und traditioneller Handwerkskunst mit diesem atemberaubenden <a href=\"https:\/\/www.purejewels.com\/de\/product\/22ct-gold-ring-antique-ring-41034\/\">antiker Goldring<\/a>.<\/p>\n<p>Exklusiv bei PureJewels erh\u00e4ltlich, mit kostenloser Lieferung in ganz Gro\u00dfbritannien, verspricht dieser Ring eine gesch\u00e4tzte Erg\u00e4nzung Ihres Schmuckrepertoires zu werden. G\u00f6nnen Sie sich die Sch\u00f6nheit von Tradition und Eleganz mit unserer Rosetten Kollektion.<\/p>\n<h3>Designkonzept<\/h3>\n<p>Inspiriert von floralen Motiven aus der Natur, verleiht das Rosettenmuster Tiefe und Eleganz. Die Breite von 7 mm sorgt f\u00fcr einen k\u00fchnen und doch anmutigen Auftritt am Finger und verbindet Tradition mit modernem Design.<\/p>\n<h3>Handwerkliches K\u00f6nnen<\/h3>\n<p>Handgefertigt in unserem Londoner Atelier unter Verwendung traditioneller Techniken und moderner Technologie. Jeder Ring wird sorgf\u00e4ltig bearbeitet, um Pr\u00e4zision, Haltbarkeit und makellose Details zu gew\u00e4hrleisten.<\/p>\n<h3>Styling-Tipps<\/h3>\n<p>Kombinieren Sie diesen Ring mit anderen goldenen Accessoires oder tragen Sie ihn allein f\u00fcr einen zeitlosen Look. Ideal f\u00fcr legere und formelle Anl\u00e4sse. Erh\u00f6ht die Eleganz, wenn er mit passenden Ringen gestapelt oder als Einzelst\u00fcck getragen wird<\/p>","protected":false},"excerpt":{"rendered":"<p>Handgefertigter 22ct Gold Rosetten Ring f\u00fcr Frauen mit 7mm Breite. Der Ring wird in unserem Londoner Atelier mit traditionellen Handwerkstechniken in Kombination mit moderner Technologie hergestellt, die in unserem multikulturellen Erbe verwurzelt sind.<\/p>\n<p><strong>Material<\/strong>22ct Gold (91,6% reines Gold)<br \/>\n<strong>Wahrzeichen<\/strong>: Britisches G\u00fctesiegel<br \/>\n<strong>Gewichtsbereich<\/strong>: 5.7 Gramm - 7.8 Gramm<br \/>\n<strong>Breite<\/strong>: 7mm<br \/>\n<strong>Ringgr\u00f6\u00dfe:<\/strong>\u00a0Erh\u00e4ltlich in verschiedenen Gr\u00f6\u00dfen<br \/>\n<strong>SKU:<\/strong> 44615, 44613, 44303<\/p>\n<p><strong>Preis und Lieferung:<\/strong>\u00a0Inklusive Mehrwertsteuer und Lieferkosten<br \/>\n<a href=\"https:\/\/www.purejewels.com\/de\/ruckgabepolitik\/\"><strong>R\u00fcckgabepolitik<\/strong><\/a><\/p>","protected":false},"featured_media":364895,"comment_status":"closed","ping_status":"closed","template":"","meta":{"_eb_attr":"","_crsspst_to_jayantr4sg-hostcom":false},"product_brand":[],"product_cat":[236,1235,1783,1786,6156,1656,5276,1573,1574],"product_tag":[1430,63,64],"class_list":{"0":"post-338330","1":"product","2":"type-product","3":"status-publish","4":"has-post-thumbnail","6":"product_cat-collections","7":"product_cat-gold-rings","8":"product_cat-ladies-rings","9":"product_cat-occasional-wear-rings","10":"product_cat-rosette-bands","11":"product_cat-rosettes-collections","12":"product_cat-rosettes-ring","13":"product_cat-wedding-gifts","14":"product_cat-womens-jewellery","15":"product_tag-diwali-gift","16":"product_tag-gold","17":"product_tag-rings","19":"first","20":"instock","21":"taxable","22":"shipping-taxable","23":"purchasable","24":"product-type-variable","25":"add-to-wishlist-before_image"},"yoast_head":"<!-- This site is optimized with the Yoast SEO plugin v27.3 - https:\/\/yoast.com\/product\/yoast-seo-wordpress\/ -->\n<title>22ct Gold Antique Finish Rings for Women | PureJewels UK<\/title>\n<meta name=\"description\" content=\"Discover the exquisite 22ct Yellow Gold Ring from PureJewels. Shop Antique Gold Ring from our Rosettes Collection. Enjoy free delivery across the UK.\" \/>\n<meta name=\"robots\" content=\"index, follow, max-snippet:-1, max-image-preview:large, max-video-preview:-1\" \/>\n<link rel=\"canonical\" href=\"https:\/\/www.purejewels.com\/de\/produkt-2\/22ct-gold-antik-finish-damen-ringe-grose-p-rosetten-sammlung-43366\/\" \/>\n<meta property=\"og:locale\" content=\"de_DE\" \/>\n<meta property=\"og:type\" content=\"article\" \/>\n<meta property=\"og:title\" content=\"22ct Gold Antique Finish Rings for Women | PureJewels UK\" \/>\n<meta property=\"og:description\" content=\"Discover the exquisite 22ct Yellow Gold Ring from PureJewels. Shop Antique Gold Ring from our Rosettes Collection. Enjoy free delivery across the UK.\" \/>\n<meta property=\"og:url\" content=\"https:\/\/www.purejewels.com\/de\/produkt-2\/22ct-gold-antik-finish-damen-ringe-grose-p-rosetten-sammlung-43366\/\" \/>\n<meta property=\"og:site_name\" content=\"PureJewels UK\" \/>\n<meta property=\"article:modified_time\" content=\"2026-02-04T05:44:28+00:00\" \/>\n<meta property=\"og:image\" content=\"https:\/\/static.purejewels.com\/wp-content\/uploads\/2022\/08\/43366.jpg\" \/>\n\t<meta property=\"og:image:width\" content=\"1000\" \/>\n\t<meta property=\"og:image:height\" content=\"1000\" \/>\n\t<meta property=\"og:image:type\" content=\"image\/jpeg\" \/>\n<meta name=\"twitter:card\" content=\"summary_large_image\" \/>\n<meta name=\"twitter:label1\" content=\"Gesch\u00e4tzte Lesezeit\" \/>\n\t<meta name=\"twitter:data1\" content=\"2\u00a0Minuten\" \/>\n<script type=\"application\/ld+json\" class=\"yoast-schema-graph\">{\"@context\":\"https:\\\/\\\/schema.org\",\"@graph\":[{\"@type\":[\"WebPage\",\"ItemPage\"],\"@id\":\"https:\\\/\\\/www.purejewels.com\\\/product\\\/22ct-gold-antique-finish-ladies-rings-size-p-rosettes-collection-43366\\\/\",\"url\":\"https:\\\/\\\/www.purejewels.com\\\/product\\\/22ct-gold-antique-finish-ladies-rings-size-p-rosettes-collection-43366\\\/\",\"name\":\"22ct Gold Antique Finish Rings for Women | PureJewels UK\",\"isPartOf\":{\"@id\":\"https:\\\/\\\/www.purejewels.com\\\/#website\"},\"primaryImageOfPage\":{\"@id\":\"https:\\\/\\\/www.purejewels.com\\\/product\\\/22ct-gold-antique-finish-ladies-rings-size-p-rosettes-collection-43366\\\/#primaryimage\"},\"image\":{\"@id\":\"https:\\\/\\\/www.purejewels.com\\\/product\\\/22ct-gold-antique-finish-ladies-rings-size-p-rosettes-collection-43366\\\/#primaryimage\"},\"thumbnailUrl\":\"https:\\\/\\\/static.purejewels.com\\\/wp-content\\\/uploads\\\/2022\\\/08\\\/43366.jpg\",\"datePublished\":\"2022-08-25T10:38:50+00:00\",\"dateModified\":\"2026-02-04T05:44:28+00:00\",\"description\":\"Discover the exquisite 22ct Yellow Gold Ring from PureJewels. Shop Antique Gold Ring from our Rosettes Collection. Enjoy free delivery across the UK.\",\"breadcrumb\":{\"@id\":\"https:\\\/\\\/www.purejewels.com\\\/product\\\/22ct-gold-antique-finish-ladies-rings-size-p-rosettes-collection-43366\\\/#breadcrumb\"},\"inLanguage\":\"de\",\"potentialAction\":[{\"@type\":\"ReadAction\",\"target\":[\"https:\\\/\\\/www.purejewels.com\\\/product\\\/22ct-gold-antique-finish-ladies-rings-size-p-rosettes-collection-43366\\\/\"]}]},{\"@type\":\"ImageObject\",\"inLanguage\":\"de\",\"@id\":\"https:\\\/\\\/www.purejewels.com\\\/product\\\/22ct-gold-antique-finish-ladies-rings-size-p-rosettes-collection-43366\\\/#primaryimage\",\"url\":\"https:\\\/\\\/static.purejewels.com\\\/wp-content\\\/uploads\\\/2022\\\/08\\\/43366.jpg\",\"contentUrl\":\"https:\\\/\\\/static.purejewels.com\\\/wp-content\\\/uploads\\\/2022\\\/08\\\/43366.jpg\",\"width\":1000,\"height\":1000,\"caption\":\"22ct Gold Antique Finish Ladies Rings | Size P | Rosettes Collection\"},{\"@type\":\"BreadcrumbList\",\"@id\":\"https:\\\/\\\/www.purejewels.com\\\/product\\\/22ct-gold-antique-finish-ladies-rings-size-p-rosettes-collection-43366\\\/#breadcrumb\",\"itemListElement\":[{\"@type\":\"ListItem\",\"position\":1,\"name\":\"Home\",\"item\":\"https:\\\/\\\/www.purejewels.com\\\/\"},{\"@type\":\"ListItem\",\"position\":2,\"name\":\"Shop\",\"item\":\"https:\\\/\\\/www.purejewels.com\\\/shop\\\/\"},{\"@type\":\"ListItem\",\"position\":3,\"name\":\"22ct Gold Rosettes Floral Rings | 7mm\"}]},{\"@type\":\"WebSite\",\"@id\":\"https:\\\/\\\/www.purejewels.com\\\/#website\",\"url\":\"https:\\\/\\\/www.purejewels.com\\\/\",\"name\":\"PureJewels UK\",\"description\":\"Share the Love\",\"publisher\":{\"@id\":\"https:\\\/\\\/www.purejewels.com\\\/#organization\"},\"potentialAction\":[{\"@type\":\"SearchAction\",\"target\":{\"@type\":\"EntryPoint\",\"urlTemplate\":\"https:\\\/\\\/www.purejewels.com\\\/?s={search_term_string}\"},\"query-input\":{\"@type\":\"PropertyValueSpecification\",\"valueRequired\":true,\"valueName\":\"search_term_string\"}}],\"inLanguage\":\"de\"},{\"@type\":\"Organization\",\"@id\":\"https:\\\/\\\/www.purejewels.com\\\/#organization\",\"name\":\"PureJewels UK\",\"url\":\"https:\\\/\\\/www.purejewels.com\\\/\",\"logo\":{\"@type\":\"ImageObject\",\"inLanguage\":\"de\",\"@id\":\"https:\\\/\\\/www.purejewels.com\\\/#\\\/schema\\\/logo\\\/image\\\/\",\"url\":\"https:\\\/\\\/static.purejewels.com\\\/wp-content\\\/uploads\\\/2020\\\/11\\\/Logo-PJ-New-1.png\",\"contentUrl\":\"https:\\\/\\\/static.purejewels.com\\\/wp-content\\\/uploads\\\/2020\\\/11\\\/Logo-PJ-New-1.png\",\"width\":150,\"height\":80,\"caption\":\"PureJewels UK\"},\"image\":{\"@id\":\"https:\\\/\\\/www.purejewels.com\\\/#\\\/schema\\\/logo\\\/image\\\/\"}}]}<\/script>\n<!-- \/ Yoast SEO plugin. -->","yoast_head_json":{"title":"22ct Gold Antik Finish Ringe f\u00fcr Frauen | PureJewels UK","description":"Entdecken Sie den exquisiten 22ct Yellow Gold Ring von PureJewels. Shop Antique Gold Ring aus unserer Rosetten Kollektion. Genie\u00dfen Sie kostenlose Lieferung in ganz Gro\u00dfbritannien.","robots":{"index":"index","follow":"follow","max-snippet":"max-snippet:-1","max-image-preview":"max-image-preview:large","max-video-preview":"max-video-preview:-1"},"canonical":"https:\/\/www.purejewels.com\/de\/produkt-2\/22ct-gold-antik-finish-damen-ringe-grose-p-rosetten-sammlung-43366\/","og_locale":"de_DE","og_type":"article","og_title":"22ct Gold Antique Finish Rings for Women | PureJewels UK","og_description":"Discover the exquisite 22ct Yellow Gold Ring from PureJewels. Shop Antique Gold Ring from our Rosettes Collection. Enjoy free delivery across the UK.","og_url":"https:\/\/www.purejewels.com\/de\/produkt-2\/22ct-gold-antik-finish-damen-ringe-grose-p-rosetten-sammlung-43366\/","og_site_name":"PureJewels UK","article_modified_time":"2026-02-04T05:44:28+00:00","og_image":[{"width":1000,"height":1000,"url":"https:\/\/static.purejewels.com\/wp-content\/uploads\/2022\/08\/43366.jpg","type":"image\/jpeg"}],"twitter_card":"summary_large_image","twitter_misc":{"Gesch\u00e4tzte Lesezeit":"2\u00a0Minuten"},"schema":{"@context":"https:\/\/schema.org","@graph":[{"@type":["WebPage","ItemPage"],"@id":"https:\/\/www.purejewels.com\/product\/22ct-gold-antique-finish-ladies-rings-size-p-rosettes-collection-43366\/","url":"https:\/\/www.purejewels.com\/product\/22ct-gold-antique-finish-ladies-rings-size-p-rosettes-collection-43366\/","name":"22ct Gold Antik Finish Ringe f\u00fcr Frauen | PureJewels UK","isPartOf":{"@id":"https:\/\/www.purejewels.com\/#website"},"primaryImageOfPage":{"@id":"https:\/\/www.purejewels.com\/product\/22ct-gold-antique-finish-ladies-rings-size-p-rosettes-collection-43366\/#primaryimage"},"image":{"@id":"https:\/\/www.purejewels.com\/product\/22ct-gold-antique-finish-ladies-rings-size-p-rosettes-collection-43366\/#primaryimage"},"thumbnailUrl":"https:\/\/static.purejewels.com\/wp-content\/uploads\/2022\/08\/43366.jpg","datePublished":"2022-08-25T10:38:50+00:00","dateModified":"2026-02-04T05:44:28+00:00","description":"Entdecken Sie den exquisiten 22ct Yellow Gold Ring von PureJewels. Shop Antique Gold Ring aus unserer Rosetten Kollektion. Genie\u00dfen Sie kostenlose Lieferung in ganz Gro\u00dfbritannien.","breadcrumb":{"@id":"https:\/\/www.purejewels.com\/product\/22ct-gold-antique-finish-ladies-rings-size-p-rosettes-collection-43366\/#breadcrumb"},"inLanguage":"de","potentialAction":[{"@type":"ReadAction","target":["https:\/\/www.purejewels.com\/product\/22ct-gold-antique-finish-ladies-rings-size-p-rosettes-collection-43366\/"]}]},{"@type":"ImageObject","inLanguage":"de","@id":"https:\/\/www.purejewels.com\/product\/22ct-gold-antique-finish-ladies-rings-size-p-rosettes-collection-43366\/#primaryimage","url":"https:\/\/static.purejewels.com\/wp-content\/uploads\/2022\/08\/43366.jpg","contentUrl":"https:\/\/static.purejewels.com\/wp-content\/uploads\/2022\/08\/43366.jpg","width":1000,"height":1000,"caption":"22ct Gold Antique Finish Ladies Rings | Size P | Rosettes Collection"},{"@type":"BreadcrumbList","@id":"https:\/\/www.purejewels.com\/product\/22ct-gold-antique-finish-ladies-rings-size-p-rosettes-collection-43366\/#breadcrumb","itemListElement":[{"@type":"ListItem","position":1,"name":"Home","item":"https:\/\/www.purejewels.com\/"},{"@type":"ListItem","position":2,"name":"Shop","item":"https:\/\/www.purejewels.com\/shop\/"},{"@type":"ListItem","position":3,"name":"22ct Gold Rosettes Floral Rings | 7mm"}]},{"@type":"WebSite","@id":"https:\/\/www.purejewels.com\/#website","url":"https:\/\/www.purejewels.com\/","name":"PureJewels UK","description":"Teile die Liebe","publisher":{"@id":"https:\/\/www.purejewels.com\/#organization"},"potentialAction":[{"@type":"SearchAction","target":{"@type":"EntryPoint","urlTemplate":"https:\/\/www.purejewels.com\/?s={search_term_string}"},"query-input":{"@type":"PropertyValueSpecification","valueRequired":true,"valueName":"search_term_string"}}],"inLanguage":"de"},{"@type":"Organization","@id":"https:\/\/www.purejewels.com\/#organization","name":"PureJewels UK","url":"https:\/\/www.purejewels.com\/","logo":{"@type":"ImageObject","inLanguage":"de","@id":"https:\/\/www.purejewels.com\/#\/schema\/logo\/image\/","url":"https:\/\/static.purejewels.com\/wp-content\/uploads\/2020\/11\/Logo-PJ-New-1.png","contentUrl":"https:\/\/static.purejewels.com\/wp-content\/uploads\/2020\/11\/Logo-PJ-New-1.png","width":150,"height":80,"caption":"PureJewels UK"},"image":{"@id":"https:\/\/www.purejewels.com\/#\/schema\/logo\/image\/"}}]}},"_links":{"self":[{"href":"https:\/\/www.purejewels.com\/de\/wp-json\/wp\/v2\/product\/338330","targetHints":{"allow":["GET"]}}],"collection":[{"href":"https:\/\/www.purejewels.com\/de\/wp-json\/wp\/v2\/product"}],"about":[{"href":"https:\/\/www.purejewels.com\/de\/wp-json\/wp\/v2\/types\/product"}],"replies":[{"embeddable":true,"href":"https:\/\/www.purejewels.com\/de\/wp-json\/wp\/v2\/comments?post=338330"}],"version-history":[{"count":4,"href":"https:\/\/www.purejewels.com\/de\/wp-json\/wp\/v2\/product\/338330\/revisions"}],"predecessor-version":[{"id":418831,"href":"https:\/\/www.purejewels.com\/de\/wp-json\/wp\/v2\/product\/338330\/revisions\/418831"}],"wp:featuredmedia":[{"embeddable":true,"href":"https:\/\/www.purejewels.com\/de\/wp-json\/wp\/v2\/media\/364895"}],"wp:attachment":[{"href":"https:\/\/www.purejewels.com\/de\/wp-json\/wp\/v2\/media?parent=338330"}],"wp:term":[{"taxonomy":"product_brand","embeddable":true,"href":"https:\/\/www.purejewels.com\/de\/wp-json\/wp\/v2\/product_brand?post=338330"},{"taxonomy":"product_cat","embeddable":true,"href":"https:\/\/www.purejewels.com\/de\/wp-json\/wp\/v2\/product_cat?post=338330"},{"taxonomy":"product_tag","embeddable":true,"href":"https:\/\/www.purejewels.com\/de\/wp-json\/wp\/v2\/product_tag?post=338330"}],"curies":[{"name":"wp","href":"https:\/\/api.w.org\/{rel}","templated":true}]}}