{"id":338576,"date":"2025-11-15T11:34:06","date_gmt":"2025-11-15T11:34:06","guid":{"rendered":"https:\/\/www.purejewels.com\/?post_type=product&#038;p=338576"},"modified":"2026-02-04T09:41:08","modified_gmt":"2026-02-04T09:41:08","slug":"22-kt-gold-ring-fur-herren-grose-s-42603","status":"publish","type":"product","link":"https:\/\/www.purejewels.com\/de\/product\/22ct-gold-ring-for-gents-size-s-42603\/","title":{"rendered":"22ct Gold Ring f\u00fcr Herren | Gr\u00f6\u00dfe S"},"content":{"rendered":"<h3 data-start=\"1095\" data-end=\"1119\"><strong data-start=\"1099\" data-end=\"1117\">Designkonzept<\/strong><\/h3>\n<p data-start=\"1120\" data-end=\"1494\">Dieser Ring ist in seinem Erbe und seiner Einfachheit verwurzelt und soll St\u00e4rke, Loyalit\u00e4t und zeitlose M\u00e4nnlichkeit repr\u00e4sentieren. Mit seinen klaren Linien und seiner soliden Form eignet er sich sowohl f\u00fcr traditionelle s\u00fcdasiatische Hochzeiten als auch f\u00fcr das moderne t\u00e4gliche Tragen. Inspiriert vom bleibenden Wert des Goldes in kulturellen Zeremonien, ist er eine Hommage an die Vergangenheit und f\u00fcgt sich gleichzeitig nahtlos in das heutige Leben ein.<\/p>\n<h3 data-start=\"1501\" data-end=\"1524\"><strong data-start=\"1505\" data-end=\"1522\">Handwerkliches K\u00f6nnen<\/strong><\/h3>\n<p data-start=\"1525\" data-end=\"1887\">Dieser fachm\u00e4nnisch aus luxuri\u00f6sem 22-kar\u00e4tigem Gelbgold gefertigte Ring verk\u00f6rpert PureJewels\u2019 Engagement f\u00fcr Pr\u00e4zision, Reinheit und Tradition. Jedes St\u00fcck wird von erfahrenen Kunsthandwerkern sorgf\u00e4ltig geformt und poliert, um ein makelloses Finish zu erzielen. Die Punzierung des London Assay Office garantiert die Qualit\u00e4t und Integrit\u00e4t des Metalls und sorgt daf\u00fcr, dass Sie diesen Ring ein Leben lang tragen und sch\u00e4tzen k\u00f6nnen.<\/p>\n<h3 data-start=\"1894\" data-end=\"1917\"><strong data-start=\"1898\" data-end=\"1915\">Styling-Ideen<\/strong><\/h3>\n<ul>\n<li data-start=\"1920\" data-end=\"2024\">Eine raffinierte Wahl f\u00fcr Eheringe, insbesondere f\u00fcr Br\u00e4utigame, die einen traditionellen, aber dennoch gehobenen Look suchen.<\/li>\n<li data-start=\"2027\" data-end=\"2111\">Erg\u00e4nzt formelle Kleidung - perfekt f\u00fcr gesch\u00e4ftliche Veranstaltungen oder feierliche Anl\u00e4sse.<\/li>\n<li data-start=\"2114\" data-end=\"2220\">Kann t\u00e4glich als Symbol des Engagements oder des pers\u00f6nlichen Stils getragen werden, kombiniert mit einem Goldarmband oder einer Uhr.<\/li>\n<li data-start=\"2223\" data-end=\"2306\">Ein bedeutungsvolles Geschenk zum Geburtstag, zur Bef\u00f6rderung oder zum Jahrestag, das sich als Erbst\u00fcck eignet.<\/li>\n<\/ul>","protected":false},"excerpt":{"rendered":"<ul>\n<li>22ct Gold Ring f\u00fcr Herren | Gr\u00f6\u00dfe S<\/li>\n<li>Wt. 9,7 g<\/li>\n<li>Ring Gr\u00f6\u00dfe S<\/li>\n<li><span id=\"urn:enhancement-b80a25bb\" class=\"textannotation\">SKU<\/span>. 42603<\/li>\n<li>Kann sein\u00a0<span id=\"urn:enhancement-c1b7fb96\" class=\"textannotation\">auf Bestellung gefertigt<\/span>\u00a0auf Ihre Fingergr\u00f6\u00dfe<\/li>\n<li>Alle unsere\u00a0<span id=\"urn:enhancement-48edcf47\" class=\"textannotation\">Produkte<\/span>\u00a0werden von London gestempelt\u00a0<span id=\"urn:enhancement-452a3ce\" class=\"textannotation\">Pr\u00fcfstelle<\/span><\/li>\n<li>Kommt mit Pr\u00e4sentation\u00a0<span id=\"urn:enhancement-ac5abee4\" class=\"textannotation\">Box<\/span><\/li>\n<li>Lieferung inbegriffen<\/li>\n<li>Alle Preise inklusive Mehrwertsteuer<\/li>\n<li>Kontaktieren Sie uns, um \u00e4hnliche asiatische Hochzeiten zu entdecken\u00a0<span id=\"urn:enhancement-1162a1de\" class=\"textannotation\">Ringe<\/span><\/li>\n<\/ul>","protected":false},"featured_media":338577,"comment_status":"closed","ping_status":"closed","template":"","meta":{"_eb_attr":"","_crsspst_to_jayantr4sg-hostcom":false},"product_brand":[],"product_cat":[6179,1785,1784,1229,1235,226],"product_tag":[64],"class_list":{"0":"post-338576","1":"product","2":"type-product","3":"status-publish","4":"has-post-thumbnail","6":"product_cat-1-tola-gold-jewellery","7":"product_cat-daily-wear-rings","8":"product_cat-gents-rings","9":"product_cat-22ct-gold-jewellery","10":"product_cat-gold-rings","11":"product_cat-wedding-rings-bands","12":"product_tag-rings","14":"first","15":"instock","16":"taxable","17":"shipping-taxable","18":"purchasable","19":"product-type-simple","20":"add-to-wishlist-before_image"},"yoast_head":"<!-- This site is optimized with the Yoast SEO plugin v27.3 - https:\/\/yoast.com\/product\/yoast-seo-wordpress\/ -->\n<title>22ct Gold Ring for Gents | Size S at PureJewels UK<\/title>\n<meta name=\"description\" content=\"22 carats Gold for Gents Plain Ring is suitable for daily wear. Order online for free next day UK delivery. | Gold Ring Online.\" \/>\n<meta name=\"robots\" content=\"index, follow, max-snippet:-1, max-image-preview:large, max-video-preview:-1\" \/>\n<link rel=\"canonical\" href=\"https:\/\/www.purejewels.com\/de\/produkt-2\/22-kt-gold-ring-fur-herren-grose-s-42603\/\" \/>\n<meta property=\"og:locale\" content=\"de_DE\" \/>\n<meta property=\"og:type\" content=\"article\" \/>\n<meta property=\"og:title\" content=\"22ct Gold Ring for Gents | Size S at PureJewels UK\" \/>\n<meta property=\"og:description\" content=\"22 carats Gold for Gents Plain Ring is suitable for daily wear. Order online for free next day UK delivery. | Gold Ring Online.\" \/>\n<meta property=\"og:url\" content=\"https:\/\/www.purejewels.com\/de\/produkt-2\/22-kt-gold-ring-fur-herren-grose-s-42603\/\" \/>\n<meta property=\"og:site_name\" content=\"PureJewels UK\" \/>\n<meta property=\"article:modified_time\" content=\"2026-02-04T09:41:08+00:00\" \/>\n<meta property=\"og:image\" content=\"https:\/\/static.purejewels.com\/wp-content\/uploads\/2022\/09\/42603-1.jpg\" \/>\n\t<meta property=\"og:image:width\" content=\"1000\" \/>\n\t<meta property=\"og:image:height\" content=\"1000\" \/>\n\t<meta property=\"og:image:type\" content=\"image\/jpeg\" \/>\n<meta name=\"twitter:card\" content=\"summary_large_image\" \/>\n<meta name=\"twitter:label1\" content=\"Gesch\u00e4tzte Lesezeit\" \/>\n\t<meta name=\"twitter:data1\" content=\"1\u00a0Minute\" \/>\n<script type=\"application\/ld+json\" class=\"yoast-schema-graph\">{\"@context\":\"https:\\\/\\\/schema.org\",\"@graph\":[{\"@type\":[\"WebPage\",\"ItemPage\"],\"@id\":\"https:\\\/\\\/www.purejewels.com\\\/product\\\/22ct-gold-ring-for-gents-size-s-42603\\\/\",\"url\":\"https:\\\/\\\/www.purejewels.com\\\/product\\\/22ct-gold-ring-for-gents-size-s-42603\\\/\",\"name\":\"22ct Gold Ring for Gents | Size S at PureJewels UK\",\"isPartOf\":{\"@id\":\"https:\\\/\\\/www.purejewels.com\\\/#website\"},\"primaryImageOfPage\":{\"@id\":\"https:\\\/\\\/www.purejewels.com\\\/product\\\/22ct-gold-ring-for-gents-size-s-42603\\\/#primaryimage\"},\"image\":{\"@id\":\"https:\\\/\\\/www.purejewels.com\\\/product\\\/22ct-gold-ring-for-gents-size-s-42603\\\/#primaryimage\"},\"thumbnailUrl\":\"https:\\\/\\\/static.purejewels.com\\\/wp-content\\\/uploads\\\/2022\\\/09\\\/42603-1.jpg\",\"datePublished\":\"2025-11-15T11:34:06+00:00\",\"dateModified\":\"2026-02-04T09:41:08+00:00\",\"description\":\"22 carats Gold for Gents Plain Ring is suitable for daily wear. Order online for free next day UK delivery. | Gold Ring Online.\",\"breadcrumb\":{\"@id\":\"https:\\\/\\\/www.purejewels.com\\\/product\\\/22ct-gold-ring-for-gents-size-s-42603\\\/#breadcrumb\"},\"inLanguage\":\"de\",\"potentialAction\":[{\"@type\":\"ReadAction\",\"target\":[\"https:\\\/\\\/www.purejewels.com\\\/product\\\/22ct-gold-ring-for-gents-size-s-42603\\\/\"]}]},{\"@type\":\"ImageObject\",\"inLanguage\":\"de\",\"@id\":\"https:\\\/\\\/www.purejewels.com\\\/product\\\/22ct-gold-ring-for-gents-size-s-42603\\\/#primaryimage\",\"url\":\"https:\\\/\\\/static.purejewels.com\\\/wp-content\\\/uploads\\\/2022\\\/09\\\/42603-1.jpg\",\"contentUrl\":\"https:\\\/\\\/static.purejewels.com\\\/wp-content\\\/uploads\\\/2022\\\/09\\\/42603-1.jpg\",\"width\":1000,\"height\":1000},{\"@type\":\"BreadcrumbList\",\"@id\":\"https:\\\/\\\/www.purejewels.com\\\/product\\\/22ct-gold-ring-for-gents-size-s-42603\\\/#breadcrumb\",\"itemListElement\":[{\"@type\":\"ListItem\",\"position\":1,\"name\":\"Home\",\"item\":\"https:\\\/\\\/www.purejewels.com\\\/\"},{\"@type\":\"ListItem\",\"position\":2,\"name\":\"Shop\",\"item\":\"https:\\\/\\\/www.purejewels.com\\\/shop\\\/\"},{\"@type\":\"ListItem\",\"position\":3,\"name\":\"22ct Gold Ring for Gents | Size S\"}]},{\"@type\":\"WebSite\",\"@id\":\"https:\\\/\\\/www.purejewels.com\\\/#website\",\"url\":\"https:\\\/\\\/www.purejewels.com\\\/\",\"name\":\"PureJewels UK\",\"description\":\"Share the Love\",\"publisher\":{\"@id\":\"https:\\\/\\\/www.purejewels.com\\\/#organization\"},\"potentialAction\":[{\"@type\":\"SearchAction\",\"target\":{\"@type\":\"EntryPoint\",\"urlTemplate\":\"https:\\\/\\\/www.purejewels.com\\\/?s={search_term_string}\"},\"query-input\":{\"@type\":\"PropertyValueSpecification\",\"valueRequired\":true,\"valueName\":\"search_term_string\"}}],\"inLanguage\":\"de\"},{\"@type\":\"Organization\",\"@id\":\"https:\\\/\\\/www.purejewels.com\\\/#organization\",\"name\":\"PureJewels UK\",\"url\":\"https:\\\/\\\/www.purejewels.com\\\/\",\"logo\":{\"@type\":\"ImageObject\",\"inLanguage\":\"de\",\"@id\":\"https:\\\/\\\/www.purejewels.com\\\/#\\\/schema\\\/logo\\\/image\\\/\",\"url\":\"https:\\\/\\\/static.purejewels.com\\\/wp-content\\\/uploads\\\/2020\\\/11\\\/Logo-PJ-New-1.png\",\"contentUrl\":\"https:\\\/\\\/static.purejewels.com\\\/wp-content\\\/uploads\\\/2020\\\/11\\\/Logo-PJ-New-1.png\",\"width\":150,\"height\":80,\"caption\":\"PureJewels UK\"},\"image\":{\"@id\":\"https:\\\/\\\/www.purejewels.com\\\/#\\\/schema\\\/logo\\\/image\\\/\"}}]}<\/script>\n<!-- \/ Yoast SEO plugin. -->","yoast_head_json":{"title":"22ct Gold Ring f\u00fcr Herren | Gr\u00f6\u00dfe S bei PureJewels UK","description":"22 Karat Gold f\u00fcr Herren Plain Ring ist f\u00fcr das t\u00e4gliche Tragen geeignet. Bestellen Sie online f\u00fcr kostenlose Lieferung am n\u00e4chsten Tag UK. | Gold Ring Online.","robots":{"index":"index","follow":"follow","max-snippet":"max-snippet:-1","max-image-preview":"max-image-preview:large","max-video-preview":"max-video-preview:-1"},"canonical":"https:\/\/www.purejewels.com\/de\/produkt-2\/22-kt-gold-ring-fur-herren-grose-s-42603\/","og_locale":"de_DE","og_type":"article","og_title":"22ct Gold Ring for Gents | Size S at PureJewels UK","og_description":"22 carats Gold for Gents Plain Ring is suitable for daily wear. Order online for free next day UK delivery. | Gold Ring Online.","og_url":"https:\/\/www.purejewels.com\/de\/produkt-2\/22-kt-gold-ring-fur-herren-grose-s-42603\/","og_site_name":"PureJewels UK","article_modified_time":"2026-02-04T09:41:08+00:00","og_image":[{"width":1000,"height":1000,"url":"https:\/\/static.purejewels.com\/wp-content\/uploads\/2022\/09\/42603-1.jpg","type":"image\/jpeg"}],"twitter_card":"summary_large_image","twitter_misc":{"Gesch\u00e4tzte Lesezeit":"1\u00a0Minute"},"schema":{"@context":"https:\/\/schema.org","@graph":[{"@type":["WebPage","ItemPage"],"@id":"https:\/\/www.purejewels.com\/product\/22ct-gold-ring-for-gents-size-s-42603\/","url":"https:\/\/www.purejewels.com\/product\/22ct-gold-ring-for-gents-size-s-42603\/","name":"22ct Gold Ring f\u00fcr Herren | Gr\u00f6\u00dfe S bei PureJewels UK","isPartOf":{"@id":"https:\/\/www.purejewels.com\/#website"},"primaryImageOfPage":{"@id":"https:\/\/www.purejewels.com\/product\/22ct-gold-ring-for-gents-size-s-42603\/#primaryimage"},"image":{"@id":"https:\/\/www.purejewels.com\/product\/22ct-gold-ring-for-gents-size-s-42603\/#primaryimage"},"thumbnailUrl":"https:\/\/static.purejewels.com\/wp-content\/uploads\/2022\/09\/42603-1.jpg","datePublished":"2025-11-15T11:34:06+00:00","dateModified":"2026-02-04T09:41:08+00:00","description":"22 Karat Gold f\u00fcr Herren Plain Ring ist f\u00fcr das t\u00e4gliche Tragen geeignet. Bestellen Sie online f\u00fcr kostenlose Lieferung am n\u00e4chsten Tag UK. | Gold Ring Online.","breadcrumb":{"@id":"https:\/\/www.purejewels.com\/product\/22ct-gold-ring-for-gents-size-s-42603\/#breadcrumb"},"inLanguage":"de","potentialAction":[{"@type":"ReadAction","target":["https:\/\/www.purejewels.com\/product\/22ct-gold-ring-for-gents-size-s-42603\/"]}]},{"@type":"ImageObject","inLanguage":"de","@id":"https:\/\/www.purejewels.com\/product\/22ct-gold-ring-for-gents-size-s-42603\/#primaryimage","url":"https:\/\/static.purejewels.com\/wp-content\/uploads\/2022\/09\/42603-1.jpg","contentUrl":"https:\/\/static.purejewels.com\/wp-content\/uploads\/2022\/09\/42603-1.jpg","width":1000,"height":1000},{"@type":"BreadcrumbList","@id":"https:\/\/www.purejewels.com\/product\/22ct-gold-ring-for-gents-size-s-42603\/#breadcrumb","itemListElement":[{"@type":"ListItem","position":1,"name":"Home","item":"https:\/\/www.purejewels.com\/"},{"@type":"ListItem","position":2,"name":"Shop","item":"https:\/\/www.purejewels.com\/shop\/"},{"@type":"ListItem","position":3,"name":"22ct Gold Ring for Gents | Size S"}]},{"@type":"WebSite","@id":"https:\/\/www.purejewels.com\/#website","url":"https:\/\/www.purejewels.com\/","name":"PureJewels UK","description":"Teile die Liebe","publisher":{"@id":"https:\/\/www.purejewels.com\/#organization"},"potentialAction":[{"@type":"SearchAction","target":{"@type":"EntryPoint","urlTemplate":"https:\/\/www.purejewels.com\/?s={search_term_string}"},"query-input":{"@type":"PropertyValueSpecification","valueRequired":true,"valueName":"search_term_string"}}],"inLanguage":"de"},{"@type":"Organization","@id":"https:\/\/www.purejewels.com\/#organization","name":"PureJewels UK","url":"https:\/\/www.purejewels.com\/","logo":{"@type":"ImageObject","inLanguage":"de","@id":"https:\/\/www.purejewels.com\/#\/schema\/logo\/image\/","url":"https:\/\/static.purejewels.com\/wp-content\/uploads\/2020\/11\/Logo-PJ-New-1.png","contentUrl":"https:\/\/static.purejewels.com\/wp-content\/uploads\/2020\/11\/Logo-PJ-New-1.png","width":150,"height":80,"caption":"PureJewels UK"},"image":{"@id":"https:\/\/www.purejewels.com\/#\/schema\/logo\/image\/"}}]}},"_links":{"self":[{"href":"https:\/\/www.purejewels.com\/de\/wp-json\/wp\/v2\/product\/338576","targetHints":{"allow":["GET"]}}],"collection":[{"href":"https:\/\/www.purejewels.com\/de\/wp-json\/wp\/v2\/product"}],"about":[{"href":"https:\/\/www.purejewels.com\/de\/wp-json\/wp\/v2\/types\/product"}],"replies":[{"embeddable":true,"href":"https:\/\/www.purejewels.com\/de\/wp-json\/wp\/v2\/comments?post=338576"}],"version-history":[{"count":3,"href":"https:\/\/www.purejewels.com\/de\/wp-json\/wp\/v2\/product\/338576\/revisions"}],"predecessor-version":[{"id":420455,"href":"https:\/\/www.purejewels.com\/de\/wp-json\/wp\/v2\/product\/338576\/revisions\/420455"}],"wp:featuredmedia":[{"embeddable":true,"href":"https:\/\/www.purejewels.com\/de\/wp-json\/wp\/v2\/media\/338577"}],"wp:attachment":[{"href":"https:\/\/www.purejewels.com\/de\/wp-json\/wp\/v2\/media?parent=338576"}],"wp:term":[{"taxonomy":"product_brand","embeddable":true,"href":"https:\/\/www.purejewels.com\/de\/wp-json\/wp\/v2\/product_brand?post=338576"},{"taxonomy":"product_cat","embeddable":true,"href":"https:\/\/www.purejewels.com\/de\/wp-json\/wp\/v2\/product_cat?post=338576"},{"taxonomy":"product_tag","embeddable":true,"href":"https:\/\/www.purejewels.com\/de\/wp-json\/wp\/v2\/product_tag?post=338576"}],"curies":[{"name":"wp","href":"https:\/\/api.w.org\/{rel}","templated":true}]}}