{"id":338581,"date":"2022-09-15T11:52:41","date_gmt":"2022-09-15T10:52:41","guid":{"rendered":"https:\/\/www.purejewels.com\/?post_type=product&#038;p=338581"},"modified":"2026-02-04T10:49:47","modified_gmt":"2026-02-04T10:49:47","slug":"22-kt-gold-ring-fur-herren-grose-t-42604","status":"publish","type":"product","link":"https:\/\/www.purejewels.com\/de\/product\/22ct-gold-ring-for-gents-size-t-42604\/","title":{"rendered":"22ct Gold Ring f\u00fcr Herren | Gr\u00f6\u00dfe T"},"content":{"rendered":"<p data-start=\"0\" data-end=\"399\"><strong data-start=\"0\" data-end=\"18\">Designkonzept<\/strong><br data-start=\"18\" data-end=\"21\" \/>Dieser exquisite Herrenring aus 22-kar\u00e4tigem Gold ist ein zeitloser Ausdruck von Luxus, der sowohl f\u00fcr besondere Anl\u00e4sse als auch f\u00fcr den Alltag geeignet ist. Mit einem Gewicht von 9,4 Gramm reinem 22-kar\u00e4tigem Gold hat er eine substanzielle und doch raffinierte Pr\u00e4senz an der Hand. Die Standardgr\u00f6\u00dfe ist T, mit der Option, ihn nach Ma\u00df anzufertigen, damit er perfekt passt. Damit ist er ein idealer asiatischer Ehering oder ein raffinierter Alltagsschmuck.<\/p>\n<p data-start=\"401\" data-end=\"733\"><strong data-start=\"401\" data-end=\"418\">Handwerkliches K\u00f6nnen<\/strong><br data-start=\"418\" data-end=\"421\" \/>Dieser mit Pr\u00e4zision und Liebe zum Detail gefertigte Ring zeigt den Reichtum von reinem 22-kar\u00e4tigem Gold und die Finesse der handwerklichen Verarbeitung. Jedes St\u00fcck ist vom London Assay Office gestempelt, was seine Authentizit\u00e4t und Qualit\u00e4t best\u00e4tigt. Der Ring wird in einer sch\u00f6nen Schachtel geliefert und kann als Geschenk oder f\u00fcr sich selbst verwendet werden.<\/p>\n<p data-start=\"735\" data-end=\"1169\" data-is-last-node=\"\" data-is-only-node=\"\"><strong data-start=\"735\" data-end=\"752\">Styling-Ideen<\/strong><br data-start=\"752\" data-end=\"755\" \/>Tragen Sie diesen Ring im Alltag, zusammen mit einer klassischen Uhr oder einem Armband, oder als distinguierten asiatischen Ehering zu traditioneller Kleidung. Sein warmer 22-kar\u00e4tiger Glanz passt sowohl zu formellen als auch zu legeren Outfits und verleiht ihnen einen Hauch von ruhigem Luxus. Mit kostenloser, nachverfolgbarer Lieferung und sicheren Online-Zahlungen ist er eine bequeme und beruhigende Wahl, wenn Sie die Sch\u00f6nheit reiner Goldkunst erleben m\u00f6chten.<\/p>","protected":false},"excerpt":{"rendered":"<ul>\n<li>22ct Gold Ring f\u00fcr Herren | Gr\u00f6\u00dfe T<\/li>\n<li>Wt. 9.4 gms<\/li>\n<li>Ring Gr\u00f6\u00dfe T<\/li>\n<li><span id=\"urn:enhancement-b80a25bb\" class=\"textannotation\">SKU<\/span>. 42604<\/li>\n<li>Kann sein\u00a0<span id=\"urn:enhancement-c1b7fb96\" class=\"textannotation\">auf Bestellung gefertigt<\/span>\u00a0auf Ihre Fingergr\u00f6\u00dfe<\/li>\n<li>Alle unsere\u00a0<span id=\"urn:enhancement-48edcf47\" class=\"textannotation\">Produkte<\/span>\u00a0werden von London gestempelt\u00a0<span id=\"urn:enhancement-452a3ce\" class=\"textannotation\">Pr\u00fcfstelle<\/span><\/li>\n<li>Kommt mit Pr\u00e4sentation\u00a0<span id=\"urn:enhancement-ac5abee4\" class=\"textannotation\">Box<\/span><\/li>\n<li>Lieferung inbegriffen<\/li>\n<li>Alle Preise inklusive Mehrwertsteuer<\/li>\n<li>Kontaktieren Sie uns, um \u00e4hnliche asiatische Hochzeiten zu entdecken\u00a0<span id=\"urn:enhancement-1162a1de\" class=\"textannotation\">Ringe<\/span><\/li>\n<\/ul>","protected":false},"featured_media":338582,"comment_status":"closed","ping_status":"closed","template":"","meta":{"_eb_attr":"","_crsspst_to_jayantr4sg-hostcom":false},"product_brand":[],"product_cat":[1785,1784,1229,1235,226],"product_tag":[64],"class_list":{"0":"post-338581","1":"product","2":"type-product","3":"status-publish","4":"has-post-thumbnail","6":"product_cat-daily-wear-rings","7":"product_cat-gents-rings","8":"product_cat-22ct-gold-jewellery","9":"product_cat-gold-rings","10":"product_cat-wedding-rings-bands","11":"product_tag-rings","13":"first","14":"instock","15":"taxable","16":"shipping-taxable","17":"purchasable","18":"product-type-simple","19":"add-to-wishlist-before_image"},"yoast_head":"<!-- This site is optimized with the Yoast SEO plugin v27.4 - https:\/\/yoast.com\/product\/yoast-seo-wordpress\/ -->\n<title>22ct Gold Ring for Gents | Size T at PureJewels UK<\/title>\n<meta name=\"description\" content=\"This gold ring in 22 carats Gold for Gents Plain Ring is suitable for daily wear. Order online for free next day UK delivery | Online Shop\" \/>\n<meta name=\"robots\" content=\"index, follow, max-snippet:-1, max-image-preview:large, max-video-preview:-1\" \/>\n<link rel=\"canonical\" href=\"https:\/\/www.purejewels.com\/de\/produkt-2\/22-kt-gold-ring-fur-herren-grose-t-42604\/\" \/>\n<meta property=\"og:locale\" content=\"de_DE\" \/>\n<meta property=\"og:type\" content=\"article\" \/>\n<meta property=\"og:title\" content=\"22ct Gold Ring for Gents | Size T at PureJewels UK\" \/>\n<meta property=\"og:description\" content=\"This gold ring in 22 carats Gold for Gents Plain Ring is suitable for daily wear. Order online for free next day UK delivery | Online Shop\" \/>\n<meta property=\"og:url\" content=\"https:\/\/www.purejewels.com\/de\/produkt-2\/22-kt-gold-ring-fur-herren-grose-t-42604\/\" \/>\n<meta property=\"og:site_name\" content=\"PureJewels UK\" \/>\n<meta property=\"article:modified_time\" content=\"2026-02-04T10:49:47+00:00\" \/>\n<meta property=\"og:image\" content=\"https:\/\/static.purejewels.com\/wp-content\/uploads\/2022\/09\/42604-1.jpg\" \/>\n\t<meta property=\"og:image:width\" content=\"1000\" \/>\n\t<meta property=\"og:image:height\" content=\"1000\" \/>\n\t<meta property=\"og:image:type\" content=\"image\/jpeg\" \/>\n<meta name=\"twitter:card\" content=\"summary_large_image\" \/>\n<meta name=\"twitter:label1\" content=\"Gesch\u00e4tzte Lesezeit\" \/>\n\t<meta name=\"twitter:data1\" content=\"2\u00a0Minuten\" \/>\n<script type=\"application\/ld+json\" class=\"yoast-schema-graph\">{\"@context\":\"https:\\\/\\\/schema.org\",\"@graph\":[{\"@type\":[\"WebPage\",\"ItemPage\"],\"@id\":\"https:\\\/\\\/www.purejewels.com\\\/product\\\/22ct-gold-ring-for-gents-size-t-42604\\\/\",\"url\":\"https:\\\/\\\/www.purejewels.com\\\/product\\\/22ct-gold-ring-for-gents-size-t-42604\\\/\",\"name\":\"22ct Gold Ring for Gents | Size T at PureJewels UK\",\"isPartOf\":{\"@id\":\"https:\\\/\\\/www.purejewels.com\\\/#website\"},\"primaryImageOfPage\":{\"@id\":\"https:\\\/\\\/www.purejewels.com\\\/product\\\/22ct-gold-ring-for-gents-size-t-42604\\\/#primaryimage\"},\"image\":{\"@id\":\"https:\\\/\\\/www.purejewels.com\\\/product\\\/22ct-gold-ring-for-gents-size-t-42604\\\/#primaryimage\"},\"thumbnailUrl\":\"https:\\\/\\\/static.purejewels.com\\\/wp-content\\\/uploads\\\/2022\\\/09\\\/42604-1.jpg\",\"datePublished\":\"2022-09-15T10:52:41+00:00\",\"dateModified\":\"2026-02-04T10:49:47+00:00\",\"description\":\"This gold ring in 22 carats Gold for Gents Plain Ring is suitable for daily wear. Order online for free next day UK delivery | Online Shop\",\"breadcrumb\":{\"@id\":\"https:\\\/\\\/www.purejewels.com\\\/product\\\/22ct-gold-ring-for-gents-size-t-42604\\\/#breadcrumb\"},\"inLanguage\":\"de\",\"potentialAction\":[{\"@type\":\"ReadAction\",\"target\":[\"https:\\\/\\\/www.purejewels.com\\\/product\\\/22ct-gold-ring-for-gents-size-t-42604\\\/\"]}]},{\"@type\":\"ImageObject\",\"inLanguage\":\"de\",\"@id\":\"https:\\\/\\\/www.purejewels.com\\\/product\\\/22ct-gold-ring-for-gents-size-t-42604\\\/#primaryimage\",\"url\":\"https:\\\/\\\/static.purejewels.com\\\/wp-content\\\/uploads\\\/2022\\\/09\\\/42604-1.jpg\",\"contentUrl\":\"https:\\\/\\\/static.purejewels.com\\\/wp-content\\\/uploads\\\/2022\\\/09\\\/42604-1.jpg\",\"width\":1000,\"height\":1000},{\"@type\":\"BreadcrumbList\",\"@id\":\"https:\\\/\\\/www.purejewels.com\\\/product\\\/22ct-gold-ring-for-gents-size-t-42604\\\/#breadcrumb\",\"itemListElement\":[{\"@type\":\"ListItem\",\"position\":1,\"name\":\"Home\",\"item\":\"https:\\\/\\\/www.purejewels.com\\\/\"},{\"@type\":\"ListItem\",\"position\":2,\"name\":\"Shop\",\"item\":\"https:\\\/\\\/www.purejewels.com\\\/shop\\\/\"},{\"@type\":\"ListItem\",\"position\":3,\"name\":\"22ct Gold Ring for Gents | Size T\"}]},{\"@type\":\"WebSite\",\"@id\":\"https:\\\/\\\/www.purejewels.com\\\/#website\",\"url\":\"https:\\\/\\\/www.purejewels.com\\\/\",\"name\":\"PureJewels UK\",\"description\":\"Share the Love\",\"publisher\":{\"@id\":\"https:\\\/\\\/www.purejewels.com\\\/#organization\"},\"potentialAction\":[{\"@type\":\"SearchAction\",\"target\":{\"@type\":\"EntryPoint\",\"urlTemplate\":\"https:\\\/\\\/www.purejewels.com\\\/?s={search_term_string}\"},\"query-input\":{\"@type\":\"PropertyValueSpecification\",\"valueRequired\":true,\"valueName\":\"search_term_string\"}}],\"inLanguage\":\"de\"},{\"@type\":\"Organization\",\"@id\":\"https:\\\/\\\/www.purejewels.com\\\/#organization\",\"name\":\"PureJewels UK\",\"url\":\"https:\\\/\\\/www.purejewels.com\\\/\",\"logo\":{\"@type\":\"ImageObject\",\"inLanguage\":\"de\",\"@id\":\"https:\\\/\\\/www.purejewels.com\\\/#\\\/schema\\\/logo\\\/image\\\/\",\"url\":\"https:\\\/\\\/static.purejewels.com\\\/wp-content\\\/uploads\\\/2020\\\/11\\\/Logo-PJ-New-1.png\",\"contentUrl\":\"https:\\\/\\\/static.purejewels.com\\\/wp-content\\\/uploads\\\/2020\\\/11\\\/Logo-PJ-New-1.png\",\"width\":150,\"height\":80,\"caption\":\"PureJewels UK\"},\"image\":{\"@id\":\"https:\\\/\\\/www.purejewels.com\\\/#\\\/schema\\\/logo\\\/image\\\/\"}}]}<\/script>\n<!-- \/ Yoast SEO plugin. -->","yoast_head_json":{"title":"22ct Gold Ring f\u00fcr Herren | Gr\u00f6\u00dfe T bei PureJewels UK","description":"Dieser Goldring aus 22 Karat Gold f\u00fcr Herren Plain Ring ist f\u00fcr das t\u00e4gliche Tragen geeignet. Bestellen Sie online f\u00fcr kostenlose Lieferung am n\u00e4chsten Tag UK | Online Shop","robots":{"index":"index","follow":"follow","max-snippet":"max-snippet:-1","max-image-preview":"max-image-preview:large","max-video-preview":"max-video-preview:-1"},"canonical":"https:\/\/www.purejewels.com\/de\/produkt-2\/22-kt-gold-ring-fur-herren-grose-t-42604\/","og_locale":"de_DE","og_type":"article","og_title":"22ct Gold Ring for Gents | Size T at PureJewels UK","og_description":"This gold ring in 22 carats Gold for Gents Plain Ring is suitable for daily wear. Order online for free next day UK delivery | Online Shop","og_url":"https:\/\/www.purejewels.com\/de\/produkt-2\/22-kt-gold-ring-fur-herren-grose-t-42604\/","og_site_name":"PureJewels UK","article_modified_time":"2026-02-04T10:49:47+00:00","og_image":[{"width":1000,"height":1000,"url":"https:\/\/static.purejewels.com\/wp-content\/uploads\/2022\/09\/42604-1.jpg","type":"image\/jpeg"}],"twitter_card":"summary_large_image","twitter_misc":{"Gesch\u00e4tzte Lesezeit":"2\u00a0Minuten"},"schema":{"@context":"https:\/\/schema.org","@graph":[{"@type":["WebPage","ItemPage"],"@id":"https:\/\/www.purejewels.com\/product\/22ct-gold-ring-for-gents-size-t-42604\/","url":"https:\/\/www.purejewels.com\/product\/22ct-gold-ring-for-gents-size-t-42604\/","name":"22ct Gold Ring f\u00fcr Herren | Gr\u00f6\u00dfe T bei PureJewels UK","isPartOf":{"@id":"https:\/\/www.purejewels.com\/#website"},"primaryImageOfPage":{"@id":"https:\/\/www.purejewels.com\/product\/22ct-gold-ring-for-gents-size-t-42604\/#primaryimage"},"image":{"@id":"https:\/\/www.purejewels.com\/product\/22ct-gold-ring-for-gents-size-t-42604\/#primaryimage"},"thumbnailUrl":"https:\/\/static.purejewels.com\/wp-content\/uploads\/2022\/09\/42604-1.jpg","datePublished":"2022-09-15T10:52:41+00:00","dateModified":"2026-02-04T10:49:47+00:00","description":"Dieser Goldring aus 22 Karat Gold f\u00fcr Herren Plain Ring ist f\u00fcr das t\u00e4gliche Tragen geeignet. Bestellen Sie online f\u00fcr kostenlose Lieferung am n\u00e4chsten Tag UK | Online Shop","breadcrumb":{"@id":"https:\/\/www.purejewels.com\/product\/22ct-gold-ring-for-gents-size-t-42604\/#breadcrumb"},"inLanguage":"de","potentialAction":[{"@type":"ReadAction","target":["https:\/\/www.purejewels.com\/product\/22ct-gold-ring-for-gents-size-t-42604\/"]}]},{"@type":"ImageObject","inLanguage":"de","@id":"https:\/\/www.purejewels.com\/product\/22ct-gold-ring-for-gents-size-t-42604\/#primaryimage","url":"https:\/\/static.purejewels.com\/wp-content\/uploads\/2022\/09\/42604-1.jpg","contentUrl":"https:\/\/static.purejewels.com\/wp-content\/uploads\/2022\/09\/42604-1.jpg","width":1000,"height":1000},{"@type":"BreadcrumbList","@id":"https:\/\/www.purejewels.com\/product\/22ct-gold-ring-for-gents-size-t-42604\/#breadcrumb","itemListElement":[{"@type":"ListItem","position":1,"name":"Home","item":"https:\/\/www.purejewels.com\/"},{"@type":"ListItem","position":2,"name":"Shop","item":"https:\/\/www.purejewels.com\/shop\/"},{"@type":"ListItem","position":3,"name":"22ct Gold Ring for Gents | Size T"}]},{"@type":"WebSite","@id":"https:\/\/www.purejewels.com\/#website","url":"https:\/\/www.purejewels.com\/","name":"PureJewels UK","description":"Teile die Liebe","publisher":{"@id":"https:\/\/www.purejewels.com\/#organization"},"potentialAction":[{"@type":"SearchAction","target":{"@type":"EntryPoint","urlTemplate":"https:\/\/www.purejewels.com\/?s={search_term_string}"},"query-input":{"@type":"PropertyValueSpecification","valueRequired":true,"valueName":"search_term_string"}}],"inLanguage":"de"},{"@type":"Organization","@id":"https:\/\/www.purejewels.com\/#organization","name":"PureJewels UK","url":"https:\/\/www.purejewels.com\/","logo":{"@type":"ImageObject","inLanguage":"de","@id":"https:\/\/www.purejewels.com\/#\/schema\/logo\/image\/","url":"https:\/\/static.purejewels.com\/wp-content\/uploads\/2020\/11\/Logo-PJ-New-1.png","contentUrl":"https:\/\/static.purejewels.com\/wp-content\/uploads\/2020\/11\/Logo-PJ-New-1.png","width":150,"height":80,"caption":"PureJewels UK"},"image":{"@id":"https:\/\/www.purejewels.com\/#\/schema\/logo\/image\/"}}]}},"_links":{"self":[{"href":"https:\/\/www.purejewels.com\/de\/wp-json\/wp\/v2\/product\/338581","targetHints":{"allow":["GET"]}}],"collection":[{"href":"https:\/\/www.purejewels.com\/de\/wp-json\/wp\/v2\/product"}],"about":[{"href":"https:\/\/www.purejewels.com\/de\/wp-json\/wp\/v2\/types\/product"}],"replies":[{"embeddable":true,"href":"https:\/\/www.purejewels.com\/de\/wp-json\/wp\/v2\/comments?post=338581"}],"version-history":[{"count":3,"href":"https:\/\/www.purejewels.com\/de\/wp-json\/wp\/v2\/product\/338581\/revisions"}],"predecessor-version":[{"id":426102,"href":"https:\/\/www.purejewels.com\/de\/wp-json\/wp\/v2\/product\/338581\/revisions\/426102"}],"wp:featuredmedia":[{"embeddable":true,"href":"https:\/\/www.purejewels.com\/de\/wp-json\/wp\/v2\/media\/338582"}],"wp:attachment":[{"href":"https:\/\/www.purejewels.com\/de\/wp-json\/wp\/v2\/media?parent=338581"}],"wp:term":[{"taxonomy":"product_brand","embeddable":true,"href":"https:\/\/www.purejewels.com\/de\/wp-json\/wp\/v2\/product_brand?post=338581"},{"taxonomy":"product_cat","embeddable":true,"href":"https:\/\/www.purejewels.com\/de\/wp-json\/wp\/v2\/product_cat?post=338581"},{"taxonomy":"product_tag","embeddable":true,"href":"https:\/\/www.purejewels.com\/de\/wp-json\/wp\/v2\/product_tag?post=338581"}],"curies":[{"name":"wp","href":"https:\/\/api.w.org\/{rel}","templated":true}]}}