{"id":338873,"date":"2022-09-25T18:50:14","date_gmt":"2022-09-25T17:50:14","guid":{"rendered":"https:\/\/www.purejewels.com\/?post_type=product&#038;p=338873"},"modified":"2026-01-06T07:29:58","modified_gmt":"2026-01-06T07:29:58","slug":"khanda-anhanger-aus-22-karat-gold-6098-2","status":"publish","type":"product","link":"https:\/\/www.purejewels.com\/de\/product\/22ct-gold-khanda-pendant-6098-2\/","title":{"rendered":"22ct Gold Khanda Anh\u00e4nger Halskette"},"content":{"rendered":"<ul>\n<li><b>Bereichs-ID <\/b>YGNC132<\/li>\n<li>SKU. 45576<\/li>\n<\/ul>\n<p>Wir stellen vor: unser atemberaubendes <a href=\"https:\/\/www.purejewels.com\/de\/product\/22ct-gold-jali-filigree-ring-jali-collection-31926\/\">22ct<\/a> <a href=\"https:\/\/www.purejewels.com\/de\/product\/22ct-gold-khanda-sikh-religious-pendant\/\">Gold Khanda<\/a> Anh\u00e4nger-Halskette, die in sorgf\u00e4ltiger Handarbeit gefertigt wurde und sowohl Tradition als auch modernen Stil verk\u00f6rpert. Das Khanda-Symbol hat eine tiefe kulturelle Bedeutung und steht f\u00fcr die zentralen Werte der Sikhs: Einheit, Gleichheit und Gerechtigkeit.<\/p>\n<p>Diese exquisite Halskette zeigt ein wundersch\u00f6n detailliertes <a href=\"https:\/\/www.purejewels.com\/de\/product\/18ct-white-gold-khanda-sikh-religious-pendant-6226\/\">Khanda-Anh\u00e4nger<\/a>und strahlt zeitlose Eleganz und spirituelle Resonanz aus. Gefertigt aus hochwertigem <a href=\"https:\/\/www.purejewels.com\/de\/product\/holy-cross-gold-pendant-44713\/\">22 Karat Gold<\/a>Der Anh\u00e4nger besticht durch seinen strahlenden Glanz und seine Langlebigkeit, so dass er \u00fcber Generationen hinweg ein gesch\u00e4tztes St\u00fcck bleibt.<\/p>\n<p>Diese alltagstaugliche Halskette verbindet Vielseitigkeit mit kultureller Symbolik. Ob als Einzelst\u00fcck oder in Kombination mit anderen Halsketten, sie verleiht jedem Outfit einen Hauch von Raffinesse, von der Freizeitgarderobe bis hin zur formellen Kleidung.<\/p>\n<p>Der Anh\u00e4nger h\u00e4ngt anmutig an einer zarten <a href=\"https:\/\/www.purejewels.com\/de\/product\/22ct-gold-foxtail-chain-43297\/\">Goldkette<\/a>und bietet ein perfektes Gleichgewicht zwischen St\u00e4rke und Zartheit. Sein geringes Gewicht sorgt den ganzen Tag \u00fcber f\u00fcr Komfort und erm\u00f6glicht es Ihnen, die Essenz des Sikh-Erbes mit Leichtigkeit zu tragen.<\/p>\n<p>Verbessern Sie Ihren Stil und unterstreichen Sie Ihre kulturelle Identit\u00e4t mit unserem <a href=\"https:\/\/www.purejewels.com\/de\/product\/gold-khanda-pendant-26114\/\">Khanda-Anh\u00e4nger aus 22 Karat Gold<\/a> Halskette - ein zeitloses St\u00fcck, das die Tradition zelebriert und gleichzeitig ein k\u00fchnes Statement in der modernen Mode setzt.<\/p>","protected":false},"excerpt":{"rendered":"<ul>\n<li>22ct Gold Khanda Anh\u00e4nger Halskette<\/li>\n<li>Gewicht. 2,7 Gramm<\/li>\n<li>SKU. 45576<\/li>\n<li>L\u00e4nge: 16 Zoll<\/li>\n<li>22ct Gold gestempelt von London Assay Office<\/li>\n<li>Mit Pr\u00e4sentationsbox<\/li>\n<li>Lieferung inbegriffen<\/li>\n<li>Alle Preise inklusive Mehrwertsteuer<\/li>\n<li>Live-Chat oder whats app uns die gesamte Sammlung von Sikh Khanda Anh\u00e4nger zu sehen.<\/li>\n<\/ul>","protected":false},"featured_media":351254,"comment_status":"closed","ping_status":"closed","template":"","meta":{"_eb_attr":"","_crsspst_to_jayantr4sg-hostcom":true},"product_brand":[],"product_cat":[1255,5344,5604,1701,5349],"product_tag":[],"class_list":{"0":"post-338873","1":"product","2":"type-product","3":"status-publish","4":"has-post-thumbnail","6":"product_cat-gold-pendants","7":"product_cat-jewellery-under-750","8":"product_cat-khanda-pendants","9":"product_cat-religious-pendants","10":"product_cat-yellow-gold-jewellery","12":"first","13":"outofstock","14":"taxable","15":"shipping-taxable","16":"product-type-simple","17":"add-to-wishlist-before_image"},"yoast_head":"<!-- This site is optimized with the Yoast SEO plugin v27.6 - https:\/\/yoast.com\/product\/yoast-seo-wordpress\/ -->\n<title>Khanda Pendant in Real Gold Necklace | PureJewels Uk<\/title>\n<meta name=\"description\" content=\"22ct Gold Khanda Pendant Necklace, suitable for everyday wear. Explore the essence of Sikh heritage and spirituality in exquisite craftsmanship.\" \/>\n<meta name=\"robots\" content=\"index, follow, max-snippet:-1, max-image-preview:large, max-video-preview:-1\" \/>\n<link rel=\"canonical\" href=\"https:\/\/www.purejewels.com\/de\/produkt-2\/khanda-anhanger-aus-22-karat-gold-6098-2\/\" \/>\n<meta property=\"og:locale\" content=\"de_DE\" \/>\n<meta property=\"og:type\" content=\"article\" \/>\n<meta property=\"og:title\" content=\"Khanda Pendant in Real Gold Necklace | PureJewels Uk\" \/>\n<meta property=\"og:description\" content=\"22ct Gold Khanda Pendant Necklace, suitable for everyday wear. Explore the essence of Sikh heritage and spirituality in exquisite craftsmanship.\" \/>\n<meta property=\"og:url\" content=\"https:\/\/www.purejewels.com\/de\/produkt-2\/khanda-anhanger-aus-22-karat-gold-6098-2\/\" \/>\n<meta property=\"og:site_name\" content=\"PureJewels UK\" \/>\n<meta property=\"article:modified_time\" content=\"2026-01-06T07:29:58+00:00\" \/>\n<meta property=\"og:image\" content=\"https:\/\/www.purejewels.com\/wp-content\/uploads\/2022\/09\/SKU-45576.png\" \/>\n\t<meta property=\"og:image:width\" content=\"1000\" \/>\n\t<meta property=\"og:image:height\" content=\"1000\" \/>\n\t<meta property=\"og:image:type\" content=\"image\/png\" \/>\n<meta name=\"twitter:card\" content=\"summary_large_image\" \/>\n<meta name=\"twitter:label1\" content=\"Gesch\u00e4tzte Lesezeit\" \/>\n\t<meta name=\"twitter:data1\" content=\"1\u00a0Minute\" \/>\n<script type=\"application\/ld+json\" class=\"yoast-schema-graph\">{\"@context\":\"https:\\\/\\\/schema.org\",\"@graph\":[{\"@type\":[\"WebPage\",\"ItemPage\"],\"@id\":\"https:\\\/\\\/www.purejewels.com\\\/product\\\/22ct-gold-khanda-pendant-6098-2\\\/\",\"url\":\"https:\\\/\\\/www.purejewels.com\\\/product\\\/22ct-gold-khanda-pendant-6098-2\\\/\",\"name\":\"Khanda Pendant in Real Gold Necklace | PureJewels Uk\",\"isPartOf\":{\"@id\":\"https:\\\/\\\/www.purejewels.com\\\/#website\"},\"primaryImageOfPage\":{\"@id\":\"https:\\\/\\\/www.purejewels.com\\\/product\\\/22ct-gold-khanda-pendant-6098-2\\\/#primaryimage\"},\"image\":{\"@id\":\"https:\\\/\\\/www.purejewels.com\\\/product\\\/22ct-gold-khanda-pendant-6098-2\\\/#primaryimage\"},\"thumbnailUrl\":\"https:\\\/\\\/static.purejewels.com\\\/wp-content\\\/uploads\\\/2022\\\/09\\\/SKU-45576.png\",\"datePublished\":\"2022-09-25T17:50:14+00:00\",\"dateModified\":\"2026-01-06T07:29:58+00:00\",\"description\":\"22ct Gold Khanda Pendant Necklace, suitable for everyday wear. Explore the essence of Sikh heritage and spirituality in exquisite craftsmanship.\",\"breadcrumb\":{\"@id\":\"https:\\\/\\\/www.purejewels.com\\\/product\\\/22ct-gold-khanda-pendant-6098-2\\\/#breadcrumb\"},\"inLanguage\":\"de\",\"potentialAction\":[{\"@type\":\"ReadAction\",\"target\":[\"https:\\\/\\\/www.purejewels.com\\\/product\\\/22ct-gold-khanda-pendant-6098-2\\\/\"]}]},{\"@type\":\"ImageObject\",\"inLanguage\":\"de\",\"@id\":\"https:\\\/\\\/www.purejewels.com\\\/product\\\/22ct-gold-khanda-pendant-6098-2\\\/#primaryimage\",\"url\":\"https:\\\/\\\/static.purejewels.com\\\/wp-content\\\/uploads\\\/2022\\\/09\\\/SKU-45576.png\",\"contentUrl\":\"https:\\\/\\\/static.purejewels.com\\\/wp-content\\\/uploads\\\/2022\\\/09\\\/SKU-45576.png\",\"width\":1000,\"height\":1000,\"caption\":\"22ct Gold Khanda Pendant Necklace\"},{\"@type\":\"BreadcrumbList\",\"@id\":\"https:\\\/\\\/www.purejewels.com\\\/product\\\/22ct-gold-khanda-pendant-6098-2\\\/#breadcrumb\",\"itemListElement\":[{\"@type\":\"ListItem\",\"position\":1,\"name\":\"Home\",\"item\":\"https:\\\/\\\/www.purejewels.com\\\/\"},{\"@type\":\"ListItem\",\"position\":2,\"name\":\"Shop\",\"item\":\"https:\\\/\\\/www.purejewels.com\\\/shop\\\/\"},{\"@type\":\"ListItem\",\"position\":3,\"name\":\"22ct Gold Khanda Pendant Necklace\"}]},{\"@type\":\"WebSite\",\"@id\":\"https:\\\/\\\/www.purejewels.com\\\/#website\",\"url\":\"https:\\\/\\\/www.purejewels.com\\\/\",\"name\":\"PureJewels UK\",\"description\":\"Share the Love\",\"publisher\":{\"@id\":\"https:\\\/\\\/www.purejewels.com\\\/#organization\"},\"potentialAction\":[{\"@type\":\"SearchAction\",\"target\":{\"@type\":\"EntryPoint\",\"urlTemplate\":\"https:\\\/\\\/www.purejewels.com\\\/?s={search_term_string}\"},\"query-input\":{\"@type\":\"PropertyValueSpecification\",\"valueRequired\":true,\"valueName\":\"search_term_string\"}}],\"inLanguage\":\"de\"},{\"@type\":\"Organization\",\"@id\":\"https:\\\/\\\/www.purejewels.com\\\/#organization\",\"name\":\"PureJewels UK\",\"url\":\"https:\\\/\\\/www.purejewels.com\\\/\",\"logo\":{\"@type\":\"ImageObject\",\"inLanguage\":\"de\",\"@id\":\"https:\\\/\\\/www.purejewels.com\\\/#\\\/schema\\\/logo\\\/image\\\/\",\"url\":\"https:\\\/\\\/static.purejewels.com\\\/wp-content\\\/uploads\\\/2020\\\/11\\\/Logo-PJ-New-1.png\",\"contentUrl\":\"https:\\\/\\\/static.purejewels.com\\\/wp-content\\\/uploads\\\/2020\\\/11\\\/Logo-PJ-New-1.png\",\"width\":150,\"height\":80,\"caption\":\"PureJewels UK\"},\"image\":{\"@id\":\"https:\\\/\\\/www.purejewels.com\\\/#\\\/schema\\\/logo\\\/image\\\/\"}}]}<\/script>\n<!-- \/ Yoast SEO plugin. -->","yoast_head_json":{"title":"Khanda Anh\u00e4nger in Echtgold Halskette | PureJewels Uk","description":"Khanda-Anh\u00e4nger-Halskette aus 22 Karat Gold, geeignet f\u00fcr das t\u00e4gliche Tragen. Entdecken Sie die Essenz des Sikh-Erbes und der Spiritualit\u00e4t in exquisiter Handwerkskunst.","robots":{"index":"index","follow":"follow","max-snippet":"max-snippet:-1","max-image-preview":"max-image-preview:large","max-video-preview":"max-video-preview:-1"},"canonical":"https:\/\/www.purejewels.com\/de\/produkt-2\/khanda-anhanger-aus-22-karat-gold-6098-2\/","og_locale":"de_DE","og_type":"article","og_title":"Khanda Pendant in Real Gold Necklace | PureJewels Uk","og_description":"22ct Gold Khanda Pendant Necklace, suitable for everyday wear. Explore the essence of Sikh heritage and spirituality in exquisite craftsmanship.","og_url":"https:\/\/www.purejewels.com\/de\/produkt-2\/khanda-anhanger-aus-22-karat-gold-6098-2\/","og_site_name":"PureJewels UK","article_modified_time":"2026-01-06T07:29:58+00:00","og_image":[{"width":1000,"height":1000,"url":"https:\/\/www.purejewels.com\/wp-content\/uploads\/2022\/09\/SKU-45576.png","type":"image\/png"}],"twitter_card":"summary_large_image","twitter_misc":{"Gesch\u00e4tzte Lesezeit":"1\u00a0Minute"},"schema":{"@context":"https:\/\/schema.org","@graph":[{"@type":["WebPage","ItemPage"],"@id":"https:\/\/www.purejewels.com\/product\/22ct-gold-khanda-pendant-6098-2\/","url":"https:\/\/www.purejewels.com\/product\/22ct-gold-khanda-pendant-6098-2\/","name":"Khanda Anh\u00e4nger in Echtgold Halskette | PureJewels Uk","isPartOf":{"@id":"https:\/\/www.purejewels.com\/#website"},"primaryImageOfPage":{"@id":"https:\/\/www.purejewels.com\/product\/22ct-gold-khanda-pendant-6098-2\/#primaryimage"},"image":{"@id":"https:\/\/www.purejewels.com\/product\/22ct-gold-khanda-pendant-6098-2\/#primaryimage"},"thumbnailUrl":"https:\/\/static.purejewels.com\/wp-content\/uploads\/2022\/09\/SKU-45576.png","datePublished":"2022-09-25T17:50:14+00:00","dateModified":"2026-01-06T07:29:58+00:00","description":"Khanda-Anh\u00e4nger-Halskette aus 22 Karat Gold, geeignet f\u00fcr das t\u00e4gliche Tragen. Entdecken Sie die Essenz des Sikh-Erbes und der Spiritualit\u00e4t in exquisiter Handwerkskunst.","breadcrumb":{"@id":"https:\/\/www.purejewels.com\/product\/22ct-gold-khanda-pendant-6098-2\/#breadcrumb"},"inLanguage":"de","potentialAction":[{"@type":"ReadAction","target":["https:\/\/www.purejewels.com\/product\/22ct-gold-khanda-pendant-6098-2\/"]}]},{"@type":"ImageObject","inLanguage":"de","@id":"https:\/\/www.purejewels.com\/product\/22ct-gold-khanda-pendant-6098-2\/#primaryimage","url":"https:\/\/static.purejewels.com\/wp-content\/uploads\/2022\/09\/SKU-45576.png","contentUrl":"https:\/\/static.purejewels.com\/wp-content\/uploads\/2022\/09\/SKU-45576.png","width":1000,"height":1000,"caption":"22ct Gold Khanda Pendant Necklace"},{"@type":"BreadcrumbList","@id":"https:\/\/www.purejewels.com\/product\/22ct-gold-khanda-pendant-6098-2\/#breadcrumb","itemListElement":[{"@type":"ListItem","position":1,"name":"Home","item":"https:\/\/www.purejewels.com\/"},{"@type":"ListItem","position":2,"name":"Shop","item":"https:\/\/www.purejewels.com\/shop\/"},{"@type":"ListItem","position":3,"name":"22ct Gold Khanda Pendant Necklace"}]},{"@type":"WebSite","@id":"https:\/\/www.purejewels.com\/#website","url":"https:\/\/www.purejewels.com\/","name":"PureJewels UK","description":"Teile die Liebe","publisher":{"@id":"https:\/\/www.purejewels.com\/#organization"},"potentialAction":[{"@type":"SearchAction","target":{"@type":"EntryPoint","urlTemplate":"https:\/\/www.purejewels.com\/?s={search_term_string}"},"query-input":{"@type":"PropertyValueSpecification","valueRequired":true,"valueName":"search_term_string"}}],"inLanguage":"de"},{"@type":"Organization","@id":"https:\/\/www.purejewels.com\/#organization","name":"PureJewels UK","url":"https:\/\/www.purejewels.com\/","logo":{"@type":"ImageObject","inLanguage":"de","@id":"https:\/\/www.purejewels.com\/#\/schema\/logo\/image\/","url":"https:\/\/static.purejewels.com\/wp-content\/uploads\/2020\/11\/Logo-PJ-New-1.png","contentUrl":"https:\/\/static.purejewels.com\/wp-content\/uploads\/2020\/11\/Logo-PJ-New-1.png","width":150,"height":80,"caption":"PureJewels UK"},"image":{"@id":"https:\/\/www.purejewels.com\/#\/schema\/logo\/image\/"}}]}},"_links":{"self":[{"href":"https:\/\/www.purejewels.com\/de\/wp-json\/wp\/v2\/product\/338873","targetHints":{"allow":["GET"]}}],"collection":[{"href":"https:\/\/www.purejewels.com\/de\/wp-json\/wp\/v2\/product"}],"about":[{"href":"https:\/\/www.purejewels.com\/de\/wp-json\/wp\/v2\/types\/product"}],"replies":[{"embeddable":true,"href":"https:\/\/www.purejewels.com\/de\/wp-json\/wp\/v2\/comments?post=338873"}],"version-history":[{"count":4,"href":"https:\/\/www.purejewels.com\/de\/wp-json\/wp\/v2\/product\/338873\/revisions"}],"predecessor-version":[{"id":363276,"href":"https:\/\/www.purejewels.com\/de\/wp-json\/wp\/v2\/product\/338873\/revisions\/363276"}],"wp:featuredmedia":[{"embeddable":true,"href":"https:\/\/www.purejewels.com\/de\/wp-json\/wp\/v2\/media\/351254"}],"wp:attachment":[{"href":"https:\/\/www.purejewels.com\/de\/wp-json\/wp\/v2\/media?parent=338873"}],"wp:term":[{"taxonomy":"product_brand","embeddable":true,"href":"https:\/\/www.purejewels.com\/de\/wp-json\/wp\/v2\/product_brand?post=338873"},{"taxonomy":"product_cat","embeddable":true,"href":"https:\/\/www.purejewels.com\/de\/wp-json\/wp\/v2\/product_cat?post=338873"},{"taxonomy":"product_tag","embeddable":true,"href":"https:\/\/www.purejewels.com\/de\/wp-json\/wp\/v2\/product_tag?post=338873"}],"curies":[{"name":"wp","href":"https:\/\/api.w.org\/{rel}","templated":true}]}}