{"id":338886,"date":"2021-09-27T12:37:34","date_gmt":"2021-09-27T11:37:34","guid":{"rendered":"https:\/\/www.purejewels.com\/?post_type=product&#038;p=338886"},"modified":"2026-01-07T06:42:05","modified_gmt":"2026-01-07T06:42:05","slug":"18ct-weisgold-diamantring-mit-amethyst-grose-l-34472","status":"publish","type":"product","link":"https:\/\/www.purejewels.com\/de\/product\/18ct-white-gold-diamond-ring-with-amethyst-size-l-34472\/","title":{"rendered":"18ct Gold Diamantring mit Amethyst"},"content":{"rendered":"<p>G\u00f6nnen Sie sich die zeitlose Eleganz dieses exquisiten Diamantrings aus 18 Karat Wei\u00dfgold mit einem atemberaubenden 1,25 Karat violetten Amethysten als Mittelstein. Der satte violette Farbton des Amethysts wird durch die funkelnden 0,50 Karat Diamanten wundersch\u00f6n erg\u00e4nzt und schafft ein wahrhaft luxuri\u00f6ses und auff\u00e4lliges Schmuckst\u00fcck.<\/p>\n<p>Dieser Ring ist die perfekte Wahl f\u00fcr alle, die ihrer Schmucksammlung einen farbigen Akzent verleihen m\u00f6chten, ohne dabei auf Eleganz und Klasse zu verzichten. Die filigranen Details und die fachm\u00e4nnische Verarbeitung dieses Rings machen ihn zu einem au\u00dfergew\u00f6hnlichen Schmuckst\u00fcck, das garantiert alle Blicke auf sich zieht.<\/p>\n<p>Ob Sie sich selbst verw\u00f6hnen oder das perfekte Geschenk f\u00fcr einen geliebten Menschen suchen, dieser Ring aus Wei\u00dfgold und Amethyst ist eine wundersch\u00f6ne Wahl. Jedes St\u00fcck ist vom London Assay Office gestempelt und wird mit einer Pr\u00e4sentationsbox zur sicheren Aufbewahrung geliefert.<\/p>","protected":false},"excerpt":{"rendered":"<ul>\n<li>18 Karat Wei\u00dfgold Diamantring<\/li>\n<li>Mittelstein 1,25ct Lila Amethyst<\/li>\n<li>Diamant Gewicht 0.50ct<\/li>\n<li>Ringgr\u00f6\u00dfe. L<\/li>\n<li>SKU. 34472<\/li>\n<li>Alle Preise inklusive Mehrwertsteuer<\/li>\n<li>Alle unsere Produkte sind vom London Assay Office gestempelt.<\/li>\n<li>Kommt mit Pr\u00e4sentationsbox<\/li>\n<li>Lieferung inbegriffen<\/li>\n<li>Live-Chat mit uns f\u00fcr die Verf\u00fcgbarkeit und mehr Bilder von \u00e4hnlichen Designs derzeit auf Lager<\/li>\n<\/ul>","protected":false},"featured_media":338889,"comment_status":"closed","ping_status":"closed","template":"","meta":{"_eb_attr":"","_crsspst_to_jayantr4sg-hostcom":true},"product_brand":[],"product_cat":[5679,6085,1791,5699,5457,5460,1792,5347,1786,6042,5348,1574],"product_tag":[1430],"class_list":{"0":"post-338886","1":"product","2":"type-product","3":"status-publish","4":"has-post-thumbnail","6":"product_cat-18ct-gold-jewellery","7":"product_cat-18ct-gold-ring","8":"product_cat-anniversary-gifts","9":"product_cat-coloured-gemstone-jewellery","10":"product_cat-diamond-jewellery","11":"product_cat-diamond-ring","12":"product_cat-festival-gifts","13":"product_cat-shop-by-metal","14":"product_cat-occasional-wear-rings","15":"product_cat-solitaire-ring","16":"product_cat-white-gold-jewellery","17":"product_cat-womens-jewellery","18":"product_tag-diwali-gift","20":"first","21":"outofstock","22":"taxable","23":"shipping-taxable","24":"product-type-simple","25":"add-to-wishlist-before_image"},"yoast_head":"<!-- This site is optimized with the Yoast SEO plugin v27.3 - https:\/\/yoast.com\/product\/yoast-seo-wordpress\/ -->\n<title>18ct White Gold Diamond Ring With Amethyst | Purejewels UK<\/title>\n<meta name=\"description\" content=\"Find out 18 Carat White Gold Diamond Ring with Purple Amethyst stone for Ladies party ware only at Purejewels, London UK.\" \/>\n<meta name=\"robots\" content=\"index, follow, max-snippet:-1, max-image-preview:large, max-video-preview:-1\" \/>\n<link rel=\"canonical\" href=\"https:\/\/www.purejewels.com\/de\/produkt-2\/18ct-weisgold-diamantring-mit-amethyst-grose-l-34472\/\" \/>\n<meta property=\"og:locale\" content=\"de_DE\" \/>\n<meta property=\"og:type\" content=\"article\" \/>\n<meta property=\"og:title\" content=\"18ct White Gold Diamond Ring With Amethyst | Purejewels UK\" \/>\n<meta property=\"og:description\" content=\"Find out 18 Carat White Gold Diamond Ring with Purple Amethyst stone for Ladies party ware only at Purejewels, London UK.\" \/>\n<meta property=\"og:url\" content=\"https:\/\/www.purejewels.com\/de\/produkt-2\/18ct-weisgold-diamantring-mit-amethyst-grose-l-34472\/\" \/>\n<meta property=\"og:site_name\" content=\"PureJewels UK\" \/>\n<meta property=\"article:modified_time\" content=\"2026-01-07T06:42:05+00:00\" \/>\n<meta property=\"og:image\" content=\"https:\/\/www.purejewels.com\/wp-content\/uploads\/2022\/09\/34472-3.jpg\" \/>\n\t<meta property=\"og:image:width\" content=\"1000\" \/>\n\t<meta property=\"og:image:height\" content=\"1000\" \/>\n\t<meta property=\"og:image:type\" content=\"image\/jpeg\" \/>\n<meta name=\"twitter:card\" content=\"summary_large_image\" \/>\n<meta name=\"twitter:label1\" content=\"Gesch\u00e4tzte Lesezeit\" \/>\n\t<meta name=\"twitter:data1\" content=\"1\u00a0Minute\" \/>\n<script type=\"application\/ld+json\" class=\"yoast-schema-graph\">{\"@context\":\"https:\\\/\\\/schema.org\",\"@graph\":[{\"@type\":[\"WebPage\",\"ItemPage\"],\"@id\":\"https:\\\/\\\/www.purejewels.com\\\/product\\\/18ct-white-gold-diamond-ring-with-amethyst-size-l-34472\\\/\",\"url\":\"https:\\\/\\\/www.purejewels.com\\\/product\\\/18ct-white-gold-diamond-ring-with-amethyst-size-l-34472\\\/\",\"name\":\"18ct White Gold Diamond Ring With Amethyst | Purejewels UK\",\"isPartOf\":{\"@id\":\"https:\\\/\\\/www.purejewels.com\\\/#website\"},\"primaryImageOfPage\":{\"@id\":\"https:\\\/\\\/www.purejewels.com\\\/product\\\/18ct-white-gold-diamond-ring-with-amethyst-size-l-34472\\\/#primaryimage\"},\"image\":{\"@id\":\"https:\\\/\\\/www.purejewels.com\\\/product\\\/18ct-white-gold-diamond-ring-with-amethyst-size-l-34472\\\/#primaryimage\"},\"thumbnailUrl\":\"https:\\\/\\\/static.purejewels.com\\\/wp-content\\\/uploads\\\/2022\\\/09\\\/34472-3.jpg\",\"datePublished\":\"2021-09-27T11:37:34+00:00\",\"dateModified\":\"2026-01-07T06:42:05+00:00\",\"description\":\"Find out 18 Carat White Gold Diamond Ring with Purple Amethyst stone for Ladies party ware only at Purejewels, London UK.\",\"breadcrumb\":{\"@id\":\"https:\\\/\\\/www.purejewels.com\\\/product\\\/18ct-white-gold-diamond-ring-with-amethyst-size-l-34472\\\/#breadcrumb\"},\"inLanguage\":\"de\",\"potentialAction\":[{\"@type\":\"ReadAction\",\"target\":[\"https:\\\/\\\/www.purejewels.com\\\/product\\\/18ct-white-gold-diamond-ring-with-amethyst-size-l-34472\\\/\"]}]},{\"@type\":\"ImageObject\",\"inLanguage\":\"de\",\"@id\":\"https:\\\/\\\/www.purejewels.com\\\/product\\\/18ct-white-gold-diamond-ring-with-amethyst-size-l-34472\\\/#primaryimage\",\"url\":\"https:\\\/\\\/static.purejewels.com\\\/wp-content\\\/uploads\\\/2022\\\/09\\\/34472-3.jpg\",\"contentUrl\":\"https:\\\/\\\/static.purejewels.com\\\/wp-content\\\/uploads\\\/2022\\\/09\\\/34472-3.jpg\",\"width\":1000,\"height\":1000,\"caption\":\"18ct White Gold Diamond Ring With Amethyst | Size L\"},{\"@type\":\"BreadcrumbList\",\"@id\":\"https:\\\/\\\/www.purejewels.com\\\/product\\\/18ct-white-gold-diamond-ring-with-amethyst-size-l-34472\\\/#breadcrumb\",\"itemListElement\":[{\"@type\":\"ListItem\",\"position\":1,\"name\":\"Home\",\"item\":\"https:\\\/\\\/www.purejewels.com\\\/\"},{\"@type\":\"ListItem\",\"position\":2,\"name\":\"Shop\",\"item\":\"https:\\\/\\\/www.purejewels.com\\\/shop\\\/\"},{\"@type\":\"ListItem\",\"position\":3,\"name\":\"18ct Gold Diamond Ring With Amethyst\"}]},{\"@type\":\"WebSite\",\"@id\":\"https:\\\/\\\/www.purejewels.com\\\/#website\",\"url\":\"https:\\\/\\\/www.purejewels.com\\\/\",\"name\":\"PureJewels UK\",\"description\":\"Share the Love\",\"publisher\":{\"@id\":\"https:\\\/\\\/www.purejewels.com\\\/#organization\"},\"potentialAction\":[{\"@type\":\"SearchAction\",\"target\":{\"@type\":\"EntryPoint\",\"urlTemplate\":\"https:\\\/\\\/www.purejewels.com\\\/?s={search_term_string}\"},\"query-input\":{\"@type\":\"PropertyValueSpecification\",\"valueRequired\":true,\"valueName\":\"search_term_string\"}}],\"inLanguage\":\"de\"},{\"@type\":\"Organization\",\"@id\":\"https:\\\/\\\/www.purejewels.com\\\/#organization\",\"name\":\"PureJewels UK\",\"url\":\"https:\\\/\\\/www.purejewels.com\\\/\",\"logo\":{\"@type\":\"ImageObject\",\"inLanguage\":\"de\",\"@id\":\"https:\\\/\\\/www.purejewels.com\\\/#\\\/schema\\\/logo\\\/image\\\/\",\"url\":\"https:\\\/\\\/static.purejewels.com\\\/wp-content\\\/uploads\\\/2020\\\/11\\\/Logo-PJ-New-1.png\",\"contentUrl\":\"https:\\\/\\\/static.purejewels.com\\\/wp-content\\\/uploads\\\/2020\\\/11\\\/Logo-PJ-New-1.png\",\"width\":150,\"height\":80,\"caption\":\"PureJewels UK\"},\"image\":{\"@id\":\"https:\\\/\\\/www.purejewels.com\\\/#\\\/schema\\\/logo\\\/image\\\/\"}}]}<\/script>\n<!-- \/ Yoast SEO plugin. -->","yoast_head_json":{"title":"18ct Wei\u00dfgold Diamantring mit Amethyst | Purejewels UK","description":"Finden Sie heraus, 18 Karat Wei\u00dfgold Diamantring mit lila Amethyst Stein f\u00fcr Damen Partyartikel nur bei Purejewels, London UK.","robots":{"index":"index","follow":"follow","max-snippet":"max-snippet:-1","max-image-preview":"max-image-preview:large","max-video-preview":"max-video-preview:-1"},"canonical":"https:\/\/www.purejewels.com\/de\/produkt-2\/18ct-weisgold-diamantring-mit-amethyst-grose-l-34472\/","og_locale":"de_DE","og_type":"article","og_title":"18ct White Gold Diamond Ring With Amethyst | Purejewels UK","og_description":"Find out 18 Carat White Gold Diamond Ring with Purple Amethyst stone for Ladies party ware only at Purejewels, London UK.","og_url":"https:\/\/www.purejewels.com\/de\/produkt-2\/18ct-weisgold-diamantring-mit-amethyst-grose-l-34472\/","og_site_name":"PureJewels UK","article_modified_time":"2026-01-07T06:42:05+00:00","og_image":[{"width":1000,"height":1000,"url":"https:\/\/www.purejewels.com\/wp-content\/uploads\/2022\/09\/34472-3.jpg","type":"image\/jpeg"}],"twitter_card":"summary_large_image","twitter_misc":{"Gesch\u00e4tzte Lesezeit":"1\u00a0Minute"},"schema":{"@context":"https:\/\/schema.org","@graph":[{"@type":["WebPage","ItemPage"],"@id":"https:\/\/www.purejewels.com\/product\/18ct-white-gold-diamond-ring-with-amethyst-size-l-34472\/","url":"https:\/\/www.purejewels.com\/product\/18ct-white-gold-diamond-ring-with-amethyst-size-l-34472\/","name":"18ct Wei\u00dfgold Diamantring mit Amethyst | Purejewels UK","isPartOf":{"@id":"https:\/\/www.purejewels.com\/#website"},"primaryImageOfPage":{"@id":"https:\/\/www.purejewels.com\/product\/18ct-white-gold-diamond-ring-with-amethyst-size-l-34472\/#primaryimage"},"image":{"@id":"https:\/\/www.purejewels.com\/product\/18ct-white-gold-diamond-ring-with-amethyst-size-l-34472\/#primaryimage"},"thumbnailUrl":"https:\/\/static.purejewels.com\/wp-content\/uploads\/2022\/09\/34472-3.jpg","datePublished":"2021-09-27T11:37:34+00:00","dateModified":"2026-01-07T06:42:05+00:00","description":"Finden Sie heraus, 18 Karat Wei\u00dfgold Diamantring mit lila Amethyst Stein f\u00fcr Damen Partyartikel nur bei Purejewels, London UK.","breadcrumb":{"@id":"https:\/\/www.purejewels.com\/product\/18ct-white-gold-diamond-ring-with-amethyst-size-l-34472\/#breadcrumb"},"inLanguage":"de","potentialAction":[{"@type":"ReadAction","target":["https:\/\/www.purejewels.com\/product\/18ct-white-gold-diamond-ring-with-amethyst-size-l-34472\/"]}]},{"@type":"ImageObject","inLanguage":"de","@id":"https:\/\/www.purejewels.com\/product\/18ct-white-gold-diamond-ring-with-amethyst-size-l-34472\/#primaryimage","url":"https:\/\/static.purejewels.com\/wp-content\/uploads\/2022\/09\/34472-3.jpg","contentUrl":"https:\/\/static.purejewels.com\/wp-content\/uploads\/2022\/09\/34472-3.jpg","width":1000,"height":1000,"caption":"18ct White Gold Diamond Ring With Amethyst | Size L"},{"@type":"BreadcrumbList","@id":"https:\/\/www.purejewels.com\/product\/18ct-white-gold-diamond-ring-with-amethyst-size-l-34472\/#breadcrumb","itemListElement":[{"@type":"ListItem","position":1,"name":"Home","item":"https:\/\/www.purejewels.com\/"},{"@type":"ListItem","position":2,"name":"Shop","item":"https:\/\/www.purejewels.com\/shop\/"},{"@type":"ListItem","position":3,"name":"18ct Gold Diamond Ring With Amethyst"}]},{"@type":"WebSite","@id":"https:\/\/www.purejewels.com\/#website","url":"https:\/\/www.purejewels.com\/","name":"PureJewels UK","description":"Teile die Liebe","publisher":{"@id":"https:\/\/www.purejewels.com\/#organization"},"potentialAction":[{"@type":"SearchAction","target":{"@type":"EntryPoint","urlTemplate":"https:\/\/www.purejewels.com\/?s={search_term_string}"},"query-input":{"@type":"PropertyValueSpecification","valueRequired":true,"valueName":"search_term_string"}}],"inLanguage":"de"},{"@type":"Organization","@id":"https:\/\/www.purejewels.com\/#organization","name":"PureJewels UK","url":"https:\/\/www.purejewels.com\/","logo":{"@type":"ImageObject","inLanguage":"de","@id":"https:\/\/www.purejewels.com\/#\/schema\/logo\/image\/","url":"https:\/\/static.purejewels.com\/wp-content\/uploads\/2020\/11\/Logo-PJ-New-1.png","contentUrl":"https:\/\/static.purejewels.com\/wp-content\/uploads\/2020\/11\/Logo-PJ-New-1.png","width":150,"height":80,"caption":"PureJewels UK"},"image":{"@id":"https:\/\/www.purejewels.com\/#\/schema\/logo\/image\/"}}]}},"_links":{"self":[{"href":"https:\/\/www.purejewels.com\/de\/wp-json\/wp\/v2\/product\/338886","targetHints":{"allow":["GET"]}}],"collection":[{"href":"https:\/\/www.purejewels.com\/de\/wp-json\/wp\/v2\/product"}],"about":[{"href":"https:\/\/www.purejewels.com\/de\/wp-json\/wp\/v2\/types\/product"}],"replies":[{"embeddable":true,"href":"https:\/\/www.purejewels.com\/de\/wp-json\/wp\/v2\/comments?post=338886"}],"version-history":[{"count":3,"href":"https:\/\/www.purejewels.com\/de\/wp-json\/wp\/v2\/product\/338886\/revisions"}],"predecessor-version":[{"id":420482,"href":"https:\/\/www.purejewels.com\/de\/wp-json\/wp\/v2\/product\/338886\/revisions\/420482"}],"wp:featuredmedia":[{"embeddable":true,"href":"https:\/\/www.purejewels.com\/de\/wp-json\/wp\/v2\/media\/338889"}],"wp:attachment":[{"href":"https:\/\/www.purejewels.com\/de\/wp-json\/wp\/v2\/media?parent=338886"}],"wp:term":[{"taxonomy":"product_brand","embeddable":true,"href":"https:\/\/www.purejewels.com\/de\/wp-json\/wp\/v2\/product_brand?post=338886"},{"taxonomy":"product_cat","embeddable":true,"href":"https:\/\/www.purejewels.com\/de\/wp-json\/wp\/v2\/product_cat?post=338886"},{"taxonomy":"product_tag","embeddable":true,"href":"https:\/\/www.purejewels.com\/de\/wp-json\/wp\/v2\/product_tag?post=338886"}],"curies":[{"name":"wp","href":"https:\/\/api.w.org\/{rel}","templated":true}]}}