{"id":339029,"date":"2022-09-30T07:26:49","date_gmt":"2022-09-30T06:26:49","guid":{"rendered":"https:\/\/www.purejewels.com\/?post_type=product&#038;p=339029"},"modified":"2024-09-13T05:47:33","modified_gmt":"2024-09-13T04:47:33","slug":"22ct-gold-perlenkette-in-18-zoll-1-8mm-dick-40568","status":"publish","type":"product","link":"https:\/\/www.purejewels.com\/de\/product\/22ct-gold-bead-chain-in-18-inches-1-8mm-thick-40568\/","title":{"rendered":"22ct Gold Perlenkette in 18 Zoll | 1,8mm dick"},"content":{"rendered":"<ul>\n<li>Wt. 7.7 gms<\/li>\n<li>SKU. 40569<\/li>\n<li>L\u00e4nge. 18\u2033 Zoll<\/li>\n<\/ul>","protected":false},"excerpt":{"rendered":"<ul>\n<li>22 Karat Gold Fancy Kette mit Rhodium Finish<\/li>\n<li>Wt. 7.7 gms<\/li>\n<li>SKU. 40569<\/li>\n<li>L\u00e4nge. 18\u2033 Zoll<\/li>\n<li>Alle unsere Produkte sind vom London Assay Office gestempelt.<\/li>\n<li>Alle Sets kommen mit Pr\u00e4sentationsbox<\/li>\n<li>Lieferung inbegriffen<\/li>\n<li>Alle Preise inklusive Mehrwertsteuer<\/li>\n<li>Kontaktieren Sie uns \/ chatten Sie mit uns, um ein Video des Produkts zu sehen<\/li>\n<\/ul>","protected":false},"featured_media":339030,"comment_status":"closed","ping_status":"closed","template":"","meta":{"_eb_attr":"","_crsspst_to_jayantr4sg-hostcom":false},"product_brand":[],"product_cat":[5014,5264,1791,1617,1559,5313,1793,1792,1790,3628,1475,1773,1779,1570,5338,1573,1574,5349],"product_tag":[3990,65,1430],"class_list":{"0":"post-339029","1":"product","2":"type-product","3":"status-publish","4":"has-post-thumbnail","6":"product_cat-18-inch-ladies-chain","7":"product_cat-22ct-gold-chain","8":"product_cat-anniversary-gifts","9":"product_cat-fancy-mala-chains","10":"product_cat-birthday-gifts","11":"product_cat-chains-2","12":"product_cat-diwali-gifts","13":"product_cat-festival-gifts","14":"product_cat-for-whom-when","15":"product_cat-glow-collections","16":"product_cat-gold-chains","17":"product_cat-ladies-chains","18":"product_cat-mala-style-necklaces","19":"product_cat-mothers-day-gifts","20":"product_cat-shop-by-price","21":"product_cat-wedding-gifts","22":"product_cat-womens-jewellery","23":"product_cat-yellow-gold-jewellery","24":"product_tag-22-carat-gold-chain","25":"product_tag-chains","26":"product_tag-diwali-gift","28":"first","29":"outofstock","30":"taxable","31":"shipping-taxable","32":"product-type-simple","33":"add-to-wishlist-before_image"},"yoast_head":"<!-- This site is optimized with the Yoast SEO plugin v27.3 - https:\/\/yoast.com\/product\/yoast-seo-wordpress\/ -->\n<title>22ct Gold Bead Chain in 18 Inches | 1.8mm Thick | online UK<\/title>\n<meta name=\"description\" content=\"Add a touch of elegance with our 22ct Gold Bead Chain, 18 inches of timeless beauty. Elevate your style with this luxurious accessory. Shop now!\" \/>\n<meta name=\"robots\" content=\"index, follow, max-snippet:-1, max-image-preview:large, max-video-preview:-1\" \/>\n<link rel=\"canonical\" href=\"https:\/\/www.purejewels.com\/de\/produkt-2\/22ct-gold-perlenkette-in-18-zoll-1-8mm-dick-40568\/\" \/>\n<meta property=\"og:locale\" content=\"de_DE\" \/>\n<meta property=\"og:type\" content=\"article\" \/>\n<meta property=\"og:title\" content=\"22ct Gold Bead Chain in 18 Inches | 1.8mm Thick | online UK\" \/>\n<meta property=\"og:description\" content=\"Add a touch of elegance with our 22ct Gold Bead Chain, 18 inches of timeless beauty. Elevate your style with this luxurious accessory. Shop now!\" \/>\n<meta property=\"og:url\" content=\"https:\/\/www.purejewels.com\/de\/produkt-2\/22ct-gold-perlenkette-in-18-zoll-1-8mm-dick-40568\/\" \/>\n<meta property=\"og:site_name\" content=\"PureJewels UK\" \/>\n<meta property=\"article:modified_time\" content=\"2024-09-13T04:47:33+00:00\" \/>\n<meta property=\"og:image\" content=\"https:\/\/www.purejewels.com\/wp-content\/uploads\/2022\/09\/40568-1.jpg\" \/>\n\t<meta property=\"og:image:width\" content=\"1000\" \/>\n\t<meta property=\"og:image:height\" content=\"1000\" \/>\n\t<meta property=\"og:image:type\" content=\"image\/jpeg\" \/>\n<meta name=\"twitter:card\" content=\"summary_large_image\" \/>\n<script type=\"application\/ld+json\" class=\"yoast-schema-graph\">{\"@context\":\"https:\\\/\\\/schema.org\",\"@graph\":[{\"@type\":[\"WebPage\",\"ItemPage\"],\"@id\":\"https:\\\/\\\/www.purejewels.com\\\/product\\\/22ct-gold-bead-chain-in-18-inches-1-8mm-thick-40568\\\/\",\"url\":\"https:\\\/\\\/www.purejewels.com\\\/product\\\/22ct-gold-bead-chain-in-18-inches-1-8mm-thick-40568\\\/\",\"name\":\"22ct Gold Bead Chain in 18 Inches | 1.8mm Thick | online UK\",\"isPartOf\":{\"@id\":\"https:\\\/\\\/www.purejewels.com\\\/#website\"},\"primaryImageOfPage\":{\"@id\":\"https:\\\/\\\/www.purejewels.com\\\/product\\\/22ct-gold-bead-chain-in-18-inches-1-8mm-thick-40568\\\/#primaryimage\"},\"image\":{\"@id\":\"https:\\\/\\\/www.purejewels.com\\\/product\\\/22ct-gold-bead-chain-in-18-inches-1-8mm-thick-40568\\\/#primaryimage\"},\"thumbnailUrl\":\"https:\\\/\\\/static.purejewels.com\\\/wp-content\\\/uploads\\\/2022\\\/09\\\/40568-1.jpg\",\"datePublished\":\"2022-09-30T06:26:49+00:00\",\"dateModified\":\"2024-09-13T04:47:33+00:00\",\"description\":\"Add a touch of elegance with our 22ct Gold Bead Chain, 18 inches of timeless beauty. Elevate your style with this luxurious accessory. Shop now!\",\"breadcrumb\":{\"@id\":\"https:\\\/\\\/www.purejewels.com\\\/product\\\/22ct-gold-bead-chain-in-18-inches-1-8mm-thick-40568\\\/#breadcrumb\"},\"inLanguage\":\"de\",\"potentialAction\":[{\"@type\":\"ReadAction\",\"target\":[\"https:\\\/\\\/www.purejewels.com\\\/product\\\/22ct-gold-bead-chain-in-18-inches-1-8mm-thick-40568\\\/\"]}]},{\"@type\":\"ImageObject\",\"inLanguage\":\"de\",\"@id\":\"https:\\\/\\\/www.purejewels.com\\\/product\\\/22ct-gold-bead-chain-in-18-inches-1-8mm-thick-40568\\\/#primaryimage\",\"url\":\"https:\\\/\\\/static.purejewels.com\\\/wp-content\\\/uploads\\\/2022\\\/09\\\/40568-1.jpg\",\"contentUrl\":\"https:\\\/\\\/static.purejewels.com\\\/wp-content\\\/uploads\\\/2022\\\/09\\\/40568-1.jpg\",\"width\":1000,\"height\":1000,\"caption\":\"22ct Gold Bead Chain in 18 Inches | 1.8mm Thick\"},{\"@type\":\"BreadcrumbList\",\"@id\":\"https:\\\/\\\/www.purejewels.com\\\/product\\\/22ct-gold-bead-chain-in-18-inches-1-8mm-thick-40568\\\/#breadcrumb\",\"itemListElement\":[{\"@type\":\"ListItem\",\"position\":1,\"name\":\"Home\",\"item\":\"https:\\\/\\\/www.purejewels.com\\\/\"},{\"@type\":\"ListItem\",\"position\":2,\"name\":\"Shop\",\"item\":\"https:\\\/\\\/www.purejewels.com\\\/shop\\\/\"},{\"@type\":\"ListItem\",\"position\":3,\"name\":\"22ct Gold Bead Chain in 18 Inches | 1.8mm Thick\"}]},{\"@type\":\"WebSite\",\"@id\":\"https:\\\/\\\/www.purejewels.com\\\/#website\",\"url\":\"https:\\\/\\\/www.purejewels.com\\\/\",\"name\":\"PureJewels UK\",\"description\":\"Share the Love\",\"publisher\":{\"@id\":\"https:\\\/\\\/www.purejewels.com\\\/#organization\"},\"potentialAction\":[{\"@type\":\"SearchAction\",\"target\":{\"@type\":\"EntryPoint\",\"urlTemplate\":\"https:\\\/\\\/www.purejewels.com\\\/?s={search_term_string}\"},\"query-input\":{\"@type\":\"PropertyValueSpecification\",\"valueRequired\":true,\"valueName\":\"search_term_string\"}}],\"inLanguage\":\"de\"},{\"@type\":\"Organization\",\"@id\":\"https:\\\/\\\/www.purejewels.com\\\/#organization\",\"name\":\"PureJewels UK\",\"url\":\"https:\\\/\\\/www.purejewels.com\\\/\",\"logo\":{\"@type\":\"ImageObject\",\"inLanguage\":\"de\",\"@id\":\"https:\\\/\\\/www.purejewels.com\\\/#\\\/schema\\\/logo\\\/image\\\/\",\"url\":\"https:\\\/\\\/static.purejewels.com\\\/wp-content\\\/uploads\\\/2020\\\/11\\\/Logo-PJ-New-1.png\",\"contentUrl\":\"https:\\\/\\\/static.purejewels.com\\\/wp-content\\\/uploads\\\/2020\\\/11\\\/Logo-PJ-New-1.png\",\"width\":150,\"height\":80,\"caption\":\"PureJewels UK\"},\"image\":{\"@id\":\"https:\\\/\\\/www.purejewels.com\\\/#\\\/schema\\\/logo\\\/image\\\/\"}}]}<\/script>\n<!-- \/ Yoast SEO plugin. -->","yoast_head_json":{"title":"22ct Gold Perlenkette in 18 Zoll | 1,8mm dick | online UK","description":"Verleihen Sie Ihrem Outfit einen Hauch von Eleganz mit unserer 22ct Gold Bead Chain, 18 Zoll von zeitloser Sch\u00f6nheit. Erh\u00f6hen Sie Ihren Stil mit diesem luxuri\u00f6sen Accessoire. Jetzt kaufen!","robots":{"index":"index","follow":"follow","max-snippet":"max-snippet:-1","max-image-preview":"max-image-preview:large","max-video-preview":"max-video-preview:-1"},"canonical":"https:\/\/www.purejewels.com\/de\/produkt-2\/22ct-gold-perlenkette-in-18-zoll-1-8mm-dick-40568\/","og_locale":"de_DE","og_type":"article","og_title":"22ct Gold Bead Chain in 18 Inches | 1.8mm Thick | online UK","og_description":"Add a touch of elegance with our 22ct Gold Bead Chain, 18 inches of timeless beauty. Elevate your style with this luxurious accessory. Shop now!","og_url":"https:\/\/www.purejewels.com\/de\/produkt-2\/22ct-gold-perlenkette-in-18-zoll-1-8mm-dick-40568\/","og_site_name":"PureJewels UK","article_modified_time":"2024-09-13T04:47:33+00:00","og_image":[{"width":1000,"height":1000,"url":"https:\/\/www.purejewels.com\/wp-content\/uploads\/2022\/09\/40568-1.jpg","type":"image\/jpeg"}],"twitter_card":"summary_large_image","schema":{"@context":"https:\/\/schema.org","@graph":[{"@type":["WebPage","ItemPage"],"@id":"https:\/\/www.purejewels.com\/product\/22ct-gold-bead-chain-in-18-inches-1-8mm-thick-40568\/","url":"https:\/\/www.purejewels.com\/product\/22ct-gold-bead-chain-in-18-inches-1-8mm-thick-40568\/","name":"22ct Gold Perlenkette in 18 Zoll | 1,8mm dick | online UK","isPartOf":{"@id":"https:\/\/www.purejewels.com\/#website"},"primaryImageOfPage":{"@id":"https:\/\/www.purejewels.com\/product\/22ct-gold-bead-chain-in-18-inches-1-8mm-thick-40568\/#primaryimage"},"image":{"@id":"https:\/\/www.purejewels.com\/product\/22ct-gold-bead-chain-in-18-inches-1-8mm-thick-40568\/#primaryimage"},"thumbnailUrl":"https:\/\/static.purejewels.com\/wp-content\/uploads\/2022\/09\/40568-1.jpg","datePublished":"2022-09-30T06:26:49+00:00","dateModified":"2024-09-13T04:47:33+00:00","description":"Verleihen Sie Ihrem Outfit einen Hauch von Eleganz mit unserer 22ct Gold Bead Chain, 18 Zoll von zeitloser Sch\u00f6nheit. Erh\u00f6hen Sie Ihren Stil mit diesem luxuri\u00f6sen Accessoire. Jetzt kaufen!","breadcrumb":{"@id":"https:\/\/www.purejewels.com\/product\/22ct-gold-bead-chain-in-18-inches-1-8mm-thick-40568\/#breadcrumb"},"inLanguage":"de","potentialAction":[{"@type":"ReadAction","target":["https:\/\/www.purejewels.com\/product\/22ct-gold-bead-chain-in-18-inches-1-8mm-thick-40568\/"]}]},{"@type":"ImageObject","inLanguage":"de","@id":"https:\/\/www.purejewels.com\/product\/22ct-gold-bead-chain-in-18-inches-1-8mm-thick-40568\/#primaryimage","url":"https:\/\/static.purejewels.com\/wp-content\/uploads\/2022\/09\/40568-1.jpg","contentUrl":"https:\/\/static.purejewels.com\/wp-content\/uploads\/2022\/09\/40568-1.jpg","width":1000,"height":1000,"caption":"22ct Gold Bead Chain in 18 Inches | 1.8mm Thick"},{"@type":"BreadcrumbList","@id":"https:\/\/www.purejewels.com\/product\/22ct-gold-bead-chain-in-18-inches-1-8mm-thick-40568\/#breadcrumb","itemListElement":[{"@type":"ListItem","position":1,"name":"Home","item":"https:\/\/www.purejewels.com\/"},{"@type":"ListItem","position":2,"name":"Shop","item":"https:\/\/www.purejewels.com\/shop\/"},{"@type":"ListItem","position":3,"name":"22ct Gold Bead Chain in 18 Inches | 1.8mm Thick"}]},{"@type":"WebSite","@id":"https:\/\/www.purejewels.com\/#website","url":"https:\/\/www.purejewels.com\/","name":"PureJewels UK","description":"Teile die Liebe","publisher":{"@id":"https:\/\/www.purejewels.com\/#organization"},"potentialAction":[{"@type":"SearchAction","target":{"@type":"EntryPoint","urlTemplate":"https:\/\/www.purejewels.com\/?s={search_term_string}"},"query-input":{"@type":"PropertyValueSpecification","valueRequired":true,"valueName":"search_term_string"}}],"inLanguage":"de"},{"@type":"Organization","@id":"https:\/\/www.purejewels.com\/#organization","name":"PureJewels UK","url":"https:\/\/www.purejewels.com\/","logo":{"@type":"ImageObject","inLanguage":"de","@id":"https:\/\/www.purejewels.com\/#\/schema\/logo\/image\/","url":"https:\/\/static.purejewels.com\/wp-content\/uploads\/2020\/11\/Logo-PJ-New-1.png","contentUrl":"https:\/\/static.purejewels.com\/wp-content\/uploads\/2020\/11\/Logo-PJ-New-1.png","width":150,"height":80,"caption":"PureJewels UK"},"image":{"@id":"https:\/\/www.purejewels.com\/#\/schema\/logo\/image\/"}}]}},"_links":{"self":[{"href":"https:\/\/www.purejewels.com\/de\/wp-json\/wp\/v2\/product\/339029","targetHints":{"allow":["GET"]}}],"collection":[{"href":"https:\/\/www.purejewels.com\/de\/wp-json\/wp\/v2\/product"}],"about":[{"href":"https:\/\/www.purejewels.com\/de\/wp-json\/wp\/v2\/types\/product"}],"replies":[{"embeddable":true,"href":"https:\/\/www.purejewels.com\/de\/wp-json\/wp\/v2\/comments?post=339029"}],"version-history":[{"count":1,"href":"https:\/\/www.purejewels.com\/de\/wp-json\/wp\/v2\/product\/339029\/revisions"}],"predecessor-version":[{"id":371908,"href":"https:\/\/www.purejewels.com\/de\/wp-json\/wp\/v2\/product\/339029\/revisions\/371908"}],"wp:featuredmedia":[{"embeddable":true,"href":"https:\/\/www.purejewels.com\/de\/wp-json\/wp\/v2\/media\/339030"}],"wp:attachment":[{"href":"https:\/\/www.purejewels.com\/de\/wp-json\/wp\/v2\/media?parent=339029"}],"wp:term":[{"taxonomy":"product_brand","embeddable":true,"href":"https:\/\/www.purejewels.com\/de\/wp-json\/wp\/v2\/product_brand?post=339029"},{"taxonomy":"product_cat","embeddable":true,"href":"https:\/\/www.purejewels.com\/de\/wp-json\/wp\/v2\/product_cat?post=339029"},{"taxonomy":"product_tag","embeddable":true,"href":"https:\/\/www.purejewels.com\/de\/wp-json\/wp\/v2\/product_tag?post=339029"}],"curies":[{"name":"wp","href":"https:\/\/api.w.org\/{rel}","templated":true}]}}