{"id":339033,"date":"2022-09-30T09:05:07","date_gmt":"2022-09-30T08:05:07","guid":{"rendered":"https:\/\/www.purejewels.com\/?post_type=product&#038;p=339033"},"modified":"2024-09-13T04:58:35","modified_gmt":"2024-09-13T03:58:35","slug":"22ct-gold-damen-fancy-kette-18-zoll-2-5mm-glow-sammlung-41195","status":"publish","type":"product","link":"https:\/\/www.purejewels.com\/de\/product\/22ct-gold-ladies-fancy-chain-18-inches-2-5mm-glow-collection-41195\/","title":{"rendered":"22ct Gold Damen Kette | 18 Zoll | 2.5mm | Glow Kollektion"},"content":{"rendered":"<ul>\n<li>Wt. 9 g<\/li>\n<li>SKU. 41195<\/li>\n<li>L\u00e4nge. 18\u2033 Zoll<\/li>\n<\/ul>","protected":false},"excerpt":{"rendered":"<ul>\n<li>22 Karat Gold Fancy Kette mit Glow Kollektion<\/li>\n<li>Wt. 9 g<\/li>\n<li>SKU. 41195<\/li>\n<li>L\u00e4nge. 18\u2033 Zoll<\/li>\n<li>Alle unsere Produkte sind vom London Assay Office gestempelt.<\/li>\n<li>Alle Sets kommen mit Pr\u00e4sentationsbox<\/li>\n<li>Lieferung inbegriffen<\/li>\n<li>Alle Preise inklusive Mehrwertsteuer<\/li>\n<li>Kontaktieren Sie uns \/ chatten Sie mit uns, um ein Video des Produkts zu sehen<\/li>\n<\/ul>","protected":false},"featured_media":339067,"comment_status":"closed","ping_status":"closed","template":"","meta":{"_eb_attr":"","_crsspst_to_jayantr4sg-hostcom":false},"product_brand":[],"product_cat":[5014,1791,1559,1793,1792,1790,3628,1475,1773,1570,5338,1573,1574],"product_tag":[3990,65,1430],"class_list":{"0":"post-339033","1":"product","2":"type-product","3":"status-publish","4":"has-post-thumbnail","6":"product_cat-18-inch-ladies-chain","7":"product_cat-anniversary-gifts","8":"product_cat-birthday-gifts","9":"product_cat-diwali-gifts","10":"product_cat-festival-gifts","11":"product_cat-for-whom-when","12":"product_cat-glow-collections","13":"product_cat-gold-chains","14":"product_cat-ladies-chains","15":"product_cat-mothers-day-gifts","16":"product_cat-shop-by-price","17":"product_cat-wedding-gifts","18":"product_cat-womens-jewellery","19":"product_tag-22-carat-gold-chain","20":"product_tag-chains","21":"product_tag-diwali-gift","23":"first","24":"outofstock","25":"taxable","26":"shipping-taxable","27":"product-type-simple","28":"add-to-wishlist-before_image"},"yoast_head":"<!-- This site is optimized with the Yoast SEO plugin v27.3 - https:\/\/yoast.com\/product\/yoast-seo-wordpress\/ -->\n<title>22ct Gold Ladies Fancy Chain | 18 Inches | Glow collection<\/title>\n<meta name=\"description\" content=\"Buy this Bead Chain Online. This mala chain is the perfect addition to any jewelry collection, making it a perfect gift for yourself or someone special.\" \/>\n<meta name=\"robots\" content=\"index, follow, max-snippet:-1, max-image-preview:large, max-video-preview:-1\" \/>\n<link rel=\"canonical\" href=\"https:\/\/www.purejewels.com\/de\/produkt-2\/22ct-gold-damen-fancy-kette-18-zoll-2-5mm-glow-sammlung-41195\/\" \/>\n<meta property=\"og:locale\" content=\"de_DE\" \/>\n<meta property=\"og:type\" content=\"article\" \/>\n<meta property=\"og:title\" content=\"22ct Gold Ladies Fancy Chain | 18 Inches | Glow collection\" \/>\n<meta property=\"og:description\" content=\"Buy this Bead Chain Online. This mala chain is the perfect addition to any jewelry collection, making it a perfect gift for yourself or someone special.\" \/>\n<meta property=\"og:url\" content=\"https:\/\/www.purejewels.com\/de\/produkt-2\/22ct-gold-damen-fancy-kette-18-zoll-2-5mm-glow-sammlung-41195\/\" \/>\n<meta property=\"og:site_name\" content=\"PureJewels UK\" \/>\n<meta property=\"article:modified_time\" content=\"2024-09-13T03:58:35+00:00\" \/>\n<meta property=\"og:image\" content=\"https:\/\/www.purejewels.com\/wp-content\/uploads\/2022\/09\/41195-1.jpg\" \/>\n\t<meta property=\"og:image:width\" content=\"1000\" \/>\n\t<meta property=\"og:image:height\" content=\"1000\" \/>\n\t<meta property=\"og:image:type\" content=\"image\/jpeg\" \/>\n<meta name=\"twitter:card\" content=\"summary_large_image\" \/>\n<script type=\"application\/ld+json\" class=\"yoast-schema-graph\">{\"@context\":\"https:\\\/\\\/schema.org\",\"@graph\":[{\"@type\":[\"WebPage\",\"ItemPage\"],\"@id\":\"https:\\\/\\\/www.purejewels.com\\\/product\\\/22ct-gold-ladies-fancy-chain-18-inches-2-5mm-glow-collection-41195\\\/\",\"url\":\"https:\\\/\\\/www.purejewels.com\\\/product\\\/22ct-gold-ladies-fancy-chain-18-inches-2-5mm-glow-collection-41195\\\/\",\"name\":\"22ct Gold Ladies Fancy Chain | 18 Inches | Glow collection\",\"isPartOf\":{\"@id\":\"https:\\\/\\\/www.purejewels.com\\\/#website\"},\"primaryImageOfPage\":{\"@id\":\"https:\\\/\\\/www.purejewels.com\\\/product\\\/22ct-gold-ladies-fancy-chain-18-inches-2-5mm-glow-collection-41195\\\/#primaryimage\"},\"image\":{\"@id\":\"https:\\\/\\\/www.purejewels.com\\\/product\\\/22ct-gold-ladies-fancy-chain-18-inches-2-5mm-glow-collection-41195\\\/#primaryimage\"},\"thumbnailUrl\":\"https:\\\/\\\/static.purejewels.com\\\/wp-content\\\/uploads\\\/2022\\\/09\\\/41195-1.jpg\",\"datePublished\":\"2022-09-30T08:05:07+00:00\",\"dateModified\":\"2024-09-13T03:58:35+00:00\",\"description\":\"Buy this Bead Chain Online. This mala chain is the perfect addition to any jewelry collection, making it a perfect gift for yourself or someone special.\",\"breadcrumb\":{\"@id\":\"https:\\\/\\\/www.purejewels.com\\\/product\\\/22ct-gold-ladies-fancy-chain-18-inches-2-5mm-glow-collection-41195\\\/#breadcrumb\"},\"inLanguage\":\"de\",\"potentialAction\":[{\"@type\":\"ReadAction\",\"target\":[\"https:\\\/\\\/www.purejewels.com\\\/product\\\/22ct-gold-ladies-fancy-chain-18-inches-2-5mm-glow-collection-41195\\\/\"]}]},{\"@type\":\"ImageObject\",\"inLanguage\":\"de\",\"@id\":\"https:\\\/\\\/www.purejewels.com\\\/product\\\/22ct-gold-ladies-fancy-chain-18-inches-2-5mm-glow-collection-41195\\\/#primaryimage\",\"url\":\"https:\\\/\\\/static.purejewels.com\\\/wp-content\\\/uploads\\\/2022\\\/09\\\/41195-1.jpg\",\"contentUrl\":\"https:\\\/\\\/static.purejewels.com\\\/wp-content\\\/uploads\\\/2022\\\/09\\\/41195-1.jpg\",\"width\":1000,\"height\":1000,\"caption\":\"22ct Gold Ladies Fancy Chain | 18 Inches | 2.5mm | Glow collection\"},{\"@type\":\"BreadcrumbList\",\"@id\":\"https:\\\/\\\/www.purejewels.com\\\/product\\\/22ct-gold-ladies-fancy-chain-18-inches-2-5mm-glow-collection-41195\\\/#breadcrumb\",\"itemListElement\":[{\"@type\":\"ListItem\",\"position\":1,\"name\":\"Home\",\"item\":\"https:\\\/\\\/www.purejewels.com\\\/\"},{\"@type\":\"ListItem\",\"position\":2,\"name\":\"Shop\",\"item\":\"https:\\\/\\\/www.purejewels.com\\\/shop\\\/\"},{\"@type\":\"ListItem\",\"position\":3,\"name\":\"22ct Gold Ladies Chain | 18 Inches | 2.5mm | Glow collection\"}]},{\"@type\":\"WebSite\",\"@id\":\"https:\\\/\\\/www.purejewels.com\\\/#website\",\"url\":\"https:\\\/\\\/www.purejewels.com\\\/\",\"name\":\"PureJewels UK\",\"description\":\"Share the Love\",\"publisher\":{\"@id\":\"https:\\\/\\\/www.purejewels.com\\\/#organization\"},\"potentialAction\":[{\"@type\":\"SearchAction\",\"target\":{\"@type\":\"EntryPoint\",\"urlTemplate\":\"https:\\\/\\\/www.purejewels.com\\\/?s={search_term_string}\"},\"query-input\":{\"@type\":\"PropertyValueSpecification\",\"valueRequired\":true,\"valueName\":\"search_term_string\"}}],\"inLanguage\":\"de\"},{\"@type\":\"Organization\",\"@id\":\"https:\\\/\\\/www.purejewels.com\\\/#organization\",\"name\":\"PureJewels UK\",\"url\":\"https:\\\/\\\/www.purejewels.com\\\/\",\"logo\":{\"@type\":\"ImageObject\",\"inLanguage\":\"de\",\"@id\":\"https:\\\/\\\/www.purejewels.com\\\/#\\\/schema\\\/logo\\\/image\\\/\",\"url\":\"https:\\\/\\\/static.purejewels.com\\\/wp-content\\\/uploads\\\/2020\\\/11\\\/Logo-PJ-New-1.png\",\"contentUrl\":\"https:\\\/\\\/static.purejewels.com\\\/wp-content\\\/uploads\\\/2020\\\/11\\\/Logo-PJ-New-1.png\",\"width\":150,\"height\":80,\"caption\":\"PureJewels UK\"},\"image\":{\"@id\":\"https:\\\/\\\/www.purejewels.com\\\/#\\\/schema\\\/logo\\\/image\\\/\"}}]}<\/script>\n<!-- \/ Yoast SEO plugin. -->","yoast_head_json":{"title":"22ct Gold Damen Fancy Kette | 18 Zoll | Glow Sammlung","description":"Diese Perlenkette online kaufen. Diese Mala-Kette ist die perfekte Erg\u00e4nzung f\u00fcr jede Schmucksammlung und somit ein perfektes Geschenk f\u00fcr Sie selbst oder jemand Besonderen.","robots":{"index":"index","follow":"follow","max-snippet":"max-snippet:-1","max-image-preview":"max-image-preview:large","max-video-preview":"max-video-preview:-1"},"canonical":"https:\/\/www.purejewels.com\/de\/produkt-2\/22ct-gold-damen-fancy-kette-18-zoll-2-5mm-glow-sammlung-41195\/","og_locale":"de_DE","og_type":"article","og_title":"22ct Gold Ladies Fancy Chain | 18 Inches | Glow collection","og_description":"Buy this Bead Chain Online. This mala chain is the perfect addition to any jewelry collection, making it a perfect gift for yourself or someone special.","og_url":"https:\/\/www.purejewels.com\/de\/produkt-2\/22ct-gold-damen-fancy-kette-18-zoll-2-5mm-glow-sammlung-41195\/","og_site_name":"PureJewels UK","article_modified_time":"2024-09-13T03:58:35+00:00","og_image":[{"width":1000,"height":1000,"url":"https:\/\/www.purejewels.com\/wp-content\/uploads\/2022\/09\/41195-1.jpg","type":"image\/jpeg"}],"twitter_card":"summary_large_image","schema":{"@context":"https:\/\/schema.org","@graph":[{"@type":["WebPage","ItemPage"],"@id":"https:\/\/www.purejewels.com\/product\/22ct-gold-ladies-fancy-chain-18-inches-2-5mm-glow-collection-41195\/","url":"https:\/\/www.purejewels.com\/product\/22ct-gold-ladies-fancy-chain-18-inches-2-5mm-glow-collection-41195\/","name":"22ct Gold Damen Fancy Kette | 18 Zoll | Glow Sammlung","isPartOf":{"@id":"https:\/\/www.purejewels.com\/#website"},"primaryImageOfPage":{"@id":"https:\/\/www.purejewels.com\/product\/22ct-gold-ladies-fancy-chain-18-inches-2-5mm-glow-collection-41195\/#primaryimage"},"image":{"@id":"https:\/\/www.purejewels.com\/product\/22ct-gold-ladies-fancy-chain-18-inches-2-5mm-glow-collection-41195\/#primaryimage"},"thumbnailUrl":"https:\/\/static.purejewels.com\/wp-content\/uploads\/2022\/09\/41195-1.jpg","datePublished":"2022-09-30T08:05:07+00:00","dateModified":"2024-09-13T03:58:35+00:00","description":"Diese Perlenkette online kaufen. Diese Mala-Kette ist die perfekte Erg\u00e4nzung f\u00fcr jede Schmucksammlung und somit ein perfektes Geschenk f\u00fcr Sie selbst oder jemand Besonderen.","breadcrumb":{"@id":"https:\/\/www.purejewels.com\/product\/22ct-gold-ladies-fancy-chain-18-inches-2-5mm-glow-collection-41195\/#breadcrumb"},"inLanguage":"de","potentialAction":[{"@type":"ReadAction","target":["https:\/\/www.purejewels.com\/product\/22ct-gold-ladies-fancy-chain-18-inches-2-5mm-glow-collection-41195\/"]}]},{"@type":"ImageObject","inLanguage":"de","@id":"https:\/\/www.purejewels.com\/product\/22ct-gold-ladies-fancy-chain-18-inches-2-5mm-glow-collection-41195\/#primaryimage","url":"https:\/\/static.purejewels.com\/wp-content\/uploads\/2022\/09\/41195-1.jpg","contentUrl":"https:\/\/static.purejewels.com\/wp-content\/uploads\/2022\/09\/41195-1.jpg","width":1000,"height":1000,"caption":"22ct Gold Ladies Fancy Chain | 18 Inches | 2.5mm | Glow collection"},{"@type":"BreadcrumbList","@id":"https:\/\/www.purejewels.com\/product\/22ct-gold-ladies-fancy-chain-18-inches-2-5mm-glow-collection-41195\/#breadcrumb","itemListElement":[{"@type":"ListItem","position":1,"name":"Home","item":"https:\/\/www.purejewels.com\/"},{"@type":"ListItem","position":2,"name":"Shop","item":"https:\/\/www.purejewels.com\/shop\/"},{"@type":"ListItem","position":3,"name":"22ct Gold Ladies Chain | 18 Inches | 2.5mm | Glow collection"}]},{"@type":"WebSite","@id":"https:\/\/www.purejewels.com\/#website","url":"https:\/\/www.purejewels.com\/","name":"PureJewels UK","description":"Teile die Liebe","publisher":{"@id":"https:\/\/www.purejewels.com\/#organization"},"potentialAction":[{"@type":"SearchAction","target":{"@type":"EntryPoint","urlTemplate":"https:\/\/www.purejewels.com\/?s={search_term_string}"},"query-input":{"@type":"PropertyValueSpecification","valueRequired":true,"valueName":"search_term_string"}}],"inLanguage":"de"},{"@type":"Organization","@id":"https:\/\/www.purejewels.com\/#organization","name":"PureJewels UK","url":"https:\/\/www.purejewels.com\/","logo":{"@type":"ImageObject","inLanguage":"de","@id":"https:\/\/www.purejewels.com\/#\/schema\/logo\/image\/","url":"https:\/\/static.purejewels.com\/wp-content\/uploads\/2020\/11\/Logo-PJ-New-1.png","contentUrl":"https:\/\/static.purejewels.com\/wp-content\/uploads\/2020\/11\/Logo-PJ-New-1.png","width":150,"height":80,"caption":"PureJewels UK"},"image":{"@id":"https:\/\/www.purejewels.com\/#\/schema\/logo\/image\/"}}]}},"_links":{"self":[{"href":"https:\/\/www.purejewels.com\/de\/wp-json\/wp\/v2\/product\/339033","targetHints":{"allow":["GET"]}}],"collection":[{"href":"https:\/\/www.purejewels.com\/de\/wp-json\/wp\/v2\/product"}],"about":[{"href":"https:\/\/www.purejewels.com\/de\/wp-json\/wp\/v2\/types\/product"}],"replies":[{"embeddable":true,"href":"https:\/\/www.purejewels.com\/de\/wp-json\/wp\/v2\/comments?post=339033"}],"version-history":[{"count":1,"href":"https:\/\/www.purejewels.com\/de\/wp-json\/wp\/v2\/product\/339033\/revisions"}],"predecessor-version":[{"id":371897,"href":"https:\/\/www.purejewels.com\/de\/wp-json\/wp\/v2\/product\/339033\/revisions\/371897"}],"wp:featuredmedia":[{"embeddable":true,"href":"https:\/\/www.purejewels.com\/de\/wp-json\/wp\/v2\/media\/339067"}],"wp:attachment":[{"href":"https:\/\/www.purejewels.com\/de\/wp-json\/wp\/v2\/media?parent=339033"}],"wp:term":[{"taxonomy":"product_brand","embeddable":true,"href":"https:\/\/www.purejewels.com\/de\/wp-json\/wp\/v2\/product_brand?post=339033"},{"taxonomy":"product_cat","embeddable":true,"href":"https:\/\/www.purejewels.com\/de\/wp-json\/wp\/v2\/product_cat?post=339033"},{"taxonomy":"product_tag","embeddable":true,"href":"https:\/\/www.purejewels.com\/de\/wp-json\/wp\/v2\/product_tag?post=339033"}],"curies":[{"name":"wp","href":"https:\/\/api.w.org\/{rel}","templated":true}]}}