{"id":339109,"date":"2022-10-01T10:19:40","date_gmt":"2022-10-01T09:19:40","guid":{"rendered":"https:\/\/www.purejewels.com\/?post_type=product&#038;p=339109"},"modified":"2026-02-04T10:47:43","modified_gmt":"2026-02-04T10:47:43","slug":"22ct-gold-ehering-fur-damen-grose-m-4-4mm-42949","status":"publish","type":"product","link":"https:\/\/www.purejewels.com\/de\/product\/22ct-gold-wedding-band-for-ladies-size-m-4-4mm-42949\/","title":{"rendered":"22ct Gold Hochzeit Band f\u00fcr Damen | Gr\u00f6\u00dfe M"},"content":{"rendered":"<p>Dieser exquisite Ehering aus 22 Karat Gold f\u00fcr Damen ist das perfekte Symbol f\u00fcr ewige Liebe und Hingabe. Mit Pr\u00e4zision und Liebe zum Detail gefertigt, wiegt dieser atemberaubende Ring 3,1 g und ist in Gr\u00f6\u00dfe M erh\u00e4ltlich. Das klassische Design dieses Rings macht ihn zu einem zeitlosen St\u00fcck, das ein Leben lang in Ehren gehalten werden kann.<\/p>\n<p>Jedes unserer Produkte wird vom London Assay Office gestempelt, um die Qualit\u00e4t und Echtheit des Goldes zu gew\u00e4hrleisten. Dieser Ehering wird mit einer Pr\u00e4sentationsbox geliefert, die sich ideal zum Verschenken oder zur sicheren Aufbewahrung eignet. Egal, ob Sie nach einem Ehering oder einem Ring f\u00fcr den t\u00e4glichen Gebrauch suchen, dieser 22-kar\u00e4tige Goldring ist eine vielseitige Wahl.<\/p>\n<p>Kontaktieren Sie uns noch heute, um \u00e4hnliche Ringe zu entdecken und das perfekte St\u00fcck f\u00fcr Ihre Sammlung zu finden.<\/p>","protected":false},"excerpt":{"rendered":"<ul>\n<li>22ct Gold Hochzeit Band f\u00fcr Damen<\/li>\n<li>Wt. 3.1gms<\/li>\n<li>Ring Gr\u00f6\u00dfe. M<\/li>\n<li><span id=\"urn:enhancement-b80a25bb\" class=\"textannotation\">SKU: 42949<\/span><\/li>\n<li>Geschlecht: Weiblich<\/li>\n<li>Kann sein\u00a0<span id=\"urn:enhancement-c1b7fb96\" class=\"textannotation\">auf Bestellung gefertigt<\/span>\u00a0auf Ihre Fingergr\u00f6\u00dfe<\/li>\n<li>Alle unsere\u00a0<span id=\"urn:enhancement-48edcf47\" class=\"textannotation\">Produkte<\/span>\u00a0werden von London gestempelt\u00a0<span id=\"urn:enhancement-452a3ce\" class=\"textannotation\">Pr\u00fcfstelle<\/span><\/li>\n<li>Kommt mit Pr\u00e4sentation\u00a0<span id=\"urn:enhancement-ac5abee4\" class=\"textannotation\">Box<\/span><\/li>\n<li>Lieferung inbegriffen<\/li>\n<li>Alle Preise inklusive Mehrwertsteuer<\/li>\n<li>Kontaktieren Sie uns, um \u00c4hnliches zu erkunden <span id=\"urn:enhancement-1162a1de\" class=\"textannotation\">Ringe<\/span><\/li>\n<\/ul>","protected":false},"featured_media":339110,"comment_status":"closed","ping_status":"closed","template":"","meta":{"_eb_attr":"","_crsspst_to_jayantr4sg-hostcom":true},"product_brand":[],"product_cat":[1640,1785,1229,1235,5344,1783,5338,229,226,5303,5297],"product_tag":[64],"class_list":{"0":"post-339109","1":"product","2":"type-product","3":"status-publish","4":"has-post-thumbnail","6":"product_cat-22ct-gold-bands","7":"product_cat-daily-wear-rings","8":"product_cat-22ct-gold-jewellery","9":"product_cat-gold-rings","10":"product_cat-jewellery-under-750","11":"product_cat-ladies-rings","12":"product_cat-shop-by-price","13":"product_cat-wedding-bands","14":"product_cat-wedding-rings-bands","15":"product_cat-womens-yellow-gold-bands","16":"product_cat-yellow-gold-wedding-bands","17":"product_tag-rings","19":"first","20":"instock","21":"taxable","22":"shipping-taxable","23":"purchasable","24":"product-type-simple","25":"add-to-wishlist-before_image"},"yoast_head":"<!-- This site is optimized with the Yoast SEO plugin v27.5 - https:\/\/yoast.com\/product\/yoast-seo-wordpress\/ -->\n<title>22ct Gold Wedding Band for Ladies | Size M | Online Shopping<\/title>\n<meta name=\"description\" content=\"Fancy Wedding bands designs in gold without stones at PureJewels, London. we carry gold rings for a Ladies for all kinds of occasions. | Purejewels UK\" \/>\n<meta name=\"robots\" content=\"index, follow, max-snippet:-1, max-image-preview:large, max-video-preview:-1\" \/>\n<link rel=\"canonical\" href=\"https:\/\/www.purejewels.com\/de\/produkt-2\/22ct-gold-ehering-fur-damen-grose-m-4-4mm-42949\/\" \/>\n<meta property=\"og:locale\" content=\"de_DE\" \/>\n<meta property=\"og:type\" content=\"article\" \/>\n<meta property=\"og:title\" content=\"22ct Gold Wedding Band for Ladies | Size M | Online Shopping\" \/>\n<meta property=\"og:description\" content=\"Fancy Wedding bands designs in gold without stones at PureJewels, London. we carry gold rings for a Ladies for all kinds of occasions. | Purejewels UK\" \/>\n<meta property=\"og:url\" content=\"https:\/\/www.purejewels.com\/de\/produkt-2\/22ct-gold-ehering-fur-damen-grose-m-4-4mm-42949\/\" \/>\n<meta property=\"og:site_name\" content=\"PureJewels UK\" \/>\n<meta property=\"article:modified_time\" content=\"2026-02-04T10:47:43+00:00\" \/>\n<meta property=\"og:image\" content=\"https:\/\/static.purejewels.com\/wp-content\/uploads\/2022\/10\/42949-1.jpg\" \/>\n\t<meta property=\"og:image:width\" content=\"1000\" \/>\n\t<meta property=\"og:image:height\" content=\"1000\" \/>\n\t<meta property=\"og:image:type\" content=\"image\/jpeg\" \/>\n<meta name=\"twitter:card\" content=\"summary_large_image\" \/>\n<meta name=\"twitter:label1\" content=\"Gesch\u00e4tzte Lesezeit\" \/>\n\t<meta name=\"twitter:data1\" content=\"1\u00a0Minute\" \/>\n<script type=\"application\/ld+json\" class=\"yoast-schema-graph\">{\"@context\":\"https:\\\/\\\/schema.org\",\"@graph\":[{\"@type\":[\"WebPage\",\"ItemPage\"],\"@id\":\"https:\\\/\\\/www.purejewels.com\\\/product\\\/22ct-gold-wedding-band-for-ladies-size-m-4-4mm-42949\\\/\",\"url\":\"https:\\\/\\\/www.purejewels.com\\\/product\\\/22ct-gold-wedding-band-for-ladies-size-m-4-4mm-42949\\\/\",\"name\":\"22ct Gold Wedding Band for Ladies | Size M | Online Shopping\",\"isPartOf\":{\"@id\":\"https:\\\/\\\/www.purejewels.com\\\/#website\"},\"primaryImageOfPage\":{\"@id\":\"https:\\\/\\\/www.purejewels.com\\\/product\\\/22ct-gold-wedding-band-for-ladies-size-m-4-4mm-42949\\\/#primaryimage\"},\"image\":{\"@id\":\"https:\\\/\\\/www.purejewels.com\\\/product\\\/22ct-gold-wedding-band-for-ladies-size-m-4-4mm-42949\\\/#primaryimage\"},\"thumbnailUrl\":\"https:\\\/\\\/static.purejewels.com\\\/wp-content\\\/uploads\\\/2022\\\/10\\\/42949-1.jpg\",\"datePublished\":\"2022-10-01T09:19:40+00:00\",\"dateModified\":\"2026-02-04T10:47:43+00:00\",\"description\":\"Fancy Wedding bands designs in gold without stones at PureJewels, London. we carry gold rings for a Ladies for all kinds of occasions. | Purejewels UK\",\"breadcrumb\":{\"@id\":\"https:\\\/\\\/www.purejewels.com\\\/product\\\/22ct-gold-wedding-band-for-ladies-size-m-4-4mm-42949\\\/#breadcrumb\"},\"inLanguage\":\"de\",\"potentialAction\":[{\"@type\":\"ReadAction\",\"target\":[\"https:\\\/\\\/www.purejewels.com\\\/product\\\/22ct-gold-wedding-band-for-ladies-size-m-4-4mm-42949\\\/\"]}]},{\"@type\":\"ImageObject\",\"inLanguage\":\"de\",\"@id\":\"https:\\\/\\\/www.purejewels.com\\\/product\\\/22ct-gold-wedding-band-for-ladies-size-m-4-4mm-42949\\\/#primaryimage\",\"url\":\"https:\\\/\\\/static.purejewels.com\\\/wp-content\\\/uploads\\\/2022\\\/10\\\/42949-1.jpg\",\"contentUrl\":\"https:\\\/\\\/static.purejewels.com\\\/wp-content\\\/uploads\\\/2022\\\/10\\\/42949-1.jpg\",\"width\":1000,\"height\":1000,\"caption\":\"22ct Gold Wedding Band for Ladies | Size M | 4.4mm\"},{\"@type\":\"BreadcrumbList\",\"@id\":\"https:\\\/\\\/www.purejewels.com\\\/product\\\/22ct-gold-wedding-band-for-ladies-size-m-4-4mm-42949\\\/#breadcrumb\",\"itemListElement\":[{\"@type\":\"ListItem\",\"position\":1,\"name\":\"Home\",\"item\":\"https:\\\/\\\/www.purejewels.com\\\/\"},{\"@type\":\"ListItem\",\"position\":2,\"name\":\"Shop\",\"item\":\"https:\\\/\\\/www.purejewels.com\\\/shop\\\/\"},{\"@type\":\"ListItem\",\"position\":3,\"name\":\"22ct Gold Wedding Band for Ladies | Size M\"}]},{\"@type\":\"WebSite\",\"@id\":\"https:\\\/\\\/www.purejewels.com\\\/#website\",\"url\":\"https:\\\/\\\/www.purejewels.com\\\/\",\"name\":\"PureJewels UK\",\"description\":\"Share the Love\",\"publisher\":{\"@id\":\"https:\\\/\\\/www.purejewels.com\\\/#organization\"},\"potentialAction\":[{\"@type\":\"SearchAction\",\"target\":{\"@type\":\"EntryPoint\",\"urlTemplate\":\"https:\\\/\\\/www.purejewels.com\\\/?s={search_term_string}\"},\"query-input\":{\"@type\":\"PropertyValueSpecification\",\"valueRequired\":true,\"valueName\":\"search_term_string\"}}],\"inLanguage\":\"de\"},{\"@type\":\"Organization\",\"@id\":\"https:\\\/\\\/www.purejewels.com\\\/#organization\",\"name\":\"PureJewels UK\",\"url\":\"https:\\\/\\\/www.purejewels.com\\\/\",\"logo\":{\"@type\":\"ImageObject\",\"inLanguage\":\"de\",\"@id\":\"https:\\\/\\\/www.purejewels.com\\\/#\\\/schema\\\/logo\\\/image\\\/\",\"url\":\"https:\\\/\\\/static.purejewels.com\\\/wp-content\\\/uploads\\\/2020\\\/11\\\/Logo-PJ-New-1.png\",\"contentUrl\":\"https:\\\/\\\/static.purejewels.com\\\/wp-content\\\/uploads\\\/2020\\\/11\\\/Logo-PJ-New-1.png\",\"width\":150,\"height\":80,\"caption\":\"PureJewels UK\"},\"image\":{\"@id\":\"https:\\\/\\\/www.purejewels.com\\\/#\\\/schema\\\/logo\\\/image\\\/\"}}]}<\/script>\n<!-- \/ Yoast SEO plugin. -->","yoast_head_json":{"title":"22ct Gold Ehering f\u00fcr Damen | Gr\u00f6\u00dfe M | Online Shopping","description":"Ausgefallene Eheringe in Gold ohne Steine bei PureJewels, London. Wir f\u00fchren Goldringe f\u00fcr Damen f\u00fcr alle Arten von Anl\u00e4ssen. | Purejewels UK","robots":{"index":"index","follow":"follow","max-snippet":"max-snippet:-1","max-image-preview":"max-image-preview:large","max-video-preview":"max-video-preview:-1"},"canonical":"https:\/\/www.purejewels.com\/de\/produkt-2\/22ct-gold-ehering-fur-damen-grose-m-4-4mm-42949\/","og_locale":"de_DE","og_type":"article","og_title":"22ct Gold Wedding Band for Ladies | Size M | Online Shopping","og_description":"Fancy Wedding bands designs in gold without stones at PureJewels, London. we carry gold rings for a Ladies for all kinds of occasions. | Purejewels UK","og_url":"https:\/\/www.purejewels.com\/de\/produkt-2\/22ct-gold-ehering-fur-damen-grose-m-4-4mm-42949\/","og_site_name":"PureJewels UK","article_modified_time":"2026-02-04T10:47:43+00:00","og_image":[{"width":1000,"height":1000,"url":"https:\/\/static.purejewels.com\/wp-content\/uploads\/2022\/10\/42949-1.jpg","type":"image\/jpeg"}],"twitter_card":"summary_large_image","twitter_misc":{"Gesch\u00e4tzte Lesezeit":"1\u00a0Minute"},"schema":{"@context":"https:\/\/schema.org","@graph":[{"@type":["WebPage","ItemPage"],"@id":"https:\/\/www.purejewels.com\/product\/22ct-gold-wedding-band-for-ladies-size-m-4-4mm-42949\/","url":"https:\/\/www.purejewels.com\/product\/22ct-gold-wedding-band-for-ladies-size-m-4-4mm-42949\/","name":"22ct Gold Ehering f\u00fcr Damen | Gr\u00f6\u00dfe M | Online Shopping","isPartOf":{"@id":"https:\/\/www.purejewels.com\/#website"},"primaryImageOfPage":{"@id":"https:\/\/www.purejewels.com\/product\/22ct-gold-wedding-band-for-ladies-size-m-4-4mm-42949\/#primaryimage"},"image":{"@id":"https:\/\/www.purejewels.com\/product\/22ct-gold-wedding-band-for-ladies-size-m-4-4mm-42949\/#primaryimage"},"thumbnailUrl":"https:\/\/static.purejewels.com\/wp-content\/uploads\/2022\/10\/42949-1.jpg","datePublished":"2022-10-01T09:19:40+00:00","dateModified":"2026-02-04T10:47:43+00:00","description":"Ausgefallene Eheringe in Gold ohne Steine bei PureJewels, London. Wir f\u00fchren Goldringe f\u00fcr Damen f\u00fcr alle Arten von Anl\u00e4ssen. | Purejewels UK","breadcrumb":{"@id":"https:\/\/www.purejewels.com\/product\/22ct-gold-wedding-band-for-ladies-size-m-4-4mm-42949\/#breadcrumb"},"inLanguage":"de","potentialAction":[{"@type":"ReadAction","target":["https:\/\/www.purejewels.com\/product\/22ct-gold-wedding-band-for-ladies-size-m-4-4mm-42949\/"]}]},{"@type":"ImageObject","inLanguage":"de","@id":"https:\/\/www.purejewels.com\/product\/22ct-gold-wedding-band-for-ladies-size-m-4-4mm-42949\/#primaryimage","url":"https:\/\/static.purejewels.com\/wp-content\/uploads\/2022\/10\/42949-1.jpg","contentUrl":"https:\/\/static.purejewels.com\/wp-content\/uploads\/2022\/10\/42949-1.jpg","width":1000,"height":1000,"caption":"22ct Gold Wedding Band for Ladies | Size M | 4.4mm"},{"@type":"BreadcrumbList","@id":"https:\/\/www.purejewels.com\/product\/22ct-gold-wedding-band-for-ladies-size-m-4-4mm-42949\/#breadcrumb","itemListElement":[{"@type":"ListItem","position":1,"name":"Home","item":"https:\/\/www.purejewels.com\/"},{"@type":"ListItem","position":2,"name":"Shop","item":"https:\/\/www.purejewels.com\/shop\/"},{"@type":"ListItem","position":3,"name":"22ct Gold Wedding Band for Ladies | Size M"}]},{"@type":"WebSite","@id":"https:\/\/www.purejewels.com\/#website","url":"https:\/\/www.purejewels.com\/","name":"PureJewels UK","description":"Teile die Liebe","publisher":{"@id":"https:\/\/www.purejewels.com\/#organization"},"potentialAction":[{"@type":"SearchAction","target":{"@type":"EntryPoint","urlTemplate":"https:\/\/www.purejewels.com\/?s={search_term_string}"},"query-input":{"@type":"PropertyValueSpecification","valueRequired":true,"valueName":"search_term_string"}}],"inLanguage":"de"},{"@type":"Organization","@id":"https:\/\/www.purejewels.com\/#organization","name":"PureJewels UK","url":"https:\/\/www.purejewels.com\/","logo":{"@type":"ImageObject","inLanguage":"de","@id":"https:\/\/www.purejewels.com\/#\/schema\/logo\/image\/","url":"https:\/\/static.purejewels.com\/wp-content\/uploads\/2020\/11\/Logo-PJ-New-1.png","contentUrl":"https:\/\/static.purejewels.com\/wp-content\/uploads\/2020\/11\/Logo-PJ-New-1.png","width":150,"height":80,"caption":"PureJewels UK"},"image":{"@id":"https:\/\/www.purejewels.com\/#\/schema\/logo\/image\/"}}]}},"_links":{"self":[{"href":"https:\/\/www.purejewels.com\/de\/wp-json\/wp\/v2\/product\/339109","targetHints":{"allow":["GET"]}}],"collection":[{"href":"https:\/\/www.purejewels.com\/de\/wp-json\/wp\/v2\/product"}],"about":[{"href":"https:\/\/www.purejewels.com\/de\/wp-json\/wp\/v2\/types\/product"}],"replies":[{"embeddable":true,"href":"https:\/\/www.purejewels.com\/de\/wp-json\/wp\/v2\/comments?post=339109"}],"version-history":[{"count":4,"href":"https:\/\/www.purejewels.com\/de\/wp-json\/wp\/v2\/product\/339109\/revisions"}],"predecessor-version":[{"id":420521,"href":"https:\/\/www.purejewels.com\/de\/wp-json\/wp\/v2\/product\/339109\/revisions\/420521"}],"wp:featuredmedia":[{"embeddable":true,"href":"https:\/\/www.purejewels.com\/de\/wp-json\/wp\/v2\/media\/339110"}],"wp:attachment":[{"href":"https:\/\/www.purejewels.com\/de\/wp-json\/wp\/v2\/media?parent=339109"}],"wp:term":[{"taxonomy":"product_brand","embeddable":true,"href":"https:\/\/www.purejewels.com\/de\/wp-json\/wp\/v2\/product_brand?post=339109"},{"taxonomy":"product_cat","embeddable":true,"href":"https:\/\/www.purejewels.com\/de\/wp-json\/wp\/v2\/product_cat?post=339109"},{"taxonomy":"product_tag","embeddable":true,"href":"https:\/\/www.purejewels.com\/de\/wp-json\/wp\/v2\/product_tag?post=339109"}],"curies":[{"name":"wp","href":"https:\/\/api.w.org\/{rel}","templated":true}]}}