{"id":339135,"date":"2022-10-01T11:20:21","date_gmt":"2022-10-01T10:20:21","guid":{"rendered":"https:\/\/www.purejewels.com\/?post_type=product&#038;p=339135"},"modified":"2026-02-04T10:47:19","modified_gmt":"2026-02-04T10:47:19","slug":"22ct-gold-ehering-fur-manner-48683","status":"publish","type":"product","link":"https:\/\/www.purejewels.com\/de\/product\/22ct-gold-wedding-band-for-men-48683\/","title":{"rendered":"22ct Gold Ehering f\u00fcr M\u00e4nner | Gr\u00f6\u00dfe P 1\/2"},"content":{"rendered":"<div id=\"chat-history\" class=\"chat-history-scroll-container ng-tns-c1017015721-1\">\n<div class=\"conversation-container ng-tns-c1017015721-1 ng-star-inserted\">\n<div>\n<div class=\"response-container ng-tns-c2453973856-61 ng-star-inserted response-container-has-multiple-responses\">\n<div class=\"presented-response-container ng-tns-c2453973856-61\">\n<div class=\"response-container-content ng-tns-c2453973856-61 tunable-selection-with-avatar\">\n<div class=\"response-content ng-tns-c2453973856-61\">\n<div class=\"markdown markdown-main-panel\" dir=\"ltr\">\n<p data-sourcepos=\"3:1-3:2\"><strong>Ein Symbol f\u00fcr dauerhafte Liebe: <a href=\"https:\/\/www.purejewels.com\/de\/product\/22ct-indian-gold-wedding-band-916\/\">22ct Gold Ehering<\/a> f\u00fcr M\u00e4nner<\/strong><\/p>\n<p data-sourcepos=\"5:1-5:63\">Diese luxuri\u00f6se <a href=\"https:\/\/www.purejewels.com\/de\/product\/22ct-gold-jali-filigree-ring-jali-collection-31926\/\">22ct<\/a> wurde f\u00fcr den modernen Mann gefertigt, der ein zeitloses Symbol f\u00fcr sein Engagement sucht. Das klassische und elegante Design hat eine glatte, polierte Oberfl\u00e4che, die nie aus der Mode kommen wird.<\/p>\n<p data-sourcepos=\"7:1-7:23\"><strong>Hergestellt aus Materialien h\u00f6chster Qualit\u00e4t:<\/strong><\/p>\n<ul data-sourcepos=\"9:1-10:47\">\n<li data-sourcepos=\"9:1-9:68\">22 Karat Gelbgold sorgen f\u00fcr brillanten Glanz und lange Haltbarkeit.<\/li>\n<li data-sourcepos=\"10:1-10:47\">Die Bandbreite von 5,5 mm sorgt f\u00fcr einen anspruchsvollen und maskulinen Look.<\/li>\n<\/ul>\n<p data-sourcepos=\"16:1-16:33\"><strong>Gr\u00f6\u00dfe P 1\/2 f\u00fcr eine perfekte Passform:<\/strong><\/p>\n<p data-sourcepos=\"18:1-18:71\">Dieser Ring ist in der Gr\u00f6\u00dfe P 1\/2 erh\u00e4ltlich und bietet einen bequemen und sicheren Sitz.<\/p>\n<p data-sourcepos=\"20:1-20:78\"><strong>Feiern Sie Ihre Liebe stilvoll mit dieser au\u00dfergew\u00f6hnlichen <a href=\"https:\/\/www.purejewels.com\/de\/product\/holy-cross-gold-pendant-44713\/\">22 Karat Gold<\/a> Hochzeitsband.<\/strong><\/p>\n<\/div>\n<\/div>\n<\/div>\n<\/div>\n<\/div>\n<\/div>\n<\/div>\n<\/div>\n<div class=\"bottom-container ng-tns-c1017015721-1 ng-star-inserted\">\n<div class=\"input-area-container ng-tns-c1017015721-1 ng-star-inserted\">\n<div class=\"input-area ng-tns-c625990796-3 ng-trigger ng-trigger-inputAreaRevealAnimation\" data-node-type=\"input-area\">\n<div class=\"text-input-field ng-tns-c625990796-3\">\n<div class=\"text-input-field_textarea-wrapper ng-tns-c625990796-3\">\n<div class=\"text-input-field-main-area ng-tns-c625990796-3\">\n<div class=\"text-input-field_textarea-inner ng-tns-c625990796-3\">\n<div class=\"ql-editor textarea ql-blank\" role=\"textbox\" data-gramm=\"false\" aria-label=\"Geben Sie hier eine Aufforderung ein\" data-placeholder=\"Enter a prompt here\"><\/div>\n<\/div>\n<\/div>\n<\/div>\n<\/div>\n<\/div>\n<\/div>\n<\/div>","protected":false},"excerpt":{"rendered":"<ul>\n<li>22ct Gold Ehering f\u00fcr M\u00e4nner<\/li>\n<li>Wt. 6 gms<\/li>\n<li>Ring Gr\u00f6\u00dfe. P 1\/2<\/li>\n<li><span id=\"urn:enhancement-b80a25bb\" class=\"textannotation\">SKU: 48683<\/span><\/li>\n<li>Kann sein\u00a0<span id=\"urn:enhancement-c1b7fb96\" class=\"textannotation\">auf Bestellung gefertigt<\/span>\u00a0auf Ihre Fingergr\u00f6\u00dfe<\/li>\n<li>Alle unsere\u00a0<span id=\"urn:enhancement-48edcf47\" class=\"textannotation\">Produkte<\/span>\u00a0werden von London gestempelt\u00a0<span id=\"urn:enhancement-452a3ce\" class=\"textannotation\">Pr\u00fcfstelle<\/span><\/li>\n<li>Kommt mit Pr\u00e4sentation\u00a0<span id=\"urn:enhancement-ac5abee4\" class=\"textannotation\">Box<\/span><\/li>\n<li>Lieferung inbegriffen<\/li>\n<li>Alle Preise inklusive Mehrwertsteuer<\/li>\n<li>Kontaktieren Sie uns, um \u00c4hnliches zu erkunden <span id=\"urn:enhancement-1162a1de\" class=\"textannotation\">Ringe<\/span><\/li>\n<\/ul>","protected":false},"featured_media":364501,"comment_status":"closed","ping_status":"closed","template":"","meta":{"_eb_attr":"","_crsspst_to_jayantr4sg-hostcom":true},"product_brand":[],"product_cat":[1640,1785,1793,1792,1784,1229,1235,5300,229,226,5297],"product_tag":[1430,64],"class_list":{"0":"post-339135","1":"product","2":"type-product","3":"status-publish","4":"has-post-thumbnail","6":"product_cat-22ct-gold-bands","7":"product_cat-daily-wear-rings","8":"product_cat-diwali-gifts","9":"product_cat-festival-gifts","10":"product_cat-gents-rings","11":"product_cat-22ct-gold-jewellery","12":"product_cat-gold-rings","13":"product_cat-mens-yellow-gold-bands","14":"product_cat-wedding-bands","15":"product_cat-wedding-rings-bands","16":"product_cat-yellow-gold-wedding-bands","17":"product_tag-diwali-gift","18":"product_tag-rings","20":"first","21":"instock","22":"taxable","23":"shipping-taxable","24":"purchasable","25":"product-type-simple","26":"add-to-wishlist-before_image"},"yoast_head":"<!-- This site is optimized with the Yoast SEO plugin v27.5 - https:\/\/yoast.com\/product\/yoast-seo-wordpress\/ -->\n<title>Wedding Band for Men in 22ct Gold in UK | Size P 1\/2 | 5.5mm<\/title>\n<meta name=\"description\" content=\"Celebrate your love in style with this exceptional 22ct gold wedding band. Buy this 22ct Gold Band Ring today online! Free delivery across UK.\" \/>\n<meta name=\"robots\" content=\"index, follow, max-snippet:-1, max-image-preview:large, max-video-preview:-1\" \/>\n<link rel=\"canonical\" href=\"https:\/\/www.purejewels.com\/de\/produkt-2\/22ct-gold-ehering-fur-manner-48683\/\" \/>\n<meta property=\"og:locale\" content=\"de_DE\" \/>\n<meta property=\"og:type\" content=\"article\" \/>\n<meta property=\"og:title\" content=\"Wedding Band for Men in 22ct Gold in UK | Size P 1\/2 | 5.5mm\" \/>\n<meta property=\"og:description\" content=\"Celebrate your love in style with this exceptional 22ct gold wedding band. Buy this 22ct Gold Band Ring today online! Free delivery across UK.\" \/>\n<meta property=\"og:url\" content=\"https:\/\/www.purejewels.com\/de\/produkt-2\/22ct-gold-ehering-fur-manner-48683\/\" \/>\n<meta property=\"og:site_name\" content=\"PureJewels UK\" \/>\n<meta property=\"article:modified_time\" content=\"2026-02-04T10:47:19+00:00\" \/>\n<meta property=\"og:image\" content=\"https:\/\/static.purejewels.com\/wp-content\/uploads\/2022\/10\/48683.png\" \/>\n\t<meta property=\"og:image:width\" content=\"1000\" \/>\n\t<meta property=\"og:image:height\" content=\"1000\" \/>\n\t<meta property=\"og:image:type\" content=\"image\/png\" \/>\n<meta name=\"twitter:card\" content=\"summary_large_image\" \/>\n<meta name=\"twitter:label1\" content=\"Gesch\u00e4tzte Lesezeit\" \/>\n\t<meta name=\"twitter:data1\" content=\"1\u00a0Minute\" \/>\n<script type=\"application\/ld+json\" class=\"yoast-schema-graph\">{\"@context\":\"https:\\\/\\\/schema.org\",\"@graph\":[{\"@type\":[\"WebPage\",\"ItemPage\"],\"@id\":\"https:\\\/\\\/www.purejewels.com\\\/product\\\/22ct-gold-wedding-band-for-men-48683\\\/\",\"url\":\"https:\\\/\\\/www.purejewels.com\\\/product\\\/22ct-gold-wedding-band-for-men-48683\\\/\",\"name\":\"Wedding Band for Men in 22ct Gold in UK | Size P 1\\\/2 | 5.5mm\",\"isPartOf\":{\"@id\":\"https:\\\/\\\/www.purejewels.com\\\/#website\"},\"primaryImageOfPage\":{\"@id\":\"https:\\\/\\\/www.purejewels.com\\\/product\\\/22ct-gold-wedding-band-for-men-48683\\\/#primaryimage\"},\"image\":{\"@id\":\"https:\\\/\\\/www.purejewels.com\\\/product\\\/22ct-gold-wedding-band-for-men-48683\\\/#primaryimage\"},\"thumbnailUrl\":\"https:\\\/\\\/static.purejewels.com\\\/wp-content\\\/uploads\\\/2022\\\/10\\\/48683.png\",\"datePublished\":\"2022-10-01T10:20:21+00:00\",\"dateModified\":\"2026-02-04T10:47:19+00:00\",\"description\":\"Celebrate your love in style with this exceptional 22ct gold wedding band. Buy this 22ct Gold Band Ring today online! Free delivery across UK.\",\"breadcrumb\":{\"@id\":\"https:\\\/\\\/www.purejewels.com\\\/product\\\/22ct-gold-wedding-band-for-men-48683\\\/#breadcrumb\"},\"inLanguage\":\"de\",\"potentialAction\":[{\"@type\":\"ReadAction\",\"target\":[\"https:\\\/\\\/www.purejewels.com\\\/product\\\/22ct-gold-wedding-band-for-men-48683\\\/\"]}]},{\"@type\":\"ImageObject\",\"inLanguage\":\"de\",\"@id\":\"https:\\\/\\\/www.purejewels.com\\\/product\\\/22ct-gold-wedding-band-for-men-48683\\\/#primaryimage\",\"url\":\"https:\\\/\\\/static.purejewels.com\\\/wp-content\\\/uploads\\\/2022\\\/10\\\/48683.png\",\"contentUrl\":\"https:\\\/\\\/static.purejewels.com\\\/wp-content\\\/uploads\\\/2022\\\/10\\\/48683.png\",\"width\":1000,\"height\":1000,\"caption\":\"22ct Gold Ring Band\"},{\"@type\":\"BreadcrumbList\",\"@id\":\"https:\\\/\\\/www.purejewels.com\\\/product\\\/22ct-gold-wedding-band-for-men-48683\\\/#breadcrumb\",\"itemListElement\":[{\"@type\":\"ListItem\",\"position\":1,\"name\":\"Home\",\"item\":\"https:\\\/\\\/www.purejewels.com\\\/\"},{\"@type\":\"ListItem\",\"position\":2,\"name\":\"Shop\",\"item\":\"https:\\\/\\\/www.purejewels.com\\\/shop\\\/\"},{\"@type\":\"ListItem\",\"position\":3,\"name\":\"22ct Gold Wedding Band for Men | Size P 1\\\/2\"}]},{\"@type\":\"WebSite\",\"@id\":\"https:\\\/\\\/www.purejewels.com\\\/#website\",\"url\":\"https:\\\/\\\/www.purejewels.com\\\/\",\"name\":\"PureJewels UK\",\"description\":\"Share the Love\",\"publisher\":{\"@id\":\"https:\\\/\\\/www.purejewels.com\\\/#organization\"},\"potentialAction\":[{\"@type\":\"SearchAction\",\"target\":{\"@type\":\"EntryPoint\",\"urlTemplate\":\"https:\\\/\\\/www.purejewels.com\\\/?s={search_term_string}\"},\"query-input\":{\"@type\":\"PropertyValueSpecification\",\"valueRequired\":true,\"valueName\":\"search_term_string\"}}],\"inLanguage\":\"de\"},{\"@type\":\"Organization\",\"@id\":\"https:\\\/\\\/www.purejewels.com\\\/#organization\",\"name\":\"PureJewels UK\",\"url\":\"https:\\\/\\\/www.purejewels.com\\\/\",\"logo\":{\"@type\":\"ImageObject\",\"inLanguage\":\"de\",\"@id\":\"https:\\\/\\\/www.purejewels.com\\\/#\\\/schema\\\/logo\\\/image\\\/\",\"url\":\"https:\\\/\\\/static.purejewels.com\\\/wp-content\\\/uploads\\\/2020\\\/11\\\/Logo-PJ-New-1.png\",\"contentUrl\":\"https:\\\/\\\/static.purejewels.com\\\/wp-content\\\/uploads\\\/2020\\\/11\\\/Logo-PJ-New-1.png\",\"width\":150,\"height\":80,\"caption\":\"PureJewels UK\"},\"image\":{\"@id\":\"https:\\\/\\\/www.purejewels.com\\\/#\\\/schema\\\/logo\\\/image\\\/\"}}]}<\/script>\n<!-- \/ Yoast SEO plugin. -->","yoast_head_json":{"title":"Ehering f\u00fcr M\u00e4nner in 22ct Gold in UK | Gr\u00f6\u00dfe P 1\/2 | 5.5mm","description":"Feiern Sie Ihre Liebe mit diesem au\u00dfergew\u00f6hnlichen Ehering aus 22 Karat Gold mit Stil. Kaufen Sie diesen Ring aus 22 Karat Gold noch heute online! Kostenlose Lieferung in ganz Gro\u00dfbritannien.","robots":{"index":"index","follow":"follow","max-snippet":"max-snippet:-1","max-image-preview":"max-image-preview:large","max-video-preview":"max-video-preview:-1"},"canonical":"https:\/\/www.purejewels.com\/de\/produkt-2\/22ct-gold-ehering-fur-manner-48683\/","og_locale":"de_DE","og_type":"article","og_title":"Wedding Band for Men in 22ct Gold in UK | Size P 1\/2 | 5.5mm","og_description":"Celebrate your love in style with this exceptional 22ct gold wedding band. Buy this 22ct Gold Band Ring today online! Free delivery across UK.","og_url":"https:\/\/www.purejewels.com\/de\/produkt-2\/22ct-gold-ehering-fur-manner-48683\/","og_site_name":"PureJewels UK","article_modified_time":"2026-02-04T10:47:19+00:00","og_image":[{"width":1000,"height":1000,"url":"https:\/\/static.purejewels.com\/wp-content\/uploads\/2022\/10\/48683.png","type":"image\/png"}],"twitter_card":"summary_large_image","twitter_misc":{"Gesch\u00e4tzte Lesezeit":"1\u00a0Minute"},"schema":{"@context":"https:\/\/schema.org","@graph":[{"@type":["WebPage","ItemPage"],"@id":"https:\/\/www.purejewels.com\/product\/22ct-gold-wedding-band-for-men-48683\/","url":"https:\/\/www.purejewels.com\/product\/22ct-gold-wedding-band-for-men-48683\/","name":"Ehering f\u00fcr M\u00e4nner in 22ct Gold in UK | Gr\u00f6\u00dfe P 1\/2 | 5.5mm","isPartOf":{"@id":"https:\/\/www.purejewels.com\/#website"},"primaryImageOfPage":{"@id":"https:\/\/www.purejewels.com\/product\/22ct-gold-wedding-band-for-men-48683\/#primaryimage"},"image":{"@id":"https:\/\/www.purejewels.com\/product\/22ct-gold-wedding-band-for-men-48683\/#primaryimage"},"thumbnailUrl":"https:\/\/static.purejewels.com\/wp-content\/uploads\/2022\/10\/48683.png","datePublished":"2022-10-01T10:20:21+00:00","dateModified":"2026-02-04T10:47:19+00:00","description":"Feiern Sie Ihre Liebe mit diesem au\u00dfergew\u00f6hnlichen Ehering aus 22 Karat Gold mit Stil. Kaufen Sie diesen Ring aus 22 Karat Gold noch heute online! Kostenlose Lieferung in ganz Gro\u00dfbritannien.","breadcrumb":{"@id":"https:\/\/www.purejewels.com\/product\/22ct-gold-wedding-band-for-men-48683\/#breadcrumb"},"inLanguage":"de","potentialAction":[{"@type":"ReadAction","target":["https:\/\/www.purejewels.com\/product\/22ct-gold-wedding-band-for-men-48683\/"]}]},{"@type":"ImageObject","inLanguage":"de","@id":"https:\/\/www.purejewels.com\/product\/22ct-gold-wedding-band-for-men-48683\/#primaryimage","url":"https:\/\/static.purejewels.com\/wp-content\/uploads\/2022\/10\/48683.png","contentUrl":"https:\/\/static.purejewels.com\/wp-content\/uploads\/2022\/10\/48683.png","width":1000,"height":1000,"caption":"22ct Gold Ring Band"},{"@type":"BreadcrumbList","@id":"https:\/\/www.purejewels.com\/product\/22ct-gold-wedding-band-for-men-48683\/#breadcrumb","itemListElement":[{"@type":"ListItem","position":1,"name":"Home","item":"https:\/\/www.purejewels.com\/"},{"@type":"ListItem","position":2,"name":"Shop","item":"https:\/\/www.purejewels.com\/shop\/"},{"@type":"ListItem","position":3,"name":"22ct Gold Wedding Band for Men | Size P 1\/2"}]},{"@type":"WebSite","@id":"https:\/\/www.purejewels.com\/#website","url":"https:\/\/www.purejewels.com\/","name":"PureJewels UK","description":"Teile die Liebe","publisher":{"@id":"https:\/\/www.purejewels.com\/#organization"},"potentialAction":[{"@type":"SearchAction","target":{"@type":"EntryPoint","urlTemplate":"https:\/\/www.purejewels.com\/?s={search_term_string}"},"query-input":{"@type":"PropertyValueSpecification","valueRequired":true,"valueName":"search_term_string"}}],"inLanguage":"de"},{"@type":"Organization","@id":"https:\/\/www.purejewels.com\/#organization","name":"PureJewels UK","url":"https:\/\/www.purejewels.com\/","logo":{"@type":"ImageObject","inLanguage":"de","@id":"https:\/\/www.purejewels.com\/#\/schema\/logo\/image\/","url":"https:\/\/static.purejewels.com\/wp-content\/uploads\/2020\/11\/Logo-PJ-New-1.png","contentUrl":"https:\/\/static.purejewels.com\/wp-content\/uploads\/2020\/11\/Logo-PJ-New-1.png","width":150,"height":80,"caption":"PureJewels UK"},"image":{"@id":"https:\/\/www.purejewels.com\/#\/schema\/logo\/image\/"}}]}},"_links":{"self":[{"href":"https:\/\/www.purejewels.com\/de\/wp-json\/wp\/v2\/product\/339135","targetHints":{"allow":["GET"]}}],"collection":[{"href":"https:\/\/www.purejewels.com\/de\/wp-json\/wp\/v2\/product"}],"about":[{"href":"https:\/\/www.purejewels.com\/de\/wp-json\/wp\/v2\/types\/product"}],"replies":[{"embeddable":true,"href":"https:\/\/www.purejewels.com\/de\/wp-json\/wp\/v2\/comments?post=339135"}],"version-history":[{"count":4,"href":"https:\/\/www.purejewels.com\/de\/wp-json\/wp\/v2\/product\/339135\/revisions"}],"predecessor-version":[{"id":412612,"href":"https:\/\/www.purejewels.com\/de\/wp-json\/wp\/v2\/product\/339135\/revisions\/412612"}],"wp:featuredmedia":[{"embeddable":true,"href":"https:\/\/www.purejewels.com\/de\/wp-json\/wp\/v2\/media\/364501"}],"wp:attachment":[{"href":"https:\/\/www.purejewels.com\/de\/wp-json\/wp\/v2\/media?parent=339135"}],"wp:term":[{"taxonomy":"product_brand","embeddable":true,"href":"https:\/\/www.purejewels.com\/de\/wp-json\/wp\/v2\/product_brand?post=339135"},{"taxonomy":"product_cat","embeddable":true,"href":"https:\/\/www.purejewels.com\/de\/wp-json\/wp\/v2\/product_cat?post=339135"},{"taxonomy":"product_tag","embeddable":true,"href":"https:\/\/www.purejewels.com\/de\/wp-json\/wp\/v2\/product_tag?post=339135"}],"curies":[{"name":"wp","href":"https:\/\/api.w.org\/{rel}","templated":true}]}}