{"id":339281,"date":"2024-12-01T09:07:22","date_gmt":"2024-12-01T09:07:22","guid":{"rendered":"https:\/\/www.purejewels.com\/?post_type=product&#038;p=339281"},"modified":"2026-01-07T06:08:29","modified_gmt":"2026-01-07T06:08:29","slug":"22ct-gold-ring-fur-damen-grose-p-rhodium-finish-46782","status":"publish","type":"product","link":"https:\/\/www.purejewels.com\/de\/product\/22ct-gold-ring-for-ladies-size-p-rhodium-finish-46782\/","title":{"rendered":"22ct Gold Ring f\u00fcr Damen | Gr\u00f6\u00dfe K 1\/2 | Rhodium Finish"},"content":{"rendered":"<p>SKU: 46782<br \/>\n<b>Bereich ID YGLR600<\/b><\/p>","protected":false},"excerpt":{"rendered":"<ul>\n<li>22ct Gold Ring f\u00fcr Damen<\/li>\n<li>Wt. 2.1 gms<\/li>\n<li>Ringgr\u00f6\u00dfe. K 1\/2<\/li>\n<li><span id=\"urn:enhancement-b80a25bb\" class=\"textannotation\">SKU:46782<\/span><\/li>\n<li>Kann sein\u00a0<span id=\"urn:enhancement-c1b7fb96\" class=\"textannotation\">auf Bestellung gefertigt<\/span>\u00a0auf Ihre Fingergr\u00f6\u00dfe<\/li>\n<li>Alle unsere\u00a0<span id=\"urn:enhancement-48edcf47\" class=\"textannotation\">Produkte<\/span>\u00a0werden von London gestempelt\u00a0<span id=\"urn:enhancement-452a3ce\" class=\"textannotation\">Pr\u00fcfstelle<\/span><\/li>\n<li>Kommt mit Pr\u00e4sentation\u00a0<span id=\"urn:enhancement-ac5abee4\" class=\"textannotation\">Box<\/span><\/li>\n<li>Lieferung inbegriffen<\/li>\n<li>Alle Preise inklusive Mehrwertsteuer<\/li>\n<li>Kontaktieren Sie uns, um \u00c4hnliches zu erkunden <span id=\"urn:enhancement-1162a1de\" class=\"textannotation\">Ringe<\/span><\/li>\n<\/ul>","protected":false},"featured_media":355187,"comment_status":"closed","ping_status":"closed","template":"","meta":{"_eb_attr":"","_crsspst_to_jayantr4sg-hostcom":true},"product_brand":[],"product_cat":[1791,1794,1785,1793,1792,1229,1235,1783,1574,5349],"product_tag":[64],"class_list":{"0":"post-339281","1":"product","2":"type-product","3":"status-publish","4":"has-post-thumbnail","6":"product_cat-anniversary-gifts","7":"product_cat-christmas-gifts","8":"product_cat-daily-wear-rings","9":"product_cat-diwali-gifts","10":"product_cat-festival-gifts","11":"product_cat-22ct-gold-jewellery","12":"product_cat-gold-rings","13":"product_cat-ladies-rings","14":"product_cat-womens-jewellery","15":"product_cat-yellow-gold-jewellery","16":"product_tag-rings","18":"first","19":"outofstock","20":"sale","21":"taxable","22":"shipping-taxable","23":"product-type-simple","24":"add-to-wishlist-before_image"},"yoast_head":"<!-- This site is optimized with the Yoast SEO plugin v27.6 - https:\/\/yoast.com\/product\/yoast-seo-wordpress\/ -->\n<title>22ct Gold Ring for Ladies | Size K 1\/2 | Online Shopping UK<\/title>\n<meta name=\"robots\" content=\"index, follow, max-snippet:-1, max-image-preview:large, max-video-preview:-1\" \/>\n<link rel=\"canonical\" href=\"https:\/\/www.purejewels.com\/de\/produkt-2\/22ct-gold-ring-fur-damen-grose-p-rhodium-finish-46782\/\" \/>\n<meta property=\"og:locale\" content=\"de_DE\" \/>\n<meta property=\"og:type\" content=\"article\" \/>\n<meta property=\"og:title\" content=\"22ct Gold Ring for Ladies | Size K 1\/2 | Online Shopping UK\" \/>\n<meta property=\"og:description\" content=\"22ct Gold Ring For Ladies  Wt. 2.1 gms  Ring Size. K 1\/2  SKU:46782  Can be\u00a0made to order\u00a0to your finger size  All our\u00a0products\u00a0are hallmarked by London\u00a0Assay Office  Comes With Presentation\u00a0Box  Delivery Included  All prices include VAT  Contact us to explore similar rings\" \/>\n<meta property=\"og:url\" content=\"https:\/\/www.purejewels.com\/de\/produkt-2\/22ct-gold-ring-fur-damen-grose-p-rhodium-finish-46782\/\" \/>\n<meta property=\"og:site_name\" content=\"PureJewels UK\" \/>\n<meta property=\"article:modified_time\" content=\"2026-01-07T06:08:29+00:00\" \/>\n<meta property=\"og:image\" content=\"https:\/\/www.purejewels.com\/wp-content\/uploads\/2022\/10\/46782.jpg\" \/>\n\t<meta property=\"og:image:width\" content=\"1000\" \/>\n\t<meta property=\"og:image:height\" content=\"1000\" \/>\n\t<meta property=\"og:image:type\" content=\"image\/jpeg\" \/>\n<meta name=\"twitter:card\" content=\"summary_large_image\" \/>\n<meta name=\"twitter:label1\" content=\"Gesch\u00e4tzte Lesezeit\" \/>\n\t<meta name=\"twitter:data1\" content=\"1\u00a0Minute\" \/>\n<script type=\"application\/ld+json\" class=\"yoast-schema-graph\">{\"@context\":\"https:\\\/\\\/schema.org\",\"@graph\":[{\"@type\":[\"WebPage\",\"ItemPage\"],\"@id\":\"https:\\\/\\\/www.purejewels.com\\\/product\\\/22ct-gold-ring-for-ladies-size-p-rhodium-finish-46782\\\/\",\"url\":\"https:\\\/\\\/www.purejewels.com\\\/product\\\/22ct-gold-ring-for-ladies-size-p-rhodium-finish-46782\\\/\",\"name\":\"22ct Gold Ring for Ladies | Size K 1\\\/2 | Online Shopping UK\",\"isPartOf\":{\"@id\":\"https:\\\/\\\/www.purejewels.com\\\/#website\"},\"primaryImageOfPage\":{\"@id\":\"https:\\\/\\\/www.purejewels.com\\\/product\\\/22ct-gold-ring-for-ladies-size-p-rhodium-finish-46782\\\/#primaryimage\"},\"image\":{\"@id\":\"https:\\\/\\\/www.purejewels.com\\\/product\\\/22ct-gold-ring-for-ladies-size-p-rhodium-finish-46782\\\/#primaryimage\"},\"thumbnailUrl\":\"https:\\\/\\\/static.purejewels.com\\\/wp-content\\\/uploads\\\/2022\\\/10\\\/46782.jpg\",\"datePublished\":\"2024-12-01T09:07:22+00:00\",\"dateModified\":\"2026-01-07T06:08:29+00:00\",\"breadcrumb\":{\"@id\":\"https:\\\/\\\/www.purejewels.com\\\/product\\\/22ct-gold-ring-for-ladies-size-p-rhodium-finish-46782\\\/#breadcrumb\"},\"inLanguage\":\"de\",\"potentialAction\":[{\"@type\":\"ReadAction\",\"target\":[\"https:\\\/\\\/www.purejewels.com\\\/product\\\/22ct-gold-ring-for-ladies-size-p-rhodium-finish-46782\\\/\"]}]},{\"@type\":\"ImageObject\",\"inLanguage\":\"de\",\"@id\":\"https:\\\/\\\/www.purejewels.com\\\/product\\\/22ct-gold-ring-for-ladies-size-p-rhodium-finish-46782\\\/#primaryimage\",\"url\":\"https:\\\/\\\/static.purejewels.com\\\/wp-content\\\/uploads\\\/2022\\\/10\\\/46782.jpg\",\"contentUrl\":\"https:\\\/\\\/static.purejewels.com\\\/wp-content\\\/uploads\\\/2022\\\/10\\\/46782.jpg\",\"width\":1000,\"height\":1000,\"caption\":\"22ct Gold Ring\"},{\"@type\":\"BreadcrumbList\",\"@id\":\"https:\\\/\\\/www.purejewels.com\\\/product\\\/22ct-gold-ring-for-ladies-size-p-rhodium-finish-46782\\\/#breadcrumb\",\"itemListElement\":[{\"@type\":\"ListItem\",\"position\":1,\"name\":\"Home\",\"item\":\"https:\\\/\\\/www.purejewels.com\\\/\"},{\"@type\":\"ListItem\",\"position\":2,\"name\":\"Shop\",\"item\":\"https:\\\/\\\/www.purejewels.com\\\/shop\\\/\"},{\"@type\":\"ListItem\",\"position\":3,\"name\":\"22ct Gold Ring for Ladies | Size K 1\\\/2 | Rhodium Finish\"}]},{\"@type\":\"WebSite\",\"@id\":\"https:\\\/\\\/www.purejewels.com\\\/#website\",\"url\":\"https:\\\/\\\/www.purejewels.com\\\/\",\"name\":\"PureJewels UK\",\"description\":\"Share the Love\",\"publisher\":{\"@id\":\"https:\\\/\\\/www.purejewels.com\\\/#organization\"},\"potentialAction\":[{\"@type\":\"SearchAction\",\"target\":{\"@type\":\"EntryPoint\",\"urlTemplate\":\"https:\\\/\\\/www.purejewels.com\\\/?s={search_term_string}\"},\"query-input\":{\"@type\":\"PropertyValueSpecification\",\"valueRequired\":true,\"valueName\":\"search_term_string\"}}],\"inLanguage\":\"de\"},{\"@type\":\"Organization\",\"@id\":\"https:\\\/\\\/www.purejewels.com\\\/#organization\",\"name\":\"PureJewels UK\",\"url\":\"https:\\\/\\\/www.purejewels.com\\\/\",\"logo\":{\"@type\":\"ImageObject\",\"inLanguage\":\"de\",\"@id\":\"https:\\\/\\\/www.purejewels.com\\\/#\\\/schema\\\/logo\\\/image\\\/\",\"url\":\"https:\\\/\\\/static.purejewels.com\\\/wp-content\\\/uploads\\\/2020\\\/11\\\/Logo-PJ-New-1.png\",\"contentUrl\":\"https:\\\/\\\/static.purejewels.com\\\/wp-content\\\/uploads\\\/2020\\\/11\\\/Logo-PJ-New-1.png\",\"width\":150,\"height\":80,\"caption\":\"PureJewels UK\"},\"image\":{\"@id\":\"https:\\\/\\\/www.purejewels.com\\\/#\\\/schema\\\/logo\\\/image\\\/\"}}]}<\/script>\n<!-- \/ Yoast SEO plugin. -->","yoast_head_json":{"title":"22ct Gold Ring f\u00fcr Damen | Gr\u00f6\u00dfe K 1\/2 | Online Shopping UK","robots":{"index":"index","follow":"follow","max-snippet":"max-snippet:-1","max-image-preview":"max-image-preview:large","max-video-preview":"max-video-preview:-1"},"canonical":"https:\/\/www.purejewels.com\/de\/produkt-2\/22ct-gold-ring-fur-damen-grose-p-rhodium-finish-46782\/","og_locale":"de_DE","og_type":"article","og_title":"22ct Gold Ring for Ladies | Size K 1\/2 | Online Shopping UK","og_description":"22ct Gold Ring For Ladies  Wt. 2.1 gms  Ring Size. K 1\/2  SKU:46782  Can be\u00a0made to order\u00a0to your finger size  All our\u00a0products\u00a0are hallmarked by London\u00a0Assay Office  Comes With Presentation\u00a0Box  Delivery Included  All prices include VAT  Contact us to explore similar rings","og_url":"https:\/\/www.purejewels.com\/de\/produkt-2\/22ct-gold-ring-fur-damen-grose-p-rhodium-finish-46782\/","og_site_name":"PureJewels UK","article_modified_time":"2026-01-07T06:08:29+00:00","og_image":[{"width":1000,"height":1000,"url":"https:\/\/www.purejewels.com\/wp-content\/uploads\/2022\/10\/46782.jpg","type":"image\/jpeg"}],"twitter_card":"summary_large_image","twitter_misc":{"Gesch\u00e4tzte Lesezeit":"1\u00a0Minute"},"schema":{"@context":"https:\/\/schema.org","@graph":[{"@type":["WebPage","ItemPage"],"@id":"https:\/\/www.purejewels.com\/product\/22ct-gold-ring-for-ladies-size-p-rhodium-finish-46782\/","url":"https:\/\/www.purejewels.com\/product\/22ct-gold-ring-for-ladies-size-p-rhodium-finish-46782\/","name":"22ct Gold Ring f\u00fcr Damen | Gr\u00f6\u00dfe K 1\/2 | Online Shopping UK","isPartOf":{"@id":"https:\/\/www.purejewels.com\/#website"},"primaryImageOfPage":{"@id":"https:\/\/www.purejewels.com\/product\/22ct-gold-ring-for-ladies-size-p-rhodium-finish-46782\/#primaryimage"},"image":{"@id":"https:\/\/www.purejewels.com\/product\/22ct-gold-ring-for-ladies-size-p-rhodium-finish-46782\/#primaryimage"},"thumbnailUrl":"https:\/\/static.purejewels.com\/wp-content\/uploads\/2022\/10\/46782.jpg","datePublished":"2024-12-01T09:07:22+00:00","dateModified":"2026-01-07T06:08:29+00:00","breadcrumb":{"@id":"https:\/\/www.purejewels.com\/product\/22ct-gold-ring-for-ladies-size-p-rhodium-finish-46782\/#breadcrumb"},"inLanguage":"de","potentialAction":[{"@type":"ReadAction","target":["https:\/\/www.purejewels.com\/product\/22ct-gold-ring-for-ladies-size-p-rhodium-finish-46782\/"]}]},{"@type":"ImageObject","inLanguage":"de","@id":"https:\/\/www.purejewels.com\/product\/22ct-gold-ring-for-ladies-size-p-rhodium-finish-46782\/#primaryimage","url":"https:\/\/static.purejewels.com\/wp-content\/uploads\/2022\/10\/46782.jpg","contentUrl":"https:\/\/static.purejewels.com\/wp-content\/uploads\/2022\/10\/46782.jpg","width":1000,"height":1000,"caption":"22ct Gold Ring"},{"@type":"BreadcrumbList","@id":"https:\/\/www.purejewels.com\/product\/22ct-gold-ring-for-ladies-size-p-rhodium-finish-46782\/#breadcrumb","itemListElement":[{"@type":"ListItem","position":1,"name":"Home","item":"https:\/\/www.purejewels.com\/"},{"@type":"ListItem","position":2,"name":"Shop","item":"https:\/\/www.purejewels.com\/shop\/"},{"@type":"ListItem","position":3,"name":"22ct Gold Ring for Ladies | Size K 1\/2 | Rhodium Finish"}]},{"@type":"WebSite","@id":"https:\/\/www.purejewels.com\/#website","url":"https:\/\/www.purejewels.com\/","name":"PureJewels UK","description":"Teile die Liebe","publisher":{"@id":"https:\/\/www.purejewels.com\/#organization"},"potentialAction":[{"@type":"SearchAction","target":{"@type":"EntryPoint","urlTemplate":"https:\/\/www.purejewels.com\/?s={search_term_string}"},"query-input":{"@type":"PropertyValueSpecification","valueRequired":true,"valueName":"search_term_string"}}],"inLanguage":"de"},{"@type":"Organization","@id":"https:\/\/www.purejewels.com\/#organization","name":"PureJewels UK","url":"https:\/\/www.purejewels.com\/","logo":{"@type":"ImageObject","inLanguage":"de","@id":"https:\/\/www.purejewels.com\/#\/schema\/logo\/image\/","url":"https:\/\/static.purejewels.com\/wp-content\/uploads\/2020\/11\/Logo-PJ-New-1.png","contentUrl":"https:\/\/static.purejewels.com\/wp-content\/uploads\/2020\/11\/Logo-PJ-New-1.png","width":150,"height":80,"caption":"PureJewels UK"},"image":{"@id":"https:\/\/www.purejewels.com\/#\/schema\/logo\/image\/"}}]}},"_links":{"self":[{"href":"https:\/\/www.purejewels.com\/de\/wp-json\/wp\/v2\/product\/339281","targetHints":{"allow":["GET"]}}],"collection":[{"href":"https:\/\/www.purejewels.com\/de\/wp-json\/wp\/v2\/product"}],"about":[{"href":"https:\/\/www.purejewels.com\/de\/wp-json\/wp\/v2\/types\/product"}],"replies":[{"embeddable":true,"href":"https:\/\/www.purejewels.com\/de\/wp-json\/wp\/v2\/comments?post=339281"}],"version-history":[{"count":2,"href":"https:\/\/www.purejewels.com\/de\/wp-json\/wp\/v2\/product\/339281\/revisions"}],"predecessor-version":[{"id":377803,"href":"https:\/\/www.purejewels.com\/de\/wp-json\/wp\/v2\/product\/339281\/revisions\/377803"}],"wp:featuredmedia":[{"embeddable":true,"href":"https:\/\/www.purejewels.com\/de\/wp-json\/wp\/v2\/media\/355187"}],"wp:attachment":[{"href":"https:\/\/www.purejewels.com\/de\/wp-json\/wp\/v2\/media?parent=339281"}],"wp:term":[{"taxonomy":"product_brand","embeddable":true,"href":"https:\/\/www.purejewels.com\/de\/wp-json\/wp\/v2\/product_brand?post=339281"},{"taxonomy":"product_cat","embeddable":true,"href":"https:\/\/www.purejewels.com\/de\/wp-json\/wp\/v2\/product_cat?post=339281"},{"taxonomy":"product_tag","embeddable":true,"href":"https:\/\/www.purejewels.com\/de\/wp-json\/wp\/v2\/product_tag?post=339281"}],"curies":[{"name":"wp","href":"https:\/\/api.w.org\/{rel}","templated":true}]}}