{"id":339335,"date":"2017-10-07T14:55:29","date_gmt":"2017-10-07T13:55:29","guid":{"rendered":"https:\/\/www.purejewels.com\/?post_type=product&#038;p=339335"},"modified":"2026-04-05T23:15:40","modified_gmt":"2026-04-05T22:15:40","slug":"baird-co-gemacht-feines-gold-bar-2-5-gramm-zahlung-link","status":"publish","type":"product","link":"https:\/\/www.purejewels.com\/de\/product\/baird-co-made-fine-gold-bar-2-5-gram-payment-link\/","title":{"rendered":"Baird &amp; Co. Made Fine Gold Barren 2,5 Gramm"},"content":{"rendered":"<p>Entdecken Sie die Sicherheit von Feingold mit unserem 2,5 g schweren 24-Karat-Goldbarren (999,9) \u2013 ein kompaktes St\u00fcck, das sich perfekt als Geschenk oder zum Aufbau Ihres physischen Goldportfolios eignet.<\/p>\n<p>Jede Tafel wird nach den h\u00f6chsten internationalen Standards veredelt und stammt ausschlie\u00dflich aus <strong>Von der LBMA zugelassene Raffinerien, darunter Umicore, Metalor, Heraeus, Valcambi, C. Hafner, PAMP Suisse und Baird &amp; Co.<\/strong> Die gelieferte Marke h\u00e4ngt vom Lagerbestand zum Zeitpunkt des Versands ab, aber jede Tafel ist von erstklassiger Qualit\u00e4t und weltweit anerkannt.<\/p>\n<p>Um die Anforderungen der britischen Steuerbeh\u00f6rde HMRC f\u00fcr Edelmetalle zu erf\u00fcllen, ben\u00f6tigen wir zwei Ausweisdokumente: einen mit Ihrer Adresse und einen g\u00fcltigen Lichtbildausweis, bevor Ihr Barren sicher verpackt und versandt wird.<\/p>","protected":false},"excerpt":{"rendered":"<p>Der 2,5-Gramm-Goldbarren von Baird &amp; Co. wird nach international anerkannten Standards hergestellt. <strong>999.9<\/strong> Standards und tr\u00e4gt die Marke, das Gewicht und die Feinheit von Baird &amp; Co. Die Barren werden in versiegelten, manipulationssicheren Verpackungen geliefert.<\/p>\n<p><strong>Die gelieferte Marke h\u00e4ngt vom Lagerbestand zum Zeitpunkt des Versands ab, aber jede Tafel ist von erstklassiger Qualit\u00e4t und weltweit anerkannt.<\/strong><\/p>\n<p><strong>METALL<\/strong> Reines Feingold 999,9<br \/>\n<strong>LAND<\/strong>\u00a0Vereinigtes K\u00f6nigreich<br \/>\n<strong>GEWICHT<\/strong> 2,5 gm<br \/>\n<strong>DICHTE<\/strong> 0,60 mm<\/p>\n<p>Zur Einhaltung von <strong>HMRC-Vorschriften<\/strong> Beim Kauf von Edelmetallen m\u00fcssen Kunden zwei Ausweisdokumente vorlegen: eines f\u00fcr<strong> Adressennachweis<\/strong> und eine weitere f\u00fcr <strong>Foto-Identifikation<\/strong>. Dar\u00fcber hinaus werden Kunden gebeten, vor dem Versand ein KYC-Formular (Know Your Customer) auszuf\u00fcllen.<\/p>","protected":false},"featured_media":421053,"comment_status":"closed","ping_status":"closed","template":"","meta":{"_eb_attr":"","_crsspst_to_jayantr4sg-hostcom":false},"product_brand":[],"product_cat":[1473,1646],"product_tag":[1836,1837],"class_list":{"0":"post-339335","1":"product","2":"type-product","3":"status-publish","4":"has-post-thumbnail","6":"product_cat-bars-coins","7":"product_cat-gold-bars","8":"product_tag-24ct-gold","9":"product_tag-gold-bars","11":"first","12":"outofstock","13":"sold-individually","14":"product-type-simple","15":"add-to-wishlist-before_image"},"yoast_head":"<!-- This site is optimized with the Yoast SEO plugin v27.3 - https:\/\/yoast.com\/product\/yoast-seo-wordpress\/ -->\n<title>Baird &amp; Co. Made Fine Gold Bar in 2.5 gram at best value<\/title>\n<meta name=\"description\" content=\"Authentic Baird &amp; Co. made fine gold bar in 24ct by PureJewels are considered excellent for investing due to no labour cost involved.\" \/>\n<meta name=\"robots\" content=\"noindex, nofollow\" \/>\n<meta property=\"og:locale\" content=\"de_DE\" \/>\n<meta property=\"og:type\" content=\"article\" \/>\n<meta property=\"og:title\" content=\"Baird &amp; Co. Made Fine Gold Bar in 2.5 gram at best value\" \/>\n<meta property=\"og:description\" content=\"Authentic Baird &amp; Co. made fine gold bar in 24ct by PureJewels are considered excellent for investing due to no labour cost involved.\" \/>\n<meta property=\"og:url\" content=\"https:\/\/www.purejewels.com\/de\/produkt-2\/baird-co-gemacht-feines-gold-bar-2-5-gramm-zahlung-link\/\" \/>\n<meta property=\"og:site_name\" content=\"PureJewels UK\" \/>\n<meta property=\"article:modified_time\" content=\"2026-04-05T22:15:40+00:00\" \/>\n<meta property=\"og:image\" content=\"https:\/\/static.purejewels.com\/wp-content\/uploads\/2017\/10\/2.5gms.jpg\" \/>\n\t<meta property=\"og:image:width\" content=\"1000\" \/>\n\t<meta property=\"og:image:height\" content=\"1000\" \/>\n\t<meta property=\"og:image:type\" content=\"image\/jpeg\" \/>\n<meta name=\"twitter:card\" content=\"summary_large_image\" \/>\n<meta name=\"twitter:label1\" content=\"Gesch\u00e4tzte Lesezeit\" \/>\n\t<meta name=\"twitter:data1\" content=\"1\u00a0Minute\" \/>\n<script type=\"application\/ld+json\" class=\"yoast-schema-graph\">{\"@context\":\"https:\\\/\\\/schema.org\",\"@graph\":[{\"@type\":[\"WebPage\",\"ItemPage\"],\"@id\":\"https:\\\/\\\/www.purejewels.com\\\/product\\\/baird-co-made-fine-gold-bar-2-5-gram-payment-link\\\/\",\"url\":\"https:\\\/\\\/www.purejewels.com\\\/product\\\/baird-co-made-fine-gold-bar-2-5-gram-payment-link\\\/\",\"name\":\"Baird & Co. Made Fine Gold Bar in 2.5 gram at best value\",\"isPartOf\":{\"@id\":\"https:\\\/\\\/www.purejewels.com\\\/#website\"},\"primaryImageOfPage\":{\"@id\":\"https:\\\/\\\/www.purejewels.com\\\/product\\\/baird-co-made-fine-gold-bar-2-5-gram-payment-link\\\/#primaryimage\"},\"image\":{\"@id\":\"https:\\\/\\\/www.purejewels.com\\\/product\\\/baird-co-made-fine-gold-bar-2-5-gram-payment-link\\\/#primaryimage\"},\"thumbnailUrl\":\"https:\\\/\\\/static.purejewels.com\\\/wp-content\\\/uploads\\\/2017\\\/10\\\/2.5gms.jpg\",\"datePublished\":\"2017-10-07T13:55:29+00:00\",\"dateModified\":\"2026-04-05T22:15:40+00:00\",\"description\":\"Authentic Baird & Co. made fine gold bar in 24ct by PureJewels are considered excellent for investing due to no labour cost involved.\",\"breadcrumb\":{\"@id\":\"https:\\\/\\\/www.purejewels.com\\\/product\\\/baird-co-made-fine-gold-bar-2-5-gram-payment-link\\\/#breadcrumb\"},\"inLanguage\":\"de\",\"potentialAction\":[{\"@type\":\"ReadAction\",\"target\":[\"https:\\\/\\\/www.purejewels.com\\\/product\\\/baird-co-made-fine-gold-bar-2-5-gram-payment-link\\\/\"]}]},{\"@type\":\"ImageObject\",\"inLanguage\":\"de\",\"@id\":\"https:\\\/\\\/www.purejewels.com\\\/product\\\/baird-co-made-fine-gold-bar-2-5-gram-payment-link\\\/#primaryimage\",\"url\":\"https:\\\/\\\/static.purejewels.com\\\/wp-content\\\/uploads\\\/2017\\\/10\\\/2.5gms.jpg\",\"contentUrl\":\"https:\\\/\\\/static.purejewels.com\\\/wp-content\\\/uploads\\\/2017\\\/10\\\/2.5gms.jpg\",\"width\":1000,\"height\":1000},{\"@type\":\"BreadcrumbList\",\"@id\":\"https:\\\/\\\/www.purejewels.com\\\/product\\\/baird-co-made-fine-gold-bar-2-5-gram-payment-link\\\/#breadcrumb\",\"itemListElement\":[{\"@type\":\"ListItem\",\"position\":1,\"name\":\"Home\",\"item\":\"https:\\\/\\\/www.purejewels.com\\\/\"},{\"@type\":\"ListItem\",\"position\":2,\"name\":\"Shop\",\"item\":\"https:\\\/\\\/www.purejewels.com\\\/shop\\\/\"},{\"@type\":\"ListItem\",\"position\":3,\"name\":\"Baird &#038; Co. Made Fine Gold Bar 2.5 gram\"}]},{\"@type\":\"WebSite\",\"@id\":\"https:\\\/\\\/www.purejewels.com\\\/#website\",\"url\":\"https:\\\/\\\/www.purejewels.com\\\/\",\"name\":\"PureJewels UK\",\"description\":\"Share the Love\",\"publisher\":{\"@id\":\"https:\\\/\\\/www.purejewels.com\\\/#organization\"},\"potentialAction\":[{\"@type\":\"SearchAction\",\"target\":{\"@type\":\"EntryPoint\",\"urlTemplate\":\"https:\\\/\\\/www.purejewels.com\\\/?s={search_term_string}\"},\"query-input\":{\"@type\":\"PropertyValueSpecification\",\"valueRequired\":true,\"valueName\":\"search_term_string\"}}],\"inLanguage\":\"de\"},{\"@type\":\"Organization\",\"@id\":\"https:\\\/\\\/www.purejewels.com\\\/#organization\",\"name\":\"PureJewels UK\",\"url\":\"https:\\\/\\\/www.purejewels.com\\\/\",\"logo\":{\"@type\":\"ImageObject\",\"inLanguage\":\"de\",\"@id\":\"https:\\\/\\\/www.purejewels.com\\\/#\\\/schema\\\/logo\\\/image\\\/\",\"url\":\"https:\\\/\\\/static.purejewels.com\\\/wp-content\\\/uploads\\\/2020\\\/11\\\/Logo-PJ-New-1.png\",\"contentUrl\":\"https:\\\/\\\/static.purejewels.com\\\/wp-content\\\/uploads\\\/2020\\\/11\\\/Logo-PJ-New-1.png\",\"width\":150,\"height\":80,\"caption\":\"PureJewels UK\"},\"image\":{\"@id\":\"https:\\\/\\\/www.purejewels.com\\\/#\\\/schema\\\/logo\\\/image\\\/\"}}]}<\/script>\n<!-- \/ Yoast SEO plugin. -->","yoast_head_json":{"title":"Baird &amp; Co. Made Fine Gold Bar in 2,5 Gramm zum besten Preis","description":"Authentische, von Baird &amp; Co. hergestellte 24-kar\u00e4tige Feingoldbarren von PureJewels eignen sich hervorragend f\u00fcr Investitionen, da keine Arbeitskosten anfallen.","robots":{"index":"noindex","follow":"nofollow"},"og_locale":"de_DE","og_type":"article","og_title":"Baird & Co. Made Fine Gold Bar in 2.5 gram at best value","og_description":"Authentic Baird & Co. made fine gold bar in 24ct by PureJewels are considered excellent for investing due to no labour cost involved.","og_url":"https:\/\/www.purejewels.com\/de\/produkt-2\/baird-co-gemacht-feines-gold-bar-2-5-gramm-zahlung-link\/","og_site_name":"PureJewels UK","article_modified_time":"2026-04-05T22:15:40+00:00","og_image":[{"width":1000,"height":1000,"url":"https:\/\/static.purejewels.com\/wp-content\/uploads\/2017\/10\/2.5gms.jpg","type":"image\/jpeg"}],"twitter_card":"summary_large_image","twitter_misc":{"Gesch\u00e4tzte Lesezeit":"1\u00a0Minute"},"schema":{"@context":"https:\/\/schema.org","@graph":[{"@type":["WebPage","ItemPage"],"@id":"https:\/\/www.purejewels.com\/product\/baird-co-made-fine-gold-bar-2-5-gram-payment-link\/","url":"https:\/\/www.purejewels.com\/product\/baird-co-made-fine-gold-bar-2-5-gram-payment-link\/","name":"Baird &amp; Co. Made Fine Gold Bar in 2,5 Gramm zum besten Preis","isPartOf":{"@id":"https:\/\/www.purejewels.com\/#website"},"primaryImageOfPage":{"@id":"https:\/\/www.purejewels.com\/product\/baird-co-made-fine-gold-bar-2-5-gram-payment-link\/#primaryimage"},"image":{"@id":"https:\/\/www.purejewels.com\/product\/baird-co-made-fine-gold-bar-2-5-gram-payment-link\/#primaryimage"},"thumbnailUrl":"https:\/\/static.purejewels.com\/wp-content\/uploads\/2017\/10\/2.5gms.jpg","datePublished":"2017-10-07T13:55:29+00:00","dateModified":"2026-04-05T22:15:40+00:00","description":"Authentische, von Baird &amp; Co. hergestellte 24-kar\u00e4tige Feingoldbarren von PureJewels eignen sich hervorragend f\u00fcr Investitionen, da keine Arbeitskosten anfallen.","breadcrumb":{"@id":"https:\/\/www.purejewels.com\/product\/baird-co-made-fine-gold-bar-2-5-gram-payment-link\/#breadcrumb"},"inLanguage":"de","potentialAction":[{"@type":"ReadAction","target":["https:\/\/www.purejewels.com\/product\/baird-co-made-fine-gold-bar-2-5-gram-payment-link\/"]}]},{"@type":"ImageObject","inLanguage":"de","@id":"https:\/\/www.purejewels.com\/product\/baird-co-made-fine-gold-bar-2-5-gram-payment-link\/#primaryimage","url":"https:\/\/static.purejewels.com\/wp-content\/uploads\/2017\/10\/2.5gms.jpg","contentUrl":"https:\/\/static.purejewels.com\/wp-content\/uploads\/2017\/10\/2.5gms.jpg","width":1000,"height":1000},{"@type":"BreadcrumbList","@id":"https:\/\/www.purejewels.com\/product\/baird-co-made-fine-gold-bar-2-5-gram-payment-link\/#breadcrumb","itemListElement":[{"@type":"ListItem","position":1,"name":"Home","item":"https:\/\/www.purejewels.com\/"},{"@type":"ListItem","position":2,"name":"Shop","item":"https:\/\/www.purejewels.com\/shop\/"},{"@type":"ListItem","position":3,"name":"Baird &#038; Co. Made Fine Gold Bar 2.5 gram"}]},{"@type":"WebSite","@id":"https:\/\/www.purejewels.com\/#website","url":"https:\/\/www.purejewels.com\/","name":"PureJewels UK","description":"Teile die Liebe","publisher":{"@id":"https:\/\/www.purejewels.com\/#organization"},"potentialAction":[{"@type":"SearchAction","target":{"@type":"EntryPoint","urlTemplate":"https:\/\/www.purejewels.com\/?s={search_term_string}"},"query-input":{"@type":"PropertyValueSpecification","valueRequired":true,"valueName":"search_term_string"}}],"inLanguage":"de"},{"@type":"Organization","@id":"https:\/\/www.purejewels.com\/#organization","name":"PureJewels UK","url":"https:\/\/www.purejewels.com\/","logo":{"@type":"ImageObject","inLanguage":"de","@id":"https:\/\/www.purejewels.com\/#\/schema\/logo\/image\/","url":"https:\/\/static.purejewels.com\/wp-content\/uploads\/2020\/11\/Logo-PJ-New-1.png","contentUrl":"https:\/\/static.purejewels.com\/wp-content\/uploads\/2020\/11\/Logo-PJ-New-1.png","width":150,"height":80,"caption":"PureJewels UK"},"image":{"@id":"https:\/\/www.purejewels.com\/#\/schema\/logo\/image\/"}}]}},"_links":{"self":[{"href":"https:\/\/www.purejewels.com\/de\/wp-json\/wp\/v2\/product\/339335","targetHints":{"allow":["GET"]}}],"collection":[{"href":"https:\/\/www.purejewels.com\/de\/wp-json\/wp\/v2\/product"}],"about":[{"href":"https:\/\/www.purejewels.com\/de\/wp-json\/wp\/v2\/types\/product"}],"replies":[{"embeddable":true,"href":"https:\/\/www.purejewels.com\/de\/wp-json\/wp\/v2\/comments?post=339335"}],"version-history":[{"count":3,"href":"https:\/\/www.purejewels.com\/de\/wp-json\/wp\/v2\/product\/339335\/revisions"}],"predecessor-version":[{"id":384010,"href":"https:\/\/www.purejewels.com\/de\/wp-json\/wp\/v2\/product\/339335\/revisions\/384010"}],"wp:featuredmedia":[{"embeddable":true,"href":"https:\/\/www.purejewels.com\/de\/wp-json\/wp\/v2\/media\/421053"}],"wp:attachment":[{"href":"https:\/\/www.purejewels.com\/de\/wp-json\/wp\/v2\/media?parent=339335"}],"wp:term":[{"taxonomy":"product_brand","embeddable":true,"href":"https:\/\/www.purejewels.com\/de\/wp-json\/wp\/v2\/product_brand?post=339335"},{"taxonomy":"product_cat","embeddable":true,"href":"https:\/\/www.purejewels.com\/de\/wp-json\/wp\/v2\/product_cat?post=339335"},{"taxonomy":"product_tag","embeddable":true,"href":"https:\/\/www.purejewels.com\/de\/wp-json\/wp\/v2\/product_tag?post=339335"}],"curies":[{"name":"wp","href":"https:\/\/api.w.org\/{rel}","templated":true}]}}