{"id":339457,"date":"2022-10-13T12:51:41","date_gmt":"2022-10-13T11:51:41","guid":{"rendered":"https:\/\/www.purejewels.com\/?post_type=product&#038;p=339457"},"modified":"2026-01-06T07:16:28","modified_gmt":"2026-01-06T07:16:28","slug":"22ct-gelbgold-fuskettchen-fur-damen-10-zoll-42720","status":"publish","type":"product","link":"https:\/\/www.purejewels.com\/de\/product\/22ct-yellow-gold-anklet-for-ladies-10-inches-42720\/","title":{"rendered":"22ct Gelbgold Fu\u00dfkettchen f\u00fcr Damen | 10 Zoll"},"content":{"rendered":"<p>G\u00f6nnen Sie sich die zeitlose Eleganz unserer Fu\u00dfkette aus 22 Karat Gelbgold, die f\u00fcr die moderne Frau entworfen wurde, die klassische Sch\u00f6nheit zu sch\u00e4tzen wei\u00df. Dieses Fu\u00dfkettchen ist perfekt f\u00fcr den Alltag und verleiht jedem Outfit einen Hauch von Raffinesse. Aus hochwertigem 22-kar\u00e4tigem Gelbgold gefertigt und vom London Assay Office gepunzt, ist diese Fu\u00dffessel ein wahres Symbol f\u00fcr Luxus und Stil.<\/p>\n<p>Mit einer L\u00e4nge von 10 Zoll und einem Gewicht von 3 Gramm ist dieses Fu\u00dfkettchen leicht und bequem den ganzen Tag zu tragen. Es wird sch\u00f6n verpackt in einer Pr\u00e4sentationsbox geliefert und ist somit ein ideales Geschenk f\u00fcr einen geliebten Menschen oder eine besondere Freude f\u00fcr Sie selbst.<\/p>\n<p>Lassen Sie sich dieses exquisite Schmuckst\u00fcck nicht entgehen, das Ihren Stil aufwertet und Ihnen das Gef\u00fchl gibt, etwas ganz Besonderes zu sein. Bestellen Sie Ihre 22 Karat Gelbgold Fu\u00dffessel f\u00fcr Damen noch heute online!<\/p>","protected":false},"excerpt":{"rendered":"<table class=\"sh_desc\">\n<tbody>\n<tr>\n<td>Typ des Nasenstifts<\/td>\n<td>22ct Gelbgold Fu\u00dfkettchen<\/td>\n<\/tr>\n<tr>\n<td>SKU<\/td>\n<td>42720<\/td>\n<\/tr>\n<tr>\n<td>Gewicht<\/td>\n<td>3 Gramm<\/td>\n<\/tr>\n<tr>\n<td>L\u00e4nge<\/td>\n<td>10 Zoll<\/td>\n<\/tr>\n<tr>\n<td>Wahrzeichen<\/td>\n<td>22ct Gold gestempelt von London Assay Office<\/td>\n<\/tr>\n<tr>\n<td>Entgelte<\/td>\n<td>Lieferung und Mehrwertsteuer inbegriffen<\/td>\n<\/tr>\n<tr>\n<td>Verpackung<\/td>\n<td>Mit Pr\u00e4sentationsbox<\/td>\n<\/tr>\n<tr>\n<td>Mehr Informationen<\/td>\n<td>Live-Chat mit uns f\u00fcr Verf\u00fcgbarkeit und mehr Bilder<\/td>\n<\/tr>\n<\/tbody>\n<\/table>","protected":false},"featured_media":339458,"comment_status":"closed","ping_status":"closed","template":"","meta":{"_eb_attr":"","_crsspst_to_jayantr4sg-hostcom":false},"product_brand":[],"product_cat":[1760,1559,1793,1792,5344,5338,1574],"product_tag":[],"class_list":{"0":"post-339457","1":"product","2":"type-product","3":"status-publish","4":"has-post-thumbnail","6":"product_cat-gold-anklets","7":"product_cat-birthday-gifts","8":"product_cat-diwali-gifts","9":"product_cat-festival-gifts","10":"product_cat-jewellery-under-750","11":"product_cat-shop-by-price","12":"product_cat-womens-jewellery","14":"first","15":"outofstock","16":"taxable","17":"shipping-taxable","18":"product-type-simple","19":"add-to-wishlist-before_image"},"yoast_head":"<!-- This site is optimized with the Yoast SEO plugin v27.3 - https:\/\/yoast.com\/product\/yoast-seo-wordpress\/ -->\n<title>22ct Yellow Gold Anklet for Everyday Wear | Online UK<\/title>\n<meta name=\"description\" content=\"This 22ct Yellow Gold Anklet is the perfect accessory for everyday wear. Crafted from solid yellow gold, the anklet is classic and timeless.\" \/>\n<meta name=\"robots\" content=\"index, follow, max-snippet:-1, max-image-preview:large, max-video-preview:-1\" \/>\n<link rel=\"canonical\" href=\"https:\/\/www.purejewels.com\/de\/produkt-2\/22ct-gelbgold-fuskettchen-fur-damen-10-zoll-42720\/\" \/>\n<meta property=\"og:locale\" content=\"de_DE\" \/>\n<meta property=\"og:type\" content=\"article\" \/>\n<meta property=\"og:title\" content=\"22ct Yellow Gold Anklet for Everyday Wear | Online UK\" \/>\n<meta property=\"og:description\" content=\"This 22ct Yellow Gold Anklet is the perfect accessory for everyday wear. Crafted from solid yellow gold, the anklet is classic and timeless.\" \/>\n<meta property=\"og:url\" content=\"https:\/\/www.purejewels.com\/de\/produkt-2\/22ct-gelbgold-fuskettchen-fur-damen-10-zoll-42720\/\" \/>\n<meta property=\"og:site_name\" content=\"PureJewels UK\" \/>\n<meta property=\"article:modified_time\" content=\"2026-01-06T07:16:28+00:00\" \/>\n<meta property=\"og:image\" content=\"https:\/\/www.purejewels.com\/wp-content\/uploads\/2022\/10\/42720-1.jpg\" \/>\n\t<meta property=\"og:image:width\" content=\"1000\" \/>\n\t<meta property=\"og:image:height\" content=\"1000\" \/>\n\t<meta property=\"og:image:type\" content=\"image\/jpeg\" \/>\n<meta name=\"twitter:card\" content=\"summary_large_image\" \/>\n<meta name=\"twitter:label1\" content=\"Gesch\u00e4tzte Lesezeit\" \/>\n\t<meta name=\"twitter:data1\" content=\"1\u00a0Minute\" \/>\n<script type=\"application\/ld+json\" class=\"yoast-schema-graph\">{\"@context\":\"https:\\\/\\\/schema.org\",\"@graph\":[{\"@type\":[\"WebPage\",\"ItemPage\"],\"@id\":\"https:\\\/\\\/www.purejewels.com\\\/product\\\/22ct-yellow-gold-anklet-for-ladies-10-inches-42720\\\/\",\"url\":\"https:\\\/\\\/www.purejewels.com\\\/product\\\/22ct-yellow-gold-anklet-for-ladies-10-inches-42720\\\/\",\"name\":\"22ct Yellow Gold Anklet for Everyday Wear | Online UK\",\"isPartOf\":{\"@id\":\"https:\\\/\\\/www.purejewels.com\\\/#website\"},\"primaryImageOfPage\":{\"@id\":\"https:\\\/\\\/www.purejewels.com\\\/product\\\/22ct-yellow-gold-anklet-for-ladies-10-inches-42720\\\/#primaryimage\"},\"image\":{\"@id\":\"https:\\\/\\\/www.purejewels.com\\\/product\\\/22ct-yellow-gold-anklet-for-ladies-10-inches-42720\\\/#primaryimage\"},\"thumbnailUrl\":\"https:\\\/\\\/static.purejewels.com\\\/wp-content\\\/uploads\\\/2022\\\/10\\\/42720-1.jpg\",\"datePublished\":\"2022-10-13T11:51:41+00:00\",\"dateModified\":\"2026-01-06T07:16:28+00:00\",\"description\":\"This 22ct Yellow Gold Anklet is the perfect accessory for everyday wear. Crafted from solid yellow gold, the anklet is classic and timeless.\",\"breadcrumb\":{\"@id\":\"https:\\\/\\\/www.purejewels.com\\\/product\\\/22ct-yellow-gold-anklet-for-ladies-10-inches-42720\\\/#breadcrumb\"},\"inLanguage\":\"de\",\"potentialAction\":[{\"@type\":\"ReadAction\",\"target\":[\"https:\\\/\\\/www.purejewels.com\\\/product\\\/22ct-yellow-gold-anklet-for-ladies-10-inches-42720\\\/\"]}]},{\"@type\":\"ImageObject\",\"inLanguage\":\"de\",\"@id\":\"https:\\\/\\\/www.purejewels.com\\\/product\\\/22ct-yellow-gold-anklet-for-ladies-10-inches-42720\\\/#primaryimage\",\"url\":\"https:\\\/\\\/static.purejewels.com\\\/wp-content\\\/uploads\\\/2022\\\/10\\\/42720-1.jpg\",\"contentUrl\":\"https:\\\/\\\/static.purejewels.com\\\/wp-content\\\/uploads\\\/2022\\\/10\\\/42720-1.jpg\",\"width\":1000,\"height\":1000,\"caption\":\"22ct Yellow Gold Anklet For Ladies | 10 Inches\"},{\"@type\":\"BreadcrumbList\",\"@id\":\"https:\\\/\\\/www.purejewels.com\\\/product\\\/22ct-yellow-gold-anklet-for-ladies-10-inches-42720\\\/#breadcrumb\",\"itemListElement\":[{\"@type\":\"ListItem\",\"position\":1,\"name\":\"Home\",\"item\":\"https:\\\/\\\/www.purejewels.com\\\/\"},{\"@type\":\"ListItem\",\"position\":2,\"name\":\"Shop\",\"item\":\"https:\\\/\\\/www.purejewels.com\\\/shop\\\/\"},{\"@type\":\"ListItem\",\"position\":3,\"name\":\"22ct Yellow Gold Anklet For Ladies | 10 Inches\"}]},{\"@type\":\"WebSite\",\"@id\":\"https:\\\/\\\/www.purejewels.com\\\/#website\",\"url\":\"https:\\\/\\\/www.purejewels.com\\\/\",\"name\":\"PureJewels UK\",\"description\":\"Share the Love\",\"publisher\":{\"@id\":\"https:\\\/\\\/www.purejewels.com\\\/#organization\"},\"potentialAction\":[{\"@type\":\"SearchAction\",\"target\":{\"@type\":\"EntryPoint\",\"urlTemplate\":\"https:\\\/\\\/www.purejewels.com\\\/?s={search_term_string}\"},\"query-input\":{\"@type\":\"PropertyValueSpecification\",\"valueRequired\":true,\"valueName\":\"search_term_string\"}}],\"inLanguage\":\"de\"},{\"@type\":\"Organization\",\"@id\":\"https:\\\/\\\/www.purejewels.com\\\/#organization\",\"name\":\"PureJewels UK\",\"url\":\"https:\\\/\\\/www.purejewels.com\\\/\",\"logo\":{\"@type\":\"ImageObject\",\"inLanguage\":\"de\",\"@id\":\"https:\\\/\\\/www.purejewels.com\\\/#\\\/schema\\\/logo\\\/image\\\/\",\"url\":\"https:\\\/\\\/static.purejewels.com\\\/wp-content\\\/uploads\\\/2020\\\/11\\\/Logo-PJ-New-1.png\",\"contentUrl\":\"https:\\\/\\\/static.purejewels.com\\\/wp-content\\\/uploads\\\/2020\\\/11\\\/Logo-PJ-New-1.png\",\"width\":150,\"height\":80,\"caption\":\"PureJewels UK\"},\"image\":{\"@id\":\"https:\\\/\\\/www.purejewels.com\\\/#\\\/schema\\\/logo\\\/image\\\/\"}}]}<\/script>\n<!-- \/ Yoast SEO plugin. -->","yoast_head_json":{"title":"22ct Gelbgold Fu\u00dfkettchen f\u00fcr jeden Tag tragen | Online UK","description":"Dieses Fu\u00dfkettchen aus 22 Karat Gelbgold ist das perfekte Accessoire f\u00fcr den Alltag. Gefertigt aus massivem Gelbgold, ist die Fu\u00dfkette klassisch und zeitlos.","robots":{"index":"index","follow":"follow","max-snippet":"max-snippet:-1","max-image-preview":"max-image-preview:large","max-video-preview":"max-video-preview:-1"},"canonical":"https:\/\/www.purejewels.com\/de\/produkt-2\/22ct-gelbgold-fuskettchen-fur-damen-10-zoll-42720\/","og_locale":"de_DE","og_type":"article","og_title":"22ct Yellow Gold Anklet for Everyday Wear | Online UK","og_description":"This 22ct Yellow Gold Anklet is the perfect accessory for everyday wear. Crafted from solid yellow gold, the anklet is classic and timeless.","og_url":"https:\/\/www.purejewels.com\/de\/produkt-2\/22ct-gelbgold-fuskettchen-fur-damen-10-zoll-42720\/","og_site_name":"PureJewels UK","article_modified_time":"2026-01-06T07:16:28+00:00","og_image":[{"width":1000,"height":1000,"url":"https:\/\/www.purejewels.com\/wp-content\/uploads\/2022\/10\/42720-1.jpg","type":"image\/jpeg"}],"twitter_card":"summary_large_image","twitter_misc":{"Gesch\u00e4tzte Lesezeit":"1\u00a0Minute"},"schema":{"@context":"https:\/\/schema.org","@graph":[{"@type":["WebPage","ItemPage"],"@id":"https:\/\/www.purejewels.com\/product\/22ct-yellow-gold-anklet-for-ladies-10-inches-42720\/","url":"https:\/\/www.purejewels.com\/product\/22ct-yellow-gold-anklet-for-ladies-10-inches-42720\/","name":"22ct Gelbgold Fu\u00dfkettchen f\u00fcr jeden Tag tragen | Online UK","isPartOf":{"@id":"https:\/\/www.purejewels.com\/#website"},"primaryImageOfPage":{"@id":"https:\/\/www.purejewels.com\/product\/22ct-yellow-gold-anklet-for-ladies-10-inches-42720\/#primaryimage"},"image":{"@id":"https:\/\/www.purejewels.com\/product\/22ct-yellow-gold-anklet-for-ladies-10-inches-42720\/#primaryimage"},"thumbnailUrl":"https:\/\/static.purejewels.com\/wp-content\/uploads\/2022\/10\/42720-1.jpg","datePublished":"2022-10-13T11:51:41+00:00","dateModified":"2026-01-06T07:16:28+00:00","description":"Dieses Fu\u00dfkettchen aus 22 Karat Gelbgold ist das perfekte Accessoire f\u00fcr den Alltag. Gefertigt aus massivem Gelbgold, ist die Fu\u00dfkette klassisch und zeitlos.","breadcrumb":{"@id":"https:\/\/www.purejewels.com\/product\/22ct-yellow-gold-anklet-for-ladies-10-inches-42720\/#breadcrumb"},"inLanguage":"de","potentialAction":[{"@type":"ReadAction","target":["https:\/\/www.purejewels.com\/product\/22ct-yellow-gold-anklet-for-ladies-10-inches-42720\/"]}]},{"@type":"ImageObject","inLanguage":"de","@id":"https:\/\/www.purejewels.com\/product\/22ct-yellow-gold-anklet-for-ladies-10-inches-42720\/#primaryimage","url":"https:\/\/static.purejewels.com\/wp-content\/uploads\/2022\/10\/42720-1.jpg","contentUrl":"https:\/\/static.purejewels.com\/wp-content\/uploads\/2022\/10\/42720-1.jpg","width":1000,"height":1000,"caption":"22ct Yellow Gold Anklet For Ladies | 10 Inches"},{"@type":"BreadcrumbList","@id":"https:\/\/www.purejewels.com\/product\/22ct-yellow-gold-anklet-for-ladies-10-inches-42720\/#breadcrumb","itemListElement":[{"@type":"ListItem","position":1,"name":"Home","item":"https:\/\/www.purejewels.com\/"},{"@type":"ListItem","position":2,"name":"Shop","item":"https:\/\/www.purejewels.com\/shop\/"},{"@type":"ListItem","position":3,"name":"22ct Yellow Gold Anklet For Ladies | 10 Inches"}]},{"@type":"WebSite","@id":"https:\/\/www.purejewels.com\/#website","url":"https:\/\/www.purejewels.com\/","name":"PureJewels UK","description":"Teile die Liebe","publisher":{"@id":"https:\/\/www.purejewels.com\/#organization"},"potentialAction":[{"@type":"SearchAction","target":{"@type":"EntryPoint","urlTemplate":"https:\/\/www.purejewels.com\/?s={search_term_string}"},"query-input":{"@type":"PropertyValueSpecification","valueRequired":true,"valueName":"search_term_string"}}],"inLanguage":"de"},{"@type":"Organization","@id":"https:\/\/www.purejewels.com\/#organization","name":"PureJewels UK","url":"https:\/\/www.purejewels.com\/","logo":{"@type":"ImageObject","inLanguage":"de","@id":"https:\/\/www.purejewels.com\/#\/schema\/logo\/image\/","url":"https:\/\/static.purejewels.com\/wp-content\/uploads\/2020\/11\/Logo-PJ-New-1.png","contentUrl":"https:\/\/static.purejewels.com\/wp-content\/uploads\/2020\/11\/Logo-PJ-New-1.png","width":150,"height":80,"caption":"PureJewels UK"},"image":{"@id":"https:\/\/www.purejewels.com\/#\/schema\/logo\/image\/"}}]}},"_links":{"self":[{"href":"https:\/\/www.purejewels.com\/de\/wp-json\/wp\/v2\/product\/339457","targetHints":{"allow":["GET"]}}],"collection":[{"href":"https:\/\/www.purejewels.com\/de\/wp-json\/wp\/v2\/product"}],"about":[{"href":"https:\/\/www.purejewels.com\/de\/wp-json\/wp\/v2\/types\/product"}],"replies":[{"embeddable":true,"href":"https:\/\/www.purejewels.com\/de\/wp-json\/wp\/v2\/comments?post=339457"}],"version-history":[{"count":1,"href":"https:\/\/www.purejewels.com\/de\/wp-json\/wp\/v2\/product\/339457\/revisions"}],"predecessor-version":[{"id":420612,"href":"https:\/\/www.purejewels.com\/de\/wp-json\/wp\/v2\/product\/339457\/revisions\/420612"}],"wp:featuredmedia":[{"embeddable":true,"href":"https:\/\/www.purejewels.com\/de\/wp-json\/wp\/v2\/media\/339458"}],"wp:attachment":[{"href":"https:\/\/www.purejewels.com\/de\/wp-json\/wp\/v2\/media?parent=339457"}],"wp:term":[{"taxonomy":"product_brand","embeddable":true,"href":"https:\/\/www.purejewels.com\/de\/wp-json\/wp\/v2\/product_brand?post=339457"},{"taxonomy":"product_cat","embeddable":true,"href":"https:\/\/www.purejewels.com\/de\/wp-json\/wp\/v2\/product_cat?post=339457"},{"taxonomy":"product_tag","embeddable":true,"href":"https:\/\/www.purejewels.com\/de\/wp-json\/wp\/v2\/product_tag?post=339457"}],"curies":[{"name":"wp","href":"https:\/\/api.w.org\/{rel}","templated":true}]}}