{"id":339487,"date":"2022-10-14T06:59:43","date_gmt":"2022-10-14T05:59:43","guid":{"rendered":"https:\/\/www.purejewels.com\/?post_type=product&#038;p=339487"},"modified":"2025-01-11T17:33:51","modified_gmt":"2025-01-11T17:33:51","slug":"nasenstecker-mit-zirkoniasteinen-aus-gelbgold-43243","status":"publish","type":"product","link":"https:\/\/www.purejewels.com\/de\/product\/cz-stone-nose-stud-in-yellow-gold-43243\/","title":{"rendered":"18ct Gelbgold | CZ Stein Nose Stud | 3.5mm dick"},"content":{"rendered":"<p class=\"Default\" style=\"margin-top: 0cm; line-height: normal;\"><span style=\"color: #0e101a;\">Der minimalistische Stil inspiriert unseren kleinen goldenen Nasenstecker. Dieser indische Nasenstecker aus Gold ist perfekt f\u00fcr Geschenkartikel. Der Ton des 18-kar\u00e4tigen Goldes passt zu jedem. Diese <a href=\"https:\/\/www.purejewels.com\/de\/product-category\/22ct-gold-jewellery\/nose-jewellery\/gold-nose-studs\/\">goldene Nasenkn\u00f6pfe<\/a> sind ideal f\u00fcr das t\u00e4gliche Tragen. Es ist mit einem sch\u00f6nen CZ-Stein verziert.<\/span><\/p>\n<p class=\"Default\" style=\"margin-top: 0cm; line-height: normal;\"><span style=\"color: #0e101a;\"> Unser Gold <a href=\"https:\/\/www.purejewels.com\/de\/product-category\/22ct-gold-jewellery\/nose-jewellery\/gold-nose-pins\/\">Nasenstifte<\/a> kann leicht gereinigt und aufbewahrt werden. Die sechs goldenen Zacken, die den goldenen Nasenstecker zusammenhalten, stellen die Bl\u00fctenbl\u00e4tter einer Blume dar. Wenn Sie sich weitere Designs f\u00fcr Nasenstecker aus Gold ansehen m\u00f6chten, k\u00f6nnen Sie sich jederzeit an uns wenden.\u00a0<\/span><\/p>\n<p>Mehr Nose Pins erforschen<\/p>","protected":false},"excerpt":{"rendered":"<p>&nbsp;<\/p>\n<table class=\"sh_desc\">\n<tbody>\n<tr>\n<td>Typ des Nasenstifts<\/td>\n<td>Einzelner CZ Stein Nasenstecker<\/td>\n<\/tr>\n<tr>\n<td>SKU<\/td>\n<td>43243<\/td>\n<\/tr>\n<tr>\n<td>Gewicht<\/td>\n<td>0,2 Gramm<\/td>\n<\/tr>\n<tr>\n<td>Metall<\/td>\n<td>18ct Gold<\/td>\n<\/tr>\n<tr>\n<td>Dimension<\/td>\n<td>\n<ul>\n<li>L\u00e4nge des Stiels: 6 mm (ca.)<\/li>\n<li>Durchmesser der Fassung: 3,5 mm (ca.)<\/li>\n<li>Schaftdicke: 0,6 mm (ca.)<\/li>\n<li>Rohrdicke: 0,9 mm (ca.)<\/li>\n<\/ul>\n<\/td>\n<\/tr>\n<tr>\n<td>Entgelte<\/td>\n<td>Lieferung und Mehrwertsteuer inbegriffen<\/td>\n<\/tr>\n<tr>\n<td>Verpackung<\/td>\n<td>Mit Pr\u00e4sentationsbox<\/td>\n<\/tr>\n<tr>\n<td>Mehr Informationen<\/td>\n<td>Live-Chat mit uns f\u00fcr Verf\u00fcgbarkeit und mehr Bilder<\/td>\n<\/tr>\n<\/tbody>\n<\/table>\n<p>&nbsp;<\/p>","protected":false},"featured_media":345433,"comment_status":"closed","ping_status":"closed","template":"","meta":{"_eb_attr":"","_crsspst_to_jayantr4sg-hostcom":false},"product_brand":[],"product_cat":[5679,1711,5342,1463,5305,1574,5306],"product_tag":[],"class_list":{"0":"post-339487","1":"product","2":"type-product","3":"status-publish","4":"has-post-thumbnail","6":"product_cat-18ct-gold-jewellery","7":"product_cat-gold-nose-studs","8":"product_cat-jewellery-under-250","9":"product_cat-gold-nose-pins","10":"product_cat-nose-studs","11":"product_cat-womens-jewellery","12":"product_cat-yellow-gold-nose-studs","14":"first","15":"outofstock","16":"taxable","17":"shipping-taxable","18":"product-type-simple","19":"add-to-wishlist-before_image"},"yoast_head":"<!-- This site is optimized with the Yoast SEO plugin v27.6 - https:\/\/yoast.com\/product\/yoast-seo-wordpress\/ -->\n<title>Shop CZ Nose Pin in 18ct Gold, Free UK Delivery<\/title>\n<meta name=\"description\" content=\"This wire nose pin with CZ stone is very easy to wear and suitable for everyday use. Visit PureJewels online to view our nose pins and nose rings.\" \/>\n<meta name=\"robots\" content=\"index, follow, max-snippet:-1, max-image-preview:large, max-video-preview:-1\" \/>\n<link rel=\"canonical\" href=\"https:\/\/www.purejewels.com\/de\/produkt-2\/nasenstecker-mit-zirkoniasteinen-aus-gelbgold-43243\/\" \/>\n<meta property=\"og:locale\" content=\"de_DE\" \/>\n<meta property=\"og:type\" content=\"article\" \/>\n<meta property=\"og:title\" content=\"Shop CZ Nose Pin in 18ct Gold, Free UK Delivery\" \/>\n<meta property=\"og:description\" content=\"This wire nose pin with CZ stone is very easy to wear and suitable for everyday use. Visit PureJewels online to view our nose pins and nose rings.\" \/>\n<meta property=\"og:url\" content=\"https:\/\/www.purejewels.com\/de\/produkt-2\/nasenstecker-mit-zirkoniasteinen-aus-gelbgold-43243\/\" \/>\n<meta property=\"og:site_name\" content=\"PureJewels UK\" \/>\n<meta property=\"article:modified_time\" content=\"2025-01-11T17:33:51+00:00\" \/>\n<meta property=\"og:image\" content=\"https:\/\/www.purejewels.com\/wp-content\/uploads\/2022\/10\/43243.jpg\" \/>\n\t<meta property=\"og:image:width\" content=\"1000\" \/>\n\t<meta property=\"og:image:height\" content=\"1000\" \/>\n\t<meta property=\"og:image:type\" content=\"image\/jpeg\" \/>\n<meta name=\"twitter:card\" content=\"summary_large_image\" \/>\n<meta name=\"twitter:label1\" content=\"Gesch\u00e4tzte Lesezeit\" \/>\n\t<meta name=\"twitter:data1\" content=\"1\u00a0Minute\" \/>\n<script type=\"application\/ld+json\" class=\"yoast-schema-graph\">{\"@context\":\"https:\\\/\\\/schema.org\",\"@graph\":[{\"@type\":[\"WebPage\",\"ItemPage\"],\"@id\":\"https:\\\/\\\/www.purejewels.com\\\/product\\\/cz-stone-nose-stud-in-yellow-gold-43243\\\/\",\"url\":\"https:\\\/\\\/www.purejewels.com\\\/product\\\/cz-stone-nose-stud-in-yellow-gold-43243\\\/\",\"name\":\"Shop CZ Nose Pin in 18ct Gold, Free UK Delivery\",\"isPartOf\":{\"@id\":\"https:\\\/\\\/www.purejewels.com\\\/#website\"},\"primaryImageOfPage\":{\"@id\":\"https:\\\/\\\/www.purejewels.com\\\/product\\\/cz-stone-nose-stud-in-yellow-gold-43243\\\/#primaryimage\"},\"image\":{\"@id\":\"https:\\\/\\\/www.purejewels.com\\\/product\\\/cz-stone-nose-stud-in-yellow-gold-43243\\\/#primaryimage\"},\"thumbnailUrl\":\"https:\\\/\\\/static.purejewels.com\\\/wp-content\\\/uploads\\\/2022\\\/10\\\/43243.jpg\",\"datePublished\":\"2022-10-14T05:59:43+00:00\",\"dateModified\":\"2025-01-11T17:33:51+00:00\",\"description\":\"This wire nose pin with CZ stone is very easy to wear and suitable for everyday use. Visit PureJewels online to view our nose pins and nose rings.\",\"breadcrumb\":{\"@id\":\"https:\\\/\\\/www.purejewels.com\\\/product\\\/cz-stone-nose-stud-in-yellow-gold-43243\\\/#breadcrumb\"},\"inLanguage\":\"de\",\"potentialAction\":[{\"@type\":\"ReadAction\",\"target\":[\"https:\\\/\\\/www.purejewels.com\\\/product\\\/cz-stone-nose-stud-in-yellow-gold-43243\\\/\"]}]},{\"@type\":\"ImageObject\",\"inLanguage\":\"de\",\"@id\":\"https:\\\/\\\/www.purejewels.com\\\/product\\\/cz-stone-nose-stud-in-yellow-gold-43243\\\/#primaryimage\",\"url\":\"https:\\\/\\\/static.purejewels.com\\\/wp-content\\\/uploads\\\/2022\\\/10\\\/43243.jpg\",\"contentUrl\":\"https:\\\/\\\/static.purejewels.com\\\/wp-content\\\/uploads\\\/2022\\\/10\\\/43243.jpg\",\"width\":1000,\"height\":1000,\"caption\":\"18ct Yellow Gold | CZ Stone Nose Stud | 3.5mm Thick\"},{\"@type\":\"BreadcrumbList\",\"@id\":\"https:\\\/\\\/www.purejewels.com\\\/product\\\/cz-stone-nose-stud-in-yellow-gold-43243\\\/#breadcrumb\",\"itemListElement\":[{\"@type\":\"ListItem\",\"position\":1,\"name\":\"Home\",\"item\":\"https:\\\/\\\/www.purejewels.com\\\/\"},{\"@type\":\"ListItem\",\"position\":2,\"name\":\"Shop\",\"item\":\"https:\\\/\\\/www.purejewels.com\\\/shop\\\/\"},{\"@type\":\"ListItem\",\"position\":3,\"name\":\"18ct Yellow Gold | CZ Stone Nose Stud | 3.5mm Thick\"}]},{\"@type\":\"WebSite\",\"@id\":\"https:\\\/\\\/www.purejewels.com\\\/#website\",\"url\":\"https:\\\/\\\/www.purejewels.com\\\/\",\"name\":\"PureJewels UK\",\"description\":\"Share the Love\",\"publisher\":{\"@id\":\"https:\\\/\\\/www.purejewels.com\\\/#organization\"},\"potentialAction\":[{\"@type\":\"SearchAction\",\"target\":{\"@type\":\"EntryPoint\",\"urlTemplate\":\"https:\\\/\\\/www.purejewels.com\\\/?s={search_term_string}\"},\"query-input\":{\"@type\":\"PropertyValueSpecification\",\"valueRequired\":true,\"valueName\":\"search_term_string\"}}],\"inLanguage\":\"de\"},{\"@type\":\"Organization\",\"@id\":\"https:\\\/\\\/www.purejewels.com\\\/#organization\",\"name\":\"PureJewels UK\",\"url\":\"https:\\\/\\\/www.purejewels.com\\\/\",\"logo\":{\"@type\":\"ImageObject\",\"inLanguage\":\"de\",\"@id\":\"https:\\\/\\\/www.purejewels.com\\\/#\\\/schema\\\/logo\\\/image\\\/\",\"url\":\"https:\\\/\\\/static.purejewels.com\\\/wp-content\\\/uploads\\\/2020\\\/11\\\/Logo-PJ-New-1.png\",\"contentUrl\":\"https:\\\/\\\/static.purejewels.com\\\/wp-content\\\/uploads\\\/2020\\\/11\\\/Logo-PJ-New-1.png\",\"width\":150,\"height\":80,\"caption\":\"PureJewels UK\"},\"image\":{\"@id\":\"https:\\\/\\\/www.purejewels.com\\\/#\\\/schema\\\/logo\\\/image\\\/\"}}]}<\/script>\n<!-- \/ Yoast SEO plugin. -->","yoast_head_json":{"title":"Shop CZ Nose Pin in 18ct Gold, Lieferung frei Haus","description":"Dieser Draht Nasenstecker mit CZ Stein ist sehr einfach zu tragen und geeignet f\u00fcr den t\u00e4glichen Gebrauch. Besuchen Sie PureJewels online, um unsere Nasenstecker und Nasenringe zu sehen.","robots":{"index":"index","follow":"follow","max-snippet":"max-snippet:-1","max-image-preview":"max-image-preview:large","max-video-preview":"max-video-preview:-1"},"canonical":"https:\/\/www.purejewels.com\/de\/produkt-2\/nasenstecker-mit-zirkoniasteinen-aus-gelbgold-43243\/","og_locale":"de_DE","og_type":"article","og_title":"Shop CZ Nose Pin in 18ct Gold, Free UK Delivery","og_description":"This wire nose pin with CZ stone is very easy to wear and suitable for everyday use. Visit PureJewels online to view our nose pins and nose rings.","og_url":"https:\/\/www.purejewels.com\/de\/produkt-2\/nasenstecker-mit-zirkoniasteinen-aus-gelbgold-43243\/","og_site_name":"PureJewels UK","article_modified_time":"2025-01-11T17:33:51+00:00","og_image":[{"width":1000,"height":1000,"url":"https:\/\/www.purejewels.com\/wp-content\/uploads\/2022\/10\/43243.jpg","type":"image\/jpeg"}],"twitter_card":"summary_large_image","twitter_misc":{"Gesch\u00e4tzte Lesezeit":"1\u00a0Minute"},"schema":{"@context":"https:\/\/schema.org","@graph":[{"@type":["WebPage","ItemPage"],"@id":"https:\/\/www.purejewels.com\/product\/cz-stone-nose-stud-in-yellow-gold-43243\/","url":"https:\/\/www.purejewels.com\/product\/cz-stone-nose-stud-in-yellow-gold-43243\/","name":"Shop CZ Nose Pin in 18ct Gold, Lieferung frei Haus","isPartOf":{"@id":"https:\/\/www.purejewels.com\/#website"},"primaryImageOfPage":{"@id":"https:\/\/www.purejewels.com\/product\/cz-stone-nose-stud-in-yellow-gold-43243\/#primaryimage"},"image":{"@id":"https:\/\/www.purejewels.com\/product\/cz-stone-nose-stud-in-yellow-gold-43243\/#primaryimage"},"thumbnailUrl":"https:\/\/static.purejewels.com\/wp-content\/uploads\/2022\/10\/43243.jpg","datePublished":"2022-10-14T05:59:43+00:00","dateModified":"2025-01-11T17:33:51+00:00","description":"Dieser Draht Nasenstecker mit CZ Stein ist sehr einfach zu tragen und geeignet f\u00fcr den t\u00e4glichen Gebrauch. Besuchen Sie PureJewels online, um unsere Nasenstecker und Nasenringe zu sehen.","breadcrumb":{"@id":"https:\/\/www.purejewels.com\/product\/cz-stone-nose-stud-in-yellow-gold-43243\/#breadcrumb"},"inLanguage":"de","potentialAction":[{"@type":"ReadAction","target":["https:\/\/www.purejewels.com\/product\/cz-stone-nose-stud-in-yellow-gold-43243\/"]}]},{"@type":"ImageObject","inLanguage":"de","@id":"https:\/\/www.purejewels.com\/product\/cz-stone-nose-stud-in-yellow-gold-43243\/#primaryimage","url":"https:\/\/static.purejewels.com\/wp-content\/uploads\/2022\/10\/43243.jpg","contentUrl":"https:\/\/static.purejewels.com\/wp-content\/uploads\/2022\/10\/43243.jpg","width":1000,"height":1000,"caption":"18ct Yellow Gold | CZ Stone Nose Stud | 3.5mm Thick"},{"@type":"BreadcrumbList","@id":"https:\/\/www.purejewels.com\/product\/cz-stone-nose-stud-in-yellow-gold-43243\/#breadcrumb","itemListElement":[{"@type":"ListItem","position":1,"name":"Home","item":"https:\/\/www.purejewels.com\/"},{"@type":"ListItem","position":2,"name":"Shop","item":"https:\/\/www.purejewels.com\/shop\/"},{"@type":"ListItem","position":3,"name":"18ct Yellow Gold | CZ Stone Nose Stud | 3.5mm Thick"}]},{"@type":"WebSite","@id":"https:\/\/www.purejewels.com\/#website","url":"https:\/\/www.purejewels.com\/","name":"PureJewels UK","description":"Teile die Liebe","publisher":{"@id":"https:\/\/www.purejewels.com\/#organization"},"potentialAction":[{"@type":"SearchAction","target":{"@type":"EntryPoint","urlTemplate":"https:\/\/www.purejewels.com\/?s={search_term_string}"},"query-input":{"@type":"PropertyValueSpecification","valueRequired":true,"valueName":"search_term_string"}}],"inLanguage":"de"},{"@type":"Organization","@id":"https:\/\/www.purejewels.com\/#organization","name":"PureJewels UK","url":"https:\/\/www.purejewels.com\/","logo":{"@type":"ImageObject","inLanguage":"de","@id":"https:\/\/www.purejewels.com\/#\/schema\/logo\/image\/","url":"https:\/\/static.purejewels.com\/wp-content\/uploads\/2020\/11\/Logo-PJ-New-1.png","contentUrl":"https:\/\/static.purejewels.com\/wp-content\/uploads\/2020\/11\/Logo-PJ-New-1.png","width":150,"height":80,"caption":"PureJewels UK"},"image":{"@id":"https:\/\/www.purejewels.com\/#\/schema\/logo\/image\/"}}]}},"_links":{"self":[{"href":"https:\/\/www.purejewels.com\/de\/wp-json\/wp\/v2\/product\/339487","targetHints":{"allow":["GET"]}}],"collection":[{"href":"https:\/\/www.purejewels.com\/de\/wp-json\/wp\/v2\/product"}],"about":[{"href":"https:\/\/www.purejewels.com\/de\/wp-json\/wp\/v2\/types\/product"}],"replies":[{"embeddable":true,"href":"https:\/\/www.purejewels.com\/de\/wp-json\/wp\/v2\/comments?post=339487"}],"version-history":[{"count":2,"href":"https:\/\/www.purejewels.com\/de\/wp-json\/wp\/v2\/product\/339487\/revisions"}],"predecessor-version":[{"id":383096,"href":"https:\/\/www.purejewels.com\/de\/wp-json\/wp\/v2\/product\/339487\/revisions\/383096"}],"wp:featuredmedia":[{"embeddable":true,"href":"https:\/\/www.purejewels.com\/de\/wp-json\/wp\/v2\/media\/345433"}],"wp:attachment":[{"href":"https:\/\/www.purejewels.com\/de\/wp-json\/wp\/v2\/media?parent=339487"}],"wp:term":[{"taxonomy":"product_brand","embeddable":true,"href":"https:\/\/www.purejewels.com\/de\/wp-json\/wp\/v2\/product_brand?post=339487"},{"taxonomy":"product_cat","embeddable":true,"href":"https:\/\/www.purejewels.com\/de\/wp-json\/wp\/v2\/product_cat?post=339487"},{"taxonomy":"product_tag","embeddable":true,"href":"https:\/\/www.purejewels.com\/de\/wp-json\/wp\/v2\/product_tag?post=339487"}],"curies":[{"name":"wp","href":"https:\/\/api.w.org\/{rel}","templated":true}]}}