{"id":339603,"date":"2022-10-15T10:50:56","date_gmt":"2022-10-15T09:50:56","guid":{"rendered":"https:\/\/www.purejewels.com\/?post_type=product&#038;p=339603"},"modified":"2026-02-10T09:10:05","modified_gmt":"2026-02-10T09:10:05","slug":"22ct-gold-halskette-mit-zwei-linien-perlen-fur-damen-18-zoll-43369","status":"publish","type":"product","link":"https:\/\/www.purejewels.com\/de\/product\/22ct-gold-necklace-with-two-line-pearls-for-ladies-18-inches-43369\/","title":{"rendered":"22ct Gold Halskette mit zwei Linie Perlen f\u00fcr Damen | 18 Zoll"},"content":{"rendered":"<p data-start=\"261\" data-end=\"635\"><strong data-start=\"261\" data-end=\"271\">Gestaltung<\/strong><br data-start=\"271\" data-end=\"274\" \/>Diese Halskette kombiniert den warmen Glanz von 22-kar\u00e4tigem Gold mit zwei flie\u00dfenden Str\u00e4ngen aus sorgf\u00e4ltig aufeinander abgestimmten Perlen und schafft so einen Look, der sowohl klassisch als auch modern wirkt. Mit einer L\u00e4nge von 18 Zentimetern sitzt sie elegant am Dekollet\u00e9 und umrahmt das Gesicht mit einem sanften Schimmer. Die ausgewogene Verteilung von Gold und Perlen verleiht ihm eine ruhige, harmonische Ausstrahlung, die sowohl tags\u00fcber als auch abends passt.<\/p>\n<p data-start=\"637\" data-end=\"1035\"><strong data-start=\"637\" data-end=\"654\">Handwerkliches K\u00f6nnen<\/strong><br data-start=\"654\" data-end=\"657\" \/>Jede Perle wird nach ihrem Glanz und ihrer Beschaffenheit ausgew\u00e4hlt, dann sorgf\u00e4ltig aufgereiht und mit 22-kar\u00e4tigen Goldelementen veredelt, die f\u00fcr Festigkeit und Geschmeidigkeit sorgen. Die Halskette ist in Gro\u00dfbritannien mit einem Feingehaltsstempel versehen, der Qualit\u00e4t und Authentizit\u00e4t garantiert. Die glatte Verarbeitung und die sicheren Beschl\u00e4ge spiegeln die Sorgfalt wider, die auf jedes Detail verwendet wurde, so dass sich die Kette genauso gut anf\u00fchlt, wie sie aussieht.<\/p>\n<p data-start=\"1037\" data-end=\"1429\" data-is-last-node=\"\" data-is-only-node=\"\"><strong data-start=\"1037\" data-end=\"1054\">Styling-Ideen<\/strong><br data-start=\"1054\" data-end=\"1057\" \/>Tragen Sie dieses Schmuckst\u00fcck solo \u00fcber einer schlichten Bluse oder einem Sari, um die Perlen in den Mittelpunkt zu stellen, oder kombinieren Sie es mit einer feineren Goldkette f\u00fcr einen modernen, strukturierten Look. F\u00fcr Hochzeiten, Empf\u00e4nge oder festliche Anl\u00e4sse l\u00e4sst er sich wunderbar mit Perlensteckern oder zarten Goldreifen kombinieren. F\u00fcr Abendveranstaltungen k\u00f6nnen Sie sie mit einem eleganten Kleid oder einer Seiden-Kurta kombinieren, um ein gl\u00e4nzendes, leichtes Ensemble zu kreieren.<\/p>","protected":false},"excerpt":{"rendered":"<ul>\n<li>22ct Gold Halskette mit zwei Linien Perlen<\/li>\n<li>Wt. 19.4 gms<\/li>\n<li>SKU. 43369<\/li>\n<li>Alle Preise inklusive Mehrwertsteuer<\/li>\n<li>22ct Gold gestempelt von London Assay Office<\/li>\n<li>Mit Pr\u00e4sentationsbox<\/li>\n<li>Lieferung inbegriffen<\/li>\n<li>Live-Chat mit uns f\u00fcr die Verf\u00fcgbarkeit und mehr Bilder von Perle Brautschmuck<\/li>\n<\/ul>","protected":false},"featured_media":339604,"comment_status":"closed","ping_status":"closed","template":"","meta":{"_eb_attr":"","_crsspst_to_jayantr4sg-hostcom":false},"product_brand":[],"product_cat":[1791,5701,1253,1779,1570,5456,1573],"product_tag":[],"class_list":{"0":"post-339603","1":"product","2":"type-product","3":"status-publish","4":"has-post-thumbnail","6":"product_cat-anniversary-gifts","7":"product_cat-eid-jewellery","8":"product_cat-gold-necklaces","9":"product_cat-mala-style-necklaces","10":"product_cat-mothers-day-gifts","11":"product_cat-pearl-collection","12":"product_cat-wedding-gifts","14":"first","15":"onbackorder","16":"taxable","17":"shipping-taxable","18":"purchasable","19":"product-type-simple","20":"add-to-wishlist-before_image"},"yoast_head":"<!-- This site is optimized with the Yoast SEO plugin v27.6 - https:\/\/yoast.com\/product\/yoast-seo-wordpress\/ -->\n<title>22ct Gold Pearl Necklace for special occasions | Online Uk<\/title>\n<meta name=\"description\" content=\"Our stunning gold two-layer pearl necklace is the perfect jewellery gift for her. This elegant necklace is perfect for a bride. | Online UK | Fast Delivery.\" \/>\n<meta name=\"robots\" content=\"index, follow, max-snippet:-1, max-image-preview:large, max-video-preview:-1\" \/>\n<link rel=\"canonical\" href=\"https:\/\/www.purejewels.com\/de\/produkt-2\/22ct-gold-halskette-mit-zwei-linien-perlen-fur-damen-18-zoll-43369\/\" \/>\n<meta property=\"og:locale\" content=\"de_DE\" \/>\n<meta property=\"og:type\" content=\"article\" \/>\n<meta property=\"og:title\" content=\"22ct Gold Pearl Necklace for special occasions | Online Uk\" \/>\n<meta property=\"og:description\" content=\"Our stunning gold two-layer pearl necklace is the perfect jewellery gift for her. This elegant necklace is perfect for a bride. | Online UK | Fast Delivery.\" \/>\n<meta property=\"og:url\" content=\"https:\/\/www.purejewels.com\/de\/produkt-2\/22ct-gold-halskette-mit-zwei-linien-perlen-fur-damen-18-zoll-43369\/\" \/>\n<meta property=\"og:site_name\" content=\"PureJewels UK\" \/>\n<meta property=\"article:modified_time\" content=\"2026-02-10T09:10:05+00:00\" \/>\n<meta property=\"og:image\" content=\"https:\/\/static.purejewels.com\/wp-content\/uploads\/2022\/10\/43369-1.jpg\" \/>\n\t<meta property=\"og:image:width\" content=\"1000\" \/>\n\t<meta property=\"og:image:height\" content=\"1000\" \/>\n\t<meta property=\"og:image:type\" content=\"image\/jpeg\" \/>\n<meta name=\"twitter:card\" content=\"summary_large_image\" \/>\n<meta name=\"twitter:label1\" content=\"Gesch\u00e4tzte Lesezeit\" \/>\n\t<meta name=\"twitter:data1\" content=\"2\u00a0Minuten\" \/>\n<script type=\"application\/ld+json\" class=\"yoast-schema-graph\">{\"@context\":\"https:\\\/\\\/schema.org\",\"@graph\":[{\"@type\":[\"WebPage\",\"ItemPage\"],\"@id\":\"https:\\\/\\\/www.purejewels.com\\\/product\\\/22ct-gold-necklace-with-two-line-pearls-for-ladies-18-inches-43369\\\/\",\"url\":\"https:\\\/\\\/www.purejewels.com\\\/product\\\/22ct-gold-necklace-with-two-line-pearls-for-ladies-18-inches-43369\\\/\",\"name\":\"22ct Gold Pearl Necklace for special occasions | Online Uk\",\"isPartOf\":{\"@id\":\"https:\\\/\\\/www.purejewels.com\\\/#website\"},\"primaryImageOfPage\":{\"@id\":\"https:\\\/\\\/www.purejewels.com\\\/product\\\/22ct-gold-necklace-with-two-line-pearls-for-ladies-18-inches-43369\\\/#primaryimage\"},\"image\":{\"@id\":\"https:\\\/\\\/www.purejewels.com\\\/product\\\/22ct-gold-necklace-with-two-line-pearls-for-ladies-18-inches-43369\\\/#primaryimage\"},\"thumbnailUrl\":\"https:\\\/\\\/static.purejewels.com\\\/wp-content\\\/uploads\\\/2022\\\/10\\\/43369-1.jpg\",\"datePublished\":\"2022-10-15T09:50:56+00:00\",\"dateModified\":\"2026-02-10T09:10:05+00:00\",\"description\":\"Our stunning gold two-layer pearl necklace is the perfect jewellery gift for her. This elegant necklace is perfect for a bride. | Online UK | Fast Delivery.\",\"breadcrumb\":{\"@id\":\"https:\\\/\\\/www.purejewels.com\\\/product\\\/22ct-gold-necklace-with-two-line-pearls-for-ladies-18-inches-43369\\\/#breadcrumb\"},\"inLanguage\":\"de\",\"potentialAction\":[{\"@type\":\"ReadAction\",\"target\":[\"https:\\\/\\\/www.purejewels.com\\\/product\\\/22ct-gold-necklace-with-two-line-pearls-for-ladies-18-inches-43369\\\/\"]}]},{\"@type\":\"ImageObject\",\"inLanguage\":\"de\",\"@id\":\"https:\\\/\\\/www.purejewels.com\\\/product\\\/22ct-gold-necklace-with-two-line-pearls-for-ladies-18-inches-43369\\\/#primaryimage\",\"url\":\"https:\\\/\\\/static.purejewels.com\\\/wp-content\\\/uploads\\\/2022\\\/10\\\/43369-1.jpg\",\"contentUrl\":\"https:\\\/\\\/static.purejewels.com\\\/wp-content\\\/uploads\\\/2022\\\/10\\\/43369-1.jpg\",\"width\":1000,\"height\":1000,\"caption\":\"22ct Gold Necklace with two Line Pearls for Ladies | 18 Inches\"},{\"@type\":\"BreadcrumbList\",\"@id\":\"https:\\\/\\\/www.purejewels.com\\\/product\\\/22ct-gold-necklace-with-two-line-pearls-for-ladies-18-inches-43369\\\/#breadcrumb\",\"itemListElement\":[{\"@type\":\"ListItem\",\"position\":1,\"name\":\"Home\",\"item\":\"https:\\\/\\\/www.purejewels.com\\\/\"},{\"@type\":\"ListItem\",\"position\":2,\"name\":\"Shop\",\"item\":\"https:\\\/\\\/www.purejewels.com\\\/shop\\\/\"},{\"@type\":\"ListItem\",\"position\":3,\"name\":\"22ct Gold Necklace with two Line Pearls for Ladies | 18 Inches\"}]},{\"@type\":\"WebSite\",\"@id\":\"https:\\\/\\\/www.purejewels.com\\\/#website\",\"url\":\"https:\\\/\\\/www.purejewels.com\\\/\",\"name\":\"PureJewels UK\",\"description\":\"Share the Love\",\"publisher\":{\"@id\":\"https:\\\/\\\/www.purejewels.com\\\/#organization\"},\"potentialAction\":[{\"@type\":\"SearchAction\",\"target\":{\"@type\":\"EntryPoint\",\"urlTemplate\":\"https:\\\/\\\/www.purejewels.com\\\/?s={search_term_string}\"},\"query-input\":{\"@type\":\"PropertyValueSpecification\",\"valueRequired\":true,\"valueName\":\"search_term_string\"}}],\"inLanguage\":\"de\"},{\"@type\":\"Organization\",\"@id\":\"https:\\\/\\\/www.purejewels.com\\\/#organization\",\"name\":\"PureJewels UK\",\"url\":\"https:\\\/\\\/www.purejewels.com\\\/\",\"logo\":{\"@type\":\"ImageObject\",\"inLanguage\":\"de\",\"@id\":\"https:\\\/\\\/www.purejewels.com\\\/#\\\/schema\\\/logo\\\/image\\\/\",\"url\":\"https:\\\/\\\/static.purejewels.com\\\/wp-content\\\/uploads\\\/2020\\\/11\\\/Logo-PJ-New-1.png\",\"contentUrl\":\"https:\\\/\\\/static.purejewels.com\\\/wp-content\\\/uploads\\\/2020\\\/11\\\/Logo-PJ-New-1.png\",\"width\":150,\"height\":80,\"caption\":\"PureJewels UK\"},\"image\":{\"@id\":\"https:\\\/\\\/www.purejewels.com\\\/#\\\/schema\\\/logo\\\/image\\\/\"}}]}<\/script>\n<!-- \/ Yoast SEO plugin. -->","yoast_head_json":{"title":"22ct Gold Perlenkette f\u00fcr besondere Anl\u00e4sse | Online Uk","description":"Unsere atemberaubende zweilagige Goldperlenkette ist das perfekte Schmuckgeschenk f\u00fcr sie. Diese elegante Halskette ist perfekt f\u00fcr eine Braut. | Online UK | Schnelle Lieferung.","robots":{"index":"index","follow":"follow","max-snippet":"max-snippet:-1","max-image-preview":"max-image-preview:large","max-video-preview":"max-video-preview:-1"},"canonical":"https:\/\/www.purejewels.com\/de\/produkt-2\/22ct-gold-halskette-mit-zwei-linien-perlen-fur-damen-18-zoll-43369\/","og_locale":"de_DE","og_type":"article","og_title":"22ct Gold Pearl Necklace for special occasions | Online Uk","og_description":"Our stunning gold two-layer pearl necklace is the perfect jewellery gift for her. This elegant necklace is perfect for a bride. | Online UK | Fast Delivery.","og_url":"https:\/\/www.purejewels.com\/de\/produkt-2\/22ct-gold-halskette-mit-zwei-linien-perlen-fur-damen-18-zoll-43369\/","og_site_name":"PureJewels UK","article_modified_time":"2026-02-10T09:10:05+00:00","og_image":[{"width":1000,"height":1000,"url":"https:\/\/static.purejewels.com\/wp-content\/uploads\/2022\/10\/43369-1.jpg","type":"image\/jpeg"}],"twitter_card":"summary_large_image","twitter_misc":{"Gesch\u00e4tzte Lesezeit":"2\u00a0Minuten"},"schema":{"@context":"https:\/\/schema.org","@graph":[{"@type":["WebPage","ItemPage"],"@id":"https:\/\/www.purejewels.com\/product\/22ct-gold-necklace-with-two-line-pearls-for-ladies-18-inches-43369\/","url":"https:\/\/www.purejewels.com\/product\/22ct-gold-necklace-with-two-line-pearls-for-ladies-18-inches-43369\/","name":"22ct Gold Perlenkette f\u00fcr besondere Anl\u00e4sse | Online Uk","isPartOf":{"@id":"https:\/\/www.purejewels.com\/#website"},"primaryImageOfPage":{"@id":"https:\/\/www.purejewels.com\/product\/22ct-gold-necklace-with-two-line-pearls-for-ladies-18-inches-43369\/#primaryimage"},"image":{"@id":"https:\/\/www.purejewels.com\/product\/22ct-gold-necklace-with-two-line-pearls-for-ladies-18-inches-43369\/#primaryimage"},"thumbnailUrl":"https:\/\/static.purejewels.com\/wp-content\/uploads\/2022\/10\/43369-1.jpg","datePublished":"2022-10-15T09:50:56+00:00","dateModified":"2026-02-10T09:10:05+00:00","description":"Unsere atemberaubende zweilagige Goldperlenkette ist das perfekte Schmuckgeschenk f\u00fcr sie. Diese elegante Halskette ist perfekt f\u00fcr eine Braut. | Online UK | Schnelle Lieferung.","breadcrumb":{"@id":"https:\/\/www.purejewels.com\/product\/22ct-gold-necklace-with-two-line-pearls-for-ladies-18-inches-43369\/#breadcrumb"},"inLanguage":"de","potentialAction":[{"@type":"ReadAction","target":["https:\/\/www.purejewels.com\/product\/22ct-gold-necklace-with-two-line-pearls-for-ladies-18-inches-43369\/"]}]},{"@type":"ImageObject","inLanguage":"de","@id":"https:\/\/www.purejewels.com\/product\/22ct-gold-necklace-with-two-line-pearls-for-ladies-18-inches-43369\/#primaryimage","url":"https:\/\/static.purejewels.com\/wp-content\/uploads\/2022\/10\/43369-1.jpg","contentUrl":"https:\/\/static.purejewels.com\/wp-content\/uploads\/2022\/10\/43369-1.jpg","width":1000,"height":1000,"caption":"22ct Gold Necklace with two Line Pearls for Ladies | 18 Inches"},{"@type":"BreadcrumbList","@id":"https:\/\/www.purejewels.com\/product\/22ct-gold-necklace-with-two-line-pearls-for-ladies-18-inches-43369\/#breadcrumb","itemListElement":[{"@type":"ListItem","position":1,"name":"Home","item":"https:\/\/www.purejewels.com\/"},{"@type":"ListItem","position":2,"name":"Shop","item":"https:\/\/www.purejewels.com\/shop\/"},{"@type":"ListItem","position":3,"name":"22ct Gold Necklace with two Line Pearls for Ladies | 18 Inches"}]},{"@type":"WebSite","@id":"https:\/\/www.purejewels.com\/#website","url":"https:\/\/www.purejewels.com\/","name":"PureJewels UK","description":"Teile die Liebe","publisher":{"@id":"https:\/\/www.purejewels.com\/#organization"},"potentialAction":[{"@type":"SearchAction","target":{"@type":"EntryPoint","urlTemplate":"https:\/\/www.purejewels.com\/?s={search_term_string}"},"query-input":{"@type":"PropertyValueSpecification","valueRequired":true,"valueName":"search_term_string"}}],"inLanguage":"de"},{"@type":"Organization","@id":"https:\/\/www.purejewels.com\/#organization","name":"PureJewels UK","url":"https:\/\/www.purejewels.com\/","logo":{"@type":"ImageObject","inLanguage":"de","@id":"https:\/\/www.purejewels.com\/#\/schema\/logo\/image\/","url":"https:\/\/static.purejewels.com\/wp-content\/uploads\/2020\/11\/Logo-PJ-New-1.png","contentUrl":"https:\/\/static.purejewels.com\/wp-content\/uploads\/2020\/11\/Logo-PJ-New-1.png","width":150,"height":80,"caption":"PureJewels UK"},"image":{"@id":"https:\/\/www.purejewels.com\/#\/schema\/logo\/image\/"}}]}},"_links":{"self":[{"href":"https:\/\/www.purejewels.com\/de\/wp-json\/wp\/v2\/product\/339603","targetHints":{"allow":["GET"]}}],"collection":[{"href":"https:\/\/www.purejewels.com\/de\/wp-json\/wp\/v2\/product"}],"about":[{"href":"https:\/\/www.purejewels.com\/de\/wp-json\/wp\/v2\/types\/product"}],"replies":[{"embeddable":true,"href":"https:\/\/www.purejewels.com\/de\/wp-json\/wp\/v2\/comments?post=339603"}],"version-history":[{"count":3,"href":"https:\/\/www.purejewels.com\/de\/wp-json\/wp\/v2\/product\/339603\/revisions"}],"predecessor-version":[{"id":420898,"href":"https:\/\/www.purejewels.com\/de\/wp-json\/wp\/v2\/product\/339603\/revisions\/420898"}],"wp:featuredmedia":[{"embeddable":true,"href":"https:\/\/www.purejewels.com\/de\/wp-json\/wp\/v2\/media\/339604"}],"wp:attachment":[{"href":"https:\/\/www.purejewels.com\/de\/wp-json\/wp\/v2\/media?parent=339603"}],"wp:term":[{"taxonomy":"product_brand","embeddable":true,"href":"https:\/\/www.purejewels.com\/de\/wp-json\/wp\/v2\/product_brand?post=339603"},{"taxonomy":"product_cat","embeddable":true,"href":"https:\/\/www.purejewels.com\/de\/wp-json\/wp\/v2\/product_cat?post=339603"},{"taxonomy":"product_tag","embeddable":true,"href":"https:\/\/www.purejewels.com\/de\/wp-json\/wp\/v2\/product_tag?post=339603"}],"curies":[{"name":"wp","href":"https:\/\/api.w.org\/{rel}","templated":true}]}}