{"id":339621,"date":"2023-12-01T11:20:19","date_gmt":"2023-12-01T11:20:19","guid":{"rendered":"https:\/\/www.purejewels.com\/?post_type=product&#038;p=339621"},"modified":"2026-04-27T10:26:56","modified_gmt":"2026-04-27T09:26:56","slug":"22-karat-gelbgold-anhanger-fur-damen-42576","status":"publish","type":"product","link":"https:\/\/www.purejewels.com\/de\/product\/22ct-yellow-gold-pendant-for-ladies-42576\/","title":{"rendered":"22ct Gelbgold Anh\u00e4nger f\u00fcr Damen"},"content":{"rendered":"<p data-start=\"279\" data-end=\"675\">Zelebrieren Sie zeitlose Eleganz mit diesem wundersch\u00f6n handgefertigten <strong data-start=\"341\" data-end=\"369\">22 kt. Gelbgold-Anh\u00e4nger<\/strong> f\u00fcr Damen. Der Anh\u00e4nger ist von klassischen indischen Motiven inspiriert und hat ein rundes, medaillonartiges Design mit detaillierter Strukturierung und verzierten Kanten. Das Herzst\u00fcck, eine anmutige Spirale, symbolisiert Kontinuit\u00e4t, Wachstum und die Reise des Lebens - und ist damit nicht nur ein Schmuckst\u00fcck, sondern ein gesch\u00e4tztes Sinnbild.<\/p>\n<p data-start=\"677\" data-end=\"960\">Der aus reinem 22-kar\u00e4tigem Gelbgold gefertigte und f\u00fcr seine Echtheit gepunzte Anh\u00e4nger ist leicht, vielseitig und perfekt f\u00fcr den eleganten Alltag oder festliche Anl\u00e4sse. Ob allein oder in Kombination mit anderen Schmuckst\u00fccken getragen, verleiht er sowohl traditionellen als auch modernen Outfits einen anmutigen Touch.<\/p>\n<p data-start=\"962\" data-end=\"1129\">Es eignet sich ideal als pers\u00f6nliches Schmuckst\u00fcck oder als durchdachtes Geschenk und ist besonders bedeutsam als Teil Ihrer <strong data-start=\"1057\" data-end=\"1073\">Diwali-Geschenke<\/strong> Auswahl - ein Symbol f\u00fcr Wohlstand, W\u00e4rme und Erbe.<\/p>","protected":false},"excerpt":{"rendered":"<div class=\"woocommerce-product-details__short-description\">\n<ul>\n<li>22\u00a0<span id=\"urn:enhancement-89deda8d\" class=\"textannotation\">Karat<\/span> Gelb <span id=\"urn:enhancement-445855e2\" class=\"textannotation\">Gold <\/span>Anh\u00e4nger<\/li>\n<li>Geeignet f\u00fcr Alltagskleidung<\/li>\n<li>Wt. 2 gramm<\/li>\n<li>SKU. 42577<\/li>\n<li>Kette nicht enthalten.<\/li>\n<li>Die auf dem Bild gezeigte Kette ist eine\u00a0<strong>Spiga-Kette<\/strong><\/li>\n<li>Alle Preise verstehen sich inklusive Mehrwertsteuer und Lieferung.<\/li>\n<li>Alle unsere Produkte sind von London gestempelt\u00a0<span id=\"urn:enhancement-7d2af146\" class=\"textannotation\">Pr\u00fcfstelle<\/span><\/li>\n<li>Alle Sets werden mit Pr\u00e4sentationsbox geliefert<\/li>\n<li>Sie m\u00f6chten den Anh\u00e4nger mit einer Kette kombinieren? Entdecken Sie unsere 22-kar\u00e4tigen Goldketten.<\/li>\n<li>Kontaktieren Sie uns \/ chatten Sie mit uns und entdecken Sie unser\u00a0<span id=\"urn:enhancement-32269751\" class=\"textannotation\">Gold<\/span> Anh\u00e4nger Halskette Kollektion<\/li>\n<\/ul>\n<\/div>\n<div class=\"btn-atc atc-slide\"><\/div>\n<div class=\"product_meta\"><\/div>","protected":false},"featured_media":339622,"comment_status":"closed","ping_status":"closed","template":"","meta":{"_eb_attr":"","_crsspst_to_jayantr4sg-hostcom":false},"product_brand":[],"product_cat":[1559,1793,1770,1792,1255,1767,1569,1574],"product_tag":[],"class_list":{"0":"post-339621","1":"product","2":"type-product","3":"status-publish","4":"has-post-thumbnail","6":"product_cat-birthday-gifts","7":"product_cat-diwali-gifts","8":"product_cat-fancy-pendants","9":"product_cat-festival-gifts","10":"product_cat-gold-pendants","11":"product_cat-ladies-pendants","12":"product_cat-valentine-day-gifts","13":"product_cat-womens-jewellery","15":"first","16":"instock","17":"taxable","18":"shipping-taxable","19":"purchasable","20":"product-type-simple","21":"add-to-wishlist-before_image"},"yoast_head":"<!-- This site is optimized with the Yoast SEO plugin v27.6 - https:\/\/yoast.com\/product\/yoast-seo-wordpress\/ -->\n<title>22ct Yellow Gold Pendant Online in UK for ladies | PureJewels.com<\/title>\n<meta name=\"description\" content=\"Discover elegant 22ct gold pendants\u2014lightweight, timeless, and ideal gifts for Diwali or any special occasion. Shop now at PureJewels with free UK delivery.\" \/>\n<meta name=\"robots\" content=\"index, follow, max-snippet:-1, max-image-preview:large, max-video-preview:-1\" \/>\n<link rel=\"canonical\" href=\"https:\/\/www.purejewels.com\/de\/produkt-2\/22-karat-gelbgold-anhanger-fur-damen-42576\/\" \/>\n<meta property=\"og:locale\" content=\"de_DE\" \/>\n<meta property=\"og:type\" content=\"article\" \/>\n<meta property=\"og:title\" content=\"22ct Yellow Gold Pendant Online in UK for ladies | PureJewels.com\" \/>\n<meta property=\"og:description\" content=\"Discover elegant 22ct gold pendants\u2014lightweight, timeless, and ideal gifts for Diwali or any special occasion. Shop now at PureJewels with free UK delivery.\" \/>\n<meta property=\"og:url\" content=\"https:\/\/www.purejewels.com\/de\/produkt-2\/22-karat-gelbgold-anhanger-fur-damen-42576\/\" \/>\n<meta property=\"og:site_name\" content=\"PureJewels UK\" \/>\n<meta property=\"article:modified_time\" content=\"2026-04-27T09:26:56+00:00\" \/>\n<meta property=\"og:image\" content=\"https:\/\/static.purejewels.com\/wp-content\/uploads\/2022\/10\/42576-1.jpg\" \/>\n\t<meta property=\"og:image:width\" content=\"1000\" \/>\n\t<meta property=\"og:image:height\" content=\"1000\" \/>\n\t<meta property=\"og:image:type\" content=\"image\/jpeg\" \/>\n<meta name=\"twitter:card\" content=\"summary_large_image\" \/>\n<meta name=\"twitter:label1\" content=\"Gesch\u00e4tzte Lesezeit\" \/>\n\t<meta name=\"twitter:data1\" content=\"1\u00a0Minute\" \/>\n<script type=\"application\/ld+json\" class=\"yoast-schema-graph\">{\"@context\":\"https:\\\/\\\/schema.org\",\"@graph\":[{\"@type\":[\"WebPage\",\"ItemPage\"],\"@id\":\"https:\\\/\\\/www.purejewels.com\\\/product\\\/22ct-yellow-gold-pendant-for-ladies-42576\\\/\",\"url\":\"https:\\\/\\\/www.purejewels.com\\\/product\\\/22ct-yellow-gold-pendant-for-ladies-42576\\\/\",\"name\":\"22ct Yellow Gold Pendant Online in UK for ladies | PureJewels.com\",\"isPartOf\":{\"@id\":\"https:\\\/\\\/www.purejewels.com\\\/#website\"},\"primaryImageOfPage\":{\"@id\":\"https:\\\/\\\/www.purejewels.com\\\/product\\\/22ct-yellow-gold-pendant-for-ladies-42576\\\/#primaryimage\"},\"image\":{\"@id\":\"https:\\\/\\\/www.purejewels.com\\\/product\\\/22ct-yellow-gold-pendant-for-ladies-42576\\\/#primaryimage\"},\"thumbnailUrl\":\"https:\\\/\\\/static.purejewels.com\\\/wp-content\\\/uploads\\\/2022\\\/10\\\/42576-1.jpg\",\"datePublished\":\"2023-12-01T11:20:19+00:00\",\"dateModified\":\"2026-04-27T09:26:56+00:00\",\"description\":\"Discover elegant 22ct gold pendants\u2014lightweight, timeless, and ideal gifts for Diwali or any special occasion. Shop now at PureJewels with free UK delivery.\",\"breadcrumb\":{\"@id\":\"https:\\\/\\\/www.purejewels.com\\\/product\\\/22ct-yellow-gold-pendant-for-ladies-42576\\\/#breadcrumb\"},\"inLanguage\":\"de\",\"potentialAction\":[{\"@type\":\"ReadAction\",\"target\":[\"https:\\\/\\\/www.purejewels.com\\\/product\\\/22ct-yellow-gold-pendant-for-ladies-42576\\\/\"]}]},{\"@type\":\"ImageObject\",\"inLanguage\":\"de\",\"@id\":\"https:\\\/\\\/www.purejewels.com\\\/product\\\/22ct-yellow-gold-pendant-for-ladies-42576\\\/#primaryimage\",\"url\":\"https:\\\/\\\/static.purejewels.com\\\/wp-content\\\/uploads\\\/2022\\\/10\\\/42576-1.jpg\",\"contentUrl\":\"https:\\\/\\\/static.purejewels.com\\\/wp-content\\\/uploads\\\/2022\\\/10\\\/42576-1.jpg\",\"width\":1000,\"height\":1000,\"caption\":\"22ct Yellow Gold Pendant For Ladies\"},{\"@type\":\"BreadcrumbList\",\"@id\":\"https:\\\/\\\/www.purejewels.com\\\/product\\\/22ct-yellow-gold-pendant-for-ladies-42576\\\/#breadcrumb\",\"itemListElement\":[{\"@type\":\"ListItem\",\"position\":1,\"name\":\"Home\",\"item\":\"https:\\\/\\\/www.purejewels.com\\\/\"},{\"@type\":\"ListItem\",\"position\":2,\"name\":\"Shop\",\"item\":\"https:\\\/\\\/www.purejewels.com\\\/shop\\\/\"},{\"@type\":\"ListItem\",\"position\":3,\"name\":\"22ct Yellow Gold Pendant For Ladies\"}]},{\"@type\":\"WebSite\",\"@id\":\"https:\\\/\\\/www.purejewels.com\\\/#website\",\"url\":\"https:\\\/\\\/www.purejewels.com\\\/\",\"name\":\"PureJewels UK\",\"description\":\"Share the Love\",\"publisher\":{\"@id\":\"https:\\\/\\\/www.purejewels.com\\\/#organization\"},\"potentialAction\":[{\"@type\":\"SearchAction\",\"target\":{\"@type\":\"EntryPoint\",\"urlTemplate\":\"https:\\\/\\\/www.purejewels.com\\\/?s={search_term_string}\"},\"query-input\":{\"@type\":\"PropertyValueSpecification\",\"valueRequired\":true,\"valueName\":\"search_term_string\"}}],\"inLanguage\":\"de\"},{\"@type\":\"Organization\",\"@id\":\"https:\\\/\\\/www.purejewels.com\\\/#organization\",\"name\":\"PureJewels UK\",\"url\":\"https:\\\/\\\/www.purejewels.com\\\/\",\"logo\":{\"@type\":\"ImageObject\",\"inLanguage\":\"de\",\"@id\":\"https:\\\/\\\/www.purejewels.com\\\/#\\\/schema\\\/logo\\\/image\\\/\",\"url\":\"https:\\\/\\\/static.purejewels.com\\\/wp-content\\\/uploads\\\/2020\\\/11\\\/Logo-PJ-New-1.png\",\"contentUrl\":\"https:\\\/\\\/static.purejewels.com\\\/wp-content\\\/uploads\\\/2020\\\/11\\\/Logo-PJ-New-1.png\",\"width\":150,\"height\":80,\"caption\":\"PureJewels UK\"},\"image\":{\"@id\":\"https:\\\/\\\/www.purejewels.com\\\/#\\\/schema\\\/logo\\\/image\\\/\"}}]}<\/script>\n<!-- \/ Yoast SEO plugin. -->","yoast_head_json":{"title":"22ct Gelbgold Anh\u00e4nger Online in UK f\u00fcr Damen | PureJewels.com","description":"Entdecken Sie elegante Anh\u00e4nger aus 22 Karat Gold - leicht, zeitlos und ideale Geschenke f\u00fcr Diwali oder jeden anderen besonderen Anlass. Kaufen Sie jetzt bei PureJewels mit kostenloser Lieferung nach Gro\u00dfbritannien.","robots":{"index":"index","follow":"follow","max-snippet":"max-snippet:-1","max-image-preview":"max-image-preview:large","max-video-preview":"max-video-preview:-1"},"canonical":"https:\/\/www.purejewels.com\/de\/produkt-2\/22-karat-gelbgold-anhanger-fur-damen-42576\/","og_locale":"de_DE","og_type":"article","og_title":"22ct Yellow Gold Pendant Online in UK for ladies | PureJewels.com","og_description":"Discover elegant 22ct gold pendants\u2014lightweight, timeless, and ideal gifts for Diwali or any special occasion. Shop now at PureJewels with free UK delivery.","og_url":"https:\/\/www.purejewels.com\/de\/produkt-2\/22-karat-gelbgold-anhanger-fur-damen-42576\/","og_site_name":"PureJewels UK","article_modified_time":"2026-04-27T09:26:56+00:00","og_image":[{"width":1000,"height":1000,"url":"https:\/\/static.purejewels.com\/wp-content\/uploads\/2022\/10\/42576-1.jpg","type":"image\/jpeg"}],"twitter_card":"summary_large_image","twitter_misc":{"Gesch\u00e4tzte Lesezeit":"1\u00a0Minute"},"schema":{"@context":"https:\/\/schema.org","@graph":[{"@type":["WebPage","ItemPage"],"@id":"https:\/\/www.purejewels.com\/product\/22ct-yellow-gold-pendant-for-ladies-42576\/","url":"https:\/\/www.purejewels.com\/product\/22ct-yellow-gold-pendant-for-ladies-42576\/","name":"22ct Gelbgold Anh\u00e4nger Online in UK f\u00fcr Damen | PureJewels.com","isPartOf":{"@id":"https:\/\/www.purejewels.com\/#website"},"primaryImageOfPage":{"@id":"https:\/\/www.purejewels.com\/product\/22ct-yellow-gold-pendant-for-ladies-42576\/#primaryimage"},"image":{"@id":"https:\/\/www.purejewels.com\/product\/22ct-yellow-gold-pendant-for-ladies-42576\/#primaryimage"},"thumbnailUrl":"https:\/\/static.purejewels.com\/wp-content\/uploads\/2022\/10\/42576-1.jpg","datePublished":"2023-12-01T11:20:19+00:00","dateModified":"2026-04-27T09:26:56+00:00","description":"Entdecken Sie elegante Anh\u00e4nger aus 22 Karat Gold - leicht, zeitlos und ideale Geschenke f\u00fcr Diwali oder jeden anderen besonderen Anlass. Kaufen Sie jetzt bei PureJewels mit kostenloser Lieferung nach Gro\u00dfbritannien.","breadcrumb":{"@id":"https:\/\/www.purejewels.com\/product\/22ct-yellow-gold-pendant-for-ladies-42576\/#breadcrumb"},"inLanguage":"de","potentialAction":[{"@type":"ReadAction","target":["https:\/\/www.purejewels.com\/product\/22ct-yellow-gold-pendant-for-ladies-42576\/"]}]},{"@type":"ImageObject","inLanguage":"de","@id":"https:\/\/www.purejewels.com\/product\/22ct-yellow-gold-pendant-for-ladies-42576\/#primaryimage","url":"https:\/\/static.purejewels.com\/wp-content\/uploads\/2022\/10\/42576-1.jpg","contentUrl":"https:\/\/static.purejewels.com\/wp-content\/uploads\/2022\/10\/42576-1.jpg","width":1000,"height":1000,"caption":"22ct Yellow Gold Pendant For Ladies"},{"@type":"BreadcrumbList","@id":"https:\/\/www.purejewels.com\/product\/22ct-yellow-gold-pendant-for-ladies-42576\/#breadcrumb","itemListElement":[{"@type":"ListItem","position":1,"name":"Home","item":"https:\/\/www.purejewels.com\/"},{"@type":"ListItem","position":2,"name":"Shop","item":"https:\/\/www.purejewels.com\/shop\/"},{"@type":"ListItem","position":3,"name":"22ct Yellow Gold Pendant For Ladies"}]},{"@type":"WebSite","@id":"https:\/\/www.purejewels.com\/#website","url":"https:\/\/www.purejewels.com\/","name":"PureJewels UK","description":"Teile die Liebe","publisher":{"@id":"https:\/\/www.purejewels.com\/#organization"},"potentialAction":[{"@type":"SearchAction","target":{"@type":"EntryPoint","urlTemplate":"https:\/\/www.purejewels.com\/?s={search_term_string}"},"query-input":{"@type":"PropertyValueSpecification","valueRequired":true,"valueName":"search_term_string"}}],"inLanguage":"de"},{"@type":"Organization","@id":"https:\/\/www.purejewels.com\/#organization","name":"PureJewels UK","url":"https:\/\/www.purejewels.com\/","logo":{"@type":"ImageObject","inLanguage":"de","@id":"https:\/\/www.purejewels.com\/#\/schema\/logo\/image\/","url":"https:\/\/static.purejewels.com\/wp-content\/uploads\/2020\/11\/Logo-PJ-New-1.png","contentUrl":"https:\/\/static.purejewels.com\/wp-content\/uploads\/2020\/11\/Logo-PJ-New-1.png","width":150,"height":80,"caption":"PureJewels UK"},"image":{"@id":"https:\/\/www.purejewels.com\/#\/schema\/logo\/image\/"}}]}},"_links":{"self":[{"href":"https:\/\/www.purejewels.com\/de\/wp-json\/wp\/v2\/product\/339621","targetHints":{"allow":["GET"]}}],"collection":[{"href":"https:\/\/www.purejewels.com\/de\/wp-json\/wp\/v2\/product"}],"about":[{"href":"https:\/\/www.purejewels.com\/de\/wp-json\/wp\/v2\/types\/product"}],"replies":[{"embeddable":true,"href":"https:\/\/www.purejewels.com\/de\/wp-json\/wp\/v2\/comments?post=339621"}],"version-history":[{"count":3,"href":"https:\/\/www.purejewels.com\/de\/wp-json\/wp\/v2\/product\/339621\/revisions"}],"predecessor-version":[{"id":415720,"href":"https:\/\/www.purejewels.com\/de\/wp-json\/wp\/v2\/product\/339621\/revisions\/415720"}],"wp:featuredmedia":[{"embeddable":true,"href":"https:\/\/www.purejewels.com\/de\/wp-json\/wp\/v2\/media\/339622"}],"wp:attachment":[{"href":"https:\/\/www.purejewels.com\/de\/wp-json\/wp\/v2\/media?parent=339621"}],"wp:term":[{"taxonomy":"product_brand","embeddable":true,"href":"https:\/\/www.purejewels.com\/de\/wp-json\/wp\/v2\/product_brand?post=339621"},{"taxonomy":"product_cat","embeddable":true,"href":"https:\/\/www.purejewels.com\/de\/wp-json\/wp\/v2\/product_cat?post=339621"},{"taxonomy":"product_tag","embeddable":true,"href":"https:\/\/www.purejewels.com\/de\/wp-json\/wp\/v2\/product_tag?post=339621"}],"curies":[{"name":"wp","href":"https:\/\/api.w.org\/{rel}","templated":true}]}}