{"id":339707,"date":"2022-10-17T06:42:09","date_gmt":"2022-10-17T05:42:09","guid":{"rendered":"https:\/\/www.purejewels.com\/?post_type=product&#038;p=339707"},"modified":"2025-12-08T08:22:45","modified_gmt":"2025-12-08T08:22:45","slug":"nasenstecker-aus-gelbgold-43207","status":"publish","type":"product","link":"https:\/\/www.purejewels.com\/de\/product\/yellow-gold-nose-pin-stud-43207\/","title":{"rendered":"18ct Gold | Gelbgold Nose Pin Stud | 4.2mm dick"},"content":{"rendered":"<p><strong>Gestaltung<\/strong><\/p>\n<p>Dieser elegante Nasenpiercing verf\u00fcgt \u00fcber einen klaren dreieckigen CZ-Stein, der das Licht aus jedem Winkel wundersch\u00f6n reflektiert. Eingefasst in einen minimalistischen dreizackigen Rahmen aus 18 Karat Gold wirkt das Design mit seinem klaren geometrischen Profil modern und ausdrucksstark. Mit einer Gr\u00f6\u00dfe von 4,2 mm bietet er einen auff\u00e4lligen und dennoch raffinierten Glanz, der perfekt auf der Nase sitzt, ohne Ihren Look zu \u00fcberlagern.<\/p>\n<p><strong>Handwerkliches K\u00f6nnen<\/strong><\/p>\n<p>Der Ohrstecker ist aus massivem 18 Karat Gelbgold gefertigt und pr\u00e4zise geformt, um einen sicheren Steineinsatz und einen angenehmen Tragekomfort zu gew\u00e4hrleisten. Der glatte Stecker und die sauber verarbeitete R\u00fcckseite sorgen f\u00fcr einen hohen Tragekomfort den ganzen Tag \u00fcber. Jedes St\u00fcck ist in Gro\u00dfbritannien punziert, was die Reinheit des Goldes best\u00e4tigt und die hohen Standards der PureJewels-Handwerkskunst garantiert.<\/p>\n<p><strong>Styling &amp; Geschenkartikel<\/strong><\/p>\n<p>Dieser Nasenstecker ist ideal f\u00fcr alle, die einen Hauch von zeitgen\u00f6ssischem Flair bevorzugen, und passt sowohl zu minimalistischen als auch zu ausdrucksstarken Schmuckstilen. Durch seine geometrische Form eignet er sich perfekt f\u00fcr den Alltag und f\u00fcr besondere Anl\u00e4sse. Eine durchdachte Wahl f\u00fcr Geburtstage, pers\u00f6nliche Meilensteine oder als charakteristisches Accessoire, das Ihren Alltagslook aufwertet.<\/p>","protected":false},"excerpt":{"rendered":"<p>Ein moderner Nasenpiercing aus 18 Karat Gelbgold, besetzt mit einem 4,2 mm gro\u00dfen dreieckigen Zirkonia-Stein, der f\u00fcr auff\u00e4llige Brillanz und Tragekomfort im Alltag gefertigt wurde. Mit britischer Punzierung.<\/p>\n<table class=\"sh_desc\" style=\"width: 100%; height: 355px;\">\n<tbody>\n<tr style=\"height: 27px;\">\n<td style=\"height: 27px;\">Typ des Nasenstifts<\/td>\n<td style=\"height: 27px;\">CZ Stein Nase Pin Stud<\/td>\n<\/tr>\n<tr style=\"height: 27px;\">\n<td style=\"height: 27px;\">SKU<\/td>\n<td style=\"height: 27px;\">43207, 41406<\/td>\n<\/tr>\n<tr style=\"height: 27px;\">\n<td style=\"height: 27px;\">Gewicht<\/td>\n<td style=\"height: 27px;\">0,2 Gms<\/td>\n<\/tr>\n<tr style=\"height: 27px;\">\n<td style=\"height: 27px;\">Metall<\/td>\n<td style=\"height: 27px;\">18ct Gold<\/td>\n<\/tr>\n<tr style=\"height: 139px;\">\n<td style=\"height: 139px;\">Dimension<\/td>\n<td style=\"height: 139px;\">\n<ul>\n<li>L\u00e4nge des Stiels: 6 mm (ca.)<\/li>\n<li>Durchmesser der Fassung: 4,2 mm (ca.)<\/li>\n<li>Schaftdicke: 0,6 mm (ca.)<\/li>\n<li>Rohrdicke: 0,9 mm (ca.)<\/li>\n<\/ul>\n<\/td>\n<\/tr>\n<tr style=\"height: 27px;\">\n<td style=\"height: 27px;\">Entgelte<\/td>\n<td style=\"height: 27px;\">Lieferung und Mehrwertsteuer inbegriffen<\/td>\n<\/tr>\n<tr style=\"height: 27px;\">\n<td style=\"height: 27px;\">Verpackung<\/td>\n<td style=\"height: 27px;\">Mit einer Pr\u00e4sentationsbox<\/td>\n<\/tr>\n<tr style=\"height: 27px;\">\n<td style=\"height: 27px;\">Mehr Informationen<\/td>\n<td style=\"height: 27px;\">Live-Chat mit uns f\u00fcr Verf\u00fcgbarkeit und mehr Bilder<\/p>\n<p>Mehr Nose Pins erforschen<\/td>\n<\/tr>\n<\/tbody>\n<\/table>","protected":false},"featured_media":345460,"comment_status":"closed","ping_status":"closed","template":"","meta":{"_eb_attr":"","_crsspst_to_jayantr4sg-hostcom":false},"product_brand":[],"product_cat":[1711,5342,1463,5305,1574,5306],"product_tag":[],"class_list":{"0":"post-339707","1":"product","2":"type-product","3":"status-publish","4":"has-post-thumbnail","6":"product_cat-gold-nose-studs","7":"product_cat-jewellery-under-250","8":"product_cat-gold-nose-pins","9":"product_cat-nose-studs","10":"product_cat-womens-jewellery","11":"product_cat-yellow-gold-nose-studs","13":"first","14":"outofstock","15":"taxable","16":"shipping-taxable","17":"product-type-simple","18":"add-to-wishlist-before_image"},"yoast_head":"<!-- This site is optimized with the Yoast SEO plugin v27.3 - https:\/\/yoast.com\/product\/yoast-seo-wordpress\/ -->\n<title>18ct Yellow Gold Triangle CZ Nose Stud | PureJewels UK<\/title>\n<meta name=\"description\" content=\"Shop the 18ct Yellow Gold Triangle CZ Nose Stud at PureJewels UK. Featuring a 4.2mm triangular CZ stone set in a modern three-prong frame.\" \/>\n<meta name=\"robots\" content=\"index, follow, max-snippet:-1, max-image-preview:large, max-video-preview:-1\" \/>\n<link rel=\"canonical\" href=\"https:\/\/www.purejewels.com\/de\/produkt-2\/nasenstecker-aus-gelbgold-43207\/\" \/>\n<meta property=\"og:locale\" content=\"de_DE\" \/>\n<meta property=\"og:type\" content=\"article\" \/>\n<meta property=\"og:title\" content=\"18ct Yellow Gold Triangle CZ Nose Stud | PureJewels UK\" \/>\n<meta property=\"og:description\" content=\"Shop the 18ct Yellow Gold Triangle CZ Nose Stud at PureJewels UK. Featuring a 4.2mm triangular CZ stone set in a modern three-prong frame.\" \/>\n<meta property=\"og:url\" content=\"https:\/\/www.purejewels.com\/de\/produkt-2\/nasenstecker-aus-gelbgold-43207\/\" \/>\n<meta property=\"og:site_name\" content=\"PureJewels UK\" \/>\n<meta property=\"article:modified_time\" content=\"2025-12-08T08:22:45+00:00\" \/>\n<meta property=\"og:image\" content=\"https:\/\/static.purejewels.com\/wp-content\/uploads\/2022\/10\/43207-43206-43201-2.jpg\" \/>\n\t<meta property=\"og:image:width\" content=\"1000\" \/>\n\t<meta property=\"og:image:height\" content=\"1000\" \/>\n\t<meta property=\"og:image:type\" content=\"image\/jpeg\" \/>\n<meta name=\"twitter:card\" content=\"summary_large_image\" \/>\n<meta name=\"twitter:label1\" content=\"Gesch\u00e4tzte Lesezeit\" \/>\n\t<meta name=\"twitter:data1\" content=\"1\u00a0Minute\" \/>\n<script type=\"application\/ld+json\" class=\"yoast-schema-graph\">{\"@context\":\"https:\\\/\\\/schema.org\",\"@graph\":[{\"@type\":[\"WebPage\",\"ItemPage\"],\"@id\":\"https:\\\/\\\/www.purejewels.com\\\/product\\\/yellow-gold-nose-pin-stud-43207\\\/\",\"url\":\"https:\\\/\\\/www.purejewels.com\\\/product\\\/yellow-gold-nose-pin-stud-43207\\\/\",\"name\":\"18ct Yellow Gold Triangle CZ Nose Stud | PureJewels UK\",\"isPartOf\":{\"@id\":\"https:\\\/\\\/www.purejewels.com\\\/#website\"},\"primaryImageOfPage\":{\"@id\":\"https:\\\/\\\/www.purejewels.com\\\/product\\\/yellow-gold-nose-pin-stud-43207\\\/#primaryimage\"},\"image\":{\"@id\":\"https:\\\/\\\/www.purejewels.com\\\/product\\\/yellow-gold-nose-pin-stud-43207\\\/#primaryimage\"},\"thumbnailUrl\":\"https:\\\/\\\/static.purejewels.com\\\/wp-content\\\/uploads\\\/2022\\\/10\\\/43207-43206-43201-2.jpg\",\"datePublished\":\"2022-10-17T05:42:09+00:00\",\"dateModified\":\"2025-12-08T08:22:45+00:00\",\"description\":\"Shop the 18ct Yellow Gold Triangle CZ Nose Stud at PureJewels UK. Featuring a 4.2mm triangular CZ stone set in a modern three-prong frame.\",\"breadcrumb\":{\"@id\":\"https:\\\/\\\/www.purejewels.com\\\/product\\\/yellow-gold-nose-pin-stud-43207\\\/#breadcrumb\"},\"inLanguage\":\"de\",\"potentialAction\":[{\"@type\":\"ReadAction\",\"target\":[\"https:\\\/\\\/www.purejewels.com\\\/product\\\/yellow-gold-nose-pin-stud-43207\\\/\"]}]},{\"@type\":\"ImageObject\",\"inLanguage\":\"de\",\"@id\":\"https:\\\/\\\/www.purejewels.com\\\/product\\\/yellow-gold-nose-pin-stud-43207\\\/#primaryimage\",\"url\":\"https:\\\/\\\/static.purejewels.com\\\/wp-content\\\/uploads\\\/2022\\\/10\\\/43207-43206-43201-2.jpg\",\"contentUrl\":\"https:\\\/\\\/static.purejewels.com\\\/wp-content\\\/uploads\\\/2022\\\/10\\\/43207-43206-43201-2.jpg\",\"width\":1000,\"height\":1000,\"caption\":\"18ct Gold | Yellow Gold Nose Pin Stud | 4.2mm Thick\"},{\"@type\":\"BreadcrumbList\",\"@id\":\"https:\\\/\\\/www.purejewels.com\\\/product\\\/yellow-gold-nose-pin-stud-43207\\\/#breadcrumb\",\"itemListElement\":[{\"@type\":\"ListItem\",\"position\":1,\"name\":\"Home\",\"item\":\"https:\\\/\\\/www.purejewels.com\\\/\"},{\"@type\":\"ListItem\",\"position\":2,\"name\":\"Shop\",\"item\":\"https:\\\/\\\/www.purejewels.com\\\/shop\\\/\"},{\"@type\":\"ListItem\",\"position\":3,\"name\":\"18ct Gold | Yellow Gold Nose Pin Stud | 4.2mm Thick\"}]},{\"@type\":\"WebSite\",\"@id\":\"https:\\\/\\\/www.purejewels.com\\\/#website\",\"url\":\"https:\\\/\\\/www.purejewels.com\\\/\",\"name\":\"PureJewels UK\",\"description\":\"Share the Love\",\"publisher\":{\"@id\":\"https:\\\/\\\/www.purejewels.com\\\/#organization\"},\"potentialAction\":[{\"@type\":\"SearchAction\",\"target\":{\"@type\":\"EntryPoint\",\"urlTemplate\":\"https:\\\/\\\/www.purejewels.com\\\/?s={search_term_string}\"},\"query-input\":{\"@type\":\"PropertyValueSpecification\",\"valueRequired\":true,\"valueName\":\"search_term_string\"}}],\"inLanguage\":\"de\"},{\"@type\":\"Organization\",\"@id\":\"https:\\\/\\\/www.purejewels.com\\\/#organization\",\"name\":\"PureJewels UK\",\"url\":\"https:\\\/\\\/www.purejewels.com\\\/\",\"logo\":{\"@type\":\"ImageObject\",\"inLanguage\":\"de\",\"@id\":\"https:\\\/\\\/www.purejewels.com\\\/#\\\/schema\\\/logo\\\/image\\\/\",\"url\":\"https:\\\/\\\/static.purejewels.com\\\/wp-content\\\/uploads\\\/2020\\\/11\\\/Logo-PJ-New-1.png\",\"contentUrl\":\"https:\\\/\\\/static.purejewels.com\\\/wp-content\\\/uploads\\\/2020\\\/11\\\/Logo-PJ-New-1.png\",\"width\":150,\"height\":80,\"caption\":\"PureJewels UK\"},\"image\":{\"@id\":\"https:\\\/\\\/www.purejewels.com\\\/#\\\/schema\\\/logo\\\/image\\\/\"}}]}<\/script>\n<!-- \/ Yoast SEO plugin. -->","yoast_head_json":{"title":"18 Karat Gelbgold Dreieck CZ Nasenstecker | PureJewels UK","description":"Kaufen Sie den 18 Karat Gelbgold-Nasenpiercing mit dreieckigem Zirkonia bei PureJewels UK. Mit einem 4,2 mm gro\u00dfen dreieckigen Zirkonia-Stein, der in einer modernen Dreifachfassung eingesetzt ist.","robots":{"index":"index","follow":"follow","max-snippet":"max-snippet:-1","max-image-preview":"max-image-preview:large","max-video-preview":"max-video-preview:-1"},"canonical":"https:\/\/www.purejewels.com\/de\/produkt-2\/nasenstecker-aus-gelbgold-43207\/","og_locale":"de_DE","og_type":"article","og_title":"18ct Yellow Gold Triangle CZ Nose Stud | PureJewels UK","og_description":"Shop the 18ct Yellow Gold Triangle CZ Nose Stud at PureJewels UK. Featuring a 4.2mm triangular CZ stone set in a modern three-prong frame.","og_url":"https:\/\/www.purejewels.com\/de\/produkt-2\/nasenstecker-aus-gelbgold-43207\/","og_site_name":"PureJewels UK","article_modified_time":"2025-12-08T08:22:45+00:00","og_image":[{"width":1000,"height":1000,"url":"https:\/\/static.purejewels.com\/wp-content\/uploads\/2022\/10\/43207-43206-43201-2.jpg","type":"image\/jpeg"}],"twitter_card":"summary_large_image","twitter_misc":{"Gesch\u00e4tzte Lesezeit":"1\u00a0Minute"},"schema":{"@context":"https:\/\/schema.org","@graph":[{"@type":["WebPage","ItemPage"],"@id":"https:\/\/www.purejewels.com\/product\/yellow-gold-nose-pin-stud-43207\/","url":"https:\/\/www.purejewels.com\/product\/yellow-gold-nose-pin-stud-43207\/","name":"18 Karat Gelbgold Dreieck CZ Nasenstecker | PureJewels UK","isPartOf":{"@id":"https:\/\/www.purejewels.com\/#website"},"primaryImageOfPage":{"@id":"https:\/\/www.purejewels.com\/product\/yellow-gold-nose-pin-stud-43207\/#primaryimage"},"image":{"@id":"https:\/\/www.purejewels.com\/product\/yellow-gold-nose-pin-stud-43207\/#primaryimage"},"thumbnailUrl":"https:\/\/static.purejewels.com\/wp-content\/uploads\/2022\/10\/43207-43206-43201-2.jpg","datePublished":"2022-10-17T05:42:09+00:00","dateModified":"2025-12-08T08:22:45+00:00","description":"Kaufen Sie den 18 Karat Gelbgold-Nasenpiercing mit dreieckigem Zirkonia bei PureJewels UK. Mit einem 4,2 mm gro\u00dfen dreieckigen Zirkonia-Stein, der in einer modernen Dreifachfassung eingesetzt ist.","breadcrumb":{"@id":"https:\/\/www.purejewels.com\/product\/yellow-gold-nose-pin-stud-43207\/#breadcrumb"},"inLanguage":"de","potentialAction":[{"@type":"ReadAction","target":["https:\/\/www.purejewels.com\/product\/yellow-gold-nose-pin-stud-43207\/"]}]},{"@type":"ImageObject","inLanguage":"de","@id":"https:\/\/www.purejewels.com\/product\/yellow-gold-nose-pin-stud-43207\/#primaryimage","url":"https:\/\/static.purejewels.com\/wp-content\/uploads\/2022\/10\/43207-43206-43201-2.jpg","contentUrl":"https:\/\/static.purejewels.com\/wp-content\/uploads\/2022\/10\/43207-43206-43201-2.jpg","width":1000,"height":1000,"caption":"18ct Gold | Yellow Gold Nose Pin Stud | 4.2mm Thick"},{"@type":"BreadcrumbList","@id":"https:\/\/www.purejewels.com\/product\/yellow-gold-nose-pin-stud-43207\/#breadcrumb","itemListElement":[{"@type":"ListItem","position":1,"name":"Home","item":"https:\/\/www.purejewels.com\/"},{"@type":"ListItem","position":2,"name":"Shop","item":"https:\/\/www.purejewels.com\/shop\/"},{"@type":"ListItem","position":3,"name":"18ct Gold | Yellow Gold Nose Pin Stud | 4.2mm Thick"}]},{"@type":"WebSite","@id":"https:\/\/www.purejewels.com\/#website","url":"https:\/\/www.purejewels.com\/","name":"PureJewels UK","description":"Teile die Liebe","publisher":{"@id":"https:\/\/www.purejewels.com\/#organization"},"potentialAction":[{"@type":"SearchAction","target":{"@type":"EntryPoint","urlTemplate":"https:\/\/www.purejewels.com\/?s={search_term_string}"},"query-input":{"@type":"PropertyValueSpecification","valueRequired":true,"valueName":"search_term_string"}}],"inLanguage":"de"},{"@type":"Organization","@id":"https:\/\/www.purejewels.com\/#organization","name":"PureJewels UK","url":"https:\/\/www.purejewels.com\/","logo":{"@type":"ImageObject","inLanguage":"de","@id":"https:\/\/www.purejewels.com\/#\/schema\/logo\/image\/","url":"https:\/\/static.purejewels.com\/wp-content\/uploads\/2020\/11\/Logo-PJ-New-1.png","contentUrl":"https:\/\/static.purejewels.com\/wp-content\/uploads\/2020\/11\/Logo-PJ-New-1.png","width":150,"height":80,"caption":"PureJewels UK"},"image":{"@id":"https:\/\/www.purejewels.com\/#\/schema\/logo\/image\/"}}]}},"_links":{"self":[{"href":"https:\/\/www.purejewels.com\/de\/wp-json\/wp\/v2\/product\/339707","targetHints":{"allow":["GET"]}}],"collection":[{"href":"https:\/\/www.purejewels.com\/de\/wp-json\/wp\/v2\/product"}],"about":[{"href":"https:\/\/www.purejewels.com\/de\/wp-json\/wp\/v2\/types\/product"}],"replies":[{"embeddable":true,"href":"https:\/\/www.purejewels.com\/de\/wp-json\/wp\/v2\/comments?post=339707"}],"version-history":[{"count":3,"href":"https:\/\/www.purejewels.com\/de\/wp-json\/wp\/v2\/product\/339707\/revisions"}],"predecessor-version":[{"id":422614,"href":"https:\/\/www.purejewels.com\/de\/wp-json\/wp\/v2\/product\/339707\/revisions\/422614"}],"wp:featuredmedia":[{"embeddable":true,"href":"https:\/\/www.purejewels.com\/de\/wp-json\/wp\/v2\/media\/345460"}],"wp:attachment":[{"href":"https:\/\/www.purejewels.com\/de\/wp-json\/wp\/v2\/media?parent=339707"}],"wp:term":[{"taxonomy":"product_brand","embeddable":true,"href":"https:\/\/www.purejewels.com\/de\/wp-json\/wp\/v2\/product_brand?post=339707"},{"taxonomy":"product_cat","embeddable":true,"href":"https:\/\/www.purejewels.com\/de\/wp-json\/wp\/v2\/product_cat?post=339707"},{"taxonomy":"product_tag","embeddable":true,"href":"https:\/\/www.purejewels.com\/de\/wp-json\/wp\/v2\/product_tag?post=339707"}],"curies":[{"name":"wp","href":"https:\/\/api.w.org\/{rel}","templated":true}]}}