{"id":339818,"date":"2022-10-18T05:41:38","date_gmt":"2022-10-18T04:41:38","guid":{"rendered":"https:\/\/www.purejewels.com\/?post_type=product&#038;p=339818"},"modified":"2025-02-11T04:41:51","modified_gmt":"2025-02-11T04:41:51","slug":"22-karat-gold-runde-ohrstecker-42776","status":"publish","type":"product","link":"https:\/\/www.purejewels.com\/de\/product\/22ct-gold-round-studs-42776\/","title":{"rendered":"22ct Gold Runde Ohrstecker f\u00fcr Damen"},"content":{"rendered":"<p>Wir stellen vor: unser exquisites <a href=\"https:\/\/www.purejewels.com\/de\/elegance-of-sold-gold\/\">Massiv Gold<\/a> Runder Bolzen <a href=\"https:\/\/www.purejewels.com\/de\/product-category\/22ct-gold-jewellery\/gold-earrings\/\">Ohrringe<\/a>speziell f\u00fcr Frauen aus 22 Karat Gold entworfen. Diese zeitlosen Ohrringe sind der Inbegriff von Eleganz und Raffinesse, in Perfektion gefertigt. Gepr\u00fcft durch das renommierte London Assay Office, k\u00f6nnen Sie sich auf die Echtheit und Qualit\u00e4t dieser atemberaubenden St\u00fccke verlassen. Erh\u00f6hen Sie Ihren Stil mit der dauerhaften Sch\u00f6nheit dieser runden Solid Gold <a href=\"https:\/\/www.purejewels.com\/de\/product-category\/22ct-gold-jewellery\/gold-earrings\/stud-earrings\/\">Ohrstecker<\/a>ein wahres Symbol f\u00fcr Luxus und Raffinesse. Perfekt f\u00fcr jeden Anlass und eine unverzichtbare Erg\u00e4nzung f\u00fcr jede Schmucksammlung.<\/p>\n<p>&nbsp;<\/p>\n<p><b>Bereichs-ID<\/b>\u00a0JWERSTRP010<\/p>","protected":false},"excerpt":{"rendered":"<ul>\n<li>22ct Gold Ohrstecker<\/li>\n<li>Wt. 2.1 gms<\/li>\n<li>SKU. 46134<\/li>\n<li>Breite. 7,8 mm<\/li>\n<li>Alle Preise inklusive Mehrwertsteuer<\/li>\n<li>Alle unsere Produkte sind vom London Assay Office gestempelt.<\/li>\n<li>Mit Pr\u00e4sentationsbox<\/li>\n<li>Lieferung inbegriffen<\/li>\n<li>Kontaktieren Sie uns \/ chatten Sie mit uns f\u00fcr ein Live-Video des Produkts<\/li>\n<\/ul>","protected":false},"featured_media":351832,"comment_status":"closed","ping_status":"closed","template":"","meta":{"_eb_attr":"","_crsspst_to_jayantr4sg-hostcom":true},"product_brand":[],"product_cat":[1791,1793,1792,1790,1254,5344,1570,5338,1577,1573,1574,5349],"product_tag":[1430],"class_list":{"0":"post-339818","1":"product","2":"type-product","3":"status-publish","4":"has-post-thumbnail","6":"product_cat-anniversary-gifts","7":"product_cat-diwali-gifts","8":"product_cat-festival-gifts","9":"product_cat-for-whom-when","10":"product_cat-gold-earrings","11":"product_cat-jewellery-under-750","12":"product_cat-mothers-day-gifts","13":"product_cat-shop-by-price","14":"product_cat-stud-earrings","15":"product_cat-wedding-gifts","16":"product_cat-womens-jewellery","17":"product_cat-yellow-gold-jewellery","18":"product_tag-diwali-gift","20":"first","21":"outofstock","22":"taxable","23":"shipping-taxable","24":"product-type-simple","25":"add-to-wishlist-before_image"},"yoast_head":"<!-- This site is optimized with the Yoast SEO plugin v27.5 - https:\/\/yoast.com\/product\/yoast-seo-wordpress\/ -->\n<title>Solid Gold Round Stud Earring for Women in 22ct | Purejewels UK<\/title>\n<meta name=\"description\" content=\"Round Stud Earrings - Shop the latest collection of Solid Gold studs for Women &amp; Girls. Choose from a wide range of Real Gold Earrings.\" \/>\n<meta name=\"robots\" content=\"index, follow, max-snippet:-1, max-image-preview:large, max-video-preview:-1\" \/>\n<link rel=\"canonical\" href=\"https:\/\/www.purejewels.com\/de\/produkt-2\/22-karat-gold-runde-ohrstecker-42776\/\" \/>\n<meta property=\"og:locale\" content=\"de_DE\" \/>\n<meta property=\"og:type\" content=\"article\" \/>\n<meta property=\"og:title\" content=\"Solid Gold Round Stud Earring for Women in 22ct | Purejewels UK\" \/>\n<meta property=\"og:description\" content=\"Round Stud Earrings - Shop the latest collection of Solid Gold studs for Women &amp; Girls. Choose from a wide range of Real Gold Earrings.\" \/>\n<meta property=\"og:url\" content=\"https:\/\/www.purejewels.com\/de\/produkt-2\/22-karat-gold-runde-ohrstecker-42776\/\" \/>\n<meta property=\"og:site_name\" content=\"PureJewels UK\" \/>\n<meta property=\"article:modified_time\" content=\"2025-02-11T04:41:51+00:00\" \/>\n<meta property=\"og:image\" content=\"https:\/\/www.purejewels.com\/wp-content\/uploads\/2022\/10\/46134.png\" \/>\n\t<meta property=\"og:image:width\" content=\"1000\" \/>\n\t<meta property=\"og:image:height\" content=\"1000\" \/>\n\t<meta property=\"og:image:type\" content=\"image\/png\" \/>\n<meta name=\"twitter:card\" content=\"summary_large_image\" \/>\n<meta name=\"twitter:label1\" content=\"Gesch\u00e4tzte Lesezeit\" \/>\n\t<meta name=\"twitter:data1\" content=\"1\u00a0Minute\" \/>\n<script type=\"application\/ld+json\" class=\"yoast-schema-graph\">{\"@context\":\"https:\\\/\\\/schema.org\",\"@graph\":[{\"@type\":[\"WebPage\",\"ItemPage\"],\"@id\":\"https:\\\/\\\/www.purejewels.com\\\/product\\\/22ct-gold-round-studs-42776\\\/\",\"url\":\"https:\\\/\\\/www.purejewels.com\\\/product\\\/22ct-gold-round-studs-42776\\\/\",\"name\":\"Solid Gold Round Stud Earring for Women in 22ct | Purejewels UK\",\"isPartOf\":{\"@id\":\"https:\\\/\\\/www.purejewels.com\\\/#website\"},\"primaryImageOfPage\":{\"@id\":\"https:\\\/\\\/www.purejewels.com\\\/product\\\/22ct-gold-round-studs-42776\\\/#primaryimage\"},\"image\":{\"@id\":\"https:\\\/\\\/www.purejewels.com\\\/product\\\/22ct-gold-round-studs-42776\\\/#primaryimage\"},\"thumbnailUrl\":\"https:\\\/\\\/static.purejewels.com\\\/wp-content\\\/uploads\\\/2022\\\/10\\\/46134.png\",\"datePublished\":\"2022-10-18T04:41:38+00:00\",\"dateModified\":\"2025-02-11T04:41:51+00:00\",\"description\":\"Round Stud Earrings - Shop the latest collection of Solid Gold studs for Women & Girls. Choose from a wide range of Real Gold Earrings.\",\"breadcrumb\":{\"@id\":\"https:\\\/\\\/www.purejewels.com\\\/product\\\/22ct-gold-round-studs-42776\\\/#breadcrumb\"},\"inLanguage\":\"de\",\"potentialAction\":[{\"@type\":\"ReadAction\",\"target\":[\"https:\\\/\\\/www.purejewels.com\\\/product\\\/22ct-gold-round-studs-42776\\\/\"]}]},{\"@type\":\"ImageObject\",\"inLanguage\":\"de\",\"@id\":\"https:\\\/\\\/www.purejewels.com\\\/product\\\/22ct-gold-round-studs-42776\\\/#primaryimage\",\"url\":\"https:\\\/\\\/static.purejewels.com\\\/wp-content\\\/uploads\\\/2022\\\/10\\\/46134.png\",\"contentUrl\":\"https:\\\/\\\/static.purejewels.com\\\/wp-content\\\/uploads\\\/2022\\\/10\\\/46134.png\",\"width\":1000,\"height\":1000,\"caption\":\"22ct Gold Round Studs For Ladies\"},{\"@type\":\"BreadcrumbList\",\"@id\":\"https:\\\/\\\/www.purejewels.com\\\/product\\\/22ct-gold-round-studs-42776\\\/#breadcrumb\",\"itemListElement\":[{\"@type\":\"ListItem\",\"position\":1,\"name\":\"Home\",\"item\":\"https:\\\/\\\/www.purejewels.com\\\/\"},{\"@type\":\"ListItem\",\"position\":2,\"name\":\"Shop\",\"item\":\"https:\\\/\\\/www.purejewels.com\\\/shop\\\/\"},{\"@type\":\"ListItem\",\"position\":3,\"name\":\"22ct Gold Round Studs For Ladies\"}]},{\"@type\":\"WebSite\",\"@id\":\"https:\\\/\\\/www.purejewels.com\\\/#website\",\"url\":\"https:\\\/\\\/www.purejewels.com\\\/\",\"name\":\"PureJewels UK\",\"description\":\"Share the Love\",\"publisher\":{\"@id\":\"https:\\\/\\\/www.purejewels.com\\\/#organization\"},\"potentialAction\":[{\"@type\":\"SearchAction\",\"target\":{\"@type\":\"EntryPoint\",\"urlTemplate\":\"https:\\\/\\\/www.purejewels.com\\\/?s={search_term_string}\"},\"query-input\":{\"@type\":\"PropertyValueSpecification\",\"valueRequired\":true,\"valueName\":\"search_term_string\"}}],\"inLanguage\":\"de\"},{\"@type\":\"Organization\",\"@id\":\"https:\\\/\\\/www.purejewels.com\\\/#organization\",\"name\":\"PureJewels UK\",\"url\":\"https:\\\/\\\/www.purejewels.com\\\/\",\"logo\":{\"@type\":\"ImageObject\",\"inLanguage\":\"de\",\"@id\":\"https:\\\/\\\/www.purejewels.com\\\/#\\\/schema\\\/logo\\\/image\\\/\",\"url\":\"https:\\\/\\\/static.purejewels.com\\\/wp-content\\\/uploads\\\/2020\\\/11\\\/Logo-PJ-New-1.png\",\"contentUrl\":\"https:\\\/\\\/static.purejewels.com\\\/wp-content\\\/uploads\\\/2020\\\/11\\\/Logo-PJ-New-1.png\",\"width\":150,\"height\":80,\"caption\":\"PureJewels UK\"},\"image\":{\"@id\":\"https:\\\/\\\/www.purejewels.com\\\/#\\\/schema\\\/logo\\\/image\\\/\"}}]}<\/script>\n<!-- \/ Yoast SEO plugin. -->","yoast_head_json":{"title":"Massiv Gold Runde Ohrstecker f\u00fcr Frauen in 22ct | Purejewels UK","description":"Runde Ohrstecker - Shoppen Sie die neueste Kollektion von massiven Goldohrsteckern f\u00fcr Frauen und M\u00e4dchen. W\u00e4hlen Sie aus einer breiten Palette von Echtgold-Ohrringen.","robots":{"index":"index","follow":"follow","max-snippet":"max-snippet:-1","max-image-preview":"max-image-preview:large","max-video-preview":"max-video-preview:-1"},"canonical":"https:\/\/www.purejewels.com\/de\/produkt-2\/22-karat-gold-runde-ohrstecker-42776\/","og_locale":"de_DE","og_type":"article","og_title":"Solid Gold Round Stud Earring for Women in 22ct | Purejewels UK","og_description":"Round Stud Earrings - Shop the latest collection of Solid Gold studs for Women & Girls. Choose from a wide range of Real Gold Earrings.","og_url":"https:\/\/www.purejewels.com\/de\/produkt-2\/22-karat-gold-runde-ohrstecker-42776\/","og_site_name":"PureJewels UK","article_modified_time":"2025-02-11T04:41:51+00:00","og_image":[{"width":1000,"height":1000,"url":"https:\/\/www.purejewels.com\/wp-content\/uploads\/2022\/10\/46134.png","type":"image\/png"}],"twitter_card":"summary_large_image","twitter_misc":{"Gesch\u00e4tzte Lesezeit":"1\u00a0Minute"},"schema":{"@context":"https:\/\/schema.org","@graph":[{"@type":["WebPage","ItemPage"],"@id":"https:\/\/www.purejewels.com\/product\/22ct-gold-round-studs-42776\/","url":"https:\/\/www.purejewels.com\/product\/22ct-gold-round-studs-42776\/","name":"Massiv Gold Runde Ohrstecker f\u00fcr Frauen in 22ct | Purejewels UK","isPartOf":{"@id":"https:\/\/www.purejewels.com\/#website"},"primaryImageOfPage":{"@id":"https:\/\/www.purejewels.com\/product\/22ct-gold-round-studs-42776\/#primaryimage"},"image":{"@id":"https:\/\/www.purejewels.com\/product\/22ct-gold-round-studs-42776\/#primaryimage"},"thumbnailUrl":"https:\/\/static.purejewels.com\/wp-content\/uploads\/2022\/10\/46134.png","datePublished":"2022-10-18T04:41:38+00:00","dateModified":"2025-02-11T04:41:51+00:00","description":"Runde Ohrstecker - Shoppen Sie die neueste Kollektion von massiven Goldohrsteckern f\u00fcr Frauen und M\u00e4dchen. W\u00e4hlen Sie aus einer breiten Palette von Echtgold-Ohrringen.","breadcrumb":{"@id":"https:\/\/www.purejewels.com\/product\/22ct-gold-round-studs-42776\/#breadcrumb"},"inLanguage":"de","potentialAction":[{"@type":"ReadAction","target":["https:\/\/www.purejewels.com\/product\/22ct-gold-round-studs-42776\/"]}]},{"@type":"ImageObject","inLanguage":"de","@id":"https:\/\/www.purejewels.com\/product\/22ct-gold-round-studs-42776\/#primaryimage","url":"https:\/\/static.purejewels.com\/wp-content\/uploads\/2022\/10\/46134.png","contentUrl":"https:\/\/static.purejewels.com\/wp-content\/uploads\/2022\/10\/46134.png","width":1000,"height":1000,"caption":"22ct Gold Round Studs For Ladies"},{"@type":"BreadcrumbList","@id":"https:\/\/www.purejewels.com\/product\/22ct-gold-round-studs-42776\/#breadcrumb","itemListElement":[{"@type":"ListItem","position":1,"name":"Home","item":"https:\/\/www.purejewels.com\/"},{"@type":"ListItem","position":2,"name":"Shop","item":"https:\/\/www.purejewels.com\/shop\/"},{"@type":"ListItem","position":3,"name":"22ct Gold Round Studs For Ladies"}]},{"@type":"WebSite","@id":"https:\/\/www.purejewels.com\/#website","url":"https:\/\/www.purejewels.com\/","name":"PureJewels UK","description":"Teile die Liebe","publisher":{"@id":"https:\/\/www.purejewels.com\/#organization"},"potentialAction":[{"@type":"SearchAction","target":{"@type":"EntryPoint","urlTemplate":"https:\/\/www.purejewels.com\/?s={search_term_string}"},"query-input":{"@type":"PropertyValueSpecification","valueRequired":true,"valueName":"search_term_string"}}],"inLanguage":"de"},{"@type":"Organization","@id":"https:\/\/www.purejewels.com\/#organization","name":"PureJewels UK","url":"https:\/\/www.purejewels.com\/","logo":{"@type":"ImageObject","inLanguage":"de","@id":"https:\/\/www.purejewels.com\/#\/schema\/logo\/image\/","url":"https:\/\/static.purejewels.com\/wp-content\/uploads\/2020\/11\/Logo-PJ-New-1.png","contentUrl":"https:\/\/static.purejewels.com\/wp-content\/uploads\/2020\/11\/Logo-PJ-New-1.png","width":150,"height":80,"caption":"PureJewels UK"},"image":{"@id":"https:\/\/www.purejewels.com\/#\/schema\/logo\/image\/"}}]}},"_links":{"self":[{"href":"https:\/\/www.purejewels.com\/de\/wp-json\/wp\/v2\/product\/339818","targetHints":{"allow":["GET"]}}],"collection":[{"href":"https:\/\/www.purejewels.com\/de\/wp-json\/wp\/v2\/product"}],"about":[{"href":"https:\/\/www.purejewels.com\/de\/wp-json\/wp\/v2\/types\/product"}],"replies":[{"embeddable":true,"href":"https:\/\/www.purejewels.com\/de\/wp-json\/wp\/v2\/comments?post=339818"}],"version-history":[{"count":1,"href":"https:\/\/www.purejewels.com\/de\/wp-json\/wp\/v2\/product\/339818\/revisions"}],"predecessor-version":[{"id":387292,"href":"https:\/\/www.purejewels.com\/de\/wp-json\/wp\/v2\/product\/339818\/revisions\/387292"}],"wp:featuredmedia":[{"embeddable":true,"href":"https:\/\/www.purejewels.com\/de\/wp-json\/wp\/v2\/media\/351832"}],"wp:attachment":[{"href":"https:\/\/www.purejewels.com\/de\/wp-json\/wp\/v2\/media?parent=339818"}],"wp:term":[{"taxonomy":"product_brand","embeddable":true,"href":"https:\/\/www.purejewels.com\/de\/wp-json\/wp\/v2\/product_brand?post=339818"},{"taxonomy":"product_cat","embeddable":true,"href":"https:\/\/www.purejewels.com\/de\/wp-json\/wp\/v2\/product_cat?post=339818"},{"taxonomy":"product_tag","embeddable":true,"href":"https:\/\/www.purejewels.com\/de\/wp-json\/wp\/v2\/product_tag?post=339818"}],"curies":[{"name":"wp","href":"https:\/\/api.w.org\/{rel}","templated":true}]}}