{"id":339861,"date":"2022-10-18T08:41:03","date_gmt":"2022-10-18T07:41:03","guid":{"rendered":"https:\/\/www.purejewels.com\/?post_type=product&#038;p=339861"},"modified":"2026-02-18T10:32:35","modified_gmt":"2026-02-18T10:32:35","slug":"18ct-gold-gelbgold-nase-pin-3-9mm-dick-43198","status":"publish","type":"product","link":"https:\/\/www.purejewels.com\/de\/product\/18ct-gold-yellow-gold-nose-pin-3-9mm-thick-43198\/","title":{"rendered":"18ct Gold | Gelbgold Nasenstecker | 3.9mm Durchmesser"},"content":{"rendered":"<p>SKU: 43198<\/p>","protected":false},"excerpt":{"rendered":"<table class=\"sh_desc\" style=\"width: 100%; height: 355px;\">\n<tbody>\n<tr style=\"height: 27px;\">\n<td style=\"height: 27px;\">Typ des Nasenstifts<\/td>\n<td style=\"height: 27px;\">CZ Stein Nase Pin Stud<\/td>\n<\/tr>\n<tr style=\"height: 27px;\">\n<td style=\"height: 27px;\">SKU<\/td>\n<td style=\"height: 27px;\">43198<\/td>\n<\/tr>\n<tr style=\"height: 27px;\">\n<td style=\"height: 27px;\">Gewicht<\/td>\n<td style=\"height: 27px;\">0,3 Gms<\/td>\n<\/tr>\n<tr style=\"height: 27px;\">\n<td style=\"height: 27px;\">Metall<\/td>\n<td style=\"height: 27px;\">18ct Gold<\/td>\n<\/tr>\n<tr style=\"height: 139px;\">\n<td style=\"height: 139px;\">Dimension<\/td>\n<td style=\"height: 139px;\">\n<ul>\n<li>Vorbaul\u00e4nge: 6,2 mm (approax)<\/li>\n<li>Durchmesser der Fassung: 3,9 mm (ca.)<\/li>\n<li>Schaftdicke: 0,9 mm (ca.)<\/li>\n<\/ul>\n<\/td>\n<\/tr>\n<tr style=\"height: 27px;\">\n<td style=\"height: 27px;\">Entgelte<\/td>\n<td style=\"height: 27px;\">Lieferung und Mehrwertsteuer inbegriffen<\/td>\n<\/tr>\n<tr style=\"height: 27px;\">\n<td style=\"height: 27px;\">Verpackung<\/td>\n<td style=\"height: 27px;\">Mit Pr\u00e4sentationsbox<\/td>\n<\/tr>\n<tr style=\"height: 27px;\">\n<td style=\"height: 27px;\">Mehr Informationen<\/td>\n<td style=\"height: 27px;\">Live-Chat mit uns f\u00fcr Verf\u00fcgbarkeit und mehr Bilder<\/td>\n<\/tr>\n<\/tbody>\n<\/table>","protected":false},"featured_media":345383,"comment_status":"closed","ping_status":"closed","template":"","meta":{"_eb_attr":"","_crsspst_to_jayantr4sg-hostcom":false},"product_brand":[],"product_cat":[5679,1711,5342,5942,1574],"product_tag":[],"class_list":{"0":"post-339861","1":"product","2":"type-product","3":"status-publish","4":"has-post-thumbnail","6":"product_cat-18ct-gold-jewellery","7":"product_cat-gold-nose-studs","8":"product_cat-jewellery-under-250","9":"product_cat-nose-jewellery","10":"product_cat-womens-jewellery","12":"first","13":"instock","14":"taxable","15":"shipping-taxable","16":"purchasable","17":"product-type-simple","18":"add-to-wishlist-before_image"},"yoast_head":"<!-- This site is optimized with the Yoast SEO plugin v27.5 - https:\/\/yoast.com\/product\/yoast-seo-wordpress\/ -->\n<title>18ct Gold | CZ Nose Pin Stud | 3.9mm Thick | Purejewels<\/title>\n<meta name=\"description\" content=\"View our Yellow Gold Nose Pin online from PureJewels.com. Choose a delicate dot, a romantic heart or a sweet flower Nose pin from our Nose Stud Collection.\" \/>\n<meta name=\"robots\" content=\"index, follow, max-snippet:-1, max-image-preview:large, max-video-preview:-1\" \/>\n<link rel=\"canonical\" href=\"https:\/\/www.purejewels.com\/de\/produkt-2\/18ct-gold-gelbgold-nase-pin-3-9mm-dick-43198\/\" \/>\n<meta property=\"og:locale\" content=\"de_DE\" \/>\n<meta property=\"og:type\" content=\"article\" \/>\n<meta property=\"og:title\" content=\"18ct Gold | CZ Nose Pin Stud | 3.9mm Thick | Purejewels\" \/>\n<meta property=\"og:description\" content=\"View our Yellow Gold Nose Pin online from PureJewels.com. Choose a delicate dot, a romantic heart or a sweet flower Nose pin from our Nose Stud Collection.\" \/>\n<meta property=\"og:url\" content=\"https:\/\/www.purejewels.com\/de\/produkt-2\/18ct-gold-gelbgold-nase-pin-3-9mm-dick-43198\/\" \/>\n<meta property=\"og:site_name\" content=\"PureJewels UK\" \/>\n<meta property=\"article:modified_time\" content=\"2026-02-18T10:32:35+00:00\" \/>\n<meta property=\"og:image\" content=\"https:\/\/static.purejewels.com\/wp-content\/uploads\/2022\/10\/43199-43198.jpg\" \/>\n\t<meta property=\"og:image:width\" content=\"1\" \/>\n\t<meta property=\"og:image:height\" content=\"1\" \/>\n\t<meta property=\"og:image:type\" content=\"image\/jpeg\" \/>\n<meta name=\"twitter:card\" content=\"summary_large_image\" \/>\n<meta name=\"twitter:label1\" content=\"Gesch\u00e4tzte Lesezeit\" \/>\n\t<meta name=\"twitter:data1\" content=\"1\u00a0Minute\" \/>\n<script type=\"application\/ld+json\" class=\"yoast-schema-graph\">{\"@context\":\"https:\\\/\\\/schema.org\",\"@graph\":[{\"@type\":[\"WebPage\",\"ItemPage\"],\"@id\":\"https:\\\/\\\/www.purejewels.com\\\/product\\\/18ct-gold-yellow-gold-nose-pin-3-9mm-thick-43198\\\/\",\"url\":\"https:\\\/\\\/www.purejewels.com\\\/product\\\/18ct-gold-yellow-gold-nose-pin-3-9mm-thick-43198\\\/\",\"name\":\"18ct Gold | CZ Nose Pin Stud | 3.9mm Thick | Purejewels\",\"isPartOf\":{\"@id\":\"https:\\\/\\\/www.purejewels.com\\\/#website\"},\"primaryImageOfPage\":{\"@id\":\"https:\\\/\\\/www.purejewels.com\\\/product\\\/18ct-gold-yellow-gold-nose-pin-3-9mm-thick-43198\\\/#primaryimage\"},\"image\":{\"@id\":\"https:\\\/\\\/www.purejewels.com\\\/product\\\/18ct-gold-yellow-gold-nose-pin-3-9mm-thick-43198\\\/#primaryimage\"},\"thumbnailUrl\":\"https:\\\/\\\/static.purejewels.com\\\/wp-content\\\/uploads\\\/2022\\\/10\\\/43199-43198.jpg\",\"datePublished\":\"2022-10-18T07:41:03+00:00\",\"dateModified\":\"2026-02-18T10:32:35+00:00\",\"description\":\"View our Yellow Gold Nose Pin online from PureJewels.com. Choose a delicate dot, a romantic heart or a sweet flower Nose pin from our Nose Stud Collection.\",\"breadcrumb\":{\"@id\":\"https:\\\/\\\/www.purejewels.com\\\/product\\\/18ct-gold-yellow-gold-nose-pin-3-9mm-thick-43198\\\/#breadcrumb\"},\"inLanguage\":\"de\",\"potentialAction\":[{\"@type\":\"ReadAction\",\"target\":[\"https:\\\/\\\/www.purejewels.com\\\/product\\\/18ct-gold-yellow-gold-nose-pin-3-9mm-thick-43198\\\/\"]}]},{\"@type\":\"ImageObject\",\"inLanguage\":\"de\",\"@id\":\"https:\\\/\\\/www.purejewels.com\\\/product\\\/18ct-gold-yellow-gold-nose-pin-3-9mm-thick-43198\\\/#primaryimage\",\"url\":\"https:\\\/\\\/static.purejewels.com\\\/wp-content\\\/uploads\\\/2022\\\/10\\\/43199-43198.jpg\",\"contentUrl\":\"https:\\\/\\\/static.purejewels.com\\\/wp-content\\\/uploads\\\/2022\\\/10\\\/43199-43198.jpg\",\"caption\":\"Gold Nose Stud Pin\"},{\"@type\":\"BreadcrumbList\",\"@id\":\"https:\\\/\\\/www.purejewels.com\\\/product\\\/18ct-gold-yellow-gold-nose-pin-3-9mm-thick-43198\\\/#breadcrumb\",\"itemListElement\":[{\"@type\":\"ListItem\",\"position\":1,\"name\":\"Home\",\"item\":\"https:\\\/\\\/www.purejewels.com\\\/\"},{\"@type\":\"ListItem\",\"position\":2,\"name\":\"Shop\",\"item\":\"https:\\\/\\\/www.purejewels.com\\\/shop\\\/\"},{\"@type\":\"ListItem\",\"position\":3,\"name\":\"18ct Gold | Yellow Gold Nose Pin | 3.9mm Diameter\"}]},{\"@type\":\"WebSite\",\"@id\":\"https:\\\/\\\/www.purejewels.com\\\/#website\",\"url\":\"https:\\\/\\\/www.purejewels.com\\\/\",\"name\":\"PureJewels UK\",\"description\":\"Share the Love\",\"publisher\":{\"@id\":\"https:\\\/\\\/www.purejewels.com\\\/#organization\"},\"potentialAction\":[{\"@type\":\"SearchAction\",\"target\":{\"@type\":\"EntryPoint\",\"urlTemplate\":\"https:\\\/\\\/www.purejewels.com\\\/?s={search_term_string}\"},\"query-input\":{\"@type\":\"PropertyValueSpecification\",\"valueRequired\":true,\"valueName\":\"search_term_string\"}}],\"inLanguage\":\"de\"},{\"@type\":\"Organization\",\"@id\":\"https:\\\/\\\/www.purejewels.com\\\/#organization\",\"name\":\"PureJewels UK\",\"url\":\"https:\\\/\\\/www.purejewels.com\\\/\",\"logo\":{\"@type\":\"ImageObject\",\"inLanguage\":\"de\",\"@id\":\"https:\\\/\\\/www.purejewels.com\\\/#\\\/schema\\\/logo\\\/image\\\/\",\"url\":\"https:\\\/\\\/static.purejewels.com\\\/wp-content\\\/uploads\\\/2020\\\/11\\\/Logo-PJ-New-1.png\",\"contentUrl\":\"https:\\\/\\\/static.purejewels.com\\\/wp-content\\\/uploads\\\/2020\\\/11\\\/Logo-PJ-New-1.png\",\"width\":150,\"height\":80,\"caption\":\"PureJewels UK\"},\"image\":{\"@id\":\"https:\\\/\\\/www.purejewels.com\\\/#\\\/schema\\\/logo\\\/image\\\/\"}}]}<\/script>\n<!-- \/ Yoast SEO plugin. -->","yoast_head_json":{"title":"18ct Gold | CZ Nose Pin Stud | 3,9mm dick | Purejewels","description":"Sehen Sie sich unsere Nasenstecker aus Gelbgold online bei PureJewels.com an. W\u00e4hlen Sie einen zarten Punkt, ein romantisches Herz oder eine s\u00fc\u00dfe Blume Nose Pin aus unserer Nose Stud Collection.","robots":{"index":"index","follow":"follow","max-snippet":"max-snippet:-1","max-image-preview":"max-image-preview:large","max-video-preview":"max-video-preview:-1"},"canonical":"https:\/\/www.purejewels.com\/de\/produkt-2\/18ct-gold-gelbgold-nase-pin-3-9mm-dick-43198\/","og_locale":"de_DE","og_type":"article","og_title":"18ct Gold | CZ Nose Pin Stud | 3.9mm Thick | Purejewels","og_description":"View our Yellow Gold Nose Pin online from PureJewels.com. Choose a delicate dot, a romantic heart or a sweet flower Nose pin from our Nose Stud Collection.","og_url":"https:\/\/www.purejewels.com\/de\/produkt-2\/18ct-gold-gelbgold-nase-pin-3-9mm-dick-43198\/","og_site_name":"PureJewels UK","article_modified_time":"2026-02-18T10:32:35+00:00","og_image":[{"url":"https:\/\/static.purejewels.com\/wp-content\/uploads\/2022\/10\/43199-43198.jpg","width":1,"height":1,"type":"image\/jpeg"}],"twitter_card":"summary_large_image","twitter_misc":{"Gesch\u00e4tzte Lesezeit":"1\u00a0Minute"},"schema":{"@context":"https:\/\/schema.org","@graph":[{"@type":["WebPage","ItemPage"],"@id":"https:\/\/www.purejewels.com\/product\/18ct-gold-yellow-gold-nose-pin-3-9mm-thick-43198\/","url":"https:\/\/www.purejewels.com\/product\/18ct-gold-yellow-gold-nose-pin-3-9mm-thick-43198\/","name":"18ct Gold | CZ Nose Pin Stud | 3,9mm dick | Purejewels","isPartOf":{"@id":"https:\/\/www.purejewels.com\/#website"},"primaryImageOfPage":{"@id":"https:\/\/www.purejewels.com\/product\/18ct-gold-yellow-gold-nose-pin-3-9mm-thick-43198\/#primaryimage"},"image":{"@id":"https:\/\/www.purejewels.com\/product\/18ct-gold-yellow-gold-nose-pin-3-9mm-thick-43198\/#primaryimage"},"thumbnailUrl":"https:\/\/static.purejewels.com\/wp-content\/uploads\/2022\/10\/43199-43198.jpg","datePublished":"2022-10-18T07:41:03+00:00","dateModified":"2026-02-18T10:32:35+00:00","description":"Sehen Sie sich unsere Nasenstecker aus Gelbgold online bei PureJewels.com an. W\u00e4hlen Sie einen zarten Punkt, ein romantisches Herz oder eine s\u00fc\u00dfe Blume Nose Pin aus unserer Nose Stud Collection.","breadcrumb":{"@id":"https:\/\/www.purejewels.com\/product\/18ct-gold-yellow-gold-nose-pin-3-9mm-thick-43198\/#breadcrumb"},"inLanguage":"de","potentialAction":[{"@type":"ReadAction","target":["https:\/\/www.purejewels.com\/product\/18ct-gold-yellow-gold-nose-pin-3-9mm-thick-43198\/"]}]},{"@type":"ImageObject","inLanguage":"de","@id":"https:\/\/www.purejewels.com\/product\/18ct-gold-yellow-gold-nose-pin-3-9mm-thick-43198\/#primaryimage","url":"https:\/\/static.purejewels.com\/wp-content\/uploads\/2022\/10\/43199-43198.jpg","contentUrl":"https:\/\/static.purejewels.com\/wp-content\/uploads\/2022\/10\/43199-43198.jpg","caption":"Gold Nose Stud Pin"},{"@type":"BreadcrumbList","@id":"https:\/\/www.purejewels.com\/product\/18ct-gold-yellow-gold-nose-pin-3-9mm-thick-43198\/#breadcrumb","itemListElement":[{"@type":"ListItem","position":1,"name":"Home","item":"https:\/\/www.purejewels.com\/"},{"@type":"ListItem","position":2,"name":"Shop","item":"https:\/\/www.purejewels.com\/shop\/"},{"@type":"ListItem","position":3,"name":"18ct Gold | Yellow Gold Nose Pin | 3.9mm Diameter"}]},{"@type":"WebSite","@id":"https:\/\/www.purejewels.com\/#website","url":"https:\/\/www.purejewels.com\/","name":"PureJewels UK","description":"Teile die Liebe","publisher":{"@id":"https:\/\/www.purejewels.com\/#organization"},"potentialAction":[{"@type":"SearchAction","target":{"@type":"EntryPoint","urlTemplate":"https:\/\/www.purejewels.com\/?s={search_term_string}"},"query-input":{"@type":"PropertyValueSpecification","valueRequired":true,"valueName":"search_term_string"}}],"inLanguage":"de"},{"@type":"Organization","@id":"https:\/\/www.purejewels.com\/#organization","name":"PureJewels UK","url":"https:\/\/www.purejewels.com\/","logo":{"@type":"ImageObject","inLanguage":"de","@id":"https:\/\/www.purejewels.com\/#\/schema\/logo\/image\/","url":"https:\/\/static.purejewels.com\/wp-content\/uploads\/2020\/11\/Logo-PJ-New-1.png","contentUrl":"https:\/\/static.purejewels.com\/wp-content\/uploads\/2020\/11\/Logo-PJ-New-1.png","width":150,"height":80,"caption":"PureJewels UK"},"image":{"@id":"https:\/\/www.purejewels.com\/#\/schema\/logo\/image\/"}}]}},"_links":{"self":[{"href":"https:\/\/www.purejewels.com\/de\/wp-json\/wp\/v2\/product\/339861","targetHints":{"allow":["GET"]}}],"collection":[{"href":"https:\/\/www.purejewels.com\/de\/wp-json\/wp\/v2\/product"}],"about":[{"href":"https:\/\/www.purejewels.com\/de\/wp-json\/wp\/v2\/types\/product"}],"replies":[{"embeddable":true,"href":"https:\/\/www.purejewels.com\/de\/wp-json\/wp\/v2\/comments?post=339861"}],"version-history":[{"count":1,"href":"https:\/\/www.purejewels.com\/de\/wp-json\/wp\/v2\/product\/339861\/revisions"}],"predecessor-version":[{"id":371770,"href":"https:\/\/www.purejewels.com\/de\/wp-json\/wp\/v2\/product\/339861\/revisions\/371770"}],"wp:featuredmedia":[{"embeddable":true,"href":"https:\/\/www.purejewels.com\/de\/wp-json\/wp\/v2\/media\/345383"}],"wp:attachment":[{"href":"https:\/\/www.purejewels.com\/de\/wp-json\/wp\/v2\/media?parent=339861"}],"wp:term":[{"taxonomy":"product_brand","embeddable":true,"href":"https:\/\/www.purejewels.com\/de\/wp-json\/wp\/v2\/product_brand?post=339861"},{"taxonomy":"product_cat","embeddable":true,"href":"https:\/\/www.purejewels.com\/de\/wp-json\/wp\/v2\/product_cat?post=339861"},{"taxonomy":"product_tag","embeddable":true,"href":"https:\/\/www.purejewels.com\/de\/wp-json\/wp\/v2\/product_tag?post=339861"}],"curies":[{"name":"wp","href":"https:\/\/api.w.org\/{rel}","templated":true}]}}