{"id":339872,"date":"2025-12-15T10:51:22","date_gmt":"2025-12-15T10:51:22","guid":{"rendered":"https:\/\/www.purejewels.com\/?post_type=product&#038;p=339872"},"modified":"2026-02-11T13:31:07","modified_gmt":"2026-02-11T13:31:07","slug":"22ct-gold-perlenarmband-fur-damen-3-1mm-7-5-zoll-50068","status":"publish","type":"product","link":"https:\/\/www.purejewels.com\/de\/product\/22ct-gold-pearl-bracelet-for-ladies-3-1mm-7-5-inches-50068\/","title":{"rendered":"22ct Gold Perlenarmband f\u00fcr Damen | 7 Inches"},"content":{"rendered":"<h4 data-start=\"423\" data-end=\"440\"><strong data-start=\"428\" data-end=\"438\">Gestaltung<\/strong><\/h4>\n<p data-start=\"441\" data-end=\"766\">Dieses Armband besteht aus einer rhythmischen Anordnung von leuchtenden Perlen, die durch feine 22-kar\u00e4tige Goldglieder verbunden sind. Die minimale und luftige Komposition verleiht ihm eine anmutige Silhouette, w\u00e4hrend der Glanz des Goldes mit dem sanften Schimmer der Perlen einen raffinierten Kontrast bildet. Ein unaufdringliches Design, das Reinheit und Eleganz zelebriert.<\/p>\n<h4 data-start=\"768\" data-end=\"792\"><strong data-start=\"773\" data-end=\"790\">Handwerkliches K\u00f6nnen<\/strong><\/h4>\n<p data-start=\"793\" data-end=\"1140\">Jede Perle wird sorgf\u00e4ltig von Hand aufgef\u00e4delt und in speziell angefertigten Goldgliedern befestigt, um sowohl St\u00e4rke als auch flie\u00dfende Bewegungen zu gew\u00e4hrleisten. Die Schlie\u00dfe ist aus massivem 22-kar\u00e4tigem Gold gefertigt und verbindet Funktionalit\u00e4t mit Sch\u00f6nheit. Die sorgf\u00e4ltige Anordnung der Perlen spiegelt das Auge des Kunsthandwerkers f\u00fcr Pr\u00e4zision und Ausgewogenheit wider und bietet ein St\u00fcck, das sich sowohl leicht als auch langlebig anf\u00fchlt.<\/p>\n<h4 data-start=\"1142\" data-end=\"1160\"><strong data-start=\"1147\" data-end=\"1158\">Styling<\/strong><\/h4>\n<p data-start=\"1161\" data-end=\"1485\">Dieses Armband eignet sich perfekt zum Kombinieren mit Armreifen oder zum Tragen als Einzelst\u00fcck f\u00fcr ein subtiles Statement und passt m\u00fchelos sowohl zu modernen als auch zu traditionellen Looks. Kombinieren Sie es mit Goldketten f\u00fcr einen eleganten Tageslook oder mit edlem Schmuck f\u00fcr festliche Anl\u00e4sse. Sein klassischer Charme macht es zu einer vielseitigen Erg\u00e4nzung f\u00fcr jede Schmucksammlung.<\/p>\n<ul>\n<li>SKU. 50068, 50066<\/li>\n<li><b>Bereichs-ID YGBR317<\/b><\/li>\n<\/ul>","protected":false},"excerpt":{"rendered":"<p>Dieses zarte Armband aus Perlen und 22-kar\u00e4tigem Gold verk\u00f6rpert Eleganz in ihrer einfachsten Form. Mit abwechselnd goldenen Gliedern und schimmernden Perlen ist es ein zeitloses St\u00fcck, das sich nahtlos vom Alltag bis zu besonderen Anl\u00e4ssen tragen l\u00e4sst.<\/p>\n<p><strong>SKU:<\/strong> 50068, 50066<br \/>\n<strong>Gewicht:<\/strong> 5.4 Gms<br \/>\n<strong>L\u00e4nge:<\/strong> 7 Zoll<br \/>\n<strong>Metall:<\/strong>\u00a022ct Gold (91,6% reines Gold)<\/p>\n<p><strong>Wahrzeichen:<\/strong>\u00a022ct Gold, gestempelt vom London Assay Office<br \/>\n<strong>Anklagen:<\/strong>\u00a0Lieferung und Mehrwertsteuer inbegriffen<\/p>\n<p><strong>Mehr Informationen<\/strong><br \/>\nLive-Chat mit uns f\u00fcr Verf\u00fcgbarkeit und mehr Bilder<\/p>","protected":false},"featured_media":340154,"comment_status":"closed","ping_status":"closed","template":"","meta":{"_eb_attr":"","_crsspst_to_jayantr4sg-hostcom":false},"product_brand":[],"product_cat":[1791,5441,1559,1794,1793,1792,1324,1229,5456,1569,1573,1574,5349],"product_tag":[],"class_list":{"0":"post-339872","1":"product","2":"type-product","3":"status-publish","4":"has-post-thumbnail","6":"product_cat-anniversary-gifts","7":"product_cat-gold-bead-bracelets","8":"product_cat-birthday-gifts","9":"product_cat-christmas-gifts","10":"product_cat-diwali-gifts","11":"product_cat-festival-gifts","12":"product_cat-gold-bracelet","13":"product_cat-22ct-gold-jewellery","14":"product_cat-pearl-collection","15":"product_cat-valentine-day-gifts","16":"product_cat-wedding-gifts","17":"product_cat-womens-jewellery","18":"product_cat-yellow-gold-jewellery","20":"first","21":"instock","22":"taxable","23":"shipping-taxable","24":"purchasable","25":"product-type-simple","26":"add-to-wishlist-before_image"},"yoast_head":"<!-- This site is optimized with the Yoast SEO plugin v27.6 - https:\/\/yoast.com\/product\/yoast-seo-wordpress\/ -->\n<title>22ct Gold Pearl Bracelet for special occasions | PureJewels Uk<\/title>\n<meta name=\"description\" content=\"This unique and stunning gold pearl Bracelet is the perfect jewellery gift for her. Visit PureJewels to browse our pearl collection.\" \/>\n<meta name=\"robots\" content=\"index, follow, max-snippet:-1, max-image-preview:large, max-video-preview:-1\" \/>\n<link rel=\"canonical\" href=\"https:\/\/www.purejewels.com\/de\/produkt-2\/22ct-gold-perlenarmband-fur-damen-3-1mm-7-5-zoll-50068\/\" \/>\n<meta property=\"og:locale\" content=\"de_DE\" \/>\n<meta property=\"og:type\" content=\"article\" \/>\n<meta property=\"og:title\" content=\"22ct Gold Pearl Bracelet for special occasions | PureJewels Uk\" \/>\n<meta property=\"og:description\" content=\"This unique and stunning gold pearl Bracelet is the perfect jewellery gift for her. Visit PureJewels to browse our pearl collection.\" \/>\n<meta property=\"og:url\" content=\"https:\/\/www.purejewels.com\/de\/produkt-2\/22ct-gold-perlenarmband-fur-damen-3-1mm-7-5-zoll-50068\/\" \/>\n<meta property=\"og:site_name\" content=\"PureJewels UK\" \/>\n<meta property=\"article:modified_time\" content=\"2026-02-11T13:31:07+00:00\" \/>\n<meta property=\"og:image\" content=\"https:\/\/static.purejewels.com\/wp-content\/uploads\/2022\/10\/43612-1-1.jpg\" \/>\n\t<meta property=\"og:image:width\" content=\"1000\" \/>\n\t<meta property=\"og:image:height\" content=\"1000\" \/>\n\t<meta property=\"og:image:type\" content=\"image\/jpeg\" \/>\n<meta name=\"twitter:card\" content=\"summary_large_image\" \/>\n<meta name=\"twitter:label1\" content=\"Gesch\u00e4tzte Lesezeit\" \/>\n\t<meta name=\"twitter:data1\" content=\"1\u00a0Minute\" \/>\n<script type=\"application\/ld+json\" class=\"yoast-schema-graph\">{\"@context\":\"https:\\\/\\\/schema.org\",\"@graph\":[{\"@type\":[\"WebPage\",\"ItemPage\"],\"@id\":\"https:\\\/\\\/www.purejewels.com\\\/product\\\/22ct-gold-pearl-bracelet-for-ladies-3-1mm-7-5-inches-50068\\\/\",\"url\":\"https:\\\/\\\/www.purejewels.com\\\/product\\\/22ct-gold-pearl-bracelet-for-ladies-3-1mm-7-5-inches-50068\\\/\",\"name\":\"22ct Gold Pearl Bracelet for special occasions | PureJewels Uk\",\"isPartOf\":{\"@id\":\"https:\\\/\\\/www.purejewels.com\\\/#website\"},\"primaryImageOfPage\":{\"@id\":\"https:\\\/\\\/www.purejewels.com\\\/product\\\/22ct-gold-pearl-bracelet-for-ladies-3-1mm-7-5-inches-50068\\\/#primaryimage\"},\"image\":{\"@id\":\"https:\\\/\\\/www.purejewels.com\\\/product\\\/22ct-gold-pearl-bracelet-for-ladies-3-1mm-7-5-inches-50068\\\/#primaryimage\"},\"thumbnailUrl\":\"https:\\\/\\\/static.purejewels.com\\\/wp-content\\\/uploads\\\/2022\\\/10\\\/43612-1-1.jpg\",\"datePublished\":\"2025-12-15T10:51:22+00:00\",\"dateModified\":\"2026-02-11T13:31:07+00:00\",\"description\":\"This unique and stunning gold pearl Bracelet is the perfect jewellery gift for her. Visit PureJewels to browse our pearl collection.\",\"breadcrumb\":{\"@id\":\"https:\\\/\\\/www.purejewels.com\\\/product\\\/22ct-gold-pearl-bracelet-for-ladies-3-1mm-7-5-inches-50068\\\/#breadcrumb\"},\"inLanguage\":\"de\",\"potentialAction\":[{\"@type\":\"ReadAction\",\"target\":[\"https:\\\/\\\/www.purejewels.com\\\/product\\\/22ct-gold-pearl-bracelet-for-ladies-3-1mm-7-5-inches-50068\\\/\"]}]},{\"@type\":\"ImageObject\",\"inLanguage\":\"de\",\"@id\":\"https:\\\/\\\/www.purejewels.com\\\/product\\\/22ct-gold-pearl-bracelet-for-ladies-3-1mm-7-5-inches-50068\\\/#primaryimage\",\"url\":\"https:\\\/\\\/static.purejewels.com\\\/wp-content\\\/uploads\\\/2022\\\/10\\\/43612-1-1.jpg\",\"contentUrl\":\"https:\\\/\\\/static.purejewels.com\\\/wp-content\\\/uploads\\\/2022\\\/10\\\/43612-1-1.jpg\",\"width\":1000,\"height\":1000},{\"@type\":\"BreadcrumbList\",\"@id\":\"https:\\\/\\\/www.purejewels.com\\\/product\\\/22ct-gold-pearl-bracelet-for-ladies-3-1mm-7-5-inches-50068\\\/#breadcrumb\",\"itemListElement\":[{\"@type\":\"ListItem\",\"position\":1,\"name\":\"Home\",\"item\":\"https:\\\/\\\/www.purejewels.com\\\/\"},{\"@type\":\"ListItem\",\"position\":2,\"name\":\"Shop\",\"item\":\"https:\\\/\\\/www.purejewels.com\\\/shop\\\/\"},{\"@type\":\"ListItem\",\"position\":3,\"name\":\"22ct Gold Pearl Bracelet for Ladies | 7 Inches\"}]},{\"@type\":\"WebSite\",\"@id\":\"https:\\\/\\\/www.purejewels.com\\\/#website\",\"url\":\"https:\\\/\\\/www.purejewels.com\\\/\",\"name\":\"PureJewels UK\",\"description\":\"Share the Love\",\"publisher\":{\"@id\":\"https:\\\/\\\/www.purejewels.com\\\/#organization\"},\"potentialAction\":[{\"@type\":\"SearchAction\",\"target\":{\"@type\":\"EntryPoint\",\"urlTemplate\":\"https:\\\/\\\/www.purejewels.com\\\/?s={search_term_string}\"},\"query-input\":{\"@type\":\"PropertyValueSpecification\",\"valueRequired\":true,\"valueName\":\"search_term_string\"}}],\"inLanguage\":\"de\"},{\"@type\":\"Organization\",\"@id\":\"https:\\\/\\\/www.purejewels.com\\\/#organization\",\"name\":\"PureJewels UK\",\"url\":\"https:\\\/\\\/www.purejewels.com\\\/\",\"logo\":{\"@type\":\"ImageObject\",\"inLanguage\":\"de\",\"@id\":\"https:\\\/\\\/www.purejewels.com\\\/#\\\/schema\\\/logo\\\/image\\\/\",\"url\":\"https:\\\/\\\/static.purejewels.com\\\/wp-content\\\/uploads\\\/2020\\\/11\\\/Logo-PJ-New-1.png\",\"contentUrl\":\"https:\\\/\\\/static.purejewels.com\\\/wp-content\\\/uploads\\\/2020\\\/11\\\/Logo-PJ-New-1.png\",\"width\":150,\"height\":80,\"caption\":\"PureJewels UK\"},\"image\":{\"@id\":\"https:\\\/\\\/www.purejewels.com\\\/#\\\/schema\\\/logo\\\/image\\\/\"}}]}<\/script>\n<!-- \/ Yoast SEO plugin. -->","yoast_head_json":{"title":"22ct Gold Perlenarmband f\u00fcr besondere Anl\u00e4sse | PureJewels Uk","description":"Dieses einzigartige und atemberaubende Goldperlenarmband ist das perfekte Schmuckgeschenk f\u00fcr sie. Besuchen Sie PureJewels, um unsere Perlen-Kollektion zu durchst\u00f6bern.","robots":{"index":"index","follow":"follow","max-snippet":"max-snippet:-1","max-image-preview":"max-image-preview:large","max-video-preview":"max-video-preview:-1"},"canonical":"https:\/\/www.purejewels.com\/de\/produkt-2\/22ct-gold-perlenarmband-fur-damen-3-1mm-7-5-zoll-50068\/","og_locale":"de_DE","og_type":"article","og_title":"22ct Gold Pearl Bracelet for special occasions | PureJewels Uk","og_description":"This unique and stunning gold pearl Bracelet is the perfect jewellery gift for her. Visit PureJewels to browse our pearl collection.","og_url":"https:\/\/www.purejewels.com\/de\/produkt-2\/22ct-gold-perlenarmband-fur-damen-3-1mm-7-5-zoll-50068\/","og_site_name":"PureJewels UK","article_modified_time":"2026-02-11T13:31:07+00:00","og_image":[{"width":1000,"height":1000,"url":"https:\/\/static.purejewels.com\/wp-content\/uploads\/2022\/10\/43612-1-1.jpg","type":"image\/jpeg"}],"twitter_card":"summary_large_image","twitter_misc":{"Gesch\u00e4tzte Lesezeit":"1\u00a0Minute"},"schema":{"@context":"https:\/\/schema.org","@graph":[{"@type":["WebPage","ItemPage"],"@id":"https:\/\/www.purejewels.com\/product\/22ct-gold-pearl-bracelet-for-ladies-3-1mm-7-5-inches-50068\/","url":"https:\/\/www.purejewels.com\/product\/22ct-gold-pearl-bracelet-for-ladies-3-1mm-7-5-inches-50068\/","name":"22ct Gold Perlenarmband f\u00fcr besondere Anl\u00e4sse | PureJewels Uk","isPartOf":{"@id":"https:\/\/www.purejewels.com\/#website"},"primaryImageOfPage":{"@id":"https:\/\/www.purejewels.com\/product\/22ct-gold-pearl-bracelet-for-ladies-3-1mm-7-5-inches-50068\/#primaryimage"},"image":{"@id":"https:\/\/www.purejewels.com\/product\/22ct-gold-pearl-bracelet-for-ladies-3-1mm-7-5-inches-50068\/#primaryimage"},"thumbnailUrl":"https:\/\/static.purejewels.com\/wp-content\/uploads\/2022\/10\/43612-1-1.jpg","datePublished":"2025-12-15T10:51:22+00:00","dateModified":"2026-02-11T13:31:07+00:00","description":"Dieses einzigartige und atemberaubende Goldperlenarmband ist das perfekte Schmuckgeschenk f\u00fcr sie. Besuchen Sie PureJewels, um unsere Perlen-Kollektion zu durchst\u00f6bern.","breadcrumb":{"@id":"https:\/\/www.purejewels.com\/product\/22ct-gold-pearl-bracelet-for-ladies-3-1mm-7-5-inches-50068\/#breadcrumb"},"inLanguage":"de","potentialAction":[{"@type":"ReadAction","target":["https:\/\/www.purejewels.com\/product\/22ct-gold-pearl-bracelet-for-ladies-3-1mm-7-5-inches-50068\/"]}]},{"@type":"ImageObject","inLanguage":"de","@id":"https:\/\/www.purejewels.com\/product\/22ct-gold-pearl-bracelet-for-ladies-3-1mm-7-5-inches-50068\/#primaryimage","url":"https:\/\/static.purejewels.com\/wp-content\/uploads\/2022\/10\/43612-1-1.jpg","contentUrl":"https:\/\/static.purejewels.com\/wp-content\/uploads\/2022\/10\/43612-1-1.jpg","width":1000,"height":1000},{"@type":"BreadcrumbList","@id":"https:\/\/www.purejewels.com\/product\/22ct-gold-pearl-bracelet-for-ladies-3-1mm-7-5-inches-50068\/#breadcrumb","itemListElement":[{"@type":"ListItem","position":1,"name":"Home","item":"https:\/\/www.purejewels.com\/"},{"@type":"ListItem","position":2,"name":"Shop","item":"https:\/\/www.purejewels.com\/shop\/"},{"@type":"ListItem","position":3,"name":"22ct Gold Pearl Bracelet for Ladies | 7 Inches"}]},{"@type":"WebSite","@id":"https:\/\/www.purejewels.com\/#website","url":"https:\/\/www.purejewels.com\/","name":"PureJewels UK","description":"Teile die Liebe","publisher":{"@id":"https:\/\/www.purejewels.com\/#organization"},"potentialAction":[{"@type":"SearchAction","target":{"@type":"EntryPoint","urlTemplate":"https:\/\/www.purejewels.com\/?s={search_term_string}"},"query-input":{"@type":"PropertyValueSpecification","valueRequired":true,"valueName":"search_term_string"}}],"inLanguage":"de"},{"@type":"Organization","@id":"https:\/\/www.purejewels.com\/#organization","name":"PureJewels UK","url":"https:\/\/www.purejewels.com\/","logo":{"@type":"ImageObject","inLanguage":"de","@id":"https:\/\/www.purejewels.com\/#\/schema\/logo\/image\/","url":"https:\/\/static.purejewels.com\/wp-content\/uploads\/2020\/11\/Logo-PJ-New-1.png","contentUrl":"https:\/\/static.purejewels.com\/wp-content\/uploads\/2020\/11\/Logo-PJ-New-1.png","width":150,"height":80,"caption":"PureJewels UK"},"image":{"@id":"https:\/\/www.purejewels.com\/#\/schema\/logo\/image\/"}}]}},"_links":{"self":[{"href":"https:\/\/www.purejewels.com\/de\/wp-json\/wp\/v2\/product\/339872","targetHints":{"allow":["GET"]}}],"collection":[{"href":"https:\/\/www.purejewels.com\/de\/wp-json\/wp\/v2\/product"}],"about":[{"href":"https:\/\/www.purejewels.com\/de\/wp-json\/wp\/v2\/types\/product"}],"replies":[{"embeddable":true,"href":"https:\/\/www.purejewels.com\/de\/wp-json\/wp\/v2\/comments?post=339872"}],"version-history":[{"count":4,"href":"https:\/\/www.purejewels.com\/de\/wp-json\/wp\/v2\/product\/339872\/revisions"}],"predecessor-version":[{"id":415773,"href":"https:\/\/www.purejewels.com\/de\/wp-json\/wp\/v2\/product\/339872\/revisions\/415773"}],"wp:featuredmedia":[{"embeddable":true,"href":"https:\/\/www.purejewels.com\/de\/wp-json\/wp\/v2\/media\/340154"}],"wp:attachment":[{"href":"https:\/\/www.purejewels.com\/de\/wp-json\/wp\/v2\/media?parent=339872"}],"wp:term":[{"taxonomy":"product_brand","embeddable":true,"href":"https:\/\/www.purejewels.com\/de\/wp-json\/wp\/v2\/product_brand?post=339872"},{"taxonomy":"product_cat","embeddable":true,"href":"https:\/\/www.purejewels.com\/de\/wp-json\/wp\/v2\/product_cat?post=339872"},{"taxonomy":"product_tag","embeddable":true,"href":"https:\/\/www.purejewels.com\/de\/wp-json\/wp\/v2\/product_tag?post=339872"}],"curies":[{"name":"wp","href":"https:\/\/api.w.org\/{rel}","templated":true}]}}