{"id":339947,"date":"2022-10-19T06:05:05","date_gmt":"2022-10-19T05:05:05","guid":{"rendered":"https:\/\/www.purejewels.com\/?post_type=product&#038;p=339947"},"modified":"2026-02-02T08:35:33","modified_gmt":"2026-02-02T08:35:33","slug":"22ct-gold-armreif-gelegenheit-tragen-leichte-43544","status":"publish","type":"product","link":"https:\/\/www.purejewels.com\/de\/product\/22ct-gold-bangle-occasion-wear-lightweight-43544\/","title":{"rendered":"22ct Gold Gujarati traditionellen Armreif | Gr\u00f6\u00dfe 2.4"},"content":{"rendered":"<p data-start=\"0\" data-end=\"339\"><strong data-start=\"0\" data-end=\"10\">Gestaltung<\/strong><br data-start=\"10\" data-end=\"13\" \/>Diese traditionellen Gujarati <a href=\"https:\/\/www.purejewels.com\/de\/how-to-measure-bangle-size-2\/\">Armreifen<\/a> vereinen leuchtend rotes Acryl mit raffinierten 22-kar\u00e4tigen Goldeinlagen und schaffen so einen auff\u00e4lligen Kontrast aus Farbe und Glanz. Das schlanke Profil und die filigranen Golddetails erinnern an klassische Brautsets und wirken gleichzeitig verspielt und modern. Einzeln oder gestapelt getragen, bringen sie einen fr\u00f6hlichen Spritzer Rot in jeden Look.<\/p>\n<p data-start=\"341\" data-end=\"734\"><strong data-start=\"341\" data-end=\"358\">Handwerkliches K\u00f6nnen<\/strong><br data-start=\"358\" data-end=\"361\" \/>Jeder Armreif ist sorgf\u00e4ltig aus glattem, poliertem Acryl gefertigt, das f\u00fcr einen angenehmen Tragekomfort sorgt und von einer pr\u00e4zise gesetzten 22-kar\u00e4tigen Goldeinlage eingerahmt wird. Die Goldteile sind mit einem sanften Glanz versehen, der die feinen Details hervorhebt, ohne das Design zu \u00fcberw\u00e4ltigen. Jedes St\u00fcck ist vom London Assay Office f\u00fcr die Reinheitszertifizierung gepunzt und kann auf Bestellung in einer Vielzahl von Gr\u00f6\u00dfen angefertigt werden.<\/p>\n<p data-start=\"736\" data-end=\"1157\" data-is-last-node=\"\" data-is-only-node=\"\"><strong data-start=\"736\" data-end=\"757\">Styling &amp; Geschenkartikel<\/strong><br data-start=\"757\" data-end=\"760\" \/>Diese Armreifen passen perfekt zu Saris, Lehengas oder einfachen Kurtas und lassen sich problemlos im Alltag, bei Hochzeiten, Festivals und Familienfeiern tragen. Kombinieren Sie sie mit schlichten goldenen Kadas f\u00fcr einen reicheren, formelleren Look oder tragen Sie ein einzelnes Paar f\u00fcr einen dezenten Farbakzent. Sie sind ein sch\u00f6nes Geschenk f\u00fcr Br\u00e4ute, frischgebackene M\u00fctter oder alle, die die Gujarati-Tradition sch\u00e4tzen, und setzen einen sinnvollen Akzent in jeder Schmucksammlung.<\/p>","protected":false},"excerpt":{"rendered":"<table class=\"sh_desc\">\n<tbody>\n<tr>\n<td>Art des Armreifs<\/td>\n<td>Daily Wear Armreif<\/td>\n<\/tr>\n<tr>\n<td>SKU<\/td>\n<td>43544<\/td>\n<\/tr>\n<tr>\n<td>Bruttogewicht.<\/td>\n<td>13.1 Gms<\/td>\n<\/tr>\n<tr>\n<td>Netto-Gewicht<\/td>\n<td>5,5 Gramm<\/td>\n<\/tr>\n<tr>\n<td>Metall<\/td>\n<td>22ct Gold<\/td>\n<\/tr>\n<tr>\n<td>Armreif Gr\u00f6\u00dfe<\/td>\n<td>Kann auf Bestellung in allen Gr\u00f6\u00dfen hergestellt werden<\/td>\n<\/tr>\n<tr>\n<td>Wahrzeichen<\/td>\n<td>22ct Gold gestempelt von London Assay Office<\/td>\n<\/tr>\n<tr>\n<td>Entgelte<\/td>\n<td>Lieferung und Mehrwertsteuer inbegriffen<\/td>\n<\/tr>\n<tr>\n<td>Verpackung<\/td>\n<td>Mit Pr\u00e4sentationsbox<\/td>\n<\/tr>\n<tr>\n<td>Mehr Informationen<\/td>\n<td>\n<ul>\n<li>Hinweis: Der hier angegebene Preis bezieht sich auf einen Armreif f\u00fcr zwei Personen.<\/li>\n<li>Live-Chat mit uns f\u00fcr Verf\u00fcgbarkeit und mehr Bilder<\/li>\n<li>Unsere Kollektion ansehen\u00a0<strong>gold armb\u00e4nder uk<\/strong><\/li>\n<\/ul>\n<\/td>\n<\/tr>\n<\/tbody>\n<\/table>","protected":false},"featured_media":339948,"comment_status":"closed","ping_status":"closed","template":"","meta":{"_eb_attr":"","_crsspst_to_jayantr4sg-hostcom":false},"product_brand":[],"product_cat":[1791,1559,5270,1233,5271,1573,1574],"product_tag":[1514,1430],"class_list":{"0":"post-339947","1":"product","2":"type-product","3":"status-publish","4":"has-post-thumbnail","6":"product_cat-anniversary-gifts","7":"product_cat-birthday-gifts","8":"product_cat-daily-wear-bangles","9":"product_cat-gold-bangles","10":"product_cat-occasion-wear-bangles","11":"product_cat-wedding-gifts","12":"product_cat-womens-jewellery","13":"product_tag-bangles","14":"product_tag-diwali-gift","16":"first","17":"instock","18":"taxable","19":"shipping-taxable","20":"purchasable","21":"product-type-simple","22":"add-to-wishlist-before_image"},"yoast_head":"<!-- This site is optimized with the Yoast SEO plugin v27.3 - https:\/\/yoast.com\/product\/yoast-seo-wordpress\/ -->\n<title>Gujarati traditional bangles in red acrylic with 22ct gold inlay<\/title>\n<meta name=\"description\" content=\"Buy this beautiful 22ct Gold traditional Gujarati bangle in the UK. The bangle size can be customized. Order online for free UK delivery.\" \/>\n<meta name=\"robots\" content=\"index, follow, max-snippet:-1, max-image-preview:large, max-video-preview:-1\" \/>\n<link rel=\"canonical\" href=\"https:\/\/www.purejewels.com\/de\/produkt-2\/22ct-gold-armreif-gelegenheit-tragen-leichte-43544\/\" \/>\n<meta property=\"og:locale\" content=\"de_DE\" \/>\n<meta property=\"og:type\" content=\"article\" \/>\n<meta property=\"og:title\" content=\"Gujarati traditional bangles in red acrylic with 22ct gold inlay\" \/>\n<meta property=\"og:description\" content=\"Buy this beautiful 22ct Gold traditional Gujarati bangle in the UK. The bangle size can be customized. Order online for free UK delivery.\" \/>\n<meta property=\"og:url\" content=\"https:\/\/www.purejewels.com\/de\/produkt-2\/22ct-gold-armreif-gelegenheit-tragen-leichte-43544\/\" \/>\n<meta property=\"og:site_name\" content=\"PureJewels UK\" \/>\n<meta property=\"article:modified_time\" content=\"2026-02-02T08:35:33+00:00\" \/>\n<meta property=\"og:image\" content=\"https:\/\/static.purejewels.com\/wp-content\/uploads\/2022\/10\/43544-1.jpg\" \/>\n\t<meta property=\"og:image:width\" content=\"1000\" \/>\n\t<meta property=\"og:image:height\" content=\"1000\" \/>\n\t<meta property=\"og:image:type\" content=\"image\/jpeg\" \/>\n<meta name=\"twitter:card\" content=\"summary_large_image\" \/>\n<meta name=\"twitter:label1\" content=\"Gesch\u00e4tzte Lesezeit\" \/>\n\t<meta name=\"twitter:data1\" content=\"2\u00a0Minuten\" \/>\n<script type=\"application\/ld+json\" class=\"yoast-schema-graph\">{\"@context\":\"https:\\\/\\\/schema.org\",\"@graph\":[{\"@type\":[\"WebPage\",\"ItemPage\"],\"@id\":\"https:\\\/\\\/www.purejewels.com\\\/product\\\/22ct-gold-bangle-occasion-wear-lightweight-43544\\\/\",\"url\":\"https:\\\/\\\/www.purejewels.com\\\/product\\\/22ct-gold-bangle-occasion-wear-lightweight-43544\\\/\",\"name\":\"Gujarati traditional bangles in red acrylic with 22ct gold inlay\",\"isPartOf\":{\"@id\":\"https:\\\/\\\/www.purejewels.com\\\/#website\"},\"primaryImageOfPage\":{\"@id\":\"https:\\\/\\\/www.purejewels.com\\\/product\\\/22ct-gold-bangle-occasion-wear-lightweight-43544\\\/#primaryimage\"},\"image\":{\"@id\":\"https:\\\/\\\/www.purejewels.com\\\/product\\\/22ct-gold-bangle-occasion-wear-lightweight-43544\\\/#primaryimage\"},\"thumbnailUrl\":\"https:\\\/\\\/static.purejewels.com\\\/wp-content\\\/uploads\\\/2022\\\/10\\\/43544-1.jpg\",\"datePublished\":\"2022-10-19T05:05:05+00:00\",\"dateModified\":\"2026-02-02T08:35:33+00:00\",\"description\":\"Buy this beautiful 22ct Gold traditional Gujarati bangle in the UK. The bangle size can be customized. Order online for free UK delivery.\",\"breadcrumb\":{\"@id\":\"https:\\\/\\\/www.purejewels.com\\\/product\\\/22ct-gold-bangle-occasion-wear-lightweight-43544\\\/#breadcrumb\"},\"inLanguage\":\"de\",\"potentialAction\":[{\"@type\":\"ReadAction\",\"target\":[\"https:\\\/\\\/www.purejewels.com\\\/product\\\/22ct-gold-bangle-occasion-wear-lightweight-43544\\\/\"]}]},{\"@type\":\"ImageObject\",\"inLanguage\":\"de\",\"@id\":\"https:\\\/\\\/www.purejewels.com\\\/product\\\/22ct-gold-bangle-occasion-wear-lightweight-43544\\\/#primaryimage\",\"url\":\"https:\\\/\\\/static.purejewels.com\\\/wp-content\\\/uploads\\\/2022\\\/10\\\/43544-1.jpg\",\"contentUrl\":\"https:\\\/\\\/static.purejewels.com\\\/wp-content\\\/uploads\\\/2022\\\/10\\\/43544-1.jpg\",\"width\":1000,\"height\":1000,\"caption\":\"22ct Gold Bangle | Occasion Wear | Lightweight\"},{\"@type\":\"BreadcrumbList\",\"@id\":\"https:\\\/\\\/www.purejewels.com\\\/product\\\/22ct-gold-bangle-occasion-wear-lightweight-43544\\\/#breadcrumb\",\"itemListElement\":[{\"@type\":\"ListItem\",\"position\":1,\"name\":\"Home\",\"item\":\"https:\\\/\\\/www.purejewels.com\\\/\"},{\"@type\":\"ListItem\",\"position\":2,\"name\":\"Shop\",\"item\":\"https:\\\/\\\/www.purejewels.com\\\/shop\\\/\"},{\"@type\":\"ListItem\",\"position\":3,\"name\":\"22ct Gold Gujarati traditional Bangle | Size 2.4\"}]},{\"@type\":\"WebSite\",\"@id\":\"https:\\\/\\\/www.purejewels.com\\\/#website\",\"url\":\"https:\\\/\\\/www.purejewels.com\\\/\",\"name\":\"PureJewels UK\",\"description\":\"Share the Love\",\"publisher\":{\"@id\":\"https:\\\/\\\/www.purejewels.com\\\/#organization\"},\"potentialAction\":[{\"@type\":\"SearchAction\",\"target\":{\"@type\":\"EntryPoint\",\"urlTemplate\":\"https:\\\/\\\/www.purejewels.com\\\/?s={search_term_string}\"},\"query-input\":{\"@type\":\"PropertyValueSpecification\",\"valueRequired\":true,\"valueName\":\"search_term_string\"}}],\"inLanguage\":\"de\"},{\"@type\":\"Organization\",\"@id\":\"https:\\\/\\\/www.purejewels.com\\\/#organization\",\"name\":\"PureJewels UK\",\"url\":\"https:\\\/\\\/www.purejewels.com\\\/\",\"logo\":{\"@type\":\"ImageObject\",\"inLanguage\":\"de\",\"@id\":\"https:\\\/\\\/www.purejewels.com\\\/#\\\/schema\\\/logo\\\/image\\\/\",\"url\":\"https:\\\/\\\/static.purejewels.com\\\/wp-content\\\/uploads\\\/2020\\\/11\\\/Logo-PJ-New-1.png\",\"contentUrl\":\"https:\\\/\\\/static.purejewels.com\\\/wp-content\\\/uploads\\\/2020\\\/11\\\/Logo-PJ-New-1.png\",\"width\":150,\"height\":80,\"caption\":\"PureJewels UK\"},\"image\":{\"@id\":\"https:\\\/\\\/www.purejewels.com\\\/#\\\/schema\\\/logo\\\/image\\\/\"}}]}<\/script>\n<!-- \/ Yoast SEO plugin. -->","yoast_head_json":{"title":"Traditionelle Gujarati-Armreifen aus rotem Acryl mit 22-Karat-Goldeinlage","description":"Kaufen Sie diesen sch\u00f6nen traditionellen Gujarati-Armreif aus 22 Karat Gold in Gro\u00dfbritannien. Die Gr\u00f6\u00dfe des Armreifs kann angepasst werden. Bestellen Sie online f\u00fcr kostenlose Lieferung in Gro\u00dfbritannien.","robots":{"index":"index","follow":"follow","max-snippet":"max-snippet:-1","max-image-preview":"max-image-preview:large","max-video-preview":"max-video-preview:-1"},"canonical":"https:\/\/www.purejewels.com\/de\/produkt-2\/22ct-gold-armreif-gelegenheit-tragen-leichte-43544\/","og_locale":"de_DE","og_type":"article","og_title":"Gujarati traditional bangles in red acrylic with 22ct gold inlay","og_description":"Buy this beautiful 22ct Gold traditional Gujarati bangle in the UK. The bangle size can be customized. Order online for free UK delivery.","og_url":"https:\/\/www.purejewels.com\/de\/produkt-2\/22ct-gold-armreif-gelegenheit-tragen-leichte-43544\/","og_site_name":"PureJewels UK","article_modified_time":"2026-02-02T08:35:33+00:00","og_image":[{"width":1000,"height":1000,"url":"https:\/\/static.purejewels.com\/wp-content\/uploads\/2022\/10\/43544-1.jpg","type":"image\/jpeg"}],"twitter_card":"summary_large_image","twitter_misc":{"Gesch\u00e4tzte Lesezeit":"2\u00a0Minuten"},"schema":{"@context":"https:\/\/schema.org","@graph":[{"@type":["WebPage","ItemPage"],"@id":"https:\/\/www.purejewels.com\/product\/22ct-gold-bangle-occasion-wear-lightweight-43544\/","url":"https:\/\/www.purejewels.com\/product\/22ct-gold-bangle-occasion-wear-lightweight-43544\/","name":"Traditionelle Gujarati-Armreifen aus rotem Acryl mit 22-Karat-Goldeinlage","isPartOf":{"@id":"https:\/\/www.purejewels.com\/#website"},"primaryImageOfPage":{"@id":"https:\/\/www.purejewels.com\/product\/22ct-gold-bangle-occasion-wear-lightweight-43544\/#primaryimage"},"image":{"@id":"https:\/\/www.purejewels.com\/product\/22ct-gold-bangle-occasion-wear-lightweight-43544\/#primaryimage"},"thumbnailUrl":"https:\/\/static.purejewels.com\/wp-content\/uploads\/2022\/10\/43544-1.jpg","datePublished":"2022-10-19T05:05:05+00:00","dateModified":"2026-02-02T08:35:33+00:00","description":"Kaufen Sie diesen sch\u00f6nen traditionellen Gujarati-Armreif aus 22 Karat Gold in Gro\u00dfbritannien. Die Gr\u00f6\u00dfe des Armreifs kann angepasst werden. Bestellen Sie online f\u00fcr kostenlose Lieferung in Gro\u00dfbritannien.","breadcrumb":{"@id":"https:\/\/www.purejewels.com\/product\/22ct-gold-bangle-occasion-wear-lightweight-43544\/#breadcrumb"},"inLanguage":"de","potentialAction":[{"@type":"ReadAction","target":["https:\/\/www.purejewels.com\/product\/22ct-gold-bangle-occasion-wear-lightweight-43544\/"]}]},{"@type":"ImageObject","inLanguage":"de","@id":"https:\/\/www.purejewels.com\/product\/22ct-gold-bangle-occasion-wear-lightweight-43544\/#primaryimage","url":"https:\/\/static.purejewels.com\/wp-content\/uploads\/2022\/10\/43544-1.jpg","contentUrl":"https:\/\/static.purejewels.com\/wp-content\/uploads\/2022\/10\/43544-1.jpg","width":1000,"height":1000,"caption":"22ct Gold Bangle | Occasion Wear | Lightweight"},{"@type":"BreadcrumbList","@id":"https:\/\/www.purejewels.com\/product\/22ct-gold-bangle-occasion-wear-lightweight-43544\/#breadcrumb","itemListElement":[{"@type":"ListItem","position":1,"name":"Home","item":"https:\/\/www.purejewels.com\/"},{"@type":"ListItem","position":2,"name":"Shop","item":"https:\/\/www.purejewels.com\/shop\/"},{"@type":"ListItem","position":3,"name":"22ct Gold Gujarati traditional Bangle | Size 2.4"}]},{"@type":"WebSite","@id":"https:\/\/www.purejewels.com\/#website","url":"https:\/\/www.purejewels.com\/","name":"PureJewels UK","description":"Teile die Liebe","publisher":{"@id":"https:\/\/www.purejewels.com\/#organization"},"potentialAction":[{"@type":"SearchAction","target":{"@type":"EntryPoint","urlTemplate":"https:\/\/www.purejewels.com\/?s={search_term_string}"},"query-input":{"@type":"PropertyValueSpecification","valueRequired":true,"valueName":"search_term_string"}}],"inLanguage":"de"},{"@type":"Organization","@id":"https:\/\/www.purejewels.com\/#organization","name":"PureJewels UK","url":"https:\/\/www.purejewels.com\/","logo":{"@type":"ImageObject","inLanguage":"de","@id":"https:\/\/www.purejewels.com\/#\/schema\/logo\/image\/","url":"https:\/\/static.purejewels.com\/wp-content\/uploads\/2020\/11\/Logo-PJ-New-1.png","contentUrl":"https:\/\/static.purejewels.com\/wp-content\/uploads\/2020\/11\/Logo-PJ-New-1.png","width":150,"height":80,"caption":"PureJewels UK"},"image":{"@id":"https:\/\/www.purejewels.com\/#\/schema\/logo\/image\/"}}]}},"_links":{"self":[{"href":"https:\/\/www.purejewels.com\/de\/wp-json\/wp\/v2\/product\/339947","targetHints":{"allow":["GET"]}}],"collection":[{"href":"https:\/\/www.purejewels.com\/de\/wp-json\/wp\/v2\/product"}],"about":[{"href":"https:\/\/www.purejewels.com\/de\/wp-json\/wp\/v2\/types\/product"}],"replies":[{"embeddable":true,"href":"https:\/\/www.purejewels.com\/de\/wp-json\/wp\/v2\/comments?post=339947"}],"version-history":[{"count":3,"href":"https:\/\/www.purejewels.com\/de\/wp-json\/wp\/v2\/product\/339947\/revisions"}],"predecessor-version":[{"id":420816,"href":"https:\/\/www.purejewels.com\/de\/wp-json\/wp\/v2\/product\/339947\/revisions\/420816"}],"wp:featuredmedia":[{"embeddable":true,"href":"https:\/\/www.purejewels.com\/de\/wp-json\/wp\/v2\/media\/339948"}],"wp:attachment":[{"href":"https:\/\/www.purejewels.com\/de\/wp-json\/wp\/v2\/media?parent=339947"}],"wp:term":[{"taxonomy":"product_brand","embeddable":true,"href":"https:\/\/www.purejewels.com\/de\/wp-json\/wp\/v2\/product_brand?post=339947"},{"taxonomy":"product_cat","embeddable":true,"href":"https:\/\/www.purejewels.com\/de\/wp-json\/wp\/v2\/product_cat?post=339947"},{"taxonomy":"product_tag","embeddable":true,"href":"https:\/\/www.purejewels.com\/de\/wp-json\/wp\/v2\/product_tag?post=339947"}],"curies":[{"name":"wp","href":"https:\/\/api.w.org\/{rel}","templated":true}]}}