{"id":339952,"date":"2022-10-19T06:14:19","date_gmt":"2022-10-19T05:14:19","guid":{"rendered":"https:\/\/www.purejewels.com\/?post_type=product&#038;p=339952"},"modified":"2026-02-02T08:35:45","modified_gmt":"2026-02-02T08:35:45","slug":"22ct-gold-weis-armreifen-paar-leicht-grose-2-4-43543","status":"publish","type":"product","link":"https:\/\/www.purejewels.com\/de\/product\/22ct-gold-white-bangles-pair-lightweight-size-2-4-43543\/","title":{"rendered":"Traditionelle Gujarati Armreifen aus wei\u00dfem Acryl mit Goldeinlage | Gr\u00f6\u00dfe 2.4"},"content":{"rendered":"<p data-start=\"402\" data-end=\"850\"><strong data-start=\"402\" data-end=\"420\">Designkonzept<\/strong><br data-start=\"420\" data-end=\"423\" \/>Unser Paar wei\u00dfer Armreifen aus 22-kar\u00e4tigem Gold ist eine anmutige Verschmelzung von Tradition und modernem Minimalismus und ist von der klassischen Gujarati-Tradition inspiriert, die f\u00fcr das t\u00e4gliche Tragen neu interpretiert wurde. Der zarte wei\u00dfe Farbton der Acrylbasis steht in sch\u00f6nem Kontrast zu den feinen 22-kar\u00e4tigen Goldeinlagen und schafft einen zeitlosen und zugleich modernen Look. Diese leichten und m\u00fchelos eleganten Armreifen verleihen allt\u00e4glichen Momenten und besonderen Anl\u00e4ssen gleicherma\u00dfen Charme.<\/p>\n<p data-start=\"852\" data-end=\"1329\"><strong data-start=\"852\" data-end=\"869\">Handwerkliches K\u00f6nnen<\/strong><br data-start=\"869\" data-end=\"872\" \/>Jeder Armreif ist mit Pr\u00e4zision gefertigt und kombiniert langlebiges wei\u00dfes Acryl mit aufw\u00e4ndig gearbeiteten 22-kar\u00e4tigen Goldakzenten. Mit einem Bruttogewicht von 12,9 Gramm und einem Nettogoldgewicht von 5,1 Gramm bietet dieses Paar ein Gleichgewicht zwischen Sch\u00f6nheit und Zweckm\u00e4\u00dfigkeit. Die Reinheit und Echtheit des Goldes ist durch das London Assay Office gepr\u00fcft. Diese Armreifen sind so konzipiert, dass sie auch bei l\u00e4ngerem Tragen bequem sind, ohne dabei an Eleganz einzub\u00fc\u00dfen.<\/p>\n<p data-start=\"1331\" data-end=\"1698\"><strong data-start=\"1331\" data-end=\"1348\">Styling-Ideen<\/strong><br data-start=\"1348\" data-end=\"1351\" \/>Tragen Sie sie im Alltag zu ethnischen Kurtas oder Leinenkleidern, oder kombinieren Sie sie mit schlichten goldenen Armreifen f\u00fcr ein festliches Flair. Ihre wei\u00df-goldene \u00c4sthetik passt auch zu Brautkleidern oder saisonalen Festen wie Raksha Bandhan, Diwali oder Navratri. Sie sind vielseitig und stilvoll und lassen sich m\u00fchelos zwischen leger und feierlich kombinieren.<\/p>","protected":false},"excerpt":{"rendered":"<table class=\"sh_desc\">\n<tbody>\n<tr>\n<td>Art des Armreifs<\/td>\n<td>Daily Wear Armreif<\/td>\n<\/tr>\n<tr>\n<td>SKU<\/td>\n<td>43543<\/td>\n<\/tr>\n<tr>\n<td>Bruttogewicht.<\/td>\n<td>12,9 Gramm<\/td>\n<\/tr>\n<tr>\n<td>Gold Nettogewicht<\/td>\n<td>5.1 Gms<\/td>\n<\/tr>\n<tr>\n<td>Metall<\/td>\n<td>22ct Gold<\/td>\n<\/tr>\n<tr>\n<td>Armreif Gr\u00f6\u00dfe<\/td>\n<td>2.4<\/td>\n<\/tr>\n<tr>\n<td>Wahrzeichen<\/td>\n<td>22ct Gold gestempelt von London Assay Office<\/td>\n<\/tr>\n<tr>\n<td>Entgelte<\/td>\n<td>Lieferung und Mehrwertsteuer inbegriffen<\/td>\n<\/tr>\n<tr>\n<td>Verpackung<\/td>\n<td>Mit Pr\u00e4sentationsbox<\/td>\n<\/tr>\n<tr>\n<td>Mehr Informationen<\/td>\n<td>\n<ul>\n<li>Hinweis: Der hier angegebene Preis bezieht sich auf einen Armreif f\u00fcr zwei Personen.<\/li>\n<li>Live-Chat mit uns f\u00fcr Verf\u00fcgbarkeit und mehr Bilder<\/li>\n<li>Unsere Kollektion ansehen\u00a0<strong>gold armb\u00e4nder uk<\/strong><\/li>\n<\/ul>\n<\/td>\n<\/tr>\n<\/tbody>\n<\/table>","protected":false},"featured_media":339955,"comment_status":"closed","ping_status":"closed","template":"","meta":{"_eb_attr":"","_crsspst_to_jayantr4sg-hostcom":false},"product_brand":[],"product_cat":[1791,1559,5270,1233,5271,1573,1574],"product_tag":[1514,1430],"class_list":{"0":"post-339952","1":"product","2":"type-product","3":"status-publish","4":"has-post-thumbnail","6":"product_cat-anniversary-gifts","7":"product_cat-birthday-gifts","8":"product_cat-daily-wear-bangles","9":"product_cat-gold-bangles","10":"product_cat-occasion-wear-bangles","11":"product_cat-wedding-gifts","12":"product_cat-womens-jewellery","13":"product_tag-bangles","14":"product_tag-diwali-gift","16":"first","17":"instock","18":"taxable","19":"shipping-taxable","20":"purchasable","21":"product-type-simple","22":"add-to-wishlist-before_image"},"yoast_head":"<!-- This site is optimized with the Yoast SEO plugin v27.5 - https:\/\/yoast.com\/product\/yoast-seo-wordpress\/ -->\n<title>22ct Gold White Bangles Pair | Lightweight | PureJewel UK<\/title>\n<meta name=\"robots\" content=\"index, follow, max-snippet:-1, max-image-preview:large, max-video-preview:-1\" \/>\n<link rel=\"canonical\" href=\"https:\/\/www.purejewels.com\/de\/produkt-2\/22ct-gold-weis-armreifen-paar-leicht-grose-2-4-43543\/\" \/>\n<meta property=\"og:locale\" content=\"de_DE\" \/>\n<meta property=\"og:type\" content=\"article\" \/>\n<meta property=\"og:title\" content=\"22ct Gold White Bangles Pair | Lightweight | PureJewel UK\" \/>\n<meta property=\"og:description\" content=\"Type Of Bangle Daily Wear Bangle   SKU 43543   Gross wt. 12.9 Gms   Gold Net wt. 5.1 Gms   Metal 22ct\u00a0Gold   Bangle Size 2.4   Hallmark 22ct Gold Hallmarked by\u00a0London\u00a0Assay\u00a0Office   Charges Delivery\u00a0and\u00a0VAT\u00a0Included   Packaging Comes\u00a0With\u00a0Presentation\u00a0Box   More\u00a0Information    Note: the price quoted here is for a Two Bangle  Live chat with us for availability\u00a0and\u00a0more\u00a0images  View our collection\u00a0gold bangles uk\" \/>\n<meta property=\"og:url\" content=\"https:\/\/www.purejewels.com\/de\/produkt-2\/22ct-gold-weis-armreifen-paar-leicht-grose-2-4-43543\/\" \/>\n<meta property=\"og:site_name\" content=\"PureJewels UK\" \/>\n<meta property=\"article:modified_time\" content=\"2026-02-02T08:35:45+00:00\" \/>\n<meta property=\"og:image\" content=\"https:\/\/static.purejewels.com\/wp-content\/uploads\/2022\/10\/43543-3.jpg\" \/>\n\t<meta property=\"og:image:width\" content=\"1000\" \/>\n\t<meta property=\"og:image:height\" content=\"1000\" \/>\n\t<meta property=\"og:image:type\" content=\"image\/jpeg\" \/>\n<meta name=\"twitter:card\" content=\"summary_large_image\" \/>\n<meta name=\"twitter:label1\" content=\"Gesch\u00e4tzte Lesezeit\" \/>\n\t<meta name=\"twitter:data1\" content=\"2\u00a0Minuten\" \/>\n<script type=\"application\/ld+json\" class=\"yoast-schema-graph\">{\"@context\":\"https:\\\/\\\/schema.org\",\"@graph\":[{\"@type\":[\"WebPage\",\"ItemPage\"],\"@id\":\"https:\\\/\\\/www.purejewels.com\\\/product\\\/22ct-gold-white-bangles-pair-lightweight-size-2-4-43543\\\/\",\"url\":\"https:\\\/\\\/www.purejewels.com\\\/product\\\/22ct-gold-white-bangles-pair-lightweight-size-2-4-43543\\\/\",\"name\":\"22ct Gold White Bangles Pair | Lightweight | PureJewel UK\",\"isPartOf\":{\"@id\":\"https:\\\/\\\/www.purejewels.com\\\/#website\"},\"primaryImageOfPage\":{\"@id\":\"https:\\\/\\\/www.purejewels.com\\\/product\\\/22ct-gold-white-bangles-pair-lightweight-size-2-4-43543\\\/#primaryimage\"},\"image\":{\"@id\":\"https:\\\/\\\/www.purejewels.com\\\/product\\\/22ct-gold-white-bangles-pair-lightweight-size-2-4-43543\\\/#primaryimage\"},\"thumbnailUrl\":\"https:\\\/\\\/static.purejewels.com\\\/wp-content\\\/uploads\\\/2022\\\/10\\\/43543-3.jpg\",\"datePublished\":\"2022-10-19T05:14:19+00:00\",\"dateModified\":\"2026-02-02T08:35:45+00:00\",\"breadcrumb\":{\"@id\":\"https:\\\/\\\/www.purejewels.com\\\/product\\\/22ct-gold-white-bangles-pair-lightweight-size-2-4-43543\\\/#breadcrumb\"},\"inLanguage\":\"de\",\"potentialAction\":[{\"@type\":\"ReadAction\",\"target\":[\"https:\\\/\\\/www.purejewels.com\\\/product\\\/22ct-gold-white-bangles-pair-lightweight-size-2-4-43543\\\/\"]}]},{\"@type\":\"ImageObject\",\"inLanguage\":\"de\",\"@id\":\"https:\\\/\\\/www.purejewels.com\\\/product\\\/22ct-gold-white-bangles-pair-lightweight-size-2-4-43543\\\/#primaryimage\",\"url\":\"https:\\\/\\\/static.purejewels.com\\\/wp-content\\\/uploads\\\/2022\\\/10\\\/43543-3.jpg\",\"contentUrl\":\"https:\\\/\\\/static.purejewels.com\\\/wp-content\\\/uploads\\\/2022\\\/10\\\/43543-3.jpg\",\"width\":1000,\"height\":1000,\"caption\":\"22ct Gold White Bangles Pair | Lightweight | Size 2.4\"},{\"@type\":\"BreadcrumbList\",\"@id\":\"https:\\\/\\\/www.purejewels.com\\\/product\\\/22ct-gold-white-bangles-pair-lightweight-size-2-4-43543\\\/#breadcrumb\",\"itemListElement\":[{\"@type\":\"ListItem\",\"position\":1,\"name\":\"Home\",\"item\":\"https:\\\/\\\/www.purejewels.com\\\/\"},{\"@type\":\"ListItem\",\"position\":2,\"name\":\"Shop\",\"item\":\"https:\\\/\\\/www.purejewels.com\\\/shop\\\/\"},{\"@type\":\"ListItem\",\"position\":3,\"name\":\"Gujarati Traditional Bangles in White Acrylic with Gold Inlay | Size 2.4\"}]},{\"@type\":\"WebSite\",\"@id\":\"https:\\\/\\\/www.purejewels.com\\\/#website\",\"url\":\"https:\\\/\\\/www.purejewels.com\\\/\",\"name\":\"PureJewels UK\",\"description\":\"Share the Love\",\"publisher\":{\"@id\":\"https:\\\/\\\/www.purejewels.com\\\/#organization\"},\"potentialAction\":[{\"@type\":\"SearchAction\",\"target\":{\"@type\":\"EntryPoint\",\"urlTemplate\":\"https:\\\/\\\/www.purejewels.com\\\/?s={search_term_string}\"},\"query-input\":{\"@type\":\"PropertyValueSpecification\",\"valueRequired\":true,\"valueName\":\"search_term_string\"}}],\"inLanguage\":\"de\"},{\"@type\":\"Organization\",\"@id\":\"https:\\\/\\\/www.purejewels.com\\\/#organization\",\"name\":\"PureJewels UK\",\"url\":\"https:\\\/\\\/www.purejewels.com\\\/\",\"logo\":{\"@type\":\"ImageObject\",\"inLanguage\":\"de\",\"@id\":\"https:\\\/\\\/www.purejewels.com\\\/#\\\/schema\\\/logo\\\/image\\\/\",\"url\":\"https:\\\/\\\/static.purejewels.com\\\/wp-content\\\/uploads\\\/2020\\\/11\\\/Logo-PJ-New-1.png\",\"contentUrl\":\"https:\\\/\\\/static.purejewels.com\\\/wp-content\\\/uploads\\\/2020\\\/11\\\/Logo-PJ-New-1.png\",\"width\":150,\"height\":80,\"caption\":\"PureJewels UK\"},\"image\":{\"@id\":\"https:\\\/\\\/www.purejewels.com\\\/#\\\/schema\\\/logo\\\/image\\\/\"}}]}<\/script>\n<!-- \/ Yoast SEO plugin. -->","yoast_head_json":{"title":"22ct Gold Wei\u00df Armreifen Paar | Leichtgewicht | PureJewel UK","robots":{"index":"index","follow":"follow","max-snippet":"max-snippet:-1","max-image-preview":"max-image-preview:large","max-video-preview":"max-video-preview:-1"},"canonical":"https:\/\/www.purejewels.com\/de\/produkt-2\/22ct-gold-weis-armreifen-paar-leicht-grose-2-4-43543\/","og_locale":"de_DE","og_type":"article","og_title":"22ct Gold White Bangles Pair | Lightweight | PureJewel UK","og_description":"Type Of Bangle Daily Wear Bangle   SKU 43543   Gross wt. 12.9 Gms   Gold Net wt. 5.1 Gms   Metal 22ct\u00a0Gold   Bangle Size 2.4   Hallmark 22ct Gold Hallmarked by\u00a0London\u00a0Assay\u00a0Office   Charges Delivery\u00a0and\u00a0VAT\u00a0Included   Packaging Comes\u00a0With\u00a0Presentation\u00a0Box   More\u00a0Information    Note: the price quoted here is for a Two Bangle  Live chat with us for availability\u00a0and\u00a0more\u00a0images  View our collection\u00a0gold bangles uk","og_url":"https:\/\/www.purejewels.com\/de\/produkt-2\/22ct-gold-weis-armreifen-paar-leicht-grose-2-4-43543\/","og_site_name":"PureJewels UK","article_modified_time":"2026-02-02T08:35:45+00:00","og_image":[{"width":1000,"height":1000,"url":"https:\/\/static.purejewels.com\/wp-content\/uploads\/2022\/10\/43543-3.jpg","type":"image\/jpeg"}],"twitter_card":"summary_large_image","twitter_misc":{"Gesch\u00e4tzte Lesezeit":"2\u00a0Minuten"},"schema":{"@context":"https:\/\/schema.org","@graph":[{"@type":["WebPage","ItemPage"],"@id":"https:\/\/www.purejewels.com\/product\/22ct-gold-white-bangles-pair-lightweight-size-2-4-43543\/","url":"https:\/\/www.purejewels.com\/product\/22ct-gold-white-bangles-pair-lightweight-size-2-4-43543\/","name":"22ct Gold Wei\u00df Armreifen Paar | Leichtgewicht | PureJewel UK","isPartOf":{"@id":"https:\/\/www.purejewels.com\/#website"},"primaryImageOfPage":{"@id":"https:\/\/www.purejewels.com\/product\/22ct-gold-white-bangles-pair-lightweight-size-2-4-43543\/#primaryimage"},"image":{"@id":"https:\/\/www.purejewels.com\/product\/22ct-gold-white-bangles-pair-lightweight-size-2-4-43543\/#primaryimage"},"thumbnailUrl":"https:\/\/static.purejewels.com\/wp-content\/uploads\/2022\/10\/43543-3.jpg","datePublished":"2022-10-19T05:14:19+00:00","dateModified":"2026-02-02T08:35:45+00:00","breadcrumb":{"@id":"https:\/\/www.purejewels.com\/product\/22ct-gold-white-bangles-pair-lightweight-size-2-4-43543\/#breadcrumb"},"inLanguage":"de","potentialAction":[{"@type":"ReadAction","target":["https:\/\/www.purejewels.com\/product\/22ct-gold-white-bangles-pair-lightweight-size-2-4-43543\/"]}]},{"@type":"ImageObject","inLanguage":"de","@id":"https:\/\/www.purejewels.com\/product\/22ct-gold-white-bangles-pair-lightweight-size-2-4-43543\/#primaryimage","url":"https:\/\/static.purejewels.com\/wp-content\/uploads\/2022\/10\/43543-3.jpg","contentUrl":"https:\/\/static.purejewels.com\/wp-content\/uploads\/2022\/10\/43543-3.jpg","width":1000,"height":1000,"caption":"22ct Gold White Bangles Pair | Lightweight | Size 2.4"},{"@type":"BreadcrumbList","@id":"https:\/\/www.purejewels.com\/product\/22ct-gold-white-bangles-pair-lightweight-size-2-4-43543\/#breadcrumb","itemListElement":[{"@type":"ListItem","position":1,"name":"Home","item":"https:\/\/www.purejewels.com\/"},{"@type":"ListItem","position":2,"name":"Shop","item":"https:\/\/www.purejewels.com\/shop\/"},{"@type":"ListItem","position":3,"name":"Gujarati Traditional Bangles in White Acrylic with Gold Inlay | Size 2.4"}]},{"@type":"WebSite","@id":"https:\/\/www.purejewels.com\/#website","url":"https:\/\/www.purejewels.com\/","name":"PureJewels UK","description":"Teile die Liebe","publisher":{"@id":"https:\/\/www.purejewels.com\/#organization"},"potentialAction":[{"@type":"SearchAction","target":{"@type":"EntryPoint","urlTemplate":"https:\/\/www.purejewels.com\/?s={search_term_string}"},"query-input":{"@type":"PropertyValueSpecification","valueRequired":true,"valueName":"search_term_string"}}],"inLanguage":"de"},{"@type":"Organization","@id":"https:\/\/www.purejewels.com\/#organization","name":"PureJewels UK","url":"https:\/\/www.purejewels.com\/","logo":{"@type":"ImageObject","inLanguage":"de","@id":"https:\/\/www.purejewels.com\/#\/schema\/logo\/image\/","url":"https:\/\/static.purejewels.com\/wp-content\/uploads\/2020\/11\/Logo-PJ-New-1.png","contentUrl":"https:\/\/static.purejewels.com\/wp-content\/uploads\/2020\/11\/Logo-PJ-New-1.png","width":150,"height":80,"caption":"PureJewels UK"},"image":{"@id":"https:\/\/www.purejewels.com\/#\/schema\/logo\/image\/"}}]}},"_links":{"self":[{"href":"https:\/\/www.purejewels.com\/de\/wp-json\/wp\/v2\/product\/339952","targetHints":{"allow":["GET"]}}],"collection":[{"href":"https:\/\/www.purejewels.com\/de\/wp-json\/wp\/v2\/product"}],"about":[{"href":"https:\/\/www.purejewels.com\/de\/wp-json\/wp\/v2\/types\/product"}],"replies":[{"embeddable":true,"href":"https:\/\/www.purejewels.com\/de\/wp-json\/wp\/v2\/comments?post=339952"}],"version-history":[{"count":3,"href":"https:\/\/www.purejewels.com\/de\/wp-json\/wp\/v2\/product\/339952\/revisions"}],"predecessor-version":[{"id":420378,"href":"https:\/\/www.purejewels.com\/de\/wp-json\/wp\/v2\/product\/339952\/revisions\/420378"}],"wp:featuredmedia":[{"embeddable":true,"href":"https:\/\/www.purejewels.com\/de\/wp-json\/wp\/v2\/media\/339955"}],"wp:attachment":[{"href":"https:\/\/www.purejewels.com\/de\/wp-json\/wp\/v2\/media?parent=339952"}],"wp:term":[{"taxonomy":"product_brand","embeddable":true,"href":"https:\/\/www.purejewels.com\/de\/wp-json\/wp\/v2\/product_brand?post=339952"},{"taxonomy":"product_cat","embeddable":true,"href":"https:\/\/www.purejewels.com\/de\/wp-json\/wp\/v2\/product_cat?post=339952"},{"taxonomy":"product_tag","embeddable":true,"href":"https:\/\/www.purejewels.com\/de\/wp-json\/wp\/v2\/product_tag?post=339952"}],"curies":[{"name":"wp","href":"https:\/\/api.w.org\/{rel}","templated":true}]}}