{"id":339972,"date":"2024-05-15T07:02:18","date_gmt":"2024-05-15T06:02:18","guid":{"rendered":"https:\/\/www.purejewels.com\/?post_type=product&#038;p=339972"},"modified":"2026-04-16T07:33:44","modified_gmt":"2026-04-16T06:33:44","slug":"22-kt-gold-armreifen-rhodium-finish-schwergewicht-40843","status":"publish","type":"product","link":"https:\/\/www.purejewels.com\/de\/product\/22ct-gold-bangles-rhodium-finish-heavyweight-40843\/","title":{"rendered":"22ct Gold Armreifen | Rhodium Finish | Gr\u00f6\u00dfe 2.4"},"content":{"rendered":"<p><b>Bereich ID. <\/b>YGBG144<\/p>\n<h4>Erh\u00f6hen Sie Ihren Stil mit moderner Eleganz<\/h4>\n<p>Wir stellen vor <a href=\"https:\/\/www.purejewels.com\/de\/produkt-kategorie\/22-karatiger-goldschmuck\/goldarmbander\/\" target=\"_blank\" rel=\"noopener\">atemberaubende 22ct Gold Armreifen<\/a> mit Rhodium-Finish, die Ihrer Schmucksammlung einen Hauch von moderner Raffinesse verleihen. Mit einer Gr\u00f6\u00dfe von 2,4 sind diese Armreifen perfekt f\u00fcr jeden Anlass und bieten eine Mischung aus traditioneller Handwerkskunst und modernem Design.<\/p>\n<p><strong>Wesentliche Merkmale:<\/strong><\/p>\n<ul>\n<li><strong>Hochwertiges 22-kar\u00e4tiges Gold:<\/strong> Die aus hochwertigem 22-kar\u00e4tigem Gold gefertigten Armreifen strahlen einen reichen Glanz aus und sorgen f\u00fcr ein luxuri\u00f6ses Aussehen und Gef\u00fchl.<\/li>\n<li><strong>Rhodium Oberfl\u00e4che:<\/strong> Das exquisite Rhodium-Finish verleiht den Armreifen einen eleganten, modernen Touch, erh\u00f6ht ihre Haltbarkeit und bietet einen auff\u00e4lligen Kontrast, der das komplizierte Design hervorhebt.<\/li>\n<li><strong>Modernes Design:<\/strong> Diese Armreifen zeichnen sich durch ein zeitgem\u00e4\u00dfes Design aus, das klassische Eleganz und modernes Flair nahtlos miteinander verbindet und sie zu einem vielseitigen Accessoire f\u00fcr jedes Outfit macht.<\/li>\n<li><strong>Perfekte Gr\u00f6\u00dfe:<\/strong> Mit einer Gr\u00f6\u00dfe von 2,4 bieten diese Armreifen eine bequeme Passform, die zu jedem Handgelenk passt und sich sowohl f\u00fcr den Alltag als auch f\u00fcr besondere Anl\u00e4sse eignet.<\/li>\n<\/ul>\n<p><strong>Warum sollten Sie unsere 22-kar\u00e4tigen Goldarmreifen mit Rhodium-Finish w\u00e4hlen?<\/strong><\/p>\n<ol>\n<li><strong>Au\u00dfergew\u00f6hnliche Handwerkskunst:<\/strong> Jeder Armreif wird von erfahrenen Kunsthandwerkern in sorgf\u00e4ltiger Handarbeit hergestellt, um h\u00f6chste Qualit\u00e4t und Liebe zum Detail zu gew\u00e4hrleisten.<\/li>\n<li><strong>Vielseitige Eleganz:<\/strong> Das moderne Design und die rhodinierte Oberfl\u00e4che machen diese Armreifen zu einem perfekten Accessoire f\u00fcr jede Art von Kleidung, egal ob Sie sich f\u00fcr eine formelle Veranstaltung herausputzen oder Ihrem Freizeitlook einen Hauch von Raffinesse verleihen wollen.<\/li>\n<li><strong>Langlebigkeit und Komfort:<\/strong> Die Kombination aus 22-kar\u00e4tigem Gold und Rhodium-Finish sorgt f\u00fcr Best\u00e4ndigkeit und lang anhaltenden Glanz, w\u00e4hrend die glatte Innenseite einen angenehmen Tragekomfort gew\u00e4hrleistet.<\/li>\n<\/ol>\n<p><strong>Produktspezifikationen:<\/strong><\/p>\n<ul>\n<li><strong>Material:<\/strong> 22ct Gold mit Rhodium Finish<\/li>\n<li><strong>Gr\u00f6\u00dfe:<\/strong> 2.4<\/li>\n<li><strong>Entwurf:<\/strong> Moderne, aufw\u00e4ndige Detaillierung<\/li>\n<li><strong>Beenden:<\/strong> Hochglanzpoliert mit Rhodium-Akzenten<\/li>\n<\/ul>\n<p><strong>Ein moderner Hauch von klassischer Eleganz<\/strong><\/p>\n<p>Unsere Armreifen aus 22-kar\u00e4tigem Gold mit Rhodium-Finish sind mehr als nur Schmuck; sie sind ein Statement f\u00fcr Eleganz und Modernit\u00e4t. Das komplizierte Design und die gl\u00e4nzende Oberfl\u00e4che machen diese Armreifen zu einem Muss f\u00fcr jeden, der seinen Stil mit einem Hauch von Luxus aufwerten m\u00f6chte.<\/p>\n<p><strong>Bestellen Sie Ihr Exemplar noch heute<\/strong><\/p>\n<p>Verleihen Sie Ihrer Schmucksammlung einen modernen Touch mit unseren 22-kar\u00e4tigen Goldarmreifen mit Rhodium-Finish. Perfekt f\u00fcr jeden Anlass, sind diese Armreifen der Inbegriff von Eleganz und Raffinesse. Bestellen Sie jetzt und erleben Sie die zeitlose Sch\u00f6nheit des modernen Designs.<\/p>","protected":false},"excerpt":{"rendered":"<table class=\"sh_desc\" style=\"width: 599px\">\n<tbody>\n<tr>\n<td style=\"width: 169px\">Art des Armreifs<\/td>\n<td style=\"width: 430px\">Daily Wear Armreif<\/td>\n<\/tr>\n<tr>\n<td style=\"width: 169px\">SKU<\/td>\n<td style=\"width: 430px\">40843<\/td>\n<\/tr>\n<tr>\n<td style=\"width: 169px\">Gewicht<\/td>\n<td style=\"width: 430px\">19.4 Gms<\/td>\n<\/tr>\n<tr>\n<td style=\"width: 169px\">Metall<\/td>\n<td style=\"width: 430px\">22ct Gold<\/td>\n<\/tr>\n<tr>\n<td style=\"width: 169px\">Armreif Gr\u00f6\u00dfe<\/td>\n<td style=\"width: 430px\">Kann auf Bestellung in allen Gr\u00f6\u00dfen hergestellt werden<\/td>\n<\/tr>\n<tr>\n<td style=\"width: 169px\">Wahrzeichen<\/td>\n<td style=\"width: 430px\">22ct Gold gestempelt von London Assay Office<\/td>\n<\/tr>\n<tr>\n<td style=\"width: 169px\">Entgelte<\/td>\n<td style=\"width: 430px\">Lieferung und Mehrwertsteuer inbegriffen<\/td>\n<\/tr>\n<tr>\n<td style=\"width: 169px\">Verpackung<\/td>\n<td style=\"width: 430px\">Mit Pr\u00e4sentationsbox<\/td>\n<\/tr>\n<tr>\n<td style=\"width: 169px\">Mehr Informationen<\/td>\n<td style=\"width: 430px\">\n<ul>\n<li>Hinweis: Der hier angegebene Preis gilt f\u00fcr einen einzelnen Armreif.<\/li>\n<li>Live-Chat mit uns f\u00fcr Verf\u00fcgbarkeit und mehr Bilder<\/li>\n<li>Mehr erforschen <a href=\"https:\/\/www.purejewels.com\/de\/produkt-kategorie\/schmuck\/goldarmbander\/\">Goldarmb\u00e4nder<\/a><\/li>\n<\/ul>\n<\/td>\n<\/tr>\n<\/tbody>\n<\/table>","protected":false},"featured_media":339973,"comment_status":"closed","ping_status":"closed","template":"","meta":{"_eb_attr":"","_crsspst_to_jayantr4sg-hostcom":true},"product_brand":[],"product_cat":[1791,1559,5270,1233,1229,1570,5271,6151,1573,1574,5349],"product_tag":[5310,1514,1430,5309],"class_list":{"0":"post-339972","1":"product","2":"type-product","3":"status-publish","4":"has-post-thumbnail","6":"product_cat-anniversary-gifts","7":"product_cat-birthday-gifts","8":"product_cat-daily-wear-bangles","9":"product_cat-gold-bangles","10":"product_cat-22ct-gold-jewellery","11":"product_cat-mothers-day-gifts","12":"product_cat-occasion-wear-bangles","13":"product_cat-plated-gold-bangles","14":"product_cat-wedding-gifts","15":"product_cat-womens-jewellery","16":"product_cat-yellow-gold-jewellery","17":"product_tag-22k-gold-bangles","18":"product_tag-bangles","19":"product_tag-diwali-gift","20":"product_tag-gold-bangles","22":"first","23":"instock","24":"taxable","25":"shipping-taxable","26":"purchasable","27":"product-type-simple","28":"add-to-wishlist-before_image"},"yoast_head":"<!-- This site is optimized with the Yoast SEO plugin v27.5 - https:\/\/yoast.com\/product\/yoast-seo-wordpress\/ -->\n<title>22ct Gold Bangles | Rhodium Finish | PureJewel UK<\/title>\n<meta name=\"description\" content=\"Shop PureJewels UK for an exquisite 22ct gold modern design bangle, size 2.4. Elevate your style with the latest in gold jewellery. Buy now!\" \/>\n<meta name=\"robots\" content=\"index, follow, max-snippet:-1, max-image-preview:large, max-video-preview:-1\" \/>\n<link rel=\"canonical\" href=\"https:\/\/www.purejewels.com\/de\/produkt-2\/22-kt-gold-armreifen-rhodium-finish-schwergewicht-40843\/\" \/>\n<meta property=\"og:locale\" content=\"de_DE\" \/>\n<meta property=\"og:type\" content=\"article\" \/>\n<meta property=\"og:title\" content=\"22ct Gold Bangles | Rhodium Finish | PureJewel UK\" \/>\n<meta property=\"og:description\" content=\"Shop PureJewels UK for an exquisite 22ct gold modern design bangle, size 2.4. Elevate your style with the latest in gold jewellery. Buy now!\" \/>\n<meta property=\"og:url\" content=\"https:\/\/www.purejewels.com\/de\/produkt-2\/22-kt-gold-armreifen-rhodium-finish-schwergewicht-40843\/\" \/>\n<meta property=\"og:site_name\" content=\"PureJewels UK\" \/>\n<meta property=\"article:modified_time\" content=\"2026-04-16T06:33:44+00:00\" \/>\n<meta property=\"og:image\" content=\"https:\/\/static.purejewels.com\/wp-content\/uploads\/2022\/10\/40843-1.jpg\" \/>\n\t<meta property=\"og:image:width\" content=\"1000\" \/>\n\t<meta property=\"og:image:height\" content=\"1000\" \/>\n\t<meta property=\"og:image:type\" content=\"image\/jpeg\" \/>\n<meta name=\"twitter:card\" content=\"summary_large_image\" \/>\n<meta name=\"twitter:label1\" content=\"Gesch\u00e4tzte Lesezeit\" \/>\n\t<meta name=\"twitter:data1\" content=\"2\u00a0Minuten\" \/>\n<script type=\"application\/ld+json\" class=\"yoast-schema-graph\">{\"@context\":\"https:\\\/\\\/schema.org\",\"@graph\":[{\"@type\":[\"WebPage\",\"ItemPage\"],\"@id\":\"https:\\\/\\\/www.purejewels.com\\\/product\\\/22ct-gold-bangles-rhodium-finish-heavyweight-40843\\\/\",\"url\":\"https:\\\/\\\/www.purejewels.com\\\/product\\\/22ct-gold-bangles-rhodium-finish-heavyweight-40843\\\/\",\"name\":\"22ct Gold Bangles | Rhodium Finish | PureJewel UK\",\"isPartOf\":{\"@id\":\"https:\\\/\\\/www.purejewels.com\\\/#website\"},\"primaryImageOfPage\":{\"@id\":\"https:\\\/\\\/www.purejewels.com\\\/product\\\/22ct-gold-bangles-rhodium-finish-heavyweight-40843\\\/#primaryimage\"},\"image\":{\"@id\":\"https:\\\/\\\/www.purejewels.com\\\/product\\\/22ct-gold-bangles-rhodium-finish-heavyweight-40843\\\/#primaryimage\"},\"thumbnailUrl\":\"https:\\\/\\\/static.purejewels.com\\\/wp-content\\\/uploads\\\/2022\\\/10\\\/40843-1.jpg\",\"datePublished\":\"2024-05-15T06:02:18+00:00\",\"dateModified\":\"2026-04-16T06:33:44+00:00\",\"description\":\"Shop PureJewels UK for an exquisite 22ct gold modern design bangle, size 2.4. Elevate your style with the latest in gold jewellery. Buy now!\",\"breadcrumb\":{\"@id\":\"https:\\\/\\\/www.purejewels.com\\\/product\\\/22ct-gold-bangles-rhodium-finish-heavyweight-40843\\\/#breadcrumb\"},\"inLanguage\":\"de\",\"potentialAction\":[{\"@type\":\"ReadAction\",\"target\":[\"https:\\\/\\\/www.purejewels.com\\\/product\\\/22ct-gold-bangles-rhodium-finish-heavyweight-40843\\\/\"]}]},{\"@type\":\"ImageObject\",\"inLanguage\":\"de\",\"@id\":\"https:\\\/\\\/www.purejewels.com\\\/product\\\/22ct-gold-bangles-rhodium-finish-heavyweight-40843\\\/#primaryimage\",\"url\":\"https:\\\/\\\/static.purejewels.com\\\/wp-content\\\/uploads\\\/2022\\\/10\\\/40843-1.jpg\",\"contentUrl\":\"https:\\\/\\\/static.purejewels.com\\\/wp-content\\\/uploads\\\/2022\\\/10\\\/40843-1.jpg\",\"width\":1000,\"height\":1000,\"caption\":\"22ct Gold Bangles | Rhodium Finish | Heavyweight\"},{\"@type\":\"BreadcrumbList\",\"@id\":\"https:\\\/\\\/www.purejewels.com\\\/product\\\/22ct-gold-bangles-rhodium-finish-heavyweight-40843\\\/#breadcrumb\",\"itemListElement\":[{\"@type\":\"ListItem\",\"position\":1,\"name\":\"Home\",\"item\":\"https:\\\/\\\/www.purejewels.com\\\/\"},{\"@type\":\"ListItem\",\"position\":2,\"name\":\"Shop\",\"item\":\"https:\\\/\\\/www.purejewels.com\\\/shop\\\/\"},{\"@type\":\"ListItem\",\"position\":3,\"name\":\"22ct Gold Bangles | Rhodium Finish | Size 2.4\"}]},{\"@type\":\"WebSite\",\"@id\":\"https:\\\/\\\/www.purejewels.com\\\/#website\",\"url\":\"https:\\\/\\\/www.purejewels.com\\\/\",\"name\":\"PureJewels UK\",\"description\":\"Share the Love\",\"publisher\":{\"@id\":\"https:\\\/\\\/www.purejewels.com\\\/#organization\"},\"potentialAction\":[{\"@type\":\"SearchAction\",\"target\":{\"@type\":\"EntryPoint\",\"urlTemplate\":\"https:\\\/\\\/www.purejewels.com\\\/?s={search_term_string}\"},\"query-input\":{\"@type\":\"PropertyValueSpecification\",\"valueRequired\":true,\"valueName\":\"search_term_string\"}}],\"inLanguage\":\"de\"},{\"@type\":\"Organization\",\"@id\":\"https:\\\/\\\/www.purejewels.com\\\/#organization\",\"name\":\"PureJewels UK\",\"url\":\"https:\\\/\\\/www.purejewels.com\\\/\",\"logo\":{\"@type\":\"ImageObject\",\"inLanguage\":\"de\",\"@id\":\"https:\\\/\\\/www.purejewels.com\\\/#\\\/schema\\\/logo\\\/image\\\/\",\"url\":\"https:\\\/\\\/static.purejewels.com\\\/wp-content\\\/uploads\\\/2020\\\/11\\\/Logo-PJ-New-1.png\",\"contentUrl\":\"https:\\\/\\\/static.purejewels.com\\\/wp-content\\\/uploads\\\/2020\\\/11\\\/Logo-PJ-New-1.png\",\"width\":150,\"height\":80,\"caption\":\"PureJewels UK\"},\"image\":{\"@id\":\"https:\\\/\\\/www.purejewels.com\\\/#\\\/schema\\\/logo\\\/image\\\/\"}}]}<\/script>\n<!-- \/ Yoast SEO plugin. -->","yoast_head_json":{"title":"22ct Gold Armreifen | Rhodium Finish | PureJewel UK","description":"Kaufen Sie bei PureJewels UK einen exquisiten Armreif in modernem Design aus 22 Karat Gold, Gr\u00f6\u00dfe 2,4. Erh\u00f6hen Sie Ihren Stil mit dem neuesten Goldschmuck. Jetzt kaufen!","robots":{"index":"index","follow":"follow","max-snippet":"max-snippet:-1","max-image-preview":"max-image-preview:large","max-video-preview":"max-video-preview:-1"},"canonical":"https:\/\/www.purejewels.com\/de\/produkt-2\/22-kt-gold-armreifen-rhodium-finish-schwergewicht-40843\/","og_locale":"de_DE","og_type":"article","og_title":"22ct Gold Bangles | Rhodium Finish | PureJewel UK","og_description":"Shop PureJewels UK for an exquisite 22ct gold modern design bangle, size 2.4. Elevate your style with the latest in gold jewellery. Buy now!","og_url":"https:\/\/www.purejewels.com\/de\/produkt-2\/22-kt-gold-armreifen-rhodium-finish-schwergewicht-40843\/","og_site_name":"PureJewels UK","article_modified_time":"2026-04-16T06:33:44+00:00","og_image":[{"width":1000,"height":1000,"url":"https:\/\/static.purejewels.com\/wp-content\/uploads\/2022\/10\/40843-1.jpg","type":"image\/jpeg"}],"twitter_card":"summary_large_image","twitter_misc":{"Gesch\u00e4tzte Lesezeit":"2\u00a0Minuten"},"schema":{"@context":"https:\/\/schema.org","@graph":[{"@type":["WebPage","ItemPage"],"@id":"https:\/\/www.purejewels.com\/product\/22ct-gold-bangles-rhodium-finish-heavyweight-40843\/","url":"https:\/\/www.purejewels.com\/product\/22ct-gold-bangles-rhodium-finish-heavyweight-40843\/","name":"22ct Gold Armreifen | Rhodium Finish | PureJewel UK","isPartOf":{"@id":"https:\/\/www.purejewels.com\/#website"},"primaryImageOfPage":{"@id":"https:\/\/www.purejewels.com\/product\/22ct-gold-bangles-rhodium-finish-heavyweight-40843\/#primaryimage"},"image":{"@id":"https:\/\/www.purejewels.com\/product\/22ct-gold-bangles-rhodium-finish-heavyweight-40843\/#primaryimage"},"thumbnailUrl":"https:\/\/static.purejewels.com\/wp-content\/uploads\/2022\/10\/40843-1.jpg","datePublished":"2024-05-15T06:02:18+00:00","dateModified":"2026-04-16T06:33:44+00:00","description":"Kaufen Sie bei PureJewels UK einen exquisiten Armreif in modernem Design aus 22 Karat Gold, Gr\u00f6\u00dfe 2,4. Erh\u00f6hen Sie Ihren Stil mit dem neuesten Goldschmuck. Jetzt kaufen!","breadcrumb":{"@id":"https:\/\/www.purejewels.com\/product\/22ct-gold-bangles-rhodium-finish-heavyweight-40843\/#breadcrumb"},"inLanguage":"de","potentialAction":[{"@type":"ReadAction","target":["https:\/\/www.purejewels.com\/product\/22ct-gold-bangles-rhodium-finish-heavyweight-40843\/"]}]},{"@type":"ImageObject","inLanguage":"de","@id":"https:\/\/www.purejewels.com\/product\/22ct-gold-bangles-rhodium-finish-heavyweight-40843\/#primaryimage","url":"https:\/\/static.purejewels.com\/wp-content\/uploads\/2022\/10\/40843-1.jpg","contentUrl":"https:\/\/static.purejewels.com\/wp-content\/uploads\/2022\/10\/40843-1.jpg","width":1000,"height":1000,"caption":"22ct Gold Bangles | Rhodium Finish | Heavyweight"},{"@type":"BreadcrumbList","@id":"https:\/\/www.purejewels.com\/product\/22ct-gold-bangles-rhodium-finish-heavyweight-40843\/#breadcrumb","itemListElement":[{"@type":"ListItem","position":1,"name":"Home","item":"https:\/\/www.purejewels.com\/"},{"@type":"ListItem","position":2,"name":"Shop","item":"https:\/\/www.purejewels.com\/shop\/"},{"@type":"ListItem","position":3,"name":"22ct Gold Bangles | Rhodium Finish | Size 2.4"}]},{"@type":"WebSite","@id":"https:\/\/www.purejewels.com\/#website","url":"https:\/\/www.purejewels.com\/","name":"PureJewels UK","description":"Teile die Liebe","publisher":{"@id":"https:\/\/www.purejewels.com\/#organization"},"potentialAction":[{"@type":"SearchAction","target":{"@type":"EntryPoint","urlTemplate":"https:\/\/www.purejewels.com\/?s={search_term_string}"},"query-input":{"@type":"PropertyValueSpecification","valueRequired":true,"valueName":"search_term_string"}}],"inLanguage":"de"},{"@type":"Organization","@id":"https:\/\/www.purejewels.com\/#organization","name":"PureJewels UK","url":"https:\/\/www.purejewels.com\/","logo":{"@type":"ImageObject","inLanguage":"de","@id":"https:\/\/www.purejewels.com\/#\/schema\/logo\/image\/","url":"https:\/\/static.purejewels.com\/wp-content\/uploads\/2020\/11\/Logo-PJ-New-1.png","contentUrl":"https:\/\/static.purejewels.com\/wp-content\/uploads\/2020\/11\/Logo-PJ-New-1.png","width":150,"height":80,"caption":"PureJewels UK"},"image":{"@id":"https:\/\/www.purejewels.com\/#\/schema\/logo\/image\/"}}]}},"_links":{"self":[{"href":"https:\/\/www.purejewels.com\/de\/wp-json\/wp\/v2\/product\/339972","targetHints":{"allow":["GET"]}}],"collection":[{"href":"https:\/\/www.purejewels.com\/de\/wp-json\/wp\/v2\/product"}],"about":[{"href":"https:\/\/www.purejewels.com\/de\/wp-json\/wp\/v2\/types\/product"}],"replies":[{"embeddable":true,"href":"https:\/\/www.purejewels.com\/de\/wp-json\/wp\/v2\/comments?post=339972"}],"version-history":[{"count":4,"href":"https:\/\/www.purejewels.com\/de\/wp-json\/wp\/v2\/product\/339972\/revisions"}],"predecessor-version":[{"id":428519,"href":"https:\/\/www.purejewels.com\/de\/wp-json\/wp\/v2\/product\/339972\/revisions\/428519"}],"wp:featuredmedia":[{"embeddable":true,"href":"https:\/\/www.purejewels.com\/de\/wp-json\/wp\/v2\/media\/339973"}],"wp:attachment":[{"href":"https:\/\/www.purejewels.com\/de\/wp-json\/wp\/v2\/media?parent=339972"}],"wp:term":[{"taxonomy":"product_brand","embeddable":true,"href":"https:\/\/www.purejewels.com\/de\/wp-json\/wp\/v2\/product_brand?post=339972"},{"taxonomy":"product_cat","embeddable":true,"href":"https:\/\/www.purejewels.com\/de\/wp-json\/wp\/v2\/product_cat?post=339972"},{"taxonomy":"product_tag","embeddable":true,"href":"https:\/\/www.purejewels.com\/de\/wp-json\/wp\/v2\/product_tag?post=339972"}],"curies":[{"name":"wp","href":"https:\/\/api.w.org\/{rel}","templated":true}]}}