{"id":340358,"date":"2022-10-28T11:23:46","date_gmt":"2022-10-28T10:23:46","guid":{"rendered":"https:\/\/www.purejewels.com\/?post_type=product&#038;p=340358"},"modified":"2026-02-27T10:55:57","modified_gmt":"2026-02-27T10:55:57","slug":"diamant-nasenstecker-aus-18-karat-weisgold-mit-schraube-43682","status":"publish","type":"product","link":"https:\/\/www.purejewels.com\/de\/product\/18ct-white-gold-diamond-stud-nosepin-with-screw-43682\/","title":{"rendered":"18 Karat Wei\u00dfgold 0,08 Karat Diamant-Nasenstecker mit Schraube"},"content":{"rendered":"<ul>\n<li>18 Karat Wei\u00dfgold Diamant-Nasenstecker UK<\/li>\n<li>18ct Nasenschmuck Geeignet f\u00fcr den t\u00e4glichen Gebrauch<\/li>\n<li>mit rundem Diamanten im Brillantschliff in vierzackiger Fassung<\/li>\n<li>Alle unsere Diamanten werden mit SGL-Zertifikat geliefert.<\/li>\n<\/ul>","protected":false},"excerpt":{"rendered":"<p>Nasenstecker aus 18 Karat Wei\u00dfgold mit nat\u00fcrlichen Diamanten und sicherem Schraubverschluss. Perfekt, um Ihren Look mit einem Hauch von Eleganz und minimalem Funkeln aufzuwerten.<\/p>\n<p><strong>SKU:<\/strong> 43682, 45188<br \/>\n<strong>Metall<\/strong>: 18ct<br \/>\n<strong>Gewicht der Diamanten:<\/strong> 0,08ct<br \/>\n<strong>Diamant-Durchmesser:<\/strong> 3,57 mm<br \/>\n<strong>L\u00e4nge des Nasenstifts:<\/strong> 9,1 mm<br \/>\n<strong>L\u00e4nge des Stiels:<\/strong> 6,4 mm<br \/>\n<strong>Dicke des Stiels:<\/strong> 0,90 mm<\/p>\n<p>Preis und Lieferung: Inklusive Mehrwertsteuer und Versandkosten<br \/>\n<a href=\"https:\/\/www.purejewels.com\/de\/ruckgabepolitik\/\"><strong>R\u00fcckgabepolitik<\/strong><\/a><\/p>","protected":false},"featured_media":346394,"comment_status":"closed","ping_status":"closed","template":"","meta":{"_eb_attr":"","_crsspst_to_jayantr4sg-hostcom":false},"product_brand":[],"product_cat":[5679,6093,5457,1530,6007,1711,5942,5348],"product_tag":[],"class_list":{"0":"post-340358","1":"product","2":"type-product","3":"status-publish","4":"has-post-thumbnail","6":"product_cat-18ct-gold-jewellery","7":"product_cat-18ct-nose-jewellery","8":"product_cat-diamond-jewellery","9":"product_cat-diamond-nose-pin","10":"product_cat-diamond-nose-stud","11":"product_cat-gold-nose-studs","12":"product_cat-nose-jewellery","13":"product_cat-white-gold-jewellery","15":"first","16":"instock","17":"taxable","18":"shipping-taxable","19":"purchasable","20":"product-type-simple","21":"add-to-wishlist-before_image"},"yoast_head":"<!-- This site is optimized with the Yoast SEO plugin v27.5 - https:\/\/yoast.com\/product\/yoast-seo-wordpress\/ -->\n<title>18ct White Gold Diamond Stud Nosepin | PureJewels UK<\/title>\n<meta name=\"description\" content=\"Elevate your style with a diamond nose pin that exudes elegance. Shop now and indulge in the luxury of a diamond nose pin that is sure to make a dazzling statement.\" \/>\n<meta name=\"robots\" content=\"index, follow, max-snippet:-1, max-image-preview:large, max-video-preview:-1\" \/>\n<link rel=\"canonical\" href=\"https:\/\/www.purejewels.com\/de\/produkt-2\/diamant-nasenstecker-aus-18-karat-weisgold-mit-schraube-43682\/\" \/>\n<meta property=\"og:locale\" content=\"de_DE\" \/>\n<meta property=\"og:type\" content=\"article\" \/>\n<meta property=\"og:title\" content=\"18ct White Gold Diamond Stud Nosepin | PureJewels UK\" \/>\n<meta property=\"og:description\" content=\"Elevate your style with a diamond nose pin that exudes elegance. Shop now and indulge in the luxury of a diamond nose pin that is sure to make a dazzling statement.\" \/>\n<meta property=\"og:url\" content=\"https:\/\/www.purejewels.com\/de\/produkt-2\/diamant-nasenstecker-aus-18-karat-weisgold-mit-schraube-43682\/\" \/>\n<meta property=\"og:site_name\" content=\"PureJewels UK\" \/>\n<meta property=\"article:modified_time\" content=\"2026-02-27T10:55:57+00:00\" \/>\n<meta property=\"og:image\" content=\"https:\/\/static.purejewels.com\/wp-content\/uploads\/2023\/05\/0.8ctwhite.jpg\" \/>\n\t<meta property=\"og:image:width\" content=\"1000\" \/>\n\t<meta property=\"og:image:height\" content=\"1000\" \/>\n\t<meta property=\"og:image:type\" content=\"image\/jpeg\" \/>\n<meta name=\"twitter:card\" content=\"summary_large_image\" \/>\n<meta name=\"twitter:label1\" content=\"Gesch\u00e4tzte Lesezeit\" \/>\n\t<meta name=\"twitter:data1\" content=\"1\u00a0Minute\" \/>\n<script type=\"application\/ld+json\" class=\"yoast-schema-graph\">{\"@context\":\"https:\\\/\\\/schema.org\",\"@graph\":[{\"@type\":[\"WebPage\",\"ItemPage\"],\"@id\":\"https:\\\/\\\/www.purejewels.com\\\/product\\\/18ct-white-gold-diamond-stud-nosepin-with-screw-43682\\\/\",\"url\":\"https:\\\/\\\/www.purejewels.com\\\/product\\\/18ct-white-gold-diamond-stud-nosepin-with-screw-43682\\\/\",\"name\":\"18ct White Gold Diamond Stud Nosepin | PureJewels UK\",\"isPartOf\":{\"@id\":\"https:\\\/\\\/www.purejewels.com\\\/#website\"},\"primaryImageOfPage\":{\"@id\":\"https:\\\/\\\/www.purejewels.com\\\/product\\\/18ct-white-gold-diamond-stud-nosepin-with-screw-43682\\\/#primaryimage\"},\"image\":{\"@id\":\"https:\\\/\\\/www.purejewels.com\\\/product\\\/18ct-white-gold-diamond-stud-nosepin-with-screw-43682\\\/#primaryimage\"},\"thumbnailUrl\":\"https:\\\/\\\/static.purejewels.com\\\/wp-content\\\/uploads\\\/2023\\\/05\\\/0.8ctwhite.jpg\",\"datePublished\":\"2022-10-28T10:23:46+00:00\",\"dateModified\":\"2026-02-27T10:55:57+00:00\",\"description\":\"Elevate your style with a diamond nose pin that exudes elegance. Shop now and indulge in the luxury of a diamond nose pin that is sure to make a dazzling statement.\",\"breadcrumb\":{\"@id\":\"https:\\\/\\\/www.purejewels.com\\\/product\\\/18ct-white-gold-diamond-stud-nosepin-with-screw-43682\\\/#breadcrumb\"},\"inLanguage\":\"de\",\"potentialAction\":[{\"@type\":\"ReadAction\",\"target\":[\"https:\\\/\\\/www.purejewels.com\\\/product\\\/18ct-white-gold-diamond-stud-nosepin-with-screw-43682\\\/\"]}]},{\"@type\":\"ImageObject\",\"inLanguage\":\"de\",\"@id\":\"https:\\\/\\\/www.purejewels.com\\\/product\\\/18ct-white-gold-diamond-stud-nosepin-with-screw-43682\\\/#primaryimage\",\"url\":\"https:\\\/\\\/static.purejewels.com\\\/wp-content\\\/uploads\\\/2023\\\/05\\\/0.8ctwhite.jpg\",\"contentUrl\":\"https:\\\/\\\/static.purejewels.com\\\/wp-content\\\/uploads\\\/2023\\\/05\\\/0.8ctwhite.jpg\",\"width\":1000,\"height\":1000,\"caption\":\"18ct White Gold Diamond Stud Nosepin with Screw\"},{\"@type\":\"BreadcrumbList\",\"@id\":\"https:\\\/\\\/www.purejewels.com\\\/product\\\/18ct-white-gold-diamond-stud-nosepin-with-screw-43682\\\/#breadcrumb\",\"itemListElement\":[{\"@type\":\"ListItem\",\"position\":1,\"name\":\"Home\",\"item\":\"https:\\\/\\\/www.purejewels.com\\\/\"},{\"@type\":\"ListItem\",\"position\":2,\"name\":\"Shop\",\"item\":\"https:\\\/\\\/www.purejewels.com\\\/shop\\\/\"},{\"@type\":\"ListItem\",\"position\":3,\"name\":\"18ct White Gold 0.08ct Diamond Nose Stud with Screw\"}]},{\"@type\":\"WebSite\",\"@id\":\"https:\\\/\\\/www.purejewels.com\\\/#website\",\"url\":\"https:\\\/\\\/www.purejewels.com\\\/\",\"name\":\"PureJewels UK\",\"description\":\"Share the Love\",\"publisher\":{\"@id\":\"https:\\\/\\\/www.purejewels.com\\\/#organization\"},\"potentialAction\":[{\"@type\":\"SearchAction\",\"target\":{\"@type\":\"EntryPoint\",\"urlTemplate\":\"https:\\\/\\\/www.purejewels.com\\\/?s={search_term_string}\"},\"query-input\":{\"@type\":\"PropertyValueSpecification\",\"valueRequired\":true,\"valueName\":\"search_term_string\"}}],\"inLanguage\":\"de\"},{\"@type\":\"Organization\",\"@id\":\"https:\\\/\\\/www.purejewels.com\\\/#organization\",\"name\":\"PureJewels UK\",\"url\":\"https:\\\/\\\/www.purejewels.com\\\/\",\"logo\":{\"@type\":\"ImageObject\",\"inLanguage\":\"de\",\"@id\":\"https:\\\/\\\/www.purejewels.com\\\/#\\\/schema\\\/logo\\\/image\\\/\",\"url\":\"https:\\\/\\\/static.purejewels.com\\\/wp-content\\\/uploads\\\/2020\\\/11\\\/Logo-PJ-New-1.png\",\"contentUrl\":\"https:\\\/\\\/static.purejewels.com\\\/wp-content\\\/uploads\\\/2020\\\/11\\\/Logo-PJ-New-1.png\",\"width\":150,\"height\":80,\"caption\":\"PureJewels UK\"},\"image\":{\"@id\":\"https:\\\/\\\/www.purejewels.com\\\/#\\\/schema\\\/logo\\\/image\\\/\"}}]}<\/script>\n<!-- \/ Yoast SEO plugin. -->","yoast_head_json":{"title":"18ct Wei\u00dfgold Diamant-Nasenstecker | PureJewels UK","description":"Erh\u00f6hen Sie Ihren Stil mit einer diamantenen Anstecknadel, die Eleganz ausstrahlt. Shoppen Sie jetzt und g\u00f6nnen Sie sich den Luxus einer diamantenen Anstecknadel, die mit Sicherheit ein glanzvolles Statement abgibt.","robots":{"index":"index","follow":"follow","max-snippet":"max-snippet:-1","max-image-preview":"max-image-preview:large","max-video-preview":"max-video-preview:-1"},"canonical":"https:\/\/www.purejewels.com\/de\/produkt-2\/diamant-nasenstecker-aus-18-karat-weisgold-mit-schraube-43682\/","og_locale":"de_DE","og_type":"article","og_title":"18ct White Gold Diamond Stud Nosepin | PureJewels UK","og_description":"Elevate your style with a diamond nose pin that exudes elegance. Shop now and indulge in the luxury of a diamond nose pin that is sure to make a dazzling statement.","og_url":"https:\/\/www.purejewels.com\/de\/produkt-2\/diamant-nasenstecker-aus-18-karat-weisgold-mit-schraube-43682\/","og_site_name":"PureJewels UK","article_modified_time":"2026-02-27T10:55:57+00:00","og_image":[{"width":1000,"height":1000,"url":"https:\/\/static.purejewels.com\/wp-content\/uploads\/2023\/05\/0.8ctwhite.jpg","type":"image\/jpeg"}],"twitter_card":"summary_large_image","twitter_misc":{"Gesch\u00e4tzte Lesezeit":"1\u00a0Minute"},"schema":{"@context":"https:\/\/schema.org","@graph":[{"@type":["WebPage","ItemPage"],"@id":"https:\/\/www.purejewels.com\/product\/18ct-white-gold-diamond-stud-nosepin-with-screw-43682\/","url":"https:\/\/www.purejewels.com\/product\/18ct-white-gold-diamond-stud-nosepin-with-screw-43682\/","name":"18ct Wei\u00dfgold Diamant-Nasenstecker | PureJewels UK","isPartOf":{"@id":"https:\/\/www.purejewels.com\/#website"},"primaryImageOfPage":{"@id":"https:\/\/www.purejewels.com\/product\/18ct-white-gold-diamond-stud-nosepin-with-screw-43682\/#primaryimage"},"image":{"@id":"https:\/\/www.purejewels.com\/product\/18ct-white-gold-diamond-stud-nosepin-with-screw-43682\/#primaryimage"},"thumbnailUrl":"https:\/\/static.purejewels.com\/wp-content\/uploads\/2023\/05\/0.8ctwhite.jpg","datePublished":"2022-10-28T10:23:46+00:00","dateModified":"2026-02-27T10:55:57+00:00","description":"Erh\u00f6hen Sie Ihren Stil mit einer diamantenen Anstecknadel, die Eleganz ausstrahlt. Shoppen Sie jetzt und g\u00f6nnen Sie sich den Luxus einer diamantenen Anstecknadel, die mit Sicherheit ein glanzvolles Statement abgibt.","breadcrumb":{"@id":"https:\/\/www.purejewels.com\/product\/18ct-white-gold-diamond-stud-nosepin-with-screw-43682\/#breadcrumb"},"inLanguage":"de","potentialAction":[{"@type":"ReadAction","target":["https:\/\/www.purejewels.com\/product\/18ct-white-gold-diamond-stud-nosepin-with-screw-43682\/"]}]},{"@type":"ImageObject","inLanguage":"de","@id":"https:\/\/www.purejewels.com\/product\/18ct-white-gold-diamond-stud-nosepin-with-screw-43682\/#primaryimage","url":"https:\/\/static.purejewels.com\/wp-content\/uploads\/2023\/05\/0.8ctwhite.jpg","contentUrl":"https:\/\/static.purejewels.com\/wp-content\/uploads\/2023\/05\/0.8ctwhite.jpg","width":1000,"height":1000,"caption":"18ct White Gold Diamond Stud Nosepin with Screw"},{"@type":"BreadcrumbList","@id":"https:\/\/www.purejewels.com\/product\/18ct-white-gold-diamond-stud-nosepin-with-screw-43682\/#breadcrumb","itemListElement":[{"@type":"ListItem","position":1,"name":"Home","item":"https:\/\/www.purejewels.com\/"},{"@type":"ListItem","position":2,"name":"Shop","item":"https:\/\/www.purejewels.com\/shop\/"},{"@type":"ListItem","position":3,"name":"18ct White Gold 0.08ct Diamond Nose Stud with Screw"}]},{"@type":"WebSite","@id":"https:\/\/www.purejewels.com\/#website","url":"https:\/\/www.purejewels.com\/","name":"PureJewels UK","description":"Teile die Liebe","publisher":{"@id":"https:\/\/www.purejewels.com\/#organization"},"potentialAction":[{"@type":"SearchAction","target":{"@type":"EntryPoint","urlTemplate":"https:\/\/www.purejewels.com\/?s={search_term_string}"},"query-input":{"@type":"PropertyValueSpecification","valueRequired":true,"valueName":"search_term_string"}}],"inLanguage":"de"},{"@type":"Organization","@id":"https:\/\/www.purejewels.com\/#organization","name":"PureJewels UK","url":"https:\/\/www.purejewels.com\/","logo":{"@type":"ImageObject","inLanguage":"de","@id":"https:\/\/www.purejewels.com\/#\/schema\/logo\/image\/","url":"https:\/\/static.purejewels.com\/wp-content\/uploads\/2020\/11\/Logo-PJ-New-1.png","contentUrl":"https:\/\/static.purejewels.com\/wp-content\/uploads\/2020\/11\/Logo-PJ-New-1.png","width":150,"height":80,"caption":"PureJewels UK"},"image":{"@id":"https:\/\/www.purejewels.com\/#\/schema\/logo\/image\/"}}]}},"_links":{"self":[{"href":"https:\/\/www.purejewels.com\/de\/wp-json\/wp\/v2\/product\/340358","targetHints":{"allow":["GET"]}}],"collection":[{"href":"https:\/\/www.purejewels.com\/de\/wp-json\/wp\/v2\/product"}],"about":[{"href":"https:\/\/www.purejewels.com\/de\/wp-json\/wp\/v2\/types\/product"}],"replies":[{"embeddable":true,"href":"https:\/\/www.purejewels.com\/de\/wp-json\/wp\/v2\/comments?post=340358"}],"version-history":[{"count":4,"href":"https:\/\/www.purejewels.com\/de\/wp-json\/wp\/v2\/product\/340358\/revisions"}],"predecessor-version":[{"id":426417,"href":"https:\/\/www.purejewels.com\/de\/wp-json\/wp\/v2\/product\/340358\/revisions\/426417"}],"wp:featuredmedia":[{"embeddable":true,"href":"https:\/\/www.purejewels.com\/de\/wp-json\/wp\/v2\/media\/346394"}],"wp:attachment":[{"href":"https:\/\/www.purejewels.com\/de\/wp-json\/wp\/v2\/media?parent=340358"}],"wp:term":[{"taxonomy":"product_brand","embeddable":true,"href":"https:\/\/www.purejewels.com\/de\/wp-json\/wp\/v2\/product_brand?post=340358"},{"taxonomy":"product_cat","embeddable":true,"href":"https:\/\/www.purejewels.com\/de\/wp-json\/wp\/v2\/product_cat?post=340358"},{"taxonomy":"product_tag","embeddable":true,"href":"https:\/\/www.purejewels.com\/de\/wp-json\/wp\/v2\/product_tag?post=340358"}],"curies":[{"name":"wp","href":"https:\/\/api.w.org\/{rel}","templated":true}]}}