{"id":340362,"date":"2025-01-06T11:29:11","date_gmt":"2025-01-06T11:29:11","guid":{"rendered":"https:\/\/www.purejewels.com\/?post_type=product&#038;p=340362"},"modified":"2026-03-05T06:32:15","modified_gmt":"2026-03-05T06:32:15","slug":"diamantnase-aus-18-karat-weisgold-mit-schraube-48897","status":"publish","type":"product","link":"https:\/\/www.purejewels.com\/de\/product\/18-carat-white-gold-diamond-nosepin-with-screw-48897\/","title":{"rendered":"18 Karat Wei\u00dfgold 0,12ct Diamant-Nasenstecker mit Schraube"},"content":{"rendered":"<p data-start=\"304\" data-end=\"627\">Schlank, modern und zeitlos elegant - das <a href=\"https:\/\/www.purejewels.com\/de\/produkt-kategorie\/diamantschmuck\/diamantnadel\/\"><strong data-start=\"348\" data-end=\"378\">Solit\u00e4r-Diamant-Nasenstecker<\/strong><\/a> ist ein Fest der Reinheit und des Glanzes. Mit Pr\u00e4zision handgefertigt, verf\u00fcgt es \u00fcber eine <strong data-start=\"464\" data-end=\"486\">0,12 Karat Diamant<\/strong> von au\u00dfergew\u00f6hnlicher Qualit\u00e4t - benotet <strong data-start=\"519\" data-end=\"533\">Farbe E\/F<\/strong> f\u00fcr nahezu farblose Ausstrahlung und <strong data-start=\"567\" data-end=\"582\">VVS-Klarheit<\/strong> f\u00fcr sein makelloses Funkeln mit dem blo\u00dfen Auge.<\/p>\n<p data-start=\"629\" data-end=\"865\">Der Diamant mit der Gr\u00f6\u00dfe <strong data-start=\"652\" data-end=\"661\">3,9 mm<\/strong>wird sicher in einem klassischen Auto gehalten. <strong data-start=\"693\" data-end=\"715\">vierzackige Fassung<\/strong>Sie l\u00e4sst ein Maximum an Licht \u00fcber die Facetten tanzen. Sein minimalistisches und doch raffiniertes Design macht ihn vielseitig einsetzbar, sowohl im Alltag als auch bei besonderen Anl\u00e4ssen.<\/p>\n<p data-start=\"867\" data-end=\"1161\">Die Anstecknadel selbst ist sorgf\u00e4ltig und mit pr\u00e4zisen Ma\u00dfen gefertigt - ein <strong data-start=\"934\" data-end=\"950\">9,3 mm L\u00e4nge<\/strong>, <strong data-start=\"952\" data-end=\"966\">6,1 mm Vorbau<\/strong>und <strong data-start=\"972\" data-end=\"992\">0,90 mm Dicke<\/strong> - f\u00fcr Komfort, Ausgewogenheit und Tragekomfort. Der Stiel endet in einem zarten <strong data-start=\"1068\" data-end=\"1096\">blumenf\u00f6rmiger Schraubverschluss<\/strong>und verbindet praktische Sicherheit mit diskreter Sch\u00f6nheit.<\/p>\n<p data-start=\"1163\" data-end=\"1356\">Jedes Detail dieses Schmuckst\u00fccks spiegelt das Erbe der feinen Handwerkskunst und der Hingabe an Exzellenz von PureJewels wider. Es ist mehr als ein Schmuckst\u00fcck, es ist ein Symbol der Raffinesse - unaufdringlich und doch unvergesslich.<\/p>\n<p data-start=\"1163\" data-end=\"1356\"><span data-sheets-root=\"1\">G\u00f6nnen Sie sich die zeitlose Eleganz unseres 18 Karat Wei\u00dfgold Diamant-Nasensteckers mit Schraube. Diese exquisite Nasenbrosche enth\u00e4lt einen schillernden 0,12-kar\u00e4tigen Diamanten mit einer Reinheit von VVS und einem Farbgrad von E\/F, der f\u00fcr maximale Brillanz und Glanz sorgt. Der Diamant ist mit einem Durchmesser von 3,9 mm sicher gefasst und verleiht Ihrem Alltagslook einen Hauch von Luxus.<\/span><\/p>\n<p>Diese aus hochwertigem 18-kar\u00e4tigem Wei\u00dfgold gefertigte Anstecknadel ist nicht nur wundersch\u00f6n, sondern auch haltbar und langlebig. Das schlanke Design der Brosche mit einer L\u00e4nge von 9,3 mm und einer Schaftl\u00e4nge von 6,1 mm sorgt f\u00fcr einen bequemen und sicheren Sitz. Ganz gleich, ob Sie sich f\u00fcr einen besonderen Anlass herausputzen oder Ihrem Alltagsstil einen Hauch von Glamour verleihen m\u00f6chten, diese diamantene Nasenbrosche ist die perfekte Wahl.<\/p>\n<p>Jede Anstecknadel wird sch\u00f6n verpackt in einer Pr\u00e4sentationsbox geliefert und ist damit ein wunderbares Geschenk f\u00fcr Sie selbst oder einen lieben Menschen. Mit kostenloser Lieferung, sicheren Online-Zahlungen und einer 30-Tage-Geld-zur\u00fcck-Garantie k\u00f6nnen Sie mit Vertrauen einkaufen. Werten Sie Ihren Look noch heute mit unserer exquisiten Diamant-Nasennadel auf.<\/p>","protected":false},"excerpt":{"rendered":"<table>\n<tbody>\n<tr>\n<td>Typ des Nasenstifts<\/td>\n<td>Diamant-Nasennadel<\/td>\n<\/tr>\n<tr>\n<td>SKU<\/td>\n<td>48508<\/td>\n<\/tr>\n<tr>\n<td>Dimension<\/td>\n<td>\n<ul>\n<li>Gewicht des Diamanten 0,12 ct.<\/li>\n<li>Farbe des Diamanten. E\/F<\/li>\n<li>Diamant Reinheit. VVS<\/li>\n<li>Diamant-Durchmesser: 3,9 mm<\/li>\n<li>L\u00e4nge des Nasenstifts: 9,3 mm<\/li>\n<li>Vorbaul\u00e4nge: 6,1 mm<\/li>\n<li>Vorbau Dicke: 0.90mm<\/li>\n<li><strong>Leitfaden f\u00fcr Diamanten (4C's)<\/strong><\/li>\n<\/ul>\n<\/td>\n<\/tr>\n<tr>\n<td>Metall<\/td>\n<td>18ct Wei\u00dfgold<\/td>\n<\/tr>\n<tr>\n<td>Entgelte<\/td>\n<td>Lieferung und Mehrwertsteuer inbegriffen<\/td>\n<\/tr>\n<tr>\n<td>Verpackung<\/td>\n<td>Mit Pr\u00e4sentationsbox<\/td>\n<\/tr>\n<tr>\n<td>Mehr Informationen<\/td>\n<td>Live-Chat mit uns f\u00fcr Verf\u00fcgbarkeit und mehr Bilder<\/td>\n<\/tr>\n<\/tbody>\n<\/table>","protected":false},"featured_media":346396,"comment_status":"closed","ping_status":"closed","template":"","meta":{"_eb_attr":"","_crsspst_to_jayantr4sg-hostcom":false},"product_brand":[],"product_cat":[5679,6093,5457,6007,1711,5942,5348],"product_tag":[],"class_list":{"0":"post-340362","1":"product","2":"type-product","3":"status-publish","4":"has-post-thumbnail","6":"product_cat-18ct-gold-jewellery","7":"product_cat-18ct-nose-jewellery","8":"product_cat-diamond-jewellery","9":"product_cat-diamond-nose-stud","10":"product_cat-gold-nose-studs","11":"product_cat-nose-jewellery","12":"product_cat-white-gold-jewellery","14":"first","15":"instock","16":"taxable","17":"shipping-taxable","18":"purchasable","19":"product-type-simple","20":"add-to-wishlist-before_image"},"yoast_head":"<!-- This site is optimized with the Yoast SEO plugin v27.5 - https:\/\/yoast.com\/product\/yoast-seo-wordpress\/ -->\n<title>18 carat Gold Diamond Nosepin | purejewels.com<\/title>\n<meta name=\"description\" content=\"Choose from a range of sizes and cuts to find the perfect stud that reflects your unique personality. Buy nose stud online today! Free delivery across UK.\" \/>\n<meta name=\"robots\" content=\"index, follow, max-snippet:-1, max-image-preview:large, max-video-preview:-1\" \/>\n<link rel=\"canonical\" href=\"https:\/\/www.purejewels.com\/de\/produkt-2\/diamantnase-aus-18-karat-weisgold-mit-schraube-48897\/\" \/>\n<meta property=\"og:locale\" content=\"de_DE\" \/>\n<meta property=\"og:type\" content=\"article\" \/>\n<meta property=\"og:title\" content=\"18 carat Gold Diamond Nosepin | purejewels.com\" \/>\n<meta property=\"og:description\" content=\"Choose from a range of sizes and cuts to find the perfect stud that reflects your unique personality. Buy nose stud online today! Free delivery across UK.\" \/>\n<meta property=\"og:url\" content=\"https:\/\/www.purejewels.com\/de\/produkt-2\/diamantnase-aus-18-karat-weisgold-mit-schraube-48897\/\" \/>\n<meta property=\"og:site_name\" content=\"PureJewels UK\" \/>\n<meta property=\"article:modified_time\" content=\"2026-03-05T06:32:15+00:00\" \/>\n<meta property=\"og:image\" content=\"https:\/\/static.purejewels.com\/wp-content\/uploads\/2023\/05\/0.12ctwhite.jpg\" \/>\n\t<meta property=\"og:image:width\" content=\"1000\" \/>\n\t<meta property=\"og:image:height\" content=\"1000\" \/>\n\t<meta property=\"og:image:type\" content=\"image\/jpeg\" \/>\n<meta name=\"twitter:card\" content=\"summary_large_image\" \/>\n<meta name=\"twitter:label1\" content=\"Gesch\u00e4tzte Lesezeit\" \/>\n\t<meta name=\"twitter:data1\" content=\"2\u00a0Minuten\" \/>\n<script type=\"application\/ld+json\" class=\"yoast-schema-graph\">{\"@context\":\"https:\\\/\\\/schema.org\",\"@graph\":[{\"@type\":[\"WebPage\",\"ItemPage\"],\"@id\":\"https:\\\/\\\/www.purejewels.com\\\/product\\\/18-carat-white-gold-diamond-nosepin-with-screw-48897\\\/\",\"url\":\"https:\\\/\\\/www.purejewels.com\\\/product\\\/18-carat-white-gold-diamond-nosepin-with-screw-48897\\\/\",\"name\":\"18 carat Gold Diamond Nosepin | purejewels.com\",\"isPartOf\":{\"@id\":\"https:\\\/\\\/www.purejewels.com\\\/#website\"},\"primaryImageOfPage\":{\"@id\":\"https:\\\/\\\/www.purejewels.com\\\/product\\\/18-carat-white-gold-diamond-nosepin-with-screw-48897\\\/#primaryimage\"},\"image\":{\"@id\":\"https:\\\/\\\/www.purejewels.com\\\/product\\\/18-carat-white-gold-diamond-nosepin-with-screw-48897\\\/#primaryimage\"},\"thumbnailUrl\":\"https:\\\/\\\/static.purejewels.com\\\/wp-content\\\/uploads\\\/2023\\\/05\\\/0.12ctwhite.jpg\",\"datePublished\":\"2025-01-06T11:29:11+00:00\",\"dateModified\":\"2026-03-05T06:32:15+00:00\",\"description\":\"Choose from a range of sizes and cuts to find the perfect stud that reflects your unique personality. Buy nose stud online today! Free delivery across UK.\",\"breadcrumb\":{\"@id\":\"https:\\\/\\\/www.purejewels.com\\\/product\\\/18-carat-white-gold-diamond-nosepin-with-screw-48897\\\/#breadcrumb\"},\"inLanguage\":\"de\",\"potentialAction\":[{\"@type\":\"ReadAction\",\"target\":[\"https:\\\/\\\/www.purejewels.com\\\/product\\\/18-carat-white-gold-diamond-nosepin-with-screw-48897\\\/\"]}]},{\"@type\":\"ImageObject\",\"inLanguage\":\"de\",\"@id\":\"https:\\\/\\\/www.purejewels.com\\\/product\\\/18-carat-white-gold-diamond-nosepin-with-screw-48897\\\/#primaryimage\",\"url\":\"https:\\\/\\\/static.purejewels.com\\\/wp-content\\\/uploads\\\/2023\\\/05\\\/0.12ctwhite.jpg\",\"contentUrl\":\"https:\\\/\\\/static.purejewels.com\\\/wp-content\\\/uploads\\\/2023\\\/05\\\/0.12ctwhite.jpg\",\"width\":1000,\"height\":1000,\"caption\":\"18ct White Gold Diamond Stud Nosepin with Screw\"},{\"@type\":\"BreadcrumbList\",\"@id\":\"https:\\\/\\\/www.purejewels.com\\\/product\\\/18-carat-white-gold-diamond-nosepin-with-screw-48897\\\/#breadcrumb\",\"itemListElement\":[{\"@type\":\"ListItem\",\"position\":1,\"name\":\"Home\",\"item\":\"https:\\\/\\\/www.purejewels.com\\\/\"},{\"@type\":\"ListItem\",\"position\":2,\"name\":\"Shop\",\"item\":\"https:\\\/\\\/www.purejewels.com\\\/shop\\\/\"},{\"@type\":\"ListItem\",\"position\":3,\"name\":\"18 carat White Gold 0.12ct Diamond Nose Stud with Screw\"}]},{\"@type\":\"WebSite\",\"@id\":\"https:\\\/\\\/www.purejewels.com\\\/#website\",\"url\":\"https:\\\/\\\/www.purejewels.com\\\/\",\"name\":\"PureJewels UK\",\"description\":\"Share the Love\",\"publisher\":{\"@id\":\"https:\\\/\\\/www.purejewels.com\\\/#organization\"},\"potentialAction\":[{\"@type\":\"SearchAction\",\"target\":{\"@type\":\"EntryPoint\",\"urlTemplate\":\"https:\\\/\\\/www.purejewels.com\\\/?s={search_term_string}\"},\"query-input\":{\"@type\":\"PropertyValueSpecification\",\"valueRequired\":true,\"valueName\":\"search_term_string\"}}],\"inLanguage\":\"de\"},{\"@type\":\"Organization\",\"@id\":\"https:\\\/\\\/www.purejewels.com\\\/#organization\",\"name\":\"PureJewels UK\",\"url\":\"https:\\\/\\\/www.purejewels.com\\\/\",\"logo\":{\"@type\":\"ImageObject\",\"inLanguage\":\"de\",\"@id\":\"https:\\\/\\\/www.purejewels.com\\\/#\\\/schema\\\/logo\\\/image\\\/\",\"url\":\"https:\\\/\\\/static.purejewels.com\\\/wp-content\\\/uploads\\\/2020\\\/11\\\/Logo-PJ-New-1.png\",\"contentUrl\":\"https:\\\/\\\/static.purejewels.com\\\/wp-content\\\/uploads\\\/2020\\\/11\\\/Logo-PJ-New-1.png\",\"width\":150,\"height\":80,\"caption\":\"PureJewels UK\"},\"image\":{\"@id\":\"https:\\\/\\\/www.purejewels.com\\\/#\\\/schema\\\/logo\\\/image\\\/\"}}]}<\/script>\n<!-- \/ Yoast SEO plugin. -->","yoast_head_json":{"title":"18 Karat Gold Diamant-Nasennadel | purejewels.com","description":"W\u00e4hlen Sie aus einer Reihe von Gr\u00f6\u00dfen und Schnitten, um den perfekten Nasenstecker zu finden, der Ihre Pers\u00f6nlichkeit widerspiegelt. Kaufen Sie noch heute Nasenstecker online! Kostenlose Lieferung in ganz Gro\u00dfbritannien.","robots":{"index":"index","follow":"follow","max-snippet":"max-snippet:-1","max-image-preview":"max-image-preview:large","max-video-preview":"max-video-preview:-1"},"canonical":"https:\/\/www.purejewels.com\/de\/produkt-2\/diamantnase-aus-18-karat-weisgold-mit-schraube-48897\/","og_locale":"de_DE","og_type":"article","og_title":"18 carat Gold Diamond Nosepin | purejewels.com","og_description":"Choose from a range of sizes and cuts to find the perfect stud that reflects your unique personality. Buy nose stud online today! Free delivery across UK.","og_url":"https:\/\/www.purejewels.com\/de\/produkt-2\/diamantnase-aus-18-karat-weisgold-mit-schraube-48897\/","og_site_name":"PureJewels UK","article_modified_time":"2026-03-05T06:32:15+00:00","og_image":[{"width":1000,"height":1000,"url":"https:\/\/static.purejewels.com\/wp-content\/uploads\/2023\/05\/0.12ctwhite.jpg","type":"image\/jpeg"}],"twitter_card":"summary_large_image","twitter_misc":{"Gesch\u00e4tzte Lesezeit":"2\u00a0Minuten"},"schema":{"@context":"https:\/\/schema.org","@graph":[{"@type":["WebPage","ItemPage"],"@id":"https:\/\/www.purejewels.com\/product\/18-carat-white-gold-diamond-nosepin-with-screw-48897\/","url":"https:\/\/www.purejewels.com\/product\/18-carat-white-gold-diamond-nosepin-with-screw-48897\/","name":"18 Karat Gold Diamant-Nasennadel | purejewels.com","isPartOf":{"@id":"https:\/\/www.purejewels.com\/#website"},"primaryImageOfPage":{"@id":"https:\/\/www.purejewels.com\/product\/18-carat-white-gold-diamond-nosepin-with-screw-48897\/#primaryimage"},"image":{"@id":"https:\/\/www.purejewels.com\/product\/18-carat-white-gold-diamond-nosepin-with-screw-48897\/#primaryimage"},"thumbnailUrl":"https:\/\/static.purejewels.com\/wp-content\/uploads\/2023\/05\/0.12ctwhite.jpg","datePublished":"2025-01-06T11:29:11+00:00","dateModified":"2026-03-05T06:32:15+00:00","description":"W\u00e4hlen Sie aus einer Reihe von Gr\u00f6\u00dfen und Schnitten, um den perfekten Nasenstecker zu finden, der Ihre Pers\u00f6nlichkeit widerspiegelt. Kaufen Sie noch heute Nasenstecker online! Kostenlose Lieferung in ganz Gro\u00dfbritannien.","breadcrumb":{"@id":"https:\/\/www.purejewels.com\/product\/18-carat-white-gold-diamond-nosepin-with-screw-48897\/#breadcrumb"},"inLanguage":"de","potentialAction":[{"@type":"ReadAction","target":["https:\/\/www.purejewels.com\/product\/18-carat-white-gold-diamond-nosepin-with-screw-48897\/"]}]},{"@type":"ImageObject","inLanguage":"de","@id":"https:\/\/www.purejewels.com\/product\/18-carat-white-gold-diamond-nosepin-with-screw-48897\/#primaryimage","url":"https:\/\/static.purejewels.com\/wp-content\/uploads\/2023\/05\/0.12ctwhite.jpg","contentUrl":"https:\/\/static.purejewels.com\/wp-content\/uploads\/2023\/05\/0.12ctwhite.jpg","width":1000,"height":1000,"caption":"18ct White Gold Diamond Stud Nosepin with Screw"},{"@type":"BreadcrumbList","@id":"https:\/\/www.purejewels.com\/product\/18-carat-white-gold-diamond-nosepin-with-screw-48897\/#breadcrumb","itemListElement":[{"@type":"ListItem","position":1,"name":"Home","item":"https:\/\/www.purejewels.com\/"},{"@type":"ListItem","position":2,"name":"Shop","item":"https:\/\/www.purejewels.com\/shop\/"},{"@type":"ListItem","position":3,"name":"18 carat White Gold 0.12ct Diamond Nose Stud with Screw"}]},{"@type":"WebSite","@id":"https:\/\/www.purejewels.com\/#website","url":"https:\/\/www.purejewels.com\/","name":"PureJewels UK","description":"Teile die Liebe","publisher":{"@id":"https:\/\/www.purejewels.com\/#organization"},"potentialAction":[{"@type":"SearchAction","target":{"@type":"EntryPoint","urlTemplate":"https:\/\/www.purejewels.com\/?s={search_term_string}"},"query-input":{"@type":"PropertyValueSpecification","valueRequired":true,"valueName":"search_term_string"}}],"inLanguage":"de"},{"@type":"Organization","@id":"https:\/\/www.purejewels.com\/#organization","name":"PureJewels UK","url":"https:\/\/www.purejewels.com\/","logo":{"@type":"ImageObject","inLanguage":"de","@id":"https:\/\/www.purejewels.com\/#\/schema\/logo\/image\/","url":"https:\/\/static.purejewels.com\/wp-content\/uploads\/2020\/11\/Logo-PJ-New-1.png","contentUrl":"https:\/\/static.purejewels.com\/wp-content\/uploads\/2020\/11\/Logo-PJ-New-1.png","width":150,"height":80,"caption":"PureJewels UK"},"image":{"@id":"https:\/\/www.purejewels.com\/#\/schema\/logo\/image\/"}}]}},"_links":{"self":[{"href":"https:\/\/www.purejewels.com\/de\/wp-json\/wp\/v2\/product\/340362","targetHints":{"allow":["GET"]}}],"collection":[{"href":"https:\/\/www.purejewels.com\/de\/wp-json\/wp\/v2\/product"}],"about":[{"href":"https:\/\/www.purejewels.com\/de\/wp-json\/wp\/v2\/types\/product"}],"replies":[{"embeddable":true,"href":"https:\/\/www.purejewels.com\/de\/wp-json\/wp\/v2\/comments?post=340362"}],"version-history":[{"count":4,"href":"https:\/\/www.purejewels.com\/de\/wp-json\/wp\/v2\/product\/340362\/revisions"}],"predecessor-version":[{"id":426614,"href":"https:\/\/www.purejewels.com\/de\/wp-json\/wp\/v2\/product\/340362\/revisions\/426614"}],"wp:featuredmedia":[{"embeddable":true,"href":"https:\/\/www.purejewels.com\/de\/wp-json\/wp\/v2\/media\/346396"}],"wp:attachment":[{"href":"https:\/\/www.purejewels.com\/de\/wp-json\/wp\/v2\/media?parent=340362"}],"wp:term":[{"taxonomy":"product_brand","embeddable":true,"href":"https:\/\/www.purejewels.com\/de\/wp-json\/wp\/v2\/product_brand?post=340362"},{"taxonomy":"product_cat","embeddable":true,"href":"https:\/\/www.purejewels.com\/de\/wp-json\/wp\/v2\/product_cat?post=340362"},{"taxonomy":"product_tag","embeddable":true,"href":"https:\/\/www.purejewels.com\/de\/wp-json\/wp\/v2\/product_tag?post=340362"}],"curies":[{"name":"wp","href":"https:\/\/api.w.org\/{rel}","templated":true}]}}