{"id":340389,"date":"2022-10-29T10:33:56","date_gmt":"2022-10-29T09:33:56","guid":{"rendered":"https:\/\/www.purejewels.com\/?post_type=product&#038;p=340389"},"modified":"2026-01-07T06:13:07","modified_gmt":"2026-01-07T06:13:07","slug":"22ct-gold-verstellbaren-ring-fur-frauen-rosetten-sammlung-41958","status":"publish","type":"product","link":"https:\/\/www.purejewels.com\/de\/product\/22ct-gold-adjustable-ring-for-women-rosettes-collection-41958\/","title":{"rendered":"22ct Gold Verstellbarer Ring f\u00fcr Frauen | Rosetten Kollektion"},"content":{"rendered":"<ul>\n<li><b>Bereich ID:<\/b>\u00a0JWRNCRRS015<\/li>\n<li>SKU. 41959<\/li>\n<\/ul>","protected":false},"excerpt":{"rendered":"<table>\n<tbody>\n<tr>\n<td>Typ des Rings<\/td>\n<td>22ct Gold Damenring<\/td>\n<\/tr>\n<tr>\n<td>SKU<\/td>\n<td>41959<\/td>\n<\/tr>\n<tr>\n<td>Gewicht<\/td>\n<td>6,5 Gramm<\/td>\n<\/tr>\n<tr>\n<td>Ringgr\u00f6\u00dfe<\/td>\n<td>Einstellbar<\/td>\n<\/tr>\n<tr>\n<td>Geschlecht<\/td>\n<td>Damen<\/td>\n<\/tr>\n<tr>\n<td>Entgelte<\/td>\n<td>Lieferung und Mehrwertsteuer inbegriffen<\/td>\n<\/tr>\n<tr>\n<td>Verpackung<\/td>\n<td>Mit Pr\u00e4sentationsbox<\/td>\n<\/tr>\n<tr>\n<td>Mehr Informationen<\/td>\n<td>Live-Chat mit uns f\u00fcr Verf\u00fcgbarkeit und mehr Bilder<\/td>\n<\/tr>\n<\/tbody>\n<\/table>","protected":false},"featured_media":340392,"comment_status":"closed","ping_status":"closed","template":"","meta":{"_eb_attr":"","_crsspst_to_jayantr4sg-hostcom":false},"product_brand":[],"product_cat":[1559,1229,1235,1783,1786,5338,6157,1656,5276,1573,1574,5349],"product_tag":[],"class_list":{"0":"post-340389","1":"product","2":"type-product","3":"status-publish","4":"has-post-thumbnail","6":"product_cat-birthday-gifts","7":"product_cat-22ct-gold-jewellery","8":"product_cat-gold-rings","9":"product_cat-ladies-rings","10":"product_cat-occasional-wear-rings","11":"product_cat-shop-by-price","12":"product_cat-rosette-cocktail-rings","13":"product_cat-rosettes-collections","14":"product_cat-rosettes-ring","15":"product_cat-wedding-gifts","16":"product_cat-womens-jewellery","17":"product_cat-yellow-gold-jewellery","19":"first","20":"outofstock","21":"featured","22":"taxable","23":"shipping-taxable","24":"product-type-simple","25":"add-to-wishlist-before_image"},"yoast_head":"<!-- This site is optimized with the Yoast SEO plugin v27.5 - https:\/\/yoast.com\/product\/yoast-seo-wordpress\/ -->\n<title>22 carat Gold Adjustable Ring For women | PureJewels UK<\/title>\n<meta name=\"description\" content=\"Stunning 22-carat gold adjustable ring for women. Perfect for any occasion. Order online today! Free delivery across UK.\" \/>\n<meta name=\"robots\" content=\"index, follow, max-snippet:-1, max-image-preview:large, max-video-preview:-1\" \/>\n<link rel=\"canonical\" href=\"https:\/\/www.purejewels.com\/de\/produkt-2\/22ct-gold-verstellbaren-ring-fur-frauen-rosetten-sammlung-41958\/\" \/>\n<meta property=\"og:locale\" content=\"de_DE\" \/>\n<meta property=\"og:type\" content=\"article\" \/>\n<meta property=\"og:title\" content=\"22 carat Gold Adjustable Ring For women | PureJewels UK\" \/>\n<meta property=\"og:description\" content=\"Stunning 22-carat gold adjustable ring for women. Perfect for any occasion. Order online today! Free delivery across UK.\" \/>\n<meta property=\"og:url\" content=\"https:\/\/www.purejewels.com\/de\/produkt-2\/22ct-gold-verstellbaren-ring-fur-frauen-rosetten-sammlung-41958\/\" \/>\n<meta property=\"og:site_name\" content=\"PureJewels UK\" \/>\n<meta property=\"article:modified_time\" content=\"2026-01-07T06:13:07+00:00\" \/>\n<meta property=\"og:image\" content=\"https:\/\/www.purejewels.com\/wp-content\/uploads\/2022\/10\/41958-3.jpg\" \/>\n\t<meta property=\"og:image:width\" content=\"1000\" \/>\n\t<meta property=\"og:image:height\" content=\"1000\" \/>\n\t<meta property=\"og:image:type\" content=\"image\/jpeg\" \/>\n<meta name=\"twitter:card\" content=\"summary_large_image\" \/>\n<script type=\"application\/ld+json\" class=\"yoast-schema-graph\">{\"@context\":\"https:\\\/\\\/schema.org\",\"@graph\":[{\"@type\":[\"WebPage\",\"ItemPage\"],\"@id\":\"https:\\\/\\\/www.purejewels.com\\\/product\\\/22ct-gold-adjustable-ring-for-women-rosettes-collection-41958\\\/\",\"url\":\"https:\\\/\\\/www.purejewels.com\\\/product\\\/22ct-gold-adjustable-ring-for-women-rosettes-collection-41958\\\/\",\"name\":\"22 carat Gold Adjustable Ring For women | PureJewels UK\",\"isPartOf\":{\"@id\":\"https:\\\/\\\/www.purejewels.com\\\/#website\"},\"primaryImageOfPage\":{\"@id\":\"https:\\\/\\\/www.purejewels.com\\\/product\\\/22ct-gold-adjustable-ring-for-women-rosettes-collection-41958\\\/#primaryimage\"},\"image\":{\"@id\":\"https:\\\/\\\/www.purejewels.com\\\/product\\\/22ct-gold-adjustable-ring-for-women-rosettes-collection-41958\\\/#primaryimage\"},\"thumbnailUrl\":\"https:\\\/\\\/static.purejewels.com\\\/wp-content\\\/uploads\\\/2022\\\/10\\\/41958-3.jpg\",\"datePublished\":\"2022-10-29T09:33:56+00:00\",\"dateModified\":\"2026-01-07T06:13:07+00:00\",\"description\":\"Stunning 22-carat gold adjustable ring for women. Perfect for any occasion. Order online today! Free delivery across UK.\",\"breadcrumb\":{\"@id\":\"https:\\\/\\\/www.purejewels.com\\\/product\\\/22ct-gold-adjustable-ring-for-women-rosettes-collection-41958\\\/#breadcrumb\"},\"inLanguage\":\"de\",\"potentialAction\":[{\"@type\":\"ReadAction\",\"target\":[\"https:\\\/\\\/www.purejewels.com\\\/product\\\/22ct-gold-adjustable-ring-for-women-rosettes-collection-41958\\\/\"]}]},{\"@type\":\"ImageObject\",\"inLanguage\":\"de\",\"@id\":\"https:\\\/\\\/www.purejewels.com\\\/product\\\/22ct-gold-adjustable-ring-for-women-rosettes-collection-41958\\\/#primaryimage\",\"url\":\"https:\\\/\\\/static.purejewels.com\\\/wp-content\\\/uploads\\\/2022\\\/10\\\/41958-3.jpg\",\"contentUrl\":\"https:\\\/\\\/static.purejewels.com\\\/wp-content\\\/uploads\\\/2022\\\/10\\\/41958-3.jpg\",\"width\":1000,\"height\":1000,\"caption\":\"22ct Gold Adjustable Ring For Women | Rosettes Collection\"},{\"@type\":\"BreadcrumbList\",\"@id\":\"https:\\\/\\\/www.purejewels.com\\\/product\\\/22ct-gold-adjustable-ring-for-women-rosettes-collection-41958\\\/#breadcrumb\",\"itemListElement\":[{\"@type\":\"ListItem\",\"position\":1,\"name\":\"Home\",\"item\":\"https:\\\/\\\/www.purejewels.com\\\/\"},{\"@type\":\"ListItem\",\"position\":2,\"name\":\"Shop\",\"item\":\"https:\\\/\\\/www.purejewels.com\\\/shop\\\/\"},{\"@type\":\"ListItem\",\"position\":3,\"name\":\"22ct Gold Adjustable Ring For Women | Rosettes Collection\"}]},{\"@type\":\"WebSite\",\"@id\":\"https:\\\/\\\/www.purejewels.com\\\/#website\",\"url\":\"https:\\\/\\\/www.purejewels.com\\\/\",\"name\":\"PureJewels UK\",\"description\":\"Share the Love\",\"publisher\":{\"@id\":\"https:\\\/\\\/www.purejewels.com\\\/#organization\"},\"potentialAction\":[{\"@type\":\"SearchAction\",\"target\":{\"@type\":\"EntryPoint\",\"urlTemplate\":\"https:\\\/\\\/www.purejewels.com\\\/?s={search_term_string}\"},\"query-input\":{\"@type\":\"PropertyValueSpecification\",\"valueRequired\":true,\"valueName\":\"search_term_string\"}}],\"inLanguage\":\"de\"},{\"@type\":\"Organization\",\"@id\":\"https:\\\/\\\/www.purejewels.com\\\/#organization\",\"name\":\"PureJewels UK\",\"url\":\"https:\\\/\\\/www.purejewels.com\\\/\",\"logo\":{\"@type\":\"ImageObject\",\"inLanguage\":\"de\",\"@id\":\"https:\\\/\\\/www.purejewels.com\\\/#\\\/schema\\\/logo\\\/image\\\/\",\"url\":\"https:\\\/\\\/static.purejewels.com\\\/wp-content\\\/uploads\\\/2020\\\/11\\\/Logo-PJ-New-1.png\",\"contentUrl\":\"https:\\\/\\\/static.purejewels.com\\\/wp-content\\\/uploads\\\/2020\\\/11\\\/Logo-PJ-New-1.png\",\"width\":150,\"height\":80,\"caption\":\"PureJewels UK\"},\"image\":{\"@id\":\"https:\\\/\\\/www.purejewels.com\\\/#\\\/schema\\\/logo\\\/image\\\/\"}}]}<\/script>\n<!-- \/ Yoast SEO plugin. -->","yoast_head_json":{"title":"22 Karat Gold Verstellbarer Ring f\u00fcr Frauen | PureJewels UK","description":"Wundersch\u00f6ner verstellbarer Ring aus 22 Karat Gold f\u00fcr Frauen. Perfekt f\u00fcr jede Gelegenheit. Bestellen Sie noch heute online! Kostenlose Lieferung in ganz Gro\u00dfbritannien.","robots":{"index":"index","follow":"follow","max-snippet":"max-snippet:-1","max-image-preview":"max-image-preview:large","max-video-preview":"max-video-preview:-1"},"canonical":"https:\/\/www.purejewels.com\/de\/produkt-2\/22ct-gold-verstellbaren-ring-fur-frauen-rosetten-sammlung-41958\/","og_locale":"de_DE","og_type":"article","og_title":"22 carat Gold Adjustable Ring For women | PureJewels UK","og_description":"Stunning 22-carat gold adjustable ring for women. Perfect for any occasion. Order online today! Free delivery across UK.","og_url":"https:\/\/www.purejewels.com\/de\/produkt-2\/22ct-gold-verstellbaren-ring-fur-frauen-rosetten-sammlung-41958\/","og_site_name":"PureJewels UK","article_modified_time":"2026-01-07T06:13:07+00:00","og_image":[{"width":1000,"height":1000,"url":"https:\/\/www.purejewels.com\/wp-content\/uploads\/2022\/10\/41958-3.jpg","type":"image\/jpeg"}],"twitter_card":"summary_large_image","schema":{"@context":"https:\/\/schema.org","@graph":[{"@type":["WebPage","ItemPage"],"@id":"https:\/\/www.purejewels.com\/product\/22ct-gold-adjustable-ring-for-women-rosettes-collection-41958\/","url":"https:\/\/www.purejewels.com\/product\/22ct-gold-adjustable-ring-for-women-rosettes-collection-41958\/","name":"22 Karat Gold Verstellbarer Ring f\u00fcr Frauen | PureJewels UK","isPartOf":{"@id":"https:\/\/www.purejewels.com\/#website"},"primaryImageOfPage":{"@id":"https:\/\/www.purejewels.com\/product\/22ct-gold-adjustable-ring-for-women-rosettes-collection-41958\/#primaryimage"},"image":{"@id":"https:\/\/www.purejewels.com\/product\/22ct-gold-adjustable-ring-for-women-rosettes-collection-41958\/#primaryimage"},"thumbnailUrl":"https:\/\/static.purejewels.com\/wp-content\/uploads\/2022\/10\/41958-3.jpg","datePublished":"2022-10-29T09:33:56+00:00","dateModified":"2026-01-07T06:13:07+00:00","description":"Wundersch\u00f6ner verstellbarer Ring aus 22 Karat Gold f\u00fcr Frauen. Perfekt f\u00fcr jede Gelegenheit. Bestellen Sie noch heute online! Kostenlose Lieferung in ganz Gro\u00dfbritannien.","breadcrumb":{"@id":"https:\/\/www.purejewels.com\/product\/22ct-gold-adjustable-ring-for-women-rosettes-collection-41958\/#breadcrumb"},"inLanguage":"de","potentialAction":[{"@type":"ReadAction","target":["https:\/\/www.purejewels.com\/product\/22ct-gold-adjustable-ring-for-women-rosettes-collection-41958\/"]}]},{"@type":"ImageObject","inLanguage":"de","@id":"https:\/\/www.purejewels.com\/product\/22ct-gold-adjustable-ring-for-women-rosettes-collection-41958\/#primaryimage","url":"https:\/\/static.purejewels.com\/wp-content\/uploads\/2022\/10\/41958-3.jpg","contentUrl":"https:\/\/static.purejewels.com\/wp-content\/uploads\/2022\/10\/41958-3.jpg","width":1000,"height":1000,"caption":"22ct Gold Adjustable Ring For Women | Rosettes Collection"},{"@type":"BreadcrumbList","@id":"https:\/\/www.purejewels.com\/product\/22ct-gold-adjustable-ring-for-women-rosettes-collection-41958\/#breadcrumb","itemListElement":[{"@type":"ListItem","position":1,"name":"Home","item":"https:\/\/www.purejewels.com\/"},{"@type":"ListItem","position":2,"name":"Shop","item":"https:\/\/www.purejewels.com\/shop\/"},{"@type":"ListItem","position":3,"name":"22ct Gold Adjustable Ring For Women | Rosettes Collection"}]},{"@type":"WebSite","@id":"https:\/\/www.purejewels.com\/#website","url":"https:\/\/www.purejewels.com\/","name":"PureJewels UK","description":"Teile die Liebe","publisher":{"@id":"https:\/\/www.purejewels.com\/#organization"},"potentialAction":[{"@type":"SearchAction","target":{"@type":"EntryPoint","urlTemplate":"https:\/\/www.purejewels.com\/?s={search_term_string}"},"query-input":{"@type":"PropertyValueSpecification","valueRequired":true,"valueName":"search_term_string"}}],"inLanguage":"de"},{"@type":"Organization","@id":"https:\/\/www.purejewels.com\/#organization","name":"PureJewels UK","url":"https:\/\/www.purejewels.com\/","logo":{"@type":"ImageObject","inLanguage":"de","@id":"https:\/\/www.purejewels.com\/#\/schema\/logo\/image\/","url":"https:\/\/static.purejewels.com\/wp-content\/uploads\/2020\/11\/Logo-PJ-New-1.png","contentUrl":"https:\/\/static.purejewels.com\/wp-content\/uploads\/2020\/11\/Logo-PJ-New-1.png","width":150,"height":80,"caption":"PureJewels UK"},"image":{"@id":"https:\/\/www.purejewels.com\/#\/schema\/logo\/image\/"}}]}},"_links":{"self":[{"href":"https:\/\/www.purejewels.com\/de\/wp-json\/wp\/v2\/product\/340389","targetHints":{"allow":["GET"]}}],"collection":[{"href":"https:\/\/www.purejewels.com\/de\/wp-json\/wp\/v2\/product"}],"about":[{"href":"https:\/\/www.purejewels.com\/de\/wp-json\/wp\/v2\/types\/product"}],"replies":[{"embeddable":true,"href":"https:\/\/www.purejewels.com\/de\/wp-json\/wp\/v2\/comments?post=340389"}],"version-history":[{"count":1,"href":"https:\/\/www.purejewels.com\/de\/wp-json\/wp\/v2\/product\/340389\/revisions"}],"predecessor-version":[{"id":388432,"href":"https:\/\/www.purejewels.com\/de\/wp-json\/wp\/v2\/product\/340389\/revisions\/388432"}],"wp:featuredmedia":[{"embeddable":true,"href":"https:\/\/www.purejewels.com\/de\/wp-json\/wp\/v2\/media\/340392"}],"wp:attachment":[{"href":"https:\/\/www.purejewels.com\/de\/wp-json\/wp\/v2\/media?parent=340389"}],"wp:term":[{"taxonomy":"product_brand","embeddable":true,"href":"https:\/\/www.purejewels.com\/de\/wp-json\/wp\/v2\/product_brand?post=340389"},{"taxonomy":"product_cat","embeddable":true,"href":"https:\/\/www.purejewels.com\/de\/wp-json\/wp\/v2\/product_cat?post=340389"},{"taxonomy":"product_tag","embeddable":true,"href":"https:\/\/www.purejewels.com\/de\/wp-json\/wp\/v2\/product_tag?post=340389"}],"curies":[{"name":"wp","href":"https:\/\/api.w.org\/{rel}","templated":true}]}}