{"id":340394,"date":"2023-06-13T10:41:27","date_gmt":"2023-06-13T09:41:27","guid":{"rendered":"https:\/\/www.purejewels.com\/?post_type=product&#038;p=340394"},"modified":"2026-04-20T10:56:41","modified_gmt":"2026-04-20T09:56:41","slug":"22-karat-gold-verstellbarer-ring-fur-damen-rosetten-kollektion-41012","status":"publish","type":"product","link":"https:\/\/www.purejewels.com\/de\/product\/22-carat-gold-adjustable-ring-for-ladies-rosettes-collection-41012\/","title":{"rendered":"22 Karat Gold Verstellbarer Ring f\u00fcr Damen | Kollektion Rosetten"},"content":{"rendered":"<ul>\n<li>Ring-Gewicht 6,7 g.<\/li>\n<li>SKU. 41013<\/li>\n<li><b>Bereich ID:<\/b>\u00a0JWRNCRRS013<\/li>\n<li>Wir pr\u00e4sentieren unser atemberaubendes 22 Karat Gold Adjustable <a href=\"https:\/\/www.purejewels.com\/de\/product\/22ct-gold-cocktail-adjustable-ring-46364\/\">Cocktail-Ring<\/a> f\u00fcr Damen, ein wahres Meisterwerk aus unserer Rosette-Kollektion. Tauchen Sie ein in pure Opulenz mit diesem atemberaubenden Schmuckst\u00fcck, das Ihren Stil auf ein neues Niveau hebt. Dieser exquisite Cocktailring ist ein Symbol f\u00fcr Luxus und Raffinesse, der \u00fcberall ein gewagtes Statement abgibt. Das 22-kar\u00e4tige Gold strahlt und f\u00e4ngt die Essenz zeitloser Eleganz ein. Der verstellbare Ring sorgt f\u00fcr eine perfekte Passform, so dass Sie seine Sch\u00f6nheit m\u00fchelos an jedem Finger zur Geltung bringen k\u00f6nnen.<\/li>\n<\/ul>","protected":false},"excerpt":{"rendered":"<table style=\"width: 100%;\">\n<tbody>\n<tr>\n<td style=\"width: 28.1667%;\">Typ des Rings<\/td>\n<td style=\"width: 71.8333%;\">22ct Gold Ring<\/td>\n<\/tr>\n<tr>\n<td style=\"width: 28.1667%;\">SKU<\/td>\n<td style=\"width: 71.8333%;\">41013<\/td>\n<\/tr>\n<tr>\n<td style=\"width: 28.1667%;\">Gewicht<\/td>\n<td style=\"width: 71.8333%;\">6,7 Gramm<\/td>\n<\/tr>\n<tr>\n<td style=\"width: 28.1667%;\">Ringgr\u00f6\u00dfe<\/td>\n<td style=\"width: 71.8333%;\">Einstellbar<\/td>\n<\/tr>\n<tr>\n<td style=\"width: 28.1667%;\">Geschlecht<\/td>\n<td style=\"width: 71.8333%;\">Damen<\/td>\n<\/tr>\n<tr>\n<td style=\"width: 28.1667%;\">Entgelte<\/td>\n<td style=\"width: 71.8333%;\">Lieferung und Mehrwertsteuer inbegriffen<\/td>\n<\/tr>\n<tr>\n<td style=\"width: 28.1667%;\">Verpackung<\/td>\n<td style=\"width: 71.8333%;\">Mit Pr\u00e4sentationsbox<\/td>\n<\/tr>\n<tr>\n<td style=\"width: 28.1667%;\">Mehr Informationen<\/td>\n<td style=\"width: 71.8333%;\">\n<ul>\n<li>Live-Chat mit uns f\u00fcr Verf\u00fcgbarkeit und mehr Bilder<\/li>\n<li>Klicken Sie hier, um Ihre Ringgr\u00f6\u00dfe zu \u00fcberpr\u00fcfen<\/li>\n<\/ul>\n<\/td>\n<\/tr>\n<\/tbody>\n<\/table>","protected":false},"featured_media":341809,"comment_status":"closed","ping_status":"closed","template":"","meta":{"_eb_attr":"","_crsspst_to_jayantr4sg-hostcom":false},"product_brand":[],"product_cat":[1559,1792,1229,1235,1783,6157,1656,5276,1573,1574],"product_tag":[],"class_list":{"0":"post-340394","1":"product","2":"type-product","3":"status-publish","4":"has-post-thumbnail","6":"product_cat-birthday-gifts","7":"product_cat-festival-gifts","8":"product_cat-22ct-gold-jewellery","9":"product_cat-gold-rings","10":"product_cat-ladies-rings","11":"product_cat-rosette-cocktail-rings","12":"product_cat-rosettes-collections","13":"product_cat-rosettes-ring","14":"product_cat-wedding-gifts","15":"product_cat-womens-jewellery","17":"first","18":"onbackorder","19":"featured","20":"taxable","21":"shipping-taxable","22":"purchasable","23":"product-type-simple","24":"add-to-wishlist-before_image"},"yoast_head":"<!-- This site is optimized with the Yoast SEO plugin v27.5 - https:\/\/yoast.com\/product\/yoast-seo-wordpress\/ -->\n<title>22ct Gold Adjustable Cocktail Ring For Ladies | PureJewels UK<\/title>\n<meta name=\"description\" content=\"Indulge in elegance with our exquisite 22 ct Gold Adjustable Ring for Ladies. Shop now and adorn yourself with the epitome of sophistication\" \/>\n<meta name=\"robots\" content=\"index, follow, max-snippet:-1, max-image-preview:large, max-video-preview:-1\" \/>\n<link rel=\"canonical\" href=\"https:\/\/www.purejewels.com\/de\/produkt-2\/22-karat-gold-verstellbarer-ring-fur-damen-rosetten-kollektion-41012\/\" \/>\n<meta property=\"og:locale\" content=\"de_DE\" \/>\n<meta property=\"og:type\" content=\"article\" \/>\n<meta property=\"og:title\" content=\"22ct Gold Adjustable Cocktail Ring For Ladies | PureJewels UK\" \/>\n<meta property=\"og:description\" content=\"Indulge in elegance with our exquisite 22 ct Gold Adjustable Ring for Ladies. Shop now and adorn yourself with the epitome of sophistication\" \/>\n<meta property=\"og:url\" content=\"https:\/\/www.purejewels.com\/de\/produkt-2\/22-karat-gold-verstellbarer-ring-fur-damen-rosetten-kollektion-41012\/\" \/>\n<meta property=\"og:site_name\" content=\"PureJewels UK\" \/>\n<meta property=\"article:modified_time\" content=\"2026-04-20T09:56:41+00:00\" \/>\n<meta property=\"og:image\" content=\"https:\/\/static.purejewels.com\/wp-content\/uploads\/2022\/10\/41012-4-1.jpg\" \/>\n\t<meta property=\"og:image:width\" content=\"1000\" \/>\n\t<meta property=\"og:image:height\" content=\"1000\" \/>\n\t<meta property=\"og:image:type\" content=\"image\/jpeg\" \/>\n<meta name=\"twitter:card\" content=\"summary_large_image\" \/>\n<meta name=\"twitter:label1\" content=\"Gesch\u00e4tzte Lesezeit\" \/>\n\t<meta name=\"twitter:data1\" content=\"1\u00a0Minute\" \/>\n<script type=\"application\/ld+json\" class=\"yoast-schema-graph\">{\"@context\":\"https:\\\/\\\/schema.org\",\"@graph\":[{\"@type\":[\"WebPage\",\"ItemPage\"],\"@id\":\"https:\\\/\\\/www.purejewels.com\\\/product\\\/22-carat-gold-adjustable-ring-for-ladies-rosettes-collection-41012\\\/\",\"url\":\"https:\\\/\\\/www.purejewels.com\\\/product\\\/22-carat-gold-adjustable-ring-for-ladies-rosettes-collection-41012\\\/\",\"name\":\"22ct Gold Adjustable Cocktail Ring For Ladies | PureJewels UK\",\"isPartOf\":{\"@id\":\"https:\\\/\\\/www.purejewels.com\\\/#website\"},\"primaryImageOfPage\":{\"@id\":\"https:\\\/\\\/www.purejewels.com\\\/product\\\/22-carat-gold-adjustable-ring-for-ladies-rosettes-collection-41012\\\/#primaryimage\"},\"image\":{\"@id\":\"https:\\\/\\\/www.purejewels.com\\\/product\\\/22-carat-gold-adjustable-ring-for-ladies-rosettes-collection-41012\\\/#primaryimage\"},\"thumbnailUrl\":\"https:\\\/\\\/static.purejewels.com\\\/wp-content\\\/uploads\\\/2022\\\/10\\\/41012-4-1.jpg\",\"datePublished\":\"2023-06-13T09:41:27+00:00\",\"dateModified\":\"2026-04-20T09:56:41+00:00\",\"description\":\"Indulge in elegance with our exquisite 22 ct Gold Adjustable Ring for Ladies. Shop now and adorn yourself with the epitome of sophistication\",\"breadcrumb\":{\"@id\":\"https:\\\/\\\/www.purejewels.com\\\/product\\\/22-carat-gold-adjustable-ring-for-ladies-rosettes-collection-41012\\\/#breadcrumb\"},\"inLanguage\":\"de\",\"potentialAction\":[{\"@type\":\"ReadAction\",\"target\":[\"https:\\\/\\\/www.purejewels.com\\\/product\\\/22-carat-gold-adjustable-ring-for-ladies-rosettes-collection-41012\\\/\"]}]},{\"@type\":\"ImageObject\",\"inLanguage\":\"de\",\"@id\":\"https:\\\/\\\/www.purejewels.com\\\/product\\\/22-carat-gold-adjustable-ring-for-ladies-rosettes-collection-41012\\\/#primaryimage\",\"url\":\"https:\\\/\\\/static.purejewels.com\\\/wp-content\\\/uploads\\\/2022\\\/10\\\/41012-4-1.jpg\",\"contentUrl\":\"https:\\\/\\\/static.purejewels.com\\\/wp-content\\\/uploads\\\/2022\\\/10\\\/41012-4-1.jpg\",\"width\":1000,\"height\":1000,\"caption\":\"22 Carat Gold Adjustable Ring For Ladies | Rosettes Collection\"},{\"@type\":\"BreadcrumbList\",\"@id\":\"https:\\\/\\\/www.purejewels.com\\\/product\\\/22-carat-gold-adjustable-ring-for-ladies-rosettes-collection-41012\\\/#breadcrumb\",\"itemListElement\":[{\"@type\":\"ListItem\",\"position\":1,\"name\":\"Home\",\"item\":\"https:\\\/\\\/www.purejewels.com\\\/\"},{\"@type\":\"ListItem\",\"position\":2,\"name\":\"Shop\",\"item\":\"https:\\\/\\\/www.purejewels.com\\\/shop\\\/\"},{\"@type\":\"ListItem\",\"position\":3,\"name\":\"22 Carat Gold Adjustable Ring For Ladies | Rosettes Collection\"}]},{\"@type\":\"WebSite\",\"@id\":\"https:\\\/\\\/www.purejewels.com\\\/#website\",\"url\":\"https:\\\/\\\/www.purejewels.com\\\/\",\"name\":\"PureJewels UK\",\"description\":\"Share the Love\",\"publisher\":{\"@id\":\"https:\\\/\\\/www.purejewels.com\\\/#organization\"},\"potentialAction\":[{\"@type\":\"SearchAction\",\"target\":{\"@type\":\"EntryPoint\",\"urlTemplate\":\"https:\\\/\\\/www.purejewels.com\\\/?s={search_term_string}\"},\"query-input\":{\"@type\":\"PropertyValueSpecification\",\"valueRequired\":true,\"valueName\":\"search_term_string\"}}],\"inLanguage\":\"de\"},{\"@type\":\"Organization\",\"@id\":\"https:\\\/\\\/www.purejewels.com\\\/#organization\",\"name\":\"PureJewels UK\",\"url\":\"https:\\\/\\\/www.purejewels.com\\\/\",\"logo\":{\"@type\":\"ImageObject\",\"inLanguage\":\"de\",\"@id\":\"https:\\\/\\\/www.purejewels.com\\\/#\\\/schema\\\/logo\\\/image\\\/\",\"url\":\"https:\\\/\\\/static.purejewels.com\\\/wp-content\\\/uploads\\\/2020\\\/11\\\/Logo-PJ-New-1.png\",\"contentUrl\":\"https:\\\/\\\/static.purejewels.com\\\/wp-content\\\/uploads\\\/2020\\\/11\\\/Logo-PJ-New-1.png\",\"width\":150,\"height\":80,\"caption\":\"PureJewels UK\"},\"image\":{\"@id\":\"https:\\\/\\\/www.purejewels.com\\\/#\\\/schema\\\/logo\\\/image\\\/\"}}]}<\/script>\n<!-- \/ Yoast SEO plugin. -->","yoast_head_json":{"title":"22ct Gold Einstellbare Cocktail-Ring f\u00fcr Damen | PureJewels UK","description":"G\u00f6nnen Sie sich Eleganz mit unserem exquisiten verstellbaren Ring aus 22 Karat Gold f\u00fcr Damen. Kaufen Sie jetzt und schm\u00fccken Sie sich mit dem Inbegriff von Raffinesse","robots":{"index":"index","follow":"follow","max-snippet":"max-snippet:-1","max-image-preview":"max-image-preview:large","max-video-preview":"max-video-preview:-1"},"canonical":"https:\/\/www.purejewels.com\/de\/produkt-2\/22-karat-gold-verstellbarer-ring-fur-damen-rosetten-kollektion-41012\/","og_locale":"de_DE","og_type":"article","og_title":"22ct Gold Adjustable Cocktail Ring For Ladies | PureJewels UK","og_description":"Indulge in elegance with our exquisite 22 ct Gold Adjustable Ring for Ladies. Shop now and adorn yourself with the epitome of sophistication","og_url":"https:\/\/www.purejewels.com\/de\/produkt-2\/22-karat-gold-verstellbarer-ring-fur-damen-rosetten-kollektion-41012\/","og_site_name":"PureJewels UK","article_modified_time":"2026-04-20T09:56:41+00:00","og_image":[{"width":1000,"height":1000,"url":"https:\/\/static.purejewels.com\/wp-content\/uploads\/2022\/10\/41012-4-1.jpg","type":"image\/jpeg"}],"twitter_card":"summary_large_image","twitter_misc":{"Gesch\u00e4tzte Lesezeit":"1\u00a0Minute"},"schema":{"@context":"https:\/\/schema.org","@graph":[{"@type":["WebPage","ItemPage"],"@id":"https:\/\/www.purejewels.com\/product\/22-carat-gold-adjustable-ring-for-ladies-rosettes-collection-41012\/","url":"https:\/\/www.purejewels.com\/product\/22-carat-gold-adjustable-ring-for-ladies-rosettes-collection-41012\/","name":"22ct Gold Einstellbare Cocktail-Ring f\u00fcr Damen | PureJewels UK","isPartOf":{"@id":"https:\/\/www.purejewels.com\/#website"},"primaryImageOfPage":{"@id":"https:\/\/www.purejewels.com\/product\/22-carat-gold-adjustable-ring-for-ladies-rosettes-collection-41012\/#primaryimage"},"image":{"@id":"https:\/\/www.purejewels.com\/product\/22-carat-gold-adjustable-ring-for-ladies-rosettes-collection-41012\/#primaryimage"},"thumbnailUrl":"https:\/\/static.purejewels.com\/wp-content\/uploads\/2022\/10\/41012-4-1.jpg","datePublished":"2023-06-13T09:41:27+00:00","dateModified":"2026-04-20T09:56:41+00:00","description":"G\u00f6nnen Sie sich Eleganz mit unserem exquisiten verstellbaren Ring aus 22 Karat Gold f\u00fcr Damen. Kaufen Sie jetzt und schm\u00fccken Sie sich mit dem Inbegriff von Raffinesse","breadcrumb":{"@id":"https:\/\/www.purejewels.com\/product\/22-carat-gold-adjustable-ring-for-ladies-rosettes-collection-41012\/#breadcrumb"},"inLanguage":"de","potentialAction":[{"@type":"ReadAction","target":["https:\/\/www.purejewels.com\/product\/22-carat-gold-adjustable-ring-for-ladies-rosettes-collection-41012\/"]}]},{"@type":"ImageObject","inLanguage":"de","@id":"https:\/\/www.purejewels.com\/product\/22-carat-gold-adjustable-ring-for-ladies-rosettes-collection-41012\/#primaryimage","url":"https:\/\/static.purejewels.com\/wp-content\/uploads\/2022\/10\/41012-4-1.jpg","contentUrl":"https:\/\/static.purejewels.com\/wp-content\/uploads\/2022\/10\/41012-4-1.jpg","width":1000,"height":1000,"caption":"22 Carat Gold Adjustable Ring For Ladies | Rosettes Collection"},{"@type":"BreadcrumbList","@id":"https:\/\/www.purejewels.com\/product\/22-carat-gold-adjustable-ring-for-ladies-rosettes-collection-41012\/#breadcrumb","itemListElement":[{"@type":"ListItem","position":1,"name":"Home","item":"https:\/\/www.purejewels.com\/"},{"@type":"ListItem","position":2,"name":"Shop","item":"https:\/\/www.purejewels.com\/shop\/"},{"@type":"ListItem","position":3,"name":"22 Carat Gold Adjustable Ring For Ladies | Rosettes Collection"}]},{"@type":"WebSite","@id":"https:\/\/www.purejewels.com\/#website","url":"https:\/\/www.purejewels.com\/","name":"PureJewels UK","description":"Teile die Liebe","publisher":{"@id":"https:\/\/www.purejewels.com\/#organization"},"potentialAction":[{"@type":"SearchAction","target":{"@type":"EntryPoint","urlTemplate":"https:\/\/www.purejewels.com\/?s={search_term_string}"},"query-input":{"@type":"PropertyValueSpecification","valueRequired":true,"valueName":"search_term_string"}}],"inLanguage":"de"},{"@type":"Organization","@id":"https:\/\/www.purejewels.com\/#organization","name":"PureJewels UK","url":"https:\/\/www.purejewels.com\/","logo":{"@type":"ImageObject","inLanguage":"de","@id":"https:\/\/www.purejewels.com\/#\/schema\/logo\/image\/","url":"https:\/\/static.purejewels.com\/wp-content\/uploads\/2020\/11\/Logo-PJ-New-1.png","contentUrl":"https:\/\/static.purejewels.com\/wp-content\/uploads\/2020\/11\/Logo-PJ-New-1.png","width":150,"height":80,"caption":"PureJewels UK"},"image":{"@id":"https:\/\/www.purejewels.com\/#\/schema\/logo\/image\/"}}]}},"_links":{"self":[{"href":"https:\/\/www.purejewels.com\/de\/wp-json\/wp\/v2\/product\/340394","targetHints":{"allow":["GET"]}}],"collection":[{"href":"https:\/\/www.purejewels.com\/de\/wp-json\/wp\/v2\/product"}],"about":[{"href":"https:\/\/www.purejewels.com\/de\/wp-json\/wp\/v2\/types\/product"}],"replies":[{"embeddable":true,"href":"https:\/\/www.purejewels.com\/de\/wp-json\/wp\/v2\/comments?post=340394"}],"version-history":[{"count":3,"href":"https:\/\/www.purejewels.com\/de\/wp-json\/wp\/v2\/product\/340394\/revisions"}],"predecessor-version":[{"id":428786,"href":"https:\/\/www.purejewels.com\/de\/wp-json\/wp\/v2\/product\/340394\/revisions\/428786"}],"wp:featuredmedia":[{"embeddable":true,"href":"https:\/\/www.purejewels.com\/de\/wp-json\/wp\/v2\/media\/341809"}],"wp:attachment":[{"href":"https:\/\/www.purejewels.com\/de\/wp-json\/wp\/v2\/media?parent=340394"}],"wp:term":[{"taxonomy":"product_brand","embeddable":true,"href":"https:\/\/www.purejewels.com\/de\/wp-json\/wp\/v2\/product_brand?post=340394"},{"taxonomy":"product_cat","embeddable":true,"href":"https:\/\/www.purejewels.com\/de\/wp-json\/wp\/v2\/product_cat?post=340394"},{"taxonomy":"product_tag","embeddable":true,"href":"https:\/\/www.purejewels.com\/de\/wp-json\/wp\/v2\/product_tag?post=340394"}],"curies":[{"name":"wp","href":"https:\/\/api.w.org\/{rel}","templated":true}]}}