{"id":340522,"date":"2022-11-04T05:36:10","date_gmt":"2022-11-04T05:36:10","guid":{"rendered":"https:\/\/www.purejewels.com\/?post_type=product&#038;p=340522"},"modified":"2025-11-05T06:29:38","modified_gmt":"2025-11-05T06:29:38","slug":"18ct-gelbgold-diamant-nasennadel-mit-schraube-fur-frauen-43668","status":"publish","type":"product","link":"https:\/\/www.purejewels.com\/de\/product\/18ct-yellow-gold-diamond-nosepin-with-screw-for-women-43668\/","title":{"rendered":"18ct Gelbgold 0.12ct Diamant Nasenstecker mit Schraube"},"content":{"rendered":"<p>Erh\u00f6hen Sie Ihre Eleganz mit dieser exquisiten Diamant-Nasennadel aus 18 Karat Gelbgold. Mit einem schillernden Diamanten von 0,12 Karat ist diese Nasenklammer die perfekte Mischung aus Raffinesse und subtilem Funkeln. Sie wurde fachm\u00e4nnisch aus 18 Karat Gelbgold gefertigt und bietet eine warme und zeitlose Ausstrahlung, die zu allen Hautt\u00f6nen passt.<\/p>\n<p>Der sichere Schraubverschluss sorgt f\u00fcr einen bequemen und festen Sitz und ist somit ideal f\u00fcr das t\u00e4gliche Tragen oder besondere Anl\u00e4sse. Der minimalistische Stil hebt die Brillanz des Diamanten hervor und verleiht Ihrem Look einen Hauch von Luxus.<\/p>\n<p>Ob als Geschenk f\u00fcr einen geliebten Menschen oder f\u00fcr sich selbst - diese Diamantnase ist ein atemberaubendes St\u00fcck, das Anmut und raffinierte Sch\u00f6nheit verk\u00f6rpert.<\/p>","protected":false},"excerpt":{"rendered":"<ul>\n<li>18ct Gelbgold Diamant-Nasenstecker UK<\/li>\n<li>18ct Nasenschmuck Geeignet f\u00fcr den t\u00e4glichen Gebrauch<\/li>\n<li>mit rundem Diamanten im Brillantschliff in vierzackiger Fassung\n<ul>\n<li style=\"list-style-type: none;\">\n<ul>\n<li>Gewicht des Diamanten 0,12 ct.<\/li>\n<li>Farbe des Diamanten. E\/F<\/li>\n<li>Diamant Reinheit. VVS (sehr sehr kleine Einschl\u00fcsse)<\/li>\n<li>Alle unsere Diamanten werden mit SGL-Zertifikat geliefert.<\/li>\n<\/ul>\n<\/li>\n<\/ul>\n<\/li>\n<li>SKU. 47117<\/li>\n<li>Alle Preise enthalten die Mehrwertsteuer.<\/li>\n<li>Kommt mit Pr\u00e4sentationsbox.<\/li>\n<li>Kostenlose Lieferung in ganz Gro\u00dfbritannien.<\/li>\n<li>Kontaktieren Sie uns \/ Live-Chat mit uns f\u00fcr das Video des Produkts<\/li>\n<\/ul>","protected":false},"featured_media":346378,"comment_status":"closed","ping_status":"closed","template":"","meta":{"_eb_attr":"","_crsspst_to_jayantr4sg-hostcom":false},"product_brand":[],"product_cat":[5679,6093,5457,6007,1711,5942],"product_tag":[],"class_list":{"0":"post-340522","1":"product","2":"type-product","3":"status-publish","4":"has-post-thumbnail","6":"product_cat-18ct-gold-jewellery","7":"product_cat-18ct-nose-jewellery","8":"product_cat-diamond-jewellery","9":"product_cat-diamond-nose-stud","10":"product_cat-gold-nose-studs","11":"product_cat-nose-jewellery","13":"first","14":"instock","15":"taxable","16":"shipping-taxable","17":"purchasable","18":"product-type-simple","19":"add-to-wishlist-before_image"},"yoast_head":"<!-- This site is optimized with the Yoast SEO plugin v27.5 - https:\/\/yoast.com\/product\/yoast-seo-wordpress\/ -->\n<title>18ct Yellow Gold Diamond Nosepin | PureJewels UK | Ladies<\/title>\n<meta name=\"description\" content=\"Adorn your nose with a luxurious 18ct gold diamond nose stud. Our collection showcases exquisite designs, crafted with precision and adorned with sparkling diamonds.\" \/>\n<meta name=\"robots\" content=\"index, follow, max-snippet:-1, max-image-preview:large, max-video-preview:-1\" \/>\n<link rel=\"canonical\" href=\"https:\/\/www.purejewels.com\/de\/produkt-2\/18ct-gelbgold-diamant-nasennadel-mit-schraube-fur-frauen-43668\/\" \/>\n<meta property=\"og:locale\" content=\"de_DE\" \/>\n<meta property=\"og:type\" content=\"article\" \/>\n<meta property=\"og:title\" content=\"18ct Yellow Gold Diamond Nosepin | PureJewels UK | Ladies\" \/>\n<meta property=\"og:description\" content=\"Adorn your nose with a luxurious 18ct gold diamond nose stud. Our collection showcases exquisite designs, crafted with precision and adorned with sparkling diamonds.\" \/>\n<meta property=\"og:url\" content=\"https:\/\/www.purejewels.com\/de\/produkt-2\/18ct-gelbgold-diamant-nasennadel-mit-schraube-fur-frauen-43668\/\" \/>\n<meta property=\"og:site_name\" content=\"PureJewels UK\" \/>\n<meta property=\"article:modified_time\" content=\"2025-11-05T06:29:38+00:00\" \/>\n<meta property=\"og:image\" content=\"https:\/\/www.purejewels.com\/wp-content\/uploads\/2023\/05\/0.12ct.jpg\" \/>\n\t<meta property=\"og:image:width\" content=\"1000\" \/>\n\t<meta property=\"og:image:height\" content=\"1000\" \/>\n\t<meta property=\"og:image:type\" content=\"image\/jpeg\" \/>\n<meta name=\"twitter:card\" content=\"summary_large_image\" \/>\n<meta name=\"twitter:label1\" content=\"Gesch\u00e4tzte Lesezeit\" \/>\n\t<meta name=\"twitter:data1\" content=\"1\u00a0Minute\" \/>\n<script type=\"application\/ld+json\" class=\"yoast-schema-graph\">{\"@context\":\"https:\\\/\\\/schema.org\",\"@graph\":[{\"@type\":[\"WebPage\",\"ItemPage\"],\"@id\":\"https:\\\/\\\/www.purejewels.com\\\/product\\\/18ct-yellow-gold-diamond-nosepin-with-screw-for-women-43668\\\/\",\"url\":\"https:\\\/\\\/www.purejewels.com\\\/product\\\/18ct-yellow-gold-diamond-nosepin-with-screw-for-women-43668\\\/\",\"name\":\"18ct Yellow Gold Diamond Nosepin | PureJewels UK | Ladies\",\"isPartOf\":{\"@id\":\"https:\\\/\\\/www.purejewels.com\\\/#website\"},\"primaryImageOfPage\":{\"@id\":\"https:\\\/\\\/www.purejewels.com\\\/product\\\/18ct-yellow-gold-diamond-nosepin-with-screw-for-women-43668\\\/#primaryimage\"},\"image\":{\"@id\":\"https:\\\/\\\/www.purejewels.com\\\/product\\\/18ct-yellow-gold-diamond-nosepin-with-screw-for-women-43668\\\/#primaryimage\"},\"thumbnailUrl\":\"https:\\\/\\\/static.purejewels.com\\\/wp-content\\\/uploads\\\/2023\\\/05\\\/0.12ct.jpg\",\"datePublished\":\"2022-11-04T05:36:10+00:00\",\"dateModified\":\"2025-11-05T06:29:38+00:00\",\"description\":\"Adorn your nose with a luxurious 18ct gold diamond nose stud. Our collection showcases exquisite designs, crafted with precision and adorned with sparkling diamonds.\",\"breadcrumb\":{\"@id\":\"https:\\\/\\\/www.purejewels.com\\\/product\\\/18ct-yellow-gold-diamond-nosepin-with-screw-for-women-43668\\\/#breadcrumb\"},\"inLanguage\":\"de\",\"potentialAction\":[{\"@type\":\"ReadAction\",\"target\":[\"https:\\\/\\\/www.purejewels.com\\\/product\\\/18ct-yellow-gold-diamond-nosepin-with-screw-for-women-43668\\\/\"]}]},{\"@type\":\"ImageObject\",\"inLanguage\":\"de\",\"@id\":\"https:\\\/\\\/www.purejewels.com\\\/product\\\/18ct-yellow-gold-diamond-nosepin-with-screw-for-women-43668\\\/#primaryimage\",\"url\":\"https:\\\/\\\/static.purejewels.com\\\/wp-content\\\/uploads\\\/2023\\\/05\\\/0.12ct.jpg\",\"contentUrl\":\"https:\\\/\\\/static.purejewels.com\\\/wp-content\\\/uploads\\\/2023\\\/05\\\/0.12ct.jpg\",\"width\":1000,\"height\":1000,\"caption\":\"18ct Yellow Gold Diamond Nosepin with Screw For Ladies\"},{\"@type\":\"BreadcrumbList\",\"@id\":\"https:\\\/\\\/www.purejewels.com\\\/product\\\/18ct-yellow-gold-diamond-nosepin-with-screw-for-women-43668\\\/#breadcrumb\",\"itemListElement\":[{\"@type\":\"ListItem\",\"position\":1,\"name\":\"Home\",\"item\":\"https:\\\/\\\/www.purejewels.com\\\/\"},{\"@type\":\"ListItem\",\"position\":2,\"name\":\"Shop\",\"item\":\"https:\\\/\\\/www.purejewels.com\\\/shop\\\/\"},{\"@type\":\"ListItem\",\"position\":3,\"name\":\"18ct Yellow Gold 0.12ct Diamond Nose stud with Screw\"}]},{\"@type\":\"WebSite\",\"@id\":\"https:\\\/\\\/www.purejewels.com\\\/#website\",\"url\":\"https:\\\/\\\/www.purejewels.com\\\/\",\"name\":\"PureJewels UK\",\"description\":\"Share the Love\",\"publisher\":{\"@id\":\"https:\\\/\\\/www.purejewels.com\\\/#organization\"},\"potentialAction\":[{\"@type\":\"SearchAction\",\"target\":{\"@type\":\"EntryPoint\",\"urlTemplate\":\"https:\\\/\\\/www.purejewels.com\\\/?s={search_term_string}\"},\"query-input\":{\"@type\":\"PropertyValueSpecification\",\"valueRequired\":true,\"valueName\":\"search_term_string\"}}],\"inLanguage\":\"de\"},{\"@type\":\"Organization\",\"@id\":\"https:\\\/\\\/www.purejewels.com\\\/#organization\",\"name\":\"PureJewels UK\",\"url\":\"https:\\\/\\\/www.purejewels.com\\\/\",\"logo\":{\"@type\":\"ImageObject\",\"inLanguage\":\"de\",\"@id\":\"https:\\\/\\\/www.purejewels.com\\\/#\\\/schema\\\/logo\\\/image\\\/\",\"url\":\"https:\\\/\\\/static.purejewels.com\\\/wp-content\\\/uploads\\\/2020\\\/11\\\/Logo-PJ-New-1.png\",\"contentUrl\":\"https:\\\/\\\/static.purejewels.com\\\/wp-content\\\/uploads\\\/2020\\\/11\\\/Logo-PJ-New-1.png\",\"width\":150,\"height\":80,\"caption\":\"PureJewels UK\"},\"image\":{\"@id\":\"https:\\\/\\\/www.purejewels.com\\\/#\\\/schema\\\/logo\\\/image\\\/\"}}]}<\/script>\n<!-- \/ Yoast SEO plugin. -->","yoast_head_json":{"title":"18ct Gelbgold Diamond Nosepin | PureJewels UK | Damen","description":"Schm\u00fccken Sie Ihre Nase mit einem luxuri\u00f6sen Diamant-Nasenstecker aus 18 Karat Gold. Unsere Kollektion pr\u00e4sentiert exquisite Designs, die mit Pr\u00e4zision gefertigt und mit funkelnden Diamanten verziert sind.","robots":{"index":"index","follow":"follow","max-snippet":"max-snippet:-1","max-image-preview":"max-image-preview:large","max-video-preview":"max-video-preview:-1"},"canonical":"https:\/\/www.purejewels.com\/de\/produkt-2\/18ct-gelbgold-diamant-nasennadel-mit-schraube-fur-frauen-43668\/","og_locale":"de_DE","og_type":"article","og_title":"18ct Yellow Gold Diamond Nosepin | PureJewels UK | Ladies","og_description":"Adorn your nose with a luxurious 18ct gold diamond nose stud. Our collection showcases exquisite designs, crafted with precision and adorned with sparkling diamonds.","og_url":"https:\/\/www.purejewels.com\/de\/produkt-2\/18ct-gelbgold-diamant-nasennadel-mit-schraube-fur-frauen-43668\/","og_site_name":"PureJewels UK","article_modified_time":"2025-11-05T06:29:38+00:00","og_image":[{"width":1000,"height":1000,"url":"https:\/\/www.purejewels.com\/wp-content\/uploads\/2023\/05\/0.12ct.jpg","type":"image\/jpeg"}],"twitter_card":"summary_large_image","twitter_misc":{"Gesch\u00e4tzte Lesezeit":"1\u00a0Minute"},"schema":{"@context":"https:\/\/schema.org","@graph":[{"@type":["WebPage","ItemPage"],"@id":"https:\/\/www.purejewels.com\/product\/18ct-yellow-gold-diamond-nosepin-with-screw-for-women-43668\/","url":"https:\/\/www.purejewels.com\/product\/18ct-yellow-gold-diamond-nosepin-with-screw-for-women-43668\/","name":"18ct Gelbgold Diamond Nosepin | PureJewels UK | Damen","isPartOf":{"@id":"https:\/\/www.purejewels.com\/#website"},"primaryImageOfPage":{"@id":"https:\/\/www.purejewels.com\/product\/18ct-yellow-gold-diamond-nosepin-with-screw-for-women-43668\/#primaryimage"},"image":{"@id":"https:\/\/www.purejewels.com\/product\/18ct-yellow-gold-diamond-nosepin-with-screw-for-women-43668\/#primaryimage"},"thumbnailUrl":"https:\/\/static.purejewels.com\/wp-content\/uploads\/2023\/05\/0.12ct.jpg","datePublished":"2022-11-04T05:36:10+00:00","dateModified":"2025-11-05T06:29:38+00:00","description":"Schm\u00fccken Sie Ihre Nase mit einem luxuri\u00f6sen Diamant-Nasenstecker aus 18 Karat Gold. Unsere Kollektion pr\u00e4sentiert exquisite Designs, die mit Pr\u00e4zision gefertigt und mit funkelnden Diamanten verziert sind.","breadcrumb":{"@id":"https:\/\/www.purejewels.com\/product\/18ct-yellow-gold-diamond-nosepin-with-screw-for-women-43668\/#breadcrumb"},"inLanguage":"de","potentialAction":[{"@type":"ReadAction","target":["https:\/\/www.purejewels.com\/product\/18ct-yellow-gold-diamond-nosepin-with-screw-for-women-43668\/"]}]},{"@type":"ImageObject","inLanguage":"de","@id":"https:\/\/www.purejewels.com\/product\/18ct-yellow-gold-diamond-nosepin-with-screw-for-women-43668\/#primaryimage","url":"https:\/\/static.purejewels.com\/wp-content\/uploads\/2023\/05\/0.12ct.jpg","contentUrl":"https:\/\/static.purejewels.com\/wp-content\/uploads\/2023\/05\/0.12ct.jpg","width":1000,"height":1000,"caption":"18ct Yellow Gold Diamond Nosepin with Screw For Ladies"},{"@type":"BreadcrumbList","@id":"https:\/\/www.purejewels.com\/product\/18ct-yellow-gold-diamond-nosepin-with-screw-for-women-43668\/#breadcrumb","itemListElement":[{"@type":"ListItem","position":1,"name":"Home","item":"https:\/\/www.purejewels.com\/"},{"@type":"ListItem","position":2,"name":"Shop","item":"https:\/\/www.purejewels.com\/shop\/"},{"@type":"ListItem","position":3,"name":"18ct Yellow Gold 0.12ct Diamond Nose stud with Screw"}]},{"@type":"WebSite","@id":"https:\/\/www.purejewels.com\/#website","url":"https:\/\/www.purejewels.com\/","name":"PureJewels UK","description":"Teile die Liebe","publisher":{"@id":"https:\/\/www.purejewels.com\/#organization"},"potentialAction":[{"@type":"SearchAction","target":{"@type":"EntryPoint","urlTemplate":"https:\/\/www.purejewels.com\/?s={search_term_string}"},"query-input":{"@type":"PropertyValueSpecification","valueRequired":true,"valueName":"search_term_string"}}],"inLanguage":"de"},{"@type":"Organization","@id":"https:\/\/www.purejewels.com\/#organization","name":"PureJewels UK","url":"https:\/\/www.purejewels.com\/","logo":{"@type":"ImageObject","inLanguage":"de","@id":"https:\/\/www.purejewels.com\/#\/schema\/logo\/image\/","url":"https:\/\/static.purejewels.com\/wp-content\/uploads\/2020\/11\/Logo-PJ-New-1.png","contentUrl":"https:\/\/static.purejewels.com\/wp-content\/uploads\/2020\/11\/Logo-PJ-New-1.png","width":150,"height":80,"caption":"PureJewels UK"},"image":{"@id":"https:\/\/www.purejewels.com\/#\/schema\/logo\/image\/"}}]}},"_links":{"self":[{"href":"https:\/\/www.purejewels.com\/de\/wp-json\/wp\/v2\/product\/340522","targetHints":{"allow":["GET"]}}],"collection":[{"href":"https:\/\/www.purejewels.com\/de\/wp-json\/wp\/v2\/product"}],"about":[{"href":"https:\/\/www.purejewels.com\/de\/wp-json\/wp\/v2\/types\/product"}],"replies":[{"embeddable":true,"href":"https:\/\/www.purejewels.com\/de\/wp-json\/wp\/v2\/comments?post=340522"}],"version-history":[{"count":4,"href":"https:\/\/www.purejewels.com\/de\/wp-json\/wp\/v2\/product\/340522\/revisions"}],"predecessor-version":[{"id":420164,"href":"https:\/\/www.purejewels.com\/de\/wp-json\/wp\/v2\/product\/340522\/revisions\/420164"}],"wp:featuredmedia":[{"embeddable":true,"href":"https:\/\/www.purejewels.com\/de\/wp-json\/wp\/v2\/media\/346378"}],"wp:attachment":[{"href":"https:\/\/www.purejewels.com\/de\/wp-json\/wp\/v2\/media?parent=340522"}],"wp:term":[{"taxonomy":"product_brand","embeddable":true,"href":"https:\/\/www.purejewels.com\/de\/wp-json\/wp\/v2\/product_brand?post=340522"},{"taxonomy":"product_cat","embeddable":true,"href":"https:\/\/www.purejewels.com\/de\/wp-json\/wp\/v2\/product_cat?post=340522"},{"taxonomy":"product_tag","embeddable":true,"href":"https:\/\/www.purejewels.com\/de\/wp-json\/wp\/v2\/product_tag?post=340522"}],"curies":[{"name":"wp","href":"https:\/\/api.w.org\/{rel}","templated":true}]}}