{"id":340600,"date":"2022-11-07T09:20:09","date_gmt":"2022-11-07T09:20:09","guid":{"rendered":"https:\/\/www.purejewels.com\/?post_type=product&#038;p=340600"},"modified":"2026-04-29T06:52:03","modified_gmt":"2026-04-29T05:52:03","slug":"22ct-zeitloser-klassischer-cz-anhanger-aus-gold-fur-damen-43645","status":"publish","type":"product","link":"https:\/\/www.purejewels.com\/de\/product\/22ct-timeless-classic-gold-cz-pendant-for-ladies-43645\/","title":{"rendered":"22ct Zeitlos Klassisch Gold CZ Anh\u00e4nger f\u00fcr Damen"},"content":{"rendered":"<ul>\n<li><b>SKU:<\/b>\u00a046677<\/li>\n<li><b>Bereichskennung YGPN561<\/b><\/li>\n<\/ul>","protected":false},"excerpt":{"rendered":"<table class=\"sh_desc\">\n<tbody>\n<tr>\n<td>Typ des Anh\u00e4ngers<\/td>\n<td>Damen-Anh\u00e4nger<\/td>\n<\/tr>\n<tr>\n<td>SKU<\/td>\n<td>46677<\/td>\n<\/tr>\n<tr>\n<td>Gewicht<\/td>\n<td>2.3 Gms<\/td>\n<\/tr>\n<tr>\n<td>Geschlecht<\/td>\n<td>Damen<\/td>\n<\/tr>\n<tr>\n<td>Metall<\/td>\n<td>22ct Gold<\/td>\n<\/tr>\n<tr>\n<td>Oberfl\u00e4che<\/td>\n<td>Gold<\/td>\n<\/tr>\n<tr>\n<td>Entgelte<\/td>\n<td>Lieferung und Mehrwertsteuer inbegriffen<\/td>\n<\/tr>\n<tr>\n<td>Verpackung<\/td>\n<td>Mit Pr\u00e4sentationsbox<\/td>\n<\/tr>\n<tr>\n<td>Mehr Informationen<\/td>\n<td>\n<ul>\n<li>Kette ist nicht enthalten<\/li>\n<li>Erkunden Sie unser<strong>\u00a0Kette<\/strong>\u00a0Sammlung<\/li>\n<li>Live-Chat mit uns f\u00fcr Verf\u00fcgbarkeit und mehr Bilder<\/li>\n<\/ul>\n<\/td>\n<\/tr>\n<\/tbody>\n<\/table>","protected":false},"featured_media":358388,"comment_status":"closed","ping_status":"closed","template":"","meta":{"_eb_attr":"","_crsspst_to_jayantr4sg-hostcom":true},"product_brand":[],"product_cat":[1559,1794,1793,1770,1792,1255,1767,1574],"product_tag":[],"class_list":{"0":"post-340600","1":"product","2":"type-product","3":"status-publish","4":"has-post-thumbnail","6":"product_cat-birthday-gifts","7":"product_cat-christmas-gifts","8":"product_cat-diwali-gifts","9":"product_cat-fancy-pendants","10":"product_cat-festival-gifts","11":"product_cat-gold-pendants","12":"product_cat-ladies-pendants","13":"product_cat-womens-jewellery","15":"first","16":"instock","17":"taxable","18":"shipping-taxable","19":"purchasable","20":"product-type-simple","21":"add-to-wishlist-before_image"},"yoast_head":"<!-- This site is optimized with the Yoast SEO plugin v27.6 - https:\/\/yoast.com\/product\/yoast-seo-wordpress\/ -->\n<title>Diwali Special 22ct Timeless Classic Gold CZ Pendant For Ladies<\/title>\n<meta name=\"description\" content=\"Shop our stunning range of 22ct timeless classic gold CZ pendants for ladies online in the UK. Shop now and get free delivery on all orders.\" \/>\n<meta name=\"robots\" content=\"index, follow, max-snippet:-1, max-image-preview:large, max-video-preview:-1\" \/>\n<link rel=\"canonical\" href=\"https:\/\/www.purejewels.com\/de\/produkt-2\/22ct-zeitloser-klassischer-cz-anhanger-aus-gold-fur-damen-43645\/\" \/>\n<meta property=\"og:locale\" content=\"de_DE\" \/>\n<meta property=\"og:type\" content=\"article\" \/>\n<meta property=\"og:title\" content=\"Diwali Special 22ct Timeless Classic Gold CZ Pendant For Ladies\" \/>\n<meta property=\"og:description\" content=\"Shop our stunning range of 22ct timeless classic gold CZ pendants for ladies online in the UK. Shop now and get free delivery on all orders.\" \/>\n<meta property=\"og:url\" content=\"https:\/\/www.purejewels.com\/de\/produkt-2\/22ct-zeitloser-klassischer-cz-anhanger-aus-gold-fur-damen-43645\/\" \/>\n<meta property=\"og:site_name\" content=\"PureJewels UK\" \/>\n<meta property=\"article:modified_time\" content=\"2026-04-29T05:52:03+00:00\" \/>\n<meta property=\"og:image\" content=\"https:\/\/static.purejewels.com\/wp-content\/uploads\/2022\/11\/46677.png\" \/>\n\t<meta property=\"og:image:width\" content=\"1000\" \/>\n\t<meta property=\"og:image:height\" content=\"1000\" \/>\n\t<meta property=\"og:image:type\" content=\"image\/png\" \/>\n<meta name=\"twitter:card\" content=\"summary_large_image\" \/>\n<meta name=\"twitter:label1\" content=\"Gesch\u00e4tzte Lesezeit\" \/>\n\t<meta name=\"twitter:data1\" content=\"1\u00a0Minute\" \/>\n<script type=\"application\/ld+json\" class=\"yoast-schema-graph\">{\"@context\":\"https:\\\/\\\/schema.org\",\"@graph\":[{\"@type\":[\"WebPage\",\"ItemPage\"],\"@id\":\"https:\\\/\\\/www.purejewels.com\\\/product\\\/22ct-timeless-classic-gold-cz-pendant-for-ladies-43645\\\/\",\"url\":\"https:\\\/\\\/www.purejewels.com\\\/product\\\/22ct-timeless-classic-gold-cz-pendant-for-ladies-43645\\\/\",\"name\":\"Diwali Special 22ct Timeless Classic Gold CZ Pendant For Ladies\",\"isPartOf\":{\"@id\":\"https:\\\/\\\/www.purejewels.com\\\/#website\"},\"primaryImageOfPage\":{\"@id\":\"https:\\\/\\\/www.purejewels.com\\\/product\\\/22ct-timeless-classic-gold-cz-pendant-for-ladies-43645\\\/#primaryimage\"},\"image\":{\"@id\":\"https:\\\/\\\/www.purejewels.com\\\/product\\\/22ct-timeless-classic-gold-cz-pendant-for-ladies-43645\\\/#primaryimage\"},\"thumbnailUrl\":\"https:\\\/\\\/static.purejewels.com\\\/wp-content\\\/uploads\\\/2022\\\/11\\\/46677.png\",\"datePublished\":\"2022-11-07T09:20:09+00:00\",\"dateModified\":\"2026-04-29T05:52:03+00:00\",\"description\":\"Shop our stunning range of 22ct timeless classic gold CZ pendants for ladies online in the UK. Shop now and get free delivery on all orders.\",\"breadcrumb\":{\"@id\":\"https:\\\/\\\/www.purejewels.com\\\/product\\\/22ct-timeless-classic-gold-cz-pendant-for-ladies-43645\\\/#breadcrumb\"},\"inLanguage\":\"de\",\"potentialAction\":[{\"@type\":\"ReadAction\",\"target\":[\"https:\\\/\\\/www.purejewels.com\\\/product\\\/22ct-timeless-classic-gold-cz-pendant-for-ladies-43645\\\/\"]}]},{\"@type\":\"ImageObject\",\"inLanguage\":\"de\",\"@id\":\"https:\\\/\\\/www.purejewels.com\\\/product\\\/22ct-timeless-classic-gold-cz-pendant-for-ladies-43645\\\/#primaryimage\",\"url\":\"https:\\\/\\\/static.purejewels.com\\\/wp-content\\\/uploads\\\/2022\\\/11\\\/46677.png\",\"contentUrl\":\"https:\\\/\\\/static.purejewels.com\\\/wp-content\\\/uploads\\\/2022\\\/11\\\/46677.png\",\"width\":1000,\"height\":1000,\"caption\":\"22ct Gold Pendant\"},{\"@type\":\"BreadcrumbList\",\"@id\":\"https:\\\/\\\/www.purejewels.com\\\/product\\\/22ct-timeless-classic-gold-cz-pendant-for-ladies-43645\\\/#breadcrumb\",\"itemListElement\":[{\"@type\":\"ListItem\",\"position\":1,\"name\":\"Home\",\"item\":\"https:\\\/\\\/www.purejewels.com\\\/\"},{\"@type\":\"ListItem\",\"position\":2,\"name\":\"Shop\",\"item\":\"https:\\\/\\\/www.purejewels.com\\\/shop\\\/\"},{\"@type\":\"ListItem\",\"position\":3,\"name\":\"22ct Timeless Classic Gold CZ Pendant For Ladies\"}]},{\"@type\":\"WebSite\",\"@id\":\"https:\\\/\\\/www.purejewels.com\\\/#website\",\"url\":\"https:\\\/\\\/www.purejewels.com\\\/\",\"name\":\"PureJewels UK\",\"description\":\"Share the Love\",\"publisher\":{\"@id\":\"https:\\\/\\\/www.purejewels.com\\\/#organization\"},\"potentialAction\":[{\"@type\":\"SearchAction\",\"target\":{\"@type\":\"EntryPoint\",\"urlTemplate\":\"https:\\\/\\\/www.purejewels.com\\\/?s={search_term_string}\"},\"query-input\":{\"@type\":\"PropertyValueSpecification\",\"valueRequired\":true,\"valueName\":\"search_term_string\"}}],\"inLanguage\":\"de\"},{\"@type\":\"Organization\",\"@id\":\"https:\\\/\\\/www.purejewels.com\\\/#organization\",\"name\":\"PureJewels UK\",\"url\":\"https:\\\/\\\/www.purejewels.com\\\/\",\"logo\":{\"@type\":\"ImageObject\",\"inLanguage\":\"de\",\"@id\":\"https:\\\/\\\/www.purejewels.com\\\/#\\\/schema\\\/logo\\\/image\\\/\",\"url\":\"https:\\\/\\\/static.purejewels.com\\\/wp-content\\\/uploads\\\/2020\\\/11\\\/Logo-PJ-New-1.png\",\"contentUrl\":\"https:\\\/\\\/static.purejewels.com\\\/wp-content\\\/uploads\\\/2020\\\/11\\\/Logo-PJ-New-1.png\",\"width\":150,\"height\":80,\"caption\":\"PureJewels UK\"},\"image\":{\"@id\":\"https:\\\/\\\/www.purejewels.com\\\/#\\\/schema\\\/logo\\\/image\\\/\"}}]}<\/script>\n<!-- \/ Yoast SEO plugin. -->","yoast_head_json":{"title":"Diwali Special 22ct Timeless Classic Gold CZ Anh\u00e4nger f\u00fcr Damen","description":"Shoppen Sie unsere atemberaubende Auswahl an zeitlosen, klassischen 22-kar\u00e4tigen CZ-Anh\u00e4ngern aus Gold f\u00fcr Damen online in Gro\u00dfbritannien. Kaufen Sie jetzt und erhalten Sie kostenlose Lieferung auf alle Bestellungen.","robots":{"index":"index","follow":"follow","max-snippet":"max-snippet:-1","max-image-preview":"max-image-preview:large","max-video-preview":"max-video-preview:-1"},"canonical":"https:\/\/www.purejewels.com\/de\/produkt-2\/22ct-zeitloser-klassischer-cz-anhanger-aus-gold-fur-damen-43645\/","og_locale":"de_DE","og_type":"article","og_title":"Diwali Special 22ct Timeless Classic Gold CZ Pendant For Ladies","og_description":"Shop our stunning range of 22ct timeless classic gold CZ pendants for ladies online in the UK. Shop now and get free delivery on all orders.","og_url":"https:\/\/www.purejewels.com\/de\/produkt-2\/22ct-zeitloser-klassischer-cz-anhanger-aus-gold-fur-damen-43645\/","og_site_name":"PureJewels UK","article_modified_time":"2026-04-29T05:52:03+00:00","og_image":[{"width":1000,"height":1000,"url":"https:\/\/static.purejewels.com\/wp-content\/uploads\/2022\/11\/46677.png","type":"image\/png"}],"twitter_card":"summary_large_image","twitter_misc":{"Gesch\u00e4tzte Lesezeit":"1\u00a0Minute"},"schema":{"@context":"https:\/\/schema.org","@graph":[{"@type":["WebPage","ItemPage"],"@id":"https:\/\/www.purejewels.com\/product\/22ct-timeless-classic-gold-cz-pendant-for-ladies-43645\/","url":"https:\/\/www.purejewels.com\/product\/22ct-timeless-classic-gold-cz-pendant-for-ladies-43645\/","name":"Diwali Special 22ct Timeless Classic Gold CZ Anh\u00e4nger f\u00fcr Damen","isPartOf":{"@id":"https:\/\/www.purejewels.com\/#website"},"primaryImageOfPage":{"@id":"https:\/\/www.purejewels.com\/product\/22ct-timeless-classic-gold-cz-pendant-for-ladies-43645\/#primaryimage"},"image":{"@id":"https:\/\/www.purejewels.com\/product\/22ct-timeless-classic-gold-cz-pendant-for-ladies-43645\/#primaryimage"},"thumbnailUrl":"https:\/\/static.purejewels.com\/wp-content\/uploads\/2022\/11\/46677.png","datePublished":"2022-11-07T09:20:09+00:00","dateModified":"2026-04-29T05:52:03+00:00","description":"Shoppen Sie unsere atemberaubende Auswahl an zeitlosen, klassischen 22-kar\u00e4tigen CZ-Anh\u00e4ngern aus Gold f\u00fcr Damen online in Gro\u00dfbritannien. Kaufen Sie jetzt und erhalten Sie kostenlose Lieferung auf alle Bestellungen.","breadcrumb":{"@id":"https:\/\/www.purejewels.com\/product\/22ct-timeless-classic-gold-cz-pendant-for-ladies-43645\/#breadcrumb"},"inLanguage":"de","potentialAction":[{"@type":"ReadAction","target":["https:\/\/www.purejewels.com\/product\/22ct-timeless-classic-gold-cz-pendant-for-ladies-43645\/"]}]},{"@type":"ImageObject","inLanguage":"de","@id":"https:\/\/www.purejewels.com\/product\/22ct-timeless-classic-gold-cz-pendant-for-ladies-43645\/#primaryimage","url":"https:\/\/static.purejewels.com\/wp-content\/uploads\/2022\/11\/46677.png","contentUrl":"https:\/\/static.purejewels.com\/wp-content\/uploads\/2022\/11\/46677.png","width":1000,"height":1000,"caption":"22ct Gold Pendant"},{"@type":"BreadcrumbList","@id":"https:\/\/www.purejewels.com\/product\/22ct-timeless-classic-gold-cz-pendant-for-ladies-43645\/#breadcrumb","itemListElement":[{"@type":"ListItem","position":1,"name":"Home","item":"https:\/\/www.purejewels.com\/"},{"@type":"ListItem","position":2,"name":"Shop","item":"https:\/\/www.purejewels.com\/shop\/"},{"@type":"ListItem","position":3,"name":"22ct Timeless Classic Gold CZ Pendant For Ladies"}]},{"@type":"WebSite","@id":"https:\/\/www.purejewels.com\/#website","url":"https:\/\/www.purejewels.com\/","name":"PureJewels UK","description":"Teile die Liebe","publisher":{"@id":"https:\/\/www.purejewels.com\/#organization"},"potentialAction":[{"@type":"SearchAction","target":{"@type":"EntryPoint","urlTemplate":"https:\/\/www.purejewels.com\/?s={search_term_string}"},"query-input":{"@type":"PropertyValueSpecification","valueRequired":true,"valueName":"search_term_string"}}],"inLanguage":"de"},{"@type":"Organization","@id":"https:\/\/www.purejewels.com\/#organization","name":"PureJewels UK","url":"https:\/\/www.purejewels.com\/","logo":{"@type":"ImageObject","inLanguage":"de","@id":"https:\/\/www.purejewels.com\/#\/schema\/logo\/image\/","url":"https:\/\/static.purejewels.com\/wp-content\/uploads\/2020\/11\/Logo-PJ-New-1.png","contentUrl":"https:\/\/static.purejewels.com\/wp-content\/uploads\/2020\/11\/Logo-PJ-New-1.png","width":150,"height":80,"caption":"PureJewels UK"},"image":{"@id":"https:\/\/www.purejewels.com\/#\/schema\/logo\/image\/"}}]}},"_links":{"self":[{"href":"https:\/\/www.purejewels.com\/de\/wp-json\/wp\/v2\/product\/340600","targetHints":{"allow":["GET"]}}],"collection":[{"href":"https:\/\/www.purejewels.com\/de\/wp-json\/wp\/v2\/product"}],"about":[{"href":"https:\/\/www.purejewels.com\/de\/wp-json\/wp\/v2\/types\/product"}],"replies":[{"embeddable":true,"href":"https:\/\/www.purejewels.com\/de\/wp-json\/wp\/v2\/comments?post=340600"}],"version-history":[{"count":2,"href":"https:\/\/www.purejewels.com\/de\/wp-json\/wp\/v2\/product\/340600\/revisions"}],"predecessor-version":[{"id":391999,"href":"https:\/\/www.purejewels.com\/de\/wp-json\/wp\/v2\/product\/340600\/revisions\/391999"}],"wp:featuredmedia":[{"embeddable":true,"href":"https:\/\/www.purejewels.com\/de\/wp-json\/wp\/v2\/media\/358388"}],"wp:attachment":[{"href":"https:\/\/www.purejewels.com\/de\/wp-json\/wp\/v2\/media?parent=340600"}],"wp:term":[{"taxonomy":"product_brand","embeddable":true,"href":"https:\/\/www.purejewels.com\/de\/wp-json\/wp\/v2\/product_brand?post=340600"},{"taxonomy":"product_cat","embeddable":true,"href":"https:\/\/www.purejewels.com\/de\/wp-json\/wp\/v2\/product_cat?post=340600"},{"taxonomy":"product_tag","embeddable":true,"href":"https:\/\/www.purejewels.com\/de\/wp-json\/wp\/v2\/product_tag?post=340600"}],"curies":[{"name":"wp","href":"https:\/\/api.w.org\/{rel}","templated":true}]}}