{"id":340604,"date":"2024-11-25T09:24:51","date_gmt":"2024-11-25T09:24:51","guid":{"rendered":"https:\/\/www.purejewels.com\/?post_type=product&#038;p=340604"},"modified":"2026-04-27T10:00:50","modified_gmt":"2026-04-27T09:00:50","slug":"22ct-zeitlos-klassisch-gold-fancy-cz-anhanger-43646","status":"publish","type":"product","link":"https:\/\/www.purejewels.com\/de\/product\/22ct-timeless-classic-gold-fancy-cz-pendant-43646\/","title":{"rendered":"22ct Timeless Classic Gold Fancy CZ-Anh\u00e4nger"},"content":{"rendered":"<p>Unsere 22ct Timeless Classic Gold Fancy CZ Anh\u00e4nger sind von den zarten Formen des Unendlichkeitssymbols inspiriert, das mit Paisley verziert ist. Unendlichkeitsanh\u00e4nger sind ein Symbol f\u00fcr ewige Liebe und Hingabe. Unser goldener Unendlichkeitsanh\u00e4nger ist mit CZ-Steinen besetzt, die das Funkeln des Schmuckst\u00fccks noch mehr zur Geltung bringen. Der goldene Unendlichkeitsanh\u00e4nger kann mit funkelnden Unendlichkeitssteckern gepaart werden. <a href=\"https:\/\/www.purejewels.com\/de\/product-category\/22ct-gold-jewellery\/gold-earrings\/\">Ohrringe<\/a>, goldene Unendlichkeits-Nieten, eine goldene Unendlichkeit <a href=\"https:\/\/www.purejewels.com\/de\/product\/22ct-gold-fancy-choker-chain-with-pendant-18-inch-43022\/\">Kropfband<\/a> oder auch allein getragen werden. Unser goldener Unendlichkeitsanh\u00e4nger ist nicht mit dem <a href=\"https:\/\/www.purejewels.com\/de\/product\/22ct-gold-premium-spiga-chain-20-inches-1-2mm-thick-41359\/\">Spiga-Kette<\/a>, wie auf dem Foto abgebildet. Sie k\u00f6nnen jedoch aus einer Reihe von Gold-Ketten zur Verf\u00fcgung zu w\u00e4hlen.<\/p>","protected":false},"excerpt":{"rendered":"<div class=\"woocommerce-product-details__short-description\">\n<ul>\n<li>22\u00a0<span id=\"urn:enhancement-89deda8d\" class=\"textannotation\">Karat<\/span> Zeitlos klassisch Gold<span id=\"urn:enhancement-445855e2\" class=\"textannotation\">\u00a0<\/span>Anh\u00e4nger<\/li>\n<li>Geeignet f\u00fcr Alltagskleidung<\/li>\n<li>Wt. 3.2 gms<\/li>\n<li>SKU. 43646<\/li>\n<li>Kette nicht enthalten.<\/li>\n<li>Die auf dem Bild gezeigte Kette ist eine\u00a0<strong>Spiga-Kette<\/strong><\/li>\n<li>Alle Preise inklusive Mehrwertsteuer<\/li>\n<li>Alle unsere Produkte sind von London gestempelt\u00a0<span id=\"urn:enhancement-7d2af146\" class=\"textannotation\">Pr\u00fcfstelle<\/span><\/li>\n<li>Alle Sets werden mit Pr\u00e4sentationsbox geliefert<\/li>\n<li>Kostenlose Lieferung in ganz Europa\u00a0<span id=\"urn:enhancement-bbb162f2\" class=\"textannotation\">UK<\/span><\/li>\n<li>Kontaktieren Sie uns \/ chatten Sie mit uns und entdecken Sie unser\u00a0<span id=\"urn:enhancement-32269751\" class=\"textannotation\">Gold<\/span> Anh\u00e4nger Halskette Kollektion<\/li>\n<\/ul>\n<\/div>\n<div class=\"btn-atc atc-slide\"><\/div>\n<div class=\"product_meta\"><\/div>","protected":false},"featured_media":340606,"comment_status":"closed","ping_status":"closed","template":"","meta":{"_eb_attr":"","_crsspst_to_jayantr4sg-hostcom":true},"product_brand":[],"product_cat":[1559,1794,1793,6190,1770,1792,1229,1255,5344,1767,1570,5338,1569,1574],"product_tag":[],"class_list":{"0":"post-340604","1":"product","2":"type-product","3":"status-publish","4":"has-post-thumbnail","6":"product_cat-birthday-gifts","7":"product_cat-christmas-gifts","8":"product_cat-diwali-gifts","9":"product_cat-easter-jewellery","10":"product_cat-fancy-pendants","11":"product_cat-festival-gifts","12":"product_cat-22ct-gold-jewellery","13":"product_cat-gold-pendants","14":"product_cat-jewellery-under-750","15":"product_cat-ladies-pendants","16":"product_cat-mothers-day-gifts","17":"product_cat-shop-by-price","18":"product_cat-valentine-day-gifts","19":"product_cat-womens-jewellery","21":"first","22":"instock","23":"taxable","24":"shipping-taxable","25":"purchasable","26":"product-type-simple","27":"add-to-wishlist-before_image"},"yoast_head":"<!-- This site is optimized with the Yoast SEO plugin v27.5 - https:\/\/yoast.com\/product\/yoast-seo-wordpress\/ -->\n<title>Classic Real 22ct Gold CZ Pendant, Diwali Sale at Purejewels<\/title>\n<meta name=\"description\" content=\"Shop Our 22ct Timeless Classic Gold Fancy CZ Pendants are inspired by the delicate shapes of the infinity symbol decorated with paisley. | Online UK.\" \/>\n<meta name=\"robots\" content=\"index, follow, max-snippet:-1, max-image-preview:large, max-video-preview:-1\" \/>\n<link rel=\"canonical\" href=\"https:\/\/www.purejewels.com\/de\/produkt-2\/22ct-zeitlos-klassisch-gold-fancy-cz-anhanger-43646\/\" \/>\n<meta property=\"og:locale\" content=\"de_DE\" \/>\n<meta property=\"og:type\" content=\"article\" \/>\n<meta property=\"og:title\" content=\"Classic Real 22ct Gold CZ Pendant, Diwali Sale at Purejewels\" \/>\n<meta property=\"og:description\" content=\"Shop Our 22ct Timeless Classic Gold Fancy CZ Pendants are inspired by the delicate shapes of the infinity symbol decorated with paisley. | Online UK.\" \/>\n<meta property=\"og:url\" content=\"https:\/\/www.purejewels.com\/de\/produkt-2\/22ct-zeitlos-klassisch-gold-fancy-cz-anhanger-43646\/\" \/>\n<meta property=\"og:site_name\" content=\"PureJewels UK\" \/>\n<meta property=\"article:modified_time\" content=\"2026-04-27T09:00:50+00:00\" \/>\n<meta property=\"og:image\" content=\"https:\/\/static.purejewels.com\/wp-content\/uploads\/2022\/11\/43646-2.jpg\" \/>\n\t<meta property=\"og:image:width\" content=\"1000\" \/>\n\t<meta property=\"og:image:height\" content=\"1000\" \/>\n\t<meta property=\"og:image:type\" content=\"image\/jpeg\" \/>\n<meta name=\"twitter:card\" content=\"summary_large_image\" \/>\n<meta name=\"twitter:label1\" content=\"Gesch\u00e4tzte Lesezeit\" \/>\n\t<meta name=\"twitter:data1\" content=\"1\u00a0Minute\" \/>\n<script type=\"application\/ld+json\" class=\"yoast-schema-graph\">{\"@context\":\"https:\\\/\\\/schema.org\",\"@graph\":[{\"@type\":[\"WebPage\",\"ItemPage\"],\"@id\":\"https:\\\/\\\/www.purejewels.com\\\/product\\\/22ct-timeless-classic-gold-fancy-cz-pendant-43646\\\/\",\"url\":\"https:\\\/\\\/www.purejewels.com\\\/product\\\/22ct-timeless-classic-gold-fancy-cz-pendant-43646\\\/\",\"name\":\"Classic Real 22ct Gold CZ Pendant, Diwali Sale at Purejewels\",\"isPartOf\":{\"@id\":\"https:\\\/\\\/www.purejewels.com\\\/#website\"},\"primaryImageOfPage\":{\"@id\":\"https:\\\/\\\/www.purejewels.com\\\/product\\\/22ct-timeless-classic-gold-fancy-cz-pendant-43646\\\/#primaryimage\"},\"image\":{\"@id\":\"https:\\\/\\\/www.purejewels.com\\\/product\\\/22ct-timeless-classic-gold-fancy-cz-pendant-43646\\\/#primaryimage\"},\"thumbnailUrl\":\"https:\\\/\\\/static.purejewels.com\\\/wp-content\\\/uploads\\\/2022\\\/11\\\/43646-2.jpg\",\"datePublished\":\"2024-11-25T09:24:51+00:00\",\"dateModified\":\"2026-04-27T09:00:50+00:00\",\"description\":\"Shop Our 22ct Timeless Classic Gold Fancy CZ Pendants are inspired by the delicate shapes of the infinity symbol decorated with paisley. | Online UK.\",\"breadcrumb\":{\"@id\":\"https:\\\/\\\/www.purejewels.com\\\/product\\\/22ct-timeless-classic-gold-fancy-cz-pendant-43646\\\/#breadcrumb\"},\"inLanguage\":\"de\",\"potentialAction\":[{\"@type\":\"ReadAction\",\"target\":[\"https:\\\/\\\/www.purejewels.com\\\/product\\\/22ct-timeless-classic-gold-fancy-cz-pendant-43646\\\/\"]}]},{\"@type\":\"ImageObject\",\"inLanguage\":\"de\",\"@id\":\"https:\\\/\\\/www.purejewels.com\\\/product\\\/22ct-timeless-classic-gold-fancy-cz-pendant-43646\\\/#primaryimage\",\"url\":\"https:\\\/\\\/static.purejewels.com\\\/wp-content\\\/uploads\\\/2022\\\/11\\\/43646-2.jpg\",\"contentUrl\":\"https:\\\/\\\/static.purejewels.com\\\/wp-content\\\/uploads\\\/2022\\\/11\\\/43646-2.jpg\",\"width\":1000,\"height\":1000,\"caption\":\"22ct Timeless Classic Gold Fancy CZ Pendant\"},{\"@type\":\"BreadcrumbList\",\"@id\":\"https:\\\/\\\/www.purejewels.com\\\/product\\\/22ct-timeless-classic-gold-fancy-cz-pendant-43646\\\/#breadcrumb\",\"itemListElement\":[{\"@type\":\"ListItem\",\"position\":1,\"name\":\"Home\",\"item\":\"https:\\\/\\\/www.purejewels.com\\\/\"},{\"@type\":\"ListItem\",\"position\":2,\"name\":\"Shop\",\"item\":\"https:\\\/\\\/www.purejewels.com\\\/shop\\\/\"},{\"@type\":\"ListItem\",\"position\":3,\"name\":\"22ct Timeless Classic Gold Fancy CZ Pendant\"}]},{\"@type\":\"WebSite\",\"@id\":\"https:\\\/\\\/www.purejewels.com\\\/#website\",\"url\":\"https:\\\/\\\/www.purejewels.com\\\/\",\"name\":\"PureJewels UK\",\"description\":\"Share the Love\",\"publisher\":{\"@id\":\"https:\\\/\\\/www.purejewels.com\\\/#organization\"},\"potentialAction\":[{\"@type\":\"SearchAction\",\"target\":{\"@type\":\"EntryPoint\",\"urlTemplate\":\"https:\\\/\\\/www.purejewels.com\\\/?s={search_term_string}\"},\"query-input\":{\"@type\":\"PropertyValueSpecification\",\"valueRequired\":true,\"valueName\":\"search_term_string\"}}],\"inLanguage\":\"de\"},{\"@type\":\"Organization\",\"@id\":\"https:\\\/\\\/www.purejewels.com\\\/#organization\",\"name\":\"PureJewels UK\",\"url\":\"https:\\\/\\\/www.purejewels.com\\\/\",\"logo\":{\"@type\":\"ImageObject\",\"inLanguage\":\"de\",\"@id\":\"https:\\\/\\\/www.purejewels.com\\\/#\\\/schema\\\/logo\\\/image\\\/\",\"url\":\"https:\\\/\\\/static.purejewels.com\\\/wp-content\\\/uploads\\\/2020\\\/11\\\/Logo-PJ-New-1.png\",\"contentUrl\":\"https:\\\/\\\/static.purejewels.com\\\/wp-content\\\/uploads\\\/2020\\\/11\\\/Logo-PJ-New-1.png\",\"width\":150,\"height\":80,\"caption\":\"PureJewels UK\"},\"image\":{\"@id\":\"https:\\\/\\\/www.purejewels.com\\\/#\\\/schema\\\/logo\\\/image\\\/\"}}]}<\/script>\n<!-- \/ Yoast SEO plugin. -->","yoast_head_json":{"title":"Klassischer echter 22ct Gold CZ-Anh\u00e4nger, Diwali Sale bei Purejewels","description":"Shop Unsere 22ct Timeless Classic Gold Fancy CZ Anh\u00e4nger sind inspiriert von den zarten Formen des Unendlichkeitssymbols mit Paisley verziert. | Online UK.","robots":{"index":"index","follow":"follow","max-snippet":"max-snippet:-1","max-image-preview":"max-image-preview:large","max-video-preview":"max-video-preview:-1"},"canonical":"https:\/\/www.purejewels.com\/de\/produkt-2\/22ct-zeitlos-klassisch-gold-fancy-cz-anhanger-43646\/","og_locale":"de_DE","og_type":"article","og_title":"Classic Real 22ct Gold CZ Pendant, Diwali Sale at Purejewels","og_description":"Shop Our 22ct Timeless Classic Gold Fancy CZ Pendants are inspired by the delicate shapes of the infinity symbol decorated with paisley. | Online UK.","og_url":"https:\/\/www.purejewels.com\/de\/produkt-2\/22ct-zeitlos-klassisch-gold-fancy-cz-anhanger-43646\/","og_site_name":"PureJewels UK","article_modified_time":"2026-04-27T09:00:50+00:00","og_image":[{"width":1000,"height":1000,"url":"https:\/\/static.purejewels.com\/wp-content\/uploads\/2022\/11\/43646-2.jpg","type":"image\/jpeg"}],"twitter_card":"summary_large_image","twitter_misc":{"Gesch\u00e4tzte Lesezeit":"1\u00a0Minute"},"schema":{"@context":"https:\/\/schema.org","@graph":[{"@type":["WebPage","ItemPage"],"@id":"https:\/\/www.purejewels.com\/product\/22ct-timeless-classic-gold-fancy-cz-pendant-43646\/","url":"https:\/\/www.purejewels.com\/product\/22ct-timeless-classic-gold-fancy-cz-pendant-43646\/","name":"Klassischer echter 22ct Gold CZ-Anh\u00e4nger, Diwali Sale bei Purejewels","isPartOf":{"@id":"https:\/\/www.purejewels.com\/#website"},"primaryImageOfPage":{"@id":"https:\/\/www.purejewels.com\/product\/22ct-timeless-classic-gold-fancy-cz-pendant-43646\/#primaryimage"},"image":{"@id":"https:\/\/www.purejewels.com\/product\/22ct-timeless-classic-gold-fancy-cz-pendant-43646\/#primaryimage"},"thumbnailUrl":"https:\/\/static.purejewels.com\/wp-content\/uploads\/2022\/11\/43646-2.jpg","datePublished":"2024-11-25T09:24:51+00:00","dateModified":"2026-04-27T09:00:50+00:00","description":"Shop Unsere 22ct Timeless Classic Gold Fancy CZ Anh\u00e4nger sind inspiriert von den zarten Formen des Unendlichkeitssymbols mit Paisley verziert. | Online UK.","breadcrumb":{"@id":"https:\/\/www.purejewels.com\/product\/22ct-timeless-classic-gold-fancy-cz-pendant-43646\/#breadcrumb"},"inLanguage":"de","potentialAction":[{"@type":"ReadAction","target":["https:\/\/www.purejewels.com\/product\/22ct-timeless-classic-gold-fancy-cz-pendant-43646\/"]}]},{"@type":"ImageObject","inLanguage":"de","@id":"https:\/\/www.purejewels.com\/product\/22ct-timeless-classic-gold-fancy-cz-pendant-43646\/#primaryimage","url":"https:\/\/static.purejewels.com\/wp-content\/uploads\/2022\/11\/43646-2.jpg","contentUrl":"https:\/\/static.purejewels.com\/wp-content\/uploads\/2022\/11\/43646-2.jpg","width":1000,"height":1000,"caption":"22ct Timeless Classic Gold Fancy CZ Pendant"},{"@type":"BreadcrumbList","@id":"https:\/\/www.purejewels.com\/product\/22ct-timeless-classic-gold-fancy-cz-pendant-43646\/#breadcrumb","itemListElement":[{"@type":"ListItem","position":1,"name":"Home","item":"https:\/\/www.purejewels.com\/"},{"@type":"ListItem","position":2,"name":"Shop","item":"https:\/\/www.purejewels.com\/shop\/"},{"@type":"ListItem","position":3,"name":"22ct Timeless Classic Gold Fancy CZ Pendant"}]},{"@type":"WebSite","@id":"https:\/\/www.purejewels.com\/#website","url":"https:\/\/www.purejewels.com\/","name":"PureJewels UK","description":"Teile die Liebe","publisher":{"@id":"https:\/\/www.purejewels.com\/#organization"},"potentialAction":[{"@type":"SearchAction","target":{"@type":"EntryPoint","urlTemplate":"https:\/\/www.purejewels.com\/?s={search_term_string}"},"query-input":{"@type":"PropertyValueSpecification","valueRequired":true,"valueName":"search_term_string"}}],"inLanguage":"de"},{"@type":"Organization","@id":"https:\/\/www.purejewels.com\/#organization","name":"PureJewels UK","url":"https:\/\/www.purejewels.com\/","logo":{"@type":"ImageObject","inLanguage":"de","@id":"https:\/\/www.purejewels.com\/#\/schema\/logo\/image\/","url":"https:\/\/static.purejewels.com\/wp-content\/uploads\/2020\/11\/Logo-PJ-New-1.png","contentUrl":"https:\/\/static.purejewels.com\/wp-content\/uploads\/2020\/11\/Logo-PJ-New-1.png","width":150,"height":80,"caption":"PureJewels UK"},"image":{"@id":"https:\/\/www.purejewels.com\/#\/schema\/logo\/image\/"}}]}},"_links":{"self":[{"href":"https:\/\/www.purejewels.com\/de\/wp-json\/wp\/v2\/product\/340604","targetHints":{"allow":["GET"]}}],"collection":[{"href":"https:\/\/www.purejewels.com\/de\/wp-json\/wp\/v2\/product"}],"about":[{"href":"https:\/\/www.purejewels.com\/de\/wp-json\/wp\/v2\/types\/product"}],"replies":[{"embeddable":true,"href":"https:\/\/www.purejewels.com\/de\/wp-json\/wp\/v2\/comments?post=340604"}],"version-history":[{"count":2,"href":"https:\/\/www.purejewels.com\/de\/wp-json\/wp\/v2\/product\/340604\/revisions"}],"predecessor-version":[{"id":387874,"href":"https:\/\/www.purejewels.com\/de\/wp-json\/wp\/v2\/product\/340604\/revisions\/387874"}],"wp:featuredmedia":[{"embeddable":true,"href":"https:\/\/www.purejewels.com\/de\/wp-json\/wp\/v2\/media\/340606"}],"wp:attachment":[{"href":"https:\/\/www.purejewels.com\/de\/wp-json\/wp\/v2\/media?parent=340604"}],"wp:term":[{"taxonomy":"product_brand","embeddable":true,"href":"https:\/\/www.purejewels.com\/de\/wp-json\/wp\/v2\/product_brand?post=340604"},{"taxonomy":"product_cat","embeddable":true,"href":"https:\/\/www.purejewels.com\/de\/wp-json\/wp\/v2\/product_cat?post=340604"},{"taxonomy":"product_tag","embeddable":true,"href":"https:\/\/www.purejewels.com\/de\/wp-json\/wp\/v2\/product_tag?post=340604"}],"curies":[{"name":"wp","href":"https:\/\/api.w.org\/{rel}","templated":true}]}}