{"id":340649,"date":"2022-12-06T06:28:54","date_gmt":"2022-12-06T06:28:54","guid":{"rendered":"https:\/\/www.purejewels.com\/?post_type=product&#038;p=340649"},"modified":"2025-11-13T09:51:05","modified_gmt":"2025-11-13T09:51:05","slug":"designer-ohrringe-aus-22-karat-gold-47925","status":"publish","type":"product","link":"https:\/\/www.purejewels.com\/de\/product\/designer-drop-earrings-in-22ct-gold-47925\/","title":{"rendered":"Designer Tropfenohrringe aus 22 Karat Gold"},"content":{"rendered":"<p>Diese exquisiten Designer-Ohrringe aus 22-kar\u00e4tigem Gold von PureJewels UK sind das perfekte Statement-St\u00fcck f\u00fcr jeden Anlass. Mit einem Gewicht von 4gms und einer L\u00e4nge von 1,95 Zoll, sind diese Ohrringe sicher, eine atemberaubende Erg\u00e4nzung zu Ihrer Schmuckkollektion zu machen. Das komplizierte Design und die Handwerkskunst dieser Ohrringe machen sie zu einer zeitlosen und eleganten Wahl f\u00fcr diejenigen, die feinen Schmuck sch\u00e4tzen.<\/p>\n<p>Jedes Paar Ohrringe ist wundersch\u00f6n in einer Pr\u00e4sentationsbox verpackt und somit ein ideales Geschenk f\u00fcr eine geliebte Person oder eine besondere Freude f\u00fcr Sie selbst.<\/p>\n<p>Egal, ob Sie ein Geschenk f\u00fcr einen besonderen Anlass suchen oder sich selbst ein luxuri\u00f6ses Schmuckst\u00fcck g\u00f6nnen m\u00f6chten, diese Designer-Ohrringe werden Sie sicher beeindrucken. Lassen Sie sich die Gelegenheit nicht entgehen, ein wirklich einzigartiges und atemberaubendes Schmuckst\u00fcck zu besitzen. Bestellen Sie sie noch heute!<\/p>","protected":false},"excerpt":{"rendered":"<table class=\"sh_desc\">\n<tbody>\n<tr>\n<td>Art des Ohrrings<\/td>\n<td>Ohrring Tropfen<\/td>\n<\/tr>\n<tr>\n<td>SKU<\/td>\n<td>47925<\/td>\n<\/tr>\n<tr>\n<td>Gewicht<\/td>\n<td>4 Gramm<\/td>\n<\/tr>\n<tr>\n<td>Metall<\/td>\n<td>22ct Gold<\/td>\n<\/tr>\n<tr>\n<td>L\u00e4nge<\/td>\n<td>1,95 Zoll<\/td>\n<\/tr>\n<tr>\n<td>Entgelte<\/td>\n<td>Lieferung und Mehrwertsteuer inbegriffen<\/td>\n<\/tr>\n<tr>\n<td>Verpackung<\/td>\n<td>Mit Pr\u00e4sentationsbox<\/td>\n<\/tr>\n<tr>\n<td>Mehr Informationen<\/td>\n<td>Live-Chat mit uns f\u00fcr Verf\u00fcgbarkeit und mehr Bilder<\/td>\n<\/tr>\n<\/tbody>\n<\/table>","protected":false},"featured_media":358396,"comment_status":"closed","ping_status":"closed","template":"","meta":{"_eb_attr":"","_crsspst_to_jayantr4sg-hostcom":false},"product_brand":[],"product_cat":[1791,1559,1793,1685,1254,1229,5344,1570,1573,1574,5349],"product_tag":[],"class_list":{"0":"post-340649","1":"product","2":"type-product","3":"status-publish","4":"has-post-thumbnail","6":"product_cat-anniversary-gifts","7":"product_cat-birthday-gifts","8":"product_cat-diwali-gifts","9":"product_cat-drop-earrings","10":"product_cat-gold-earrings","11":"product_cat-22ct-gold-jewellery","12":"product_cat-jewellery-under-750","13":"product_cat-mothers-day-gifts","14":"product_cat-wedding-gifts","15":"product_cat-womens-jewellery","16":"product_cat-yellow-gold-jewellery","18":"first","19":"outofstock","20":"taxable","21":"shipping-taxable","22":"product-type-simple","23":"add-to-wishlist-before_image"},"yoast_head":"<!-- This site is optimized with the Yoast SEO plugin v27.3 - https:\/\/yoast.com\/product\/yoast-seo-wordpress\/ -->\n<title>22ct gold drop designer earrings | PureJewels UK<\/title>\n<meta name=\"description\" content=\"Designer Earrings | Designer\u00a0Earrings\u00a0for party wear | Shop these classic Drop Earrings | Pair it with your favorite necklace &amp; flaunt your style\" \/>\n<meta name=\"robots\" content=\"index, follow, max-snippet:-1, max-image-preview:large, max-video-preview:-1\" \/>\n<link rel=\"canonical\" href=\"https:\/\/www.purejewels.com\/de\/produkt-2\/designer-ohrringe-aus-22-karat-gold-47925\/\" \/>\n<meta property=\"og:locale\" content=\"de_DE\" \/>\n<meta property=\"og:type\" content=\"article\" \/>\n<meta property=\"og:title\" content=\"22ct gold drop designer earrings | PureJewels UK\" \/>\n<meta property=\"og:description\" content=\"Designer Earrings | Designer\u00a0Earrings\u00a0for party wear | Shop these classic Drop Earrings | Pair it with your favorite necklace &amp; flaunt your style\" \/>\n<meta property=\"og:url\" content=\"https:\/\/www.purejewels.com\/de\/produkt-2\/designer-ohrringe-aus-22-karat-gold-47925\/\" \/>\n<meta property=\"og:site_name\" content=\"PureJewels UK\" \/>\n<meta property=\"article:modified_time\" content=\"2025-11-13T09:51:05+00:00\" \/>\n<meta property=\"og:image\" content=\"https:\/\/www.purejewels.com\/wp-content\/uploads\/2022\/12\/47924.png\" \/>\n\t<meta property=\"og:image:width\" content=\"1000\" \/>\n\t<meta property=\"og:image:height\" content=\"1000\" \/>\n\t<meta property=\"og:image:type\" content=\"image\/png\" \/>\n<meta name=\"twitter:card\" content=\"summary_large_image\" \/>\n<meta name=\"twitter:label1\" content=\"Gesch\u00e4tzte Lesezeit\" \/>\n\t<meta name=\"twitter:data1\" content=\"1\u00a0Minute\" \/>\n<script type=\"application\/ld+json\" class=\"yoast-schema-graph\">{\"@context\":\"https:\\\/\\\/schema.org\",\"@graph\":[{\"@type\":[\"WebPage\",\"ItemPage\"],\"@id\":\"https:\\\/\\\/www.purejewels.com\\\/product\\\/designer-drop-earrings-in-22ct-gold-47925\\\/\",\"url\":\"https:\\\/\\\/www.purejewels.com\\\/product\\\/designer-drop-earrings-in-22ct-gold-47925\\\/\",\"name\":\"22ct gold drop designer earrings | PureJewels UK\",\"isPartOf\":{\"@id\":\"https:\\\/\\\/www.purejewels.com\\\/#website\"},\"primaryImageOfPage\":{\"@id\":\"https:\\\/\\\/www.purejewels.com\\\/product\\\/designer-drop-earrings-in-22ct-gold-47925\\\/#primaryimage\"},\"image\":{\"@id\":\"https:\\\/\\\/www.purejewels.com\\\/product\\\/designer-drop-earrings-in-22ct-gold-47925\\\/#primaryimage\"},\"thumbnailUrl\":\"https:\\\/\\\/static.purejewels.com\\\/wp-content\\\/uploads\\\/2022\\\/12\\\/47924.png\",\"datePublished\":\"2022-12-06T06:28:54+00:00\",\"dateModified\":\"2025-11-13T09:51:05+00:00\",\"description\":\"Designer Earrings | Designer\u00a0Earrings\u00a0for party wear | Shop these classic Drop Earrings | Pair it with your favorite necklace & flaunt your style\",\"breadcrumb\":{\"@id\":\"https:\\\/\\\/www.purejewels.com\\\/product\\\/designer-drop-earrings-in-22ct-gold-47925\\\/#breadcrumb\"},\"inLanguage\":\"de\",\"potentialAction\":[{\"@type\":\"ReadAction\",\"target\":[\"https:\\\/\\\/www.purejewels.com\\\/product\\\/designer-drop-earrings-in-22ct-gold-47925\\\/\"]}]},{\"@type\":\"ImageObject\",\"inLanguage\":\"de\",\"@id\":\"https:\\\/\\\/www.purejewels.com\\\/product\\\/designer-drop-earrings-in-22ct-gold-47925\\\/#primaryimage\",\"url\":\"https:\\\/\\\/static.purejewels.com\\\/wp-content\\\/uploads\\\/2022\\\/12\\\/47924.png\",\"contentUrl\":\"https:\\\/\\\/static.purejewels.com\\\/wp-content\\\/uploads\\\/2022\\\/12\\\/47924.png\",\"width\":1000,\"height\":1000,\"caption\":\"22ct Gold Earring\"},{\"@type\":\"BreadcrumbList\",\"@id\":\"https:\\\/\\\/www.purejewels.com\\\/product\\\/designer-drop-earrings-in-22ct-gold-47925\\\/#breadcrumb\",\"itemListElement\":[{\"@type\":\"ListItem\",\"position\":1,\"name\":\"Home\",\"item\":\"https:\\\/\\\/www.purejewels.com\\\/\"},{\"@type\":\"ListItem\",\"position\":2,\"name\":\"Shop\",\"item\":\"https:\\\/\\\/www.purejewels.com\\\/shop\\\/\"},{\"@type\":\"ListItem\",\"position\":3,\"name\":\"Designer Drop Earrings in 22ct Gold\"}]},{\"@type\":\"WebSite\",\"@id\":\"https:\\\/\\\/www.purejewels.com\\\/#website\",\"url\":\"https:\\\/\\\/www.purejewels.com\\\/\",\"name\":\"PureJewels UK\",\"description\":\"Share the Love\",\"publisher\":{\"@id\":\"https:\\\/\\\/www.purejewels.com\\\/#organization\"},\"potentialAction\":[{\"@type\":\"SearchAction\",\"target\":{\"@type\":\"EntryPoint\",\"urlTemplate\":\"https:\\\/\\\/www.purejewels.com\\\/?s={search_term_string}\"},\"query-input\":{\"@type\":\"PropertyValueSpecification\",\"valueRequired\":true,\"valueName\":\"search_term_string\"}}],\"inLanguage\":\"de\"},{\"@type\":\"Organization\",\"@id\":\"https:\\\/\\\/www.purejewels.com\\\/#organization\",\"name\":\"PureJewels UK\",\"url\":\"https:\\\/\\\/www.purejewels.com\\\/\",\"logo\":{\"@type\":\"ImageObject\",\"inLanguage\":\"de\",\"@id\":\"https:\\\/\\\/www.purejewels.com\\\/#\\\/schema\\\/logo\\\/image\\\/\",\"url\":\"https:\\\/\\\/static.purejewels.com\\\/wp-content\\\/uploads\\\/2020\\\/11\\\/Logo-PJ-New-1.png\",\"contentUrl\":\"https:\\\/\\\/static.purejewels.com\\\/wp-content\\\/uploads\\\/2020\\\/11\\\/Logo-PJ-New-1.png\",\"width\":150,\"height\":80,\"caption\":\"PureJewels UK\"},\"image\":{\"@id\":\"https:\\\/\\\/www.purejewels.com\\\/#\\\/schema\\\/logo\\\/image\\\/\"}}]}<\/script>\n<!-- \/ Yoast SEO plugin. -->","yoast_head_json":{"title":"22ct Gold Tropfen Designer Ohrringe | PureJewels UK","description":"Designer-Ohrringe | Designer-Ohrringe f\u00fcr Partykleidung | Kaufen Sie diese klassischen Tropfenohrringe | Kombinieren Sie sie mit Ihrer Lieblingshalskette und stellen Sie Ihren Stil zur Schau","robots":{"index":"index","follow":"follow","max-snippet":"max-snippet:-1","max-image-preview":"max-image-preview:large","max-video-preview":"max-video-preview:-1"},"canonical":"https:\/\/www.purejewels.com\/de\/produkt-2\/designer-ohrringe-aus-22-karat-gold-47925\/","og_locale":"de_DE","og_type":"article","og_title":"22ct gold drop designer earrings | PureJewels UK","og_description":"Designer Earrings | Designer\u00a0Earrings\u00a0for party wear | Shop these classic Drop Earrings | Pair it with your favorite necklace & flaunt your style","og_url":"https:\/\/www.purejewels.com\/de\/produkt-2\/designer-ohrringe-aus-22-karat-gold-47925\/","og_site_name":"PureJewels UK","article_modified_time":"2025-11-13T09:51:05+00:00","og_image":[{"width":1000,"height":1000,"url":"https:\/\/www.purejewels.com\/wp-content\/uploads\/2022\/12\/47924.png","type":"image\/png"}],"twitter_card":"summary_large_image","twitter_misc":{"Gesch\u00e4tzte Lesezeit":"1\u00a0Minute"},"schema":{"@context":"https:\/\/schema.org","@graph":[{"@type":["WebPage","ItemPage"],"@id":"https:\/\/www.purejewels.com\/product\/designer-drop-earrings-in-22ct-gold-47925\/","url":"https:\/\/www.purejewels.com\/product\/designer-drop-earrings-in-22ct-gold-47925\/","name":"22ct Gold Tropfen Designer Ohrringe | PureJewels UK","isPartOf":{"@id":"https:\/\/www.purejewels.com\/#website"},"primaryImageOfPage":{"@id":"https:\/\/www.purejewels.com\/product\/designer-drop-earrings-in-22ct-gold-47925\/#primaryimage"},"image":{"@id":"https:\/\/www.purejewels.com\/product\/designer-drop-earrings-in-22ct-gold-47925\/#primaryimage"},"thumbnailUrl":"https:\/\/static.purejewels.com\/wp-content\/uploads\/2022\/12\/47924.png","datePublished":"2022-12-06T06:28:54+00:00","dateModified":"2025-11-13T09:51:05+00:00","description":"Designer-Ohrringe | Designer-Ohrringe f\u00fcr Partykleidung | Kaufen Sie diese klassischen Tropfenohrringe | Kombinieren Sie sie mit Ihrer Lieblingshalskette und stellen Sie Ihren Stil zur Schau","breadcrumb":{"@id":"https:\/\/www.purejewels.com\/product\/designer-drop-earrings-in-22ct-gold-47925\/#breadcrumb"},"inLanguage":"de","potentialAction":[{"@type":"ReadAction","target":["https:\/\/www.purejewels.com\/product\/designer-drop-earrings-in-22ct-gold-47925\/"]}]},{"@type":"ImageObject","inLanguage":"de","@id":"https:\/\/www.purejewels.com\/product\/designer-drop-earrings-in-22ct-gold-47925\/#primaryimage","url":"https:\/\/static.purejewels.com\/wp-content\/uploads\/2022\/12\/47924.png","contentUrl":"https:\/\/static.purejewels.com\/wp-content\/uploads\/2022\/12\/47924.png","width":1000,"height":1000,"caption":"22ct Gold Earring"},{"@type":"BreadcrumbList","@id":"https:\/\/www.purejewels.com\/product\/designer-drop-earrings-in-22ct-gold-47925\/#breadcrumb","itemListElement":[{"@type":"ListItem","position":1,"name":"Home","item":"https:\/\/www.purejewels.com\/"},{"@type":"ListItem","position":2,"name":"Shop","item":"https:\/\/www.purejewels.com\/shop\/"},{"@type":"ListItem","position":3,"name":"Designer Drop Earrings in 22ct Gold"}]},{"@type":"WebSite","@id":"https:\/\/www.purejewels.com\/#website","url":"https:\/\/www.purejewels.com\/","name":"PureJewels UK","description":"Teile die Liebe","publisher":{"@id":"https:\/\/www.purejewels.com\/#organization"},"potentialAction":[{"@type":"SearchAction","target":{"@type":"EntryPoint","urlTemplate":"https:\/\/www.purejewels.com\/?s={search_term_string}"},"query-input":{"@type":"PropertyValueSpecification","valueRequired":true,"valueName":"search_term_string"}}],"inLanguage":"de"},{"@type":"Organization","@id":"https:\/\/www.purejewels.com\/#organization","name":"PureJewels UK","url":"https:\/\/www.purejewels.com\/","logo":{"@type":"ImageObject","inLanguage":"de","@id":"https:\/\/www.purejewels.com\/#\/schema\/logo\/image\/","url":"https:\/\/static.purejewels.com\/wp-content\/uploads\/2020\/11\/Logo-PJ-New-1.png","contentUrl":"https:\/\/static.purejewels.com\/wp-content\/uploads\/2020\/11\/Logo-PJ-New-1.png","width":150,"height":80,"caption":"PureJewels UK"},"image":{"@id":"https:\/\/www.purejewels.com\/#\/schema\/logo\/image\/"}}]}},"_links":{"self":[{"href":"https:\/\/www.purejewels.com\/de\/wp-json\/wp\/v2\/product\/340649","targetHints":{"allow":["GET"]}}],"collection":[{"href":"https:\/\/www.purejewels.com\/de\/wp-json\/wp\/v2\/product"}],"about":[{"href":"https:\/\/www.purejewels.com\/de\/wp-json\/wp\/v2\/types\/product"}],"replies":[{"embeddable":true,"href":"https:\/\/www.purejewels.com\/de\/wp-json\/wp\/v2\/comments?post=340649"}],"version-history":[{"count":4,"href":"https:\/\/www.purejewels.com\/de\/wp-json\/wp\/v2\/product\/340649\/revisions"}],"predecessor-version":[{"id":420992,"href":"https:\/\/www.purejewels.com\/de\/wp-json\/wp\/v2\/product\/340649\/revisions\/420992"}],"wp:featuredmedia":[{"embeddable":true,"href":"https:\/\/www.purejewels.com\/de\/wp-json\/wp\/v2\/media\/358396"}],"wp:attachment":[{"href":"https:\/\/www.purejewels.com\/de\/wp-json\/wp\/v2\/media?parent=340649"}],"wp:term":[{"taxonomy":"product_brand","embeddable":true,"href":"https:\/\/www.purejewels.com\/de\/wp-json\/wp\/v2\/product_brand?post=340649"},{"taxonomy":"product_cat","embeddable":true,"href":"https:\/\/www.purejewels.com\/de\/wp-json\/wp\/v2\/product_cat?post=340649"},{"taxonomy":"product_tag","embeddable":true,"href":"https:\/\/www.purejewels.com\/de\/wp-json\/wp\/v2\/product_tag?post=340649"}],"curies":[{"name":"wp","href":"https:\/\/api.w.org\/{rel}","templated":true}]}}