{"id":340787,"date":"2025-04-20T07:58:39","date_gmt":"2025-04-20T06:58:39","guid":{"rendered":"https:\/\/www.purejewels.com\/?post_type=product&#038;p=340787"},"modified":"2026-02-26T12:52:46","modified_gmt":"2026-02-26T12:52:46","slug":"22-kt-gold-allah-anhanger-6242","status":"publish","type":"product","link":"https:\/\/www.purejewels.com\/de\/product\/22ct-gold-allah-pendant-6242\/","title":{"rendered":"22ct Gold Allah-Anh\u00e4nger"},"content":{"rendered":"<p>Wir stellen vor: unser atemberaubendes <a href=\"https:\/\/www.purejewels.com\/de\/product\/22ct-gold-jali-filigree-ring-jali-collection-31926\/\">22ct<\/a> Gold <a href=\"https:\/\/www.purejewels.com\/de\/product\/22k-gold-allah-pendant\/\">Allah-Anh\u00e4nger<\/a>. Dieser wundersch\u00f6ne Anh\u00e4nger ist aus feinstem 22-kar\u00e4tigem Gold gefertigt und zeigt ein atemberaubendes Allah-Design. Es ist die perfekte Art, Ihren Glauben zu zeigen, und macht ein wunderbares Geschenk f\u00fcr einen geliebten Menschen.<\/p>\n<p data-start=\"0\" data-end=\"146\">Der Allah-Anh\u00e4nger aus 22-kar\u00e4tigem Gold ist eine sinnvolle Wahl, wenn Sie auf der Suche nach besonderen Geschenken f\u00fcr das Zuckerfest sind. Er verbindet Glauben mit eleganter Handwerkskunst.<\/p>\n<p data-start=\"148\" data-end=\"266\" data-is-last-node=\"\" data-is-only-node=\"\">Mit ihren zarten Details und dem strahlenden Gold ist sie ein sch\u00f6nes Andenken, um das Zuckerfest zu feiern.<\/p>","protected":false},"excerpt":{"rendered":"<div class=\"woocommerce-product-details__short-description\">\n<table class=\"sh_desc\">\n<tbody>\n<tr>\n<td>Typ des Anh\u00e4ngers<\/td>\n<td>Religi\u00f6ser Anh\u00e4nger<\/td>\n<\/tr>\n<tr>\n<td>SKU<\/td>\n<td>6242<\/td>\n<\/tr>\n<tr>\n<td>Gewicht<\/td>\n<td>3.3 Gms<\/td>\n<\/tr>\n<tr>\n<td>Metall<\/td>\n<td>22ct Gold<\/td>\n<\/tr>\n<tr>\n<td>Entgelte<\/td>\n<td>Lieferung und Mehrwertsteuer inbegriffen<\/td>\n<\/tr>\n<tr>\n<td>Verpackung<\/td>\n<td>Mit Pr\u00e4sentationsbox<\/td>\n<\/tr>\n<tr>\n<td>Mehr Informationen<\/td>\n<td>\n<ul>\n<li>Kette ist nicht enthalten<\/li>\n<li>Die auf dem Bild gezeigte Kette ist eine <strong>Spiga-Kette<\/strong><\/li>\n<li>Live-Chat mit uns f\u00fcr Verf\u00fcgbarkeit und mehr Bilder von Islamic Jewelry UK<\/li>\n<\/ul>\n<\/td>\n<\/tr>\n<\/tbody>\n<\/table>\n<\/div>\n<div class=\"btn-atc atc-slide\"><\/div>\n<div class=\"product_meta\"><\/div>","protected":false},"featured_media":340795,"comment_status":"closed","ping_status":"closed","template":"","meta":{"_eb_attr":"","_crsspst_to_jayantr4sg-hostcom":true},"product_brand":[],"product_cat":[5602,5701,1571,1792,1229,1255,1572,1701,1574],"product_tag":[],"class_list":{"0":"post-340787","1":"product","2":"type-product","3":"status-publish","4":"has-post-thumbnail","6":"product_cat-allah-pendants","7":"product_cat-eid-jewellery","8":"product_cat-fathers-day-gifts","9":"product_cat-festival-gifts","10":"product_cat-22ct-gold-jewellery","11":"product_cat-gold-pendants","12":"product_cat-mens-jewellery","13":"product_cat-religious-pendants","14":"product_cat-womens-jewellery","16":"first","17":"instock","18":"sale","19":"taxable","20":"shipping-taxable","21":"purchasable","22":"product-type-simple","23":"add-to-wishlist-before_image"},"yoast_head":"<!-- This site is optimized with the Yoast SEO plugin v27.4 - https:\/\/yoast.com\/product\/yoast-seo-wordpress\/ -->\n<title>Allah Pendant - A beautiful piece of jewelry to cherish forever<\/title>\n<meta name=\"description\" content=\"This beautiful Allah pendant is made of solid 22ct gold and is a perfect way to show your faith. Buy this Pendant Online today!\" \/>\n<meta name=\"robots\" content=\"index, follow, max-snippet:-1, max-image-preview:large, max-video-preview:-1\" \/>\n<link rel=\"canonical\" href=\"https:\/\/www.purejewels.com\/de\/produkt-2\/22-kt-gold-allah-anhanger-6242\/\" \/>\n<meta property=\"og:locale\" content=\"de_DE\" \/>\n<meta property=\"og:type\" content=\"article\" \/>\n<meta property=\"og:title\" content=\"Allah Pendant - A beautiful piece of jewelry to cherish forever\" \/>\n<meta property=\"og:description\" content=\"This beautiful Allah pendant is made of solid 22ct gold and is a perfect way to show your faith. Buy this Pendant Online today!\" \/>\n<meta property=\"og:url\" content=\"https:\/\/www.purejewels.com\/de\/produkt-2\/22-kt-gold-allah-anhanger-6242\/\" \/>\n<meta property=\"og:site_name\" content=\"PureJewels UK\" \/>\n<meta property=\"article:modified_time\" content=\"2026-02-26T12:52:46+00:00\" \/>\n<meta property=\"og:image\" content=\"https:\/\/static.purejewels.com\/wp-content\/uploads\/2022\/11\/6242-2.jpg\" \/>\n\t<meta property=\"og:image:width\" content=\"1000\" \/>\n\t<meta property=\"og:image:height\" content=\"1000\" \/>\n\t<meta property=\"og:image:type\" content=\"image\/jpeg\" \/>\n<meta name=\"twitter:card\" content=\"summary_large_image\" \/>\n<meta name=\"twitter:label1\" content=\"Gesch\u00e4tzte Lesezeit\" \/>\n\t<meta name=\"twitter:data1\" content=\"1\u00a0Minute\" \/>\n<script type=\"application\/ld+json\" class=\"yoast-schema-graph\">{\"@context\":\"https:\\\/\\\/schema.org\",\"@graph\":[{\"@type\":[\"WebPage\",\"ItemPage\"],\"@id\":\"https:\\\/\\\/www.purejewels.com\\\/product\\\/22ct-gold-allah-pendant-6242\\\/\",\"url\":\"https:\\\/\\\/www.purejewels.com\\\/product\\\/22ct-gold-allah-pendant-6242\\\/\",\"name\":\"Allah Pendant - A beautiful piece of jewelry to cherish forever\",\"isPartOf\":{\"@id\":\"https:\\\/\\\/www.purejewels.com\\\/#website\"},\"primaryImageOfPage\":{\"@id\":\"https:\\\/\\\/www.purejewels.com\\\/product\\\/22ct-gold-allah-pendant-6242\\\/#primaryimage\"},\"image\":{\"@id\":\"https:\\\/\\\/www.purejewels.com\\\/product\\\/22ct-gold-allah-pendant-6242\\\/#primaryimage\"},\"thumbnailUrl\":\"https:\\\/\\\/static.purejewels.com\\\/wp-content\\\/uploads\\\/2022\\\/11\\\/6242-2.jpg\",\"datePublished\":\"2025-04-20T06:58:39+00:00\",\"dateModified\":\"2026-02-26T12:52:46+00:00\",\"description\":\"This beautiful Allah pendant is made of solid 22ct gold and is a perfect way to show your faith. Buy this Pendant Online today!\",\"breadcrumb\":{\"@id\":\"https:\\\/\\\/www.purejewels.com\\\/product\\\/22ct-gold-allah-pendant-6242\\\/#breadcrumb\"},\"inLanguage\":\"de\",\"potentialAction\":[{\"@type\":\"ReadAction\",\"target\":[\"https:\\\/\\\/www.purejewels.com\\\/product\\\/22ct-gold-allah-pendant-6242\\\/\"]}]},{\"@type\":\"ImageObject\",\"inLanguage\":\"de\",\"@id\":\"https:\\\/\\\/www.purejewels.com\\\/product\\\/22ct-gold-allah-pendant-6242\\\/#primaryimage\",\"url\":\"https:\\\/\\\/static.purejewels.com\\\/wp-content\\\/uploads\\\/2022\\\/11\\\/6242-2.jpg\",\"contentUrl\":\"https:\\\/\\\/static.purejewels.com\\\/wp-content\\\/uploads\\\/2022\\\/11\\\/6242-2.jpg\",\"width\":1000,\"height\":1000,\"caption\":\"22ct Gold Allah Pendant\"},{\"@type\":\"BreadcrumbList\",\"@id\":\"https:\\\/\\\/www.purejewels.com\\\/product\\\/22ct-gold-allah-pendant-6242\\\/#breadcrumb\",\"itemListElement\":[{\"@type\":\"ListItem\",\"position\":1,\"name\":\"Home\",\"item\":\"https:\\\/\\\/www.purejewels.com\\\/\"},{\"@type\":\"ListItem\",\"position\":2,\"name\":\"Shop\",\"item\":\"https:\\\/\\\/www.purejewels.com\\\/shop\\\/\"},{\"@type\":\"ListItem\",\"position\":3,\"name\":\"22ct Gold Allah Pendant\"}]},{\"@type\":\"WebSite\",\"@id\":\"https:\\\/\\\/www.purejewels.com\\\/#website\",\"url\":\"https:\\\/\\\/www.purejewels.com\\\/\",\"name\":\"PureJewels UK\",\"description\":\"Share the Love\",\"publisher\":{\"@id\":\"https:\\\/\\\/www.purejewels.com\\\/#organization\"},\"potentialAction\":[{\"@type\":\"SearchAction\",\"target\":{\"@type\":\"EntryPoint\",\"urlTemplate\":\"https:\\\/\\\/www.purejewels.com\\\/?s={search_term_string}\"},\"query-input\":{\"@type\":\"PropertyValueSpecification\",\"valueRequired\":true,\"valueName\":\"search_term_string\"}}],\"inLanguage\":\"de\"},{\"@type\":\"Organization\",\"@id\":\"https:\\\/\\\/www.purejewels.com\\\/#organization\",\"name\":\"PureJewels UK\",\"url\":\"https:\\\/\\\/www.purejewels.com\\\/\",\"logo\":{\"@type\":\"ImageObject\",\"inLanguage\":\"de\",\"@id\":\"https:\\\/\\\/www.purejewels.com\\\/#\\\/schema\\\/logo\\\/image\\\/\",\"url\":\"https:\\\/\\\/static.purejewels.com\\\/wp-content\\\/uploads\\\/2020\\\/11\\\/Logo-PJ-New-1.png\",\"contentUrl\":\"https:\\\/\\\/static.purejewels.com\\\/wp-content\\\/uploads\\\/2020\\\/11\\\/Logo-PJ-New-1.png\",\"width\":150,\"height\":80,\"caption\":\"PureJewels UK\"},\"image\":{\"@id\":\"https:\\\/\\\/www.purejewels.com\\\/#\\\/schema\\\/logo\\\/image\\\/\"}}]}<\/script>\n<!-- \/ Yoast SEO plugin. -->","yoast_head_json":{"title":"Allah-Anh\u00e4nger - Ein sch\u00f6nes Schmuckst\u00fcck f\u00fcr die Ewigkeit","description":"Dieser sch\u00f6ne Allah-Anh\u00e4nger ist aus massivem 22-kar\u00e4tigem Gold gefertigt und ist eine perfekte M\u00f6glichkeit, Ihren Glauben zu zeigen. Kaufen Sie diesen Anh\u00e4nger noch heute online!","robots":{"index":"index","follow":"follow","max-snippet":"max-snippet:-1","max-image-preview":"max-image-preview:large","max-video-preview":"max-video-preview:-1"},"canonical":"https:\/\/www.purejewels.com\/de\/produkt-2\/22-kt-gold-allah-anhanger-6242\/","og_locale":"de_DE","og_type":"article","og_title":"Allah Pendant - A beautiful piece of jewelry to cherish forever","og_description":"This beautiful Allah pendant is made of solid 22ct gold and is a perfect way to show your faith. Buy this Pendant Online today!","og_url":"https:\/\/www.purejewels.com\/de\/produkt-2\/22-kt-gold-allah-anhanger-6242\/","og_site_name":"PureJewels UK","article_modified_time":"2026-02-26T12:52:46+00:00","og_image":[{"width":1000,"height":1000,"url":"https:\/\/static.purejewels.com\/wp-content\/uploads\/2022\/11\/6242-2.jpg","type":"image\/jpeg"}],"twitter_card":"summary_large_image","twitter_misc":{"Gesch\u00e4tzte Lesezeit":"1\u00a0Minute"},"schema":{"@context":"https:\/\/schema.org","@graph":[{"@type":["WebPage","ItemPage"],"@id":"https:\/\/www.purejewels.com\/product\/22ct-gold-allah-pendant-6242\/","url":"https:\/\/www.purejewels.com\/product\/22ct-gold-allah-pendant-6242\/","name":"Allah-Anh\u00e4nger - Ein sch\u00f6nes Schmuckst\u00fcck f\u00fcr die Ewigkeit","isPartOf":{"@id":"https:\/\/www.purejewels.com\/#website"},"primaryImageOfPage":{"@id":"https:\/\/www.purejewels.com\/product\/22ct-gold-allah-pendant-6242\/#primaryimage"},"image":{"@id":"https:\/\/www.purejewels.com\/product\/22ct-gold-allah-pendant-6242\/#primaryimage"},"thumbnailUrl":"https:\/\/static.purejewels.com\/wp-content\/uploads\/2022\/11\/6242-2.jpg","datePublished":"2025-04-20T06:58:39+00:00","dateModified":"2026-02-26T12:52:46+00:00","description":"Dieser sch\u00f6ne Allah-Anh\u00e4nger ist aus massivem 22-kar\u00e4tigem Gold gefertigt und ist eine perfekte M\u00f6glichkeit, Ihren Glauben zu zeigen. Kaufen Sie diesen Anh\u00e4nger noch heute online!","breadcrumb":{"@id":"https:\/\/www.purejewels.com\/product\/22ct-gold-allah-pendant-6242\/#breadcrumb"},"inLanguage":"de","potentialAction":[{"@type":"ReadAction","target":["https:\/\/www.purejewels.com\/product\/22ct-gold-allah-pendant-6242\/"]}]},{"@type":"ImageObject","inLanguage":"de","@id":"https:\/\/www.purejewels.com\/product\/22ct-gold-allah-pendant-6242\/#primaryimage","url":"https:\/\/static.purejewels.com\/wp-content\/uploads\/2022\/11\/6242-2.jpg","contentUrl":"https:\/\/static.purejewels.com\/wp-content\/uploads\/2022\/11\/6242-2.jpg","width":1000,"height":1000,"caption":"22ct Gold Allah Pendant"},{"@type":"BreadcrumbList","@id":"https:\/\/www.purejewels.com\/product\/22ct-gold-allah-pendant-6242\/#breadcrumb","itemListElement":[{"@type":"ListItem","position":1,"name":"Home","item":"https:\/\/www.purejewels.com\/"},{"@type":"ListItem","position":2,"name":"Shop","item":"https:\/\/www.purejewels.com\/shop\/"},{"@type":"ListItem","position":3,"name":"22ct Gold Allah Pendant"}]},{"@type":"WebSite","@id":"https:\/\/www.purejewels.com\/#website","url":"https:\/\/www.purejewels.com\/","name":"PureJewels UK","description":"Teile die Liebe","publisher":{"@id":"https:\/\/www.purejewels.com\/#organization"},"potentialAction":[{"@type":"SearchAction","target":{"@type":"EntryPoint","urlTemplate":"https:\/\/www.purejewels.com\/?s={search_term_string}"},"query-input":{"@type":"PropertyValueSpecification","valueRequired":true,"valueName":"search_term_string"}}],"inLanguage":"de"},{"@type":"Organization","@id":"https:\/\/www.purejewels.com\/#organization","name":"PureJewels UK","url":"https:\/\/www.purejewels.com\/","logo":{"@type":"ImageObject","inLanguage":"de","@id":"https:\/\/www.purejewels.com\/#\/schema\/logo\/image\/","url":"https:\/\/static.purejewels.com\/wp-content\/uploads\/2020\/11\/Logo-PJ-New-1.png","contentUrl":"https:\/\/static.purejewels.com\/wp-content\/uploads\/2020\/11\/Logo-PJ-New-1.png","width":150,"height":80,"caption":"PureJewels UK"},"image":{"@id":"https:\/\/www.purejewels.com\/#\/schema\/logo\/image\/"}}]}},"_links":{"self":[{"href":"https:\/\/www.purejewels.com\/de\/wp-json\/wp\/v2\/product\/340787","targetHints":{"allow":["GET"]}}],"collection":[{"href":"https:\/\/www.purejewels.com\/de\/wp-json\/wp\/v2\/product"}],"about":[{"href":"https:\/\/www.purejewels.com\/de\/wp-json\/wp\/v2\/types\/product"}],"replies":[{"embeddable":true,"href":"https:\/\/www.purejewels.com\/de\/wp-json\/wp\/v2\/comments?post=340787"}],"version-history":[{"count":4,"href":"https:\/\/www.purejewels.com\/de\/wp-json\/wp\/v2\/product\/340787\/revisions"}],"predecessor-version":[{"id":426279,"href":"https:\/\/www.purejewels.com\/de\/wp-json\/wp\/v2\/product\/340787\/revisions\/426279"}],"wp:featuredmedia":[{"embeddable":true,"href":"https:\/\/www.purejewels.com\/de\/wp-json\/wp\/v2\/media\/340795"}],"wp:attachment":[{"href":"https:\/\/www.purejewels.com\/de\/wp-json\/wp\/v2\/media?parent=340787"}],"wp:term":[{"taxonomy":"product_brand","embeddable":true,"href":"https:\/\/www.purejewels.com\/de\/wp-json\/wp\/v2\/product_brand?post=340787"},{"taxonomy":"product_cat","embeddable":true,"href":"https:\/\/www.purejewels.com\/de\/wp-json\/wp\/v2\/product_cat?post=340787"},{"taxonomy":"product_tag","embeddable":true,"href":"https:\/\/www.purejewels.com\/de\/wp-json\/wp\/v2\/product_tag?post=340787"}],"curies":[{"name":"wp","href":"https:\/\/api.w.org\/{rel}","templated":true}]}}