{"id":340839,"date":"2022-11-11T07:44:13","date_gmt":"2022-11-11T07:44:13","guid":{"rendered":"https:\/\/www.purejewels.com\/?post_type=product&#038;p=340839"},"modified":"2026-01-30T13:09:00","modified_gmt":"2026-01-30T13:09:00","slug":"gold-khanda-anhanger-26114","status":"publish","type":"product","link":"https:\/\/www.purejewels.com\/de\/product\/gold-khanda-pendant-26114\/","title":{"rendered":"Gold-Khanda-Anh\u00e4nger"},"content":{"rendered":"<h3 data-start=\"961\" data-end=\"985\"><strong data-start=\"965\" data-end=\"983\">Designkonzept<\/strong><\/h3>\n<p data-start=\"986\" data-end=\"1335\">Das Design ist in der spirituellen Symbolik verwurzelt und zeigt das ikonische Khanda: ein zweischneidiges Schwert, das von zwei Kirpans flankiert und von einem Chakkar (kreisf\u00f6rmiges Emblem) umgeben ist. Jedes Element steht f\u00fcr die ewigen Wahrheiten der Gerechtigkeit, der Einheit und der g\u00f6ttlichen Gegenwart. Dieser Anh\u00e4nger ist mehr als nur ein Schmuckst\u00fcck - er ist ein Statement des Glaubens, der Widerstandsf\u00e4higkeit und des kulturellen Stolzes.<\/p>\n<h3 data-start=\"1342\" data-end=\"1365\"><strong data-start=\"1346\" data-end=\"1363\">Handwerkliches K\u00f6nnen<\/strong><\/h3>\n<p data-start=\"1366\" data-end=\"1696\">Gegossen in hochreinem <a href=\"https:\/\/www.purejewels.com\/de\/product\/22ct-gold-jali-filigree-ring-jali-collection-31926\/\">22ct<\/a> Der Anh\u00e4nger wurde mit Sorgfalt und Ehrfurcht geformt und vom London Assay Office gestempelt. Die feinen Details zeugen von pr\u00e4ziser Goldschmiedekunst, die jede Kurve und Kante der Khanda mit Klarheit erfasst. Der Anh\u00e4nger ist so gestaltet, dass er \u00fcber Generationen hinweg sowohl \u00e4sthetischen als auch spirituellen Wert besitzt.<\/p>\n<h3 data-start=\"1703\" data-end=\"1726\"><strong data-start=\"1707\" data-end=\"1724\">Styling-Ideen<\/strong><\/h3>\n<ul>\n<li data-start=\"1729\" data-end=\"1789\">Tragen Sie es an einer goldenen Box-Kette f\u00fcr einen klaren, traditionellen Look<\/li>\n<li data-start=\"1792\" data-end=\"1851\">Passt wunderbar zu westlicher und ethnischer Kleidung<\/li>\n<li data-start=\"1854\" data-end=\"1942\">Ein ideales Geschenk f\u00fcr religi\u00f6se Meilensteine, feierliche Anl\u00e4sse oder die t\u00e4gliche Andacht<\/li>\n<li data-start=\"1945\" data-end=\"2001\">Sieht elegant aus, wenn man es in der N\u00e4he des Herzens tr\u00e4gt, im Lagenlook oder solo<\/li>\n<\/ul>","protected":false},"excerpt":{"rendered":"<div class=\"woocommerce-product-details__short-description\">\n<table class=\"sh_desc\">\n<tbody>\n<tr>\n<td>Typ des Anh\u00e4ngers<\/td>\n<td>Religi\u00f6ser Anh\u00e4nger<\/td>\n<\/tr>\n<tr>\n<td>SKU<\/td>\n<td>26114<\/td>\n<\/tr>\n<tr>\n<td>Gewicht<\/td>\n<td>6,5 Gramm<\/td>\n<\/tr>\n<tr>\n<td>Metall<\/td>\n<td>22ct Gold<\/td>\n<\/tr>\n<tr>\n<td>Entgelte<\/td>\n<td>Lieferung und Mehrwertsteuer inbegriffen<\/td>\n<\/tr>\n<tr>\n<td>Verpackung<\/td>\n<td>Mit Pr\u00e4sentationsbox<\/td>\n<\/tr>\n<tr>\n<td>Mehr Informationen<\/td>\n<td>\n<ul>\n<li>Kette ist nicht enthalten<\/li>\n<li>Die auf dem Bild gezeigte Kette ist eine <strong><a href=\"https:\/\/www.purejewels.com\/de\/produkt-kategorie\/22-karatige-goldkette\/kistenkette\/\">Box-Kette<\/a><\/strong><\/li>\n<li>Live-Chat mit uns f\u00fcr Verf\u00fcgbarkeit und mehr Bilder<\/li>\n<\/ul>\n<\/td>\n<\/tr>\n<\/tbody>\n<\/table>\n<\/div>\n<div class=\"btn-atc atc-slide\"><\/div>\n<div class=\"product_meta\"><\/div>","protected":false},"featured_media":340922,"comment_status":"closed","ping_status":"closed","template":"","meta":{"_eb_attr":"","_crsspst_to_jayantr4sg-hostcom":true},"product_brand":[],"product_cat":[1571,1229,1255,5604,1572,1701,1574],"product_tag":[],"class_list":{"0":"post-340839","1":"product","2":"type-product","3":"status-publish","4":"has-post-thumbnail","6":"product_cat-fathers-day-gifts","7":"product_cat-22ct-gold-jewellery","8":"product_cat-gold-pendants","9":"product_cat-khanda-pendants","10":"product_cat-mens-jewellery","11":"product_cat-religious-pendants","12":"product_cat-womens-jewellery","14":"first","15":"instock","16":"taxable","17":"shipping-taxable","18":"purchasable","19":"product-type-simple","20":"add-to-wishlist-before_image"},"yoast_head":"<!-- This site is optimized with the Yoast SEO plugin v27.5 - https:\/\/yoast.com\/product\/yoast-seo-wordpress\/ -->\n<title>22ct Gold Sikh Khanda Pendant | Gold Pendant UK<\/title>\n<meta name=\"description\" content=\"Looking for a Khanda Pendant made of solid gold? Check out our selection of beautiful 22ct Gold Khanda Pendants!\" \/>\n<meta name=\"robots\" content=\"index, follow, max-snippet:-1, max-image-preview:large, max-video-preview:-1\" \/>\n<link rel=\"canonical\" href=\"https:\/\/www.purejewels.com\/de\/produkt-2\/gold-khanda-anhanger-26114\/\" \/>\n<meta property=\"og:locale\" content=\"de_DE\" \/>\n<meta property=\"og:type\" content=\"article\" \/>\n<meta property=\"og:title\" content=\"22ct Gold Sikh Khanda Pendant | Gold Pendant UK\" \/>\n<meta property=\"og:description\" content=\"Looking for a Khanda Pendant made of solid gold? Check out our selection of beautiful 22ct Gold Khanda Pendants!\" \/>\n<meta property=\"og:url\" content=\"https:\/\/www.purejewels.com\/de\/produkt-2\/gold-khanda-anhanger-26114\/\" \/>\n<meta property=\"og:site_name\" content=\"PureJewels UK\" \/>\n<meta property=\"article:modified_time\" content=\"2026-01-30T13:09:00+00:00\" \/>\n<meta property=\"og:image\" content=\"https:\/\/static.purejewels.com\/wp-content\/uploads\/2022\/11\/26114-1.jpg\" \/>\n\t<meta property=\"og:image:width\" content=\"1000\" \/>\n\t<meta property=\"og:image:height\" content=\"1000\" \/>\n\t<meta property=\"og:image:type\" content=\"image\/jpeg\" \/>\n<meta name=\"twitter:card\" content=\"summary_large_image\" \/>\n<meta name=\"twitter:label1\" content=\"Gesch\u00e4tzte Lesezeit\" \/>\n\t<meta name=\"twitter:data1\" content=\"1\u00a0Minute\" \/>\n<script type=\"application\/ld+json\" class=\"yoast-schema-graph\">{\"@context\":\"https:\\\/\\\/schema.org\",\"@graph\":[{\"@type\":[\"WebPage\",\"ItemPage\"],\"@id\":\"https:\\\/\\\/www.purejewels.com\\\/product\\\/gold-khanda-pendant-26114\\\/\",\"url\":\"https:\\\/\\\/www.purejewels.com\\\/product\\\/gold-khanda-pendant-26114\\\/\",\"name\":\"22ct Gold Sikh Khanda Pendant | Gold Pendant UK\",\"isPartOf\":{\"@id\":\"https:\\\/\\\/www.purejewels.com\\\/#website\"},\"primaryImageOfPage\":{\"@id\":\"https:\\\/\\\/www.purejewels.com\\\/product\\\/gold-khanda-pendant-26114\\\/#primaryimage\"},\"image\":{\"@id\":\"https:\\\/\\\/www.purejewels.com\\\/product\\\/gold-khanda-pendant-26114\\\/#primaryimage\"},\"thumbnailUrl\":\"https:\\\/\\\/static.purejewels.com\\\/wp-content\\\/uploads\\\/2022\\\/11\\\/26114-1.jpg\",\"datePublished\":\"2022-11-11T07:44:13+00:00\",\"dateModified\":\"2026-01-30T13:09:00+00:00\",\"description\":\"Looking for a Khanda Pendant made of solid gold? Check out our selection of beautiful 22ct Gold Khanda Pendants!\",\"breadcrumb\":{\"@id\":\"https:\\\/\\\/www.purejewels.com\\\/product\\\/gold-khanda-pendant-26114\\\/#breadcrumb\"},\"inLanguage\":\"de\",\"potentialAction\":[{\"@type\":\"ReadAction\",\"target\":[\"https:\\\/\\\/www.purejewels.com\\\/product\\\/gold-khanda-pendant-26114\\\/\"]}]},{\"@type\":\"ImageObject\",\"inLanguage\":\"de\",\"@id\":\"https:\\\/\\\/www.purejewels.com\\\/product\\\/gold-khanda-pendant-26114\\\/#primaryimage\",\"url\":\"https:\\\/\\\/static.purejewels.com\\\/wp-content\\\/uploads\\\/2022\\\/11\\\/26114-1.jpg\",\"contentUrl\":\"https:\\\/\\\/static.purejewels.com\\\/wp-content\\\/uploads\\\/2022\\\/11\\\/26114-1.jpg\",\"width\":1000,\"height\":1000,\"caption\":\"Gold Khanda Pendant\"},{\"@type\":\"BreadcrumbList\",\"@id\":\"https:\\\/\\\/www.purejewels.com\\\/product\\\/gold-khanda-pendant-26114\\\/#breadcrumb\",\"itemListElement\":[{\"@type\":\"ListItem\",\"position\":1,\"name\":\"Home\",\"item\":\"https:\\\/\\\/www.purejewels.com\\\/\"},{\"@type\":\"ListItem\",\"position\":2,\"name\":\"Shop\",\"item\":\"https:\\\/\\\/www.purejewels.com\\\/shop\\\/\"},{\"@type\":\"ListItem\",\"position\":3,\"name\":\"Gold Khanda Pendant\"}]},{\"@type\":\"WebSite\",\"@id\":\"https:\\\/\\\/www.purejewels.com\\\/#website\",\"url\":\"https:\\\/\\\/www.purejewels.com\\\/\",\"name\":\"PureJewels UK\",\"description\":\"Share the Love\",\"publisher\":{\"@id\":\"https:\\\/\\\/www.purejewels.com\\\/#organization\"},\"potentialAction\":[{\"@type\":\"SearchAction\",\"target\":{\"@type\":\"EntryPoint\",\"urlTemplate\":\"https:\\\/\\\/www.purejewels.com\\\/?s={search_term_string}\"},\"query-input\":{\"@type\":\"PropertyValueSpecification\",\"valueRequired\":true,\"valueName\":\"search_term_string\"}}],\"inLanguage\":\"de\"},{\"@type\":\"Organization\",\"@id\":\"https:\\\/\\\/www.purejewels.com\\\/#organization\",\"name\":\"PureJewels UK\",\"url\":\"https:\\\/\\\/www.purejewels.com\\\/\",\"logo\":{\"@type\":\"ImageObject\",\"inLanguage\":\"de\",\"@id\":\"https:\\\/\\\/www.purejewels.com\\\/#\\\/schema\\\/logo\\\/image\\\/\",\"url\":\"https:\\\/\\\/static.purejewels.com\\\/wp-content\\\/uploads\\\/2020\\\/11\\\/Logo-PJ-New-1.png\",\"contentUrl\":\"https:\\\/\\\/static.purejewels.com\\\/wp-content\\\/uploads\\\/2020\\\/11\\\/Logo-PJ-New-1.png\",\"width\":150,\"height\":80,\"caption\":\"PureJewels UK\"},\"image\":{\"@id\":\"https:\\\/\\\/www.purejewels.com\\\/#\\\/schema\\\/logo\\\/image\\\/\"}}]}<\/script>\n<!-- \/ Yoast SEO plugin. -->","yoast_head_json":{"title":"22ct Gold Sikh Khanda Anh\u00e4nger | Gold-Anh\u00e4nger UK","description":"Suchen Sie einen Khanda-Anh\u00e4nger aus massivem Gold? Schauen Sie sich unsere Auswahl an sch\u00f6nen 22ct Gold Khanda Anh\u00e4ngern an!","robots":{"index":"index","follow":"follow","max-snippet":"max-snippet:-1","max-image-preview":"max-image-preview:large","max-video-preview":"max-video-preview:-1"},"canonical":"https:\/\/www.purejewels.com\/de\/produkt-2\/gold-khanda-anhanger-26114\/","og_locale":"de_DE","og_type":"article","og_title":"22ct Gold Sikh Khanda Pendant | Gold Pendant UK","og_description":"Looking for a Khanda Pendant made of solid gold? Check out our selection of beautiful 22ct Gold Khanda Pendants!","og_url":"https:\/\/www.purejewels.com\/de\/produkt-2\/gold-khanda-anhanger-26114\/","og_site_name":"PureJewels UK","article_modified_time":"2026-01-30T13:09:00+00:00","og_image":[{"width":1000,"height":1000,"url":"https:\/\/static.purejewels.com\/wp-content\/uploads\/2022\/11\/26114-1.jpg","type":"image\/jpeg"}],"twitter_card":"summary_large_image","twitter_misc":{"Gesch\u00e4tzte Lesezeit":"1\u00a0Minute"},"schema":{"@context":"https:\/\/schema.org","@graph":[{"@type":["WebPage","ItemPage"],"@id":"https:\/\/www.purejewels.com\/product\/gold-khanda-pendant-26114\/","url":"https:\/\/www.purejewels.com\/product\/gold-khanda-pendant-26114\/","name":"22ct Gold Sikh Khanda Anh\u00e4nger | Gold-Anh\u00e4nger UK","isPartOf":{"@id":"https:\/\/www.purejewels.com\/#website"},"primaryImageOfPage":{"@id":"https:\/\/www.purejewels.com\/product\/gold-khanda-pendant-26114\/#primaryimage"},"image":{"@id":"https:\/\/www.purejewels.com\/product\/gold-khanda-pendant-26114\/#primaryimage"},"thumbnailUrl":"https:\/\/static.purejewels.com\/wp-content\/uploads\/2022\/11\/26114-1.jpg","datePublished":"2022-11-11T07:44:13+00:00","dateModified":"2026-01-30T13:09:00+00:00","description":"Suchen Sie einen Khanda-Anh\u00e4nger aus massivem Gold? Schauen Sie sich unsere Auswahl an sch\u00f6nen 22ct Gold Khanda Anh\u00e4ngern an!","breadcrumb":{"@id":"https:\/\/www.purejewels.com\/product\/gold-khanda-pendant-26114\/#breadcrumb"},"inLanguage":"de","potentialAction":[{"@type":"ReadAction","target":["https:\/\/www.purejewels.com\/product\/gold-khanda-pendant-26114\/"]}]},{"@type":"ImageObject","inLanguage":"de","@id":"https:\/\/www.purejewels.com\/product\/gold-khanda-pendant-26114\/#primaryimage","url":"https:\/\/static.purejewels.com\/wp-content\/uploads\/2022\/11\/26114-1.jpg","contentUrl":"https:\/\/static.purejewels.com\/wp-content\/uploads\/2022\/11\/26114-1.jpg","width":1000,"height":1000,"caption":"Gold Khanda Pendant"},{"@type":"BreadcrumbList","@id":"https:\/\/www.purejewels.com\/product\/gold-khanda-pendant-26114\/#breadcrumb","itemListElement":[{"@type":"ListItem","position":1,"name":"Home","item":"https:\/\/www.purejewels.com\/"},{"@type":"ListItem","position":2,"name":"Shop","item":"https:\/\/www.purejewels.com\/shop\/"},{"@type":"ListItem","position":3,"name":"Gold Khanda Pendant"}]},{"@type":"WebSite","@id":"https:\/\/www.purejewels.com\/#website","url":"https:\/\/www.purejewels.com\/","name":"PureJewels UK","description":"Teile die Liebe","publisher":{"@id":"https:\/\/www.purejewels.com\/#organization"},"potentialAction":[{"@type":"SearchAction","target":{"@type":"EntryPoint","urlTemplate":"https:\/\/www.purejewels.com\/?s={search_term_string}"},"query-input":{"@type":"PropertyValueSpecification","valueRequired":true,"valueName":"search_term_string"}}],"inLanguage":"de"},{"@type":"Organization","@id":"https:\/\/www.purejewels.com\/#organization","name":"PureJewels UK","url":"https:\/\/www.purejewels.com\/","logo":{"@type":"ImageObject","inLanguage":"de","@id":"https:\/\/www.purejewels.com\/#\/schema\/logo\/image\/","url":"https:\/\/static.purejewels.com\/wp-content\/uploads\/2020\/11\/Logo-PJ-New-1.png","contentUrl":"https:\/\/static.purejewels.com\/wp-content\/uploads\/2020\/11\/Logo-PJ-New-1.png","width":150,"height":80,"caption":"PureJewels UK"},"image":{"@id":"https:\/\/www.purejewels.com\/#\/schema\/logo\/image\/"}}]}},"_links":{"self":[{"href":"https:\/\/www.purejewels.com\/de\/wp-json\/wp\/v2\/product\/340839","targetHints":{"allow":["GET"]}}],"collection":[{"href":"https:\/\/www.purejewels.com\/de\/wp-json\/wp\/v2\/product"}],"about":[{"href":"https:\/\/www.purejewels.com\/de\/wp-json\/wp\/v2\/types\/product"}],"replies":[{"embeddable":true,"href":"https:\/\/www.purejewels.com\/de\/wp-json\/wp\/v2\/comments?post=340839"}],"version-history":[{"count":3,"href":"https:\/\/www.purejewels.com\/de\/wp-json\/wp\/v2\/product\/340839\/revisions"}],"predecessor-version":[{"id":420493,"href":"https:\/\/www.purejewels.com\/de\/wp-json\/wp\/v2\/product\/340839\/revisions\/420493"}],"wp:featuredmedia":[{"embeddable":true,"href":"https:\/\/www.purejewels.com\/de\/wp-json\/wp\/v2\/media\/340922"}],"wp:attachment":[{"href":"https:\/\/www.purejewels.com\/de\/wp-json\/wp\/v2\/media?parent=340839"}],"wp:term":[{"taxonomy":"product_brand","embeddable":true,"href":"https:\/\/www.purejewels.com\/de\/wp-json\/wp\/v2\/product_brand?post=340839"},{"taxonomy":"product_cat","embeddable":true,"href":"https:\/\/www.purejewels.com\/de\/wp-json\/wp\/v2\/product_cat?post=340839"},{"taxonomy":"product_tag","embeddable":true,"href":"https:\/\/www.purejewels.com\/de\/wp-json\/wp\/v2\/product_tag?post=340839"}],"curies":[{"name":"wp","href":"https:\/\/api.w.org\/{rel}","templated":true}]}}