{"id":340956,"date":"2025-01-02T08:33:58","date_gmt":"2025-01-02T08:33:58","guid":{"rendered":"https:\/\/www.purejewels.com\/?post_type=product&#038;p=340956"},"modified":"2026-03-19T07:01:43","modified_gmt":"2026-03-19T07:01:43","slug":"22ct-gold-jali-herzform-fancy-anhanger-46954","status":"publish","type":"product","link":"https:\/\/www.purejewels.com\/de\/product\/22ct-gold-jali-heart-shape-fancy-pendant-46954\/","title":{"rendered":"22ct Gold Jali Herzform Anh\u00e4nger"},"content":{"rendered":"<p data-start=\"0\" data-end=\"525\"><strong data-start=\"0\" data-end=\"18\">Designkonzept<\/strong><br data-start=\"18\" data-end=\"21\" \/>Dieser herzf\u00f6rmige Anh\u00e4nger geht auf die traditionelle indische Jali-Arbeit zur\u00fcck, die durch eine moderne Linse neu interpretiert wurde. Die offene Gitterform symbolisiert Offenheit, Verbundenheit und dauerhafte Zuneigung. Sie l\u00e4sst das Licht durch das Gold dringen und erzeugt ein weiches Spiel aus Tiefe und Schatten. Zarte florale Akzente innerhalb des Herzens f\u00fcgen ein ruhiges, romantisches Detail hinzu und verleihen dem St\u00fcck W\u00e4rme ohne \u00dcberma\u00df. Es ist so gestaltet, dass es sich ausdrucksstark und doch zur\u00fcckhaltend anf\u00fchlt und von gelebter und vielschichtiger Liebe spricht, anstatt sie offen zu zeigen.<\/p>\n<p data-start=\"527\" data-end=\"1067\"><strong data-start=\"527\" data-end=\"544\">Handwerkliches K\u00f6nnen<\/strong><br data-start=\"544\" data-end=\"547\" \/>Handgefertigt in <a href=\"https:\/\/www.purejewels.com\/de\/product\/22ct-gold-jali-filigree-ring-jali-collection-31926\/\">22ct<\/a> Der Anh\u00e4nger wird mit Pr\u00e4zisionsschliff und feiner Textur geformt, um seine luftige Jali-Struktur zu erreichen und gleichzeitig St\u00e4rke und Balance zu bewahren. Die Oberfl\u00e4chendetails verst\u00e4rken den nat\u00fcrlichen Glanz des hochreinen Goldes und bieten Reichtum ohne Gewicht. Jedes St\u00fcck wird sorgf\u00e4ltig bearbeitet, um glatte Kanten und ein angenehmes Tragegef\u00fchl zu gew\u00e4hrleisten, und anschlie\u00dfend in Gro\u00dfbritannien mit dem Feingehaltsstempel versehen. Das Ergebnis ist ein Anh\u00e4nger, der handwerkliches K\u00f6nnen und Respekt f\u00fcr traditionelle Techniken widerspiegelt, die f\u00fcr das moderne Tragen verfeinert wurden.<\/p>\n<p data-start=\"1069\" data-end=\"1563\" data-is-last-node=\"\" data-is-only-node=\"\"><strong data-start=\"1069\" data-end=\"1086\">Styling-Ideen<\/strong><br data-start=\"1086\" data-end=\"1089\" \/>Stylen Sie diesen Anh\u00e4nger an einem feinen <a href=\"https:\/\/www.purejewels.com\/de\/product\/22ct-gold-foxtail-chain-43297\/\">Goldkette<\/a> f\u00fcr allt\u00e4gliche Eleganz, so dass sie nahe am Schl\u00fcsselbein sitzt und ein subtiles Statement ist. Er l\u00e4sst sich wunderbar mit l\u00e4ngeren Ketten kombinieren, um einen ausdrucksstarken Look zu erzielen, oder er steht allein als bedeutungsvolles Geschenk, das Liebe, Meilensteine oder pers\u00f6nliche Momente markiert. Dieser Herzanh\u00e4nger ist ideal f\u00fcr Geburtstage, Jahrestage oder herzliche Geschenke. Er l\u00e4sst sich m\u00fchelos im Alltag und zu besonderen Anl\u00e4ssen tragen und wird zu einem Schmuckst\u00fcck, zu dem die Tr\u00e4gerin immer wieder zur\u00fcckkehrt.<\/p>","protected":false},"excerpt":{"rendered":"<p>Zelebrieren Sie Eleganz mit diesem Jali-Anh\u00e4nger in Herzform aus 22 Karat Gold. Dieses in aufw\u00e4ndiger Handarbeit gefertigte, zarte Gitterdesign (Jali) ist ein leichtes St\u00fcck, das sowohl Tradition als auch modernen Charme verspr\u00fcht - perfekt zum Verschenken oder f\u00fcr den Alltag.<\/p>\n<p><strong>Typ des Anh\u00e4ngers:<\/strong> Fancy Anh\u00e4nger<br \/>\n<strong>SKU:<\/strong> 46954<br \/>\n<strong>Gewicht:<\/strong> 2 Gramm<br \/>\n<strong>Metall:<\/strong> 22ct Gold (91,6% reines Gold)<br \/>\n<strong>Anklagen:<\/strong> Lieferung und Mehrwertsteuer inbegriffen<\/p>\n<p>Die auf dem Bild gezeigte Kette ist eine <strong>spiga Kette<\/strong><br \/>\nDer angegebene Preis gilt nur f\u00fcr den Anh\u00e4nger; die Kette ist nicht enthalten<br \/>\nLive-Chat mit uns f\u00fcr Verf\u00fcgbarkeit und mehr Bilder<\/p>","protected":false},"featured_media":355115,"comment_status":"closed","ping_status":"closed","template":"","meta":{"_eb_attr":"","_crsspst_to_jayantr4sg-hostcom":true},"product_brand":[],"product_cat":[1794,1793,1770,1792,1790,1255,5683,1569,1574],"product_tag":[],"class_list":{"0":"post-340956","1":"product","2":"type-product","3":"status-publish","4":"has-post-thumbnail","6":"product_cat-christmas-gifts","7":"product_cat-diwali-gifts","8":"product_cat-fancy-pendants","9":"product_cat-festival-gifts","10":"product_cat-for-whom-when","11":"product_cat-gold-pendants","12":"product_cat-heart-pendant","13":"product_cat-valentine-day-gifts","14":"product_cat-womens-jewellery","16":"first","17":"outofstock","18":"taxable","19":"shipping-taxable","20":"product-type-simple","21":"add-to-wishlist-before_image"},"yoast_head":"<!-- This site is optimized with the Yoast SEO plugin v27.3 - https:\/\/yoast.com\/product\/yoast-seo-wordpress\/ -->\n<title>Valentine\u2019s Day Jewellery Gift in Gold | Heart Pendant Necklace<\/title>\n<meta name=\"description\" content=\"A romantic Valentine\u2019s Day jewellery gift crafted in radiant gold, featuring a heart-shaped pendant with delicate detailing. Perfect for expressing love with elegance and meaning.\" \/>\n<meta name=\"robots\" content=\"index, follow, max-snippet:-1, max-image-preview:large, max-video-preview:-1\" \/>\n<link rel=\"canonical\" href=\"https:\/\/www.purejewels.com\/de\/produkt-2\/22ct-gold-jali-herzform-fancy-anhanger-46954\/\" \/>\n<meta property=\"og:locale\" content=\"de_DE\" \/>\n<meta property=\"og:type\" content=\"article\" \/>\n<meta property=\"og:title\" content=\"Valentine\u2019s Day Jewellery Gift in Gold | Heart Pendant Necklace\" \/>\n<meta property=\"og:description\" content=\"A romantic Valentine\u2019s Day jewellery gift crafted in radiant gold, featuring a heart-shaped pendant with delicate detailing. Perfect for expressing love with elegance and meaning.\" \/>\n<meta property=\"og:url\" content=\"https:\/\/www.purejewels.com\/de\/produkt-2\/22ct-gold-jali-herzform-fancy-anhanger-46954\/\" \/>\n<meta property=\"og:site_name\" content=\"PureJewels UK\" \/>\n<meta property=\"article:modified_time\" content=\"2026-03-19T07:01:43+00:00\" \/>\n<meta property=\"og:image\" content=\"https:\/\/static.purejewels.com\/wp-content\/uploads\/2022\/11\/46954.jpg\" \/>\n\t<meta property=\"og:image:width\" content=\"1000\" \/>\n\t<meta property=\"og:image:height\" content=\"1000\" \/>\n\t<meta property=\"og:image:type\" content=\"image\/jpeg\" \/>\n<meta name=\"twitter:card\" content=\"summary_large_image\" \/>\n<meta name=\"twitter:label1\" content=\"Gesch\u00e4tzte Lesezeit\" \/>\n\t<meta name=\"twitter:data1\" content=\"2\u00a0Minuten\" \/>\n<script type=\"application\/ld+json\" class=\"yoast-schema-graph\">{\"@context\":\"https:\\\/\\\/schema.org\",\"@graph\":[{\"@type\":[\"WebPage\",\"ItemPage\"],\"@id\":\"https:\\\/\\\/www.purejewels.com\\\/product\\\/22ct-gold-jali-heart-shape-fancy-pendant-46954\\\/\",\"url\":\"https:\\\/\\\/www.purejewels.com\\\/product\\\/22ct-gold-jali-heart-shape-fancy-pendant-46954\\\/\",\"name\":\"Valentine\u2019s Day Jewellery Gift in Gold | Heart Pendant Necklace\",\"isPartOf\":{\"@id\":\"https:\\\/\\\/www.purejewels.com\\\/#website\"},\"primaryImageOfPage\":{\"@id\":\"https:\\\/\\\/www.purejewels.com\\\/product\\\/22ct-gold-jali-heart-shape-fancy-pendant-46954\\\/#primaryimage\"},\"image\":{\"@id\":\"https:\\\/\\\/www.purejewels.com\\\/product\\\/22ct-gold-jali-heart-shape-fancy-pendant-46954\\\/#primaryimage\"},\"thumbnailUrl\":\"https:\\\/\\\/static.purejewels.com\\\/wp-content\\\/uploads\\\/2022\\\/11\\\/46954.jpg\",\"datePublished\":\"2025-01-02T08:33:58+00:00\",\"dateModified\":\"2026-03-19T07:01:43+00:00\",\"description\":\"A romantic Valentine\u2019s Day jewellery gift crafted in radiant gold, featuring a heart-shaped pendant with delicate detailing. Perfect for expressing love with elegance and meaning.\",\"breadcrumb\":{\"@id\":\"https:\\\/\\\/www.purejewels.com\\\/product\\\/22ct-gold-jali-heart-shape-fancy-pendant-46954\\\/#breadcrumb\"},\"inLanguage\":\"de\",\"potentialAction\":[{\"@type\":\"ReadAction\",\"target\":[\"https:\\\/\\\/www.purejewels.com\\\/product\\\/22ct-gold-jali-heart-shape-fancy-pendant-46954\\\/\"]}]},{\"@type\":\"ImageObject\",\"inLanguage\":\"de\",\"@id\":\"https:\\\/\\\/www.purejewels.com\\\/product\\\/22ct-gold-jali-heart-shape-fancy-pendant-46954\\\/#primaryimage\",\"url\":\"https:\\\/\\\/static.purejewels.com\\\/wp-content\\\/uploads\\\/2022\\\/11\\\/46954.jpg\",\"contentUrl\":\"https:\\\/\\\/static.purejewels.com\\\/wp-content\\\/uploads\\\/2022\\\/11\\\/46954.jpg\",\"width\":1000,\"height\":1000,\"caption\":\"22ct Gold Pendant\"},{\"@type\":\"BreadcrumbList\",\"@id\":\"https:\\\/\\\/www.purejewels.com\\\/product\\\/22ct-gold-jali-heart-shape-fancy-pendant-46954\\\/#breadcrumb\",\"itemListElement\":[{\"@type\":\"ListItem\",\"position\":1,\"name\":\"Home\",\"item\":\"https:\\\/\\\/www.purejewels.com\\\/\"},{\"@type\":\"ListItem\",\"position\":2,\"name\":\"Shop\",\"item\":\"https:\\\/\\\/www.purejewels.com\\\/shop\\\/\"},{\"@type\":\"ListItem\",\"position\":3,\"name\":\"22ct Gold Jali Heart Shape Pendant\"}]},{\"@type\":\"WebSite\",\"@id\":\"https:\\\/\\\/www.purejewels.com\\\/#website\",\"url\":\"https:\\\/\\\/www.purejewels.com\\\/\",\"name\":\"PureJewels UK\",\"description\":\"Share the Love\",\"publisher\":{\"@id\":\"https:\\\/\\\/www.purejewels.com\\\/#organization\"},\"potentialAction\":[{\"@type\":\"SearchAction\",\"target\":{\"@type\":\"EntryPoint\",\"urlTemplate\":\"https:\\\/\\\/www.purejewels.com\\\/?s={search_term_string}\"},\"query-input\":{\"@type\":\"PropertyValueSpecification\",\"valueRequired\":true,\"valueName\":\"search_term_string\"}}],\"inLanguage\":\"de\"},{\"@type\":\"Organization\",\"@id\":\"https:\\\/\\\/www.purejewels.com\\\/#organization\",\"name\":\"PureJewels UK\",\"url\":\"https:\\\/\\\/www.purejewels.com\\\/\",\"logo\":{\"@type\":\"ImageObject\",\"inLanguage\":\"de\",\"@id\":\"https:\\\/\\\/www.purejewels.com\\\/#\\\/schema\\\/logo\\\/image\\\/\",\"url\":\"https:\\\/\\\/static.purejewels.com\\\/wp-content\\\/uploads\\\/2020\\\/11\\\/Logo-PJ-New-1.png\",\"contentUrl\":\"https:\\\/\\\/static.purejewels.com\\\/wp-content\\\/uploads\\\/2020\\\/11\\\/Logo-PJ-New-1.png\",\"width\":150,\"height\":80,\"caption\":\"PureJewels UK\"},\"image\":{\"@id\":\"https:\\\/\\\/www.purejewels.com\\\/#\\\/schema\\\/logo\\\/image\\\/\"}}]}<\/script>\n<!-- \/ Yoast SEO plugin. -->","yoast_head_json":{"title":"Valentinstag Schmuck Geschenk in Gold | Herz-Anh\u00e4nger Halskette","description":"Ein romantisches Schmuckgeschenk zum Valentinstag aus strahlendem Gold mit einem herzf\u00f6rmigen Anh\u00e4nger mit zarten Details. Perfekt, um der Liebe mit Eleganz und Bedeutung Ausdruck zu verleihen.","robots":{"index":"index","follow":"follow","max-snippet":"max-snippet:-1","max-image-preview":"max-image-preview:large","max-video-preview":"max-video-preview:-1"},"canonical":"https:\/\/www.purejewels.com\/de\/produkt-2\/22ct-gold-jali-herzform-fancy-anhanger-46954\/","og_locale":"de_DE","og_type":"article","og_title":"Valentine\u2019s Day Jewellery Gift in Gold | Heart Pendant Necklace","og_description":"A romantic Valentine\u2019s Day jewellery gift crafted in radiant gold, featuring a heart-shaped pendant with delicate detailing. Perfect for expressing love with elegance and meaning.","og_url":"https:\/\/www.purejewels.com\/de\/produkt-2\/22ct-gold-jali-herzform-fancy-anhanger-46954\/","og_site_name":"PureJewels UK","article_modified_time":"2026-03-19T07:01:43+00:00","og_image":[{"width":1000,"height":1000,"url":"https:\/\/static.purejewels.com\/wp-content\/uploads\/2022\/11\/46954.jpg","type":"image\/jpeg"}],"twitter_card":"summary_large_image","twitter_misc":{"Gesch\u00e4tzte Lesezeit":"2\u00a0Minuten"},"schema":{"@context":"https:\/\/schema.org","@graph":[{"@type":["WebPage","ItemPage"],"@id":"https:\/\/www.purejewels.com\/product\/22ct-gold-jali-heart-shape-fancy-pendant-46954\/","url":"https:\/\/www.purejewels.com\/product\/22ct-gold-jali-heart-shape-fancy-pendant-46954\/","name":"Valentinstag Schmuck Geschenk in Gold | Herz-Anh\u00e4nger Halskette","isPartOf":{"@id":"https:\/\/www.purejewels.com\/#website"},"primaryImageOfPage":{"@id":"https:\/\/www.purejewels.com\/product\/22ct-gold-jali-heart-shape-fancy-pendant-46954\/#primaryimage"},"image":{"@id":"https:\/\/www.purejewels.com\/product\/22ct-gold-jali-heart-shape-fancy-pendant-46954\/#primaryimage"},"thumbnailUrl":"https:\/\/static.purejewels.com\/wp-content\/uploads\/2022\/11\/46954.jpg","datePublished":"2025-01-02T08:33:58+00:00","dateModified":"2026-03-19T07:01:43+00:00","description":"Ein romantisches Schmuckgeschenk zum Valentinstag aus strahlendem Gold mit einem herzf\u00f6rmigen Anh\u00e4nger mit zarten Details. Perfekt, um der Liebe mit Eleganz und Bedeutung Ausdruck zu verleihen.","breadcrumb":{"@id":"https:\/\/www.purejewels.com\/product\/22ct-gold-jali-heart-shape-fancy-pendant-46954\/#breadcrumb"},"inLanguage":"de","potentialAction":[{"@type":"ReadAction","target":["https:\/\/www.purejewels.com\/product\/22ct-gold-jali-heart-shape-fancy-pendant-46954\/"]}]},{"@type":"ImageObject","inLanguage":"de","@id":"https:\/\/www.purejewels.com\/product\/22ct-gold-jali-heart-shape-fancy-pendant-46954\/#primaryimage","url":"https:\/\/static.purejewels.com\/wp-content\/uploads\/2022\/11\/46954.jpg","contentUrl":"https:\/\/static.purejewels.com\/wp-content\/uploads\/2022\/11\/46954.jpg","width":1000,"height":1000,"caption":"22ct Gold Pendant"},{"@type":"BreadcrumbList","@id":"https:\/\/www.purejewels.com\/product\/22ct-gold-jali-heart-shape-fancy-pendant-46954\/#breadcrumb","itemListElement":[{"@type":"ListItem","position":1,"name":"Home","item":"https:\/\/www.purejewels.com\/"},{"@type":"ListItem","position":2,"name":"Shop","item":"https:\/\/www.purejewels.com\/shop\/"},{"@type":"ListItem","position":3,"name":"22ct Gold Jali Heart Shape Pendant"}]},{"@type":"WebSite","@id":"https:\/\/www.purejewels.com\/#website","url":"https:\/\/www.purejewels.com\/","name":"PureJewels UK","description":"Teile die Liebe","publisher":{"@id":"https:\/\/www.purejewels.com\/#organization"},"potentialAction":[{"@type":"SearchAction","target":{"@type":"EntryPoint","urlTemplate":"https:\/\/www.purejewels.com\/?s={search_term_string}"},"query-input":{"@type":"PropertyValueSpecification","valueRequired":true,"valueName":"search_term_string"}}],"inLanguage":"de"},{"@type":"Organization","@id":"https:\/\/www.purejewels.com\/#organization","name":"PureJewels UK","url":"https:\/\/www.purejewels.com\/","logo":{"@type":"ImageObject","inLanguage":"de","@id":"https:\/\/www.purejewels.com\/#\/schema\/logo\/image\/","url":"https:\/\/static.purejewels.com\/wp-content\/uploads\/2020\/11\/Logo-PJ-New-1.png","contentUrl":"https:\/\/static.purejewels.com\/wp-content\/uploads\/2020\/11\/Logo-PJ-New-1.png","width":150,"height":80,"caption":"PureJewels UK"},"image":{"@id":"https:\/\/www.purejewels.com\/#\/schema\/logo\/image\/"}}]}},"_links":{"self":[{"href":"https:\/\/www.purejewels.com\/de\/wp-json\/wp\/v2\/product\/340956","targetHints":{"allow":["GET"]}}],"collection":[{"href":"https:\/\/www.purejewels.com\/de\/wp-json\/wp\/v2\/product"}],"about":[{"href":"https:\/\/www.purejewels.com\/de\/wp-json\/wp\/v2\/types\/product"}],"replies":[{"embeddable":true,"href":"https:\/\/www.purejewels.com\/de\/wp-json\/wp\/v2\/comments?post=340956"}],"version-history":[{"count":5,"href":"https:\/\/www.purejewels.com\/de\/wp-json\/wp\/v2\/product\/340956\/revisions"}],"predecessor-version":[{"id":424390,"href":"https:\/\/www.purejewels.com\/de\/wp-json\/wp\/v2\/product\/340956\/revisions\/424390"}],"wp:featuredmedia":[{"embeddable":true,"href":"https:\/\/www.purejewels.com\/de\/wp-json\/wp\/v2\/media\/355115"}],"wp:attachment":[{"href":"https:\/\/www.purejewels.com\/de\/wp-json\/wp\/v2\/media?parent=340956"}],"wp:term":[{"taxonomy":"product_brand","embeddable":true,"href":"https:\/\/www.purejewels.com\/de\/wp-json\/wp\/v2\/product_brand?post=340956"},{"taxonomy":"product_cat","embeddable":true,"href":"https:\/\/www.purejewels.com\/de\/wp-json\/wp\/v2\/product_cat?post=340956"},{"taxonomy":"product_tag","embeddable":true,"href":"https:\/\/www.purejewels.com\/de\/wp-json\/wp\/v2\/product_tag?post=340956"}],"curies":[{"name":"wp","href":"https:\/\/api.w.org\/{rel}","templated":true}]}}