{"id":340972,"date":"2022-12-06T05:23:16","date_gmt":"2022-12-06T05:23:16","guid":{"rendered":"https:\/\/www.purejewels.com\/?post_type=product&#038;p=340972"},"modified":"2025-12-08T10:28:35","modified_gmt":"2025-12-08T10:28:35","slug":"gelbgold-ohrring-mit-diamantschliff-43937","status":"publish","type":"product","link":"https:\/\/www.purejewels.com\/de\/product\/yellow-gold-diamond-cut-hoop-earring-43937\/","title":{"rendered":"Gelbgold Diamantschliff-Ohrring"},"content":{"rendered":"<p><strong>Gestaltung<\/strong><\/p>\n<p>Diese klassischen Creolen sind aus strahlendem 22-kar\u00e4tigem Gelbgold gefertigt und mit feinen Diamantschliffdetails verziert, die das Licht wundersch\u00f6n einfangen. Die kreisf\u00f6rmige Silhouette ist schlicht und dennoch ausdrucksstark und sorgt mit ihrem dezenten Schimmer f\u00fcr einen edlen Akzent im Alltagslook. Die Creolen sind zeitlos gestaltet und bieten die perfekte Balance zwischen Eleganz und L\u00e4ssigkeit.<\/p>\n<p><strong>Handwerkliches K\u00f6nnen<\/strong><\/p>\n<p>Jeder Reif wird von erfahrenen Handwerkern von Hand gefertigt und verf\u00fcgt \u00fcber pr\u00e4zise diamantgeschliffene Strukturen, die der Goldoberfl\u00e4che Tiefe und Brillanz verleihen. Der sichere Drahtverschluss sorgt f\u00fcr einen angenehmen Tragekomfort im Alltag. Die Ohrringe sind in Gro\u00dfbritannien punziert, was ihre zertifizierte Reinheit garantiert und das Bekenntnis von PureJewels zu feiner Handwerkskunst widerspiegelt.<\/p>\n<p><strong>Styling &amp; Geschenkartikel<\/strong><\/p>\n<p>Vielseitig und m\u00fchelos lassen sich diese Creolen sowohl mit minimalistischem als auch mit auff\u00e4lligem Schmuck kombinieren. Ideal f\u00fcr die Arbeit, Wochenendoutfits oder festliche Anl\u00e4sse, verleihen sie jedem Look einen raffinierten Glanz. Ein durchdachtes Geschenk zum Geburtstag, Jubil\u00e4um oder als zeitlose Erg\u00e4nzung Ihrer pers\u00f6nlichen Schmuckkollektion.<\/p>","protected":false},"excerpt":{"rendered":"<p>Leichte Ohrringe aus 22 Karat Gelbgold mit Diamantschliff-Details f\u00fcr zus\u00e4tzlichen Glanz. Mit britischer Punzierung.<\/p>\n<div class=\"woocommerce-product-details__short-description\">\n<table class=\"sh_desc\">\n<tbody>\n<tr>\n<td>Art des Ohrrings<\/td>\n<td>Reif-Ohrring<\/td>\n<\/tr>\n<tr>\n<td>SKU<\/td>\n<td>47511<\/td>\n<\/tr>\n<tr>\n<td>Gewicht<\/td>\n<td>0,6 Gramm<\/td>\n<\/tr>\n<tr>\n<td>Breite<\/td>\n<td>1,2 mm<\/td>\n<\/tr>\n<tr>\n<td>Innendurchmesser<\/td>\n<td>12,7 mm<\/td>\n<\/tr>\n<tr>\n<td>Metall<\/td>\n<td>22ct Gold<\/td>\n<\/tr>\n<tr>\n<td>Entgelte<\/td>\n<td>Lieferung und Mehrwertsteuer inbegriffen<\/td>\n<\/tr>\n<tr>\n<td>Verpackung<\/td>\n<td>Mit Pr\u00e4sentationsbox<\/td>\n<\/tr>\n<tr>\n<td>Mehr Informationen<\/td>\n<td>\n<ul>\n<li>Live-Chat mit uns f\u00fcr Verf\u00fcgbarkeit und mehr Bilder<\/li>\n<li>Entdecken Sie unsere Sammlung von\u00a0<strong>Baby-Ohrring<\/strong><\/li>\n<\/ul>\n<\/td>\n<\/tr>\n<\/tbody>\n<\/table>\n<\/div>","protected":false},"featured_media":358099,"comment_status":"closed","ping_status":"closed","template":"","meta":{"_eb_attr":"","_crsspst_to_jayantr4sg-hostcom":true},"product_brand":[],"product_cat":[1791,1794,1793,1254,1579,5342,5608,1574,5349],"product_tag":[66],"class_list":{"0":"post-340972","1":"product","2":"type-product","3":"status-publish","4":"has-post-thumbnail","6":"product_cat-anniversary-gifts","7":"product_cat-christmas-gifts","8":"product_cat-diwali-gifts","9":"product_cat-gold-earrings","10":"product_cat-hoop-earrings","11":"product_cat-jewellery-under-250","12":"product_cat-simple-hoops","13":"product_cat-womens-jewellery","14":"product_cat-yellow-gold-jewellery","15":"product_tag-earrings","17":"first","18":"outofstock","19":"taxable","20":"shipping-taxable","21":"product-type-simple","22":"add-to-wishlist-before_image"},"yoast_head":"<!-- This site is optimized with the Yoast SEO plugin v27.3 - https:\/\/yoast.com\/product\/yoast-seo-wordpress\/ -->\n<title>Buy Yellow Gold Diamond Cut Hoop Earrings Online<\/title>\n<meta name=\"description\" content=\"These stunning hoop earrings feature gorgeous yellow gold with a beautiful diamond cut. They&#039;re perfect for any special occasion! Buy online today!\" \/>\n<meta name=\"robots\" content=\"index, follow, max-snippet:-1, max-image-preview:large, max-video-preview:-1\" \/>\n<link rel=\"canonical\" href=\"https:\/\/www.purejewels.com\/de\/produkt-2\/gelbgold-ohrring-mit-diamantschliff-43937\/\" \/>\n<meta property=\"og:locale\" content=\"de_DE\" \/>\n<meta property=\"og:type\" content=\"article\" \/>\n<meta property=\"og:title\" content=\"Buy Yellow Gold Diamond Cut Hoop Earrings Online\" \/>\n<meta property=\"og:description\" content=\"These stunning hoop earrings feature gorgeous yellow gold with a beautiful diamond cut. They&#039;re perfect for any special occasion! Buy online today!\" \/>\n<meta property=\"og:url\" content=\"https:\/\/www.purejewels.com\/de\/produkt-2\/gelbgold-ohrring-mit-diamantschliff-43937\/\" \/>\n<meta property=\"og:site_name\" content=\"PureJewels UK\" \/>\n<meta property=\"article:modified_time\" content=\"2025-12-08T10:28:35+00:00\" \/>\n<meta property=\"og:image\" content=\"https:\/\/static.purejewels.com\/wp-content\/uploads\/2022\/12\/47511.png\" \/>\n\t<meta property=\"og:image:width\" content=\"1000\" \/>\n\t<meta property=\"og:image:height\" content=\"1000\" \/>\n\t<meta property=\"og:image:type\" content=\"image\/png\" \/>\n<meta name=\"twitter:card\" content=\"summary_large_image\" \/>\n<meta name=\"twitter:label1\" content=\"Gesch\u00e4tzte Lesezeit\" \/>\n\t<meta name=\"twitter:data1\" content=\"1\u00a0Minute\" \/>\n<script type=\"application\/ld+json\" class=\"yoast-schema-graph\">{\"@context\":\"https:\\\/\\\/schema.org\",\"@graph\":[{\"@type\":[\"WebPage\",\"ItemPage\"],\"@id\":\"https:\\\/\\\/www.purejewels.com\\\/product\\\/yellow-gold-diamond-cut-hoop-earring-43937\\\/\",\"url\":\"https:\\\/\\\/www.purejewels.com\\\/product\\\/yellow-gold-diamond-cut-hoop-earring-43937\\\/\",\"name\":\"Buy Yellow Gold Diamond Cut Hoop Earrings Online\",\"isPartOf\":{\"@id\":\"https:\\\/\\\/www.purejewels.com\\\/#website\"},\"primaryImageOfPage\":{\"@id\":\"https:\\\/\\\/www.purejewels.com\\\/product\\\/yellow-gold-diamond-cut-hoop-earring-43937\\\/#primaryimage\"},\"image\":{\"@id\":\"https:\\\/\\\/www.purejewels.com\\\/product\\\/yellow-gold-diamond-cut-hoop-earring-43937\\\/#primaryimage\"},\"thumbnailUrl\":\"https:\\\/\\\/static.purejewels.com\\\/wp-content\\\/uploads\\\/2022\\\/12\\\/47511.png\",\"datePublished\":\"2022-12-06T05:23:16+00:00\",\"dateModified\":\"2025-12-08T10:28:35+00:00\",\"description\":\"These stunning hoop earrings feature gorgeous yellow gold with a beautiful diamond cut. They're perfect for any special occasion! Buy online today!\",\"breadcrumb\":{\"@id\":\"https:\\\/\\\/www.purejewels.com\\\/product\\\/yellow-gold-diamond-cut-hoop-earring-43937\\\/#breadcrumb\"},\"inLanguage\":\"de\",\"potentialAction\":[{\"@type\":\"ReadAction\",\"target\":[\"https:\\\/\\\/www.purejewels.com\\\/product\\\/yellow-gold-diamond-cut-hoop-earring-43937\\\/\"]}]},{\"@type\":\"ImageObject\",\"inLanguage\":\"de\",\"@id\":\"https:\\\/\\\/www.purejewels.com\\\/product\\\/yellow-gold-diamond-cut-hoop-earring-43937\\\/#primaryimage\",\"url\":\"https:\\\/\\\/static.purejewels.com\\\/wp-content\\\/uploads\\\/2022\\\/12\\\/47511.png\",\"contentUrl\":\"https:\\\/\\\/static.purejewels.com\\\/wp-content\\\/uploads\\\/2022\\\/12\\\/47511.png\",\"width\":1000,\"height\":1000,\"caption\":\"22ct Gold Hoop Earring\"},{\"@type\":\"BreadcrumbList\",\"@id\":\"https:\\\/\\\/www.purejewels.com\\\/product\\\/yellow-gold-diamond-cut-hoop-earring-43937\\\/#breadcrumb\",\"itemListElement\":[{\"@type\":\"ListItem\",\"position\":1,\"name\":\"Home\",\"item\":\"https:\\\/\\\/www.purejewels.com\\\/\"},{\"@type\":\"ListItem\",\"position\":2,\"name\":\"Shop\",\"item\":\"https:\\\/\\\/www.purejewels.com\\\/shop\\\/\"},{\"@type\":\"ListItem\",\"position\":3,\"name\":\"Yellow Gold Diamond Cut Hoop Earring\"}]},{\"@type\":\"WebSite\",\"@id\":\"https:\\\/\\\/www.purejewels.com\\\/#website\",\"url\":\"https:\\\/\\\/www.purejewels.com\\\/\",\"name\":\"PureJewels UK\",\"description\":\"Share the Love\",\"publisher\":{\"@id\":\"https:\\\/\\\/www.purejewels.com\\\/#organization\"},\"potentialAction\":[{\"@type\":\"SearchAction\",\"target\":{\"@type\":\"EntryPoint\",\"urlTemplate\":\"https:\\\/\\\/www.purejewels.com\\\/?s={search_term_string}\"},\"query-input\":{\"@type\":\"PropertyValueSpecification\",\"valueRequired\":true,\"valueName\":\"search_term_string\"}}],\"inLanguage\":\"de\"},{\"@type\":\"Organization\",\"@id\":\"https:\\\/\\\/www.purejewels.com\\\/#organization\",\"name\":\"PureJewels UK\",\"url\":\"https:\\\/\\\/www.purejewels.com\\\/\",\"logo\":{\"@type\":\"ImageObject\",\"inLanguage\":\"de\",\"@id\":\"https:\\\/\\\/www.purejewels.com\\\/#\\\/schema\\\/logo\\\/image\\\/\",\"url\":\"https:\\\/\\\/static.purejewels.com\\\/wp-content\\\/uploads\\\/2020\\\/11\\\/Logo-PJ-New-1.png\",\"contentUrl\":\"https:\\\/\\\/static.purejewels.com\\\/wp-content\\\/uploads\\\/2020\\\/11\\\/Logo-PJ-New-1.png\",\"width\":150,\"height\":80,\"caption\":\"PureJewels UK\"},\"image\":{\"@id\":\"https:\\\/\\\/www.purejewels.com\\\/#\\\/schema\\\/logo\\\/image\\\/\"}}]}<\/script>\n<!-- \/ Yoast SEO plugin. -->","yoast_head_json":{"title":"Gelbgold-Ohrringe mit Diamantschliff online kaufen","description":"Diese atemberaubenden Reif-Ohrringe sind aus wundersch\u00f6nem Gelbgold mit einem sch\u00f6nen Diamantschliff. Sie sind perfekt f\u00fcr jeden besonderen Anlass! Heute online kaufen!","robots":{"index":"index","follow":"follow","max-snippet":"max-snippet:-1","max-image-preview":"max-image-preview:large","max-video-preview":"max-video-preview:-1"},"canonical":"https:\/\/www.purejewels.com\/de\/produkt-2\/gelbgold-ohrring-mit-diamantschliff-43937\/","og_locale":"de_DE","og_type":"article","og_title":"Buy Yellow Gold Diamond Cut Hoop Earrings Online","og_description":"These stunning hoop earrings feature gorgeous yellow gold with a beautiful diamond cut. They're perfect for any special occasion! Buy online today!","og_url":"https:\/\/www.purejewels.com\/de\/produkt-2\/gelbgold-ohrring-mit-diamantschliff-43937\/","og_site_name":"PureJewels UK","article_modified_time":"2025-12-08T10:28:35+00:00","og_image":[{"width":1000,"height":1000,"url":"https:\/\/static.purejewels.com\/wp-content\/uploads\/2022\/12\/47511.png","type":"image\/png"}],"twitter_card":"summary_large_image","twitter_misc":{"Gesch\u00e4tzte Lesezeit":"1\u00a0Minute"},"schema":{"@context":"https:\/\/schema.org","@graph":[{"@type":["WebPage","ItemPage"],"@id":"https:\/\/www.purejewels.com\/product\/yellow-gold-diamond-cut-hoop-earring-43937\/","url":"https:\/\/www.purejewels.com\/product\/yellow-gold-diamond-cut-hoop-earring-43937\/","name":"Gelbgold-Ohrringe mit Diamantschliff online kaufen","isPartOf":{"@id":"https:\/\/www.purejewels.com\/#website"},"primaryImageOfPage":{"@id":"https:\/\/www.purejewels.com\/product\/yellow-gold-diamond-cut-hoop-earring-43937\/#primaryimage"},"image":{"@id":"https:\/\/www.purejewels.com\/product\/yellow-gold-diamond-cut-hoop-earring-43937\/#primaryimage"},"thumbnailUrl":"https:\/\/static.purejewels.com\/wp-content\/uploads\/2022\/12\/47511.png","datePublished":"2022-12-06T05:23:16+00:00","dateModified":"2025-12-08T10:28:35+00:00","description":"Diese atemberaubenden Reif-Ohrringe sind aus wundersch\u00f6nem Gelbgold mit einem sch\u00f6nen Diamantschliff. Sie sind perfekt f\u00fcr jeden besonderen Anlass! Heute online kaufen!","breadcrumb":{"@id":"https:\/\/www.purejewels.com\/product\/yellow-gold-diamond-cut-hoop-earring-43937\/#breadcrumb"},"inLanguage":"de","potentialAction":[{"@type":"ReadAction","target":["https:\/\/www.purejewels.com\/product\/yellow-gold-diamond-cut-hoop-earring-43937\/"]}]},{"@type":"ImageObject","inLanguage":"de","@id":"https:\/\/www.purejewels.com\/product\/yellow-gold-diamond-cut-hoop-earring-43937\/#primaryimage","url":"https:\/\/static.purejewels.com\/wp-content\/uploads\/2022\/12\/47511.png","contentUrl":"https:\/\/static.purejewels.com\/wp-content\/uploads\/2022\/12\/47511.png","width":1000,"height":1000,"caption":"22ct Gold Hoop Earring"},{"@type":"BreadcrumbList","@id":"https:\/\/www.purejewels.com\/product\/yellow-gold-diamond-cut-hoop-earring-43937\/#breadcrumb","itemListElement":[{"@type":"ListItem","position":1,"name":"Home","item":"https:\/\/www.purejewels.com\/"},{"@type":"ListItem","position":2,"name":"Shop","item":"https:\/\/www.purejewels.com\/shop\/"},{"@type":"ListItem","position":3,"name":"Yellow Gold Diamond Cut Hoop Earring"}]},{"@type":"WebSite","@id":"https:\/\/www.purejewels.com\/#website","url":"https:\/\/www.purejewels.com\/","name":"PureJewels UK","description":"Teile die Liebe","publisher":{"@id":"https:\/\/www.purejewels.com\/#organization"},"potentialAction":[{"@type":"SearchAction","target":{"@type":"EntryPoint","urlTemplate":"https:\/\/www.purejewels.com\/?s={search_term_string}"},"query-input":{"@type":"PropertyValueSpecification","valueRequired":true,"valueName":"search_term_string"}}],"inLanguage":"de"},{"@type":"Organization","@id":"https:\/\/www.purejewels.com\/#organization","name":"PureJewels UK","url":"https:\/\/www.purejewels.com\/","logo":{"@type":"ImageObject","inLanguage":"de","@id":"https:\/\/www.purejewels.com\/#\/schema\/logo\/image\/","url":"https:\/\/static.purejewels.com\/wp-content\/uploads\/2020\/11\/Logo-PJ-New-1.png","contentUrl":"https:\/\/static.purejewels.com\/wp-content\/uploads\/2020\/11\/Logo-PJ-New-1.png","width":150,"height":80,"caption":"PureJewels UK"},"image":{"@id":"https:\/\/www.purejewels.com\/#\/schema\/logo\/image\/"}}]}},"_links":{"self":[{"href":"https:\/\/www.purejewels.com\/de\/wp-json\/wp\/v2\/product\/340972","targetHints":{"allow":["GET"]}}],"collection":[{"href":"https:\/\/www.purejewels.com\/de\/wp-json\/wp\/v2\/product"}],"about":[{"href":"https:\/\/www.purejewels.com\/de\/wp-json\/wp\/v2\/types\/product"}],"replies":[{"embeddable":true,"href":"https:\/\/www.purejewels.com\/de\/wp-json\/wp\/v2\/comments?post=340972"}],"version-history":[{"count":6,"href":"https:\/\/www.purejewels.com\/de\/wp-json\/wp\/v2\/product\/340972\/revisions"}],"predecessor-version":[{"id":422643,"href":"https:\/\/www.purejewels.com\/de\/wp-json\/wp\/v2\/product\/340972\/revisions\/422643"}],"wp:featuredmedia":[{"embeddable":true,"href":"https:\/\/www.purejewels.com\/de\/wp-json\/wp\/v2\/media\/358099"}],"wp:attachment":[{"href":"https:\/\/www.purejewels.com\/de\/wp-json\/wp\/v2\/media?parent=340972"}],"wp:term":[{"taxonomy":"product_brand","embeddable":true,"href":"https:\/\/www.purejewels.com\/de\/wp-json\/wp\/v2\/product_brand?post=340972"},{"taxonomy":"product_cat","embeddable":true,"href":"https:\/\/www.purejewels.com\/de\/wp-json\/wp\/v2\/product_cat?post=340972"},{"taxonomy":"product_tag","embeddable":true,"href":"https:\/\/www.purejewels.com\/de\/wp-json\/wp\/v2\/product_tag?post=340972"}],"curies":[{"name":"wp","href":"https:\/\/api.w.org\/{rel}","templated":true}]}}