{"id":340990,"date":"2022-11-15T07:03:01","date_gmt":"2022-11-15T07:03:01","guid":{"rendered":"https:\/\/www.purejewels.com\/?post_type=product&#038;p=340990"},"modified":"2026-01-06T08:09:12","modified_gmt":"2026-01-06T08:09:12","slug":"22ct-gold-blatt-form-fancy-anhanger-fur-damen-41637","status":"publish","type":"product","link":"https:\/\/www.purejewels.com\/de\/product\/22ct-gold-leaf-shape-fancy-pendant-for-ladies-41637\/","title":{"rendered":"22ct Gold Blatt Form Fancy Anh\u00e4nger f\u00fcr Damen"},"content":{"rendered":"<p>SKU: 41637<br \/>\nGewicht: 2,8 g<\/p>","protected":false},"excerpt":{"rendered":"<div class=\"woocommerce-product-details__short-description\">\n<p>&nbsp;<\/p>\n<table class=\"sh_desc\" style=\"width: 100%; height: 280px;\">\n<tbody>\n<tr style=\"height: 28px;\">\n<td style=\"height: 28px;\">Typ des Anh\u00e4ngers<\/td>\n<td style=\"height: 28px;\">Fancy Anh\u00e4nger<\/td>\n<\/tr>\n<tr style=\"height: 28px;\">\n<td style=\"height: 28px;\">SKU<\/td>\n<td style=\"height: 28px;\">41637<\/td>\n<\/tr>\n<tr style=\"height: 28px;\">\n<td style=\"height: 28px;\">Gewicht<\/td>\n<td style=\"height: 28px;\">2.8 Gms<\/td>\n<\/tr>\n<tr style=\"height: 28px;\">\n<td style=\"height: 28px;\">Metall<\/td>\n<td style=\"height: 28px;\">22ct Gold<\/td>\n<\/tr>\n<tr style=\"height: 28px;\">\n<td style=\"height: 28px;\">Entgelte<\/td>\n<td style=\"height: 28px;\">Lieferung und Mehrwertsteuer inbegriffen<\/td>\n<\/tr>\n<tr style=\"height: 28px;\">\n<td style=\"height: 28px;\">Verpackung<\/td>\n<td style=\"height: 28px;\">Mit Pr\u00e4sentationsbox<\/td>\n<\/tr>\n<tr style=\"height: 112px;\">\n<td style=\"height: 112px;\">Mehr Informationen<\/td>\n<td style=\"height: 112px;\">\n<ul>\n<li>Kette ist nicht enthalten<\/li>\n<li>Die auf dem Bild gezeigte Kette ist eine <strong>Spiga-Kette<\/strong><\/li>\n<li>Live-Chat mit uns f\u00fcr Verf\u00fcgbarkeit und mehr Bilder<\/li>\n<\/ul>\n<\/td>\n<\/tr>\n<\/tbody>\n<\/table>\n<\/div>\n<div class=\"btn-atc atc-slide\"><\/div>\n<div class=\"product_meta\"><\/div>","protected":false},"featured_media":340991,"comment_status":"closed","ping_status":"closed","template":"","meta":{"_eb_attr":"","_crsspst_to_jayantr4sg-hostcom":false},"product_brand":[],"product_cat":[1794,1793,1770,1792,1790,1255,1767,1574],"product_tag":[],"class_list":{"0":"post-340990","1":"product","2":"type-product","3":"status-publish","4":"has-post-thumbnail","6":"product_cat-christmas-gifts","7":"product_cat-diwali-gifts","8":"product_cat-fancy-pendants","9":"product_cat-festival-gifts","10":"product_cat-for-whom-when","11":"product_cat-gold-pendants","12":"product_cat-ladies-pendants","13":"product_cat-womens-jewellery","15":"first","16":"outofstock","17":"taxable","18":"shipping-taxable","19":"product-type-simple","20":"add-to-wishlist-before_image"},"yoast_head":"<!-- This site is optimized with the Yoast SEO plugin v27.3 - https:\/\/yoast.com\/product\/yoast-seo-wordpress\/ -->\n<title>22ct Gold Leaf Shape Fancy Pendant For Ladies | PureJewels UK<\/title>\n<meta name=\"description\" content=\"This beautiful Leaf shape Ladies Pendant for Christmas gift . It is made of 22 Carat\u00a0gold. Shop this pendant online today! | Free Delivery at UK.\" \/>\n<meta name=\"robots\" content=\"index, follow, max-snippet:-1, max-image-preview:large, max-video-preview:-1\" \/>\n<link rel=\"canonical\" href=\"https:\/\/www.purejewels.com\/de\/produkt-2\/22ct-gold-blatt-form-fancy-anhanger-fur-damen-41637\/\" \/>\n<meta property=\"og:locale\" content=\"de_DE\" \/>\n<meta property=\"og:type\" content=\"article\" \/>\n<meta property=\"og:title\" content=\"22ct Gold Leaf Shape Fancy Pendant For Ladies | PureJewels UK\" \/>\n<meta property=\"og:description\" content=\"This beautiful Leaf shape Ladies Pendant for Christmas gift . It is made of 22 Carat\u00a0gold. Shop this pendant online today! | Free Delivery at UK.\" \/>\n<meta property=\"og:url\" content=\"https:\/\/www.purejewels.com\/de\/produkt-2\/22ct-gold-blatt-form-fancy-anhanger-fur-damen-41637\/\" \/>\n<meta property=\"og:site_name\" content=\"PureJewels UK\" \/>\n<meta property=\"article:modified_time\" content=\"2026-01-06T08:09:12+00:00\" \/>\n<meta property=\"og:image\" content=\"https:\/\/www.purejewels.com\/wp-content\/uploads\/2022\/11\/41637-1.jpg\" \/>\n\t<meta property=\"og:image:width\" content=\"1000\" \/>\n\t<meta property=\"og:image:height\" content=\"1000\" \/>\n\t<meta property=\"og:image:type\" content=\"image\/jpeg\" \/>\n<meta name=\"twitter:card\" content=\"summary_large_image\" \/>\n<meta name=\"twitter:label1\" content=\"Gesch\u00e4tzte Lesezeit\" \/>\n\t<meta name=\"twitter:data1\" content=\"1\u00a0Minute\" \/>\n<script type=\"application\/ld+json\" class=\"yoast-schema-graph\">{\"@context\":\"https:\\\/\\\/schema.org\",\"@graph\":[{\"@type\":[\"WebPage\",\"ItemPage\"],\"@id\":\"https:\\\/\\\/www.purejewels.com\\\/product\\\/22ct-gold-leaf-shape-fancy-pendant-for-ladies-41637\\\/\",\"url\":\"https:\\\/\\\/www.purejewels.com\\\/product\\\/22ct-gold-leaf-shape-fancy-pendant-for-ladies-41637\\\/\",\"name\":\"22ct Gold Leaf Shape Fancy Pendant For Ladies | PureJewels UK\",\"isPartOf\":{\"@id\":\"https:\\\/\\\/www.purejewels.com\\\/#website\"},\"primaryImageOfPage\":{\"@id\":\"https:\\\/\\\/www.purejewels.com\\\/product\\\/22ct-gold-leaf-shape-fancy-pendant-for-ladies-41637\\\/#primaryimage\"},\"image\":{\"@id\":\"https:\\\/\\\/www.purejewels.com\\\/product\\\/22ct-gold-leaf-shape-fancy-pendant-for-ladies-41637\\\/#primaryimage\"},\"thumbnailUrl\":\"https:\\\/\\\/static.purejewels.com\\\/wp-content\\\/uploads\\\/2022\\\/11\\\/41637-1.jpg\",\"datePublished\":\"2022-11-15T07:03:01+00:00\",\"dateModified\":\"2026-01-06T08:09:12+00:00\",\"description\":\"This beautiful Leaf shape Ladies Pendant for Christmas gift . It is made of 22 Carat\u00a0gold. Shop this pendant online today! | Free Delivery at UK.\",\"breadcrumb\":{\"@id\":\"https:\\\/\\\/www.purejewels.com\\\/product\\\/22ct-gold-leaf-shape-fancy-pendant-for-ladies-41637\\\/#breadcrumb\"},\"inLanguage\":\"de\",\"potentialAction\":[{\"@type\":\"ReadAction\",\"target\":[\"https:\\\/\\\/www.purejewels.com\\\/product\\\/22ct-gold-leaf-shape-fancy-pendant-for-ladies-41637\\\/\"]}]},{\"@type\":\"ImageObject\",\"inLanguage\":\"de\",\"@id\":\"https:\\\/\\\/www.purejewels.com\\\/product\\\/22ct-gold-leaf-shape-fancy-pendant-for-ladies-41637\\\/#primaryimage\",\"url\":\"https:\\\/\\\/static.purejewels.com\\\/wp-content\\\/uploads\\\/2022\\\/11\\\/41637-1.jpg\",\"contentUrl\":\"https:\\\/\\\/static.purejewels.com\\\/wp-content\\\/uploads\\\/2022\\\/11\\\/41637-1.jpg\",\"width\":1000,\"height\":1000,\"caption\":\"22ct Gold Leaf Shape Fancy Pendant For Ladies\"},{\"@type\":\"BreadcrumbList\",\"@id\":\"https:\\\/\\\/www.purejewels.com\\\/product\\\/22ct-gold-leaf-shape-fancy-pendant-for-ladies-41637\\\/#breadcrumb\",\"itemListElement\":[{\"@type\":\"ListItem\",\"position\":1,\"name\":\"Home\",\"item\":\"https:\\\/\\\/www.purejewels.com\\\/\"},{\"@type\":\"ListItem\",\"position\":2,\"name\":\"Shop\",\"item\":\"https:\\\/\\\/www.purejewels.com\\\/shop\\\/\"},{\"@type\":\"ListItem\",\"position\":3,\"name\":\"22ct Gold Leaf Shape Fancy Pendant For Ladies\"}]},{\"@type\":\"WebSite\",\"@id\":\"https:\\\/\\\/www.purejewels.com\\\/#website\",\"url\":\"https:\\\/\\\/www.purejewels.com\\\/\",\"name\":\"PureJewels UK\",\"description\":\"Share the Love\",\"publisher\":{\"@id\":\"https:\\\/\\\/www.purejewels.com\\\/#organization\"},\"potentialAction\":[{\"@type\":\"SearchAction\",\"target\":{\"@type\":\"EntryPoint\",\"urlTemplate\":\"https:\\\/\\\/www.purejewels.com\\\/?s={search_term_string}\"},\"query-input\":{\"@type\":\"PropertyValueSpecification\",\"valueRequired\":true,\"valueName\":\"search_term_string\"}}],\"inLanguage\":\"de\"},{\"@type\":\"Organization\",\"@id\":\"https:\\\/\\\/www.purejewels.com\\\/#organization\",\"name\":\"PureJewels UK\",\"url\":\"https:\\\/\\\/www.purejewels.com\\\/\",\"logo\":{\"@type\":\"ImageObject\",\"inLanguage\":\"de\",\"@id\":\"https:\\\/\\\/www.purejewels.com\\\/#\\\/schema\\\/logo\\\/image\\\/\",\"url\":\"https:\\\/\\\/static.purejewels.com\\\/wp-content\\\/uploads\\\/2020\\\/11\\\/Logo-PJ-New-1.png\",\"contentUrl\":\"https:\\\/\\\/static.purejewels.com\\\/wp-content\\\/uploads\\\/2020\\\/11\\\/Logo-PJ-New-1.png\",\"width\":150,\"height\":80,\"caption\":\"PureJewels UK\"},\"image\":{\"@id\":\"https:\\\/\\\/www.purejewels.com\\\/#\\\/schema\\\/logo\\\/image\\\/\"}}]}<\/script>\n<!-- \/ Yoast SEO plugin. -->","yoast_head_json":{"title":"22ct Gold Leaf Form Fancy Anh\u00e4nger f\u00fcr Damen | PureJewels UK","description":"Dieses sch\u00f6ne Blatt Form Damen Anh\u00e4nger f\u00fcr Weihnachten Geschenk. Es ist von 22 Karat Gold gemacht. Kaufen Sie diesen Anh\u00e4nger noch heute online! | Kostenlose Lieferung in Gro\u00dfbritannien.","robots":{"index":"index","follow":"follow","max-snippet":"max-snippet:-1","max-image-preview":"max-image-preview:large","max-video-preview":"max-video-preview:-1"},"canonical":"https:\/\/www.purejewels.com\/de\/produkt-2\/22ct-gold-blatt-form-fancy-anhanger-fur-damen-41637\/","og_locale":"de_DE","og_type":"article","og_title":"22ct Gold Leaf Shape Fancy Pendant For Ladies | PureJewels UK","og_description":"This beautiful Leaf shape Ladies Pendant for Christmas gift . It is made of 22 Carat\u00a0gold. Shop this pendant online today! | Free Delivery at UK.","og_url":"https:\/\/www.purejewels.com\/de\/produkt-2\/22ct-gold-blatt-form-fancy-anhanger-fur-damen-41637\/","og_site_name":"PureJewels UK","article_modified_time":"2026-01-06T08:09:12+00:00","og_image":[{"width":1000,"height":1000,"url":"https:\/\/www.purejewels.com\/wp-content\/uploads\/2022\/11\/41637-1.jpg","type":"image\/jpeg"}],"twitter_card":"summary_large_image","twitter_misc":{"Gesch\u00e4tzte Lesezeit":"1\u00a0Minute"},"schema":{"@context":"https:\/\/schema.org","@graph":[{"@type":["WebPage","ItemPage"],"@id":"https:\/\/www.purejewels.com\/product\/22ct-gold-leaf-shape-fancy-pendant-for-ladies-41637\/","url":"https:\/\/www.purejewels.com\/product\/22ct-gold-leaf-shape-fancy-pendant-for-ladies-41637\/","name":"22ct Gold Leaf Form Fancy Anh\u00e4nger f\u00fcr Damen | PureJewels UK","isPartOf":{"@id":"https:\/\/www.purejewels.com\/#website"},"primaryImageOfPage":{"@id":"https:\/\/www.purejewels.com\/product\/22ct-gold-leaf-shape-fancy-pendant-for-ladies-41637\/#primaryimage"},"image":{"@id":"https:\/\/www.purejewels.com\/product\/22ct-gold-leaf-shape-fancy-pendant-for-ladies-41637\/#primaryimage"},"thumbnailUrl":"https:\/\/static.purejewels.com\/wp-content\/uploads\/2022\/11\/41637-1.jpg","datePublished":"2022-11-15T07:03:01+00:00","dateModified":"2026-01-06T08:09:12+00:00","description":"Dieses sch\u00f6ne Blatt Form Damen Anh\u00e4nger f\u00fcr Weihnachten Geschenk. Es ist von 22 Karat Gold gemacht. Kaufen Sie diesen Anh\u00e4nger noch heute online! | Kostenlose Lieferung in Gro\u00dfbritannien.","breadcrumb":{"@id":"https:\/\/www.purejewels.com\/product\/22ct-gold-leaf-shape-fancy-pendant-for-ladies-41637\/#breadcrumb"},"inLanguage":"de","potentialAction":[{"@type":"ReadAction","target":["https:\/\/www.purejewels.com\/product\/22ct-gold-leaf-shape-fancy-pendant-for-ladies-41637\/"]}]},{"@type":"ImageObject","inLanguage":"de","@id":"https:\/\/www.purejewels.com\/product\/22ct-gold-leaf-shape-fancy-pendant-for-ladies-41637\/#primaryimage","url":"https:\/\/static.purejewels.com\/wp-content\/uploads\/2022\/11\/41637-1.jpg","contentUrl":"https:\/\/static.purejewels.com\/wp-content\/uploads\/2022\/11\/41637-1.jpg","width":1000,"height":1000,"caption":"22ct Gold Leaf Shape Fancy Pendant For Ladies"},{"@type":"BreadcrumbList","@id":"https:\/\/www.purejewels.com\/product\/22ct-gold-leaf-shape-fancy-pendant-for-ladies-41637\/#breadcrumb","itemListElement":[{"@type":"ListItem","position":1,"name":"Home","item":"https:\/\/www.purejewels.com\/"},{"@type":"ListItem","position":2,"name":"Shop","item":"https:\/\/www.purejewels.com\/shop\/"},{"@type":"ListItem","position":3,"name":"22ct Gold Leaf Shape Fancy Pendant For Ladies"}]},{"@type":"WebSite","@id":"https:\/\/www.purejewels.com\/#website","url":"https:\/\/www.purejewels.com\/","name":"PureJewels UK","description":"Teile die Liebe","publisher":{"@id":"https:\/\/www.purejewels.com\/#organization"},"potentialAction":[{"@type":"SearchAction","target":{"@type":"EntryPoint","urlTemplate":"https:\/\/www.purejewels.com\/?s={search_term_string}"},"query-input":{"@type":"PropertyValueSpecification","valueRequired":true,"valueName":"search_term_string"}}],"inLanguage":"de"},{"@type":"Organization","@id":"https:\/\/www.purejewels.com\/#organization","name":"PureJewels UK","url":"https:\/\/www.purejewels.com\/","logo":{"@type":"ImageObject","inLanguage":"de","@id":"https:\/\/www.purejewels.com\/#\/schema\/logo\/image\/","url":"https:\/\/static.purejewels.com\/wp-content\/uploads\/2020\/11\/Logo-PJ-New-1.png","contentUrl":"https:\/\/static.purejewels.com\/wp-content\/uploads\/2020\/11\/Logo-PJ-New-1.png","width":150,"height":80,"caption":"PureJewels UK"},"image":{"@id":"https:\/\/www.purejewels.com\/#\/schema\/logo\/image\/"}}]}},"_links":{"self":[{"href":"https:\/\/www.purejewels.com\/de\/wp-json\/wp\/v2\/product\/340990","targetHints":{"allow":["GET"]}}],"collection":[{"href":"https:\/\/www.purejewels.com\/de\/wp-json\/wp\/v2\/product"}],"about":[{"href":"https:\/\/www.purejewels.com\/de\/wp-json\/wp\/v2\/types\/product"}],"replies":[{"embeddable":true,"href":"https:\/\/www.purejewels.com\/de\/wp-json\/wp\/v2\/comments?post=340990"}],"version-history":[{"count":0,"href":"https:\/\/www.purejewels.com\/de\/wp-json\/wp\/v2\/product\/340990\/revisions"}],"wp:featuredmedia":[{"embeddable":true,"href":"https:\/\/www.purejewels.com\/de\/wp-json\/wp\/v2\/media\/340991"}],"wp:attachment":[{"href":"https:\/\/www.purejewels.com\/de\/wp-json\/wp\/v2\/media?parent=340990"}],"wp:term":[{"taxonomy":"product_brand","embeddable":true,"href":"https:\/\/www.purejewels.com\/de\/wp-json\/wp\/v2\/product_brand?post=340990"},{"taxonomy":"product_cat","embeddable":true,"href":"https:\/\/www.purejewels.com\/de\/wp-json\/wp\/v2\/product_cat?post=340990"},{"taxonomy":"product_tag","embeddable":true,"href":"https:\/\/www.purejewels.com\/de\/wp-json\/wp\/v2\/product_tag?post=340990"}],"curies":[{"name":"wp","href":"https:\/\/api.w.org\/{rel}","templated":true}]}}