{"id":341124,"date":"2022-11-22T08:03:14","date_gmt":"2022-11-22T08:03:14","guid":{"rendered":"https:\/\/www.purejewels.com\/?post_type=product&#038;p=341124"},"modified":"2026-05-13T14:35:43","modified_gmt":"2026-05-13T13:35:43","slug":"22-karat-gold-ek-onkar-anhanger-52062","status":"publish","type":"product","link":"https:\/\/www.purejewels.com\/de\/product\/22-carat-gold-ek-onkar-pendant-52062\/","title":{"rendered":"22 Karat Gold Ek Onkar-Anh\u00e4nger"},"content":{"rendered":"<p><span data-offset-key=\"fh5i4-16-0\">A<\/span><span data-offset-key=\"fh5i4-17-0\"> einfach<\/span><span data-offset-key=\"fh5i4-18-0\"> und<\/span><span data-offset-key=\"fh5i4-19-0\"> elegant<\/span><span data-offset-key=\"fh5i4-20-0\"> Ek<\/span><span data-offset-key=\"fh5i4-21-0\"> Auf<\/span><span data-offset-key=\"fh5i4-22-0\">kar<\/span><span data-offset-key=\"fh5i4-23-0\"> p<\/span><span data-offset-key=\"fh5i4-24-0\">endant<\/span><span data-offset-key=\"fh5i4-25-0\"> handgefertigt<\/span><span data-offset-key=\"fh5i4-26-0\"> in<\/span><span data-offset-key=\"fh5i4-27-0\"> 22<\/span><span data-offset-key=\"fh5i4-28-0\">ct<\/span><span data-offset-key=\"fh5i4-29-0\"> Gold<\/span><span data-offset-key=\"fh5i4-30-0\">. Dieser sch\u00f6ne Anh\u00e4nger ist ein perfekter Weg, um Ihren Glauben zu zeigen und w\u00fcrde ein gesch\u00e4tztes Geschenk f\u00fcr einen geliebten Menschen zu machen.<\/span><span data-offset-key=\"fh5i4-31-0\"> Die<\/span><span data-offset-key=\"fh5i4-32-0\"> Ek<\/span><span data-offset-key=\"fh5i4-33-0\"> Auf<\/span><span data-offset-key=\"fh5i4-34-0\">kar<\/span><span data-offset-key=\"fh5i4-35-0\"> Symbol<\/span><span data-offset-key=\"fh5i4-36-0\"> ist<\/span><span data-offset-key=\"fh5i4-37-0\"> a<\/span><span data-offset-key=\"fh5i4-38-0\"> zentral<\/span><span data-offset-key=\"fh5i4-39-0\"> zehn<\/span><span data-offset-key=\"fh5i4-40-0\">und<\/span><span data-offset-key=\"fh5i4-41-0\"> von<\/span><span data-offset-key=\"fh5i4-42-0\"> die<\/span><span data-offset-key=\"fh5i4-43-0\"> Sikh<\/span><span data-offset-key=\"fh5i4-44-0\"> Glaube<\/span><span data-offset-key=\"fh5i4-45-0\">,<\/span><span data-offset-key=\"fh5i4-46-0\"> vertreten.<\/span><span data-offset-key=\"fh5i4-47-0\"> die<\/span><span data-offset-key=\"fh5i4-48-0\"> eine<\/span><span data-offset-key=\"fh5i4-49-0\"> Oberste<\/span><span data-offset-key=\"fh5i4-50-0\"> Realit\u00e4t<\/span><span data-offset-key=\"fh5i4-51-0\"> von<\/span><span data-offset-key=\"fh5i4-52-0\"> die<\/span><span data-offset-key=\"fh5i4-53-0\"> Universum<\/span><span data-offset-key=\"fh5i4-54-0\">.<\/span><span data-offset-key=\"fh5i4-55-0\">\u00a0<\/span><\/p>","protected":false},"excerpt":{"rendered":"<div class=\"woocommerce-product-details__short-description\">Ek Onkar-Anh\u00e4nger aus 22-kar\u00e4tigem Gold, der g\u00f6ttliche Einheit und spirituelle Anmut symbolisiert.<br data-start=\"742\" data-end=\"745\" \/>Ein bedeutungsvolles Andenken, das heilige Symbolik mit zeitlosem Design verbindet.<\/div>\n<div>\n<p><strong>Material:<\/strong>\u00a022ct Gold<strong><br \/>\nWahrzeichen:\u00a0<\/strong>Britisches G\u00fctesiegel<strong><br \/>\n<\/strong><strong>Bruttogewicht: <\/strong>2.3 Gms<strong><br \/>\nSKU:\u00a0<\/strong>52062<\/p>\n<p><strong>Preis und Lieferung<\/strong>:Inklusive Mehrwertsteuer und Lieferkosten<br \/>\n<strong>Hinweis<\/strong>: Die Kette ist nicht enthalten<\/p>\n<p><a href=\"https:\/\/www.purejewels.com\/de\/ruckgabepolitik\/\">R\u00fcckgabepolitik<\/a><\/p>\n<\/div>\n<div class=\"btn-atc atc-slide\"><\/div>\n<div class=\"product_meta\"><\/div>","protected":false},"featured_media":402256,"comment_status":"closed","ping_status":"closed","template":"","meta":{"_eb_attr":"","_crsspst_to_jayantr4sg-hostcom":true},"product_brand":[],"product_cat":[1255,5343,1572,1768,5338,1701],"product_tag":[],"class_list":{"0":"post-341124","1":"product","2":"type-product","3":"status-publish","4":"has-post-thumbnail","6":"product_cat-gold-pendants","7":"product_cat-jewellery-under-550","8":"product_cat-mens-jewellery","9":"product_cat-mens-pendants","10":"product_cat-shop-by-price","11":"product_cat-religious-pendants","13":"first","14":"instock","15":"taxable","16":"shipping-taxable","17":"purchasable","18":"product-type-simple","19":"add-to-wishlist-before_image"},"yoast_head":"<!-- This site is optimized with the Yoast SEO plugin v27.6 - https:\/\/yoast.com\/product\/yoast-seo-wordpress\/ -->\n<title>22ct Gold Ek Onkar Pendant | Gold Religious Pendant in UK<\/title>\n<meta name=\"description\" content=\"This Ek Onkar pendant is perfect for anyone who wants to show their faith in a beautiful way. A beautiful and unique religious pendant for everyday wear\" \/>\n<meta name=\"robots\" content=\"index, follow, max-snippet:-1, max-image-preview:large, max-video-preview:-1\" \/>\n<link rel=\"canonical\" href=\"https:\/\/www.purejewels.com\/de\/produkt-2\/22-karat-gold-ek-onkar-anhanger-52062\/\" \/>\n<meta property=\"og:locale\" content=\"de_DE\" \/>\n<meta property=\"og:type\" content=\"article\" \/>\n<meta property=\"og:title\" content=\"22ct Gold Ek Onkar Pendant | Gold Religious Pendant in UK\" \/>\n<meta property=\"og:description\" content=\"This Ek Onkar pendant is perfect for anyone who wants to show their faith in a beautiful way. A beautiful and unique religious pendant for everyday wear\" \/>\n<meta property=\"og:url\" content=\"https:\/\/www.purejewels.com\/de\/produkt-2\/22-karat-gold-ek-onkar-anhanger-52062\/\" \/>\n<meta property=\"og:site_name\" content=\"PureJewels UK\" \/>\n<meta property=\"article:modified_time\" content=\"2026-05-13T13:35:43+00:00\" \/>\n<meta property=\"og:image\" content=\"https:\/\/static.purejewels.com\/wp-content\/uploads\/2022\/11\/SKU-52062.png\" \/>\n\t<meta property=\"og:image:width\" content=\"1000\" \/>\n\t<meta property=\"og:image:height\" content=\"1000\" \/>\n\t<meta property=\"og:image:type\" content=\"image\/png\" \/>\n<meta name=\"twitter:card\" content=\"summary_large_image\" \/>\n<meta name=\"twitter:label1\" content=\"Gesch\u00e4tzte Lesezeit\" \/>\n\t<meta name=\"twitter:data1\" content=\"1\u00a0Minute\" \/>\n<script type=\"application\/ld+json\" class=\"yoast-schema-graph\">{\"@context\":\"https:\\\/\\\/schema.org\",\"@graph\":[{\"@type\":[\"WebPage\",\"ItemPage\"],\"@id\":\"https:\\\/\\\/www.purejewels.com\\\/product\\\/22-carat-gold-ek-onkar-pendant-52062\\\/\",\"url\":\"https:\\\/\\\/www.purejewels.com\\\/product\\\/22-carat-gold-ek-onkar-pendant-52062\\\/\",\"name\":\"22ct Gold Ek Onkar Pendant | Gold Religious Pendant in UK\",\"isPartOf\":{\"@id\":\"https:\\\/\\\/www.purejewels.com\\\/#website\"},\"primaryImageOfPage\":{\"@id\":\"https:\\\/\\\/www.purejewels.com\\\/product\\\/22-carat-gold-ek-onkar-pendant-52062\\\/#primaryimage\"},\"image\":{\"@id\":\"https:\\\/\\\/www.purejewels.com\\\/product\\\/22-carat-gold-ek-onkar-pendant-52062\\\/#primaryimage\"},\"thumbnailUrl\":\"https:\\\/\\\/static.purejewels.com\\\/wp-content\\\/uploads\\\/2022\\\/11\\\/SKU-52062.png\",\"datePublished\":\"2022-11-22T08:03:14+00:00\",\"dateModified\":\"2026-05-13T13:35:43+00:00\",\"description\":\"This Ek Onkar pendant is perfect for anyone who wants to show their faith in a beautiful way. A beautiful and unique religious pendant for everyday wear\",\"breadcrumb\":{\"@id\":\"https:\\\/\\\/www.purejewels.com\\\/product\\\/22-carat-gold-ek-onkar-pendant-52062\\\/#breadcrumb\"},\"inLanguage\":\"de\",\"potentialAction\":[{\"@type\":\"ReadAction\",\"target\":[\"https:\\\/\\\/www.purejewels.com\\\/product\\\/22-carat-gold-ek-onkar-pendant-52062\\\/\"]}]},{\"@type\":\"ImageObject\",\"inLanguage\":\"de\",\"@id\":\"https:\\\/\\\/www.purejewels.com\\\/product\\\/22-carat-gold-ek-onkar-pendant-52062\\\/#primaryimage\",\"url\":\"https:\\\/\\\/static.purejewels.com\\\/wp-content\\\/uploads\\\/2022\\\/11\\\/SKU-52062.png\",\"contentUrl\":\"https:\\\/\\\/static.purejewels.com\\\/wp-content\\\/uploads\\\/2022\\\/11\\\/SKU-52062.png\",\"width\":1000,\"height\":1000,\"caption\":\"22ct Gold Ek Omkar Pendant\"},{\"@type\":\"BreadcrumbList\",\"@id\":\"https:\\\/\\\/www.purejewels.com\\\/product\\\/22-carat-gold-ek-onkar-pendant-52062\\\/#breadcrumb\",\"itemListElement\":[{\"@type\":\"ListItem\",\"position\":1,\"name\":\"Home\",\"item\":\"https:\\\/\\\/www.purejewels.com\\\/\"},{\"@type\":\"ListItem\",\"position\":2,\"name\":\"Shop\",\"item\":\"https:\\\/\\\/www.purejewels.com\\\/shop\\\/\"},{\"@type\":\"ListItem\",\"position\":3,\"name\":\"22 Carat Gold Ek Onkar Pendant\"}]},{\"@type\":\"WebSite\",\"@id\":\"https:\\\/\\\/www.purejewels.com\\\/#website\",\"url\":\"https:\\\/\\\/www.purejewels.com\\\/\",\"name\":\"PureJewels UK\",\"description\":\"Share the Love\",\"publisher\":{\"@id\":\"https:\\\/\\\/www.purejewels.com\\\/#organization\"},\"potentialAction\":[{\"@type\":\"SearchAction\",\"target\":{\"@type\":\"EntryPoint\",\"urlTemplate\":\"https:\\\/\\\/www.purejewels.com\\\/?s={search_term_string}\"},\"query-input\":{\"@type\":\"PropertyValueSpecification\",\"valueRequired\":true,\"valueName\":\"search_term_string\"}}],\"inLanguage\":\"de\"},{\"@type\":\"Organization\",\"@id\":\"https:\\\/\\\/www.purejewels.com\\\/#organization\",\"name\":\"PureJewels UK\",\"url\":\"https:\\\/\\\/www.purejewels.com\\\/\",\"logo\":{\"@type\":\"ImageObject\",\"inLanguage\":\"de\",\"@id\":\"https:\\\/\\\/www.purejewels.com\\\/#\\\/schema\\\/logo\\\/image\\\/\",\"url\":\"https:\\\/\\\/static.purejewels.com\\\/wp-content\\\/uploads\\\/2020\\\/11\\\/Logo-PJ-New-1.png\",\"contentUrl\":\"https:\\\/\\\/static.purejewels.com\\\/wp-content\\\/uploads\\\/2020\\\/11\\\/Logo-PJ-New-1.png\",\"width\":150,\"height\":80,\"caption\":\"PureJewels UK\"},\"image\":{\"@id\":\"https:\\\/\\\/www.purejewels.com\\\/#\\\/schema\\\/logo\\\/image\\\/\"}}]}<\/script>\n<!-- \/ Yoast SEO plugin. -->","yoast_head_json":{"title":"22ct Gold Ek Onkar Anh\u00e4nger | Gold Religi\u00f6se Anh\u00e4nger in UK","description":"Dieser Ek Onkar Anh\u00e4nger ist perfekt f\u00fcr jeden, der seinen Glauben auf eine sch\u00f6ne Weise zeigen m\u00f6chte. Ein sch\u00f6ner und einzigartiger religi\u00f6ser Anh\u00e4nger f\u00fcr das t\u00e4gliche Tragen","robots":{"index":"index","follow":"follow","max-snippet":"max-snippet:-1","max-image-preview":"max-image-preview:large","max-video-preview":"max-video-preview:-1"},"canonical":"https:\/\/www.purejewels.com\/de\/produkt-2\/22-karat-gold-ek-onkar-anhanger-52062\/","og_locale":"de_DE","og_type":"article","og_title":"22ct Gold Ek Onkar Pendant | Gold Religious Pendant in UK","og_description":"This Ek Onkar pendant is perfect for anyone who wants to show their faith in a beautiful way. A beautiful and unique religious pendant for everyday wear","og_url":"https:\/\/www.purejewels.com\/de\/produkt-2\/22-karat-gold-ek-onkar-anhanger-52062\/","og_site_name":"PureJewels UK","article_modified_time":"2026-05-13T13:35:43+00:00","og_image":[{"width":1000,"height":1000,"url":"https:\/\/static.purejewels.com\/wp-content\/uploads\/2022\/11\/SKU-52062.png","type":"image\/png"}],"twitter_card":"summary_large_image","twitter_misc":{"Gesch\u00e4tzte Lesezeit":"1\u00a0Minute"},"schema":{"@context":"https:\/\/schema.org","@graph":[{"@type":["WebPage","ItemPage"],"@id":"https:\/\/www.purejewels.com\/product\/22-carat-gold-ek-onkar-pendant-52062\/","url":"https:\/\/www.purejewels.com\/product\/22-carat-gold-ek-onkar-pendant-52062\/","name":"22ct Gold Ek Onkar Anh\u00e4nger | Gold Religi\u00f6se Anh\u00e4nger in UK","isPartOf":{"@id":"https:\/\/www.purejewels.com\/#website"},"primaryImageOfPage":{"@id":"https:\/\/www.purejewels.com\/product\/22-carat-gold-ek-onkar-pendant-52062\/#primaryimage"},"image":{"@id":"https:\/\/www.purejewels.com\/product\/22-carat-gold-ek-onkar-pendant-52062\/#primaryimage"},"thumbnailUrl":"https:\/\/static.purejewels.com\/wp-content\/uploads\/2022\/11\/SKU-52062.png","datePublished":"2022-11-22T08:03:14+00:00","dateModified":"2026-05-13T13:35:43+00:00","description":"Dieser Ek Onkar Anh\u00e4nger ist perfekt f\u00fcr jeden, der seinen Glauben auf eine sch\u00f6ne Weise zeigen m\u00f6chte. Ein sch\u00f6ner und einzigartiger religi\u00f6ser Anh\u00e4nger f\u00fcr das t\u00e4gliche Tragen","breadcrumb":{"@id":"https:\/\/www.purejewels.com\/product\/22-carat-gold-ek-onkar-pendant-52062\/#breadcrumb"},"inLanguage":"de","potentialAction":[{"@type":"ReadAction","target":["https:\/\/www.purejewels.com\/product\/22-carat-gold-ek-onkar-pendant-52062\/"]}]},{"@type":"ImageObject","inLanguage":"de","@id":"https:\/\/www.purejewels.com\/product\/22-carat-gold-ek-onkar-pendant-52062\/#primaryimage","url":"https:\/\/static.purejewels.com\/wp-content\/uploads\/2022\/11\/SKU-52062.png","contentUrl":"https:\/\/static.purejewels.com\/wp-content\/uploads\/2022\/11\/SKU-52062.png","width":1000,"height":1000,"caption":"22ct Gold Ek Omkar Pendant"},{"@type":"BreadcrumbList","@id":"https:\/\/www.purejewels.com\/product\/22-carat-gold-ek-onkar-pendant-52062\/#breadcrumb","itemListElement":[{"@type":"ListItem","position":1,"name":"Home","item":"https:\/\/www.purejewels.com\/"},{"@type":"ListItem","position":2,"name":"Shop","item":"https:\/\/www.purejewels.com\/shop\/"},{"@type":"ListItem","position":3,"name":"22 Carat Gold Ek Onkar Pendant"}]},{"@type":"WebSite","@id":"https:\/\/www.purejewels.com\/#website","url":"https:\/\/www.purejewels.com\/","name":"PureJewels UK","description":"Teile die Liebe","publisher":{"@id":"https:\/\/www.purejewels.com\/#organization"},"potentialAction":[{"@type":"SearchAction","target":{"@type":"EntryPoint","urlTemplate":"https:\/\/www.purejewels.com\/?s={search_term_string}"},"query-input":{"@type":"PropertyValueSpecification","valueRequired":true,"valueName":"search_term_string"}}],"inLanguage":"de"},{"@type":"Organization","@id":"https:\/\/www.purejewels.com\/#organization","name":"PureJewels UK","url":"https:\/\/www.purejewels.com\/","logo":{"@type":"ImageObject","inLanguage":"de","@id":"https:\/\/www.purejewels.com\/#\/schema\/logo\/image\/","url":"https:\/\/static.purejewels.com\/wp-content\/uploads\/2020\/11\/Logo-PJ-New-1.png","contentUrl":"https:\/\/static.purejewels.com\/wp-content\/uploads\/2020\/11\/Logo-PJ-New-1.png","width":150,"height":80,"caption":"PureJewels UK"},"image":{"@id":"https:\/\/www.purejewels.com\/#\/schema\/logo\/image\/"}}]}},"_links":{"self":[{"href":"https:\/\/www.purejewels.com\/de\/wp-json\/wp\/v2\/product\/341124","targetHints":{"allow":["GET"]}}],"collection":[{"href":"https:\/\/www.purejewels.com\/de\/wp-json\/wp\/v2\/product"}],"about":[{"href":"https:\/\/www.purejewels.com\/de\/wp-json\/wp\/v2\/types\/product"}],"replies":[{"embeddable":true,"href":"https:\/\/www.purejewels.com\/de\/wp-json\/wp\/v2\/comments?post=341124"}],"version-history":[{"count":4,"href":"https:\/\/www.purejewels.com\/de\/wp-json\/wp\/v2\/product\/341124\/revisions"}],"predecessor-version":[{"id":426097,"href":"https:\/\/www.purejewels.com\/de\/wp-json\/wp\/v2\/product\/341124\/revisions\/426097"}],"wp:featuredmedia":[{"embeddable":true,"href":"https:\/\/www.purejewels.com\/de\/wp-json\/wp\/v2\/media\/402256"}],"wp:attachment":[{"href":"https:\/\/www.purejewels.com\/de\/wp-json\/wp\/v2\/media?parent=341124"}],"wp:term":[{"taxonomy":"product_brand","embeddable":true,"href":"https:\/\/www.purejewels.com\/de\/wp-json\/wp\/v2\/product_brand?post=341124"},{"taxonomy":"product_cat","embeddable":true,"href":"https:\/\/www.purejewels.com\/de\/wp-json\/wp\/v2\/product_cat?post=341124"},{"taxonomy":"product_tag","embeddable":true,"href":"https:\/\/www.purejewels.com\/de\/wp-json\/wp\/v2\/product_tag?post=341124"}],"curies":[{"name":"wp","href":"https:\/\/api.w.org\/{rel}","templated":true}]}}