{"id":341128,"date":"2022-11-22T08:24:24","date_gmt":"2022-11-22T08:24:24","guid":{"rendered":"https:\/\/www.purejewels.com\/?post_type=product&#038;p=341128"},"modified":"2026-01-06T07:30:01","modified_gmt":"2026-01-06T07:30:01","slug":"22-karat-gelbgold-ek-onkar-anhanger-43263","status":"publish","type":"product","link":"https:\/\/www.purejewels.com\/de\/product\/22-carat-yellow-gold-ek-onkar-pendant-43263\/","title":{"rendered":"22 Karat Gelbgold Ek Onkar-Anh\u00e4nger"},"content":{"rendered":"<p><span data-offset-key=\"fh5i4-16-0\">A<\/span><span data-offset-key=\"fh5i4-17-0\"> einfach<\/span><span data-offset-key=\"fh5i4-18-0\"> und<\/span><span data-offset-key=\"fh5i4-19-0\"> elegant<\/span><span data-offset-key=\"fh5i4-20-0\"> Ek<\/span><span data-offset-key=\"fh5i4-21-0\"> Auf<\/span><span data-offset-key=\"fh5i4-22-0\">kar<\/span><span data-offset-key=\"fh5i4-23-0\"> p<\/span><span data-offset-key=\"fh5i4-24-0\">endant<\/span><span data-offset-key=\"fh5i4-25-0\"> handgefertigt<\/span><span data-offset-key=\"fh5i4-26-0\"> in<\/span><span data-offset-key=\"fh5i4-27-0\"> 22<\/span><span data-offset-key=\"fh5i4-28-0\">ct<\/span><span data-offset-key=\"fh5i4-29-0\"> Gold<\/span><span data-offset-key=\"fh5i4-30-0\">. Dieser sch\u00f6ne Anh\u00e4nger ist ein perfekter Weg, um Ihren Glauben zu zeigen und w\u00fcrde ein gesch\u00e4tztes Geschenk f\u00fcr einen geliebten Menschen zu machen.<\/span><span data-offset-key=\"fh5i4-31-0\">\u00a0<\/span><\/p>\n<p>&nbsp;<\/p>","protected":false},"excerpt":{"rendered":"<div class=\"woocommerce-product-details__short-description\">\n<table class=\"sh_desc\">\n<tbody>\n<tr>\n<td>Typ des Anh\u00e4ngers<\/td>\n<td>Religi\u00f6ser Anh\u00e4nger<\/td>\n<\/tr>\n<tr>\n<td>SKU<\/td>\n<td>47874<\/td>\n<\/tr>\n<tr>\n<td>Gewicht<\/td>\n<td>2,5 Gramm<\/td>\n<\/tr>\n<tr>\n<td>Metall<\/td>\n<td>22ct Gold<\/td>\n<\/tr>\n<tr>\n<td>Entgelte<\/td>\n<td>Lieferung und Mehrwertsteuer inbegriffen<\/td>\n<\/tr>\n<tr>\n<td>Verpackung<\/td>\n<td>Mit Pr\u00e4sentationsbox<\/td>\n<\/tr>\n<tr>\n<td>Mehr Informationen<\/td>\n<td>\n<ul>\n<li>Kette ist nicht enthalten<\/li>\n<li>Die auf dem Bild gezeigte Kette ist eine <strong>Spiga-Kette<\/strong><\/li>\n<li>Live-Chat mit uns f\u00fcr Verf\u00fcgbarkeit und mehr Bilder<\/li>\n<\/ul>\n<\/td>\n<\/tr>\n<\/tbody>\n<\/table>\n<\/div>\n<div class=\"btn-atc atc-slide\"><\/div>\n<div class=\"product_meta\"><\/div>","protected":false},"featured_media":341126,"comment_status":"closed","ping_status":"closed","template":"","meta":{"_eb_attr":"","_crsspst_to_jayantr4sg-hostcom":false},"product_brand":[],"product_cat":[5605,1255,5344,1572,1768,1701],"product_tag":[],"class_list":{"0":"post-341128","1":"product","2":"type-product","3":"status-publish","4":"has-post-thumbnail","6":"product_cat-ek-onkar","7":"product_cat-gold-pendants","8":"product_cat-jewellery-under-750","9":"product_cat-mens-jewellery","10":"product_cat-mens-pendants","11":"product_cat-religious-pendants","13":"first","14":"outofstock","15":"taxable","16":"shipping-taxable","17":"product-type-simple","18":"add-to-wishlist-before_image"},"yoast_head":"<!-- This site is optimized with the Yoast SEO plugin v27.3 - https:\/\/yoast.com\/product\/yoast-seo-wordpress\/ -->\n<title>22ct Gold Ek Onkar Pendant | Religious Pendant in London<\/title>\n<meta name=\"description\" content=\"This Ek Onkar pendant is made of 22ct gold and is a perfect gift for someone special. The pendant is handmade and available online for free UK delivery.\" \/>\n<meta name=\"robots\" content=\"index, follow, max-snippet:-1, max-image-preview:large, max-video-preview:-1\" \/>\n<link rel=\"canonical\" href=\"https:\/\/www.purejewels.com\/de\/produkt-2\/22-karat-gelbgold-ek-onkar-anhanger-43263\/\" \/>\n<meta property=\"og:locale\" content=\"de_DE\" \/>\n<meta property=\"og:type\" content=\"article\" \/>\n<meta property=\"og:title\" content=\"22ct Gold Ek Onkar Pendant | Religious Pendant in London\" \/>\n<meta property=\"og:description\" content=\"This Ek Onkar pendant is made of 22ct gold and is a perfect gift for someone special. The pendant is handmade and available online for free UK delivery.\" \/>\n<meta property=\"og:url\" content=\"https:\/\/www.purejewels.com\/de\/produkt-2\/22-karat-gelbgold-ek-onkar-anhanger-43263\/\" \/>\n<meta property=\"og:site_name\" content=\"PureJewels UK\" \/>\n<meta property=\"article:modified_time\" content=\"2026-01-06T07:30:01+00:00\" \/>\n<meta property=\"og:image\" content=\"https:\/\/www.purejewels.com\/wp-content\/uploads\/2022\/11\/43264-2.jpg\" \/>\n\t<meta property=\"og:image:width\" content=\"1000\" \/>\n\t<meta property=\"og:image:height\" content=\"1000\" \/>\n\t<meta property=\"og:image:type\" content=\"image\/jpeg\" \/>\n<meta name=\"twitter:card\" content=\"summary_large_image\" \/>\n<script type=\"application\/ld+json\" class=\"yoast-schema-graph\">{\"@context\":\"https:\\\/\\\/schema.org\",\"@graph\":[{\"@type\":[\"WebPage\",\"ItemPage\"],\"@id\":\"https:\\\/\\\/www.purejewels.com\\\/product\\\/22-carat-yellow-gold-ek-onkar-pendant-43263\\\/\",\"url\":\"https:\\\/\\\/www.purejewels.com\\\/product\\\/22-carat-yellow-gold-ek-onkar-pendant-43263\\\/\",\"name\":\"22ct Gold Ek Onkar Pendant | Religious Pendant in London\",\"isPartOf\":{\"@id\":\"https:\\\/\\\/www.purejewels.com\\\/#website\"},\"primaryImageOfPage\":{\"@id\":\"https:\\\/\\\/www.purejewels.com\\\/product\\\/22-carat-yellow-gold-ek-onkar-pendant-43263\\\/#primaryimage\"},\"image\":{\"@id\":\"https:\\\/\\\/www.purejewels.com\\\/product\\\/22-carat-yellow-gold-ek-onkar-pendant-43263\\\/#primaryimage\"},\"thumbnailUrl\":\"https:\\\/\\\/static.purejewels.com\\\/wp-content\\\/uploads\\\/2022\\\/11\\\/43264-2.jpg\",\"datePublished\":\"2022-11-22T08:24:24+00:00\",\"dateModified\":\"2026-01-06T07:30:01+00:00\",\"description\":\"This Ek Onkar pendant is made of 22ct gold and is a perfect gift for someone special. The pendant is handmade and available online for free UK delivery.\",\"breadcrumb\":{\"@id\":\"https:\\\/\\\/www.purejewels.com\\\/product\\\/22-carat-yellow-gold-ek-onkar-pendant-43263\\\/#breadcrumb\"},\"inLanguage\":\"de\",\"potentialAction\":[{\"@type\":\"ReadAction\",\"target\":[\"https:\\\/\\\/www.purejewels.com\\\/product\\\/22-carat-yellow-gold-ek-onkar-pendant-43263\\\/\"]}]},{\"@type\":\"ImageObject\",\"inLanguage\":\"de\",\"@id\":\"https:\\\/\\\/www.purejewels.com\\\/product\\\/22-carat-yellow-gold-ek-onkar-pendant-43263\\\/#primaryimage\",\"url\":\"https:\\\/\\\/static.purejewels.com\\\/wp-content\\\/uploads\\\/2022\\\/11\\\/43264-2.jpg\",\"contentUrl\":\"https:\\\/\\\/static.purejewels.com\\\/wp-content\\\/uploads\\\/2022\\\/11\\\/43264-2.jpg\",\"width\":1000,\"height\":1000,\"caption\":\"22 Carat Gold Ek Onkar Pendant\"},{\"@type\":\"BreadcrumbList\",\"@id\":\"https:\\\/\\\/www.purejewels.com\\\/product\\\/22-carat-yellow-gold-ek-onkar-pendant-43263\\\/#breadcrumb\",\"itemListElement\":[{\"@type\":\"ListItem\",\"position\":1,\"name\":\"Home\",\"item\":\"https:\\\/\\\/www.purejewels.com\\\/\"},{\"@type\":\"ListItem\",\"position\":2,\"name\":\"Shop\",\"item\":\"https:\\\/\\\/www.purejewels.com\\\/shop\\\/\"},{\"@type\":\"ListItem\",\"position\":3,\"name\":\"22 Carat Yellow Gold Ek Onkar Pendant\"}]},{\"@type\":\"WebSite\",\"@id\":\"https:\\\/\\\/www.purejewels.com\\\/#website\",\"url\":\"https:\\\/\\\/www.purejewels.com\\\/\",\"name\":\"PureJewels UK\",\"description\":\"Share the Love\",\"publisher\":{\"@id\":\"https:\\\/\\\/www.purejewels.com\\\/#organization\"},\"potentialAction\":[{\"@type\":\"SearchAction\",\"target\":{\"@type\":\"EntryPoint\",\"urlTemplate\":\"https:\\\/\\\/www.purejewels.com\\\/?s={search_term_string}\"},\"query-input\":{\"@type\":\"PropertyValueSpecification\",\"valueRequired\":true,\"valueName\":\"search_term_string\"}}],\"inLanguage\":\"de\"},{\"@type\":\"Organization\",\"@id\":\"https:\\\/\\\/www.purejewels.com\\\/#organization\",\"name\":\"PureJewels UK\",\"url\":\"https:\\\/\\\/www.purejewels.com\\\/\",\"logo\":{\"@type\":\"ImageObject\",\"inLanguage\":\"de\",\"@id\":\"https:\\\/\\\/www.purejewels.com\\\/#\\\/schema\\\/logo\\\/image\\\/\",\"url\":\"https:\\\/\\\/static.purejewels.com\\\/wp-content\\\/uploads\\\/2020\\\/11\\\/Logo-PJ-New-1.png\",\"contentUrl\":\"https:\\\/\\\/static.purejewels.com\\\/wp-content\\\/uploads\\\/2020\\\/11\\\/Logo-PJ-New-1.png\",\"width\":150,\"height\":80,\"caption\":\"PureJewels UK\"},\"image\":{\"@id\":\"https:\\\/\\\/www.purejewels.com\\\/#\\\/schema\\\/logo\\\/image\\\/\"}}]}<\/script>\n<!-- \/ Yoast SEO plugin. -->","yoast_head_json":{"title":"22ct Gold Ek Onkar Anh\u00e4nger | Religi\u00f6ser Anh\u00e4nger in London","description":"Dieser Ek Onkar Anh\u00e4nger ist aus 22 Karat Gold gefertigt und ist ein perfektes Geschenk f\u00fcr einen besonderen Menschen. Der Anh\u00e4nger ist handgefertigt und online f\u00fcr die kostenlose Lieferung in Gro\u00dfbritannien erh\u00e4ltlich.","robots":{"index":"index","follow":"follow","max-snippet":"max-snippet:-1","max-image-preview":"max-image-preview:large","max-video-preview":"max-video-preview:-1"},"canonical":"https:\/\/www.purejewels.com\/de\/produkt-2\/22-karat-gelbgold-ek-onkar-anhanger-43263\/","og_locale":"de_DE","og_type":"article","og_title":"22ct Gold Ek Onkar Pendant | Religious Pendant in London","og_description":"This Ek Onkar pendant is made of 22ct gold and is a perfect gift for someone special. The pendant is handmade and available online for free UK delivery.","og_url":"https:\/\/www.purejewels.com\/de\/produkt-2\/22-karat-gelbgold-ek-onkar-anhanger-43263\/","og_site_name":"PureJewels UK","article_modified_time":"2026-01-06T07:30:01+00:00","og_image":[{"width":1000,"height":1000,"url":"https:\/\/www.purejewels.com\/wp-content\/uploads\/2022\/11\/43264-2.jpg","type":"image\/jpeg"}],"twitter_card":"summary_large_image","schema":{"@context":"https:\/\/schema.org","@graph":[{"@type":["WebPage","ItemPage"],"@id":"https:\/\/www.purejewels.com\/product\/22-carat-yellow-gold-ek-onkar-pendant-43263\/","url":"https:\/\/www.purejewels.com\/product\/22-carat-yellow-gold-ek-onkar-pendant-43263\/","name":"22ct Gold Ek Onkar Anh\u00e4nger | Religi\u00f6ser Anh\u00e4nger in London","isPartOf":{"@id":"https:\/\/www.purejewels.com\/#website"},"primaryImageOfPage":{"@id":"https:\/\/www.purejewels.com\/product\/22-carat-yellow-gold-ek-onkar-pendant-43263\/#primaryimage"},"image":{"@id":"https:\/\/www.purejewels.com\/product\/22-carat-yellow-gold-ek-onkar-pendant-43263\/#primaryimage"},"thumbnailUrl":"https:\/\/static.purejewels.com\/wp-content\/uploads\/2022\/11\/43264-2.jpg","datePublished":"2022-11-22T08:24:24+00:00","dateModified":"2026-01-06T07:30:01+00:00","description":"Dieser Ek Onkar Anh\u00e4nger ist aus 22 Karat Gold gefertigt und ist ein perfektes Geschenk f\u00fcr einen besonderen Menschen. Der Anh\u00e4nger ist handgefertigt und online f\u00fcr die kostenlose Lieferung in Gro\u00dfbritannien erh\u00e4ltlich.","breadcrumb":{"@id":"https:\/\/www.purejewels.com\/product\/22-carat-yellow-gold-ek-onkar-pendant-43263\/#breadcrumb"},"inLanguage":"de","potentialAction":[{"@type":"ReadAction","target":["https:\/\/www.purejewels.com\/product\/22-carat-yellow-gold-ek-onkar-pendant-43263\/"]}]},{"@type":"ImageObject","inLanguage":"de","@id":"https:\/\/www.purejewels.com\/product\/22-carat-yellow-gold-ek-onkar-pendant-43263\/#primaryimage","url":"https:\/\/static.purejewels.com\/wp-content\/uploads\/2022\/11\/43264-2.jpg","contentUrl":"https:\/\/static.purejewels.com\/wp-content\/uploads\/2022\/11\/43264-2.jpg","width":1000,"height":1000,"caption":"22 Carat Gold Ek Onkar Pendant"},{"@type":"BreadcrumbList","@id":"https:\/\/www.purejewels.com\/product\/22-carat-yellow-gold-ek-onkar-pendant-43263\/#breadcrumb","itemListElement":[{"@type":"ListItem","position":1,"name":"Home","item":"https:\/\/www.purejewels.com\/"},{"@type":"ListItem","position":2,"name":"Shop","item":"https:\/\/www.purejewels.com\/shop\/"},{"@type":"ListItem","position":3,"name":"22 Carat Yellow Gold Ek Onkar Pendant"}]},{"@type":"WebSite","@id":"https:\/\/www.purejewels.com\/#website","url":"https:\/\/www.purejewels.com\/","name":"PureJewels UK","description":"Teile die Liebe","publisher":{"@id":"https:\/\/www.purejewels.com\/#organization"},"potentialAction":[{"@type":"SearchAction","target":{"@type":"EntryPoint","urlTemplate":"https:\/\/www.purejewels.com\/?s={search_term_string}"},"query-input":{"@type":"PropertyValueSpecification","valueRequired":true,"valueName":"search_term_string"}}],"inLanguage":"de"},{"@type":"Organization","@id":"https:\/\/www.purejewels.com\/#organization","name":"PureJewels UK","url":"https:\/\/www.purejewels.com\/","logo":{"@type":"ImageObject","inLanguage":"de","@id":"https:\/\/www.purejewels.com\/#\/schema\/logo\/image\/","url":"https:\/\/static.purejewels.com\/wp-content\/uploads\/2020\/11\/Logo-PJ-New-1.png","contentUrl":"https:\/\/static.purejewels.com\/wp-content\/uploads\/2020\/11\/Logo-PJ-New-1.png","width":150,"height":80,"caption":"PureJewels UK"},"image":{"@id":"https:\/\/www.purejewels.com\/#\/schema\/logo\/image\/"}}]}},"_links":{"self":[{"href":"https:\/\/www.purejewels.com\/de\/wp-json\/wp\/v2\/product\/341128","targetHints":{"allow":["GET"]}}],"collection":[{"href":"https:\/\/www.purejewels.com\/de\/wp-json\/wp\/v2\/product"}],"about":[{"href":"https:\/\/www.purejewels.com\/de\/wp-json\/wp\/v2\/types\/product"}],"replies":[{"embeddable":true,"href":"https:\/\/www.purejewels.com\/de\/wp-json\/wp\/v2\/comments?post=341128"}],"version-history":[{"count":0,"href":"https:\/\/www.purejewels.com\/de\/wp-json\/wp\/v2\/product\/341128\/revisions"}],"wp:featuredmedia":[{"embeddable":true,"href":"https:\/\/www.purejewels.com\/de\/wp-json\/wp\/v2\/media\/341126"}],"wp:attachment":[{"href":"https:\/\/www.purejewels.com\/de\/wp-json\/wp\/v2\/media?parent=341128"}],"wp:term":[{"taxonomy":"product_brand","embeddable":true,"href":"https:\/\/www.purejewels.com\/de\/wp-json\/wp\/v2\/product_brand?post=341128"},{"taxonomy":"product_cat","embeddable":true,"href":"https:\/\/www.purejewels.com\/de\/wp-json\/wp\/v2\/product_cat?post=341128"},{"taxonomy":"product_tag","embeddable":true,"href":"https:\/\/www.purejewels.com\/de\/wp-json\/wp\/v2\/product_tag?post=341128"}],"curies":[{"name":"wp","href":"https:\/\/api.w.org\/{rel}","templated":true}]}}