{"id":341195,"date":"2023-01-21T05:29:40","date_gmt":"2023-01-21T05:29:40","guid":{"rendered":"https:\/\/www.purejewels.com\/?post_type=product&#038;p=341195"},"modified":"2025-06-11T09:00:04","modified_gmt":"2025-06-11T08:00:04","slug":"ohrstecker-aus-18-karat-gold-43976","status":"publish","type":"product","link":"https:\/\/www.purejewels.com\/de\/product\/stud-earring-in-18ct-gold-43976\/","title":{"rendered":"Ohrstecker aus 18 Karat Wei\u00dfgold mit Diamanten"},"content":{"rendered":"<p>Erh\u00f6hen Sie Ihren Stil mit diesen <strong>atemberaubende moderne Ohrstecker<\/strong>, hergestellt in <strong>18 Karat Wei\u00dfgold<\/strong> und geschm\u00fcckt mit <strong>Brillant 0,12ct Diamanten<\/strong>. Diese Ohrringe verbinden zeitlose Eleganz mit modernem Design und sind perfekt f\u00fcr Frauen, die unaufdringlichen Luxus lieben.<\/p>\n<p>Die schillernden Diamanten fangen das Licht wundersch\u00f6n ein und machen diese Ohrringe zu einer vielseitigen Wahl, die sowohl tags\u00fcber f\u00fcr Raffinesse als auch abends f\u00fcr Glamour sorgt. Egal, ob Sie zu einer Party gehen oder Ihrem Alltagslook einen Hauch von Eleganz verleihen, diese Ohrstecker sind das ultimative Accessoire.<\/p>\n<p><strong>Wesentliche Merkmale:<\/strong><\/p>\n<ul>\n<li>Gefertigt in <strong>18 Karat Wei\u00dfgold<\/strong> f\u00fcr ein glattes, poliertes Finish.<\/li>\n<li>Versch\u00f6nert mit <strong>0,12ct Diamanten<\/strong> f\u00fcr strahlenden Glanz.<\/li>\n<li><strong>Modernes Design<\/strong> perfekt f\u00fcr Partys oder den Alltag.<\/li>\n<li>Leicht und bequem f\u00fcr lang anhaltenden Tragekomfort.<\/li>\n<\/ul>\n<p><strong>Perfekt f\u00fcr:<\/strong><\/p>\n<ul>\n<li>Besondere Anl\u00e4sse, Feste und Feiern.<\/li>\n<li>Verschenken Sie an Ihre Lieben oder g\u00f6nnen Sie sich den Luxus.<\/li>\n<\/ul>","protected":false},"excerpt":{"rendered":"<div class=\"woocommerce-product-details__short-description\">\n<table class=\"sh_desc\">\n<tbody>\n<tr>\n<td>Art des Ohrrings<\/td>\n<td>Ohrstecker<\/td>\n<\/tr>\n<tr>\n<td>SKU<\/td>\n<td>43976<\/td>\n<\/tr>\n<tr>\n<td>Gewicht<\/td>\n<td>1,8 Gramm<\/td>\n<\/tr>\n<tr>\n<td>Diamant Wt.<\/td>\n<td>0,12ct<\/td>\n<\/tr>\n<tr>\n<td>Metall<\/td>\n<td>18ct Gold<\/td>\n<\/tr>\n<tr>\n<td>Entgelte<\/td>\n<td>Lieferung und Mehrwertsteuer inbegriffen<\/td>\n<\/tr>\n<tr>\n<td>Verpackung<\/td>\n<td>Mit Pr\u00e4sentationsbox<\/td>\n<\/tr>\n<tr>\n<td>Mehr Informationen<\/td>\n<td>Live-Chat mit uns f\u00fcr die Verf\u00fcgbarkeit und mehr Bilder von Weihnachten Schmuck Geschenke f\u00fcr sie<\/td>\n<\/tr>\n<\/tbody>\n<\/table>\n<\/div>\n<div class=\"btn-atc atc-slide\"><\/div>\n<div class=\"product_meta\"><\/div>","protected":false},"featured_media":342806,"comment_status":"closed","ping_status":"closed","template":"","meta":{"_eb_attr":"","_crsspst_to_jayantr4sg-hostcom":true},"product_brand":[],"product_cat":[6086,5679,1791,1794,5458,5457,5348,1574],"product_tag":[66],"class_list":{"0":"post-341195","1":"product","2":"type-product","3":"status-publish","4":"has-post-thumbnail","6":"product_cat-18ct-gold-earring","7":"product_cat-18ct-gold-jewellery","8":"product_cat-anniversary-gifts","9":"product_cat-christmas-gifts","10":"product_cat-diamond-earring","11":"product_cat-diamond-jewellery","12":"product_cat-white-gold-jewellery","13":"product_cat-womens-jewellery","14":"product_tag-earrings","16":"first","17":"instock","18":"taxable","19":"shipping-taxable","20":"purchasable","21":"product-type-simple","22":"add-to-wishlist-before_image"},"yoast_head":"<!-- This site is optimized with the Yoast SEO plugin v27.5 - https:\/\/yoast.com\/product\/yoast-seo-wordpress\/ -->\n<title>Stud Earring with Diamonds in 18ct White Gold | PureJewels UK<\/title>\n<meta name=\"description\" content=\"Add a touch of luxury to your everyday look with these stunning stud earrings, crafted from 18ct white gold. Buy this earring online today! Free UK Delivery\" \/>\n<meta name=\"robots\" content=\"index, follow, max-snippet:-1, max-image-preview:large, max-video-preview:-1\" \/>\n<link rel=\"canonical\" href=\"https:\/\/www.purejewels.com\/de\/produkt-2\/ohrstecker-aus-18-karat-gold-43976\/\" \/>\n<meta property=\"og:locale\" content=\"de_DE\" \/>\n<meta property=\"og:type\" content=\"article\" \/>\n<meta property=\"og:title\" content=\"Stud Earring with Diamonds in 18ct White Gold | PureJewels UK\" \/>\n<meta property=\"og:description\" content=\"Add a touch of luxury to your everyday look with these stunning stud earrings, crafted from 18ct white gold. Buy this earring online today! Free UK Delivery\" \/>\n<meta property=\"og:url\" content=\"https:\/\/www.purejewels.com\/de\/produkt-2\/ohrstecker-aus-18-karat-gold-43976\/\" \/>\n<meta property=\"og:site_name\" content=\"PureJewels UK\" \/>\n<meta property=\"article:modified_time\" content=\"2025-06-11T08:00:04+00:00\" \/>\n<meta property=\"og:image\" content=\"https:\/\/www.purejewels.com\/wp-content\/uploads\/2022\/11\/43976-1-1.jpg\" \/>\n\t<meta property=\"og:image:width\" content=\"1000\" \/>\n\t<meta property=\"og:image:height\" content=\"1000\" \/>\n\t<meta property=\"og:image:type\" content=\"image\/jpeg\" \/>\n<meta name=\"twitter:card\" content=\"summary_large_image\" \/>\n<meta name=\"twitter:label1\" content=\"Gesch\u00e4tzte Lesezeit\" \/>\n\t<meta name=\"twitter:data1\" content=\"1\u00a0Minute\" \/>\n<script type=\"application\/ld+json\" class=\"yoast-schema-graph\">{\"@context\":\"https:\\\/\\\/schema.org\",\"@graph\":[{\"@type\":[\"WebPage\",\"ItemPage\"],\"@id\":\"https:\\\/\\\/www.purejewels.com\\\/product\\\/stud-earring-in-18ct-gold-43976\\\/\",\"url\":\"https:\\\/\\\/www.purejewels.com\\\/product\\\/stud-earring-in-18ct-gold-43976\\\/\",\"name\":\"Stud Earring with Diamonds in 18ct White Gold | PureJewels UK\",\"isPartOf\":{\"@id\":\"https:\\\/\\\/www.purejewels.com\\\/#website\"},\"primaryImageOfPage\":{\"@id\":\"https:\\\/\\\/www.purejewels.com\\\/product\\\/stud-earring-in-18ct-gold-43976\\\/#primaryimage\"},\"image\":{\"@id\":\"https:\\\/\\\/www.purejewels.com\\\/product\\\/stud-earring-in-18ct-gold-43976\\\/#primaryimage\"},\"thumbnailUrl\":\"https:\\\/\\\/static.purejewels.com\\\/wp-content\\\/uploads\\\/2022\\\/11\\\/43976-1-1.jpg\",\"datePublished\":\"2023-01-21T05:29:40+00:00\",\"dateModified\":\"2025-06-11T08:00:04+00:00\",\"description\":\"Add a touch of luxury to your everyday look with these stunning stud earrings, crafted from 18ct white gold. Buy this earring online today! Free UK Delivery\",\"breadcrumb\":{\"@id\":\"https:\\\/\\\/www.purejewels.com\\\/product\\\/stud-earring-in-18ct-gold-43976\\\/#breadcrumb\"},\"inLanguage\":\"de\",\"potentialAction\":[{\"@type\":\"ReadAction\",\"target\":[\"https:\\\/\\\/www.purejewels.com\\\/product\\\/stud-earring-in-18ct-gold-43976\\\/\"]}]},{\"@type\":\"ImageObject\",\"inLanguage\":\"de\",\"@id\":\"https:\\\/\\\/www.purejewels.com\\\/product\\\/stud-earring-in-18ct-gold-43976\\\/#primaryimage\",\"url\":\"https:\\\/\\\/static.purejewels.com\\\/wp-content\\\/uploads\\\/2022\\\/11\\\/43976-1-1.jpg\",\"contentUrl\":\"https:\\\/\\\/static.purejewels.com\\\/wp-content\\\/uploads\\\/2022\\\/11\\\/43976-1-1.jpg\",\"width\":1000,\"height\":1000,\"caption\":\"Stud Earring in 18ct White Gold\"},{\"@type\":\"BreadcrumbList\",\"@id\":\"https:\\\/\\\/www.purejewels.com\\\/product\\\/stud-earring-in-18ct-gold-43976\\\/#breadcrumb\",\"itemListElement\":[{\"@type\":\"ListItem\",\"position\":1,\"name\":\"Home\",\"item\":\"https:\\\/\\\/www.purejewels.com\\\/\"},{\"@type\":\"ListItem\",\"position\":2,\"name\":\"Shop\",\"item\":\"https:\\\/\\\/www.purejewels.com\\\/shop\\\/\"},{\"@type\":\"ListItem\",\"position\":3,\"name\":\"Stud Earring in 18ct White Gold with Diamonds\"}]},{\"@type\":\"WebSite\",\"@id\":\"https:\\\/\\\/www.purejewels.com\\\/#website\",\"url\":\"https:\\\/\\\/www.purejewels.com\\\/\",\"name\":\"PureJewels UK\",\"description\":\"Share the Love\",\"publisher\":{\"@id\":\"https:\\\/\\\/www.purejewels.com\\\/#organization\"},\"potentialAction\":[{\"@type\":\"SearchAction\",\"target\":{\"@type\":\"EntryPoint\",\"urlTemplate\":\"https:\\\/\\\/www.purejewels.com\\\/?s={search_term_string}\"},\"query-input\":{\"@type\":\"PropertyValueSpecification\",\"valueRequired\":true,\"valueName\":\"search_term_string\"}}],\"inLanguage\":\"de\"},{\"@type\":\"Organization\",\"@id\":\"https:\\\/\\\/www.purejewels.com\\\/#organization\",\"name\":\"PureJewels UK\",\"url\":\"https:\\\/\\\/www.purejewels.com\\\/\",\"logo\":{\"@type\":\"ImageObject\",\"inLanguage\":\"de\",\"@id\":\"https:\\\/\\\/www.purejewels.com\\\/#\\\/schema\\\/logo\\\/image\\\/\",\"url\":\"https:\\\/\\\/static.purejewels.com\\\/wp-content\\\/uploads\\\/2020\\\/11\\\/Logo-PJ-New-1.png\",\"contentUrl\":\"https:\\\/\\\/static.purejewels.com\\\/wp-content\\\/uploads\\\/2020\\\/11\\\/Logo-PJ-New-1.png\",\"width\":150,\"height\":80,\"caption\":\"PureJewels UK\"},\"image\":{\"@id\":\"https:\\\/\\\/www.purejewels.com\\\/#\\\/schema\\\/logo\\\/image\\\/\"}}]}<\/script>\n<!-- \/ Yoast SEO plugin. -->","yoast_head_json":{"title":"Ohrstecker mit Diamanten in 18ct Wei\u00dfgold | PureJewels UK","description":"Verleihen Sie Ihrem Alltagslook einen Hauch von Luxus mit diesen atemberaubenden Ohrsteckern aus 18 Karat Wei\u00dfgold. Kaufen Sie diesen Ohrring noch heute online! Kostenlose Lieferung nach Gro\u00dfbritannien","robots":{"index":"index","follow":"follow","max-snippet":"max-snippet:-1","max-image-preview":"max-image-preview:large","max-video-preview":"max-video-preview:-1"},"canonical":"https:\/\/www.purejewels.com\/de\/produkt-2\/ohrstecker-aus-18-karat-gold-43976\/","og_locale":"de_DE","og_type":"article","og_title":"Stud Earring with Diamonds in 18ct White Gold | PureJewels UK","og_description":"Add a touch of luxury to your everyday look with these stunning stud earrings, crafted from 18ct white gold. Buy this earring online today! Free UK Delivery","og_url":"https:\/\/www.purejewels.com\/de\/produkt-2\/ohrstecker-aus-18-karat-gold-43976\/","og_site_name":"PureJewels UK","article_modified_time":"2025-06-11T08:00:04+00:00","og_image":[{"width":1000,"height":1000,"url":"https:\/\/www.purejewels.com\/wp-content\/uploads\/2022\/11\/43976-1-1.jpg","type":"image\/jpeg"}],"twitter_card":"summary_large_image","twitter_misc":{"Gesch\u00e4tzte Lesezeit":"1\u00a0Minute"},"schema":{"@context":"https:\/\/schema.org","@graph":[{"@type":["WebPage","ItemPage"],"@id":"https:\/\/www.purejewels.com\/product\/stud-earring-in-18ct-gold-43976\/","url":"https:\/\/www.purejewels.com\/product\/stud-earring-in-18ct-gold-43976\/","name":"Ohrstecker mit Diamanten in 18ct Wei\u00dfgold | PureJewels UK","isPartOf":{"@id":"https:\/\/www.purejewels.com\/#website"},"primaryImageOfPage":{"@id":"https:\/\/www.purejewels.com\/product\/stud-earring-in-18ct-gold-43976\/#primaryimage"},"image":{"@id":"https:\/\/www.purejewels.com\/product\/stud-earring-in-18ct-gold-43976\/#primaryimage"},"thumbnailUrl":"https:\/\/static.purejewels.com\/wp-content\/uploads\/2022\/11\/43976-1-1.jpg","datePublished":"2023-01-21T05:29:40+00:00","dateModified":"2025-06-11T08:00:04+00:00","description":"Verleihen Sie Ihrem Alltagslook einen Hauch von Luxus mit diesen atemberaubenden Ohrsteckern aus 18 Karat Wei\u00dfgold. Kaufen Sie diesen Ohrring noch heute online! Kostenlose Lieferung nach Gro\u00dfbritannien","breadcrumb":{"@id":"https:\/\/www.purejewels.com\/product\/stud-earring-in-18ct-gold-43976\/#breadcrumb"},"inLanguage":"de","potentialAction":[{"@type":"ReadAction","target":["https:\/\/www.purejewels.com\/product\/stud-earring-in-18ct-gold-43976\/"]}]},{"@type":"ImageObject","inLanguage":"de","@id":"https:\/\/www.purejewels.com\/product\/stud-earring-in-18ct-gold-43976\/#primaryimage","url":"https:\/\/static.purejewels.com\/wp-content\/uploads\/2022\/11\/43976-1-1.jpg","contentUrl":"https:\/\/static.purejewels.com\/wp-content\/uploads\/2022\/11\/43976-1-1.jpg","width":1000,"height":1000,"caption":"Stud Earring in 18ct White Gold"},{"@type":"BreadcrumbList","@id":"https:\/\/www.purejewels.com\/product\/stud-earring-in-18ct-gold-43976\/#breadcrumb","itemListElement":[{"@type":"ListItem","position":1,"name":"Home","item":"https:\/\/www.purejewels.com\/"},{"@type":"ListItem","position":2,"name":"Shop","item":"https:\/\/www.purejewels.com\/shop\/"},{"@type":"ListItem","position":3,"name":"Stud Earring in 18ct White Gold with Diamonds"}]},{"@type":"WebSite","@id":"https:\/\/www.purejewels.com\/#website","url":"https:\/\/www.purejewels.com\/","name":"PureJewels UK","description":"Teile die Liebe","publisher":{"@id":"https:\/\/www.purejewels.com\/#organization"},"potentialAction":[{"@type":"SearchAction","target":{"@type":"EntryPoint","urlTemplate":"https:\/\/www.purejewels.com\/?s={search_term_string}"},"query-input":{"@type":"PropertyValueSpecification","valueRequired":true,"valueName":"search_term_string"}}],"inLanguage":"de"},{"@type":"Organization","@id":"https:\/\/www.purejewels.com\/#organization","name":"PureJewels UK","url":"https:\/\/www.purejewels.com\/","logo":{"@type":"ImageObject","inLanguage":"de","@id":"https:\/\/www.purejewels.com\/#\/schema\/logo\/image\/","url":"https:\/\/static.purejewels.com\/wp-content\/uploads\/2020\/11\/Logo-PJ-New-1.png","contentUrl":"https:\/\/static.purejewels.com\/wp-content\/uploads\/2020\/11\/Logo-PJ-New-1.png","width":150,"height":80,"caption":"PureJewels UK"},"image":{"@id":"https:\/\/www.purejewels.com\/#\/schema\/logo\/image\/"}}]}},"_links":{"self":[{"href":"https:\/\/www.purejewels.com\/de\/wp-json\/wp\/v2\/product\/341195","targetHints":{"allow":["GET"]}}],"collection":[{"href":"https:\/\/www.purejewels.com\/de\/wp-json\/wp\/v2\/product"}],"about":[{"href":"https:\/\/www.purejewels.com\/de\/wp-json\/wp\/v2\/types\/product"}],"replies":[{"embeddable":true,"href":"https:\/\/www.purejewels.com\/de\/wp-json\/wp\/v2\/comments?post=341195"}],"version-history":[{"count":2,"href":"https:\/\/www.purejewels.com\/de\/wp-json\/wp\/v2\/product\/341195\/revisions"}],"predecessor-version":[{"id":377852,"href":"https:\/\/www.purejewels.com\/de\/wp-json\/wp\/v2\/product\/341195\/revisions\/377852"}],"wp:featuredmedia":[{"embeddable":true,"href":"https:\/\/www.purejewels.com\/de\/wp-json\/wp\/v2\/media\/342806"}],"wp:attachment":[{"href":"https:\/\/www.purejewels.com\/de\/wp-json\/wp\/v2\/media?parent=341195"}],"wp:term":[{"taxonomy":"product_brand","embeddable":true,"href":"https:\/\/www.purejewels.com\/de\/wp-json\/wp\/v2\/product_brand?post=341195"},{"taxonomy":"product_cat","embeddable":true,"href":"https:\/\/www.purejewels.com\/de\/wp-json\/wp\/v2\/product_cat?post=341195"},{"taxonomy":"product_tag","embeddable":true,"href":"https:\/\/www.purejewels.com\/de\/wp-json\/wp\/v2\/product_tag?post=341195"}],"curies":[{"name":"wp","href":"https:\/\/api.w.org\/{rel}","templated":true}]}}