{"id":341610,"date":"2022-04-07T12:41:39","date_gmt":"2022-04-07T11:41:39","guid":{"rendered":"https:\/\/www.purejewels.com\/?post_type=product&#038;p=341610"},"modified":"2026-01-06T05:25:28","modified_gmt":"2026-01-06T05:25:28","slug":"18ct-damen-ohrstecker-10049","status":"publish","type":"product","link":"https:\/\/www.purejewels.com\/de\/product\/18ct-ladies-stud-earing-10049\/","title":{"rendered":"Ohrstecker aus 18 Karat Wei\u00dfgold"},"content":{"rendered":"<p><strong><a href=\"https:\/\/www.purejewels.com\/de\/product\/diamond-bracelet-in-18ct-white-gold\/\">18ct Wei\u00dfgold<\/a> CZ <a href=\"https:\/\/www.purejewels.com\/de\/product\/18ct-yellow-gold-diamond-stud-earring-48532\/\">Diamant-Bolzen<\/a> <a href=\"https:\/\/www.purejewels.com\/de\/product-category\/22ct-gold-jewellery\/gold-earrings\/\">Ohrringe<\/a><\/strong><\/p>\n<p>Verleihen Sie dem Ganzen einen Hauch von Eleganz mit diesen <strong><a href=\"https:\/\/www.purejewels.com\/de\/product\/18ct-white-gold-khanda-sikh-religious-pendant-6226\/\">18ct<\/a> wei\u00df <a href=\"https:\/\/www.purejewels.com\/de\/product\/gold-stud-earrings-42487\/\">Gold-Ohrstecker<\/a><\/strong>mit funkelnden <strong>CZ-Diamanten<\/strong> in einem zarten, floral inspirierten Design. Diese leichten Ohrringe sind perfekt f\u00fcr den Alltag oder besondere Anl\u00e4sse und verbinden Raffinesse und Vielseitigkeit.<\/p>\n<p><strong>Merkmale:<\/strong><\/p>\n<ul>\n<li><strong>18 Karat Wei\u00dfgold<\/strong> f\u00fcr ein poliertes, luxuri\u00f6ses Finish.<\/li>\n<li>Set mit brillanten <strong>CZ-Diamanten<\/strong> f\u00fcr ein strahlendes Aussehen.<\/li>\n<li>Bequem und elegant f\u00fcr den ganzen Tag.<\/li>\n<\/ul>\n<p>Diese <strong>CZ <a href=\"https:\/\/www.purejewels.com\/de\/product\/diamond-studs-42511\/\">Diamant-Nieten<\/a><\/strong> sind die perfekte Mischung aus Sch\u00f6nheit und Zweckm\u00e4\u00dfigkeit und damit eine zeitlose Erg\u00e4nzung f\u00fcr jede Schmucksammlung.<\/p>\n<ul>\n<li>Gewicht. 4,4 gm<\/li>\n<li>SKU. 10049<\/li>\n<\/ul>","protected":false},"excerpt":{"rendered":"<table class=\"sh_desc\">\n<tbody>\n<tr>\n<td>Art des Ohrrings<\/td>\n<td>Ohrstecker<\/td>\n<\/tr>\n<tr>\n<td>SKU<\/td>\n<td>10049<\/td>\n<\/tr>\n<tr>\n<td>Wt.<\/td>\n<td>4.4 Gms<\/td>\n<\/tr>\n<tr>\n<td>Stein<\/td>\n<td>CZ<\/td>\n<\/tr>\n<tr>\n<td>Metall<\/td>\n<td>18ct Wei\u00dfgold<\/td>\n<\/tr>\n<tr>\n<td>Entgelte<\/td>\n<td>Lieferung und Mehrwertsteuer inbegriffen<\/td>\n<\/tr>\n<tr>\n<td>Verpackung<\/td>\n<td>Mit Pr\u00e4sentationsbox<\/td>\n<\/tr>\n<tr>\n<td>Mehr Informationen<\/td>\n<td>Live-Chat mit uns f\u00fcr Verf\u00fcgbarkeit und mehr Bilder<\/td>\n<\/tr>\n<\/tbody>\n<\/table>","protected":false},"featured_media":348344,"comment_status":"closed","ping_status":"closed","template":"","meta":{"_eb_attr":"","_crsspst_to_jayantr4sg-hostcom":false},"product_brand":[],"product_cat":[6086,5679,1791,1559,1794,6150,1254,1577,1575,1569,5348,1574],"product_tag":[5895,5893,1430,5894,5892],"class_list":{"0":"post-341610","1":"product","2":"type-product","3":"status-publish","4":"has-post-thumbnail","6":"product_cat-18ct-gold-earring","7":"product_cat-18ct-gold-jewellery","8":"product_cat-anniversary-gifts","9":"product_cat-birthday-gifts","10":"product_cat-christmas-gifts","11":"product_cat-cubic-zirconia-ear-studs","12":"product_cat-gold-earrings","13":"product_cat-stud-earrings","14":"product_cat-teenage-jewellery","15":"product_cat-valentine-day-gifts","16":"product_cat-white-gold-jewellery","17":"product_cat-womens-jewellery","18":"product_tag-affordable-luxury-jewelry","19":"product_tag-cz-diamond-earrings","20":"product_tag-diwali-gift","21":"product_tag-everyday-elegant-earrings","22":"product_tag-white-gold-stud-earrings","24":"first","25":"instock","26":"taxable","27":"shipping-taxable","28":"purchasable","29":"product-type-simple","30":"add-to-wishlist-before_image"},"yoast_head":"<!-- This site is optimized with the Yoast SEO plugin v27.4 - https:\/\/yoast.com\/product\/yoast-seo-wordpress\/ -->\n<title>Order 18ct White Gold Stud Earring from PureJewels UK<\/title>\n<meta name=\"description\" content=\"Shop and indulge in luxury with our 18ct white gold stud earrings. Elevate your look with timeless elegance and exceptional craftsmanship. Buy now!\" \/>\n<meta name=\"robots\" content=\"index, follow, max-snippet:-1, max-image-preview:large, max-video-preview:-1\" \/>\n<link rel=\"canonical\" href=\"https:\/\/www.purejewels.com\/de\/produkt-2\/18ct-damen-ohrstecker-10049\/\" \/>\n<meta property=\"og:locale\" content=\"de_DE\" \/>\n<meta property=\"og:type\" content=\"article\" \/>\n<meta property=\"og:title\" content=\"Order 18ct White Gold Stud Earring from PureJewels UK\" \/>\n<meta property=\"og:description\" content=\"Shop and indulge in luxury with our 18ct white gold stud earrings. Elevate your look with timeless elegance and exceptional craftsmanship. Buy now!\" \/>\n<meta property=\"og:url\" content=\"https:\/\/www.purejewels.com\/de\/produkt-2\/18ct-damen-ohrstecker-10049\/\" \/>\n<meta property=\"og:site_name\" content=\"PureJewels UK\" \/>\n<meta property=\"article:modified_time\" content=\"2026-01-06T05:25:28+00:00\" \/>\n<meta property=\"og:image\" content=\"https:\/\/www.purejewels.com\/wp-content\/uploads\/2022\/04\/SKU-10049.jpg\" \/>\n\t<meta property=\"og:image:width\" content=\"1074\" \/>\n\t<meta property=\"og:image:height\" content=\"1074\" \/>\n\t<meta property=\"og:image:type\" content=\"image\/jpeg\" \/>\n<meta name=\"twitter:card\" content=\"summary_large_image\" \/>\n<script type=\"application\/ld+json\" class=\"yoast-schema-graph\">{\"@context\":\"https:\\\/\\\/schema.org\",\"@graph\":[{\"@type\":[\"WebPage\",\"ItemPage\"],\"@id\":\"https:\\\/\\\/www.purejewels.com\\\/product\\\/18ct-ladies-stud-earing-10049\\\/\",\"url\":\"https:\\\/\\\/www.purejewels.com\\\/product\\\/18ct-ladies-stud-earing-10049\\\/\",\"name\":\"Order 18ct White Gold Stud Earring from PureJewels UK\",\"isPartOf\":{\"@id\":\"https:\\\/\\\/www.purejewels.com\\\/#website\"},\"primaryImageOfPage\":{\"@id\":\"https:\\\/\\\/www.purejewels.com\\\/product\\\/18ct-ladies-stud-earing-10049\\\/#primaryimage\"},\"image\":{\"@id\":\"https:\\\/\\\/www.purejewels.com\\\/product\\\/18ct-ladies-stud-earing-10049\\\/#primaryimage\"},\"thumbnailUrl\":\"https:\\\/\\\/static.purejewels.com\\\/wp-content\\\/uploads\\\/2022\\\/04\\\/SKU-10049.jpg\",\"datePublished\":\"2022-04-07T11:41:39+00:00\",\"dateModified\":\"2026-01-06T05:25:28+00:00\",\"description\":\"Shop and indulge in luxury with our 18ct white gold stud earrings. Elevate your look with timeless elegance and exceptional craftsmanship. Buy now!\",\"breadcrumb\":{\"@id\":\"https:\\\/\\\/www.purejewels.com\\\/product\\\/18ct-ladies-stud-earing-10049\\\/#breadcrumb\"},\"inLanguage\":\"de\",\"potentialAction\":[{\"@type\":\"ReadAction\",\"target\":[\"https:\\\/\\\/www.purejewels.com\\\/product\\\/18ct-ladies-stud-earing-10049\\\/\"]}]},{\"@type\":\"ImageObject\",\"inLanguage\":\"de\",\"@id\":\"https:\\\/\\\/www.purejewels.com\\\/product\\\/18ct-ladies-stud-earing-10049\\\/#primaryimage\",\"url\":\"https:\\\/\\\/static.purejewels.com\\\/wp-content\\\/uploads\\\/2022\\\/04\\\/SKU-10049.jpg\",\"contentUrl\":\"https:\\\/\\\/static.purejewels.com\\\/wp-content\\\/uploads\\\/2022\\\/04\\\/SKU-10049.jpg\",\"width\":1074,\"height\":1074,\"caption\":\"18ct White Gold Stud Earring\"},{\"@type\":\"BreadcrumbList\",\"@id\":\"https:\\\/\\\/www.purejewels.com\\\/product\\\/18ct-ladies-stud-earing-10049\\\/#breadcrumb\",\"itemListElement\":[{\"@type\":\"ListItem\",\"position\":1,\"name\":\"Home\",\"item\":\"https:\\\/\\\/www.purejewels.com\\\/\"},{\"@type\":\"ListItem\",\"position\":2,\"name\":\"Shop\",\"item\":\"https:\\\/\\\/www.purejewels.com\\\/shop\\\/\"},{\"@type\":\"ListItem\",\"position\":3,\"name\":\"18ct White Gold Stud Earring\"}]},{\"@type\":\"WebSite\",\"@id\":\"https:\\\/\\\/www.purejewels.com\\\/#website\",\"url\":\"https:\\\/\\\/www.purejewels.com\\\/\",\"name\":\"PureJewels UK\",\"description\":\"Share the Love\",\"publisher\":{\"@id\":\"https:\\\/\\\/www.purejewels.com\\\/#organization\"},\"potentialAction\":[{\"@type\":\"SearchAction\",\"target\":{\"@type\":\"EntryPoint\",\"urlTemplate\":\"https:\\\/\\\/www.purejewels.com\\\/?s={search_term_string}\"},\"query-input\":{\"@type\":\"PropertyValueSpecification\",\"valueRequired\":true,\"valueName\":\"search_term_string\"}}],\"inLanguage\":\"de\"},{\"@type\":\"Organization\",\"@id\":\"https:\\\/\\\/www.purejewels.com\\\/#organization\",\"name\":\"PureJewels UK\",\"url\":\"https:\\\/\\\/www.purejewels.com\\\/\",\"logo\":{\"@type\":\"ImageObject\",\"inLanguage\":\"de\",\"@id\":\"https:\\\/\\\/www.purejewels.com\\\/#\\\/schema\\\/logo\\\/image\\\/\",\"url\":\"https:\\\/\\\/static.purejewels.com\\\/wp-content\\\/uploads\\\/2020\\\/11\\\/Logo-PJ-New-1.png\",\"contentUrl\":\"https:\\\/\\\/static.purejewels.com\\\/wp-content\\\/uploads\\\/2020\\\/11\\\/Logo-PJ-New-1.png\",\"width\":150,\"height\":80,\"caption\":\"PureJewels UK\"},\"image\":{\"@id\":\"https:\\\/\\\/www.purejewels.com\\\/#\\\/schema\\\/logo\\\/image\\\/\"}}]}<\/script>\n<!-- \/ Yoast SEO plugin. -->","yoast_head_json":{"title":"Bestellen Sie 18ct White Gold Ohrstecker von PureJewels UK","description":"Shoppen Sie und g\u00f6nnen Sie sich Luxus mit unseren Ohrsteckern aus 18 Karat Wei\u00dfgold. Erh\u00f6hen Sie Ihren Look mit zeitloser Eleganz und au\u00dfergew\u00f6hnlicher Handwerkskunst. Jetzt kaufen!","robots":{"index":"index","follow":"follow","max-snippet":"max-snippet:-1","max-image-preview":"max-image-preview:large","max-video-preview":"max-video-preview:-1"},"canonical":"https:\/\/www.purejewels.com\/de\/produkt-2\/18ct-damen-ohrstecker-10049\/","og_locale":"de_DE","og_type":"article","og_title":"Order 18ct White Gold Stud Earring from PureJewels UK","og_description":"Shop and indulge in luxury with our 18ct white gold stud earrings. Elevate your look with timeless elegance and exceptional craftsmanship. Buy now!","og_url":"https:\/\/www.purejewels.com\/de\/produkt-2\/18ct-damen-ohrstecker-10049\/","og_site_name":"PureJewels UK","article_modified_time":"2026-01-06T05:25:28+00:00","og_image":[{"width":1074,"height":1074,"url":"https:\/\/www.purejewels.com\/wp-content\/uploads\/2022\/04\/SKU-10049.jpg","type":"image\/jpeg"}],"twitter_card":"summary_large_image","schema":{"@context":"https:\/\/schema.org","@graph":[{"@type":["WebPage","ItemPage"],"@id":"https:\/\/www.purejewels.com\/product\/18ct-ladies-stud-earing-10049\/","url":"https:\/\/www.purejewels.com\/product\/18ct-ladies-stud-earing-10049\/","name":"Bestellen Sie 18ct White Gold Ohrstecker von PureJewels UK","isPartOf":{"@id":"https:\/\/www.purejewels.com\/#website"},"primaryImageOfPage":{"@id":"https:\/\/www.purejewels.com\/product\/18ct-ladies-stud-earing-10049\/#primaryimage"},"image":{"@id":"https:\/\/www.purejewels.com\/product\/18ct-ladies-stud-earing-10049\/#primaryimage"},"thumbnailUrl":"https:\/\/static.purejewels.com\/wp-content\/uploads\/2022\/04\/SKU-10049.jpg","datePublished":"2022-04-07T11:41:39+00:00","dateModified":"2026-01-06T05:25:28+00:00","description":"Shoppen Sie und g\u00f6nnen Sie sich Luxus mit unseren Ohrsteckern aus 18 Karat Wei\u00dfgold. Erh\u00f6hen Sie Ihren Look mit zeitloser Eleganz und au\u00dfergew\u00f6hnlicher Handwerkskunst. Jetzt kaufen!","breadcrumb":{"@id":"https:\/\/www.purejewels.com\/product\/18ct-ladies-stud-earing-10049\/#breadcrumb"},"inLanguage":"de","potentialAction":[{"@type":"ReadAction","target":["https:\/\/www.purejewels.com\/product\/18ct-ladies-stud-earing-10049\/"]}]},{"@type":"ImageObject","inLanguage":"de","@id":"https:\/\/www.purejewels.com\/product\/18ct-ladies-stud-earing-10049\/#primaryimage","url":"https:\/\/static.purejewels.com\/wp-content\/uploads\/2022\/04\/SKU-10049.jpg","contentUrl":"https:\/\/static.purejewels.com\/wp-content\/uploads\/2022\/04\/SKU-10049.jpg","width":1074,"height":1074,"caption":"18ct White Gold Stud Earring"},{"@type":"BreadcrumbList","@id":"https:\/\/www.purejewels.com\/product\/18ct-ladies-stud-earing-10049\/#breadcrumb","itemListElement":[{"@type":"ListItem","position":1,"name":"Home","item":"https:\/\/www.purejewels.com\/"},{"@type":"ListItem","position":2,"name":"Shop","item":"https:\/\/www.purejewels.com\/shop\/"},{"@type":"ListItem","position":3,"name":"18ct White Gold Stud Earring"}]},{"@type":"WebSite","@id":"https:\/\/www.purejewels.com\/#website","url":"https:\/\/www.purejewels.com\/","name":"PureJewels UK","description":"Teile die Liebe","publisher":{"@id":"https:\/\/www.purejewels.com\/#organization"},"potentialAction":[{"@type":"SearchAction","target":{"@type":"EntryPoint","urlTemplate":"https:\/\/www.purejewels.com\/?s={search_term_string}"},"query-input":{"@type":"PropertyValueSpecification","valueRequired":true,"valueName":"search_term_string"}}],"inLanguage":"de"},{"@type":"Organization","@id":"https:\/\/www.purejewels.com\/#organization","name":"PureJewels UK","url":"https:\/\/www.purejewels.com\/","logo":{"@type":"ImageObject","inLanguage":"de","@id":"https:\/\/www.purejewels.com\/#\/schema\/logo\/image\/","url":"https:\/\/static.purejewels.com\/wp-content\/uploads\/2020\/11\/Logo-PJ-New-1.png","contentUrl":"https:\/\/static.purejewels.com\/wp-content\/uploads\/2020\/11\/Logo-PJ-New-1.png","width":150,"height":80,"caption":"PureJewels UK"},"image":{"@id":"https:\/\/www.purejewels.com\/#\/schema\/logo\/image\/"}}]}},"_links":{"self":[{"href":"https:\/\/www.purejewels.com\/de\/wp-json\/wp\/v2\/product\/341610","targetHints":{"allow":["GET"]}}],"collection":[{"href":"https:\/\/www.purejewels.com\/de\/wp-json\/wp\/v2\/product"}],"about":[{"href":"https:\/\/www.purejewels.com\/de\/wp-json\/wp\/v2\/types\/product"}],"replies":[{"embeddable":true,"href":"https:\/\/www.purejewels.com\/de\/wp-json\/wp\/v2\/comments?post=341610"}],"version-history":[{"count":3,"href":"https:\/\/www.purejewels.com\/de\/wp-json\/wp\/v2\/product\/341610\/revisions"}],"predecessor-version":[{"id":398236,"href":"https:\/\/www.purejewels.com\/de\/wp-json\/wp\/v2\/product\/341610\/revisions\/398236"}],"wp:featuredmedia":[{"embeddable":true,"href":"https:\/\/www.purejewels.com\/de\/wp-json\/wp\/v2\/media\/348344"}],"wp:attachment":[{"href":"https:\/\/www.purejewels.com\/de\/wp-json\/wp\/v2\/media?parent=341610"}],"wp:term":[{"taxonomy":"product_brand","embeddable":true,"href":"https:\/\/www.purejewels.com\/de\/wp-json\/wp\/v2\/product_brand?post=341610"},{"taxonomy":"product_cat","embeddable":true,"href":"https:\/\/www.purejewels.com\/de\/wp-json\/wp\/v2\/product_cat?post=341610"},{"taxonomy":"product_tag","embeddable":true,"href":"https:\/\/www.purejewels.com\/de\/wp-json\/wp\/v2\/product_tag?post=341610"}],"curies":[{"name":"wp","href":"https:\/\/api.w.org\/{rel}","templated":true}]}}