{"id":341616,"date":"2022-11-07T13:32:52","date_gmt":"2022-11-07T13:32:52","guid":{"rendered":"https:\/\/www.purejewels.com\/?post_type=product&#038;p=341616"},"modified":"2026-01-07T10:40:45","modified_gmt":"2026-01-07T10:40:45","slug":"mangalsutra-aus-18-karat-weisgold-20719","status":"publish","type":"product","link":"https:\/\/www.purejewels.com\/de\/product\/18ct-white-gold-mangalsutra-20719\/","title":{"rendered":"18ct Wei\u00dfgold Mangalsutra | 18 Zentimeter"},"content":{"rendered":"<ul>\n<li><b>SKU:<\/b>\u00a046417<\/li>\n<li><b>Bereich ID WDMG270<\/b><\/li>\n<\/ul>","protected":false},"excerpt":{"rendered":"<ul>\n<li>18ct <span id=\"urn:enhancement-f3cda60\" class=\"textannotation\">Gold<\/span>\u00a0<span id=\"urn:enhancement-ca833d9f\" class=\"textannotation\">Mangalsutra<\/span><\/li>\n<li><span id=\"urn:enhancement-c29abd9a\" class=\"textannotation\">Gewicht<\/span>: 7,7 g<\/li>\n<li>Diamant-Gewicht 0,81 ct.<\/li>\n<li><span id=\"urn:enhancement-935c9453\" class=\"textannotation\">SKU<\/span>. 46417<\/li>\n<li>Alle\u00a0<span id=\"urn:enhancement-75b5942b\" class=\"textannotation\">Preise<\/span>\u00a0einschlie\u00dflich Mehrwertsteuer<\/li>\n<li>Mit Pr\u00e4sentationsbox<\/li>\n<li><span id=\"urn:enhancement-e06c9b71\" class=\"textannotation\">Lieferung<\/span>\u00a0ist inbegriffen<\/li>\n<li>Live\u00a0<span id=\"urn:enhancement-60df707d\" class=\"textannotation\">Chat<\/span>\u00a0Verf\u00fcgbarkeit und weitere Bilder von \u00e4hnlichen Designs, die derzeit in\u00a0<span id=\"urn:enhancement-973de08f\" class=\"textannotation\">Aktie<\/span><\/li>\n<li>Mehr Mangalsutra erkunden<\/li>\n<\/ul>","protected":false},"featured_media":353186,"comment_status":"closed","ping_status":"closed","template":"","meta":{"_eb_attr":"","_crsspst_to_jayantr4sg-hostcom":true},"product_brand":[],"product_cat":[5679,6087,1791,1559,5457,5461,1284,1776,1574],"product_tag":[],"class_list":{"0":"post-341616","1":"product","2":"type-product","3":"status-publish","4":"has-post-thumbnail","6":"product_cat-18ct-gold-jewellery","7":"product_cat-18ct-gold-managlsutra","8":"product_cat-anniversary-gifts","9":"product_cat-birthday-gifts","10":"product_cat-diamond-jewellery","11":"product_cat-diamond-mangalsutras","12":"product_cat-gold-mangalsutras","13":"product_cat-occasional-wear-mangalsutras","14":"product_cat-womens-jewellery","16":"first","17":"instock","18":"taxable","19":"shipping-taxable","20":"purchasable","21":"product-type-simple","22":"add-to-wishlist-before_image"},"yoast_head":"<!-- This site is optimized with the Yoast SEO plugin v27.3 - https:\/\/yoast.com\/product\/yoast-seo-wordpress\/ -->\n<title>18 carat Gold Mangalsutra from PureJewels | Shop Online<\/title>\n<meta name=\"description\" content=\"Buy Mangalsutra Online. For your Special day, we have all the ornaments that you need. We carry Mangalsutras for daily wear and occasions as well.\" \/>\n<meta name=\"robots\" content=\"index, follow, max-snippet:-1, max-image-preview:large, max-video-preview:-1\" \/>\n<link rel=\"canonical\" href=\"https:\/\/www.purejewels.com\/de\/produkt-2\/mangalsutra-aus-18-karat-weisgold-20719\/\" \/>\n<meta property=\"og:locale\" content=\"de_DE\" \/>\n<meta property=\"og:type\" content=\"article\" \/>\n<meta property=\"og:title\" content=\"18 carat Gold Mangalsutra from PureJewels | Shop Online\" \/>\n<meta property=\"og:description\" content=\"Buy Mangalsutra Online. For your Special day, we have all the ornaments that you need. We carry Mangalsutras for daily wear and occasions as well.\" \/>\n<meta property=\"og:url\" content=\"https:\/\/www.purejewels.com\/de\/produkt-2\/mangalsutra-aus-18-karat-weisgold-20719\/\" \/>\n<meta property=\"og:site_name\" content=\"PureJewels UK\" \/>\n<meta property=\"article:modified_time\" content=\"2026-01-07T10:40:45+00:00\" \/>\n<meta property=\"og:image\" content=\"https:\/\/www.purejewels.com\/wp-content\/uploads\/2022\/11\/494.jpg\" \/>\n\t<meta property=\"og:image:width\" content=\"1000\" \/>\n\t<meta property=\"og:image:height\" content=\"1000\" \/>\n\t<meta property=\"og:image:type\" content=\"image\/jpeg\" \/>\n<meta name=\"twitter:card\" content=\"summary_large_image\" \/>\n<script type=\"application\/ld+json\" class=\"yoast-schema-graph\">{\"@context\":\"https:\\\/\\\/schema.org\",\"@graph\":[{\"@type\":[\"WebPage\",\"ItemPage\"],\"@id\":\"https:\\\/\\\/www.purejewels.com\\\/product\\\/18ct-white-gold-mangalsutra-20719\\\/\",\"url\":\"https:\\\/\\\/www.purejewels.com\\\/product\\\/18ct-white-gold-mangalsutra-20719\\\/\",\"name\":\"18 carat Gold Mangalsutra from PureJewels | Shop Online\",\"isPartOf\":{\"@id\":\"https:\\\/\\\/www.purejewels.com\\\/#website\"},\"primaryImageOfPage\":{\"@id\":\"https:\\\/\\\/www.purejewels.com\\\/product\\\/18ct-white-gold-mangalsutra-20719\\\/#primaryimage\"},\"image\":{\"@id\":\"https:\\\/\\\/www.purejewels.com\\\/product\\\/18ct-white-gold-mangalsutra-20719\\\/#primaryimage\"},\"thumbnailUrl\":\"https:\\\/\\\/static.purejewels.com\\\/wp-content\\\/uploads\\\/2022\\\/11\\\/494.jpg\",\"datePublished\":\"2022-11-07T13:32:52+00:00\",\"dateModified\":\"2026-01-07T10:40:45+00:00\",\"description\":\"Buy Mangalsutra Online. For your Special day, we have all the ornaments that you need. We carry Mangalsutras for daily wear and occasions as well.\",\"breadcrumb\":{\"@id\":\"https:\\\/\\\/www.purejewels.com\\\/product\\\/18ct-white-gold-mangalsutra-20719\\\/#breadcrumb\"},\"inLanguage\":\"de\",\"potentialAction\":[{\"@type\":\"ReadAction\",\"target\":[\"https:\\\/\\\/www.purejewels.com\\\/product\\\/18ct-white-gold-mangalsutra-20719\\\/\"]}]},{\"@type\":\"ImageObject\",\"inLanguage\":\"de\",\"@id\":\"https:\\\/\\\/www.purejewels.com\\\/product\\\/18ct-white-gold-mangalsutra-20719\\\/#primaryimage\",\"url\":\"https:\\\/\\\/static.purejewels.com\\\/wp-content\\\/uploads\\\/2022\\\/11\\\/494.jpg\",\"contentUrl\":\"https:\\\/\\\/static.purejewels.com\\\/wp-content\\\/uploads\\\/2022\\\/11\\\/494.jpg\",\"width\":1000,\"height\":1000,\"caption\":\"18ct White Gold Mangalsutra\"},{\"@type\":\"BreadcrumbList\",\"@id\":\"https:\\\/\\\/www.purejewels.com\\\/product\\\/18ct-white-gold-mangalsutra-20719\\\/#breadcrumb\",\"itemListElement\":[{\"@type\":\"ListItem\",\"position\":1,\"name\":\"Home\",\"item\":\"https:\\\/\\\/www.purejewels.com\\\/\"},{\"@type\":\"ListItem\",\"position\":2,\"name\":\"Shop\",\"item\":\"https:\\\/\\\/www.purejewels.com\\\/shop\\\/\"},{\"@type\":\"ListItem\",\"position\":3,\"name\":\"18ct White Gold Mangalsutra | 18 Inches\"}]},{\"@type\":\"WebSite\",\"@id\":\"https:\\\/\\\/www.purejewels.com\\\/#website\",\"url\":\"https:\\\/\\\/www.purejewels.com\\\/\",\"name\":\"PureJewels UK\",\"description\":\"Share the Love\",\"publisher\":{\"@id\":\"https:\\\/\\\/www.purejewels.com\\\/#organization\"},\"potentialAction\":[{\"@type\":\"SearchAction\",\"target\":{\"@type\":\"EntryPoint\",\"urlTemplate\":\"https:\\\/\\\/www.purejewels.com\\\/?s={search_term_string}\"},\"query-input\":{\"@type\":\"PropertyValueSpecification\",\"valueRequired\":true,\"valueName\":\"search_term_string\"}}],\"inLanguage\":\"de\"},{\"@type\":\"Organization\",\"@id\":\"https:\\\/\\\/www.purejewels.com\\\/#organization\",\"name\":\"PureJewels UK\",\"url\":\"https:\\\/\\\/www.purejewels.com\\\/\",\"logo\":{\"@type\":\"ImageObject\",\"inLanguage\":\"de\",\"@id\":\"https:\\\/\\\/www.purejewels.com\\\/#\\\/schema\\\/logo\\\/image\\\/\",\"url\":\"https:\\\/\\\/static.purejewels.com\\\/wp-content\\\/uploads\\\/2020\\\/11\\\/Logo-PJ-New-1.png\",\"contentUrl\":\"https:\\\/\\\/static.purejewels.com\\\/wp-content\\\/uploads\\\/2020\\\/11\\\/Logo-PJ-New-1.png\",\"width\":150,\"height\":80,\"caption\":\"PureJewels UK\"},\"image\":{\"@id\":\"https:\\\/\\\/www.purejewels.com\\\/#\\\/schema\\\/logo\\\/image\\\/\"}}]}<\/script>\n<!-- \/ Yoast SEO plugin. -->","yoast_head_json":{"title":"18 Karat Gold Mangalsutra von PureJewels | Online Shop","description":"Mangalsutra online kaufen. F\u00fcr Ihren besonderen Tag, haben wir alle Ornamente, die Sie brauchen. Wir f\u00fchren Mangalsutras f\u00fcr den t\u00e4glichen Gebrauch und auch f\u00fcr andere Anl\u00e4sse.","robots":{"index":"index","follow":"follow","max-snippet":"max-snippet:-1","max-image-preview":"max-image-preview:large","max-video-preview":"max-video-preview:-1"},"canonical":"https:\/\/www.purejewels.com\/de\/produkt-2\/mangalsutra-aus-18-karat-weisgold-20719\/","og_locale":"de_DE","og_type":"article","og_title":"18 carat Gold Mangalsutra from PureJewels | Shop Online","og_description":"Buy Mangalsutra Online. For your Special day, we have all the ornaments that you need. We carry Mangalsutras for daily wear and occasions as well.","og_url":"https:\/\/www.purejewels.com\/de\/produkt-2\/mangalsutra-aus-18-karat-weisgold-20719\/","og_site_name":"PureJewels UK","article_modified_time":"2026-01-07T10:40:45+00:00","og_image":[{"width":1000,"height":1000,"url":"https:\/\/www.purejewels.com\/wp-content\/uploads\/2022\/11\/494.jpg","type":"image\/jpeg"}],"twitter_card":"summary_large_image","schema":{"@context":"https:\/\/schema.org","@graph":[{"@type":["WebPage","ItemPage"],"@id":"https:\/\/www.purejewels.com\/product\/18ct-white-gold-mangalsutra-20719\/","url":"https:\/\/www.purejewels.com\/product\/18ct-white-gold-mangalsutra-20719\/","name":"18 Karat Gold Mangalsutra von PureJewels | Online Shop","isPartOf":{"@id":"https:\/\/www.purejewels.com\/#website"},"primaryImageOfPage":{"@id":"https:\/\/www.purejewels.com\/product\/18ct-white-gold-mangalsutra-20719\/#primaryimage"},"image":{"@id":"https:\/\/www.purejewels.com\/product\/18ct-white-gold-mangalsutra-20719\/#primaryimage"},"thumbnailUrl":"https:\/\/static.purejewels.com\/wp-content\/uploads\/2022\/11\/494.jpg","datePublished":"2022-11-07T13:32:52+00:00","dateModified":"2026-01-07T10:40:45+00:00","description":"Mangalsutra online kaufen. F\u00fcr Ihren besonderen Tag, haben wir alle Ornamente, die Sie brauchen. Wir f\u00fchren Mangalsutras f\u00fcr den t\u00e4glichen Gebrauch und auch f\u00fcr andere Anl\u00e4sse.","breadcrumb":{"@id":"https:\/\/www.purejewels.com\/product\/18ct-white-gold-mangalsutra-20719\/#breadcrumb"},"inLanguage":"de","potentialAction":[{"@type":"ReadAction","target":["https:\/\/www.purejewels.com\/product\/18ct-white-gold-mangalsutra-20719\/"]}]},{"@type":"ImageObject","inLanguage":"de","@id":"https:\/\/www.purejewels.com\/product\/18ct-white-gold-mangalsutra-20719\/#primaryimage","url":"https:\/\/static.purejewels.com\/wp-content\/uploads\/2022\/11\/494.jpg","contentUrl":"https:\/\/static.purejewels.com\/wp-content\/uploads\/2022\/11\/494.jpg","width":1000,"height":1000,"caption":"18ct White Gold Mangalsutra"},{"@type":"BreadcrumbList","@id":"https:\/\/www.purejewels.com\/product\/18ct-white-gold-mangalsutra-20719\/#breadcrumb","itemListElement":[{"@type":"ListItem","position":1,"name":"Home","item":"https:\/\/www.purejewels.com\/"},{"@type":"ListItem","position":2,"name":"Shop","item":"https:\/\/www.purejewels.com\/shop\/"},{"@type":"ListItem","position":3,"name":"18ct White Gold Mangalsutra | 18 Inches"}]},{"@type":"WebSite","@id":"https:\/\/www.purejewels.com\/#website","url":"https:\/\/www.purejewels.com\/","name":"PureJewels UK","description":"Teile die Liebe","publisher":{"@id":"https:\/\/www.purejewels.com\/#organization"},"potentialAction":[{"@type":"SearchAction","target":{"@type":"EntryPoint","urlTemplate":"https:\/\/www.purejewels.com\/?s={search_term_string}"},"query-input":{"@type":"PropertyValueSpecification","valueRequired":true,"valueName":"search_term_string"}}],"inLanguage":"de"},{"@type":"Organization","@id":"https:\/\/www.purejewels.com\/#organization","name":"PureJewels UK","url":"https:\/\/www.purejewels.com\/","logo":{"@type":"ImageObject","inLanguage":"de","@id":"https:\/\/www.purejewels.com\/#\/schema\/logo\/image\/","url":"https:\/\/static.purejewels.com\/wp-content\/uploads\/2020\/11\/Logo-PJ-New-1.png","contentUrl":"https:\/\/static.purejewels.com\/wp-content\/uploads\/2020\/11\/Logo-PJ-New-1.png","width":150,"height":80,"caption":"PureJewels UK"},"image":{"@id":"https:\/\/www.purejewels.com\/#\/schema\/logo\/image\/"}}]}},"_links":{"self":[{"href":"https:\/\/www.purejewels.com\/de\/wp-json\/wp\/v2\/product\/341616","targetHints":{"allow":["GET"]}}],"collection":[{"href":"https:\/\/www.purejewels.com\/de\/wp-json\/wp\/v2\/product"}],"about":[{"href":"https:\/\/www.purejewels.com\/de\/wp-json\/wp\/v2\/types\/product"}],"replies":[{"embeddable":true,"href":"https:\/\/www.purejewels.com\/de\/wp-json\/wp\/v2\/comments?post=341616"}],"version-history":[{"count":2,"href":"https:\/\/www.purejewels.com\/de\/wp-json\/wp\/v2\/product\/341616\/revisions"}],"predecessor-version":[{"id":392648,"href":"https:\/\/www.purejewels.com\/de\/wp-json\/wp\/v2\/product\/341616\/revisions\/392648"}],"wp:featuredmedia":[{"embeddable":true,"href":"https:\/\/www.purejewels.com\/de\/wp-json\/wp\/v2\/media\/353186"}],"wp:attachment":[{"href":"https:\/\/www.purejewels.com\/de\/wp-json\/wp\/v2\/media?parent=341616"}],"wp:term":[{"taxonomy":"product_brand","embeddable":true,"href":"https:\/\/www.purejewels.com\/de\/wp-json\/wp\/v2\/product_brand?post=341616"},{"taxonomy":"product_cat","embeddable":true,"href":"https:\/\/www.purejewels.com\/de\/wp-json\/wp\/v2\/product_cat?post=341616"},{"taxonomy":"product_tag","embeddable":true,"href":"https:\/\/www.purejewels.com\/de\/wp-json\/wp\/v2\/product_tag?post=341616"}],"curies":[{"name":"wp","href":"https:\/\/api.w.org\/{rel}","templated":true}]}}