{"id":341619,"date":"2022-04-07T13:39:39","date_gmt":"2022-04-07T12:39:39","guid":{"rendered":"https:\/\/www.purejewels.com\/?post_type=product&#038;p=341619"},"modified":"2025-06-16T08:17:43","modified_gmt":"2025-06-16T07:17:43","slug":"shiv-anhanger-aus-18-karat-gelbgold-24183","status":"publish","type":"product","link":"https:\/\/www.purejewels.com\/de\/product\/18ct-yellow-gold-shiv-pendant-24183\/","title":{"rendered":"Shiv-Anh\u00e4nger aus 18 Karat Gelbgold"},"content":{"rendered":"<ul>\n<li>SKU. 24183<\/li>\n<li><b>Bereich ID. <\/b>YDPN196<\/li>\n<\/ul>\n<p>Der Shiv-Anh\u00e4nger besticht durch sein elegantes Design mit einem auff\u00e4lligen Kontrast: eine schwarze Rhodiumbeschichtung, die zart \u00fcber die <a href=\"https:\/\/www.purejewels.com\/de\/product\/18ct-white-gold-khanda-sikh-religious-pendant-6226\/\">18ct<\/a> Gold, akzentuiert durch den Glanz nat\u00fcrlicher Diamanten, alles ohne einen einzigen Stein.<\/p>","protected":false},"excerpt":{"rendered":"<table class=\"sh_desc\">\n<tbody>\n<tr>\n<td>Typ des Anh\u00e4ngers<\/td>\n<td>Religi\u00f6ser Anh\u00e4nger<\/td>\n<\/tr>\n<tr>\n<td>SKU<\/td>\n<td>24183<\/td>\n<\/tr>\n<tr>\n<td>Diamant WT.<\/td>\n<td>0,12CT<\/td>\n<\/tr>\n<tr>\n<td>Wahrzeichen<\/td>\n<td>18ct Gold gestempelt von London Assay Office<\/td>\n<\/tr>\n<tr>\n<td>Entgelte<\/td>\n<td>Lieferung und Mehrwertsteuer inbegriffen<\/td>\n<\/tr>\n<tr>\n<td>Verpackung<\/td>\n<td>Mit Pr\u00e4sentationsbox<\/td>\n<\/tr>\n<tr>\n<td>Mehr Informationen<\/td>\n<td>\n<ul>\n<li>Alle Alphabete sind im Laden erh\u00e4ltlich<\/li>\n<li>Kette ist nicht enthalten<\/li>\n<li>Erkunden Sie unser<strong>\u00a0Kette<\/strong>\u00a0Sammlung<\/li>\n<li>Live-Chat mit uns f\u00fcr Verf\u00fcgbarkeit und mehr Bilder<\/li>\n<li>Sehen Sie sich unsere Sammlung von\u00a0<strong>Anh\u00e4nger f\u00fcr M\u00e4nner<\/strong><\/li>\n<\/ul>\n<\/td>\n<\/tr>\n<\/tbody>\n<\/table>","protected":false},"featured_media":349980,"comment_status":"closed","ping_status":"closed","template":"","meta":{"_eb_attr":"","_crsspst_to_jayantr4sg-hostcom":false},"product_brand":[],"product_cat":[5679,5951],"product_tag":[],"class_list":{"0":"post-341619","1":"product","2":"type-product","3":"status-publish","4":"has-post-thumbnail","6":"product_cat-18ct-gold-jewellery","7":"product_cat-18ct-gold-pendant","9":"first","10":"onbackorder","11":"taxable","12":"shipping-taxable","13":"purchasable","14":"product-type-simple","15":"add-to-wishlist-before_image"},"yoast_head":"<!-- This site is optimized with the Yoast SEO plugin v27.3 - https:\/\/yoast.com\/product\/yoast-seo-wordpress\/ -->\n<title>18ct Yellow Gold Shiv Pendant Unisex | PureJewels UK<\/title>\n<meta name=\"description\" content=\"Own a symbol of divinity with our 18ct Yellow Gold Shiv Pendant. Unisex design, available at PureJewels. Embrace spirituality today.\" \/>\n<meta name=\"robots\" content=\"index, follow, max-snippet:-1, max-image-preview:large, max-video-preview:-1\" \/>\n<link rel=\"canonical\" href=\"https:\/\/www.purejewels.com\/de\/produkt-2\/shiv-anhanger-aus-18-karat-gelbgold-24183\/\" \/>\n<meta property=\"og:locale\" content=\"de_DE\" \/>\n<meta property=\"og:type\" content=\"article\" \/>\n<meta property=\"og:title\" content=\"18ct Yellow Gold Shiv Pendant Unisex | PureJewels UK\" \/>\n<meta property=\"og:description\" content=\"Own a symbol of divinity with our 18ct Yellow Gold Shiv Pendant. Unisex design, available at PureJewels. Embrace spirituality today.\" \/>\n<meta property=\"og:url\" content=\"https:\/\/www.purejewels.com\/de\/produkt-2\/shiv-anhanger-aus-18-karat-gelbgold-24183\/\" \/>\n<meta property=\"og:site_name\" content=\"PureJewels UK\" \/>\n<meta property=\"article:modified_time\" content=\"2025-06-16T07:17:43+00:00\" \/>\n<meta property=\"og:image\" content=\"https:\/\/www.purejewels.com\/wp-content\/uploads\/2022\/04\/SKU-24183-scaled.jpg\" \/>\n\t<meta property=\"og:image:width\" content=\"2560\" \/>\n\t<meta property=\"og:image:height\" content=\"2560\" \/>\n\t<meta property=\"og:image:type\" content=\"image\/jpeg\" \/>\n<meta name=\"twitter:card\" content=\"summary_large_image\" \/>\n<meta name=\"twitter:label1\" content=\"Gesch\u00e4tzte Lesezeit\" \/>\n\t<meta name=\"twitter:data1\" content=\"1\u00a0Minute\" \/>\n<script type=\"application\/ld+json\" class=\"yoast-schema-graph\">{\"@context\":\"https:\\\/\\\/schema.org\",\"@graph\":[{\"@type\":[\"WebPage\",\"ItemPage\"],\"@id\":\"https:\\\/\\\/www.purejewels.com\\\/product\\\/18ct-yellow-gold-shiv-pendant-24183\\\/\",\"url\":\"https:\\\/\\\/www.purejewels.com\\\/product\\\/18ct-yellow-gold-shiv-pendant-24183\\\/\",\"name\":\"18ct Yellow Gold Shiv Pendant Unisex | PureJewels UK\",\"isPartOf\":{\"@id\":\"https:\\\/\\\/www.purejewels.com\\\/#website\"},\"primaryImageOfPage\":{\"@id\":\"https:\\\/\\\/www.purejewels.com\\\/product\\\/18ct-yellow-gold-shiv-pendant-24183\\\/#primaryimage\"},\"image\":{\"@id\":\"https:\\\/\\\/www.purejewels.com\\\/product\\\/18ct-yellow-gold-shiv-pendant-24183\\\/#primaryimage\"},\"thumbnailUrl\":\"https:\\\/\\\/static.purejewels.com\\\/wp-content\\\/uploads\\\/2022\\\/04\\\/SKU-24183-scaled.jpg\",\"datePublished\":\"2022-04-07T12:39:39+00:00\",\"dateModified\":\"2025-06-16T07:17:43+00:00\",\"description\":\"Own a symbol of divinity with our 18ct Yellow Gold Shiv Pendant. Unisex design, available at PureJewels. Embrace spirituality today.\",\"breadcrumb\":{\"@id\":\"https:\\\/\\\/www.purejewels.com\\\/product\\\/18ct-yellow-gold-shiv-pendant-24183\\\/#breadcrumb\"},\"inLanguage\":\"de\",\"potentialAction\":[{\"@type\":\"ReadAction\",\"target\":[\"https:\\\/\\\/www.purejewels.com\\\/product\\\/18ct-yellow-gold-shiv-pendant-24183\\\/\"]}]},{\"@type\":\"ImageObject\",\"inLanguage\":\"de\",\"@id\":\"https:\\\/\\\/www.purejewels.com\\\/product\\\/18ct-yellow-gold-shiv-pendant-24183\\\/#primaryimage\",\"url\":\"https:\\\/\\\/static.purejewels.com\\\/wp-content\\\/uploads\\\/2022\\\/04\\\/SKU-24183-scaled.jpg\",\"contentUrl\":\"https:\\\/\\\/static.purejewels.com\\\/wp-content\\\/uploads\\\/2022\\\/04\\\/SKU-24183-scaled.jpg\",\"width\":2560,\"height\":2560,\"caption\":\"18ct Yellow Gold Shiv Pendant\"},{\"@type\":\"BreadcrumbList\",\"@id\":\"https:\\\/\\\/www.purejewels.com\\\/product\\\/18ct-yellow-gold-shiv-pendant-24183\\\/#breadcrumb\",\"itemListElement\":[{\"@type\":\"ListItem\",\"position\":1,\"name\":\"Home\",\"item\":\"https:\\\/\\\/www.purejewels.com\\\/\"},{\"@type\":\"ListItem\",\"position\":2,\"name\":\"Shop\",\"item\":\"https:\\\/\\\/www.purejewels.com\\\/shop\\\/\"},{\"@type\":\"ListItem\",\"position\":3,\"name\":\"18ct Yellow Gold Shiv Pendant\"}]},{\"@type\":\"WebSite\",\"@id\":\"https:\\\/\\\/www.purejewels.com\\\/#website\",\"url\":\"https:\\\/\\\/www.purejewels.com\\\/\",\"name\":\"PureJewels UK\",\"description\":\"Share the Love\",\"publisher\":{\"@id\":\"https:\\\/\\\/www.purejewels.com\\\/#organization\"},\"potentialAction\":[{\"@type\":\"SearchAction\",\"target\":{\"@type\":\"EntryPoint\",\"urlTemplate\":\"https:\\\/\\\/www.purejewels.com\\\/?s={search_term_string}\"},\"query-input\":{\"@type\":\"PropertyValueSpecification\",\"valueRequired\":true,\"valueName\":\"search_term_string\"}}],\"inLanguage\":\"de\"},{\"@type\":\"Organization\",\"@id\":\"https:\\\/\\\/www.purejewels.com\\\/#organization\",\"name\":\"PureJewels UK\",\"url\":\"https:\\\/\\\/www.purejewels.com\\\/\",\"logo\":{\"@type\":\"ImageObject\",\"inLanguage\":\"de\",\"@id\":\"https:\\\/\\\/www.purejewels.com\\\/#\\\/schema\\\/logo\\\/image\\\/\",\"url\":\"https:\\\/\\\/static.purejewels.com\\\/wp-content\\\/uploads\\\/2020\\\/11\\\/Logo-PJ-New-1.png\",\"contentUrl\":\"https:\\\/\\\/static.purejewels.com\\\/wp-content\\\/uploads\\\/2020\\\/11\\\/Logo-PJ-New-1.png\",\"width\":150,\"height\":80,\"caption\":\"PureJewels UK\"},\"image\":{\"@id\":\"https:\\\/\\\/www.purejewels.com\\\/#\\\/schema\\\/logo\\\/image\\\/\"}}]}<\/script>\n<!-- \/ Yoast SEO plugin. -->","yoast_head_json":{"title":"18ct Gelbgold Shiv Anh\u00e4nger Unisex | PureJewels UK","description":"Besitzen Sie ein Symbol der G\u00f6ttlichkeit mit unserem Shiv-Anh\u00e4nger aus 18 Karat Gelbgold. Unisex-Design, erh\u00e4ltlich bei PureJewels. Umarmen Sie die Spiritualit\u00e4t heute.","robots":{"index":"index","follow":"follow","max-snippet":"max-snippet:-1","max-image-preview":"max-image-preview:large","max-video-preview":"max-video-preview:-1"},"canonical":"https:\/\/www.purejewels.com\/de\/produkt-2\/shiv-anhanger-aus-18-karat-gelbgold-24183\/","og_locale":"de_DE","og_type":"article","og_title":"18ct Yellow Gold Shiv Pendant Unisex | PureJewels UK","og_description":"Own a symbol of divinity with our 18ct Yellow Gold Shiv Pendant. Unisex design, available at PureJewels. Embrace spirituality today.","og_url":"https:\/\/www.purejewels.com\/de\/produkt-2\/shiv-anhanger-aus-18-karat-gelbgold-24183\/","og_site_name":"PureJewels UK","article_modified_time":"2025-06-16T07:17:43+00:00","og_image":[{"width":2560,"height":2560,"url":"https:\/\/www.purejewels.com\/wp-content\/uploads\/2022\/04\/SKU-24183-scaled.jpg","type":"image\/jpeg"}],"twitter_card":"summary_large_image","twitter_misc":{"Gesch\u00e4tzte Lesezeit":"1\u00a0Minute"},"schema":{"@context":"https:\/\/schema.org","@graph":[{"@type":["WebPage","ItemPage"],"@id":"https:\/\/www.purejewels.com\/product\/18ct-yellow-gold-shiv-pendant-24183\/","url":"https:\/\/www.purejewels.com\/product\/18ct-yellow-gold-shiv-pendant-24183\/","name":"18ct Gelbgold Shiv Anh\u00e4nger Unisex | PureJewels UK","isPartOf":{"@id":"https:\/\/www.purejewels.com\/#website"},"primaryImageOfPage":{"@id":"https:\/\/www.purejewels.com\/product\/18ct-yellow-gold-shiv-pendant-24183\/#primaryimage"},"image":{"@id":"https:\/\/www.purejewels.com\/product\/18ct-yellow-gold-shiv-pendant-24183\/#primaryimage"},"thumbnailUrl":"https:\/\/static.purejewels.com\/wp-content\/uploads\/2022\/04\/SKU-24183-scaled.jpg","datePublished":"2022-04-07T12:39:39+00:00","dateModified":"2025-06-16T07:17:43+00:00","description":"Besitzen Sie ein Symbol der G\u00f6ttlichkeit mit unserem Shiv-Anh\u00e4nger aus 18 Karat Gelbgold. Unisex-Design, erh\u00e4ltlich bei PureJewels. Umarmen Sie die Spiritualit\u00e4t heute.","breadcrumb":{"@id":"https:\/\/www.purejewels.com\/product\/18ct-yellow-gold-shiv-pendant-24183\/#breadcrumb"},"inLanguage":"de","potentialAction":[{"@type":"ReadAction","target":["https:\/\/www.purejewels.com\/product\/18ct-yellow-gold-shiv-pendant-24183\/"]}]},{"@type":"ImageObject","inLanguage":"de","@id":"https:\/\/www.purejewels.com\/product\/18ct-yellow-gold-shiv-pendant-24183\/#primaryimage","url":"https:\/\/static.purejewels.com\/wp-content\/uploads\/2022\/04\/SKU-24183-scaled.jpg","contentUrl":"https:\/\/static.purejewels.com\/wp-content\/uploads\/2022\/04\/SKU-24183-scaled.jpg","width":2560,"height":2560,"caption":"18ct Yellow Gold Shiv Pendant"},{"@type":"BreadcrumbList","@id":"https:\/\/www.purejewels.com\/product\/18ct-yellow-gold-shiv-pendant-24183\/#breadcrumb","itemListElement":[{"@type":"ListItem","position":1,"name":"Home","item":"https:\/\/www.purejewels.com\/"},{"@type":"ListItem","position":2,"name":"Shop","item":"https:\/\/www.purejewels.com\/shop\/"},{"@type":"ListItem","position":3,"name":"18ct Yellow Gold Shiv Pendant"}]},{"@type":"WebSite","@id":"https:\/\/www.purejewels.com\/#website","url":"https:\/\/www.purejewels.com\/","name":"PureJewels UK","description":"Teile die Liebe","publisher":{"@id":"https:\/\/www.purejewels.com\/#organization"},"potentialAction":[{"@type":"SearchAction","target":{"@type":"EntryPoint","urlTemplate":"https:\/\/www.purejewels.com\/?s={search_term_string}"},"query-input":{"@type":"PropertyValueSpecification","valueRequired":true,"valueName":"search_term_string"}}],"inLanguage":"de"},{"@type":"Organization","@id":"https:\/\/www.purejewels.com\/#organization","name":"PureJewels UK","url":"https:\/\/www.purejewels.com\/","logo":{"@type":"ImageObject","inLanguage":"de","@id":"https:\/\/www.purejewels.com\/#\/schema\/logo\/image\/","url":"https:\/\/static.purejewels.com\/wp-content\/uploads\/2020\/11\/Logo-PJ-New-1.png","contentUrl":"https:\/\/static.purejewels.com\/wp-content\/uploads\/2020\/11\/Logo-PJ-New-1.png","width":150,"height":80,"caption":"PureJewels UK"},"image":{"@id":"https:\/\/www.purejewels.com\/#\/schema\/logo\/image\/"}}]}},"_links":{"self":[{"href":"https:\/\/www.purejewels.com\/de\/wp-json\/wp\/v2\/product\/341619","targetHints":{"allow":["GET"]}}],"collection":[{"href":"https:\/\/www.purejewels.com\/de\/wp-json\/wp\/v2\/product"}],"about":[{"href":"https:\/\/www.purejewels.com\/de\/wp-json\/wp\/v2\/types\/product"}],"replies":[{"embeddable":true,"href":"https:\/\/www.purejewels.com\/de\/wp-json\/wp\/v2\/comments?post=341619"}],"version-history":[{"count":3,"href":"https:\/\/www.purejewels.com\/de\/wp-json\/wp\/v2\/product\/341619\/revisions"}],"predecessor-version":[{"id":391424,"href":"https:\/\/www.purejewels.com\/de\/wp-json\/wp\/v2\/product\/341619\/revisions\/391424"}],"wp:featuredmedia":[{"embeddable":true,"href":"https:\/\/www.purejewels.com\/de\/wp-json\/wp\/v2\/media\/349980"}],"wp:attachment":[{"href":"https:\/\/www.purejewels.com\/de\/wp-json\/wp\/v2\/media?parent=341619"}],"wp:term":[{"taxonomy":"product_brand","embeddable":true,"href":"https:\/\/www.purejewels.com\/de\/wp-json\/wp\/v2\/product_brand?post=341619"},{"taxonomy":"product_cat","embeddable":true,"href":"https:\/\/www.purejewels.com\/de\/wp-json\/wp\/v2\/product_cat?post=341619"},{"taxonomy":"product_tag","embeddable":true,"href":"https:\/\/www.purejewels.com\/de\/wp-json\/wp\/v2\/product_tag?post=341619"}],"curies":[{"name":"wp","href":"https:\/\/api.w.org\/{rel}","templated":true}]}}